{"id":688,"date":"2016-03-11T22:27:03","date_gmt":"2016-03-11T22:27:03","guid":{"rendered":"http:\/\/culturaneuroactiva.com\/site\/?page_id=688"},"modified":"2020-07-14T06:21:01","modified_gmt":"2020-07-14T06:21:01","slug":"manual-de-economias-alternativas","status":"publish","type":"page","link":"https:\/\/culturaneuroactiva.com\/site\/manual-de-economias-alternativas\/","title":{"rendered":"Manual de Econom\u00edas Alternativas"},"content":{"rendered":"<p lang=\"es-ES\" align=\"justify\"><span style=\"font-family: Times New Roman,serif; color: #000000;\"><span style=\"font-size: medium;\"><span style=\"font-family: Arial,sans-serif;\"><span style=\"font-size: x-large;\"><span lang=\"es-CO\"><b>Diez Pasos para Soltar el Trabajo y Salir al Mundo con un Proyecto del Nuevo Paradigma<\/b><\/span><\/span><\/span><\/span><\/span><\/p>\n<p><a href=\"http:\/\/culturaneuroactiva.com\/site\/wp-content\/uploads\/2016\/01\/Graticultura-4.jpg\"><img loading=\"lazy\" decoding=\"async\" class=\" wp-image-1272 aligncenter\" src=\"http:\/\/culturaneuroactiva.com\/site\/wp-content\/uploads\/2016\/01\/Graticultura-4-300x204.jpg\" alt=\"\" width=\"476\" height=\"324\" srcset=\"https:\/\/culturaneuroactiva.com\/site\/wp-content\/uploads\/2016\/01\/Graticultura-4-300x204.jpg 300w, https:\/\/culturaneuroactiva.com\/site\/wp-content\/uploads\/2016\/01\/Graticultura-4.jpg 860w\" sizes=\"auto, (max-width: 476px) 100vw, 476px\" \/><\/a><\/p>\n<p style=\"text-align: justify;\"><span style=\"font-family: Times New Roman,serif; color: #008091;\"><span style=\"font-size: medium;\"><span style=\"font-family: Arial,sans-serif;\"><span style=\"font-size: large;\"><span lang=\"es-CO\">Hacer el salto de dejar de trabajar en lo conocido y tradicional, para empezar a trabajar en un proyecto de coraz\u00f3n, es algo arriesgado y peligroso que a muy pocos les va bien a los primeros intentos, y el riesgo est\u00e1 precisamente en que los proyectos del nuevo paradigma son mucho m\u00e1s dif\u00edcil de vender que los proyectos del viejo paradigma, por eso casi todas las personas prefieren la seguridad econ\u00f3mica que ofrecen los trabajos en empresas conocidas, que aguantar hambre por arriesgarse a conseguir los sue\u00f1os.<\/span><\/span><\/span><\/span><\/span><\/p>\n<p lang=\"es-ES\" align=\"justify\"><span style=\"font-family: Times New Roman,serif; color: #000000;\"><span style=\"font-size: medium;\"><span style=\"font-family: Arial,sans-serif;\"><span style=\"font-size: large;\"><span lang=\"es-CO\">Para todas las personas cansadas de sobrevivir y de ser explotadas por una empresa, estos tutoriales sobre los modos de trabajo del nuevo paradigma, ense\u00f1an la forma de empoderarse de sus habilidades y aptitudes, para vivir sin ser esclavo del dinero, de una forma en donde se fusione el servicio con amor y hacer realidad los sue\u00f1os.<\/span><\/span><\/span><\/span><\/span><\/p>\n<p lang=\"es-ES\" align=\"justify\"><span style=\"font-family: Times New Roman,serif; color: #000000;\"><span style=\"font-size: medium;\"><span style=\"font-family: Arial,sans-serif;\"><span style=\"font-size: large;\"><span lang=\"es-CO\">El arte de salir al mundo para una persona neuroactiva, que quiera sacar sus talentos y construir un flujo econ\u00f3mico que le permita independizarse del sistema de trabajo tradicional, se parece mucho al arte de prender fuego con dos palitos hasta hacer una fogata, s\u00f3lo que en este caso los le\u00f1os equivalen a personas, y las pajitas o la yesca equivale al nicho en donde corresponde encender el fuego. Esta es la esencia del tema, pero el proceso completo que tiene que vivir una persona neuroactiva, para soltarse del sistema laboral del viejo paradigma y hacer el empalme con un trabajo del nuevo paradigma, tiene diez pasos o etapas:<\/span><\/span><\/span><\/span><\/span><\/p>\n<ol>\n<li>\n<h6><span style=\"color: #000000;\"><strong>Hast\u00edo.<\/strong>Lo primero en este proceso de cambio en los modos de trabajo, es estar a punto del colapso por tanto estr\u00e9s, acelere, presiones y obligaciones, lo cual genera las condiciones precisas para que la persona saque su instinto y se arme de valor, para poder afrontar los mayores temores y superar la prueba que implica soltar lo conocido y adentrarse en lo desconocido.<\/span><\/h6>\n<\/li>\n<li>\n<h6><span style=\"color: #000000;\"><strong>Identidad.<\/strong> Puede ser que la persona ya est\u00e9 en nivel de maestr\u00eda con respecto al manejo de su oficio, pero si a\u00fan no sabe qui\u00e9n es ni a qu\u00e9 vino al mundo, lo primero para hacer es definir la identidad, la cual corresponde a su naturaleza interna, al camino con coraz\u00f3n o a la predilecci\u00f3n \u00edntima. Para ubicarla hay que buscar las cosas que m\u00e1s le gusten a uno en la vida, y a lo que se dedique m\u00e1s tiempo, dinero y energ\u00eda.<\/span><\/h6>\n<\/li>\n<li>\n<h6><span style=\"color: #000000;\"><strong>Prop\u00f3sito.<\/strong> Corresponde a la causa externa que da identidad y sentido a la vida, se ubica en aquellos aspectos para los que los dem\u00e1s lo buscan m\u00e1s a uno.<\/span><\/h6>\n<\/li>\n<li>\n<h6><span style=\"color: #000000;\"><strong>Aprendizaje.<\/strong> Luego de definir el tema de la identidad debe de buscar la escuela que le ense\u00f1e a manejar el oficio, pero para quienes no la encuentren tienen la alternativa de meterse en los nichos y de aprender a partir de la misma practica (pasar por la experiencia), de esta manera es el proceso de aprendizaje para llegar a la maestr\u00eda.<\/span><\/h6>\n<\/li>\n<li>\n<h6><span style=\"color: #000000;\"><strong>Dise\u00f1ar el Producto o Servicio.\u00a0<\/strong>Luego de pasar por la preparaci\u00f3n y manejar el oficio con maestr\u00eda, en ese punto de madurez ya se est\u00e1 listo para servir, por lo tanto se tiene que hacer el empalme con el mundo, para lo cual hay que estudiar los est\u00e1ndares por los que se rige ese medio espec\u00edfico, y a partir de ah\u00ed dise\u00f1ar las formas para ofrecer el propio oficio con calidad, pero ya materializado en un producto o servicio que sea efectivo y tenga buena presentaci\u00f3n, con el objetivo de que tenga \u00e9xito y se sostenga en el tiempo. Estas formas que se deben dise\u00f1ar antes de salir al mundo, corresponden a los implementos necesarios con los que se debe equipar la empresa, que son los siguientes: Logotipo, tarjeta, portafolio de servicios, local, insumos, uniforme, producci\u00f3n.<\/span><\/h6>\n<\/li>\n<li>\n<h6><span style=\"color: #000000;\"><strong>Estudio de Mercadeo.\u00a0<\/strong>Ubicar los nichos para ir a ofrecer el producto o servicio, y poder sembrar en tierra f\u00e9rtil.<\/span><\/h6>\n<\/li>\n<li>\n<h6><span style=\"color: #000000;\"><strong>Plan de Promoci\u00f3n y Difusi\u00f3n.\u00a0<\/strong>La promoci\u00f3n se hace trabajando gratis, y ofreciendo talleres gratuitos en los nichos de ese oficio. La persona debe de conocer ese nicho hasta formar parte de \u00e9ste y moverse all\u00ed como pez en el agua. Visibilizarlo ante el mundo por la v\u00eda de la autogesti\u00f3n a trav\u00e9s de las redes sociales.<\/span><\/h6>\n<\/li>\n<li>\n<h6><span style=\"color: #000000;\"><strong>Aprender las Econom\u00edas Alternas.\u00a0<\/strong>A las personas neuroactivas de la cultura emergente, les deja de funcionar los modos de trabajo del viejo paradigma basados en el buscar c\u00f3mo vender cada vez m\u00e1s, ya que seg\u00fan su naturaleza y su nivel de vibraci\u00f3n, les corresponde manejar los modos de trabajo del nuevo paradigma, que se rigen m\u00e1s por el trueque, por el gusto de ejercer el oficio, por la alegr\u00eda de saber que se est\u00e1 haciendo un bien, por el inter\u00e9s sincero en el otro, y por la responsabilidad de entregar al mundo los talentos de manera impecable, haciendo el servicio de f\u00e1cil acceso a todos los p\u00fablicos. El criterio para trabajar gratis es triple: Hacerlo cuando se est\u00e9 desempleado y se necesite dinero, hacerlo cuando llegue alguien que necesite realmente el servicio y que no tenga dinero, y hacerlo por salud psicol\u00f3gica y existencial poni\u00e9ndose la disciplina de practicarlo cada determinado tiempo (Ej: cada mes, cada seis meses). Cuando se trabaja de esta forma, la persona sale al mundo y se pone en movimiento con la actitud adecuada, y el dinero empieza a fluir de manera no forzada.<\/span><\/h6>\n<\/li>\n<li>\n<h6><span style=\"color: #000000;\"><strong>Plan de Comercializaci\u00f3n.\u00a0<\/strong>Ubicar en los nichos del producto o servicio, a las personas o empresas a quienes m\u00e1s les pueda interesar, con el objetivo de promocionarlo y venderlo.<\/span><\/h6>\n<\/li>\n<li>\n<h6><span style=\"color: #000000;\"><strong>Obst\u00e1culos Arquet\u00edpicos y Manera de Superarlos.<\/strong> Que la persona se desmoralice ante las muchas negaciones por las que puede pasar. La soluci\u00f3n para esto es entender la situaci\u00f3n claramente y que el proceso el muy largo, armarse de mucha fuerza y ser muy perseverante. 2. Ser muy impaciente y desesperado. La soluci\u00f3n para esto es tener mucha paciencia, humildad y aceptaci\u00f3n, aprender el arte de vivir d\u00eda a d\u00eda dando lo mejor de s\u00ed a cada instante, y aprender a disfrutar del camino sin estar tan pendiente de llegar a la meta. 3. No tener ninguna gu\u00eda o punto de referencia para saber qu\u00e9 hacer o c\u00f3mo superar las pruebas del proceso. La soluci\u00f3n para esto es salir de la zona de confort y empezar a investigar por cuenta propia, averiguar con otras personas que conozcan del tema, asesorarse de un profesional, y hacer la petici\u00f3n clara a la vida en un ritual de misticismo personal.<\/span><\/h6>\n<\/li>\n<\/ol>\n<h6><span style=\"color: #000000;\">Autor: Juan David Silva Aguirre<\/span><\/h6>\n<h6><span style=\"color: #000000;\">Cultura Neuroactiva<\/span><\/h6>\n<p><a href=\"http:\/\/culturaneuroactiva.com\/site\/wp-content\/uploads\/2016\/03\/creative-comons.png\"><img loading=\"lazy\" decoding=\"async\" class=\"alignnone wp-image-637\" src=\"http:\/\/culturaneuroactiva.com\/site\/wp-content\/uploads\/2016\/03\/creative-comons-300x105.png\" alt=\"creative comons\" width=\"89\" height=\"31\" srcset=\"https:\/\/culturaneuroactiva.com\/site\/wp-content\/uploads\/2016\/03\/creative-comons-300x105.png 300w, https:\/\/culturaneuroactiva.com\/site\/wp-content\/uploads\/2016\/03\/creative-comons-392x141.png 392w, https:\/\/culturaneuroactiva.com\/site\/wp-content\/uploads\/2016\/03\/creative-comons-390x141.png 390w, https:\/\/culturaneuroactiva.com\/site\/wp-content\/uploads\/2016\/03\/creative-comons.png 403w\" sizes=\"auto, (max-width: 89px) 100vw, 89px\" \/><\/a><\/p>\n","protected":false},"excerpt":{"rendered":"<p>Diez Pasos para Soltar el Trabajo y Salir al Mundo con un Proyecto del Nuevo Paradigma Hacer el salto de<\/p>\n","protected":false},"author":1,"featured_media":0,"parent":0,"menu_order":0,"comment_status":"closed","ping_status":"closed","template":"","meta":{"colormag_page_layout":"no_sidebar_content_centered","footnotes":""},"class_list":["post-688","page","type-page","status-publish","hentry"],"yoast_head":"<!-- This site is optimized with the Yoast SEO plugin v25.6 - https:\/\/yoast.com\/wordpress\/plugins\/seo\/ -->\n<title>Manual de Econom\u00edas Alternativas - Cultura Neuroactiva<\/title>\n<meta name=\"robots\" content=\"index, follow, max-snippet:-1, max-image-preview:large, max-video-preview:-1\" \/>\n<link rel=\"canonical\" href=\"https:\/\/culturaneuroactiva.com\/site\/manual-de-economias-alternativas\/\" \/>\n<meta property=\"og:locale\" content=\"es_ES\" \/>\n<meta property=\"og:type\" content=\"article\" \/>\n<meta property=\"og:title\" content=\"Manual de Econom\u00edas Alternativas - Cultura Neuroactiva\" \/>\n<meta property=\"og:description\" content=\"Diez Pasos para Soltar el Trabajo y Salir al Mundo con un Proyecto del Nuevo Paradigma Hacer el salto de\" \/>\n<meta property=\"og:url\" content=\"https:\/\/culturaneuroactiva.com\/site\/manual-de-economias-alternativas\/\" \/>\n<meta property=\"og:site_name\" content=\"Cultura Neuroactiva\" \/>\n<meta property=\"article:publisher\" content=\"https:\/\/www.facebook.com\/cultura.neuroactiva\" \/>\n<meta property=\"article:modified_time\" content=\"2020-07-14T06:21:01+00:00\" \/>\n<meta property=\"og:image\" content=\"http:\/\/culturaneuroactiva.com\/site\/wp-content\/uploads\/2016\/01\/Graticultura-4-300x204.jpg\" \/>\n<meta name=\"twitter:card\" content=\"summary_large_image\" \/>\n<meta name=\"twitter:label1\" content=\"Tiempo de lectura\" \/>\n\t<meta name=\"twitter:data1\" content=\"6 minutos\" \/>\n<script type=\"application\/ld+json\" class=\"yoast-schema-graph\">{\"@context\":\"https:\/\/schema.org\",\"@graph\":[{\"@type\":\"WebPage\",\"@id\":\"https:\/\/culturaneuroactiva.com\/site\/manual-de-economias-alternativas\/\",\"url\":\"https:\/\/culturaneuroactiva.com\/site\/manual-de-economias-alternativas\/\",\"name\":\"Manual de Econom\u00edas Alternativas - Cultura Neuroactiva\",\"isPartOf\":{\"@id\":\"https:\/\/culturaneuroactiva.com\/site\/#website\"},\"primaryImageOfPage\":{\"@id\":\"https:\/\/culturaneuroactiva.com\/site\/manual-de-economias-alternativas\/#primaryimage\"},\"image\":{\"@id\":\"https:\/\/culturaneuroactiva.com\/site\/manual-de-economias-alternativas\/#primaryimage\"},\"thumbnailUrl\":\"http:\/\/culturaneuroactiva.com\/site\/wp-content\/uploads\/2016\/01\/Graticultura-4-300x204.jpg\",\"datePublished\":\"2016-03-11T22:27:03+00:00\",\"dateModified\":\"2020-07-14T06:21:01+00:00\",\"breadcrumb\":{\"@id\":\"https:\/\/culturaneuroactiva.com\/site\/manual-de-economias-alternativas\/#breadcrumb\"},\"inLanguage\":\"es\",\"potentialAction\":[{\"@type\":\"ReadAction\",\"target\":[\"https:\/\/culturaneuroactiva.com\/site\/manual-de-economias-alternativas\/\"]}]},{\"@type\":\"ImageObject\",\"inLanguage\":\"es\",\"@id\":\"https:\/\/culturaneuroactiva.com\/site\/manual-de-economias-alternativas\/#primaryimage\",\"url\":\"http:\/\/culturaneuroactiva.com\/site\/wp-content\/uploads\/2016\/01\/Graticultura-4-300x204.jpg\",\"contentUrl\":\"http:\/\/culturaneuroactiva.com\/site\/wp-content\/uploads\/2016\/01\/Graticultura-4-300x204.jpg\"},{\"@type\":\"BreadcrumbList\",\"@id\":\"https:\/\/culturaneuroactiva.com\/site\/manual-de-economias-alternativas\/#breadcrumb\",\"itemListElement\":[{\"@type\":\"ListItem\",\"position\":1,\"name\":\"Portada\",\"item\":\"https:\/\/culturaneuroactiva.com\/site\/\"},{\"@type\":\"ListItem\",\"position\":2,\"name\":\"Manual de Econom\u00edas Alternativas\"}]},{\"@type\":\"WebSite\",\"@id\":\"https:\/\/culturaneuroactiva.com\/site\/#website\",\"url\":\"https:\/\/culturaneuroactiva.com\/site\/\",\"name\":\"Cultura Neuroactiva\",\"description\":\"Gu\u00edas del Vivir Consciente\",\"potentialAction\":[{\"@type\":\"SearchAction\",\"target\":{\"@type\":\"EntryPoint\",\"urlTemplate\":\"https:\/\/culturaneuroactiva.com\/site\/?s={search_term_string}\"},\"query-input\":{\"@type\":\"PropertyValueSpecification\",\"valueRequired\":true,\"valueName\":\"search_term_string\"}}],\"inLanguage\":\"es\"}]}<\/script>\n<!-- \/ Yoast SEO plugin. -->","yoast_head_json":{"title":"Manual de Econom\u00edas Alternativas - Cultura Neuroactiva","robots":{"index":"index","follow":"follow","max-snippet":"max-snippet:-1","max-image-preview":"max-image-preview:large","max-video-preview":"max-video-preview:-1"},"canonical":"https:\/\/culturaneuroactiva.com\/site\/manual-de-economias-alternativas\/","og_locale":"es_ES","og_type":"article","og_title":"Manual de Econom\u00edas Alternativas - Cultura Neuroactiva","og_description":"Diez Pasos para Soltar el Trabajo y Salir al Mundo con un Proyecto del Nuevo Paradigma Hacer el salto de","og_url":"https:\/\/culturaneuroactiva.com\/site\/manual-de-economias-alternativas\/","og_site_name":"Cultura Neuroactiva","article_publisher":"https:\/\/www.facebook.com\/cultura.neuroactiva","article_modified_time":"2020-07-14T06:21:01+00:00","og_image":[{"url":"http:\/\/culturaneuroactiva.com\/site\/wp-content\/uploads\/2016\/01\/Graticultura-4-300x204.jpg","type":"","width":"","height":""}],"twitter_card":"summary_large_image","twitter_misc":{"Tiempo de lectura":"6 minutos"},"schema":{"@context":"https:\/\/schema.org","@graph":[{"@type":"WebPage","@id":"https:\/\/culturaneuroactiva.com\/site\/manual-de-economias-alternativas\/","url":"https:\/\/culturaneuroactiva.com\/site\/manual-de-economias-alternativas\/","name":"Manual de Econom\u00edas Alternativas - Cultura Neuroactiva","isPartOf":{"@id":"https:\/\/culturaneuroactiva.com\/site\/#website"},"primaryImageOfPage":{"@id":"https:\/\/culturaneuroactiva.com\/site\/manual-de-economias-alternativas\/#primaryimage"},"image":{"@id":"https:\/\/culturaneuroactiva.com\/site\/manual-de-economias-alternativas\/#primaryimage"},"thumbnailUrl":"http:\/\/culturaneuroactiva.com\/site\/wp-content\/uploads\/2016\/01\/Graticultura-4-300x204.jpg","datePublished":"2016-03-11T22:27:03+00:00","dateModified":"2020-07-14T06:21:01+00:00","breadcrumb":{"@id":"https:\/\/culturaneuroactiva.com\/site\/manual-de-economias-alternativas\/#breadcrumb"},"inLanguage":"es","potentialAction":[{"@type":"ReadAction","target":["https:\/\/culturaneuroactiva.com\/site\/manual-de-economias-alternativas\/"]}]},{"@type":"ImageObject","inLanguage":"es","@id":"https:\/\/culturaneuroactiva.com\/site\/manual-de-economias-alternativas\/#primaryimage","url":"http:\/\/culturaneuroactiva.com\/site\/wp-content\/uploads\/2016\/01\/Graticultura-4-300x204.jpg","contentUrl":"http:\/\/culturaneuroactiva.com\/site\/wp-content\/uploads\/2016\/01\/Graticultura-4-300x204.jpg"},{"@type":"BreadcrumbList","@id":"https:\/\/culturaneuroactiva.com\/site\/manual-de-economias-alternativas\/#breadcrumb","itemListElement":[{"@type":"ListItem","position":1,"name":"Portada","item":"https:\/\/culturaneuroactiva.com\/site\/"},{"@type":"ListItem","position":2,"name":"Manual de Econom\u00edas Alternativas"}]},{"@type":"WebSite","@id":"https:\/\/culturaneuroactiva.com\/site\/#website","url":"https:\/\/culturaneuroactiva.com\/site\/","name":"Cultura Neuroactiva","description":"Gu\u00edas del Vivir Consciente","potentialAction":[{"@type":"SearchAction","target":{"@type":"EntryPoint","urlTemplate":"https:\/\/culturaneuroactiva.com\/site\/?s={search_term_string}"},"query-input":{"@type":"PropertyValueSpecification","valueRequired":true,"valueName":"search_term_string"}}],"inLanguage":"es"}]}},"_links":{"self":[{"href":"https:\/\/culturaneuroactiva.com\/site\/wp-json\/wp\/v2\/pages\/688","targetHints":{"allow":["GET"]}}],"collection":[{"href":"https:\/\/culturaneuroactiva.com\/site\/wp-json\/wp\/v2\/pages"}],"about":[{"href":"https:\/\/culturaneuroactiva.com\/site\/wp-json\/wp\/v2\/types\/page"}],"author":[{"embeddable":true,"href":"https:\/\/culturaneuroactiva.com\/site\/wp-json\/wp\/v2\/users\/1"}],"replies":[{"embeddable":true,"href":"https:\/\/culturaneuroactiva.com\/site\/wp-json\/wp\/v2\/comments?post=688"}],"version-history":[{"count":14,"href":"https:\/\/culturaneuroactiva.com\/site\/wp-json\/wp\/v2\/pages\/688\/revisions"}],"predecessor-version":[{"id":2162,"href":"https:\/\/culturaneuroactiva.com\/site\/wp-json\/wp\/v2\/pages\/688\/revisions\/2162"}],"wp:attachment":[{"href":"https:\/\/culturaneuroactiva.com\/site\/wp-json\/wp\/v2\/media?parent=688"}],"curies":[{"name":"wp","href":"https:\/\/api.w.org\/{rel}","templated":true}]}}