{"id":458,"date":"2016-02-12T03:35:49","date_gmt":"2016-02-12T03:35:49","guid":{"rendered":"http:\/\/culturaneuroactiva.com\/site\/?page_id=458"},"modified":"2021-09-14T19:07:02","modified_gmt":"2021-09-14T19:07:02","slug":"etapa-preindigo","status":"publish","type":"page","link":"https:\/\/culturaneuroactiva.com\/site\/etapa-preindigo\/","title":{"rendered":"Etapa Pre\u00edndigo"},"content":{"rendered":"<h2><a href=\"http:\/\/culturaneuroactiva.com\/site\/wp-content\/uploads\/2016\/07\/directivos-e1474686162751.jpg\"><img loading=\"lazy\" decoding=\"async\" class=\" wp-image-1586 aligncenter\" src=\"http:\/\/culturaneuroactiva.com\/site\/wp-content\/uploads\/2016\/07\/directivos-e1474686162751-300x212.jpg\" alt=\"directivos\" width=\"445\" height=\"314\" srcset=\"https:\/\/culturaneuroactiva.com\/site\/wp-content\/uploads\/2016\/07\/directivos-e1474686162751-300x212.jpg 300w, https:\/\/culturaneuroactiva.com\/site\/wp-content\/uploads\/2016\/07\/directivos-e1474686162751.jpg 446w\" sizes=\"auto, (max-width: 445px) 100vw, 445px\" \/><\/a><\/h2>\n<h4><span style=\"color: #008080;\"><strong>Perfil B\u00e1sico<\/strong><\/span><\/h4>\n<ul>\n<li>\n<h6>Se vive la crisis de zafarse del sistema social.<\/h6>\n<\/li>\n<li>\n<h6>El instinto empieza a despertar, y por lo general hace su aparici\u00f3n con manifestaciones inusuales tanto positivas como negativas, en formas de atracci\u00f3n o repulsi\u00f3n hacia algo.<\/h6>\n<\/li>\n<li>\n<h6>Sentir que se est\u00e1 viviendo una vida ajena o que se es alguien diferente al personaje de la vida cotidiana.<\/h6>\n<\/li>\n<\/ul>\n<h4><\/h4>\n<h4><span style=\"color: #008080;\"><strong>Objetivos Arquet\u00edpicos<\/strong><\/span><\/h4>\n<ul>\n<li>\n<h6>Esta etapa es una prueba arquet\u00edpica que corresponde al inicio del proceso de individuaci\u00f3n o al primer encuentro con la Realidad Espiritual.<\/h6>\n<\/li>\n<li>\n<h6>Ser iniciado en el proceso y marcado con el sello del ser diferente, lo cual se plasma en una constante insatisfacci\u00f3n que conduce a una incesante b\u00fasqueda.<\/h6>\n<\/li>\n<li>\n<h6>Zafarse de la total dependencia del sistema para liberar su verdadero ser.<\/h6>\n<\/li>\n<li>\n<h6>Dejar de vivir una vida ajena para empezar a vivir la propia vida.<\/h6>\n<\/li>\n<li>\n<h6>B\u00fasqueda de satisfactores nuevos para necesidades nuevas.<\/h6>\n<\/li>\n<li>\n<h6>Encontrar la propia identidad.<\/h6>\n<\/li>\n<\/ul>\n<h4><\/h4>\n<h4><span style=\"color: #008080;\"><strong>Problem\u00e1ticas, Pruebas&nbsp;y Obst\u00e1culos &nbsp;<\/strong><\/span><\/h4>\n<ul>\n<li>\n<h6>Las buenas relaciones con el sistema empiezan a tener importantes signos de deterioro.<\/h6>\n<\/li>\n<li>\n<h6>Estr\u00e9s y acelere.<\/h6>\n<\/li>\n<li>\n<h6>Se presentan oleadas de sinsentido por el hacer cotidiano.<\/h6>\n<\/li>\n<li>\n<h6>Los prejuicios mentales, la psicorigidez, y los temores que provienen del inconsciente colectivo.<\/h6>\n<\/li>\n<li>\n<h6>Problemas maladaptativos y extremos disfuncionales.<\/h6>\n<\/li>\n<li>\n<h6>Postergar eternamente la realizaci\u00f3n de los sue\u00f1os, no tener el valor de lanzarse al vac\u00edo y arriesgarlo todo para conseguir los ideales.<\/h6>\n<\/li>\n<\/ul>\n<h4><\/h4>\n<h4><span style=\"color: #008080;\"><strong>Soluciones y Recomendaciones<\/strong><\/span><\/h4>\n<ul>\n<li>\n<h6>Salirse de los convencionalismos sociales.<\/h6>\n<\/li>\n<li>\n<h6>Dedicarse a \u201cser\u201d sin preocuparse tanto por el \u201ctener\u201d, dejar de sobrevivir.<\/h6>\n<\/li>\n<li>\n<h6>Tener conocimiento de lo que le est\u00e1 pasando, junto con tener una actitud de mente abierta al cambio, y encaminar sus elecciones m\u00e1s hacia lo que siente que hacia lo que debe.<\/h6>\n<\/li>\n<li>\n<h6>Lo que debe hacer es darse cuenta que est\u00e1 despertando a una nueva realidad, y que todos esos s\u00edntomas de despertar de consciencia son algo natural que hay que saber manejar.<\/h6>\n<\/li>\n<li>\n<h6>Confiar m\u00e1s en la intuici\u00f3n y en la sabidur\u00eda organ\u00edsmica.<\/h6>\n<\/li>\n<li>\n<h6>Realizar a consciencia un proyecto de vida que siga el camino con coraz\u00f3n. Empezar a construir los sue\u00f1os e ideales, empoderarse de la misi\u00f3n que se tenga en la vida, y desarrollar proyectos propios que concentren la atenci\u00f3n.<\/h6>\n<\/li>\n<li>\n<h6>Darse cuenta de la importancia que tiene dedicarse tiempo a s\u00ed mismo y a la construcci\u00f3n de los sue\u00f1os.<\/h6>\n<\/li>\n<li>\n<h6>Ser aut\u00e9ntico, transparente, asertivo y fluir con naturalidad.<\/h6>\n<\/li>\n<li>\n<h6>Centrarse en lo que genere sentido y motivaci\u00f3n.<\/h6>\n<\/li>\n<li>\n<h6>Hacer que cada elemento en la vida tenga un prop\u00f3sito.<\/h6>\n<\/li>\n<li>\n<h6>Tener pasi\u00f3n por lo que se hace y no realizar nada que no se sienta de verdad.<\/h6>\n<\/li>\n<li>\n<h6>Ser fiel a s\u00ed mismo a cada instante, aprender a confiar m\u00e1s en s\u00ed mismo y en la sabidur\u00eda organ\u00edsmica, antes que en las opiniones de terceros, pero sin cerrarse a la ayuda y orientaci\u00f3n que puedan ofrecer expertos en el tema.<\/h6>\n<\/li>\n<li>\n<h6>Adquirir criterio, no tragar entero ni ser conformista.<\/h6>\n<\/li>\n<li>\n<h6>Dejar la hipocres\u00eda y empezar a ser m\u00e1s transparente y natural.<\/h6>\n<\/li>\n<li>\n<h6>Aprender a distribuir bien el tiempo entre el afuera y el adentro.<\/h6>\n<\/li>\n<li>\n<h6>Aprender a manejar el mundo f\u00edsico con impecabilidad.<\/h6>\n<\/li>\n<\/ul>\n<h6><\/h6>\n<h5><span style=\"color: #008080;\"><strong>Contexto Social<\/strong><\/span><\/h5>\n<ul>\n<li>\n<h6>Por lo general son personas que empiezan a pertenecer a alguna de las tribus urbanas o de contracultura.<\/h6>\n<\/li>\n<li>\n<h6>El arquetipo dominante es la insatisfacci\u00f3n, el cuestionamiento, la desadaptaci\u00f3n, desorientaci\u00f3n, y la b\u00fasqueda de identidad diferenciada.<\/h6>\n<\/li>\n<li>\n<h6>Por el lado positivo, son las personas que se empiezan a destacar de las dem\u00e1s y por ello son los l\u00edderes, jefes, directores o coordinadores.<\/h6>\n<\/li>\n<\/ul>\n<h4><\/h4>\n<h4><span style=\"color: #008080;\"><strong>Nivel de manejo de la Realidad F\u00edsica<\/strong><\/span><\/h4>\n<ul>\n<li>\n<h6>Su nivel de manejo de la Realidad F\u00edsica es bueno, y ya empieza a destacarse en algunos aspectos.<\/h6>\n<\/li>\n<\/ul>\n<p><strong>&nbsp;<\/strong><\/p>\n<h4><span style=\"color: #008080;\"><strong>Nivel de manejo de la Realidad Espiritual<\/strong><\/span><\/h4>\n<ul>\n<li>\n<h6>No tienen manejo de la Realidad Espiritual, pero se les empieza a despertar la sensibilidad.<\/h6>\n<\/li>\n<li>\n<h6>Se adscribe al tipo de fe que se maneja en el inconsciente colectivo.<\/h6>\n<\/li>\n<\/ul>\n<h4><\/h4>\n<h4><span style=\"color: #008080;\"><strong>Maestr\u00eda<\/strong><\/span><\/h4>\n<ul>\n<li>\n<h6>Salirse del sistema para dedicar la vida a la construcci\u00f3n de sus ideales m\u00e1s profundos.<\/h6>\n<\/li>\n<li>\n<h6>Dejar de trabajar como obrero asalariado y empezar ganarse la vida como trabajador independiente.<\/h6>\n<\/li>\n<li>\n<h6>Personalizar la vida.<\/h6>\n<\/li>\n<\/ul>\n<p>.<\/p>\n<h6><span style=\"color: #008080;\"><strong>Art\u00edculo extra\u00eddo del libro Mec\u00e1nica Psicobioespiritual.<\/strong><\/span><\/h6>\n<h6><strong><span style=\"color: #008080;\">Autor:<\/span> Juan David Silva Aguirre.<\/strong><\/h6>\n<h6><strong><img loading=\"lazy\" decoding=\"async\" class=\"alignnone wp-image-637\" src=\"http:\/\/culturaneuroactiva.com\/site\/wp-content\/uploads\/2016\/03\/creative-comons-300x105.png\" sizes=\"auto, (max-width: 100px) 100vw, 100px\" srcset=\"http:\/\/culturaneuroactiva.com\/site\/wp-content\/uploads\/2016\/03\/creative-comons-300x105.png 300w, http:\/\/culturaneuroactiva.com\/site\/wp-content\/uploads\/2016\/03\/creative-comons-392x141.png 392w, http:\/\/culturaneuroactiva.com\/site\/wp-content\/uploads\/2016\/03\/creative-comons-390x141.png 390w, http:\/\/culturaneuroactiva.com\/site\/wp-content\/uploads\/2016\/03\/creative-comons.png 403w\" alt=\"creative comons\" width=\"100\" height=\"35\"><\/strong><\/h6>\n<h6><strong>Encuentre&nbsp;las ocho etapas del Sistema Evolutivo Humano en la direcci\u00f3n:&nbsp;<\/strong><strong><a href=\"http:\/\/culturaneuroactiva.com\/site\/sistema-evolutivo-humano\/\">http:\/\/culturaneuroactiva.com\/site\/sistema-evolutivo-humano\/<\/a><\/strong><\/h6>\n<h6><\/h6>\n<h6><strong><span style=\"color: #008080;\">TERAPIAS PAS&nbsp;<\/span><\/strong><\/h6>\n<h6><strong>Cita Previa: culturaneuroactiva@gmail.com&nbsp;<\/strong><\/h6>\n<h6><strong>Cel. +57 3127994357<\/strong><\/h6>\n<h6><a href=\"http:\/\/culturaneuroactiva.com\/site\/\" target=\"_blank\" rel=\"noopener\">www.culturaneuroactiva.com<\/a><\/h6>\n<h6><strong>Medell\u00edn \u2013 Colombia<\/strong><\/h6>\n","protected":false},"excerpt":{"rendered":"<p>Perfil B\u00e1sico Se vive la crisis de zafarse del sistema social. El instinto empieza a despertar, y por lo general<\/p>\n","protected":false},"author":1,"featured_media":0,"parent":0,"menu_order":0,"comment_status":"closed","ping_status":"closed","template":"","meta":{"colormag_page_layout":"default_layout","footnotes":""},"class_list":["post-458","page","type-page","status-publish","hentry"],"yoast_head":"<!-- This site is optimized with the Yoast SEO plugin v25.6 - https:\/\/yoast.com\/wordpress\/plugins\/seo\/ -->\n<title>Etapa Pre\u00edndigo - Cultura Neuroactiva<\/title>\n<meta name=\"robots\" content=\"index, follow, max-snippet:-1, max-image-preview:large, max-video-preview:-1\" \/>\n<link rel=\"canonical\" href=\"https:\/\/culturaneuroactiva.com\/site\/etapa-preindigo\/\" \/>\n<meta property=\"og:locale\" content=\"es_ES\" \/>\n<meta property=\"og:type\" content=\"article\" \/>\n<meta property=\"og:title\" content=\"Etapa Pre\u00edndigo - Cultura Neuroactiva\" \/>\n<meta property=\"og:description\" content=\"Perfil B\u00e1sico Se vive la crisis de zafarse del sistema social. El instinto empieza a despertar, y por lo general\" \/>\n<meta property=\"og:url\" content=\"https:\/\/culturaneuroactiva.com\/site\/etapa-preindigo\/\" \/>\n<meta property=\"og:site_name\" content=\"Cultura Neuroactiva\" \/>\n<meta property=\"article:publisher\" content=\"https:\/\/www.facebook.com\/cultura.neuroactiva\" \/>\n<meta property=\"article:modified_time\" content=\"2021-09-14T19:07:02+00:00\" \/>\n<meta property=\"og:image\" content=\"http:\/\/culturaneuroactiva.com\/site\/wp-content\/uploads\/2016\/07\/directivos-e1474686162751-300x212.jpg\" \/>\n<meta name=\"twitter:card\" content=\"summary_large_image\" \/>\n<meta name=\"twitter:label1\" content=\"Tiempo de lectura\" \/>\n\t<meta name=\"twitter:data1\" content=\"4 minutos\" \/>\n<script type=\"application\/ld+json\" class=\"yoast-schema-graph\">{\"@context\":\"https:\/\/schema.org\",\"@graph\":[{\"@type\":\"WebPage\",\"@id\":\"https:\/\/culturaneuroactiva.com\/site\/etapa-preindigo\/\",\"url\":\"https:\/\/culturaneuroactiva.com\/site\/etapa-preindigo\/\",\"name\":\"Etapa Pre\u00edndigo - Cultura Neuroactiva\",\"isPartOf\":{\"@id\":\"https:\/\/culturaneuroactiva.com\/site\/#website\"},\"primaryImageOfPage\":{\"@id\":\"https:\/\/culturaneuroactiva.com\/site\/etapa-preindigo\/#primaryimage\"},\"image\":{\"@id\":\"https:\/\/culturaneuroactiva.com\/site\/etapa-preindigo\/#primaryimage\"},\"thumbnailUrl\":\"http:\/\/culturaneuroactiva.com\/site\/wp-content\/uploads\/2016\/07\/directivos-e1474686162751-300x212.jpg\",\"datePublished\":\"2016-02-12T03:35:49+00:00\",\"dateModified\":\"2021-09-14T19:07:02+00:00\",\"breadcrumb\":{\"@id\":\"https:\/\/culturaneuroactiva.com\/site\/etapa-preindigo\/#breadcrumb\"},\"inLanguage\":\"es\",\"potentialAction\":[{\"@type\":\"ReadAction\",\"target\":[\"https:\/\/culturaneuroactiva.com\/site\/etapa-preindigo\/\"]}]},{\"@type\":\"ImageObject\",\"inLanguage\":\"es\",\"@id\":\"https:\/\/culturaneuroactiva.com\/site\/etapa-preindigo\/#primaryimage\",\"url\":\"http:\/\/culturaneuroactiva.com\/site\/wp-content\/uploads\/2016\/07\/directivos-e1474686162751-300x212.jpg\",\"contentUrl\":\"http:\/\/culturaneuroactiva.com\/site\/wp-content\/uploads\/2016\/07\/directivos-e1474686162751-300x212.jpg\"},{\"@type\":\"BreadcrumbList\",\"@id\":\"https:\/\/culturaneuroactiva.com\/site\/etapa-preindigo\/#breadcrumb\",\"itemListElement\":[{\"@type\":\"ListItem\",\"position\":1,\"name\":\"Portada\",\"item\":\"https:\/\/culturaneuroactiva.com\/site\/\"},{\"@type\":\"ListItem\",\"position\":2,\"name\":\"Etapa Pre\u00edndigo\"}]},{\"@type\":\"WebSite\",\"@id\":\"https:\/\/culturaneuroactiva.com\/site\/#website\",\"url\":\"https:\/\/culturaneuroactiva.com\/site\/\",\"name\":\"Cultura Neuroactiva\",\"description\":\"Gu\u00edas del Vivir Consciente\",\"potentialAction\":[{\"@type\":\"SearchAction\",\"target\":{\"@type\":\"EntryPoint\",\"urlTemplate\":\"https:\/\/culturaneuroactiva.com\/site\/?s={search_term_string}\"},\"query-input\":{\"@type\":\"PropertyValueSpecification\",\"valueRequired\":true,\"valueName\":\"search_term_string\"}}],\"inLanguage\":\"es\"}]}<\/script>\n<!-- \/ Yoast SEO plugin. -->","yoast_head_json":{"title":"Etapa Pre\u00edndigo - Cultura Neuroactiva","robots":{"index":"index","follow":"follow","max-snippet":"max-snippet:-1","max-image-preview":"max-image-preview:large","max-video-preview":"max-video-preview:-1"},"canonical":"https:\/\/culturaneuroactiva.com\/site\/etapa-preindigo\/","og_locale":"es_ES","og_type":"article","og_title":"Etapa Pre\u00edndigo - Cultura Neuroactiva","og_description":"Perfil B\u00e1sico Se vive la crisis de zafarse del sistema social. El instinto empieza a despertar, y por lo general","og_url":"https:\/\/culturaneuroactiva.com\/site\/etapa-preindigo\/","og_site_name":"Cultura Neuroactiva","article_publisher":"https:\/\/www.facebook.com\/cultura.neuroactiva","article_modified_time":"2021-09-14T19:07:02+00:00","og_image":[{"url":"http:\/\/culturaneuroactiva.com\/site\/wp-content\/uploads\/2016\/07\/directivos-e1474686162751-300x212.jpg","type":"","width":"","height":""}],"twitter_card":"summary_large_image","twitter_misc":{"Tiempo de lectura":"4 minutos"},"schema":{"@context":"https:\/\/schema.org","@graph":[{"@type":"WebPage","@id":"https:\/\/culturaneuroactiva.com\/site\/etapa-preindigo\/","url":"https:\/\/culturaneuroactiva.com\/site\/etapa-preindigo\/","name":"Etapa Pre\u00edndigo - Cultura Neuroactiva","isPartOf":{"@id":"https:\/\/culturaneuroactiva.com\/site\/#website"},"primaryImageOfPage":{"@id":"https:\/\/culturaneuroactiva.com\/site\/etapa-preindigo\/#primaryimage"},"image":{"@id":"https:\/\/culturaneuroactiva.com\/site\/etapa-preindigo\/#primaryimage"},"thumbnailUrl":"http:\/\/culturaneuroactiva.com\/site\/wp-content\/uploads\/2016\/07\/directivos-e1474686162751-300x212.jpg","datePublished":"2016-02-12T03:35:49+00:00","dateModified":"2021-09-14T19:07:02+00:00","breadcrumb":{"@id":"https:\/\/culturaneuroactiva.com\/site\/etapa-preindigo\/#breadcrumb"},"inLanguage":"es","potentialAction":[{"@type":"ReadAction","target":["https:\/\/culturaneuroactiva.com\/site\/etapa-preindigo\/"]}]},{"@type":"ImageObject","inLanguage":"es","@id":"https:\/\/culturaneuroactiva.com\/site\/etapa-preindigo\/#primaryimage","url":"http:\/\/culturaneuroactiva.com\/site\/wp-content\/uploads\/2016\/07\/directivos-e1474686162751-300x212.jpg","contentUrl":"http:\/\/culturaneuroactiva.com\/site\/wp-content\/uploads\/2016\/07\/directivos-e1474686162751-300x212.jpg"},{"@type":"BreadcrumbList","@id":"https:\/\/culturaneuroactiva.com\/site\/etapa-preindigo\/#breadcrumb","itemListElement":[{"@type":"ListItem","position":1,"name":"Portada","item":"https:\/\/culturaneuroactiva.com\/site\/"},{"@type":"ListItem","position":2,"name":"Etapa Pre\u00edndigo"}]},{"@type":"WebSite","@id":"https:\/\/culturaneuroactiva.com\/site\/#website","url":"https:\/\/culturaneuroactiva.com\/site\/","name":"Cultura Neuroactiva","description":"Gu\u00edas del Vivir Consciente","potentialAction":[{"@type":"SearchAction","target":{"@type":"EntryPoint","urlTemplate":"https:\/\/culturaneuroactiva.com\/site\/?s={search_term_string}"},"query-input":{"@type":"PropertyValueSpecification","valueRequired":true,"valueName":"search_term_string"}}],"inLanguage":"es"}]}},"_links":{"self":[{"href":"https:\/\/culturaneuroactiva.com\/site\/wp-json\/wp\/v2\/pages\/458","targetHints":{"allow":["GET"]}}],"collection":[{"href":"https:\/\/culturaneuroactiva.com\/site\/wp-json\/wp\/v2\/pages"}],"about":[{"href":"https:\/\/culturaneuroactiva.com\/site\/wp-json\/wp\/v2\/types\/page"}],"author":[{"embeddable":true,"href":"https:\/\/culturaneuroactiva.com\/site\/wp-json\/wp\/v2\/users\/1"}],"replies":[{"embeddable":true,"href":"https:\/\/culturaneuroactiva.com\/site\/wp-json\/wp\/v2\/comments?post=458"}],"version-history":[{"count":12,"href":"https:\/\/culturaneuroactiva.com\/site\/wp-json\/wp\/v2\/pages\/458\/revisions"}],"predecessor-version":[{"id":2679,"href":"https:\/\/culturaneuroactiva.com\/site\/wp-json\/wp\/v2\/pages\/458\/revisions\/2679"}],"wp:attachment":[{"href":"https:\/\/culturaneuroactiva.com\/site\/wp-json\/wp\/v2\/media?parent=458"}],"curies":[{"name":"wp","href":"https:\/\/api.w.org\/{rel}","templated":true}]}}