{"id":450,"date":"2016-02-12T03:27:09","date_gmt":"2016-02-12T03:27:09","guid":{"rendered":"http:\/\/culturaneuroactiva.com\/site\/?page_id=450"},"modified":"2021-09-14T19:36:43","modified_gmt":"2021-09-14T19:36:43","slug":"etapa-prearcoiris","status":"publish","type":"page","link":"https:\/\/culturaneuroactiva.com\/site\/etapa-prearcoiris\/","title":{"rendered":"Etapa Prearco\u00edris"},"content":{"rendered":"<p><a href=\"http:\/\/culturaneuroactiva.com\/site\/wp-content\/uploads\/2016\/07\/Personas-prearco\u00edris.jpg\"><img loading=\"lazy\" decoding=\"async\" class=\"wp-image-1477 aligncenter\" src=\"http:\/\/culturaneuroactiva.com\/site\/wp-content\/uploads\/2016\/07\/Personas-prearco\u00edris-300x200.jpg\" alt=\"Personas prearco\u00edris\" width=\"593\" height=\"395\" srcset=\"https:\/\/culturaneuroactiva.com\/site\/wp-content\/uploads\/2016\/07\/Personas-prearco\u00edris-300x200.jpg 300w, https:\/\/culturaneuroactiva.com\/site\/wp-content\/uploads\/2016\/07\/Personas-prearco\u00edris.jpg 960w\" sizes=\"auto, (max-width: 593px) 100vw, 593px\" \/><\/a><\/p>\n<h5><span style=\"color: #008080;\"><strong>Perfil B\u00e1sico<\/strong><\/span><\/h5>\n<ul>\n<li>\n<h6>Empiezan a manejar m\u00e1s la observaci\u00f3n que la acci\u00f3n.<\/h6>\n<\/li>\n<li>\n<h6>Su intuici\u00f3n est\u00e1 en funcionamiento intermitente.<\/h6>\n<\/li>\n<li>\n<h6>Se intensifica la lectura del campo energ\u00e9tico.<\/h6>\n<\/li>\n<li>\n<h6>Irradian paz.<\/h6>\n<\/li>\n<li>\n<h6>Empiezan a regir su vida por los dictados de la sabidur\u00eda organ\u00edsmica y la Realidad Interior.<\/h6>\n<\/li>\n<li>\n<h6>Son capaces de leer todos los elementos que provienen del inconsciente colectivo.<\/h6>\n<\/li>\n<li>\n<h6>Son seres que se mueven entre el pensamiento y la corroboraci\u00f3n de \u00e9ste, ya que esto les sirve de escuela para la estructuraci\u00f3n del yo.<\/h6>\n<\/li>\n<li>\n<h6>Tienen per\u00edodos de quedarse en alguno de los dos lados (hacer o no-hacer), que se manifiestan en etapas de quietud, autismo o ausentismo, y en etapas de euforia y movimiento, y por eso luchan por alcanzar el equilibrio, que corresponde a fluir arm\u00f3nicamente en medio de la dualidad de la vida diaria, y este equilibrio s\u00f3lo se encuentra cuando se llega al T\u00f3tem o misi\u00f3n en la vida, que corresponde a un hacer que se origina en la Realidad Espiritual y atraviesa la Realidad Interior hasta llegar impecablemente a la Realidad F\u00edsica, gener\u00e1ndose una manifestaci\u00f3n de algo nuevo y original que se sostiene en el tiempo; o sea que el T\u00f3tem corresponde a cuando una persona puede moverse en el mundo a trav\u00e9s de su no-hacer, lo que significa poder trabajar exitosamente con las artes del Modo Cognitivo Espiritual en medio de la Realidad F\u00edsica.<\/h6>\n<\/li>\n<\/ul>\n<h5><\/h5>\n<h5><span style=\"color: #008080;\"><strong>Objetivos Arquet\u00edpicos<\/strong><\/span><\/h5>\n<ul>\n<li>\n<h6>Lograr trascender la negaci\u00f3n y el exilio del mundo que generan el abatimiento del prop\u00f3sito <em>(la noche oscura, locura, ser marginal)<\/em>, con el objetivo de reestructurar el yo y unificar el manejo de ambos modos cognitivos, para as\u00ed encontrarse con el empoderamiento del t\u00f3tem y realizar la misi\u00f3n en la vida.<\/h6>\n<\/li>\n<li>\n<h6>Reconstruir la identidad y\u00f3ica para saber qui\u00e9n se es y ocupar el propio sitio en el mundo, con el objetivo de estar haciendo para lo que se fue hecho, y as\u00ed poder alinearse con el destino.<\/h6>\n<\/li>\n<li>\n<h6>Experimentar las fuerzas y las leyes que rigen la vida de una manera directa y consciente, para, en medio de ello, encontrar el prop\u00f3sito hasta alcanzar la fluidez en el movimiento en el mundo.<\/h6>\n<\/li>\n<li>\n<h6>En esta etapa se reconocen los elementos que se tienen al alcance en la nueva condici\u00f3n, pero a\u00fan no se manejan y por eso todo el esfuerzo se centra en organizarse o estructurarse para domar las nuevas fuerzas, hasta ser asertivo con la intuici\u00f3n y logra capitalizar estas nuevas posibilidades.<\/h6>\n<\/li>\n<li>\n<h6>Entender, aceptar e introyectar la nueva forma de hacer en el mundo.<\/h6>\n<\/li>\n<li>\n<h6>Liberar todo el potencial interior y lograr anclarlo en el mundo. Florecer para poder que el yo interior salga al mundo y lo colonice a trav\u00e9s del hacer conectado al servicio, este hacer por lo general es innovador, lo que se convierte en maestr\u00eda por el hecho de marcar la pauta o abrir el camino.<\/h6>\n<\/li>\n<\/ul>\n<h5><\/h5>\n<h5><span style=\"color: #008080;\"><strong>Problem\u00e1ticas, Pruebas y Obst\u00e1culos\u00a0<\/strong><\/span><\/h5>\n<ul>\n<li>\n<h6>El gran obst\u00e1culo de la etapa Prearco\u00edris es tratar de estructurar el yo a trav\u00e9s del camino con coraz\u00f3n, enfrent\u00e1ndose a los no resultados que generan el temor interno y la negaci\u00f3n externa.<\/h6>\n<\/li>\n<li>\n<h6>No lograr liberarse de la duda y del temor, en lo referente a su retorno al mundo, prolongar el estado de par\u00e1lisis. Tener dificultades para manejar el mundo nuevamente, no poder sacar toda la genialidad interior. Tener problemas con respecto a la estructuraci\u00f3n del yo.<\/h6>\n<\/li>\n<li>\n<h6>Viven la crisis de llegar al mundo y anclar la nueva frecuencia que se trae.<\/h6>\n<\/li>\n<li>\n<h6>Enfrentan riesgos de autismo y locura.<\/h6>\n<\/li>\n<li>\n<h6>Tienen dificultad para seguir su intuici\u00f3n siendo asertivos con las exigencias de la vida.<\/h6>\n<\/li>\n<li>\n<h6>Tienen problemas de sincronizaci\u00f3n con el mundo.<\/h6>\n<\/li>\n<li>\n<h6>Se ven amenazados, porque el estar inmersos en las m\u00faltiples posibilidades de la Realidad Espiritual, eso les impide concentrarse en una sola opci\u00f3n y esto no los deja superar la prueba.<\/h6>\n<\/li>\n<li>\n<h6>Negarse inconscientemente el retorno al mundo, querer quedarse en el para\u00edso del mundo espiritual, creer que la etapa Cristal es el final del proceso.<\/h6>\n<\/li>\n<\/ul>\n<h5><\/h5>\n<h5><span style=\"color: #008080;\"><strong>Soluciones y Recomendaciones<\/strong><\/span><\/h5>\n<ul>\n<li>\n<h6>Realizar un trabajo de valoraci\u00f3n del mundo exterior y empoderamiento del propio hacer en el mundo, que permita reintegrarse a la realidad social, pero ya ejerciendo las habilidades mentales y desarrollando la misi\u00f3n personal.<\/h6>\n<\/li>\n<li>\n<h6>Estructurar todas las habilidades mentales para aplicarlas al servicio del mundo, trabajarle a la estructuraci\u00f3n del yo y al desarrollo del proceso del T\u00f3tem.<\/h6>\n<\/li>\n<li>\n<h6>Aprender a comercializar las habilidades y talentos, para poder vivir del hobbie.<\/h6>\n<\/li>\n<li>\n<h6>Sacar al afuera toda la genialidad interior, encontrar y desarrollar la nueva identidad: Saber qui\u00e9n se es y para donde se va, desarrollar la pasi\u00f3n y empoderarse de la misi\u00f3n que se tenga en la vida.<\/h6>\n<\/li>\n<li>\n<h6>Crear estrategias para reconectarse con el sistema.<\/h6>\n<\/li>\n<li>\n<h6>Aprender nuevamente a manejar el afuera y a moverse en el mundo, trabajarle a la socializaci\u00f3n y a las relaciones.<\/h6>\n<\/li>\n<\/ul>\n<h5><strong>\u00a0<\/strong><\/h5>\n<h5><span style=\"color: #008080;\"><strong>Contexto Social<\/strong><\/span><\/h5>\n<ul>\n<li>\n<h6>Estas personas corresponden al arquetipo del rebelde emprendedor, que renunci\u00f3 al mundo por sus ideales, y que vuelve al mundo pero ya con su sue\u00f1o alcanzado, ejerciendo su nueva profesi\u00f3n (que no le ense\u00f1aron en ninguna universidad), con el objetivo de implementar su nueva idea para el servicio de la comunidad.<\/h6>\n<\/li>\n<\/ul>\n<h5><strong>\u00a0<\/strong><\/h5>\n<h5><strong><span style=\"color: #008080;\">M<\/span><\/strong><span style=\"color: #008080;\"><strong>anejo de la Realidad F\u00edsica<\/strong><\/span><\/h5>\n<ul>\n<li>\n<h6>A\u00fan tiene un mal manejo de la Realidad F\u00edsica, ya que todav\u00eda su ser interno no sale al mundo.<\/h6>\n<\/li>\n<\/ul>\n<h5><strong>\u00a0<\/strong><\/h5>\n<h5><strong><span style=\"color: #008080;\">M<\/span><\/strong><span style=\"color: #008080;\"><strong><span style=\"color: #008080;\">anej<\/span>o de la Realidad Espiritual<\/strong><\/span><\/h5>\n<ul>\n<li>\n<h6>Maneja con destreza la Realidad Espiritual, porque de hecho vive ah\u00ed.<\/h6>\n<\/li>\n<\/ul>\n<h5><strong>\u00a0<\/strong><\/h5>\n<h5><span style=\"color: #008080;\"><strong>Maestr\u00eda<\/strong><\/span><\/h5>\n<ul>\n<li>\n<h6>Estructurar el yo a trav\u00e9s del camino con coraz\u00f3n, enfrent\u00e1ndose a los no resultados y a la negaci\u00f3n interna y externa.<\/h6>\n<\/li>\n<li>\n<h6>Reintegrarse a la realidad social, pero ya ejerciendo las habilidades mentales y desarrollando la misi\u00f3n personal.<\/h6>\n<\/li>\n<\/ul>\n<h6><\/h6>\n<p>.<\/p>\n<h6><span style=\"color: #008080;\"><strong>Art\u00edculo extra\u00eddo del libro Mec\u00e1nica Psicobioespiritual.<\/strong><\/span><\/h6>\n<h6><strong><span style=\"color: #008080;\">Autor:<\/span> Juan David Silva Aguirre.<\/strong><\/h6>\n<p><strong><img loading=\"lazy\" decoding=\"async\" class=\"alignnone  wp-image-637\" src=\"http:\/\/culturaneuroactiva.com\/site\/wp-content\/uploads\/2016\/03\/creative-comons-300x105.png\" sizes=\"auto, (max-width: 80px) 100vw, 80px\" srcset=\"http:\/\/culturaneuroactiva.com\/site\/wp-content\/uploads\/2016\/03\/creative-comons-300x105.png 300w, http:\/\/culturaneuroactiva.com\/site\/wp-content\/uploads\/2016\/03\/creative-comons-392x141.png 392w, http:\/\/culturaneuroactiva.com\/site\/wp-content\/uploads\/2016\/03\/creative-comons-390x141.png 390w, http:\/\/culturaneuroactiva.com\/site\/wp-content\/uploads\/2016\/03\/creative-comons.png 403w\" alt=\"creative comons\" width=\"80\" height=\"28\" \/><\/strong><\/p>\n<h6><strong>Encuentre las ocho etapas del Sistema Evolutivo Humano en el siguiente enlace: <\/strong><strong><a href=\"http:\/\/culturaneuroactiva.com\/site\/sistema-evolutivo-humano\/\">http:\/\/culturaneuroactiva.com\/site\/sistema-evolutivo-humano\/<\/a><\/strong><\/h6>\n<h6><\/h6>\n<h6><strong><span style=\"color: #008080;\">TERAPIAS PAS<\/span><\/strong><\/h6>\n<h6><strong>Cita Previa: culturaneuroactiva@gmail.com <\/strong><\/h6>\n<h6><strong>Cel. +57 3127994357<\/strong><\/h6>\n<h6><a href=\"http:\/\/culturaneuroactiva.com\/site\/\" target=\"_blank\" rel=\"noopener\">www.culturaneuroactiva.com<\/a><\/h6>\n<h6><strong>Medell\u00edn \u2013 Colombia.<\/strong><\/h6>\n","protected":false},"excerpt":{"rendered":"<p>Perfil B\u00e1sico Empiezan a manejar m\u00e1s la observaci\u00f3n que la acci\u00f3n. Su intuici\u00f3n est\u00e1 en funcionamiento intermitente. Se intensifica la<\/p>\n","protected":false},"author":1,"featured_media":0,"parent":0,"menu_order":0,"comment_status":"closed","ping_status":"closed","template":"","meta":{"colormag_page_layout":"default_layout","footnotes":""},"class_list":["post-450","page","type-page","status-publish","hentry"],"yoast_head":"<!-- This site is optimized with the Yoast SEO plugin v25.6 - https:\/\/yoast.com\/wordpress\/plugins\/seo\/ -->\n<title>Etapa Prearco\u00edris - Cultura Neuroactiva<\/title>\n<meta name=\"robots\" content=\"index, follow, max-snippet:-1, max-image-preview:large, max-video-preview:-1\" \/>\n<link rel=\"canonical\" href=\"https:\/\/culturaneuroactiva.com\/site\/etapa-prearcoiris\/\" \/>\n<meta property=\"og:locale\" content=\"es_ES\" \/>\n<meta property=\"og:type\" content=\"article\" \/>\n<meta property=\"og:title\" content=\"Etapa Prearco\u00edris - Cultura Neuroactiva\" \/>\n<meta property=\"og:description\" content=\"Perfil B\u00e1sico Empiezan a manejar m\u00e1s la observaci\u00f3n que la acci\u00f3n. Su intuici\u00f3n est\u00e1 en funcionamiento intermitente. Se intensifica la\" \/>\n<meta property=\"og:url\" content=\"https:\/\/culturaneuroactiva.com\/site\/etapa-prearcoiris\/\" \/>\n<meta property=\"og:site_name\" content=\"Cultura Neuroactiva\" \/>\n<meta property=\"article:publisher\" content=\"https:\/\/www.facebook.com\/cultura.neuroactiva\" \/>\n<meta property=\"article:modified_time\" content=\"2021-09-14T19:36:43+00:00\" \/>\n<meta property=\"og:image\" content=\"http:\/\/culturaneuroactiva.com\/site\/wp-content\/uploads\/2016\/03\/creative-comons-300x105.png\" \/>\n<meta name=\"twitter:card\" content=\"summary_large_image\" \/>\n<meta name=\"twitter:label1\" content=\"Tiempo de lectura\" \/>\n\t<meta name=\"twitter:data1\" content=\"5 minutos\" \/>\n<script type=\"application\/ld+json\" class=\"yoast-schema-graph\">{\"@context\":\"https:\/\/schema.org\",\"@graph\":[{\"@type\":\"WebPage\",\"@id\":\"https:\/\/culturaneuroactiva.com\/site\/etapa-prearcoiris\/\",\"url\":\"https:\/\/culturaneuroactiva.com\/site\/etapa-prearcoiris\/\",\"name\":\"Etapa Prearco\u00edris - Cultura Neuroactiva\",\"isPartOf\":{\"@id\":\"https:\/\/culturaneuroactiva.com\/site\/#website\"},\"primaryImageOfPage\":{\"@id\":\"https:\/\/culturaneuroactiva.com\/site\/etapa-prearcoiris\/#primaryimage\"},\"image\":{\"@id\":\"https:\/\/culturaneuroactiva.com\/site\/etapa-prearcoiris\/#primaryimage\"},\"thumbnailUrl\":\"http:\/\/culturaneuroactiva.com\/site\/wp-content\/uploads\/2016\/03\/creative-comons-300x105.png\",\"datePublished\":\"2016-02-12T03:27:09+00:00\",\"dateModified\":\"2021-09-14T19:36:43+00:00\",\"breadcrumb\":{\"@id\":\"https:\/\/culturaneuroactiva.com\/site\/etapa-prearcoiris\/#breadcrumb\"},\"inLanguage\":\"es\",\"potentialAction\":[{\"@type\":\"ReadAction\",\"target\":[\"https:\/\/culturaneuroactiva.com\/site\/etapa-prearcoiris\/\"]}]},{\"@type\":\"ImageObject\",\"inLanguage\":\"es\",\"@id\":\"https:\/\/culturaneuroactiva.com\/site\/etapa-prearcoiris\/#primaryimage\",\"url\":\"http:\/\/culturaneuroactiva.com\/site\/wp-content\/uploads\/2016\/03\/creative-comons-300x105.png\",\"contentUrl\":\"http:\/\/culturaneuroactiva.com\/site\/wp-content\/uploads\/2016\/03\/creative-comons-300x105.png\"},{\"@type\":\"BreadcrumbList\",\"@id\":\"https:\/\/culturaneuroactiva.com\/site\/etapa-prearcoiris\/#breadcrumb\",\"itemListElement\":[{\"@type\":\"ListItem\",\"position\":1,\"name\":\"Portada\",\"item\":\"https:\/\/culturaneuroactiva.com\/site\/\"},{\"@type\":\"ListItem\",\"position\":2,\"name\":\"Etapa Prearco\u00edris\"}]},{\"@type\":\"WebSite\",\"@id\":\"https:\/\/culturaneuroactiva.com\/site\/#website\",\"url\":\"https:\/\/culturaneuroactiva.com\/site\/\",\"name\":\"Cultura Neuroactiva\",\"description\":\"Gu\u00edas del Vivir Consciente\",\"potentialAction\":[{\"@type\":\"SearchAction\",\"target\":{\"@type\":\"EntryPoint\",\"urlTemplate\":\"https:\/\/culturaneuroactiva.com\/site\/?s={search_term_string}\"},\"query-input\":{\"@type\":\"PropertyValueSpecification\",\"valueRequired\":true,\"valueName\":\"search_term_string\"}}],\"inLanguage\":\"es\"}]}<\/script>\n<!-- \/ Yoast SEO plugin. -->","yoast_head_json":{"title":"Etapa Prearco\u00edris - Cultura Neuroactiva","robots":{"index":"index","follow":"follow","max-snippet":"max-snippet:-1","max-image-preview":"max-image-preview:large","max-video-preview":"max-video-preview:-1"},"canonical":"https:\/\/culturaneuroactiva.com\/site\/etapa-prearcoiris\/","og_locale":"es_ES","og_type":"article","og_title":"Etapa Prearco\u00edris - Cultura Neuroactiva","og_description":"Perfil B\u00e1sico Empiezan a manejar m\u00e1s la observaci\u00f3n que la acci\u00f3n. Su intuici\u00f3n est\u00e1 en funcionamiento intermitente. Se intensifica la","og_url":"https:\/\/culturaneuroactiva.com\/site\/etapa-prearcoiris\/","og_site_name":"Cultura Neuroactiva","article_publisher":"https:\/\/www.facebook.com\/cultura.neuroactiva","article_modified_time":"2021-09-14T19:36:43+00:00","og_image":[{"url":"http:\/\/culturaneuroactiva.com\/site\/wp-content\/uploads\/2016\/03\/creative-comons-300x105.png","type":"","width":"","height":""}],"twitter_card":"summary_large_image","twitter_misc":{"Tiempo de lectura":"5 minutos"},"schema":{"@context":"https:\/\/schema.org","@graph":[{"@type":"WebPage","@id":"https:\/\/culturaneuroactiva.com\/site\/etapa-prearcoiris\/","url":"https:\/\/culturaneuroactiva.com\/site\/etapa-prearcoiris\/","name":"Etapa Prearco\u00edris - Cultura Neuroactiva","isPartOf":{"@id":"https:\/\/culturaneuroactiva.com\/site\/#website"},"primaryImageOfPage":{"@id":"https:\/\/culturaneuroactiva.com\/site\/etapa-prearcoiris\/#primaryimage"},"image":{"@id":"https:\/\/culturaneuroactiva.com\/site\/etapa-prearcoiris\/#primaryimage"},"thumbnailUrl":"http:\/\/culturaneuroactiva.com\/site\/wp-content\/uploads\/2016\/03\/creative-comons-300x105.png","datePublished":"2016-02-12T03:27:09+00:00","dateModified":"2021-09-14T19:36:43+00:00","breadcrumb":{"@id":"https:\/\/culturaneuroactiva.com\/site\/etapa-prearcoiris\/#breadcrumb"},"inLanguage":"es","potentialAction":[{"@type":"ReadAction","target":["https:\/\/culturaneuroactiva.com\/site\/etapa-prearcoiris\/"]}]},{"@type":"ImageObject","inLanguage":"es","@id":"https:\/\/culturaneuroactiva.com\/site\/etapa-prearcoiris\/#primaryimage","url":"http:\/\/culturaneuroactiva.com\/site\/wp-content\/uploads\/2016\/03\/creative-comons-300x105.png","contentUrl":"http:\/\/culturaneuroactiva.com\/site\/wp-content\/uploads\/2016\/03\/creative-comons-300x105.png"},{"@type":"BreadcrumbList","@id":"https:\/\/culturaneuroactiva.com\/site\/etapa-prearcoiris\/#breadcrumb","itemListElement":[{"@type":"ListItem","position":1,"name":"Portada","item":"https:\/\/culturaneuroactiva.com\/site\/"},{"@type":"ListItem","position":2,"name":"Etapa Prearco\u00edris"}]},{"@type":"WebSite","@id":"https:\/\/culturaneuroactiva.com\/site\/#website","url":"https:\/\/culturaneuroactiva.com\/site\/","name":"Cultura Neuroactiva","description":"Gu\u00edas del Vivir Consciente","potentialAction":[{"@type":"SearchAction","target":{"@type":"EntryPoint","urlTemplate":"https:\/\/culturaneuroactiva.com\/site\/?s={search_term_string}"},"query-input":{"@type":"PropertyValueSpecification","valueRequired":true,"valueName":"search_term_string"}}],"inLanguage":"es"}]}},"_links":{"self":[{"href":"https:\/\/culturaneuroactiva.com\/site\/wp-json\/wp\/v2\/pages\/450","targetHints":{"allow":["GET"]}}],"collection":[{"href":"https:\/\/culturaneuroactiva.com\/site\/wp-json\/wp\/v2\/pages"}],"about":[{"href":"https:\/\/culturaneuroactiva.com\/site\/wp-json\/wp\/v2\/types\/page"}],"author":[{"embeddable":true,"href":"https:\/\/culturaneuroactiva.com\/site\/wp-json\/wp\/v2\/users\/1"}],"replies":[{"embeddable":true,"href":"https:\/\/culturaneuroactiva.com\/site\/wp-json\/wp\/v2\/comments?post=450"}],"version-history":[{"count":11,"href":"https:\/\/culturaneuroactiva.com\/site\/wp-json\/wp\/v2\/pages\/450\/revisions"}],"predecessor-version":[{"id":2691,"href":"https:\/\/culturaneuroactiva.com\/site\/wp-json\/wp\/v2\/pages\/450\/revisions\/2691"}],"wp:attachment":[{"href":"https:\/\/culturaneuroactiva.com\/site\/wp-json\/wp\/v2\/media?parent=450"}],"curies":[{"name":"wp","href":"https:\/\/api.w.org\/{rel}","templated":true}]}}