{"id":448,"date":"2016-02-12T03:21:36","date_gmt":"2016-02-12T03:21:36","guid":{"rendered":"http:\/\/culturaneuroactiva.com\/site\/?page_id=448"},"modified":"2021-09-14T19:55:29","modified_gmt":"2021-09-14T19:55:29","slug":"etapa-arcoiris","status":"publish","type":"page","link":"https:\/\/culturaneuroactiva.com\/site\/etapa-arcoiris\/","title":{"rendered":"Etapa Arco\u00edris"},"content":{"rendered":"<p><strong><a href=\"http:\/\/culturaneuroactiva.com\/site\/wp-content\/uploads\/2016\/07\/Personas-Arco\u00edris.jpg\"><img loading=\"lazy\" decoding=\"async\" class=\" wp-image-1474 aligncenter\" src=\"http:\/\/culturaneuroactiva.com\/site\/wp-content\/uploads\/2016\/07\/Personas-Arco\u00edris-300x200.jpg\" alt=\"Personas Arco\u00edris\" width=\"618\" height=\"412\" srcset=\"https:\/\/culturaneuroactiva.com\/site\/wp-content\/uploads\/2016\/07\/Personas-Arco\u00edris-300x200.jpg 300w, https:\/\/culturaneuroactiva.com\/site\/wp-content\/uploads\/2016\/07\/Personas-Arco\u00edris.jpg 960w\" sizes=\"auto, (max-width: 618px) 100vw, 618px\" \/><\/a><\/strong><\/p>\n<h5>\u00a0<\/h5>\n<h5><span style=\"color: #008080;\"><strong>Perfil B\u00e1sico<\/strong><\/span><\/h5>\n<ul>\n<li>\n<h6>Se dedican a realizar la misi\u00f3n que tengan en la vida.<\/h6>\n<\/li>\n<li>\n<h6>Trascienden la realidad social y al mismo tiempo la manejan perfectamente.<\/h6>\n<\/li>\n<li>\n<h6>Al solucionar la problem\u00e1tica de conexi\u00f3n con el mundo propia de las personas Cristal, la persona Arco\u00edris se convierte en un puente entre el mundo f\u00edsico y el mundo espiritual, a trav\u00e9s del cual trae alg\u00fan producto o servicio innovador que contribuye al desarrollo de un tema espec\u00edfico, como por ejemplo: medicina, m\u00fasica, literatura, percepci\u00f3n extrasensorial, ciencia, filosof\u00eda, espiritualidad, etc.<\/h6>\n<\/li>\n<li>\n<h6>Se les desarrollan los poderes mentales hasta llegar a manejarlos con maestr\u00eda y de manera aplicada al servicio del mundo.<\/h6>\n<\/li>\n<li>\n<h6>Se convierten en genios en alg\u00fan campo, y logran capitalizar esta genialidad en el mundo.<\/h6>\n<\/li>\n<li>\n<h6>Abren las rutas que luego siguen otras personas.<\/h6>\n<\/li>\n<li>\n<h6>Son seres regidos por la fuente.<\/h6>\n<\/li>\n<li>\n<h6>Son due\u00f1os del tiempo, de la polaridad.<\/h6>\n<\/li>\n<li>\n<h6>Son capaces de tener acceso a la visi\u00f3n estructural y la conexi\u00f3n con el observador.<\/h6>\n<\/li>\n<li>\n<h6>Saben lo que tienen qu\u00e9 hacer en el momento perfecto.<\/h6>\n<\/li>\n<li>\n<h6>Son personas equilibradas, regidas por la voluntad y por la fluidez.<\/h6>\n<\/li>\n<li>\n<h6>Est\u00e1n conectados totalmente con la fuente.<\/h6>\n<\/li>\n<li>\n<h6>No los mueve nada afuera.<\/h6>\n<\/li>\n<li>\n<h6>Son personas que nada piden, s\u00f3lo buscan reconocer su capacidad de crear y servir.<\/h6>\n<\/li>\n<li>\n<h6>Poseen sabidur\u00eda.<\/h6>\n<\/li>\n<li>\n<h6>Act\u00faan por comprensi\u00f3n, no por sentimientos o creencias.<\/h6>\n<\/li>\n<li>\n<h6>Tienen una visi\u00f3n muy clara de la vida y las circunstancias, que refleja neutralidad, comprensi\u00f3n y compasi\u00f3n.<\/h6>\n<\/li>\n<li>\n<h6>S\u00f3lo entran en el mundo cuando tienen una misi\u00f3n dada por canalizaci\u00f3n, un prop\u00f3sito dirigido desde la Realidad Espiritual.<\/h6>\n<\/li>\n<li>\n<h6>Ense\u00f1an con el ejemplo.<\/h6>\n<\/li>\n<\/ul>\n<h5><strong>\u00a0<\/strong><\/h5>\n<h5><span style=\"color: #008080;\"><strong>Principios Arco\u00edris<\/strong><\/span><\/h5>\n<ul>\n<li>\n<h6><strong>Alquimia.<\/strong> Arder sin quemarse, trascender por encima del bien y del mal, subir sin quedarse y bajar sin caerse, para lo cual hay que haber integrado el poder de la muerte y el poder del sexo.<\/h6>\n<\/li>\n<li>\n<h6><strong>Enfocarse en el Presente.<\/strong> No cargar con culpas ni arrepentimientos del pasado, ni cargar con ansiedad o temor. Desarrollar la habilidad de no preocuparse, y no dejarse sacar del centro emocional.<\/h6>\n<\/li>\n<li>\n<h6><strong>Insobornabilidad.<\/strong> Saber qui\u00e9n se es y para d\u00f3nde se va. No tener precio, no caer ante las tentaciones, no dejarse distraer, permanecer concentrado en las cosas esenciales de la vida. Saber identificar y salir del reino de la fantas\u00eda.<\/h6>\n<\/li>\n<li>\n<h6><strong>Ser Inofensivo.<\/strong> Estar casado con el bien y lo luminoso, como para que la sombra propia sea tan culta o depurada, que ya no le haga da\u00f1o a nadie ni siquiera teniendo motivos suficientes.<\/h6>\n<\/li>\n<li>\n<h6><strong>Cocreaci\u00f3n de la Realidad.<\/strong> Manejar la radicalidad luminosa y la neuroling\u00fc\u00edstica positiva permanente, para ser capaz de cocrear la realidad de forma consciente.<\/h6>\n<\/li>\n<li>\n<h6><strong>Aplicabilidad.<\/strong> Como la Persona Arco\u00edris permanece en el inconsciente profundo, es fundamental que concentre su atenci\u00f3n en lo aplicado, para que no se pierda en el viaje por las m\u00faltiples posibilidades de lo cu\u00e1ntico, o sea que toda cometa debe tener un buen polo a tierra.<\/h6>\n<\/li>\n<li>\n<h6><strong>Pureza.<\/strong> Ser transparente, sin dobles intenciones. No dejar morir el ni\u00f1o interior, no dejarse contaminar por el sistema, hacerle resistencia, y ser fiel a s\u00ed mismo a cada instante.<\/h6>\n<\/li>\n<li>\n<h6><strong>Humildad.<\/strong> Tener muy depurada la importancia personal, como para tener compasi\u00f3n frente a s\u00ed mismo y frente al otro, y para ser capaz de aceptar y soltar el control cuando se reciben las lecciones de la vida.<\/h6>\n<\/li>\n<li>\n<h6><strong>Obediencia.<\/strong> C\u00f3mo su arquetipo es el Profeta y es intermediario entre el cielo y la tierra, debe tener absoluta obediencia con sus esp\u00edritus aliados.<\/h6>\n<\/li>\n<li>\n<h6><strong>Calma y Serenidad.<\/strong> Son fundamentales la calma y la serenidad para establecer la conexi\u00f3n con los esp\u00edritus, y as\u00ed recibir canalizaciones e instrucciones para moverse en la vida.<\/h6>\n<\/li>\n<li>\n<h6><strong>Confianza y Fe Viva.<\/strong> Confiar y tener fe viva es lo que permite activar el flujo de energ\u00eda y abundancia en la realidad cotidiana.<\/h6>\n<\/li>\n<li>\n<h6><strong>Magnetismo.<\/strong> La Persona Arco\u00edris debe entender que ya no le funciona el esfuerzo para moverse en el mundo, por lo que tiene que dar el salto del ser al no ser y del hacer al no hacer, y en este salto lo que m\u00e1s ayuda es entender que la ley que rige aqu\u00ed es la de \u201cfrecuencia y correspondencia\u201d, por ello hay que mantener buenos pensamientos, el \u00e1nimo alto, y buena cantidad energ\u00e9tica, para atraer manifestaciones positivas.<\/h6>\n<\/li>\n<li>\n<h6><strong>Radicalidad Luminosa.<\/strong> Hay que hastiarse de tanto sufrimiento, temor y oscuridad, como para tomar la decisi\u00f3n casarse radicalmente con la luz, lo cual implica sacar los ladrones del templo, integrar la sombra, y poner todos los defectos personales en proceso de sanaci\u00f3n.<\/h6>\n<\/li>\n<li>\n<h6><strong>Orden.<\/strong> El punto de referencia de la salud y la vida es el orden, por lo tanto la Persona Arco\u00edris se convierte en una m\u00e1quina de orden, por donde pasa organiza, limpia y sana.<\/h6>\n<\/li>\n<li>\n<h6><strong>Instrucci\u00f3n.<\/strong> La vida de una Persona Arco\u00edris depende de lo que canalice, ya que esto es lo que le da los mapas para moverse en la realidad, por eso establecer una buena conexi\u00f3n para tener instrucci\u00f3n permanente o al menos cuando m\u00e1s se necesite.<\/h6>\n<\/li>\n<li>\n<h6><strong>Innovaci\u00f3n.<\/strong> Como la Persona Arco\u00edris tiene contacto con los dioses, el sello de sus acciones es la innovaci\u00f3n, traer lo nuevo, y marcar la ruta para los que vienen en el camino.<\/h6>\n<\/li>\n<\/ul>\n<h5>\u00a0<\/h5>\n<h5><span style=\"color: #008080;\"><strong>Contexto Social<\/strong><\/span><\/h5>\n<ul>\n<li>\n<h6>Son los grandes maestros e innovadores en todas las \u00e1reas del acontecer humano, por lo general son inventores, dise\u00f1adores, precursores, emprendedores, conquistadores, y en esa medida luego les toca ser gu\u00eda para muchas personas.<\/h6>\n<\/li>\n<\/ul>\n<h5>\u00a0<\/h5>\n<h5><span style=\"color: #008080;\"><strong>Manejo de la Realidad F\u00edsica<\/strong><\/span><\/h5>\n<ul>\n<li>\n<h6>Manejan a la perfecci\u00f3n la Realidad F\u00edsica.<\/h6>\n<\/li>\n<\/ul>\n<h5>\u00a0<\/h5>\n<h5><span style=\"color: #008080;\"><strong>Manejo de la Realidad Espiritual<\/strong><\/span><\/h5>\n<ul>\n<li>\n<h6>Manejan a la perfecci\u00f3n la Realidad Espiritual.<\/h6>\n<\/li>\n<\/ul>\n<h5>\u00a0<\/h5>\n<h5><span style=\"color: #008080;\"><strong>Maestr\u00eda\u00a0<\/strong><\/span><\/h5>\n<ul>\n<li>\n<h6>Convertirse en canal perfecto por donde se fluye la fuerza y el prop\u00f3sito de la Realidad Espiritual, convertirse en guante del esp\u00edritu.<\/h6>\n<\/li>\n<li>\n<h6>Ser capaz de alcanzar el hacer a trav\u00e9s del no-hacer.<\/h6>\n<\/li>\n<\/ul>\n<h6>\u00a0<\/h6>\n<p>.<\/p>\n<h6><span style=\"color: #008080;\"><strong>Art\u00edculo extra\u00eddo del libro Mec\u00e1nica Psicobioespiritual.<\/strong><\/span><\/h6>\n<h6><strong><span style=\"color: #008080;\">Autor:<\/span> Juan David Silva Aguirre.<\/strong><\/h6>\n<p><strong><img loading=\"lazy\" decoding=\"async\" class=\"alignnone  wp-image-637\" src=\"http:\/\/culturaneuroactiva.com\/site\/wp-content\/uploads\/2016\/03\/creative-comons-300x105.png\" sizes=\"auto, (max-width: 77px) 100vw, 77px\" srcset=\"http:\/\/culturaneuroactiva.com\/site\/wp-content\/uploads\/2016\/03\/creative-comons-300x105.png 300w, http:\/\/culturaneuroactiva.com\/site\/wp-content\/uploads\/2016\/03\/creative-comons-392x141.png 392w, http:\/\/culturaneuroactiva.com\/site\/wp-content\/uploads\/2016\/03\/creative-comons-390x141.png 390w, http:\/\/culturaneuroactiva.com\/site\/wp-content\/uploads\/2016\/03\/creative-comons.png 403w\" alt=\"creative comons\" width=\"77\" height=\"27\" \/><\/strong><\/p>\n<h6><strong>Encuentre las ocho etapas del Sistema Evolutivo Humano en el siguiente enlace: <\/strong><strong><a href=\"http:\/\/culturaneuroactiva.com\/site\/sistema-evolutivo-humano\/\">http:\/\/culturaneuroactiva.com\/site\/sistema-evolutivo-humano\/<\/a><\/strong><\/h6>\n<h6>\u00a0<\/h6>\n<h6><strong><span style=\"color: #008080;\">TERAPIAS PAS<\/span><\/strong><\/h6>\n<h6><strong>Cita Previa: culturaneuroactiva@gmail.com (Cel. +57 3127994357)<\/strong><\/h6>\n<h6><a href=\"http:\/\/culturaneuroactiva.com\/site\/\" target=\"_blank\" rel=\"noopener\">www.culturaneuroactiva.com<\/a><\/h6>\n<h6><strong>Medell\u00edn \u2013 Colombia.<\/strong><\/h6>\n\n\n<p><\/p>\n","protected":false},"excerpt":{"rendered":"<p>\u00a0 Perfil B\u00e1sico Se dedican a realizar la misi\u00f3n que tengan en la vida. Trascienden la realidad social y al<\/p>\n","protected":false},"author":1,"featured_media":0,"parent":0,"menu_order":0,"comment_status":"closed","ping_status":"closed","template":"","meta":{"colormag_page_layout":"default_layout","footnotes":""},"class_list":["post-448","page","type-page","status-publish","hentry"],"yoast_head":"<!-- This site is optimized with the Yoast SEO plugin v25.6 - https:\/\/yoast.com\/wordpress\/plugins\/seo\/ -->\n<title>Etapa Arco\u00edris - Cultura Neuroactiva<\/title>\n<meta name=\"robots\" content=\"index, follow, max-snippet:-1, max-image-preview:large, max-video-preview:-1\" \/>\n<link rel=\"canonical\" href=\"https:\/\/culturaneuroactiva.com\/site\/etapa-arcoiris\/\" \/>\n<meta property=\"og:locale\" content=\"es_ES\" \/>\n<meta property=\"og:type\" content=\"article\" \/>\n<meta property=\"og:title\" content=\"Etapa Arco\u00edris - Cultura Neuroactiva\" \/>\n<meta property=\"og:description\" content=\"\u00a0 Perfil B\u00e1sico Se dedican a realizar la misi\u00f3n que tengan en la vida. Trascienden la realidad social y al\" \/>\n<meta property=\"og:url\" content=\"https:\/\/culturaneuroactiva.com\/site\/etapa-arcoiris\/\" \/>\n<meta property=\"og:site_name\" content=\"Cultura Neuroactiva\" \/>\n<meta property=\"article:publisher\" content=\"https:\/\/www.facebook.com\/cultura.neuroactiva\" \/>\n<meta property=\"article:modified_time\" content=\"2021-09-14T19:55:29+00:00\" \/>\n<meta property=\"og:image\" content=\"http:\/\/culturaneuroactiva.com\/site\/wp-content\/uploads\/2016\/03\/creative-comons-300x105.png\" \/>\n<meta name=\"twitter:card\" content=\"summary_large_image\" \/>\n<meta name=\"twitter:label1\" content=\"Tiempo de lectura\" \/>\n\t<meta name=\"twitter:data1\" content=\"5 minutos\" \/>\n<script type=\"application\/ld+json\" class=\"yoast-schema-graph\">{\"@context\":\"https:\/\/schema.org\",\"@graph\":[{\"@type\":\"WebPage\",\"@id\":\"https:\/\/culturaneuroactiva.com\/site\/etapa-arcoiris\/\",\"url\":\"https:\/\/culturaneuroactiva.com\/site\/etapa-arcoiris\/\",\"name\":\"Etapa Arco\u00edris - Cultura Neuroactiva\",\"isPartOf\":{\"@id\":\"https:\/\/culturaneuroactiva.com\/site\/#website\"},\"primaryImageOfPage\":{\"@id\":\"https:\/\/culturaneuroactiva.com\/site\/etapa-arcoiris\/#primaryimage\"},\"image\":{\"@id\":\"https:\/\/culturaneuroactiva.com\/site\/etapa-arcoiris\/#primaryimage\"},\"thumbnailUrl\":\"http:\/\/culturaneuroactiva.com\/site\/wp-content\/uploads\/2016\/03\/creative-comons-300x105.png\",\"datePublished\":\"2016-02-12T03:21:36+00:00\",\"dateModified\":\"2021-09-14T19:55:29+00:00\",\"breadcrumb\":{\"@id\":\"https:\/\/culturaneuroactiva.com\/site\/etapa-arcoiris\/#breadcrumb\"},\"inLanguage\":\"es\",\"potentialAction\":[{\"@type\":\"ReadAction\",\"target\":[\"https:\/\/culturaneuroactiva.com\/site\/etapa-arcoiris\/\"]}]},{\"@type\":\"ImageObject\",\"inLanguage\":\"es\",\"@id\":\"https:\/\/culturaneuroactiva.com\/site\/etapa-arcoiris\/#primaryimage\",\"url\":\"http:\/\/culturaneuroactiva.com\/site\/wp-content\/uploads\/2016\/03\/creative-comons-300x105.png\",\"contentUrl\":\"http:\/\/culturaneuroactiva.com\/site\/wp-content\/uploads\/2016\/03\/creative-comons-300x105.png\"},{\"@type\":\"BreadcrumbList\",\"@id\":\"https:\/\/culturaneuroactiva.com\/site\/etapa-arcoiris\/#breadcrumb\",\"itemListElement\":[{\"@type\":\"ListItem\",\"position\":1,\"name\":\"Portada\",\"item\":\"https:\/\/culturaneuroactiva.com\/site\/\"},{\"@type\":\"ListItem\",\"position\":2,\"name\":\"Etapa Arco\u00edris\"}]},{\"@type\":\"WebSite\",\"@id\":\"https:\/\/culturaneuroactiva.com\/site\/#website\",\"url\":\"https:\/\/culturaneuroactiva.com\/site\/\",\"name\":\"Cultura Neuroactiva\",\"description\":\"Gu\u00edas del Vivir Consciente\",\"potentialAction\":[{\"@type\":\"SearchAction\",\"target\":{\"@type\":\"EntryPoint\",\"urlTemplate\":\"https:\/\/culturaneuroactiva.com\/site\/?s={search_term_string}\"},\"query-input\":{\"@type\":\"PropertyValueSpecification\",\"valueRequired\":true,\"valueName\":\"search_term_string\"}}],\"inLanguage\":\"es\"}]}<\/script>\n<!-- \/ Yoast SEO plugin. -->","yoast_head_json":{"title":"Etapa Arco\u00edris - Cultura Neuroactiva","robots":{"index":"index","follow":"follow","max-snippet":"max-snippet:-1","max-image-preview":"max-image-preview:large","max-video-preview":"max-video-preview:-1"},"canonical":"https:\/\/culturaneuroactiva.com\/site\/etapa-arcoiris\/","og_locale":"es_ES","og_type":"article","og_title":"Etapa Arco\u00edris - Cultura Neuroactiva","og_description":"\u00a0 Perfil B\u00e1sico Se dedican a realizar la misi\u00f3n que tengan en la vida. Trascienden la realidad social y al","og_url":"https:\/\/culturaneuroactiva.com\/site\/etapa-arcoiris\/","og_site_name":"Cultura Neuroactiva","article_publisher":"https:\/\/www.facebook.com\/cultura.neuroactiva","article_modified_time":"2021-09-14T19:55:29+00:00","og_image":[{"url":"http:\/\/culturaneuroactiva.com\/site\/wp-content\/uploads\/2016\/03\/creative-comons-300x105.png","type":"","width":"","height":""}],"twitter_card":"summary_large_image","twitter_misc":{"Tiempo de lectura":"5 minutos"},"schema":{"@context":"https:\/\/schema.org","@graph":[{"@type":"WebPage","@id":"https:\/\/culturaneuroactiva.com\/site\/etapa-arcoiris\/","url":"https:\/\/culturaneuroactiva.com\/site\/etapa-arcoiris\/","name":"Etapa Arco\u00edris - Cultura Neuroactiva","isPartOf":{"@id":"https:\/\/culturaneuroactiva.com\/site\/#website"},"primaryImageOfPage":{"@id":"https:\/\/culturaneuroactiva.com\/site\/etapa-arcoiris\/#primaryimage"},"image":{"@id":"https:\/\/culturaneuroactiva.com\/site\/etapa-arcoiris\/#primaryimage"},"thumbnailUrl":"http:\/\/culturaneuroactiva.com\/site\/wp-content\/uploads\/2016\/03\/creative-comons-300x105.png","datePublished":"2016-02-12T03:21:36+00:00","dateModified":"2021-09-14T19:55:29+00:00","breadcrumb":{"@id":"https:\/\/culturaneuroactiva.com\/site\/etapa-arcoiris\/#breadcrumb"},"inLanguage":"es","potentialAction":[{"@type":"ReadAction","target":["https:\/\/culturaneuroactiva.com\/site\/etapa-arcoiris\/"]}]},{"@type":"ImageObject","inLanguage":"es","@id":"https:\/\/culturaneuroactiva.com\/site\/etapa-arcoiris\/#primaryimage","url":"http:\/\/culturaneuroactiva.com\/site\/wp-content\/uploads\/2016\/03\/creative-comons-300x105.png","contentUrl":"http:\/\/culturaneuroactiva.com\/site\/wp-content\/uploads\/2016\/03\/creative-comons-300x105.png"},{"@type":"BreadcrumbList","@id":"https:\/\/culturaneuroactiva.com\/site\/etapa-arcoiris\/#breadcrumb","itemListElement":[{"@type":"ListItem","position":1,"name":"Portada","item":"https:\/\/culturaneuroactiva.com\/site\/"},{"@type":"ListItem","position":2,"name":"Etapa Arco\u00edris"}]},{"@type":"WebSite","@id":"https:\/\/culturaneuroactiva.com\/site\/#website","url":"https:\/\/culturaneuroactiva.com\/site\/","name":"Cultura Neuroactiva","description":"Gu\u00edas del Vivir Consciente","potentialAction":[{"@type":"SearchAction","target":{"@type":"EntryPoint","urlTemplate":"https:\/\/culturaneuroactiva.com\/site\/?s={search_term_string}"},"query-input":{"@type":"PropertyValueSpecification","valueRequired":true,"valueName":"search_term_string"}}],"inLanguage":"es"}]}},"_links":{"self":[{"href":"https:\/\/culturaneuroactiva.com\/site\/wp-json\/wp\/v2\/pages\/448","targetHints":{"allow":["GET"]}}],"collection":[{"href":"https:\/\/culturaneuroactiva.com\/site\/wp-json\/wp\/v2\/pages"}],"about":[{"href":"https:\/\/culturaneuroactiva.com\/site\/wp-json\/wp\/v2\/types\/page"}],"author":[{"embeddable":true,"href":"https:\/\/culturaneuroactiva.com\/site\/wp-json\/wp\/v2\/users\/1"}],"replies":[{"embeddable":true,"href":"https:\/\/culturaneuroactiva.com\/site\/wp-json\/wp\/v2\/comments?post=448"}],"version-history":[{"count":12,"href":"https:\/\/culturaneuroactiva.com\/site\/wp-json\/wp\/v2\/pages\/448\/revisions"}],"predecessor-version":[{"id":2694,"href":"https:\/\/culturaneuroactiva.com\/site\/wp-json\/wp\/v2\/pages\/448\/revisions\/2694"}],"wp:attachment":[{"href":"https:\/\/culturaneuroactiva.com\/site\/wp-json\/wp\/v2\/media?parent=448"}],"curies":[{"name":"wp","href":"https:\/\/api.w.org\/{rel}","templated":true}]}}