{"id":446,"date":"2016-02-12T03:18:24","date_gmt":"2016-02-12T03:18:24","guid":{"rendered":"http:\/\/culturaneuroactiva.com\/site\/?page_id=446"},"modified":"2021-09-14T19:59:27","modified_gmt":"2021-09-14T19:59:27","slug":"etapa-arcoiris-total","status":"publish","type":"page","link":"https:\/\/culturaneuroactiva.com\/site\/etapa-arcoiris-total\/","title":{"rendered":"Etapa Arco\u00edris Total"},"content":{"rendered":"<p><a href=\"http:\/\/culturaneuroactiva.com\/site\/wp-content\/uploads\/2021\/06\/Trance-1.jpg\"><img loading=\"lazy\" decoding=\"async\" class=\" wp-image-2521 aligncenter\" src=\"http:\/\/culturaneuroactiva.com\/site\/wp-content\/uploads\/2021\/06\/Trance-1-300x300.jpg\" alt=\"\" width=\"464\" height=\"464\" srcset=\"https:\/\/culturaneuroactiva.com\/site\/wp-content\/uploads\/2021\/06\/Trance-1-300x300.jpg 300w, https:\/\/culturaneuroactiva.com\/site\/wp-content\/uploads\/2021\/06\/Trance-1-150x150.jpg 150w, https:\/\/culturaneuroactiva.com\/site\/wp-content\/uploads\/2021\/06\/Trance-1.jpg 450w\" sizes=\"auto, (max-width: 464px) 100vw, 464px\" \/><\/a><\/p>\n<h6>\u00a0<\/h6>\n<h5><span style=\"color: #008080;\"><strong>Objetivos Arquet\u00edpicos<\/strong><\/span><\/h5>\n<ul>\n<li>\n<h6>Lograr la total depuraci\u00f3n en los aspectos f\u00edsicos, mentales y emocionales del ser, a trav\u00e9s de la impecabilidad integral.<\/h6>\n<\/li>\n<li>\n<h6>Descifrar y trascender la comodidad esencial, para alcanzar la Impecabilidad Integral.<\/h6>\n<\/li>\n<li>\n<h6>Retornar al estado de pureza, alinearse con la visi\u00f3n del observador para convertirse en un cocreador impecable.<\/h6>\n<\/li>\n<\/ul>\n<h6>\u00a0<\/h6>\n<h5><span style=\"color: #008080;\"><strong>Perfil B\u00e1sico<\/strong><\/span><\/h5>\n<ul>\n<li>\n<h6>Alcanzan el m\u00e1ximo nivel de depuraci\u00f3n del yo, y de manejo de la sombra interna y externa.<\/h6>\n<\/li>\n<li>\n<h6>Llegan al culmen de las posibilidades humanas.<\/h6>\n<\/li>\n<li>\n<h6>Son seres que manejan la multidimensionalidad.<\/h6>\n<\/li>\n<li>\n<h6>Se funden con la consciencia oce\u00e1nica.<\/h6>\n<\/li>\n<li>\n<h6>Manejan los elementos y las fuerzas de la naturaleza.<\/h6>\n<\/li>\n<li>\n<h6>Manejan a la perfecci\u00f3n el tiempo, el espacio, la materia, la mente y la consciencia.<\/h6>\n<\/li>\n<\/ul>\n<h6>\u00a0<\/h6>\n<h5><span style=\"color: #008080;\"><strong>Problem\u00e1ticas, Pruebas, Obst\u00e1culos y Escuelas Estructurales<\/strong><\/span><\/h5>\n<ul>\n<li>\n<h6>No haber depurado el yo integralmente, tener problemas con respecto a la integraci\u00f3n de los yoes multidimensionales.<\/h6>\n<\/li>\n<li>\n<h6>No haber alcanzado la insobornabilidad.<\/h6>\n<\/li>\n<li>\n<h6>No manejar la libertad integral.<\/h6>\n<\/li>\n<\/ul>\n<h6>\u00a0<\/h6>\n<h5><span style=\"color: #008080;\"><strong>Soluciones Estructurales y Recomendaciones<\/strong><\/span><\/h5>\n<ul>\n<li>\n<h6>Ser insobornable ante las tentaciones del mundo.<\/h6>\n<\/li>\n<li>\n<h6>Ser impecable y puro de coraz\u00f3n.<\/h6>\n<\/li>\n<\/ul>\n<h6>\u00a0<\/h6>\n<h5><span style=\"color: #008080;\"><strong>Sector del Inconsciente Colectivo o Contexto Social<\/strong><\/span><\/h5>\n<ul>\n<li>\n<h6>Corresponden al arquetipo de personas iluminadas que realizan milagros o sanaciones que desaf\u00edan la l\u00f3gica.<\/h6>\n<\/li>\n<\/ul>\n<h6>\u00a0<\/h6>\n<h5><span style=\"color: #008080;\"><strong>Manejo de la Realidad F\u00edsica<\/strong><\/span><\/h5>\n<ul>\n<li>\n<h6>Son maestros en el manejo de la Realidad F\u00edsica, a tal punto que manejan la materia a voluntad.<\/h6>\n<\/li>\n<\/ul>\n<h6>\u00a0<\/h6>\n<h5><span style=\"color: #008080;\"><strong>Nivel de manejo de la Realidad Espiritual<\/strong><\/span><\/h5>\n<ul>\n<li>\n<h6>Son maestros en el manejo de la Realidad Espiritual, a tal punto que manejan todos los poderes mentales a la perfecci\u00f3n.<\/h6>\n<\/li>\n<\/ul>\n<h6>\u00a0<\/h6>\n<h5><span style=\"color: #008080;\"><strong>Maestr\u00eda <\/strong><\/span><\/h5>\n<ul>\n<li>\n<h6>Manejar perfectamente la dimensi\u00f3n del querer (ser, expectativa, yo, gusto) y del poder (voluntad, prop\u00f3sito, intento), y tambi\u00e9n la dimensi\u00f3n del no ser (no desear) y del no hacer (fluir en el instante presente).<\/h6>\n<\/li>\n<li>\n<h6>Alcanzar la fusi\u00f3n total con el observador absoluto.<\/h6>\n<\/li>\n<li>\n<h6>Alcanzar un estado de pureza total.<\/h6>\n<\/li>\n<li>\n<h6>Culmen del Proceso de T\u00f3tem.<\/h6>\n<\/li>\n<li>\n<h6>Total depuraci\u00f3n del yo, alcanzar un estado de no ser.<\/h6>\n<\/li>\n<li>\n<h6>Impecabilidad Integral.<\/h6>\n<\/li>\n<\/ul>\n<p>\u00a0<\/p>\n\n\n<p><\/p>\n\n\n\n<h6 class=\"wp-block-heading\"><strong>Art\u00edculo extra\u00eddo del libro Mec\u00e1nica Psicobioespiritual.<\/strong><\/h6>\n\n\n\n<h6 class=\"wp-block-heading\"><strong>Autor: Juan David Silva Aguirre.<\/strong><\/h6>\n\n\n\n<figure class=\"wp-block-image is-resized\"><img loading=\"lazy\" decoding=\"async\" src=\"http:\/\/culturaneuroactiva.com\/site\/wp-content\/uploads\/2016\/03\/creative-comons-300x105.png\" alt=\"creative comons\" class=\"wp-image-637\" width=\"117\" height=\"41\" srcset=\"https:\/\/culturaneuroactiva.com\/site\/wp-content\/uploads\/2016\/03\/creative-comons-300x105.png 300w, https:\/\/culturaneuroactiva.com\/site\/wp-content\/uploads\/2016\/03\/creative-comons-392x141.png 392w, https:\/\/culturaneuroactiva.com\/site\/wp-content\/uploads\/2016\/03\/creative-comons-390x141.png 390w, https:\/\/culturaneuroactiva.com\/site\/wp-content\/uploads\/2016\/03\/creative-comons.png 403w\" sizes=\"auto, (max-width: 117px) 100vw, 117px\" \/><\/figure>\n\n\n\n<h6 class=\"wp-block-heading\"><strong>Encuentre&nbsp;las ocho etapas del Sistema Evolutivo Humano en la direcci\u00f3n:&nbsp;<\/strong><strong><a href=\"http:\/\/culturaneuroactiva.com\/site\/sistema-evolutivo-humano\/\">http:\/\/culturaneuroactiva.com\/site\/sistema-evolutivo-humano\/<\/a><\/strong><\/h6>\n\n\n\n<p><\/p>\n\n\n\n<h6 class=\"wp-block-heading\"><strong><span style=\"color:#0067a3\" class=\"has-inline-color\">TERAPIAS PAS<\/span><\/strong><\/h6>\n\n\n\n<h6 class=\"wp-block-heading\"><strong>Cita Previa: culturaneuroactiva@gmail.com (+57 Cel.3127994357)<\/strong><\/h6>\n\n\n\n<h6 class=\"wp-block-heading\"><a href=\"http:\/\/culturaneuroactiva.com\/site\/\" target=\"_blank\" rel=\"noreferrer noopener\">www.culturaneuroactiva.com<\/a><\/h6>\n\n\n\n<h6 class=\"wp-block-heading\"><strong>Medell\u00edn \u2013 Colombia.<\/strong><\/h6>\n","protected":false},"excerpt":{"rendered":"<p>\u00a0 Objetivos Arquet\u00edpicos Lograr la total depuraci\u00f3n en los aspectos f\u00edsicos, mentales y emocionales del ser, a trav\u00e9s de la<\/p>\n","protected":false},"author":1,"featured_media":0,"parent":0,"menu_order":0,"comment_status":"closed","ping_status":"closed","template":"","meta":{"colormag_page_layout":"default_layout","footnotes":""},"class_list":["post-446","page","type-page","status-publish","hentry"],"yoast_head":"<!-- This site is optimized with the Yoast SEO plugin v25.6 - https:\/\/yoast.com\/wordpress\/plugins\/seo\/ -->\n<title>Etapa Arco\u00edris Total - Cultura Neuroactiva<\/title>\n<meta name=\"robots\" content=\"index, follow, max-snippet:-1, max-image-preview:large, max-video-preview:-1\" \/>\n<link rel=\"canonical\" href=\"https:\/\/culturaneuroactiva.com\/site\/etapa-arcoiris-total\/\" \/>\n<meta property=\"og:locale\" content=\"es_ES\" \/>\n<meta property=\"og:type\" content=\"article\" \/>\n<meta property=\"og:title\" content=\"Etapa Arco\u00edris Total - Cultura Neuroactiva\" \/>\n<meta property=\"og:description\" content=\"\u00a0 Objetivos Arquet\u00edpicos Lograr la total depuraci\u00f3n en los aspectos f\u00edsicos, mentales y emocionales del ser, a trav\u00e9s de la\" \/>\n<meta property=\"og:url\" content=\"https:\/\/culturaneuroactiva.com\/site\/etapa-arcoiris-total\/\" \/>\n<meta property=\"og:site_name\" content=\"Cultura Neuroactiva\" \/>\n<meta property=\"article:publisher\" content=\"https:\/\/www.facebook.com\/cultura.neuroactiva\" \/>\n<meta property=\"article:modified_time\" content=\"2021-09-14T19:59:27+00:00\" \/>\n<meta property=\"og:image\" content=\"http:\/\/culturaneuroactiva.com\/site\/wp-content\/uploads\/2021\/06\/Trance-1-300x300.jpg\" \/>\n<meta name=\"twitter:card\" content=\"summary_large_image\" \/>\n<meta name=\"twitter:label1\" content=\"Tiempo de lectura\" \/>\n\t<meta name=\"twitter:data1\" content=\"2 minutos\" \/>\n<script type=\"application\/ld+json\" class=\"yoast-schema-graph\">{\"@context\":\"https:\/\/schema.org\",\"@graph\":[{\"@type\":\"WebPage\",\"@id\":\"https:\/\/culturaneuroactiva.com\/site\/etapa-arcoiris-total\/\",\"url\":\"https:\/\/culturaneuroactiva.com\/site\/etapa-arcoiris-total\/\",\"name\":\"Etapa Arco\u00edris Total - Cultura Neuroactiva\",\"isPartOf\":{\"@id\":\"https:\/\/culturaneuroactiva.com\/site\/#website\"},\"primaryImageOfPage\":{\"@id\":\"https:\/\/culturaneuroactiva.com\/site\/etapa-arcoiris-total\/#primaryimage\"},\"image\":{\"@id\":\"https:\/\/culturaneuroactiva.com\/site\/etapa-arcoiris-total\/#primaryimage\"},\"thumbnailUrl\":\"http:\/\/culturaneuroactiva.com\/site\/wp-content\/uploads\/2021\/06\/Trance-1-300x300.jpg\",\"datePublished\":\"2016-02-12T03:18:24+00:00\",\"dateModified\":\"2021-09-14T19:59:27+00:00\",\"breadcrumb\":{\"@id\":\"https:\/\/culturaneuroactiva.com\/site\/etapa-arcoiris-total\/#breadcrumb\"},\"inLanguage\":\"es\",\"potentialAction\":[{\"@type\":\"ReadAction\",\"target\":[\"https:\/\/culturaneuroactiva.com\/site\/etapa-arcoiris-total\/\"]}]},{\"@type\":\"ImageObject\",\"inLanguage\":\"es\",\"@id\":\"https:\/\/culturaneuroactiva.com\/site\/etapa-arcoiris-total\/#primaryimage\",\"url\":\"http:\/\/culturaneuroactiva.com\/site\/wp-content\/uploads\/2021\/06\/Trance-1-300x300.jpg\",\"contentUrl\":\"http:\/\/culturaneuroactiva.com\/site\/wp-content\/uploads\/2021\/06\/Trance-1-300x300.jpg\"},{\"@type\":\"BreadcrumbList\",\"@id\":\"https:\/\/culturaneuroactiva.com\/site\/etapa-arcoiris-total\/#breadcrumb\",\"itemListElement\":[{\"@type\":\"ListItem\",\"position\":1,\"name\":\"Portada\",\"item\":\"https:\/\/culturaneuroactiva.com\/site\/\"},{\"@type\":\"ListItem\",\"position\":2,\"name\":\"Etapa Arco\u00edris Total\"}]},{\"@type\":\"WebSite\",\"@id\":\"https:\/\/culturaneuroactiva.com\/site\/#website\",\"url\":\"https:\/\/culturaneuroactiva.com\/site\/\",\"name\":\"Cultura Neuroactiva\",\"description\":\"Gu\u00edas del Vivir Consciente\",\"potentialAction\":[{\"@type\":\"SearchAction\",\"target\":{\"@type\":\"EntryPoint\",\"urlTemplate\":\"https:\/\/culturaneuroactiva.com\/site\/?s={search_term_string}\"},\"query-input\":{\"@type\":\"PropertyValueSpecification\",\"valueRequired\":true,\"valueName\":\"search_term_string\"}}],\"inLanguage\":\"es\"}]}<\/script>\n<!-- \/ Yoast SEO plugin. -->","yoast_head_json":{"title":"Etapa Arco\u00edris Total - Cultura Neuroactiva","robots":{"index":"index","follow":"follow","max-snippet":"max-snippet:-1","max-image-preview":"max-image-preview:large","max-video-preview":"max-video-preview:-1"},"canonical":"https:\/\/culturaneuroactiva.com\/site\/etapa-arcoiris-total\/","og_locale":"es_ES","og_type":"article","og_title":"Etapa Arco\u00edris Total - Cultura Neuroactiva","og_description":"\u00a0 Objetivos Arquet\u00edpicos Lograr la total depuraci\u00f3n en los aspectos f\u00edsicos, mentales y emocionales del ser, a trav\u00e9s de la","og_url":"https:\/\/culturaneuroactiva.com\/site\/etapa-arcoiris-total\/","og_site_name":"Cultura Neuroactiva","article_publisher":"https:\/\/www.facebook.com\/cultura.neuroactiva","article_modified_time":"2021-09-14T19:59:27+00:00","og_image":[{"url":"http:\/\/culturaneuroactiva.com\/site\/wp-content\/uploads\/2021\/06\/Trance-1-300x300.jpg","type":"","width":"","height":""}],"twitter_card":"summary_large_image","twitter_misc":{"Tiempo de lectura":"2 minutos"},"schema":{"@context":"https:\/\/schema.org","@graph":[{"@type":"WebPage","@id":"https:\/\/culturaneuroactiva.com\/site\/etapa-arcoiris-total\/","url":"https:\/\/culturaneuroactiva.com\/site\/etapa-arcoiris-total\/","name":"Etapa Arco\u00edris Total - Cultura Neuroactiva","isPartOf":{"@id":"https:\/\/culturaneuroactiva.com\/site\/#website"},"primaryImageOfPage":{"@id":"https:\/\/culturaneuroactiva.com\/site\/etapa-arcoiris-total\/#primaryimage"},"image":{"@id":"https:\/\/culturaneuroactiva.com\/site\/etapa-arcoiris-total\/#primaryimage"},"thumbnailUrl":"http:\/\/culturaneuroactiva.com\/site\/wp-content\/uploads\/2021\/06\/Trance-1-300x300.jpg","datePublished":"2016-02-12T03:18:24+00:00","dateModified":"2021-09-14T19:59:27+00:00","breadcrumb":{"@id":"https:\/\/culturaneuroactiva.com\/site\/etapa-arcoiris-total\/#breadcrumb"},"inLanguage":"es","potentialAction":[{"@type":"ReadAction","target":["https:\/\/culturaneuroactiva.com\/site\/etapa-arcoiris-total\/"]}]},{"@type":"ImageObject","inLanguage":"es","@id":"https:\/\/culturaneuroactiva.com\/site\/etapa-arcoiris-total\/#primaryimage","url":"http:\/\/culturaneuroactiva.com\/site\/wp-content\/uploads\/2021\/06\/Trance-1-300x300.jpg","contentUrl":"http:\/\/culturaneuroactiva.com\/site\/wp-content\/uploads\/2021\/06\/Trance-1-300x300.jpg"},{"@type":"BreadcrumbList","@id":"https:\/\/culturaneuroactiva.com\/site\/etapa-arcoiris-total\/#breadcrumb","itemListElement":[{"@type":"ListItem","position":1,"name":"Portada","item":"https:\/\/culturaneuroactiva.com\/site\/"},{"@type":"ListItem","position":2,"name":"Etapa Arco\u00edris Total"}]},{"@type":"WebSite","@id":"https:\/\/culturaneuroactiva.com\/site\/#website","url":"https:\/\/culturaneuroactiva.com\/site\/","name":"Cultura Neuroactiva","description":"Gu\u00edas del Vivir Consciente","potentialAction":[{"@type":"SearchAction","target":{"@type":"EntryPoint","urlTemplate":"https:\/\/culturaneuroactiva.com\/site\/?s={search_term_string}"},"query-input":{"@type":"PropertyValueSpecification","valueRequired":true,"valueName":"search_term_string"}}],"inLanguage":"es"}]}},"_links":{"self":[{"href":"https:\/\/culturaneuroactiva.com\/site\/wp-json\/wp\/v2\/pages\/446","targetHints":{"allow":["GET"]}}],"collection":[{"href":"https:\/\/culturaneuroactiva.com\/site\/wp-json\/wp\/v2\/pages"}],"about":[{"href":"https:\/\/culturaneuroactiva.com\/site\/wp-json\/wp\/v2\/types\/page"}],"author":[{"embeddable":true,"href":"https:\/\/culturaneuroactiva.com\/site\/wp-json\/wp\/v2\/users\/1"}],"replies":[{"embeddable":true,"href":"https:\/\/culturaneuroactiva.com\/site\/wp-json\/wp\/v2\/comments?post=446"}],"version-history":[{"count":9,"href":"https:\/\/culturaneuroactiva.com\/site\/wp-json\/wp\/v2\/pages\/446\/revisions"}],"predecessor-version":[{"id":2697,"href":"https:\/\/culturaneuroactiva.com\/site\/wp-json\/wp\/v2\/pages\/446\/revisions\/2697"}],"wp:attachment":[{"href":"https:\/\/culturaneuroactiva.com\/site\/wp-json\/wp\/v2\/media?parent=446"}],"curies":[{"name":"wp","href":"https:\/\/api.w.org\/{rel}","templated":true}]}}