{"id":444,"date":"2016-02-12T03:16:00","date_gmt":"2016-02-12T03:16:00","guid":{"rendered":"http:\/\/culturaneuroactiva.com\/site\/?page_id=444"},"modified":"2021-09-14T19:08:22","modified_gmt":"2021-09-14T19:08:22","slug":"etapa-neuronormal","status":"publish","type":"page","link":"https:\/\/culturaneuroactiva.com\/site\/etapa-neuronormal\/","title":{"rendered":"Etapa Neuronormal"},"content":{"rendered":"<h2><a href=\"http:\/\/culturaneuroactiva.com\/site\/wp-content\/uploads\/2016\/06\/Personas-Neuronormales-1-e1467619398620.jpg\"><img loading=\"lazy\" decoding=\"async\" class=\" wp-image-1421 aligncenter\" src=\"http:\/\/culturaneuroactiva.com\/site\/wp-content\/uploads\/2016\/06\/Personas-Neuronormales-1-e1467619398620-300x288.jpg\" alt=\"Personas Neuronormales 1\" width=\"469\" height=\"451\" \/><\/a><\/h2>\n<h5><span style=\"color: #008080;\"><strong>Perfil B\u00e1sico<\/strong><\/span><\/h5>\n<ul>\n<li>\n<h6>Corresponde al florecimiento del viejo paradigma y al reinado del Modo Cognitivo F\u00edsico.<\/h6>\n<\/li>\n<li>\n<h6>El perfil es el de la persona que encaja en el sistema (sin importar su nivel econ\u00f3mico), y est\u00e1 totalmente regida por los par\u00e1metros del inconsciente colectivo.<\/h6>\n<\/li>\n<li>\n<h6>Son personas que luchan por pertenecer al sistema, para poder cubrir sus necesidades del querer, que es por lo general un querer est\u00e1ndar, proveniente de las necesidades creadas por el inconsciente colectivo: seguridad, bienestar, belleza, juventud, riqueza, fama, lujo, prestigio, placer, etc.<\/h6>\n<\/li>\n<li>\n<h6>Son personas que giran en torno a trabajar para poder producir y tener con que consumir.<\/h6>\n<\/li>\n<li>\n<h6>Renuncian a sus sue\u00f1os a cambio de la aparente seguridad que les proporciona el sistema.<\/h6>\n<\/li>\n<li>\n<h6>Se adaptan a la norma sin cuestionarla.<\/h6>\n<\/li>\n<li>\n<h6>No son l\u00edderes sino seguidores.<\/h6>\n<\/li>\n<li>\n<h6>Le huyen al riesgo y buscan la seguridad a toda costa.<\/h6>\n<\/li>\n<\/ul>\n<h6><\/h6>\n<h5><span style=\"color: #008080;\"><strong>Objetivos Arquet\u00edpicos<\/strong><\/span><\/h5>\n<ul>\n<li>\n<h6>Adaptarse al mundo\u00a0y vincularse al sistema.<\/h6>\n<\/li>\n<li>\n<h6>Sobrevivir.<\/h6>\n<\/li>\n<li>\n<h6>Ser un buen seguidor.<\/h6>\n<\/li>\n<li>\n<h6>Experimentar el yo quiero en toda su dimensi\u00f3n, para poder encontrar sus necesidades reales, y llegar as\u00ed a conocerse a s\u00ed mismo por la v\u00eda del descarte.<\/h6>\n<\/li>\n<\/ul>\n<h6><\/h6>\n<h5><strong><span style=\"color: #008080;\">Problem\u00e1ticas, Pruebas\u00a0y Obst\u00e1culos<\/span> \u00a0<\/strong><\/h5>\n<ul>\n<li>\n<h6>Cuando no consiguen lo que quieren sienten frustraci\u00f3n y que la vida no es justa, debido a su sentido de comparaci\u00f3n y competici\u00f3n, y por ello entran en estado de baja autoestima.<\/h6>\n<\/li>\n<li>\n<h6>Est\u00e1n encerrados en una sola posibilidad de realidad, y cuando esta se pone dif\u00edcil se sienten acorralados.<\/h6>\n<\/li>\n<li>\n<h6>Son luchadores contra la vida, ya que no les sirve casi nada de lo que la vida les trae, y por ello viven en una constante lucha interna.<\/h6>\n<\/li>\n<li>\n<h6>Sienten injusticia social, y por el otro lado tambi\u00e9n son los gestores de esta injusticia, directa o indirectamente.<\/h6>\n<\/li>\n<li>\n<h6>Son psicor\u00edgidos.<\/h6>\n<\/li>\n<\/ul>\n<h6><\/h6>\n<h5><span style=\"color: #008080;\"><strong>Soluciones y Recomendaciones<\/strong><\/span><\/h5>\n<ul>\n<li>\n<h6>Mostrarles posibilidades nuevas para hacer o conseguir las cosas.<\/h6>\n<\/li>\n<li>\n<h6>Hacer ejercicios de Neuroestimulaci\u00f3n.<\/h6>\n<\/li>\n<li>\n<h6>Vivir intensamente, sin temores ni prejuicios.<\/h6>\n<\/li>\n<li>\n<h6>Luchar por los ideales hasta conseguirlos.<\/h6>\n<\/li>\n<li>\n<h6>Pasar por la experiencia con buen \u00e1nimo, decisi\u00f3n y entrega, pero tomando las medidas preventivas posibles.<\/h6>\n<\/li>\n<li>\n<h6>Conseguir lo que se quiere es la \u00fanica manera para quemar este estad\u00edo integralmente, ya que al darse cuenta de lo que no se es, el ser recorre el camino de \u201ccomerse al mundo\u201d para buscarse a s\u00ed mismo, y por descarte lograr avanzar al ser real, a lo que si se es.<\/h6>\n<\/li>\n<li>\n<h6>Saber que \u00e9sta no es la \u00fanica realidad posible, y que hay maneras para ingresar en otros estados m\u00e1s serenos, m\u00e1s claros, m\u00e1s plenos.<\/h6>\n<\/li>\n<\/ul>\n<h6><strong>\u00a0<\/strong><\/h6>\n<h5><span style=\"color: #008080;\"><strong>Contexto Social<\/strong><\/span><\/h5>\n<ul>\n<li>\n<h6>Son las personas comunes y grupos sociales que constituyen la base de la sociedad.<\/h6>\n<\/li>\n<li>\n<h6>Pertenecen al sistema en todos los aspectos y manifestaciones.<\/h6>\n<\/li>\n<li>\n<h6>Por lo general son los defensores de las normas y lineamientos del sistema social.<\/h6>\n<\/li>\n<li>\n<h6>Corresponden a la clase obrera que alimenta a las empresas del sistema.<\/h6>\n<\/li>\n<\/ul>\n<h6><\/h6>\n<h5><span style=\"color: #008080;\"><strong>Manejo de la Realidad F\u00edsica<\/strong><\/span><\/h5>\n<ul>\n<li>\n<h6>Tiene un nivel de manejo de la Realidad F\u00edsica est\u00e1ndar, que es muy funcional pero no sobresale en nada.<\/h6>\n<\/li>\n<li>\n<h6>Son personas que lo \u00fanico que conocen es la Realidad Cotidiana, y creen que lo \u00fanico que existe es lo que ven sus ojos.<\/h6>\n<\/li>\n<li>\n<h6>Son regidos por la raz\u00f3n y la l\u00f3gica.<\/h6>\n<\/li>\n<\/ul>\n<h6><strong>\u00a0<\/strong><\/h6>\n<h5><span style=\"color: #008080;\"><strong>Manejo de la Realidad Espiritual<\/strong><\/span><\/h5>\n<ul>\n<li>\n<h6>Tienen un manejo nulo de la Realidad Espiritual.<\/h6>\n<\/li>\n<li>\n<h6>El misticismo lo viven como un dogma o religi\u00f3n.<\/h6>\n<\/li>\n<\/ul>\n<h6><strong>\u00a0<\/strong><\/h6>\n<h5><span style=\"color: #008080;\"><strong>Maestr\u00eda<\/strong><\/span><\/h5>\n<ul>\n<li>\n<h6>Moverse en el mundo con total fluidez en cualquiera de sus l\u00edneas, tanto positivas como negativas, hasta generar una pertenencia total.<\/h6>\n<\/li>\n<li>\n<h6>Lograr fusionarse con el medio.<\/h6>\n<\/li>\n<li>\n<h6>Pertenecer a un grupo social que lo acoja y en el que sea importante.<\/h6>\n<\/li>\n<\/ul>\n<p>.<\/p>\n<div id=\"content\" class=\"clearfix\">\n<article id=\"post-1508\" class=\"post-1508 post type-post status-publish format-standard has-post-thumbnail hentry category-cultura-emergente\">\n<div class=\"article-content clearfix\">\n<div class=\"entry-content clearfix\">\n<h6><span style=\"color: #008080;\"><strong>Art\u00edculo extra\u00eddo del libro Mec\u00e1nica Psicobioespiritual.<\/strong><\/span><\/h6>\n<h6><strong><span style=\"color: #008080;\">Autor:<\/span> Juan David Silva Aguirre.<\/strong><\/h6>\n<h6><strong><img loading=\"lazy\" decoding=\"async\" class=\"alignnone wp-image-637\" src=\"http:\/\/culturaneuroactiva.com\/site\/wp-content\/uploads\/2016\/03\/creative-comons-300x105.png\" sizes=\"auto, (max-width: 100px) 100vw, 100px\" srcset=\"http:\/\/culturaneuroactiva.com\/site\/wp-content\/uploads\/2016\/03\/creative-comons-300x105.png 300w, http:\/\/culturaneuroactiva.com\/site\/wp-content\/uploads\/2016\/03\/creative-comons-392x141.png 392w, http:\/\/culturaneuroactiva.com\/site\/wp-content\/uploads\/2016\/03\/creative-comons-390x141.png 390w, http:\/\/culturaneuroactiva.com\/site\/wp-content\/uploads\/2016\/03\/creative-comons.png 403w\" alt=\"creative comons\" width=\"100\" height=\"35\" \/><\/strong><\/h6>\n<h6><strong>Encuentre las ocho etapas del Sistema Evolutivo Humano en el siguiente enlace <\/strong><strong><a href=\"http:\/\/culturaneuroactiva.com\/site\/sistema-evolutivo-humano\/\">http:\/\/culturaneuroactiva.com\/site\/sistema-evolutivo-humano\/<\/a><\/strong><\/h6>\n<h6><\/h6>\n<h6><span style=\"color: #008080;\"><strong>TERAPIAS DE PAS<\/strong><\/span><\/h6>\n<h6><strong>Cita Previa: culturaneuroactiva@gmail.com (Cel.+57 3127994357)<\/strong><\/h6>\n<h6><a href=\"http:\/\/culturaneuroactiva.com\/site\/\" target=\"_blank\" rel=\"noopener\">www.culturaneuroactiva.com<\/a><\/h6>\n<h6><strong>Medell\u00edn \u2013 Colombia<\/strong><\/h6>\n<\/div>\n<\/div>\n<\/article>\n<\/div>\n","protected":false},"excerpt":{"rendered":"<p>Perfil B\u00e1sico Corresponde al florecimiento del viejo paradigma y al reinado del Modo Cognitivo F\u00edsico. El perfil es el de<\/p>\n","protected":false},"author":1,"featured_media":0,"parent":0,"menu_order":0,"comment_status":"closed","ping_status":"closed","template":"","meta":{"colormag_page_layout":"default_layout","footnotes":""},"class_list":["post-444","page","type-page","status-publish","hentry"],"yoast_head":"<!-- This site is optimized with the Yoast SEO plugin v25.6 - https:\/\/yoast.com\/wordpress\/plugins\/seo\/ -->\n<title>Etapa Neuronormal - Cultura Neuroactiva<\/title>\n<meta name=\"robots\" content=\"index, follow, max-snippet:-1, max-image-preview:large, max-video-preview:-1\" \/>\n<link rel=\"canonical\" href=\"https:\/\/culturaneuroactiva.com\/site\/etapa-neuronormal\/\" \/>\n<meta property=\"og:locale\" content=\"es_ES\" \/>\n<meta property=\"og:type\" content=\"article\" \/>\n<meta property=\"og:title\" content=\"Etapa Neuronormal - Cultura Neuroactiva\" \/>\n<meta property=\"og:description\" content=\"Perfil B\u00e1sico Corresponde al florecimiento del viejo paradigma y al reinado del Modo Cognitivo F\u00edsico. El perfil es el de\" \/>\n<meta property=\"og:url\" content=\"https:\/\/culturaneuroactiva.com\/site\/etapa-neuronormal\/\" \/>\n<meta property=\"og:site_name\" content=\"Cultura Neuroactiva\" \/>\n<meta property=\"article:publisher\" content=\"https:\/\/www.facebook.com\/cultura.neuroactiva\" \/>\n<meta property=\"article:modified_time\" content=\"2021-09-14T19:08:22+00:00\" \/>\n<meta property=\"og:image\" content=\"http:\/\/culturaneuroactiva.com\/site\/wp-content\/uploads\/2016\/06\/Personas-Neuronormales-1-e1467619398620-300x288.jpg\" \/>\n<meta name=\"twitter:card\" content=\"summary_large_image\" \/>\n<meta name=\"twitter:label1\" content=\"Tiempo de lectura\" \/>\n\t<meta name=\"twitter:data1\" content=\"4 minutos\" \/>\n<script type=\"application\/ld+json\" class=\"yoast-schema-graph\">{\"@context\":\"https:\/\/schema.org\",\"@graph\":[{\"@type\":\"WebPage\",\"@id\":\"https:\/\/culturaneuroactiva.com\/site\/etapa-neuronormal\/\",\"url\":\"https:\/\/culturaneuroactiva.com\/site\/etapa-neuronormal\/\",\"name\":\"Etapa Neuronormal - Cultura Neuroactiva\",\"isPartOf\":{\"@id\":\"https:\/\/culturaneuroactiva.com\/site\/#website\"},\"primaryImageOfPage\":{\"@id\":\"https:\/\/culturaneuroactiva.com\/site\/etapa-neuronormal\/#primaryimage\"},\"image\":{\"@id\":\"https:\/\/culturaneuroactiva.com\/site\/etapa-neuronormal\/#primaryimage\"},\"thumbnailUrl\":\"http:\/\/culturaneuroactiva.com\/site\/wp-content\/uploads\/2016\/06\/Personas-Neuronormales-1-e1467619398620-300x288.jpg\",\"datePublished\":\"2016-02-12T03:16:00+00:00\",\"dateModified\":\"2021-09-14T19:08:22+00:00\",\"breadcrumb\":{\"@id\":\"https:\/\/culturaneuroactiva.com\/site\/etapa-neuronormal\/#breadcrumb\"},\"inLanguage\":\"es\",\"potentialAction\":[{\"@type\":\"ReadAction\",\"target\":[\"https:\/\/culturaneuroactiva.com\/site\/etapa-neuronormal\/\"]}]},{\"@type\":\"ImageObject\",\"inLanguage\":\"es\",\"@id\":\"https:\/\/culturaneuroactiva.com\/site\/etapa-neuronormal\/#primaryimage\",\"url\":\"http:\/\/culturaneuroactiva.com\/site\/wp-content\/uploads\/2016\/06\/Personas-Neuronormales-1-e1467619398620-300x288.jpg\",\"contentUrl\":\"http:\/\/culturaneuroactiva.com\/site\/wp-content\/uploads\/2016\/06\/Personas-Neuronormales-1-e1467619398620-300x288.jpg\"},{\"@type\":\"BreadcrumbList\",\"@id\":\"https:\/\/culturaneuroactiva.com\/site\/etapa-neuronormal\/#breadcrumb\",\"itemListElement\":[{\"@type\":\"ListItem\",\"position\":1,\"name\":\"Portada\",\"item\":\"https:\/\/culturaneuroactiva.com\/site\/\"},{\"@type\":\"ListItem\",\"position\":2,\"name\":\"Etapa Neuronormal\"}]},{\"@type\":\"WebSite\",\"@id\":\"https:\/\/culturaneuroactiva.com\/site\/#website\",\"url\":\"https:\/\/culturaneuroactiva.com\/site\/\",\"name\":\"Cultura Neuroactiva\",\"description\":\"Gu\u00edas del Vivir Consciente\",\"potentialAction\":[{\"@type\":\"SearchAction\",\"target\":{\"@type\":\"EntryPoint\",\"urlTemplate\":\"https:\/\/culturaneuroactiva.com\/site\/?s={search_term_string}\"},\"query-input\":{\"@type\":\"PropertyValueSpecification\",\"valueRequired\":true,\"valueName\":\"search_term_string\"}}],\"inLanguage\":\"es\"}]}<\/script>\n<!-- \/ Yoast SEO plugin. -->","yoast_head_json":{"title":"Etapa Neuronormal - Cultura Neuroactiva","robots":{"index":"index","follow":"follow","max-snippet":"max-snippet:-1","max-image-preview":"max-image-preview:large","max-video-preview":"max-video-preview:-1"},"canonical":"https:\/\/culturaneuroactiva.com\/site\/etapa-neuronormal\/","og_locale":"es_ES","og_type":"article","og_title":"Etapa Neuronormal - Cultura Neuroactiva","og_description":"Perfil B\u00e1sico Corresponde al florecimiento del viejo paradigma y al reinado del Modo Cognitivo F\u00edsico. El perfil es el de","og_url":"https:\/\/culturaneuroactiva.com\/site\/etapa-neuronormal\/","og_site_name":"Cultura Neuroactiva","article_publisher":"https:\/\/www.facebook.com\/cultura.neuroactiva","article_modified_time":"2021-09-14T19:08:22+00:00","og_image":[{"url":"http:\/\/culturaneuroactiva.com\/site\/wp-content\/uploads\/2016\/06\/Personas-Neuronormales-1-e1467619398620-300x288.jpg","type":"","width":"","height":""}],"twitter_card":"summary_large_image","twitter_misc":{"Tiempo de lectura":"4 minutos"},"schema":{"@context":"https:\/\/schema.org","@graph":[{"@type":"WebPage","@id":"https:\/\/culturaneuroactiva.com\/site\/etapa-neuronormal\/","url":"https:\/\/culturaneuroactiva.com\/site\/etapa-neuronormal\/","name":"Etapa Neuronormal - Cultura Neuroactiva","isPartOf":{"@id":"https:\/\/culturaneuroactiva.com\/site\/#website"},"primaryImageOfPage":{"@id":"https:\/\/culturaneuroactiva.com\/site\/etapa-neuronormal\/#primaryimage"},"image":{"@id":"https:\/\/culturaneuroactiva.com\/site\/etapa-neuronormal\/#primaryimage"},"thumbnailUrl":"http:\/\/culturaneuroactiva.com\/site\/wp-content\/uploads\/2016\/06\/Personas-Neuronormales-1-e1467619398620-300x288.jpg","datePublished":"2016-02-12T03:16:00+00:00","dateModified":"2021-09-14T19:08:22+00:00","breadcrumb":{"@id":"https:\/\/culturaneuroactiva.com\/site\/etapa-neuronormal\/#breadcrumb"},"inLanguage":"es","potentialAction":[{"@type":"ReadAction","target":["https:\/\/culturaneuroactiva.com\/site\/etapa-neuronormal\/"]}]},{"@type":"ImageObject","inLanguage":"es","@id":"https:\/\/culturaneuroactiva.com\/site\/etapa-neuronormal\/#primaryimage","url":"http:\/\/culturaneuroactiva.com\/site\/wp-content\/uploads\/2016\/06\/Personas-Neuronormales-1-e1467619398620-300x288.jpg","contentUrl":"http:\/\/culturaneuroactiva.com\/site\/wp-content\/uploads\/2016\/06\/Personas-Neuronormales-1-e1467619398620-300x288.jpg"},{"@type":"BreadcrumbList","@id":"https:\/\/culturaneuroactiva.com\/site\/etapa-neuronormal\/#breadcrumb","itemListElement":[{"@type":"ListItem","position":1,"name":"Portada","item":"https:\/\/culturaneuroactiva.com\/site\/"},{"@type":"ListItem","position":2,"name":"Etapa Neuronormal"}]},{"@type":"WebSite","@id":"https:\/\/culturaneuroactiva.com\/site\/#website","url":"https:\/\/culturaneuroactiva.com\/site\/","name":"Cultura Neuroactiva","description":"Gu\u00edas del Vivir Consciente","potentialAction":[{"@type":"SearchAction","target":{"@type":"EntryPoint","urlTemplate":"https:\/\/culturaneuroactiva.com\/site\/?s={search_term_string}"},"query-input":{"@type":"PropertyValueSpecification","valueRequired":true,"valueName":"search_term_string"}}],"inLanguage":"es"}]}},"_links":{"self":[{"href":"https:\/\/culturaneuroactiva.com\/site\/wp-json\/wp\/v2\/pages\/444","targetHints":{"allow":["GET"]}}],"collection":[{"href":"https:\/\/culturaneuroactiva.com\/site\/wp-json\/wp\/v2\/pages"}],"about":[{"href":"https:\/\/culturaneuroactiva.com\/site\/wp-json\/wp\/v2\/types\/page"}],"author":[{"embeddable":true,"href":"https:\/\/culturaneuroactiva.com\/site\/wp-json\/wp\/v2\/users\/1"}],"replies":[{"embeddable":true,"href":"https:\/\/culturaneuroactiva.com\/site\/wp-json\/wp\/v2\/comments?post=444"}],"version-history":[{"count":13,"href":"https:\/\/culturaneuroactiva.com\/site\/wp-json\/wp\/v2\/pages\/444\/revisions"}],"predecessor-version":[{"id":2680,"href":"https:\/\/culturaneuroactiva.com\/site\/wp-json\/wp\/v2\/pages\/444\/revisions\/2680"}],"wp:attachment":[{"href":"https:\/\/culturaneuroactiva.com\/site\/wp-json\/wp\/v2\/media?parent=444"}],"curies":[{"name":"wp","href":"https:\/\/api.w.org\/{rel}","templated":true}]}}