{"id":438,"date":"2016-02-12T01:56:52","date_gmt":"2016-02-12T01:56:52","guid":{"rendered":"http:\/\/culturaneuroactiva.com\/site\/?page_id=438"},"modified":"2023-04-12T01:42:02","modified_gmt":"2023-04-12T01:42:02","slug":"principios-del-nuevo-paradigma","status":"publish","type":"page","link":"https:\/\/culturaneuroactiva.com\/site\/principios-del-nuevo-paradigma\/","title":{"rendered":"Principios del Nuevo Paradigma"},"content":{"rendered":"<h6 style=\"text-align: justify;\"><span style=\"color: #003366;\">El nuevo paradigma es el sistema de creencias, valores y modos de vida, que est\u00e1 surgiendo a partir de las personas neuroactivas, y que trae una profunda transformacion a nivel individual, social y planetario, est\u00e1 basado en los siguientes principios:<\/span><\/h6>\n<ul>\n<li style=\"text-align: justify;\">\n<h6>Corresponde a la fusi\u00f3n de ambos modos cognitivos, o sea, a moverse en ambos lados de la realidad con igual destreza, gracias a la activaci\u00f3n integrada de los sentidos internos y los sentidos internos.<\/h6>\n<\/li>\n<li style=\"text-align: justify;\">\n<h6>Corresponde a la etapa Cristal y Arco\u00edris del Proceso de Neuroactivaci\u00f3n.<\/h6>\n<\/li>\n<li style=\"text-align: justify;\">\n<h6>Est\u00e1 regido por el hacer fluido, por la aceptaci\u00f3n, por la autorrealizaci\u00f3n, por lo innovador, lo misterioso, lo evolutivo y lo novedoso.<\/h6>\n<\/li>\n<li style=\"text-align: justify;\">\n<h6>Sus valores principales son el cooperativismo, la asertividad, la experiencia, la belleza interna, la plenitud, el equilibrio y la serenidad.<\/h6>\n<\/li>\n<li style=\"text-align: justify;\">\n<h6>Se vive en pos de alcanzar los sue\u00f1os, sigui\u00e9ndose a s\u00ed mismo a cada instante, y se trabaja en la realizaci\u00f3n de la misi\u00f3n, ejerciendo los talentos propios.<\/h6>\n<\/li>\n<li style=\"text-align: justify;\">\n<h6>Se fusiona el querer y el hacer en un tiempo unificado.<\/h6>\n<\/li>\n<li style=\"text-align: justify;\">\n<h6>Se vive la realidad a trav\u00e9s del estar abierto a las infinitas posibilidades.<\/h6>\n<\/li>\n<li style=\"text-align: justify;\">\n<h6>Se vive en un tiempo vertical regido por el instante presente, pero sin perder el manejo del tiempo horizontal.<\/h6>\n<\/li>\n<li style=\"text-align: justify;\">\n<h6>Se maneja la igualdad y la compasi\u00f3n.<\/h6>\n<\/li>\n<li style=\"text-align: justify;\">\n<h6>El punto de referencia es interno, y consiste en moverse a trav\u00e9s de la fluidez y la claridad de lo que se es y de lo que se hace, para poder no desviarse del camino que conduce a la realizaci\u00f3n de los sue\u00f1os y a la consecuci\u00f3n de la plenitud.<\/h6>\n<\/li>\n<li style=\"text-align: justify;\">\n<h6>Se tiene una visi\u00f3n total de la realidad, que se caracteriza por ser siempre objetiva, equilibrada y en la justa medida.<\/h6>\n<\/li>\n<li style=\"text-align: justify;\">\n<h6>Est\u00e1 regido por el no ser y por el no hacer, sin perder el manejo de lo contrario.<\/h6>\n<\/li>\n<li style=\"text-align: justify;\">\n<h6>El tiempo es arte, sin perder el manejo de lo contrario.<\/h6>\n<\/li>\n<\/ul>\n","protected":false},"excerpt":{"rendered":"<p>El nuevo paradigma es el sistema de creencias, valores y modos de vida, que est\u00e1 surgiendo a partir de las<\/p>\n","protected":false},"author":1,"featured_media":0,"parent":0,"menu_order":0,"comment_status":"closed","ping_status":"closed","template":"","meta":{"colormag_page_layout":"no_sidebar_content_centered","footnotes":""},"class_list":["post-438","page","type-page","status-publish","hentry"],"yoast_head":"<!-- This site is optimized with the Yoast SEO plugin v25.6 - https:\/\/yoast.com\/wordpress\/plugins\/seo\/ -->\n<title>Principios del Nuevo Paradigma - Cultura Neuroactiva<\/title>\n<meta name=\"robots\" content=\"index, follow, max-snippet:-1, max-image-preview:large, max-video-preview:-1\" \/>\n<link rel=\"canonical\" href=\"https:\/\/culturaneuroactiva.com\/site\/principios-del-nuevo-paradigma\/\" \/>\n<meta property=\"og:locale\" content=\"es_ES\" \/>\n<meta property=\"og:type\" content=\"article\" \/>\n<meta property=\"og:title\" content=\"Principios del Nuevo Paradigma - Cultura Neuroactiva\" \/>\n<meta property=\"og:description\" content=\"El nuevo paradigma es el sistema de creencias, valores y modos de vida, que est\u00e1 surgiendo a partir de las\" \/>\n<meta property=\"og:url\" content=\"https:\/\/culturaneuroactiva.com\/site\/principios-del-nuevo-paradigma\/\" \/>\n<meta property=\"og:site_name\" content=\"Cultura Neuroactiva\" \/>\n<meta property=\"article:publisher\" content=\"https:\/\/www.facebook.com\/cultura.neuroactiva\" \/>\n<meta property=\"article:modified_time\" content=\"2023-04-12T01:42:02+00:00\" \/>\n<meta name=\"twitter:card\" content=\"summary_large_image\" \/>\n<meta name=\"twitter:label1\" content=\"Tiempo de lectura\" \/>\n\t<meta name=\"twitter:data1\" content=\"2 minutos\" \/>\n<script type=\"application\/ld+json\" class=\"yoast-schema-graph\">{\"@context\":\"https:\/\/schema.org\",\"@graph\":[{\"@type\":\"WebPage\",\"@id\":\"https:\/\/culturaneuroactiva.com\/site\/principios-del-nuevo-paradigma\/\",\"url\":\"https:\/\/culturaneuroactiva.com\/site\/principios-del-nuevo-paradigma\/\",\"name\":\"Principios del Nuevo Paradigma - Cultura Neuroactiva\",\"isPartOf\":{\"@id\":\"https:\/\/culturaneuroactiva.com\/site\/#website\"},\"datePublished\":\"2016-02-12T01:56:52+00:00\",\"dateModified\":\"2023-04-12T01:42:02+00:00\",\"breadcrumb\":{\"@id\":\"https:\/\/culturaneuroactiva.com\/site\/principios-del-nuevo-paradigma\/#breadcrumb\"},\"inLanguage\":\"es\",\"potentialAction\":[{\"@type\":\"ReadAction\",\"target\":[\"https:\/\/culturaneuroactiva.com\/site\/principios-del-nuevo-paradigma\/\"]}]},{\"@type\":\"BreadcrumbList\",\"@id\":\"https:\/\/culturaneuroactiva.com\/site\/principios-del-nuevo-paradigma\/#breadcrumb\",\"itemListElement\":[{\"@type\":\"ListItem\",\"position\":1,\"name\":\"Portada\",\"item\":\"https:\/\/culturaneuroactiva.com\/site\/\"},{\"@type\":\"ListItem\",\"position\":2,\"name\":\"Principios del Nuevo Paradigma\"}]},{\"@type\":\"WebSite\",\"@id\":\"https:\/\/culturaneuroactiva.com\/site\/#website\",\"url\":\"https:\/\/culturaneuroactiva.com\/site\/\",\"name\":\"Cultura Neuroactiva\",\"description\":\"Gu\u00edas del Vivir Consciente\",\"potentialAction\":[{\"@type\":\"SearchAction\",\"target\":{\"@type\":\"EntryPoint\",\"urlTemplate\":\"https:\/\/culturaneuroactiva.com\/site\/?s={search_term_string}\"},\"query-input\":{\"@type\":\"PropertyValueSpecification\",\"valueRequired\":true,\"valueName\":\"search_term_string\"}}],\"inLanguage\":\"es\"}]}<\/script>\n<!-- \/ Yoast SEO plugin. -->","yoast_head_json":{"title":"Principios del Nuevo Paradigma - Cultura Neuroactiva","robots":{"index":"index","follow":"follow","max-snippet":"max-snippet:-1","max-image-preview":"max-image-preview:large","max-video-preview":"max-video-preview:-1"},"canonical":"https:\/\/culturaneuroactiva.com\/site\/principios-del-nuevo-paradigma\/","og_locale":"es_ES","og_type":"article","og_title":"Principios del Nuevo Paradigma - Cultura Neuroactiva","og_description":"El nuevo paradigma es el sistema de creencias, valores y modos de vida, que est\u00e1 surgiendo a partir de las","og_url":"https:\/\/culturaneuroactiva.com\/site\/principios-del-nuevo-paradigma\/","og_site_name":"Cultura Neuroactiva","article_publisher":"https:\/\/www.facebook.com\/cultura.neuroactiva","article_modified_time":"2023-04-12T01:42:02+00:00","twitter_card":"summary_large_image","twitter_misc":{"Tiempo de lectura":"2 minutos"},"schema":{"@context":"https:\/\/schema.org","@graph":[{"@type":"WebPage","@id":"https:\/\/culturaneuroactiva.com\/site\/principios-del-nuevo-paradigma\/","url":"https:\/\/culturaneuroactiva.com\/site\/principios-del-nuevo-paradigma\/","name":"Principios del Nuevo Paradigma - Cultura Neuroactiva","isPartOf":{"@id":"https:\/\/culturaneuroactiva.com\/site\/#website"},"datePublished":"2016-02-12T01:56:52+00:00","dateModified":"2023-04-12T01:42:02+00:00","breadcrumb":{"@id":"https:\/\/culturaneuroactiva.com\/site\/principios-del-nuevo-paradigma\/#breadcrumb"},"inLanguage":"es","potentialAction":[{"@type":"ReadAction","target":["https:\/\/culturaneuroactiva.com\/site\/principios-del-nuevo-paradigma\/"]}]},{"@type":"BreadcrumbList","@id":"https:\/\/culturaneuroactiva.com\/site\/principios-del-nuevo-paradigma\/#breadcrumb","itemListElement":[{"@type":"ListItem","position":1,"name":"Portada","item":"https:\/\/culturaneuroactiva.com\/site\/"},{"@type":"ListItem","position":2,"name":"Principios del Nuevo Paradigma"}]},{"@type":"WebSite","@id":"https:\/\/culturaneuroactiva.com\/site\/#website","url":"https:\/\/culturaneuroactiva.com\/site\/","name":"Cultura Neuroactiva","description":"Gu\u00edas del Vivir Consciente","potentialAction":[{"@type":"SearchAction","target":{"@type":"EntryPoint","urlTemplate":"https:\/\/culturaneuroactiva.com\/site\/?s={search_term_string}"},"query-input":{"@type":"PropertyValueSpecification","valueRequired":true,"valueName":"search_term_string"}}],"inLanguage":"es"}]}},"_links":{"self":[{"href":"https:\/\/culturaneuroactiva.com\/site\/wp-json\/wp\/v2\/pages\/438","targetHints":{"allow":["GET"]}}],"collection":[{"href":"https:\/\/culturaneuroactiva.com\/site\/wp-json\/wp\/v2\/pages"}],"about":[{"href":"https:\/\/culturaneuroactiva.com\/site\/wp-json\/wp\/v2\/types\/page"}],"author":[{"embeddable":true,"href":"https:\/\/culturaneuroactiva.com\/site\/wp-json\/wp\/v2\/users\/1"}],"replies":[{"embeddable":true,"href":"https:\/\/culturaneuroactiva.com\/site\/wp-json\/wp\/v2\/comments?post=438"}],"version-history":[{"count":3,"href":"https:\/\/culturaneuroactiva.com\/site\/wp-json\/wp\/v2\/pages\/438\/revisions"}],"predecessor-version":[{"id":1079,"href":"https:\/\/culturaneuroactiva.com\/site\/wp-json\/wp\/v2\/pages\/438\/revisions\/1079"}],"wp:attachment":[{"href":"https:\/\/culturaneuroactiva.com\/site\/wp-json\/wp\/v2\/media?parent=438"}],"curies":[{"name":"wp","href":"https:\/\/api.w.org\/{rel}","templated":true}]}}