{"id":436,"date":"2016-02-12T01:47:48","date_gmt":"2016-02-12T01:47:48","guid":{"rendered":"http:\/\/culturaneuroactiva.com\/site\/?page_id=436"},"modified":"2023-04-12T01:41:32","modified_gmt":"2023-04-12T01:41:32","slug":"principios-del-viejo-paradigma","status":"publish","type":"page","link":"https:\/\/culturaneuroactiva.com\/site\/principios-del-viejo-paradigma\/","title":{"rendered":"Principios del Viejo Paradigma"},"content":{"rendered":"<h6 style=\"text-align: justify;\"><span style=\"color: #003366;\">El viejo paradigma es el sistema de creencias, valores y modos de vida, creado s\u00f3lo para personas neuronormales, desde el que se rigen todos los sistemas sociales, y que esta basado en los siguientes principios:<\/span><\/h6>\n<ul>\n<li style=\"text-align: justify;\">\n<h6><span style=\"color: #000000;\">Corresponde al Estad\u00edo Neuronormal y a la Etapa \u00cdndigo.<\/span><\/h6>\n<\/li>\n<li style=\"text-align: justify;\">\n<h6><span style=\"color: #000000;\">Est\u00e1 regido por lo que deber\u00eda ser, por el hacer programado, por el juicio, por el condicionamiento social, por lo habitual, lo dogm\u00e1tico, lo est\u00e1tico y lo repetitivo.<\/span><\/h6>\n<\/li>\n<li style=\"text-align: justify;\">\n<h6><span style=\"color: #000000;\">Sus valores principales son el individualismo, la productividad, la juventud, la belleza, el facilismo, la seguridad, el bienestar y la felicidad.<\/span><\/h6>\n<\/li>\n<li style=\"text-align: justify;\">\n<h6><span style=\"color: #000000;\">Se sacrifican los sue\u00f1os a cambio de la seguridad, el bienestar y la comodidad, que ofrece el trabajar en una empresa.<\/span><\/h6>\n<\/li>\n<li style=\"text-align: justify;\">\n<h6><span style=\"color: #000000;\">Se divide el hacer entre el trabajo y los hobbies, aqu\u00ed el trabajo corresponde al hacer del que se deriva el sustento, y los hobbies corresponden al hacer con coraz\u00f3n.<\/span><\/h6>\n<\/li>\n<li style=\"text-align: justify;\">\n<h6><span style=\"color: #000000;\">Corresponde al Modo Cognitivo F\u00edsico solamente (o al Modo Cognitivo Espiritual solamente: Etapa Cristal), por lo que \u00fanicamente se conoce la Realidad F\u00edsica y los sentidos f\u00edsicos.<\/span><\/h6>\n<\/li>\n<li style=\"text-align: justify;\">\n<h6><span style=\"color: #000000;\">Quienes viven as\u00ed el tiempo se les divide en semana (esclavitud) y fines de semana (libertad).<\/span><\/h6>\n<\/li>\n<li style=\"text-align: justify;\">\n<h6><span style=\"color: #000000;\">Se vive la realidad a trav\u00e9s de una sola visi\u00f3n del mundo, ya que s\u00f3lo se conoce una realidad.<\/span><\/h6>\n<\/li>\n<li style=\"text-align: justify;\">\n<h6><span style=\"color: #000000;\">Se vive en un tiempo horizontal regido por el pasado y el futuro, en donde casi no se permanece en el presente, debido a que se vive inmerso en el lenguaje y en la raz\u00f3n.<\/span><\/h6>\n<\/li>\n<li style=\"text-align: justify;\">\n<h6><span style=\"color: #000000;\">Se maneja b\u00fasqueda de la diferencia y la competitividad.<\/span><\/h6>\n<\/li>\n<li style=\"text-align: justify;\">\n<h6><span style=\"color: #000000;\">El punto de referencia es externo, y consiste en moverse a trav\u00e9s de la preparaci\u00f3n, la programaci\u00f3n y la disciplina, para poder ser competitivo en el medio y asegurarse un puesto de privilegio social.<\/span><\/h6>\n<\/li>\n<li style=\"text-align: justify;\">\n<h6><span style=\"color: #000000;\">Se tiene una visi\u00f3n parcial de la realidad, por lo tanto siempre se tiene un sesgo en lo que se observa, en lo que se entiende y en lo que se describe.<\/span><\/h6>\n<\/li>\n<li style=\"text-align: justify;\">\n<h6><span style=\"color: #000000;\">Est\u00e1 regido por el ser y por el hacer.<\/span><\/h6>\n<\/li>\n<li style=\"text-align: justify;\">\n<h6><span style=\"color: #000000;\">El tiempo es dinero.<\/span><\/h6>\n<\/li>\n<li style=\"text-align: justify;\">\n<h6><span style=\"color: #000000;\">Se vive en el mundo de la causa y el efecto, por eso todo es polar y tiene principio y fin.<\/span><\/h6>\n<\/li>\n<li style=\"text-align: justify;\">\n<h6><span style=\"color: #000000;\">Se vive un mundo de competitividad, regido por mecanismos de control, producci\u00f3n, poder y miedo.<\/span><\/h6>\n<\/li>\n<li style=\"text-align: justify;\">\n<h6><span style=\"color: #000000;\">Se vive en la lucha de superar un pasado para vivir un futuro mejor.<\/span><\/h6>\n<\/li>\n<li style=\"text-align: justify;\">\n<h6><span style=\"color: #000000;\">El mundo se mueve a trav\u00e9s de un principio r\u00edtmico basado en la dualidad (como la oscilaci\u00f3n del p\u00e9ndulo), por eso se vive en medio de la paradoja y todo son verdades a medias.<\/span><\/h6>\n<\/li>\n<li style=\"text-align: justify;\">\n<h6><span style=\"color: #000000;\">Se vive del enga\u00f1o y de la trasgresi\u00f3n de leyes, tanto materiales como espirituales.<\/span><\/h6>\n<\/li>\n<li style=\"text-align: justify;\">\n<h6><span style=\"color: #000000;\">Todas las situaciones son vividas al extremo entre el placer y el dolor.<\/span><\/h6>\n<\/li>\n<\/ul>\n","protected":false},"excerpt":{"rendered":"<p>El viejo paradigma es el sistema de creencias, valores y modos de vida, creado s\u00f3lo para personas neuronormales, desde el<\/p>\n","protected":false},"author":1,"featured_media":0,"parent":0,"menu_order":0,"comment_status":"closed","ping_status":"closed","template":"","meta":{"colormag_page_layout":"no_sidebar_content_centered","footnotes":""},"class_list":["post-436","page","type-page","status-publish","hentry"],"yoast_head":"<!-- This site is optimized with the Yoast SEO plugin v25.6 - https:\/\/yoast.com\/wordpress\/plugins\/seo\/ -->\n<title>Principios del Viejo Paradigma - Cultura Neuroactiva<\/title>\n<meta name=\"robots\" content=\"index, follow, max-snippet:-1, max-image-preview:large, max-video-preview:-1\" \/>\n<link rel=\"canonical\" href=\"https:\/\/culturaneuroactiva.com\/site\/principios-del-viejo-paradigma\/\" \/>\n<meta property=\"og:locale\" content=\"es_ES\" \/>\n<meta property=\"og:type\" content=\"article\" \/>\n<meta property=\"og:title\" content=\"Principios del Viejo Paradigma - Cultura Neuroactiva\" \/>\n<meta property=\"og:description\" content=\"El viejo paradigma es el sistema de creencias, valores y modos de vida, creado s\u00f3lo para personas neuronormales, desde el\" \/>\n<meta property=\"og:url\" content=\"https:\/\/culturaneuroactiva.com\/site\/principios-del-viejo-paradigma\/\" \/>\n<meta property=\"og:site_name\" content=\"Cultura Neuroactiva\" \/>\n<meta property=\"article:publisher\" content=\"https:\/\/www.facebook.com\/cultura.neuroactiva\" \/>\n<meta property=\"article:modified_time\" content=\"2023-04-12T01:41:32+00:00\" \/>\n<meta name=\"twitter:card\" content=\"summary_large_image\" \/>\n<meta name=\"twitter:label1\" content=\"Tiempo de lectura\" \/>\n\t<meta name=\"twitter:data1\" content=\"2 minutos\" \/>\n<script type=\"application\/ld+json\" class=\"yoast-schema-graph\">{\"@context\":\"https:\/\/schema.org\",\"@graph\":[{\"@type\":\"WebPage\",\"@id\":\"https:\/\/culturaneuroactiva.com\/site\/principios-del-viejo-paradigma\/\",\"url\":\"https:\/\/culturaneuroactiva.com\/site\/principios-del-viejo-paradigma\/\",\"name\":\"Principios del Viejo Paradigma - Cultura Neuroactiva\",\"isPartOf\":{\"@id\":\"https:\/\/culturaneuroactiva.com\/site\/#website\"},\"datePublished\":\"2016-02-12T01:47:48+00:00\",\"dateModified\":\"2023-04-12T01:41:32+00:00\",\"breadcrumb\":{\"@id\":\"https:\/\/culturaneuroactiva.com\/site\/principios-del-viejo-paradigma\/#breadcrumb\"},\"inLanguage\":\"es\",\"potentialAction\":[{\"@type\":\"ReadAction\",\"target\":[\"https:\/\/culturaneuroactiva.com\/site\/principios-del-viejo-paradigma\/\"]}]},{\"@type\":\"BreadcrumbList\",\"@id\":\"https:\/\/culturaneuroactiva.com\/site\/principios-del-viejo-paradigma\/#breadcrumb\",\"itemListElement\":[{\"@type\":\"ListItem\",\"position\":1,\"name\":\"Portada\",\"item\":\"https:\/\/culturaneuroactiva.com\/site\/\"},{\"@type\":\"ListItem\",\"position\":2,\"name\":\"Principios del Viejo Paradigma\"}]},{\"@type\":\"WebSite\",\"@id\":\"https:\/\/culturaneuroactiva.com\/site\/#website\",\"url\":\"https:\/\/culturaneuroactiva.com\/site\/\",\"name\":\"Cultura Neuroactiva\",\"description\":\"Gu\u00edas del Vivir Consciente\",\"potentialAction\":[{\"@type\":\"SearchAction\",\"target\":{\"@type\":\"EntryPoint\",\"urlTemplate\":\"https:\/\/culturaneuroactiva.com\/site\/?s={search_term_string}\"},\"query-input\":{\"@type\":\"PropertyValueSpecification\",\"valueRequired\":true,\"valueName\":\"search_term_string\"}}],\"inLanguage\":\"es\"}]}<\/script>\n<!-- \/ Yoast SEO plugin. -->","yoast_head_json":{"title":"Principios del Viejo Paradigma - Cultura Neuroactiva","robots":{"index":"index","follow":"follow","max-snippet":"max-snippet:-1","max-image-preview":"max-image-preview:large","max-video-preview":"max-video-preview:-1"},"canonical":"https:\/\/culturaneuroactiva.com\/site\/principios-del-viejo-paradigma\/","og_locale":"es_ES","og_type":"article","og_title":"Principios del Viejo Paradigma - Cultura Neuroactiva","og_description":"El viejo paradigma es el sistema de creencias, valores y modos de vida, creado s\u00f3lo para personas neuronormales, desde el","og_url":"https:\/\/culturaneuroactiva.com\/site\/principios-del-viejo-paradigma\/","og_site_name":"Cultura Neuroactiva","article_publisher":"https:\/\/www.facebook.com\/cultura.neuroactiva","article_modified_time":"2023-04-12T01:41:32+00:00","twitter_card":"summary_large_image","twitter_misc":{"Tiempo de lectura":"2 minutos"},"schema":{"@context":"https:\/\/schema.org","@graph":[{"@type":"WebPage","@id":"https:\/\/culturaneuroactiva.com\/site\/principios-del-viejo-paradigma\/","url":"https:\/\/culturaneuroactiva.com\/site\/principios-del-viejo-paradigma\/","name":"Principios del Viejo Paradigma - Cultura Neuroactiva","isPartOf":{"@id":"https:\/\/culturaneuroactiva.com\/site\/#website"},"datePublished":"2016-02-12T01:47:48+00:00","dateModified":"2023-04-12T01:41:32+00:00","breadcrumb":{"@id":"https:\/\/culturaneuroactiva.com\/site\/principios-del-viejo-paradigma\/#breadcrumb"},"inLanguage":"es","potentialAction":[{"@type":"ReadAction","target":["https:\/\/culturaneuroactiva.com\/site\/principios-del-viejo-paradigma\/"]}]},{"@type":"BreadcrumbList","@id":"https:\/\/culturaneuroactiva.com\/site\/principios-del-viejo-paradigma\/#breadcrumb","itemListElement":[{"@type":"ListItem","position":1,"name":"Portada","item":"https:\/\/culturaneuroactiva.com\/site\/"},{"@type":"ListItem","position":2,"name":"Principios del Viejo Paradigma"}]},{"@type":"WebSite","@id":"https:\/\/culturaneuroactiva.com\/site\/#website","url":"https:\/\/culturaneuroactiva.com\/site\/","name":"Cultura Neuroactiva","description":"Gu\u00edas del Vivir Consciente","potentialAction":[{"@type":"SearchAction","target":{"@type":"EntryPoint","urlTemplate":"https:\/\/culturaneuroactiva.com\/site\/?s={search_term_string}"},"query-input":{"@type":"PropertyValueSpecification","valueRequired":true,"valueName":"search_term_string"}}],"inLanguage":"es"}]}},"_links":{"self":[{"href":"https:\/\/culturaneuroactiva.com\/site\/wp-json\/wp\/v2\/pages\/436","targetHints":{"allow":["GET"]}}],"collection":[{"href":"https:\/\/culturaneuroactiva.com\/site\/wp-json\/wp\/v2\/pages"}],"about":[{"href":"https:\/\/culturaneuroactiva.com\/site\/wp-json\/wp\/v2\/types\/page"}],"author":[{"embeddable":true,"href":"https:\/\/culturaneuroactiva.com\/site\/wp-json\/wp\/v2\/users\/1"}],"replies":[{"embeddable":true,"href":"https:\/\/culturaneuroactiva.com\/site\/wp-json\/wp\/v2\/comments?post=436"}],"version-history":[{"count":5,"href":"https:\/\/culturaneuroactiva.com\/site\/wp-json\/wp\/v2\/pages\/436\/revisions"}],"predecessor-version":[{"id":1083,"href":"https:\/\/culturaneuroactiva.com\/site\/wp-json\/wp\/v2\/pages\/436\/revisions\/1083"}],"wp:attachment":[{"href":"https:\/\/culturaneuroactiva.com\/site\/wp-json\/wp\/v2\/media?parent=436"}],"curies":[{"name":"wp","href":"https:\/\/api.w.org\/{rel}","templated":true}]}}