{"id":426,"date":"2016-02-11T23:56:38","date_gmt":"2016-02-11T23:56:38","guid":{"rendered":"http:\/\/culturaneuroactiva.com\/site\/?page_id=426"},"modified":"2016-05-23T23:17:14","modified_gmt":"2016-05-23T23:17:14","slug":"que-es-la-neuroactivacion","status":"publish","type":"page","link":"https:\/\/culturaneuroactiva.com\/site\/que-es-la-neuroactivacion\/","title":{"rendered":"Qu\u00e9 es la Neuroactivaci\u00f3n"},"content":{"rendered":"<h6 style=\"text-align: justify;\"><span style=\"color: #008080;\">La Neuroactivaci\u00f3n es la denominaci\u00f3n t\u00e9cnica del cambio de paradigma mental, el cual es un fen\u00f3meno natural y colectivo que consiste en que a muchas personas se les est\u00e1 activando de manera espont\u00e1nea, involuntaria y permanente el modo cognitivo espiritual (inconsciente) junto con sus propiedades y funciones, lo cual tambi\u00e9n les obliga a pasar por procesos de transformaci\u00f3n muy intensos que hasta alcanzan a cambiar sus modos de vida. Es importante tener en cuenta que este fen\u00f3meno neuropsicol\u00f3gico no es cosa de unas pocas personas sino que abarca a la humanidad en general, por lo que se est\u00e1 gestando una cultura emergente que corresponde a las personas, empresas y diversas manifestaciones sociales que est\u00e9n atravesando por el proceso de cambio de paradigma, y que por ello ya han alcanzado una frecuencia \u00edndigo o cristal, la cual debe verse reflejada en sus gustos, creencias, pensamientos, h\u00e1bitos y modos de vida. El principal elemento que diferencia las manifestaciones de la Cultura Emergente, es que rigen sus acciones por principios del nuevo paradigma, y por lo general tienen alg\u00fan tipo de diferencia o fricci\u00f3n con el sistema establecido y con las manifestaciones del viejo paradigma, como por ejemplo el acelere, la deshumanizaci\u00f3n y el caos social.<\/span><\/h6>\n<h6 style=\"text-align: justify;\"><span style=\"color: #000000;\">A lo largo de la historia de nuestra cultura, la Neuroactivaci\u00f3n s\u00f3lo se daba al interior de algunas personas representadas en los artistas, los locos, los espirituales, los sanadores y los genios o visionarios, pero en la actualidad este proceso de cambio psicol\u00f3gico se presenta de forma masiva. De las posibles causas que pueden estar generando un cambio cerebral y cognitivo de tan enorme magnitud, las que m\u00e1s se acercan son el cambio en la polaridad magn\u00e9tica de la Tierra y el cambio en nuestro ADN.<\/span><\/h6>\n<h6 style=\"text-align: justify;\"><span style=\"color: #000000;\">Para entender qu\u00e9 es y por qu\u00e9 se da el Proceso de Neuroactivaci\u00f3n, resulta muy esclarecedor revisar cada uno de los factores que se conectan para generar este fen\u00f3meno colectivo de cambio neuropsicol\u00f3gico. Existen dos hemisferios cerebrales, que a nivel cognitivo, procesan la informaci\u00f3n que captan de la realidad a velocidades diferentes, el hemisferio izquierdo procesa a una velocidad de 40 bits de informaci\u00f3n por segundo, y el hemisferio derecho procesa a una velocidad de 1\u2019000.000 a 10\u2019000.000 de bits de informaci\u00f3n por segundo.<\/span><\/h6>\n<h6 style=\"text-align: justify;\"><span style=\"color: #000000;\">Esto quiere decir que el hemisferio izquierdo capta la realidad de una manera muy diferente al hemisferio derecho, o sea que la percepci\u00f3n cambia cuando la realidad se ve a trav\u00e9s de la consciencia del hemisferio izquierdo (modo cognitivo consciente) o a trav\u00e9s de la consciencia del hemisferio derecho (Modo Cognitivo Espiritual), dando como resultado dos tipos estructurales de percepci\u00f3n, dos maneras b\u00e1sicas de darse cuenta las cosas que pasan afuera y adentro; de esto se deduce que los dos hemisferios cerebrales corresponden a las dos maneras que existen para captar la realidad, por lo tanto la consciencia (el acto de darse cuenta) se divide en dos modos cognitivos b\u00e1sicos: El hemisferio izquierdo corresponde al Modo Cognitivo F\u00edsico (sistema nervioso consciente, estado de vigilia, l\u00f3gica, raz\u00f3n) y el hemisferio derecho corresponde al Modo Cognitivo Espiritual (sistema nervioso inconsciente, estados de trance o meditaci\u00f3n profunda, conocimiento silencioso, percepci\u00f3n extrasensorial).<\/span><\/h6>\n<h6 style=\"text-align: justify;\"><span style=\"color: #000000;\">En los cerebros de las personas actuales, los dos hemisferios no funcionan de una manera equilibrada debido a que el hemisferio izquierdo es dominante sobre el derecho, ni tampoco funcionan de una manera integrada ya que la consciencia no llega a los dos hemisferios por igual, o sea que llega al hemisferio izquierdo pero no llega al hemisferio derecho, y por lo tanto no manejamos el Modo Cognitivo Espiritual ni tenemos acceso a sus habilidades, esto implica que de los dos modos cognitivos que tenemos s\u00f3lo utilizamos uno, lo cual no significa que el hemisferio derecho se encuentre desactivado sino que simplemente la consciencia no llega a \u00e9ste.<\/span><\/h6>\n<h6 style=\"text-align: justify;\"><span style=\"color: #000000;\">El modo cognitivo que no utilizamos (Modo Cognitivo Espiritual) se puede activar de cuatro maneras estructurales:<\/span><br \/>\n<span style=\"color: #000000;\"> 1. La Manera Voluntaria Moment\u00e1nea corresponde a las metodolog\u00edas psicoespirituales o tecnolog\u00edas de lo sagrado.<\/span><br \/>\n<span style=\"color: #000000;\"> 2. La Manera Involuntaria Moment\u00e1nea corresponde a las experiencias transpersonales espont\u00e1neas.<\/span><br \/>\n<span style=\"color: #000000;\"> 3. La Manera Voluntaria Permanente corresponde a los linajes o caminos espirituales.<\/span><br \/>\n<span style=\"color: #000000;\"> 4. La Manera Involuntaria Permanente corresponde a la Neuroactivaci\u00f3n.<\/span><\/h6>\n<h6 style=\"text-align: justify;\"><span style=\"color: #000000;\">Si se conecta el hecho que la Tierra es una m\u00e1quina electromagn\u00e9tica gigantesca que se encuentra en proceso de cambiar su polaridad, con el hecho que el electromagnetismo es una fuerza capaz de modificar el funcionamiento del cerebro humano, entonces lo m\u00e1s seguro es que esta nueva estructura del campo magn\u00e9tico terrestre est\u00e9 afectando el cerebro a nivel colectivo, lo cual genera fen\u00f3menos sociales o psicopatolog\u00edas colectivas, as\u00ed como sucede con la Neuroactivaci\u00f3n.<\/span><\/h6>\n<h6 style=\"text-align: justify;\"><span style=\"color: #000000;\">Si la estructura que tiene el funcionamiento del cerebro antes del cambio en el electromagnetismo terrestre, es con el hemisferio izquierdo dominante sobre el derecho, entonces lo m\u00e1s posible es que la nueva configuraci\u00f3n electromagn\u00e9tica de la Tierra, pueda causar que el hemisferio izquierdo deje de ser el hemisferio dominante y as\u00ed contribuir para que los dos hemisferios vuelvan a funcionar de manera integrada y equilibrada, lo cual es el principal objetivo de la Neuroactivaci\u00f3n como mecanismo de autosanaci\u00f3n del cerebro humano.<\/span><\/h6>\n<p>&nbsp;<\/p>\n<h6><span style=\"color: #000000;\">Autor<\/span><br \/>\n<span style=\"color: #000000;\"> Juan David Silva Aguirre<\/span><br \/>\n<span style=\"color: #000000;\"> culturaneuroactiva.com<\/span><\/h6>\n","protected":false},"excerpt":{"rendered":"<p>La Neuroactivaci\u00f3n es la denominaci\u00f3n t\u00e9cnica del cambio de paradigma mental, el cual es un fen\u00f3meno natural y colectivo que<\/p>\n","protected":false},"author":1,"featured_media":0,"parent":0,"menu_order":0,"comment_status":"closed","ping_status":"closed","template":"","meta":{"colormag_page_layout":"default_layout","footnotes":""},"class_list":["post-426","page","type-page","status-publish","hentry"],"yoast_head":"<!-- This site is optimized with the Yoast SEO plugin v25.6 - https:\/\/yoast.com\/wordpress\/plugins\/seo\/ -->\n<title>Qu\u00e9 es la Neuroactivaci\u00f3n - Cultura Neuroactiva<\/title>\n<meta name=\"robots\" content=\"index, follow, max-snippet:-1, max-image-preview:large, max-video-preview:-1\" \/>\n<link rel=\"canonical\" href=\"https:\/\/culturaneuroactiva.com\/site\/que-es-la-neuroactivacion\/\" \/>\n<meta property=\"og:locale\" content=\"es_ES\" \/>\n<meta property=\"og:type\" content=\"article\" \/>\n<meta property=\"og:title\" content=\"Qu\u00e9 es la Neuroactivaci\u00f3n - Cultura Neuroactiva\" \/>\n<meta property=\"og:description\" content=\"La Neuroactivaci\u00f3n es la denominaci\u00f3n t\u00e9cnica del cambio de paradigma mental, el cual es un fen\u00f3meno natural y colectivo que\" \/>\n<meta property=\"og:url\" content=\"https:\/\/culturaneuroactiva.com\/site\/que-es-la-neuroactivacion\/\" \/>\n<meta property=\"og:site_name\" content=\"Cultura Neuroactiva\" \/>\n<meta property=\"article:publisher\" content=\"https:\/\/www.facebook.com\/cultura.neuroactiva\" \/>\n<meta property=\"article:modified_time\" content=\"2016-05-23T23:17:14+00:00\" \/>\n<meta name=\"twitter:card\" content=\"summary_large_image\" \/>\n<meta name=\"twitter:label1\" content=\"Tiempo de lectura\" \/>\n\t<meta name=\"twitter:data1\" content=\"5 minutos\" \/>\n<script type=\"application\/ld+json\" class=\"yoast-schema-graph\">{\"@context\":\"https:\/\/schema.org\",\"@graph\":[{\"@type\":\"WebPage\",\"@id\":\"https:\/\/culturaneuroactiva.com\/site\/que-es-la-neuroactivacion\/\",\"url\":\"https:\/\/culturaneuroactiva.com\/site\/que-es-la-neuroactivacion\/\",\"name\":\"Qu\u00e9 es la Neuroactivaci\u00f3n - Cultura Neuroactiva\",\"isPartOf\":{\"@id\":\"https:\/\/culturaneuroactiva.com\/site\/#website\"},\"datePublished\":\"2016-02-11T23:56:38+00:00\",\"dateModified\":\"2016-05-23T23:17:14+00:00\",\"breadcrumb\":{\"@id\":\"https:\/\/culturaneuroactiva.com\/site\/que-es-la-neuroactivacion\/#breadcrumb\"},\"inLanguage\":\"es\",\"potentialAction\":[{\"@type\":\"ReadAction\",\"target\":[\"https:\/\/culturaneuroactiva.com\/site\/que-es-la-neuroactivacion\/\"]}]},{\"@type\":\"BreadcrumbList\",\"@id\":\"https:\/\/culturaneuroactiva.com\/site\/que-es-la-neuroactivacion\/#breadcrumb\",\"itemListElement\":[{\"@type\":\"ListItem\",\"position\":1,\"name\":\"Portada\",\"item\":\"https:\/\/culturaneuroactiva.com\/site\/\"},{\"@type\":\"ListItem\",\"position\":2,\"name\":\"Qu\u00e9 es la Neuroactivaci\u00f3n\"}]},{\"@type\":\"WebSite\",\"@id\":\"https:\/\/culturaneuroactiva.com\/site\/#website\",\"url\":\"https:\/\/culturaneuroactiva.com\/site\/\",\"name\":\"Cultura Neuroactiva\",\"description\":\"Gu\u00edas del Vivir Consciente\",\"potentialAction\":[{\"@type\":\"SearchAction\",\"target\":{\"@type\":\"EntryPoint\",\"urlTemplate\":\"https:\/\/culturaneuroactiva.com\/site\/?s={search_term_string}\"},\"query-input\":{\"@type\":\"PropertyValueSpecification\",\"valueRequired\":true,\"valueName\":\"search_term_string\"}}],\"inLanguage\":\"es\"}]}<\/script>\n<!-- \/ Yoast SEO plugin. -->","yoast_head_json":{"title":"Qu\u00e9 es la Neuroactivaci\u00f3n - Cultura Neuroactiva","robots":{"index":"index","follow":"follow","max-snippet":"max-snippet:-1","max-image-preview":"max-image-preview:large","max-video-preview":"max-video-preview:-1"},"canonical":"https:\/\/culturaneuroactiva.com\/site\/que-es-la-neuroactivacion\/","og_locale":"es_ES","og_type":"article","og_title":"Qu\u00e9 es la Neuroactivaci\u00f3n - Cultura Neuroactiva","og_description":"La Neuroactivaci\u00f3n es la denominaci\u00f3n t\u00e9cnica del cambio de paradigma mental, el cual es un fen\u00f3meno natural y colectivo que","og_url":"https:\/\/culturaneuroactiva.com\/site\/que-es-la-neuroactivacion\/","og_site_name":"Cultura Neuroactiva","article_publisher":"https:\/\/www.facebook.com\/cultura.neuroactiva","article_modified_time":"2016-05-23T23:17:14+00:00","twitter_card":"summary_large_image","twitter_misc":{"Tiempo de lectura":"5 minutos"},"schema":{"@context":"https:\/\/schema.org","@graph":[{"@type":"WebPage","@id":"https:\/\/culturaneuroactiva.com\/site\/que-es-la-neuroactivacion\/","url":"https:\/\/culturaneuroactiva.com\/site\/que-es-la-neuroactivacion\/","name":"Qu\u00e9 es la Neuroactivaci\u00f3n - Cultura Neuroactiva","isPartOf":{"@id":"https:\/\/culturaneuroactiva.com\/site\/#website"},"datePublished":"2016-02-11T23:56:38+00:00","dateModified":"2016-05-23T23:17:14+00:00","breadcrumb":{"@id":"https:\/\/culturaneuroactiva.com\/site\/que-es-la-neuroactivacion\/#breadcrumb"},"inLanguage":"es","potentialAction":[{"@type":"ReadAction","target":["https:\/\/culturaneuroactiva.com\/site\/que-es-la-neuroactivacion\/"]}]},{"@type":"BreadcrumbList","@id":"https:\/\/culturaneuroactiva.com\/site\/que-es-la-neuroactivacion\/#breadcrumb","itemListElement":[{"@type":"ListItem","position":1,"name":"Portada","item":"https:\/\/culturaneuroactiva.com\/site\/"},{"@type":"ListItem","position":2,"name":"Qu\u00e9 es la Neuroactivaci\u00f3n"}]},{"@type":"WebSite","@id":"https:\/\/culturaneuroactiva.com\/site\/#website","url":"https:\/\/culturaneuroactiva.com\/site\/","name":"Cultura Neuroactiva","description":"Gu\u00edas del Vivir Consciente","potentialAction":[{"@type":"SearchAction","target":{"@type":"EntryPoint","urlTemplate":"https:\/\/culturaneuroactiva.com\/site\/?s={search_term_string}"},"query-input":{"@type":"PropertyValueSpecification","valueRequired":true,"valueName":"search_term_string"}}],"inLanguage":"es"}]}},"_links":{"self":[{"href":"https:\/\/culturaneuroactiva.com\/site\/wp-json\/wp\/v2\/pages\/426","targetHints":{"allow":["GET"]}}],"collection":[{"href":"https:\/\/culturaneuroactiva.com\/site\/wp-json\/wp\/v2\/pages"}],"about":[{"href":"https:\/\/culturaneuroactiva.com\/site\/wp-json\/wp\/v2\/types\/page"}],"author":[{"embeddable":true,"href":"https:\/\/culturaneuroactiva.com\/site\/wp-json\/wp\/v2\/users\/1"}],"replies":[{"embeddable":true,"href":"https:\/\/culturaneuroactiva.com\/site\/wp-json\/wp\/v2\/comments?post=426"}],"version-history":[{"count":10,"href":"https:\/\/culturaneuroactiva.com\/site\/wp-json\/wp\/v2\/pages\/426\/revisions"}],"predecessor-version":[{"id":1314,"href":"https:\/\/culturaneuroactiva.com\/site\/wp-json\/wp\/v2\/pages\/426\/revisions\/1314"}],"wp:attachment":[{"href":"https:\/\/culturaneuroactiva.com\/site\/wp-json\/wp\/v2\/media?parent=426"}],"curies":[{"name":"wp","href":"https:\/\/api.w.org\/{rel}","templated":true}]}}