{"id":3762,"date":"2026-02-27T08:57:54","date_gmt":"2026-02-27T08:57:54","guid":{"rendered":"https:\/\/culturaneuroactiva.com\/site\/?page_id=3762"},"modified":"2026-04-16T01:06:11","modified_gmt":"2026-04-16T01:06:11","slug":"trance-nagual","status":"publish","type":"page","link":"https:\/\/culturaneuroactiva.com\/site\/trance-nagual\/","title":{"rendered":"Trance Nagual"},"content":{"rendered":"<h4><span style=\"color: #008080;\">Trance Nagual es un grupo que fusiona la m\u00fasica electr\u00f3nica con instrumentos ind\u00edgenas, cantos ancestrales e im\u00e1genes contemplativas, para producir atm\u00f3sferas hipn\u00f3ticas y envolventes, que facilitan las experiencias de danza ecst\u00e1tica y los estados de meditaci\u00f3n profunda.<\/span><\/h4>\n<p>&nbsp;<\/p>\n<p><a href=\"https:\/\/culturaneuroactiva.com\/site\/wp-content\/uploads\/2026\/02\/WhatsApp-Image-2026-02-27-at-3.48.39-AM.jpeg\"><img loading=\"lazy\" decoding=\"async\" class=\" wp-image-3763 aligncenter\" src=\"https:\/\/culturaneuroactiva.com\/site\/wp-content\/uploads\/2026\/02\/WhatsApp-Image-2026-02-27-at-3.48.39-AM-300x142.jpeg\" alt=\"\" width=\"607\" height=\"287\" srcset=\"https:\/\/culturaneuroactiva.com\/site\/wp-content\/uploads\/2026\/02\/WhatsApp-Image-2026-02-27-at-3.48.39-AM-300x142.jpeg 300w, https:\/\/culturaneuroactiva.com\/site\/wp-content\/uploads\/2026\/02\/WhatsApp-Image-2026-02-27-at-3.48.39-AM-1024x483.jpeg 1024w, https:\/\/culturaneuroactiva.com\/site\/wp-content\/uploads\/2026\/02\/WhatsApp-Image-2026-02-27-at-3.48.39-AM-768x362.jpeg 768w, https:\/\/culturaneuroactiva.com\/site\/wp-content\/uploads\/2026\/02\/WhatsApp-Image-2026-02-27-at-3.48.39-AM.jpeg 1344w\" sizes=\"auto, (max-width: 607px) 100vw, 607px\" \/><\/a><\/p>\n<p>&nbsp;<\/p>\n<ul>\n<li>\n<h5><span style=\"color: #008080;\"><strong>Concierto de Trance Nagual.<\/strong><\/span>\u00a0Viva un encuentro del pasado y el futuro, a trav\u00e9s de este DJ que fusiona m\u00fasica electr\u00f3nica con m\u00fasica m\u00edstica, luces psicod\u00e9licas e im\u00e1genes contemplativas, con lo que se crean atm\u00f3sferas hipn\u00f3ticas y momentos m\u00e1gicos, para meditar en movimiento a trav\u00e9s del ecstatic dance.<\/h5>\n<\/li>\n<\/ul>\n<ul>\n<li>\n<h5><strong><span style=\"color: #008080;\">Fiesta Electro M\u00edstica.<\/span>\u00a0<\/strong>Experimente una fusi\u00f3n de las mejores t\u00e9cnicas hol\u00edsticas actuales, y viva esta fiesta m\u00edstico-terap\u00e9utica, en donde obtendr\u00e1 diversi\u00f3n, aprendizaje y alimento para el alma.<\/h5>\n<\/li>\n<\/ul>\n<p>&nbsp;<\/p>\n<p>&nbsp;<\/p>\n<h3 style=\"text-align: center;\"><span style=\"color: #008080;\"><strong>TARIFAS<\/strong><\/span><\/h3>\n<h5><span style=\"color: #008080;\"><strong>Concierto de Trance Nagual<\/strong><\/span><\/h5>\n<ul>\n<li>\n<h5><span style=\"color: #008080;\"><strong>DURACI\u00d3N:<\/strong><\/span>\u00a0Dos o tres horas.<\/h5>\n<\/li>\n<li>\n<h5><span style=\"color: #008080;\"><strong>VALOR:<\/strong><\/span>\u00a0$900.000<\/h5>\n<\/li>\n<li>\n<h5><span style=\"color: #008080;\"><strong>Presentaciones fuera de la ciudad: <\/strong><\/span>$1`000.000 (m\u00e1s vi\u00e1ticos).<\/h5>\n<\/li>\n<\/ul>\n<h5><strong>\u00a0<\/strong><strong>\u00a0<\/strong><\/h5>\n<h5><span style=\"color: #008080;\"><strong>Fiesta Electro M\u00edstica<\/strong><\/span><\/h5>\n<ul>\n<li>\n<h5><strong><span style=\"color: #008080;\">INCLUYE:<\/span><\/strong> charla sobre \u201cm\u00fasica electr\u00f3nica, trance y meditaci\u00f3n\u201d,\u00a0 rueda de medicina, DJ techno ancestral, ecstatic dance, y conversatorio terap\u00e9utico.<\/h5>\n<\/li>\n<li>\n<h5><span style=\"color: #008080;\"><strong>DURACI\u00d3N:<\/strong><\/span> Tres o cuatro horas.<\/h5>\n<\/li>\n<li>\n<h5><span style=\"color: #008080;\"><strong>VALOR:<\/strong><\/span> $600.000<\/h5>\n<\/li>\n<li>\n<h5><span style=\"color: #008080;\"><strong>CUPO:<\/strong><\/span> seis personas. Persona adicional: $100.000<\/h5>\n<\/li>\n<\/ul>\n<ul>\n<li>\n<h5><span style=\"color: #008080;\"><strong>Presentaciones fuera de la ciudad: <\/strong><\/span>$1`000.000 (m\u00e1s vi\u00e1ticos).<\/h5>\n<\/li>\n<\/ul>\n<p>&nbsp;<\/p>\n<h5><strong><span style=\"color: #008080;\">INFORMES Y RESERVAS<\/span><\/strong><\/h5>\n<h5><strong><span style=\"color: #008080;\">WhatsApp:<\/span><\/strong> +57 3127994357<\/h5>\n<h5><\/h5>\n","protected":false},"excerpt":{"rendered":"<p>Trance Nagual es un grupo que fusiona la m\u00fasica electr\u00f3nica con instrumentos ind\u00edgenas, cantos ancestrales e im\u00e1genes contemplativas, para producir<\/p>\n","protected":false},"author":1,"featured_media":0,"parent":0,"menu_order":0,"comment_status":"closed","ping_status":"closed","template":"","meta":{"colormag_page_layout":"default_layout","footnotes":""},"class_list":["post-3762","page","type-page","status-publish","hentry"],"yoast_head":"<!-- This site is optimized with the Yoast SEO plugin v25.6 - https:\/\/yoast.com\/wordpress\/plugins\/seo\/ -->\n<title>Trance Nagual - Cultura Neuroactiva<\/title>\n<meta name=\"description\" content=\"Trance Nagual es un grupo que fusiona la m\u00fasica electr\u00f3nica con instrumentos ind\u00edgenas, cantos ancestrales e im\u00e1genes contemplativas, para producir atm\u00f3sferas hipn\u00f3ticas y envolventes, que facilitan las experiencias de danza ecst\u00e1tica y los estados de meditaci\u00f3n profunda.\" \/>\n<meta name=\"robots\" content=\"index, follow, max-snippet:-1, max-image-preview:large, max-video-preview:-1\" \/>\n<link rel=\"canonical\" href=\"https:\/\/culturaneuroactiva.com\/site\/trance-nagual\/\" \/>\n<meta property=\"og:locale\" content=\"es_ES\" \/>\n<meta property=\"og:type\" content=\"article\" \/>\n<meta property=\"og:title\" content=\"Trance Nagual - Cultura Neuroactiva\" \/>\n<meta property=\"og:description\" content=\"Trance Nagual es un grupo que fusiona la m\u00fasica electr\u00f3nica con instrumentos ind\u00edgenas, cantos ancestrales e im\u00e1genes contemplativas, para producir atm\u00f3sferas hipn\u00f3ticas y envolventes, que facilitan las experiencias de danza ecst\u00e1tica y los estados de meditaci\u00f3n profunda.\" \/>\n<meta property=\"og:url\" content=\"https:\/\/culturaneuroactiva.com\/site\/trance-nagual\/\" \/>\n<meta property=\"og:site_name\" content=\"Cultura Neuroactiva\" \/>\n<meta property=\"article:publisher\" content=\"https:\/\/www.facebook.com\/cultura.neuroactiva\" \/>\n<meta property=\"article:modified_time\" content=\"2026-04-16T01:06:11+00:00\" \/>\n<meta property=\"og:image\" content=\"https:\/\/culturaneuroactiva.com\/site\/wp-content\/uploads\/2026\/02\/WhatsApp-Image-2026-02-27-at-3.48.39-AM.jpeg\" \/>\n\t<meta property=\"og:image:width\" content=\"1344\" \/>\n\t<meta property=\"og:image:height\" content=\"634\" \/>\n\t<meta property=\"og:image:type\" content=\"image\/jpeg\" \/>\n<meta name=\"twitter:card\" content=\"summary_large_image\" \/>\n<meta name=\"twitter:label1\" content=\"Tiempo de lectura\" \/>\n\t<meta name=\"twitter:data1\" content=\"2 minutos\" \/>\n<script type=\"application\/ld+json\" class=\"yoast-schema-graph\">{\"@context\":\"https:\/\/schema.org\",\"@graph\":[{\"@type\":\"WebPage\",\"@id\":\"https:\/\/culturaneuroactiva.com\/site\/trance-nagual\/\",\"url\":\"https:\/\/culturaneuroactiva.com\/site\/trance-nagual\/\",\"name\":\"Trance Nagual - Cultura Neuroactiva\",\"isPartOf\":{\"@id\":\"https:\/\/culturaneuroactiva.com\/site\/#website\"},\"primaryImageOfPage\":{\"@id\":\"https:\/\/culturaneuroactiva.com\/site\/trance-nagual\/#primaryimage\"},\"image\":{\"@id\":\"https:\/\/culturaneuroactiva.com\/site\/trance-nagual\/#primaryimage\"},\"thumbnailUrl\":\"https:\/\/culturaneuroactiva.com\/site\/wp-content\/uploads\/2026\/02\/WhatsApp-Image-2026-02-27-at-3.48.39-AM-300x142.jpeg\",\"datePublished\":\"2026-02-27T08:57:54+00:00\",\"dateModified\":\"2026-04-16T01:06:11+00:00\",\"description\":\"Trance Nagual es un grupo que fusiona la m\u00fasica electr\u00f3nica con instrumentos ind\u00edgenas, cantos ancestrales e im\u00e1genes contemplativas, para producir atm\u00f3sferas hipn\u00f3ticas y envolventes, que facilitan las experiencias de danza ecst\u00e1tica y los estados de meditaci\u00f3n profunda.\",\"breadcrumb\":{\"@id\":\"https:\/\/culturaneuroactiva.com\/site\/trance-nagual\/#breadcrumb\"},\"inLanguage\":\"es\",\"potentialAction\":[{\"@type\":\"ReadAction\",\"target\":[\"https:\/\/culturaneuroactiva.com\/site\/trance-nagual\/\"]}]},{\"@type\":\"ImageObject\",\"inLanguage\":\"es\",\"@id\":\"https:\/\/culturaneuroactiva.com\/site\/trance-nagual\/#primaryimage\",\"url\":\"https:\/\/culturaneuroactiva.com\/site\/wp-content\/uploads\/2026\/02\/WhatsApp-Image-2026-02-27-at-3.48.39-AM.jpeg\",\"contentUrl\":\"https:\/\/culturaneuroactiva.com\/site\/wp-content\/uploads\/2026\/02\/WhatsApp-Image-2026-02-27-at-3.48.39-AM.jpeg\",\"width\":1344,\"height\":634},{\"@type\":\"BreadcrumbList\",\"@id\":\"https:\/\/culturaneuroactiva.com\/site\/trance-nagual\/#breadcrumb\",\"itemListElement\":[{\"@type\":\"ListItem\",\"position\":1,\"name\":\"Portada\",\"item\":\"https:\/\/culturaneuroactiva.com\/site\/\"},{\"@type\":\"ListItem\",\"position\":2,\"name\":\"Trance Nagual\"}]},{\"@type\":\"WebSite\",\"@id\":\"https:\/\/culturaneuroactiva.com\/site\/#website\",\"url\":\"https:\/\/culturaneuroactiva.com\/site\/\",\"name\":\"Cultura Neuroactiva\",\"description\":\"Gu\u00edas del Vivir Consciente\",\"potentialAction\":[{\"@type\":\"SearchAction\",\"target\":{\"@type\":\"EntryPoint\",\"urlTemplate\":\"https:\/\/culturaneuroactiva.com\/site\/?s={search_term_string}\"},\"query-input\":{\"@type\":\"PropertyValueSpecification\",\"valueRequired\":true,\"valueName\":\"search_term_string\"}}],\"inLanguage\":\"es\"}]}<\/script>\n<!-- \/ Yoast SEO plugin. -->","yoast_head_json":{"title":"Trance Nagual - Cultura Neuroactiva","description":"Trance Nagual es un grupo que fusiona la m\u00fasica electr\u00f3nica con instrumentos ind\u00edgenas, cantos ancestrales e im\u00e1genes contemplativas, para producir atm\u00f3sferas hipn\u00f3ticas y envolventes, que facilitan las experiencias de danza ecst\u00e1tica y los estados de meditaci\u00f3n profunda.","robots":{"index":"index","follow":"follow","max-snippet":"max-snippet:-1","max-image-preview":"max-image-preview:large","max-video-preview":"max-video-preview:-1"},"canonical":"https:\/\/culturaneuroactiva.com\/site\/trance-nagual\/","og_locale":"es_ES","og_type":"article","og_title":"Trance Nagual - Cultura Neuroactiva","og_description":"Trance Nagual es un grupo que fusiona la m\u00fasica electr\u00f3nica con instrumentos ind\u00edgenas, cantos ancestrales e im\u00e1genes contemplativas, para producir atm\u00f3sferas hipn\u00f3ticas y envolventes, que facilitan las experiencias de danza ecst\u00e1tica y los estados de meditaci\u00f3n profunda.","og_url":"https:\/\/culturaneuroactiva.com\/site\/trance-nagual\/","og_site_name":"Cultura Neuroactiva","article_publisher":"https:\/\/www.facebook.com\/cultura.neuroactiva","article_modified_time":"2026-04-16T01:06:11+00:00","og_image":[{"width":1344,"height":634,"url":"https:\/\/culturaneuroactiva.com\/site\/wp-content\/uploads\/2026\/02\/WhatsApp-Image-2026-02-27-at-3.48.39-AM.jpeg","type":"image\/jpeg"}],"twitter_card":"summary_large_image","twitter_misc":{"Tiempo de lectura":"2 minutos"},"schema":{"@context":"https:\/\/schema.org","@graph":[{"@type":"WebPage","@id":"https:\/\/culturaneuroactiva.com\/site\/trance-nagual\/","url":"https:\/\/culturaneuroactiva.com\/site\/trance-nagual\/","name":"Trance Nagual - Cultura Neuroactiva","isPartOf":{"@id":"https:\/\/culturaneuroactiva.com\/site\/#website"},"primaryImageOfPage":{"@id":"https:\/\/culturaneuroactiva.com\/site\/trance-nagual\/#primaryimage"},"image":{"@id":"https:\/\/culturaneuroactiva.com\/site\/trance-nagual\/#primaryimage"},"thumbnailUrl":"https:\/\/culturaneuroactiva.com\/site\/wp-content\/uploads\/2026\/02\/WhatsApp-Image-2026-02-27-at-3.48.39-AM-300x142.jpeg","datePublished":"2026-02-27T08:57:54+00:00","dateModified":"2026-04-16T01:06:11+00:00","description":"Trance Nagual es un grupo que fusiona la m\u00fasica electr\u00f3nica con instrumentos ind\u00edgenas, cantos ancestrales e im\u00e1genes contemplativas, para producir atm\u00f3sferas hipn\u00f3ticas y envolventes, que facilitan las experiencias de danza ecst\u00e1tica y los estados de meditaci\u00f3n profunda.","breadcrumb":{"@id":"https:\/\/culturaneuroactiva.com\/site\/trance-nagual\/#breadcrumb"},"inLanguage":"es","potentialAction":[{"@type":"ReadAction","target":["https:\/\/culturaneuroactiva.com\/site\/trance-nagual\/"]}]},{"@type":"ImageObject","inLanguage":"es","@id":"https:\/\/culturaneuroactiva.com\/site\/trance-nagual\/#primaryimage","url":"https:\/\/culturaneuroactiva.com\/site\/wp-content\/uploads\/2026\/02\/WhatsApp-Image-2026-02-27-at-3.48.39-AM.jpeg","contentUrl":"https:\/\/culturaneuroactiva.com\/site\/wp-content\/uploads\/2026\/02\/WhatsApp-Image-2026-02-27-at-3.48.39-AM.jpeg","width":1344,"height":634},{"@type":"BreadcrumbList","@id":"https:\/\/culturaneuroactiva.com\/site\/trance-nagual\/#breadcrumb","itemListElement":[{"@type":"ListItem","position":1,"name":"Portada","item":"https:\/\/culturaneuroactiva.com\/site\/"},{"@type":"ListItem","position":2,"name":"Trance Nagual"}]},{"@type":"WebSite","@id":"https:\/\/culturaneuroactiva.com\/site\/#website","url":"https:\/\/culturaneuroactiva.com\/site\/","name":"Cultura Neuroactiva","description":"Gu\u00edas del Vivir Consciente","potentialAction":[{"@type":"SearchAction","target":{"@type":"EntryPoint","urlTemplate":"https:\/\/culturaneuroactiva.com\/site\/?s={search_term_string}"},"query-input":{"@type":"PropertyValueSpecification","valueRequired":true,"valueName":"search_term_string"}}],"inLanguage":"es"}]}},"_links":{"self":[{"href":"https:\/\/culturaneuroactiva.com\/site\/wp-json\/wp\/v2\/pages\/3762","targetHints":{"allow":["GET"]}}],"collection":[{"href":"https:\/\/culturaneuroactiva.com\/site\/wp-json\/wp\/v2\/pages"}],"about":[{"href":"https:\/\/culturaneuroactiva.com\/site\/wp-json\/wp\/v2\/types\/page"}],"author":[{"embeddable":true,"href":"https:\/\/culturaneuroactiva.com\/site\/wp-json\/wp\/v2\/users\/1"}],"replies":[{"embeddable":true,"href":"https:\/\/culturaneuroactiva.com\/site\/wp-json\/wp\/v2\/comments?post=3762"}],"version-history":[{"count":11,"href":"https:\/\/culturaneuroactiva.com\/site\/wp-json\/wp\/v2\/pages\/3762\/revisions"}],"predecessor-version":[{"id":3797,"href":"https:\/\/culturaneuroactiva.com\/site\/wp-json\/wp\/v2\/pages\/3762\/revisions\/3797"}],"wp:attachment":[{"href":"https:\/\/culturaneuroactiva.com\/site\/wp-json\/wp\/v2\/media?parent=3762"}],"curies":[{"name":"wp","href":"https:\/\/api.w.org\/{rel}","templated":true}]}}