{"id":3760,"date":"2026-02-27T08:00:59","date_gmt":"2026-02-27T08:00:59","guid":{"rendered":"https:\/\/culturaneuroactiva.com\/site\/?page_id=3760"},"modified":"2026-02-27T09:00:33","modified_gmt":"2026-02-27T09:00:33","slug":"nagualica","status":"publish","type":"page","link":"https:\/\/culturaneuroactiva.com\/site\/nagualica\/","title":{"rendered":"Nagu\u00e1lica"},"content":{"rendered":"<h4><span style=\"color: #008080;\">Nagu\u00e1lica es uno grupo de m\u00fasica ancestral, con 25 a\u00f1os de experiencia en el arte del Sound Healing o meditaci\u00f3n con sonidos sagrados.<\/span><\/h4>\n<p>&nbsp;<\/p>\n<p><a href=\"https:\/\/culturaneuroactiva.com\/site\/wp-content\/uploads\/2024\/06\/Recital-3.jpg\"><img loading=\"lazy\" decoding=\"async\" class=\" wp-image-3505 aligncenter\" src=\"https:\/\/culturaneuroactiva.com\/site\/wp-content\/uploads\/2024\/06\/Recital-3-300x225.jpg\" sizes=\"auto, (max-width: 676px) 100vw, 676px\" srcset=\"https:\/\/culturaneuroactiva.com\/site\/wp-content\/uploads\/2024\/06\/Recital-3-300x225.jpg 300w, https:\/\/culturaneuroactiva.com\/site\/wp-content\/uploads\/2024\/06\/Recital-3-1024x768.jpg 1024w, https:\/\/culturaneuroactiva.com\/site\/wp-content\/uploads\/2024\/06\/Recital-3-768x576.jpg 768w, https:\/\/culturaneuroactiva.com\/site\/wp-content\/uploads\/2024\/06\/Recital-3-1536x1152.jpg 1536w, https:\/\/culturaneuroactiva.com\/site\/wp-content\/uploads\/2024\/06\/Recital-3.jpg 1600w\" alt=\"\" width=\"676\" height=\"507\" \/><\/a><\/p>\n<h4><strong><span style=\"color: #008080;\">SERVICIOS DE NAGU\u00c1LICA<\/span><\/strong><\/h4>\n<ul>\n<li>\n<h5><span style=\"color: #008080;\"><strong>Concierto de Nagu\u00e1lica.\u00a0<\/strong><\/span>Sum\u00e9rjase en una pel\u00edcula de cine mental con este concierto de m\u00fasica ancestral, en donde vivir\u00e1 una experiencia multisensorial contemplativa, que atraviesa por diversos paisajes mentales y emocionales, lo cual puede generar desde relajaci\u00f3n y meditaci\u00f3n profunda, hasta sue\u00f1os l\u00facidos, sanaciones y revelaciones.<\/h5>\n<\/li>\n<li>\n<h5><span style=\"color: #008080;\"><strong>Sound Healing Ancestral.<\/strong><\/span> Viva este encuentro con el inconsciente profundo a trav\u00e9s del sonido sagrado, para quienes buscan misticismo, instrucci\u00f3n y sanaci\u00f3n. Incluye: aromaterapia, charla sobre conexi\u00f3n interior, concierto de m\u00fasica ancestral, refrigerio y conversatorio terap\u00e9utico.<\/h5>\n<\/li>\n<\/ul>\n<p>&nbsp;<\/p>\n<p>&#8212;-<\/p>\n<h3 style=\"text-align: center;\"><span style=\"color: #008080;\">TARIFAS<\/span><\/h3>\n<h4><span style=\"color: #008080;\"><strong>Concierto de Nagu\u00e1lica<\/strong><\/span><\/h4>\n<ul>\n<li>\n<h5><span style=\"color: #008080;\"><strong>DURACI\u00d3N:<\/strong><\/span>\u00a0Dos horas.<\/h5>\n<\/li>\n<li>\n<h5><span style=\"color: #008080;\"><strong>VALOR:<\/strong><\/span>\u00a0$900.000<\/h5>\n<\/li>\n<li><strong><span style=\"color: #008080;\">Presentaciones por fuera de la ciudad:<\/span>\u00a0<\/strong>$1`200.000 m\u00e1s vi\u00e1ticos.<\/li>\n<\/ul>\n<h5><strong>\u00a0<\/strong><strong>\u00a0<\/strong><\/h5>\n<h5><span style=\"color: #008080;\"><strong>Sound Healing Ancestral<\/strong><\/span><\/h5>\n<ul>\n<li>\n<h5><span style=\"color: #008080;\"><strong>DURACI\u00d3N:<\/strong><\/span>\u00a0Tres horas.<\/h5>\n<\/li>\n<li>\n<h5><span style=\"color: #008080;\"><strong>VALOR:<\/strong>\u00a0<\/span>$ 80.000 por persona.<\/h5>\n<\/li>\n<li>\n<h5><span style=\"color: #008080;\"><strong>CUPO M\u00cdNIMO:<\/strong>\u00a0<\/span>cinco personas.<\/h5>\n<\/li>\n<\/ul>\n<p>&nbsp;<\/p>\n<h5><span style=\"color: #008080;\"><strong>INFORMES Y RESERVAS<\/strong><\/span><\/h5>\n<h5><span style=\"color: #008080;\">WhatsApp:<\/span>\u00a03127994357<\/h5>\n<h5><span style=\"color: #008080;\">Correo:<\/span> culturaneuroactiva@gmail.com<\/h5>\n","protected":false},"excerpt":{"rendered":"<p>Nagu\u00e1lica es uno grupo de m\u00fasica ancestral, con 25 a\u00f1os de experiencia en el arte del Sound Healing o meditaci\u00f3n<\/p>\n","protected":false},"author":1,"featured_media":0,"parent":0,"menu_order":0,"comment_status":"closed","ping_status":"closed","template":"","meta":{"colormag_page_layout":"default_layout","footnotes":""},"class_list":["post-3760","page","type-page","status-publish","hentry"],"yoast_head":"<!-- This site is optimized with the Yoast SEO plugin v25.6 - https:\/\/yoast.com\/wordpress\/plugins\/seo\/ -->\n<title>Nagu\u00e1lica - Cultura Neuroactiva<\/title>\n<meta name=\"robots\" content=\"index, follow, max-snippet:-1, max-image-preview:large, max-video-preview:-1\" \/>\n<link rel=\"canonical\" href=\"https:\/\/culturaneuroactiva.com\/site\/nagualica\/\" \/>\n<meta property=\"og:locale\" content=\"es_ES\" \/>\n<meta property=\"og:type\" content=\"article\" \/>\n<meta property=\"og:title\" content=\"Nagu\u00e1lica - Cultura Neuroactiva\" \/>\n<meta property=\"og:description\" content=\"Nagu\u00e1lica es uno grupo de m\u00fasica ancestral, con 25 a\u00f1os de experiencia en el arte del Sound Healing o meditaci\u00f3n\" \/>\n<meta property=\"og:url\" content=\"https:\/\/culturaneuroactiva.com\/site\/nagualica\/\" \/>\n<meta property=\"og:site_name\" content=\"Cultura Neuroactiva\" \/>\n<meta property=\"article:publisher\" content=\"https:\/\/www.facebook.com\/cultura.neuroactiva\" \/>\n<meta property=\"article:modified_time\" content=\"2026-02-27T09:00:33+00:00\" \/>\n<meta property=\"og:image\" content=\"https:\/\/culturaneuroactiva.com\/site\/wp-content\/uploads\/2024\/06\/Recital-3.jpg\" \/>\n\t<meta property=\"og:image:width\" content=\"1600\" \/>\n\t<meta property=\"og:image:height\" content=\"1200\" \/>\n\t<meta property=\"og:image:type\" content=\"image\/jpeg\" \/>\n<meta name=\"twitter:card\" content=\"summary_large_image\" \/>\n<meta name=\"twitter:label1\" content=\"Tiempo de lectura\" \/>\n\t<meta name=\"twitter:data1\" content=\"1 minuto\" \/>\n<script type=\"application\/ld+json\" class=\"yoast-schema-graph\">{\"@context\":\"https:\/\/schema.org\",\"@graph\":[{\"@type\":\"WebPage\",\"@id\":\"https:\/\/culturaneuroactiva.com\/site\/nagualica\/\",\"url\":\"https:\/\/culturaneuroactiva.com\/site\/nagualica\/\",\"name\":\"Nagu\u00e1lica - Cultura Neuroactiva\",\"isPartOf\":{\"@id\":\"https:\/\/culturaneuroactiva.com\/site\/#website\"},\"primaryImageOfPage\":{\"@id\":\"https:\/\/culturaneuroactiva.com\/site\/nagualica\/#primaryimage\"},\"image\":{\"@id\":\"https:\/\/culturaneuroactiva.com\/site\/nagualica\/#primaryimage\"},\"thumbnailUrl\":\"https:\/\/culturaneuroactiva.com\/site\/wp-content\/uploads\/2024\/06\/Recital-3-300x225.jpg\",\"datePublished\":\"2026-02-27T08:00:59+00:00\",\"dateModified\":\"2026-02-27T09:00:33+00:00\",\"breadcrumb\":{\"@id\":\"https:\/\/culturaneuroactiva.com\/site\/nagualica\/#breadcrumb\"},\"inLanguage\":\"es\",\"potentialAction\":[{\"@type\":\"ReadAction\",\"target\":[\"https:\/\/culturaneuroactiva.com\/site\/nagualica\/\"]}]},{\"@type\":\"ImageObject\",\"inLanguage\":\"es\",\"@id\":\"https:\/\/culturaneuroactiva.com\/site\/nagualica\/#primaryimage\",\"url\":\"https:\/\/culturaneuroactiva.com\/site\/wp-content\/uploads\/2024\/06\/Recital-3.jpg\",\"contentUrl\":\"https:\/\/culturaneuroactiva.com\/site\/wp-content\/uploads\/2024\/06\/Recital-3.jpg\",\"width\":1600,\"height\":1200},{\"@type\":\"BreadcrumbList\",\"@id\":\"https:\/\/culturaneuroactiva.com\/site\/nagualica\/#breadcrumb\",\"itemListElement\":[{\"@type\":\"ListItem\",\"position\":1,\"name\":\"Portada\",\"item\":\"https:\/\/culturaneuroactiva.com\/site\/\"},{\"@type\":\"ListItem\",\"position\":2,\"name\":\"Nagu\u00e1lica\"}]},{\"@type\":\"WebSite\",\"@id\":\"https:\/\/culturaneuroactiva.com\/site\/#website\",\"url\":\"https:\/\/culturaneuroactiva.com\/site\/\",\"name\":\"Cultura Neuroactiva\",\"description\":\"Gu\u00edas del Vivir Consciente\",\"potentialAction\":[{\"@type\":\"SearchAction\",\"target\":{\"@type\":\"EntryPoint\",\"urlTemplate\":\"https:\/\/culturaneuroactiva.com\/site\/?s={search_term_string}\"},\"query-input\":{\"@type\":\"PropertyValueSpecification\",\"valueRequired\":true,\"valueName\":\"search_term_string\"}}],\"inLanguage\":\"es\"}]}<\/script>\n<!-- \/ Yoast SEO plugin. -->","yoast_head_json":{"title":"Nagu\u00e1lica - Cultura Neuroactiva","robots":{"index":"index","follow":"follow","max-snippet":"max-snippet:-1","max-image-preview":"max-image-preview:large","max-video-preview":"max-video-preview:-1"},"canonical":"https:\/\/culturaneuroactiva.com\/site\/nagualica\/","og_locale":"es_ES","og_type":"article","og_title":"Nagu\u00e1lica - Cultura Neuroactiva","og_description":"Nagu\u00e1lica es uno grupo de m\u00fasica ancestral, con 25 a\u00f1os de experiencia en el arte del Sound Healing o meditaci\u00f3n","og_url":"https:\/\/culturaneuroactiva.com\/site\/nagualica\/","og_site_name":"Cultura Neuroactiva","article_publisher":"https:\/\/www.facebook.com\/cultura.neuroactiva","article_modified_time":"2026-02-27T09:00:33+00:00","og_image":[{"width":1600,"height":1200,"url":"https:\/\/culturaneuroactiva.com\/site\/wp-content\/uploads\/2024\/06\/Recital-3.jpg","type":"image\/jpeg"}],"twitter_card":"summary_large_image","twitter_misc":{"Tiempo de lectura":"1 minuto"},"schema":{"@context":"https:\/\/schema.org","@graph":[{"@type":"WebPage","@id":"https:\/\/culturaneuroactiva.com\/site\/nagualica\/","url":"https:\/\/culturaneuroactiva.com\/site\/nagualica\/","name":"Nagu\u00e1lica - Cultura Neuroactiva","isPartOf":{"@id":"https:\/\/culturaneuroactiva.com\/site\/#website"},"primaryImageOfPage":{"@id":"https:\/\/culturaneuroactiva.com\/site\/nagualica\/#primaryimage"},"image":{"@id":"https:\/\/culturaneuroactiva.com\/site\/nagualica\/#primaryimage"},"thumbnailUrl":"https:\/\/culturaneuroactiva.com\/site\/wp-content\/uploads\/2024\/06\/Recital-3-300x225.jpg","datePublished":"2026-02-27T08:00:59+00:00","dateModified":"2026-02-27T09:00:33+00:00","breadcrumb":{"@id":"https:\/\/culturaneuroactiva.com\/site\/nagualica\/#breadcrumb"},"inLanguage":"es","potentialAction":[{"@type":"ReadAction","target":["https:\/\/culturaneuroactiva.com\/site\/nagualica\/"]}]},{"@type":"ImageObject","inLanguage":"es","@id":"https:\/\/culturaneuroactiva.com\/site\/nagualica\/#primaryimage","url":"https:\/\/culturaneuroactiva.com\/site\/wp-content\/uploads\/2024\/06\/Recital-3.jpg","contentUrl":"https:\/\/culturaneuroactiva.com\/site\/wp-content\/uploads\/2024\/06\/Recital-3.jpg","width":1600,"height":1200},{"@type":"BreadcrumbList","@id":"https:\/\/culturaneuroactiva.com\/site\/nagualica\/#breadcrumb","itemListElement":[{"@type":"ListItem","position":1,"name":"Portada","item":"https:\/\/culturaneuroactiva.com\/site\/"},{"@type":"ListItem","position":2,"name":"Nagu\u00e1lica"}]},{"@type":"WebSite","@id":"https:\/\/culturaneuroactiva.com\/site\/#website","url":"https:\/\/culturaneuroactiva.com\/site\/","name":"Cultura Neuroactiva","description":"Gu\u00edas del Vivir Consciente","potentialAction":[{"@type":"SearchAction","target":{"@type":"EntryPoint","urlTemplate":"https:\/\/culturaneuroactiva.com\/site\/?s={search_term_string}"},"query-input":{"@type":"PropertyValueSpecification","valueRequired":true,"valueName":"search_term_string"}}],"inLanguage":"es"}]}},"_links":{"self":[{"href":"https:\/\/culturaneuroactiva.com\/site\/wp-json\/wp\/v2\/pages\/3760","targetHints":{"allow":["GET"]}}],"collection":[{"href":"https:\/\/culturaneuroactiva.com\/site\/wp-json\/wp\/v2\/pages"}],"about":[{"href":"https:\/\/culturaneuroactiva.com\/site\/wp-json\/wp\/v2\/types\/page"}],"author":[{"embeddable":true,"href":"https:\/\/culturaneuroactiva.com\/site\/wp-json\/wp\/v2\/users\/1"}],"replies":[{"embeddable":true,"href":"https:\/\/culturaneuroactiva.com\/site\/wp-json\/wp\/v2\/comments?post=3760"}],"version-history":[{"count":3,"href":"https:\/\/culturaneuroactiva.com\/site\/wp-json\/wp\/v2\/pages\/3760\/revisions"}],"predecessor-version":[{"id":3766,"href":"https:\/\/culturaneuroactiva.com\/site\/wp-json\/wp\/v2\/pages\/3760\/revisions\/3766"}],"wp:attachment":[{"href":"https:\/\/culturaneuroactiva.com\/site\/wp-json\/wp\/v2\/media?parent=3760"}],"curies":[{"name":"wp","href":"https:\/\/api.w.org\/{rel}","templated":true}]}}