{"id":3621,"date":"2025-11-08T01:43:50","date_gmt":"2025-11-08T01:43:50","guid":{"rendered":"https:\/\/culturaneuroactiva.com\/site\/?page_id=3621"},"modified":"2026-02-27T06:53:28","modified_gmt":"2026-02-27T06:53:28","slug":"escuela-de-terapeutas-de-salud-interior","status":"publish","type":"page","link":"https:\/\/culturaneuroactiva.com\/site\/escuela-de-terapeutas-de-salud-interior\/","title":{"rendered":"Escuela de Terapeutas de Salud Interior"},"content":{"rendered":"<h4><span style=\"color: #008080;\">\u00c9sta formaci\u00f3n terap\u00e9utica ense\u00f1a un enfoque sist\u00e9mico del ser humano, para poder entender claramente el mapa de la sombra humana, junto con las causas de los principales problemas psicoemocionales, y sus correspondientes soluciones o t\u00e9cnicas de sanaci\u00f3n. Est\u00e1 basada en las diversas t\u00e9cnicas que deben utilizar todos los buscadores espirituales para superar las pruebas del camino a la iluminaci\u00f3n<\/span><span style=\"color: #008080;\">.<\/span><\/h4>\n<p>&nbsp;<\/p>\n<h4><span style=\"color: #008080;\"><strong>A Quienes Est\u00e1 Dirigida<\/strong><\/span><\/h4>\n<h5>Esta formaci\u00f3n terap\u00e9utica est\u00e1 dirigida a terapeutas hol\u00edsticos, psicoterapeutas, estudiantes de Psicolog\u00eda, estudiantes de Psiquiatr\u00eda, y en general personas que tengan el don de sanar, o que sientan el llamado a ayudar a otras personas en el campo de \u201csanaci\u00f3n de defectos y soluci\u00f3n de problemas\u201d.<\/h5>\n<p>&nbsp;<\/p>\n<h4><span style=\"color: #008080;\"><strong>Objetivos<\/strong><\/span><\/h4>\n<ul>\n<li>\n<h5>Adquirir herramientas pr\u00e1cticas para tratar y sanar las problem\u00e1ticas y las patolog\u00edas m\u00e1s consultadas.<\/h5>\n<\/li>\n<li>\n<h5>Adquirir herramientas pr\u00e1cticas para entender las principales problem\u00e1ticas tratadas en consulta, y as\u00ed poder hacer diagn\u00f3sticos certeros, y desarrollar planes terap\u00e9uticos altamente efectivos, hasta lograr sanar la enfermedad de ra\u00edz.<\/h5>\n<\/li>\n<li>\n<h5>Conocer el sentido, la estructura y el funcionamiento, de la sombra y la enfermedad humana, junto con sus procesos de sanaci\u00f3n.<\/h5>\n<\/li>\n<li>\n<h5>Adquirir criterios para valorar y disfrutar el oficio de terapeuta, con el objetivo de ayudar a las personas a resolver sus problem\u00e1ticas, y orientarlas en temas de crecimiento personal.<\/h5>\n<\/li>\n<li>\n<h5>Adquirir las herramientas para identificar en el paciente los problemas a resolver, para hallar las causas con precisi\u00f3n, y para orientar un proceso terap\u00e9utico exitoso.<\/h5>\n<\/li>\n<li>\n<h5>Poder sentirse claro, tranquilo y c\u00f3modo, en el trabajo terap\u00e9utico con los pacientes.<\/h5>\n<\/li>\n<li>\n<h5>A los estudiantes que ya tengan experiencia como terapeutas, el objetivo es poderles complementar toda la informaci\u00f3n que traen, para que se sientan m\u00e1s empoderados de sus capacidades y talentos, y alcancen as\u00ed sus objetivos.<\/h5>\n<\/li>\n<\/ul>\n<p>&nbsp;<\/p>\n<h4><span style=\"color: #008080;\"><strong>Niveles o Semestres<\/strong><\/span><\/h4>\n<ol>\n<li>\n<h5>Formaci\u00f3n del terapeuta.<\/h5>\n<\/li>\n<li>\n<h5>Capacitaci\u00f3n b\u00e1sica en patolog\u00edas mentales.<\/h5>\n<\/li>\n<li>\n<h5>Campos de especializaci\u00f3n en terapias de salud interior.<\/h5>\n<\/li>\n<li>\n<h5>Emprendimiento y autogesti\u00f3n como terapeuta.<\/h5>\n<\/li>\n<\/ol>\n<h5>NOTA: A continuaci\u00f3n encontrar\u00e1 el contenido de los dos primeros niveles.<\/h5>\n<p>&nbsp;<\/p>\n<p>&nbsp;<\/p>\n<h4 style=\"text-align: center;\"><span style=\"color: #008080;\"><strong>NIVEL 1<\/strong><\/span><\/h4>\n<h4 style=\"text-align: center;\"><span style=\"color: #008080;\"><strong>FORMACI\u00d3N DEL TERAP\u00c9UTA<\/strong><\/span><\/h4>\n<p><strong>\u00a0<\/strong><\/p>\n<h4><span style=\"color: #008080;\"><strong>Salud Interior<\/strong><\/span><\/h4>\n<ul>\n<li>\n<h5>Vida, salud y enfermedad.<\/h5>\n<\/li>\n<li>\n<h5>Qu\u00e9 es la salud interior y cu\u00e1les campos abarca.<\/h5>\n<\/li>\n<li>\n<h5>Genealog\u00eda de las enfermedades mentales.<\/h5>\n<\/li>\n<li>\n<h5>Paralelo con la salud mental tradicional.<\/h5>\n<\/li>\n<li>\n<h5>Problemas arquet\u00edpicos de salud interior.<\/h5>\n<\/li>\n<\/ul>\n<h5><strong>\u00a0<\/strong><\/h5>\n<h4><span style=\"color: #008080;\"><strong>Tipos de Enfoque Terap\u00e9utico<\/strong><\/span><\/h4>\n<ul>\n<li>\n<h5>Diferencias entre la psicoterapia y las terapias de salud interior.<\/h5>\n<\/li>\n<li>\n<h5>Paralelo entre Psicoterapia y Sanaci\u00f3n.<\/h5>\n<\/li>\n<li>\n<h5>Paralelo entre Psicolog\u00eda, Psiquiatr\u00eda, Misticismo y Chamanismo.<\/h5>\n<\/li>\n<li>\n<h5>Ventajas y desventajas de la terapia sintom\u00e1tica y la terapia causal.<\/h5>\n<\/li>\n<li>\n<h5>Formatos de psicoterapia.<\/h5>\n<\/li>\n<\/ul>\n<p><strong>\u00a0<\/strong><\/p>\n<h4><span style=\"color: #008080;\"><strong>Aspectos del Terapeuta<\/strong><\/span><\/h4>\n<ul>\n<li>\n<h5>Los procesos de formaci\u00f3n del alma.<\/h5>\n<\/li>\n<li>\n<h5>Equilibrio entre inspiraci\u00f3n y t\u00e9cnica. C\u00f3mo canalizar.<\/h5>\n<\/li>\n<li>\n<h5>Construcci\u00f3n del personaje.<\/h5>\n<\/li>\n<li>\n<h5>Sombra personal y depuraci\u00f3n del yo.<\/h5>\n<\/li>\n<li>\n<h5>Crisis, resiliencia y alquimia.<\/h5>\n<\/li>\n<li>\n<h5>Pautas de maestr\u00eda.<\/h5>\n<\/li>\n<li>\n<h5>Convertirse en un \u00e1ngel, maestro-terapeuta del nuevo paradigma.<\/h5>\n<\/li>\n<\/ul>\n<h5><strong>\u00a0<\/strong><\/h5>\n<h4><span style=\"color: #008080;\"><strong>Aspectos del Paciente<\/strong><\/span><\/h4>\n<ul>\n<li>\n<h5>La relaci\u00f3n de transferencia entre paciente y terapeuta.<\/h5>\n<\/li>\n<li>\n<h5>Clasificar el nivel de conciencia o etapa neuroevolutiva.<\/h5>\n<\/li>\n<li>\n<h5>Identificar el nivel de madurez emocional.<\/h5>\n<\/li>\n<li>\n<h5>Identificar los s\u00edntomas y las problem\u00e1ticas de fondo.<\/h5>\n<\/li>\n<li>\n<h5>Identificar las mentiras y los retos que pone el paciente.<\/h5>\n<\/li>\n<\/ul>\n<h5><strong>\u00a0<\/strong><\/h5>\n<h4><span style=\"color: #008080;\"><strong>Estructura de la Terapia <\/strong><\/span><\/h4>\n<ul>\n<li>\n<h5>El arte del cambio de enfoque.<\/h5>\n<\/li>\n<li>\n<h5>Objetivos claros de la terapia.<\/h5>\n<\/li>\n<li>\n<h5>Saber escuchar las problem\u00e1ticas del paciente.<\/h5>\n<\/li>\n<li>\n<h5>Diagn\u00f3stico del problema.<\/h5>\n<\/li>\n<li>\n<h5>Plan terap\u00e9utico.<\/h5>\n<\/li>\n<li>\n<h5>Tareas y pr\u00e1cticas.<\/h5>\n<\/li>\n<li>\n<h5>Acompa\u00f1amiento.<\/h5>\n<\/li>\n<li>\n<h5>Revisar el cumplimiento de objetivos, y ayudar a desbloquear y a motivar.<\/h5>\n<\/li>\n<li>\n<h5>Final de la Terapia.<\/h5>\n<\/li>\n<li>\n<h5>Manejo terap\u00e9utico de los riesgos y complicaciones que se den en la terapia.<\/h5>\n<\/li>\n<li>\n<h5>Par\u00e1metros de \u00e9xito en la terapia.<\/h5>\n<\/li>\n<li>\n<h5>Par\u00e1metros para ponerle el valor a la terapia.<\/h5>\n<\/li>\n<\/ul>\n<h5><\/h5>\n<h4><span style=\"color: #008080;\"><strong>Portafolio de Servicios de Salud Interior<\/strong><\/span><\/h4>\n<ul>\n<li>\n<h5>Consultas.<\/h5>\n<\/li>\n<li>\n<h5>Terapias.<\/h5>\n<\/li>\n<li>\n<h5>Acompa\u00f1amientos y consejer\u00edas.<\/h5>\n<\/li>\n<li>\n<h5>Coaching Espiritual.<\/h5>\n<\/li>\n<\/ul>\n<p><strong>\u00a0<\/strong><\/p>\n<p><strong>\u00a0<\/strong><\/p>\n<p>&nbsp;<\/p>\n<h4 style=\"text-align: center;\"><span style=\"color: #008080;\"><strong>NIVEL 2<\/strong><\/span><\/h4>\n<h4 style=\"text-align: center;\"><span style=\"color: #008080;\"><strong>CAPACITACI\u00d3N B\u00c1SICA <\/strong><strong>EN PATOLOG\u00cdAS MENTALES<\/strong><\/span><\/h4>\n<p>&nbsp;<\/p>\n<h4><span style=\"color: #008080;\"><strong>Terapias de Salud Interior <\/strong><\/span><\/h4>\n<ul>\n<li>\n<h5>Mapa de la sombra humana, clasificaci\u00f3n de las enfermedades mentales.<\/h5>\n<\/li>\n<li>\n<h5>Terapia neuroevolutiva.<\/h5>\n<\/li>\n<li>\n<h5>Terapia de desintoxicaci\u00f3n integral y cambio de paradigma.<\/h5>\n<\/li>\n<li>\n<h5>Terapia de sanaci\u00f3n cu\u00e1ntica con Biodescodificaci\u00f3n.<\/h5>\n<\/li>\n<li>\n<h5>Terapias de salud p\u00fablica.<\/h5>\n<\/li>\n<li>\n<h5>Coaching Espiritual.<\/h5>\n<\/li>\n<\/ul>\n<h5><\/h5>\n<h4><span style=\"color: #008080;\"><strong>Patolog\u00edas m\u00e1s Consultadas<\/strong><\/span><\/h4>\n<ul>\n<li>\n<h5>Ansiedad, miedos, fobias.<\/h5>\n<\/li>\n<li>\n<h5>Depresi\u00f3n, sinsentido, tendencias suicidas.<\/h5>\n<\/li>\n<li>\n<h5>Problemas, preocuparse demasiado.<\/h5>\n<\/li>\n<li>\n<h5>Adicciones, trastorno obsesivo compulsivo.<\/h5>\n<\/li>\n<li>\n<h5>Estr\u00e9s.<\/h5>\n<\/li>\n<li>\n<h5>Baja autoestima, falta de amor propio.<\/h5>\n<\/li>\n<li>\n<h5>Disociaci\u00f3n.<\/h5>\n<\/li>\n<li>\n<h5>Disonancia Cognitiva.<\/h5>\n<\/li>\n<li>\n<h5>Esquizofrenia.<\/h5>\n<\/li>\n<li>\n<h5>Psicosis.<\/h5>\n<\/li>\n<li>\n<h5>V\u00edctimas de abuso narcisista.<\/h5>\n<\/li>\n<li>\n<h5>Narcisismo.<\/h5>\n<\/li>\n<li>\n<h5>Psicopat\u00eda.<\/h5>\n<\/li>\n<li>\n<h5>P\u00e1nico, crisis nerviosa.<\/h5>\n<\/li>\n<li>\n<h5>Traumas.<\/h5>\n<\/li>\n<li>\n<h5>Enojo, ira, odio, polarizaci\u00f3n.<\/h5>\n<\/li>\n<li>\n<h5>Conflictos, mal manejo de la diferencia.<\/h5>\n<\/li>\n<li>\n<h5>Cansancio extremo.<\/h5>\n<\/li>\n<li>\n<h5>Desmotivaci\u00f3n, monoton\u00eda.<\/h5>\n<\/li>\n<li>\n<h5>Inacci\u00f3n, letargo, pereza.<\/h5>\n<\/li>\n<li>\n<h5>Desadaptaci\u00f3n social.<\/h5>\n<\/li>\n<li>\n<h5>D\u00e9ficit de atenci\u00f3n, con y sin hiperactividad.<\/h5>\n<\/li>\n<li>\n<h5>Problemas de aprendizaje.<\/h5>\n<\/li>\n<li>\n<h5>Autismo.<\/h5>\n<\/li>\n<li>\n<h5>Bipolaridad.<\/h5>\n<\/li>\n<li>\n<h5>Trastornos de alimentaci\u00f3n.<\/h5>\n<\/li>\n<li>\n<h5>Problemas para dormir, trastorno del sue\u00f1o.<\/h5>\n<\/li>\n<li>\n<h5>Mal manejo del tiempo.<\/h5>\n<\/li>\n<li>\n<h5>Frustraci\u00f3n.<\/h5>\n<\/li>\n<li>\n<h5>Trastorno de adaptaci\u00f3n.<\/h5>\n<\/li>\n<li>\n<h5>Problemas de pareja, rupturas sentimentales.<\/h5>\n<\/li>\n<li>\n<h5>Violencia intrafamiliar, familias disfuncionales.<\/h5>\n<\/li>\n<li>\n<h5>Crisis existenciales.<\/h5>\n<\/li>\n<li>\n<h5>Escasez, problemas econ\u00f3micos, dependencia econ\u00f3mica.<\/h5>\n<\/li>\n<li>\n<h5>Soledad.<\/h5>\n<\/li>\n<li>\n<h5>Personas neurodivergentes. PAS.<\/h5>\n<\/li>\n<li>\n<h5>Hijos problema.<\/h5>\n<\/li>\n<li>\n<h5>Victimismo, pensamiento catastr\u00f3fico.<\/h5>\n<\/li>\n<li>\n<h5>Fracaso, indefensi\u00f3n aprendida.<\/h5>\n<\/li>\n<li>\n<h5>Muerte y duelo.<\/h5>\n<\/li>\n<li>\n<h5>Apego, dependencia.<\/h5>\n<\/li>\n<li>\n<h5>S\u00edndrome de Peter Pan o adolescencia perpetua.<\/h5>\n<\/li>\n<li>\n<h5>Vivir sin prop\u00f3sito.<\/h5>\n<\/li>\n<li>\n<h5>Crisis de la mitad de la vida.<\/h5>\n<\/li>\n<li>\n<h5>Vida ajena, sentirse obligado a algo, hacer las cosas sin sentirlas.<\/h5>\n<\/li>\n<\/ul>\n<h5><strong>\u00a0<\/strong><\/h5>\n<h4><span style=\"color: #008080;\"><strong>Soluciones en Problemas de Salud P\u00fablica <\/strong><\/span><\/h4>\n<ul>\n<li>\n<h5>Estructura de la terapia de los instintos.<\/h5>\n<\/li>\n<li>\n<h5>Prevenci\u00f3n en drogadicci\u00f3n.<\/h5>\n<\/li>\n<li>\n<h5>C\u00f3mo tener relaciones saludables.<\/h5>\n<\/li>\n<li>\n<h5>C\u00f3mo sanar la violencia y manejar las emociones.<\/h5>\n<\/li>\n<li>\n<h5>Criterios de sexualidad responsable.<\/h5>\n<\/li>\n<li>\n<h5>C\u00f3mo sanar la pobreza y aprender a manifestar.<\/h5>\n<\/li>\n<\/ul>\n<p>&nbsp;<\/p>\n<p>&nbsp;<\/p>\n<p><strong>&#8212;&#8212;<\/strong><\/p>\n<p>&nbsp;<\/p>\n<h4><span style=\"color: #008080;\"><strong>DURACI\u00d3N Y VALOR DE CADA NIVEL<\/strong><\/span><\/h4>\n<ul>\n<li>\n<h5><span style=\"color: #008080;\"><strong>16 horas:<\/strong>\u00a0<\/span>$860.000 \u00a0Una clase semanal de 2 horas por 2 meses.<\/h5>\n<\/li>\n<li>\n<h5><span style=\"color: #008080;\"><strong>32 horas:<\/strong>\u00a0<\/span>$1\u00b4700.000 \u00a0Una clase semanal de 2 horas por 4 meses.<\/h5>\n<\/li>\n<li>\n<h5><span style=\"color: #008080;\"><strong>64 horas:<\/strong>\u00a0<\/span>$3\u00b4400.000 Dos clases semanales de 2 horas por 4 meses.<\/h5>\n<\/li>\n<\/ul>\n<h4><\/h4>\n<p>&nbsp;<\/p>\n<h4><span style=\"color: #008080;\"><strong>TARIFAS INTERNACIONALES<\/strong><\/span><\/h4>\n<ul>\n<li>\n<h5><span style=\"color: #008080;\"><strong>16 horas:<\/strong><\/span>\u00a0385 USD. Una clase semanal de 2 horas por 2 meses.<\/h5>\n<\/li>\n<li>\n<h5><span style=\"color: #008080;\"><strong>32 horas:<\/strong><\/span>\u00a0770 USD. Una clase semanal de 2 horas por 4 meses.<\/h5>\n<\/li>\n<li>\n<h5><span style=\"color: #008080;\"><strong>64 horas:<\/strong><\/span>\u00a01540 USD. Dos clases semanales de 2 horas por 4 meses.<\/h5>\n<\/li>\n<\/ul>\n<h5><strong>\u00a0<\/strong><strong>\u00a0<\/strong><\/h5>\n<h4><span style=\"color: #008080;\"><strong>ASPECTOS T\u00c9CNICOS\u00a0<\/strong><\/span><\/h4>\n<ul>\n<li>\n<h5><span style=\"color: #008080;\">MODALIDADES:<\/span> Presencial y virtual.<\/h5>\n<\/li>\n<li>\n<h5><span style=\"color: #008080;\"><strong>FACILITADOR:<\/strong><\/span> Juan David Silva Aguirre, director de Cultura Neuroactiva. Lleva m\u00e1s de 20 a\u00f1os de experiencia ofreciendo las escuelas neuroactivas y los servicios de salud interior.<\/h5>\n<\/li>\n<li>\n<h5><strong><span style=\"color: #008080;\">INFORMES Y RESERVAS:<\/span>\u00a0<\/strong>WhasApp: +57 3127994357\u00a0 Correo: culturaneuroactiva@gmail.com<\/h5>\n<\/li>\n<li>\n<h5><strong><span style=\"color: #008080;\">SEDE DE CULTURA NEUROACTIVA:<\/span>\u00a0<\/strong>Cll. 41 B sur #31 B \u2013 13 (Envigado).<\/h5>\n<\/li>\n<\/ul>\n<p>&nbsp;<\/p>\n<h5><strong><a href=\"http:\/\/www.culturaneuroactiva.com\/\">www.culturaneuroactiva.com<\/a><\/strong><\/h5>\n","protected":false},"excerpt":{"rendered":"<p>\u00c9sta formaci\u00f3n terap\u00e9utica ense\u00f1a un enfoque sist\u00e9mico del ser humano, para poder entender claramente el mapa de la sombra humana,<\/p>\n","protected":false},"author":1,"featured_media":0,"parent":0,"menu_order":0,"comment_status":"closed","ping_status":"closed","template":"","meta":{"colormag_page_layout":"default_layout","footnotes":""},"class_list":["post-3621","page","type-page","status-publish","hentry"],"yoast_head":"<!-- This site is optimized with the Yoast SEO plugin v25.6 - https:\/\/yoast.com\/wordpress\/plugins\/seo\/ -->\n<title>Escuela de Terapeutas de Salud Interior - Cultura Neuroactiva<\/title>\n<meta name=\"robots\" content=\"index, follow, max-snippet:-1, max-image-preview:large, max-video-preview:-1\" \/>\n<link rel=\"canonical\" href=\"https:\/\/culturaneuroactiva.com\/site\/escuela-de-terapeutas-de-salud-interior\/\" \/>\n<meta property=\"og:locale\" content=\"es_ES\" \/>\n<meta property=\"og:type\" content=\"article\" \/>\n<meta property=\"og:title\" content=\"Escuela de Terapeutas de Salud Interior - Cultura Neuroactiva\" \/>\n<meta property=\"og:description\" content=\"\u00c9sta formaci\u00f3n terap\u00e9utica ense\u00f1a un enfoque sist\u00e9mico del ser humano, para poder entender claramente el mapa de la sombra humana,\" \/>\n<meta property=\"og:url\" content=\"https:\/\/culturaneuroactiva.com\/site\/escuela-de-terapeutas-de-salud-interior\/\" \/>\n<meta property=\"og:site_name\" content=\"Cultura Neuroactiva\" \/>\n<meta property=\"article:publisher\" content=\"https:\/\/www.facebook.com\/cultura.neuroactiva\" \/>\n<meta property=\"article:modified_time\" content=\"2026-02-27T06:53:28+00:00\" \/>\n<meta name=\"twitter:card\" content=\"summary_large_image\" \/>\n<meta name=\"twitter:label1\" content=\"Tiempo de lectura\" \/>\n\t<meta name=\"twitter:data1\" content=\"5 minutos\" \/>\n<script type=\"application\/ld+json\" class=\"yoast-schema-graph\">{\"@context\":\"https:\/\/schema.org\",\"@graph\":[{\"@type\":\"WebPage\",\"@id\":\"https:\/\/culturaneuroactiva.com\/site\/escuela-de-terapeutas-de-salud-interior\/\",\"url\":\"https:\/\/culturaneuroactiva.com\/site\/escuela-de-terapeutas-de-salud-interior\/\",\"name\":\"Escuela de Terapeutas de Salud Interior - Cultura Neuroactiva\",\"isPartOf\":{\"@id\":\"https:\/\/culturaneuroactiva.com\/site\/#website\"},\"datePublished\":\"2025-11-08T01:43:50+00:00\",\"dateModified\":\"2026-02-27T06:53:28+00:00\",\"breadcrumb\":{\"@id\":\"https:\/\/culturaneuroactiva.com\/site\/escuela-de-terapeutas-de-salud-interior\/#breadcrumb\"},\"inLanguage\":\"es\",\"potentialAction\":[{\"@type\":\"ReadAction\",\"target\":[\"https:\/\/culturaneuroactiva.com\/site\/escuela-de-terapeutas-de-salud-interior\/\"]}]},{\"@type\":\"BreadcrumbList\",\"@id\":\"https:\/\/culturaneuroactiva.com\/site\/escuela-de-terapeutas-de-salud-interior\/#breadcrumb\",\"itemListElement\":[{\"@type\":\"ListItem\",\"position\":1,\"name\":\"Portada\",\"item\":\"https:\/\/culturaneuroactiva.com\/site\/\"},{\"@type\":\"ListItem\",\"position\":2,\"name\":\"Escuela de Terapeutas de Salud Interior\"}]},{\"@type\":\"WebSite\",\"@id\":\"https:\/\/culturaneuroactiva.com\/site\/#website\",\"url\":\"https:\/\/culturaneuroactiva.com\/site\/\",\"name\":\"Cultura Neuroactiva\",\"description\":\"Gu\u00edas del Vivir Consciente\",\"potentialAction\":[{\"@type\":\"SearchAction\",\"target\":{\"@type\":\"EntryPoint\",\"urlTemplate\":\"https:\/\/culturaneuroactiva.com\/site\/?s={search_term_string}\"},\"query-input\":{\"@type\":\"PropertyValueSpecification\",\"valueRequired\":true,\"valueName\":\"search_term_string\"}}],\"inLanguage\":\"es\"}]}<\/script>\n<!-- \/ Yoast SEO plugin. -->","yoast_head_json":{"title":"Escuela de Terapeutas de Salud Interior - Cultura Neuroactiva","robots":{"index":"index","follow":"follow","max-snippet":"max-snippet:-1","max-image-preview":"max-image-preview:large","max-video-preview":"max-video-preview:-1"},"canonical":"https:\/\/culturaneuroactiva.com\/site\/escuela-de-terapeutas-de-salud-interior\/","og_locale":"es_ES","og_type":"article","og_title":"Escuela de Terapeutas de Salud Interior - Cultura Neuroactiva","og_description":"\u00c9sta formaci\u00f3n terap\u00e9utica ense\u00f1a un enfoque sist\u00e9mico del ser humano, para poder entender claramente el mapa de la sombra humana,","og_url":"https:\/\/culturaneuroactiva.com\/site\/escuela-de-terapeutas-de-salud-interior\/","og_site_name":"Cultura Neuroactiva","article_publisher":"https:\/\/www.facebook.com\/cultura.neuroactiva","article_modified_time":"2026-02-27T06:53:28+00:00","twitter_card":"summary_large_image","twitter_misc":{"Tiempo de lectura":"5 minutos"},"schema":{"@context":"https:\/\/schema.org","@graph":[{"@type":"WebPage","@id":"https:\/\/culturaneuroactiva.com\/site\/escuela-de-terapeutas-de-salud-interior\/","url":"https:\/\/culturaneuroactiva.com\/site\/escuela-de-terapeutas-de-salud-interior\/","name":"Escuela de Terapeutas de Salud Interior - Cultura Neuroactiva","isPartOf":{"@id":"https:\/\/culturaneuroactiva.com\/site\/#website"},"datePublished":"2025-11-08T01:43:50+00:00","dateModified":"2026-02-27T06:53:28+00:00","breadcrumb":{"@id":"https:\/\/culturaneuroactiva.com\/site\/escuela-de-terapeutas-de-salud-interior\/#breadcrumb"},"inLanguage":"es","potentialAction":[{"@type":"ReadAction","target":["https:\/\/culturaneuroactiva.com\/site\/escuela-de-terapeutas-de-salud-interior\/"]}]},{"@type":"BreadcrumbList","@id":"https:\/\/culturaneuroactiva.com\/site\/escuela-de-terapeutas-de-salud-interior\/#breadcrumb","itemListElement":[{"@type":"ListItem","position":1,"name":"Portada","item":"https:\/\/culturaneuroactiva.com\/site\/"},{"@type":"ListItem","position":2,"name":"Escuela de Terapeutas de Salud Interior"}]},{"@type":"WebSite","@id":"https:\/\/culturaneuroactiva.com\/site\/#website","url":"https:\/\/culturaneuroactiva.com\/site\/","name":"Cultura Neuroactiva","description":"Gu\u00edas del Vivir Consciente","potentialAction":[{"@type":"SearchAction","target":{"@type":"EntryPoint","urlTemplate":"https:\/\/culturaneuroactiva.com\/site\/?s={search_term_string}"},"query-input":{"@type":"PropertyValueSpecification","valueRequired":true,"valueName":"search_term_string"}}],"inLanguage":"es"}]}},"_links":{"self":[{"href":"https:\/\/culturaneuroactiva.com\/site\/wp-json\/wp\/v2\/pages\/3621","targetHints":{"allow":["GET"]}}],"collection":[{"href":"https:\/\/culturaneuroactiva.com\/site\/wp-json\/wp\/v2\/pages"}],"about":[{"href":"https:\/\/culturaneuroactiva.com\/site\/wp-json\/wp\/v2\/types\/page"}],"author":[{"embeddable":true,"href":"https:\/\/culturaneuroactiva.com\/site\/wp-json\/wp\/v2\/users\/1"}],"replies":[{"embeddable":true,"href":"https:\/\/culturaneuroactiva.com\/site\/wp-json\/wp\/v2\/comments?post=3621"}],"version-history":[{"count":15,"href":"https:\/\/culturaneuroactiva.com\/site\/wp-json\/wp\/v2\/pages\/3621\/revisions"}],"predecessor-version":[{"id":3755,"href":"https:\/\/culturaneuroactiva.com\/site\/wp-json\/wp\/v2\/pages\/3621\/revisions\/3755"}],"wp:attachment":[{"href":"https:\/\/culturaneuroactiva.com\/site\/wp-json\/wp\/v2\/media?parent=3621"}],"curies":[{"name":"wp","href":"https:\/\/api.w.org\/{rel}","templated":true}]}}