{"id":3579,"date":"2025-09-01T07:21:46","date_gmt":"2025-09-01T07:21:46","guid":{"rendered":"https:\/\/culturaneuroactiva.com\/site\/?page_id=3579"},"modified":"2026-03-14T07:21:19","modified_gmt":"2026-03-14T07:21:19","slug":"servicios-holisticos-ancestrales","status":"publish","type":"page","link":"https:\/\/culturaneuroactiva.com\/site\/servicios-holisticos-ancestrales\/","title":{"rendered":"Servicios Hol\u00edsticos Ancestrales"},"content":{"rendered":"<h4><span style=\"color: #008080;\">Los siguientes servicios hol\u00edsticos son para quienes est\u00e9n buscando integrar la magia, el misticismo y la sabidur\u00eda ancestral. Ofrecemos conciertos terap\u00e9uticos, eventos y ceremonias ancestrales.<\/span><\/h4>\n<p><a href=\"https:\/\/culturaneuroactiva.com\/site\/wp-content\/uploads\/2024\/06\/WhatsApp-Image-2024-06-09-at-3.20.31-AM-scaled.jpeg\"><img loading=\"lazy\" decoding=\"async\" class=\" wp-image-3504 aligncenter\" src=\"https:\/\/culturaneuroactiva.com\/site\/wp-content\/uploads\/2024\/06\/WhatsApp-Image-2024-06-09-at-3.20.31-AM-300x225.jpeg\" alt=\"\" width=\"668\" height=\"501\" srcset=\"https:\/\/culturaneuroactiva.com\/site\/wp-content\/uploads\/2024\/06\/WhatsApp-Image-2024-06-09-at-3.20.31-AM-300x225.jpeg 300w, https:\/\/culturaneuroactiva.com\/site\/wp-content\/uploads\/2024\/06\/WhatsApp-Image-2024-06-09-at-3.20.31-AM-1024x768.jpeg 1024w, https:\/\/culturaneuroactiva.com\/site\/wp-content\/uploads\/2024\/06\/WhatsApp-Image-2024-06-09-at-3.20.31-AM-768x576.jpeg 768w, https:\/\/culturaneuroactiva.com\/site\/wp-content\/uploads\/2024\/06\/WhatsApp-Image-2024-06-09-at-3.20.31-AM-1536x1152.jpeg 1536w, https:\/\/culturaneuroactiva.com\/site\/wp-content\/uploads\/2024\/06\/WhatsApp-Image-2024-06-09-at-3.20.31-AM-2048x1536.jpeg 2048w\" sizes=\"auto, (max-width: 668px) 100vw, 668px\" \/><\/a><\/p>\n<ul>\n<li>\n<h5><span style=\"color: #008080;\"><strong>Taller de Bienestar Laboral.<\/strong> <\/span>Sale m\u00e1s econ\u00f3mico invertir en relajaci\u00f3n y salud interior, que tener p\u00e9rdidas por el estr\u00e9s laboral y los problemas personales. Este taller ofrece las m\u00e1s avanzadas t\u00e9cnicas para mejorar la salud psico-emocional de sus trabajadores, incluye: charla sobre manejo del estr\u00e9s laboral, c\u00edrculo de salud y bienestar, y sound healing ancestral.<\/h5>\n<\/li>\n<li>\n<h5><span style=\"color: #008080;\"><strong>Matrimonio Ancestral. <\/strong><\/span>Una su alma con la de su ser amado, en un ritual inspirado en tradiciones ind\u00edgenas y misticismos ancestrales. Selle su v\u00ednculo con un pacto sagrado, en medio de la magia de esta ceremonia ancestral, que incluye: curso de preparaci\u00f3n,\u00a0 concierto de m\u00fasica ancestral, y ceremonia de matrimonio.<\/h5>\n<\/li>\n<li>\n<h5><strong><span style=\"color: #008080;\">Terapia Grupal de Duelo y Renacimiento.<\/span> <\/strong>Despida a su ser querido de la forma m\u00e1s saludable para las emociones de todos los afectados, a trav\u00e9s de esta terapia grupal, constituida por una charla para sanar el duelo y por una meditaci\u00f3n con sonidos sagrados, lo cual facilita soltar el dolor y subir la energ\u00eda de los asistentes.<\/h5>\n<\/li>\n<li>\n<h5><strong><span style=\"color: #008080;\">Nagu\u00e1lica.<\/span><\/strong> M\u00fasica ancestral terap\u00e9utica&#8230;. <a href=\"https:\/\/culturaneuroactiva.com\/site\/nagualica\/\" target=\"_blank\" rel=\"noopener\">https:\/\/culturaneuroactiva.com\/site\/nagualica\/<\/a><\/h5>\n<\/li>\n<li>\n<h5><span style=\"color: #008080;\"><strong>Trance Nagual.<\/strong><\/span> DJ electro ancestral&#8230;. <a href=\"https:\/\/culturaneuroactiva.com\/site\/trance-nagual\/\" target=\"_blank\" rel=\"noopener\">https:\/\/culturaneuroactiva.com\/site\/trance-nagual\/<\/a><\/h5>\n<\/li>\n<\/ul>\n<h5><\/h5>\n<p>&nbsp;<\/p>\n<h3 style=\"text-align: center;\"><span style=\"color: #008080;\"><strong>TARIFAS<\/strong><\/span><\/h3>\n<h5><span style=\"color: #008080;\"><strong>Taller de Bienestar Laboral<\/strong><\/span><\/h5>\n<ul>\n<li>\n<h5><span style=\"color: #008080;\"><strong>DURACI\u00d3N:<\/strong><\/span> 90 minutos.<\/h5>\n<\/li>\n<li>\n<h5><span style=\"color: #008080;\"><strong>VALOR:<\/strong><\/span> $950.000<\/h5>\n<\/li>\n<\/ul>\n<h5><strong>\u00a0<\/strong><\/h5>\n<h5><span style=\"color: #008080;\"><strong>Matrimonio Ancestral <\/strong><\/span><\/h5>\n<ul>\n<li>\n<h5><span style=\"color: #008080;\"><strong>DURACI\u00d3N:<\/strong> <\/span>4 horas.<\/h5>\n<\/li>\n<li>\n<h5><span style=\"color: #008080;\"><strong>VALOR:<\/strong><\/span> $1`250.000<\/h5>\n<\/li>\n<\/ul>\n<h5><\/h5>\n<h5><span style=\"color: #008080;\"><strong>Terapia Grupal de Duelo y Renacimiento <\/strong><\/span><\/h5>\n<ul>\n<li>\n<h5><span style=\"color: #008080;\"><strong>DURACI\u00d3N:<\/strong> <\/span>Una hora.<\/h5>\n<\/li>\n<li>\n<h5><span style=\"color: #008080;\"><strong>VALOR:<\/strong> <\/span>$950.000<\/h5>\n<\/li>\n<\/ul>\n<h5><\/h5>\n<p>&nbsp;<\/p>\n<h5><span style=\"color: #008080;\"><strong>INFORMES Y RESERVAS: <\/strong><span style=\"color: #000000;\">WhatsApp:<\/span><\/span>\u00a03127994357\u00a0 Correo: culturaneuroactiva@gmail.com<\/h5>\n<h5><span style=\"color: #008080;\"><strong>SEDE DE CULTURA NEUROACTIVA: <\/strong><\/span>Cll. 41 B sur #31 B \u2013 13 (Envigado).<\/h5>\n<h5><\/h5>\n<p>&nbsp;<\/p>\n<h5><strong><a href=\"http:\/\/www.culturaneuroactiva.com\/\">www.culturaneuroactiva.com<\/a><\/strong><\/h5>\n","protected":false},"excerpt":{"rendered":"<p>Los siguientes servicios hol\u00edsticos son para quienes est\u00e9n buscando integrar la magia, el misticismo y la sabidur\u00eda ancestral. Ofrecemos conciertos<\/p>\n","protected":false},"author":1,"featured_media":0,"parent":0,"menu_order":0,"comment_status":"closed","ping_status":"closed","template":"","meta":{"colormag_page_layout":"default_layout","footnotes":""},"class_list":["post-3579","page","type-page","status-publish","hentry"],"yoast_head":"<!-- This site is optimized with the Yoast SEO plugin v25.6 - https:\/\/yoast.com\/wordpress\/plugins\/seo\/ -->\n<title>Servicios Hol\u00edsticos Ancestrales - Cultura Neuroactiva<\/title>\n<meta name=\"robots\" content=\"index, follow, max-snippet:-1, max-image-preview:large, max-video-preview:-1\" \/>\n<link rel=\"canonical\" href=\"https:\/\/culturaneuroactiva.com\/site\/servicios-holisticos-ancestrales\/\" \/>\n<meta property=\"og:locale\" content=\"es_ES\" \/>\n<meta property=\"og:type\" content=\"article\" \/>\n<meta property=\"og:title\" content=\"Servicios Hol\u00edsticos Ancestrales - Cultura Neuroactiva\" \/>\n<meta property=\"og:description\" content=\"Los siguientes servicios hol\u00edsticos son para quienes est\u00e9n buscando integrar la magia, el misticismo y la sabidur\u00eda ancestral. Ofrecemos conciertos\" \/>\n<meta property=\"og:url\" content=\"https:\/\/culturaneuroactiva.com\/site\/servicios-holisticos-ancestrales\/\" \/>\n<meta property=\"og:site_name\" content=\"Cultura Neuroactiva\" \/>\n<meta property=\"article:publisher\" content=\"https:\/\/www.facebook.com\/cultura.neuroactiva\" \/>\n<meta property=\"article:modified_time\" content=\"2026-03-14T07:21:19+00:00\" \/>\n<meta property=\"og:image\" content=\"https:\/\/culturaneuroactiva.com\/site\/wp-content\/uploads\/2024\/06\/WhatsApp-Image-2024-06-09-at-3.20.31-AM-scaled.jpeg\" \/>\n\t<meta property=\"og:image:width\" content=\"2560\" \/>\n\t<meta property=\"og:image:height\" content=\"1920\" \/>\n\t<meta property=\"og:image:type\" content=\"image\/jpeg\" \/>\n<meta name=\"twitter:card\" content=\"summary_large_image\" \/>\n<meta name=\"twitter:label1\" content=\"Tiempo de lectura\" \/>\n\t<meta name=\"twitter:data1\" content=\"2 minutos\" \/>\n<script type=\"application\/ld+json\" class=\"yoast-schema-graph\">{\"@context\":\"https:\/\/schema.org\",\"@graph\":[{\"@type\":\"WebPage\",\"@id\":\"https:\/\/culturaneuroactiva.com\/site\/servicios-holisticos-ancestrales\/\",\"url\":\"https:\/\/culturaneuroactiva.com\/site\/servicios-holisticos-ancestrales\/\",\"name\":\"Servicios Hol\u00edsticos Ancestrales - Cultura Neuroactiva\",\"isPartOf\":{\"@id\":\"https:\/\/culturaneuroactiva.com\/site\/#website\"},\"primaryImageOfPage\":{\"@id\":\"https:\/\/culturaneuroactiva.com\/site\/servicios-holisticos-ancestrales\/#primaryimage\"},\"image\":{\"@id\":\"https:\/\/culturaneuroactiva.com\/site\/servicios-holisticos-ancestrales\/#primaryimage\"},\"thumbnailUrl\":\"https:\/\/culturaneuroactiva.com\/site\/wp-content\/uploads\/2024\/06\/WhatsApp-Image-2024-06-09-at-3.20.31-AM-300x225.jpeg\",\"datePublished\":\"2025-09-01T07:21:46+00:00\",\"dateModified\":\"2026-03-14T07:21:19+00:00\",\"breadcrumb\":{\"@id\":\"https:\/\/culturaneuroactiva.com\/site\/servicios-holisticos-ancestrales\/#breadcrumb\"},\"inLanguage\":\"es\",\"potentialAction\":[{\"@type\":\"ReadAction\",\"target\":[\"https:\/\/culturaneuroactiva.com\/site\/servicios-holisticos-ancestrales\/\"]}]},{\"@type\":\"ImageObject\",\"inLanguage\":\"es\",\"@id\":\"https:\/\/culturaneuroactiva.com\/site\/servicios-holisticos-ancestrales\/#primaryimage\",\"url\":\"https:\/\/culturaneuroactiva.com\/site\/wp-content\/uploads\/2024\/06\/WhatsApp-Image-2024-06-09-at-3.20.31-AM-scaled.jpeg\",\"contentUrl\":\"https:\/\/culturaneuroactiva.com\/site\/wp-content\/uploads\/2024\/06\/WhatsApp-Image-2024-06-09-at-3.20.31-AM-scaled.jpeg\",\"width\":2560,\"height\":1920},{\"@type\":\"BreadcrumbList\",\"@id\":\"https:\/\/culturaneuroactiva.com\/site\/servicios-holisticos-ancestrales\/#breadcrumb\",\"itemListElement\":[{\"@type\":\"ListItem\",\"position\":1,\"name\":\"Portada\",\"item\":\"https:\/\/culturaneuroactiva.com\/site\/\"},{\"@type\":\"ListItem\",\"position\":2,\"name\":\"Servicios Hol\u00edsticos Ancestrales\"}]},{\"@type\":\"WebSite\",\"@id\":\"https:\/\/culturaneuroactiva.com\/site\/#website\",\"url\":\"https:\/\/culturaneuroactiva.com\/site\/\",\"name\":\"Cultura Neuroactiva\",\"description\":\"Gu\u00edas del Vivir Consciente\",\"potentialAction\":[{\"@type\":\"SearchAction\",\"target\":{\"@type\":\"EntryPoint\",\"urlTemplate\":\"https:\/\/culturaneuroactiva.com\/site\/?s={search_term_string}\"},\"query-input\":{\"@type\":\"PropertyValueSpecification\",\"valueRequired\":true,\"valueName\":\"search_term_string\"}}],\"inLanguage\":\"es\"}]}<\/script>\n<!-- \/ Yoast SEO plugin. -->","yoast_head_json":{"title":"Servicios Hol\u00edsticos Ancestrales - Cultura Neuroactiva","robots":{"index":"index","follow":"follow","max-snippet":"max-snippet:-1","max-image-preview":"max-image-preview:large","max-video-preview":"max-video-preview:-1"},"canonical":"https:\/\/culturaneuroactiva.com\/site\/servicios-holisticos-ancestrales\/","og_locale":"es_ES","og_type":"article","og_title":"Servicios Hol\u00edsticos Ancestrales - Cultura Neuroactiva","og_description":"Los siguientes servicios hol\u00edsticos son para quienes est\u00e9n buscando integrar la magia, el misticismo y la sabidur\u00eda ancestral. Ofrecemos conciertos","og_url":"https:\/\/culturaneuroactiva.com\/site\/servicios-holisticos-ancestrales\/","og_site_name":"Cultura Neuroactiva","article_publisher":"https:\/\/www.facebook.com\/cultura.neuroactiva","article_modified_time":"2026-03-14T07:21:19+00:00","og_image":[{"width":2560,"height":1920,"url":"https:\/\/culturaneuroactiva.com\/site\/wp-content\/uploads\/2024\/06\/WhatsApp-Image-2024-06-09-at-3.20.31-AM-scaled.jpeg","type":"image\/jpeg"}],"twitter_card":"summary_large_image","twitter_misc":{"Tiempo de lectura":"2 minutos"},"schema":{"@context":"https:\/\/schema.org","@graph":[{"@type":"WebPage","@id":"https:\/\/culturaneuroactiva.com\/site\/servicios-holisticos-ancestrales\/","url":"https:\/\/culturaneuroactiva.com\/site\/servicios-holisticos-ancestrales\/","name":"Servicios Hol\u00edsticos Ancestrales - Cultura Neuroactiva","isPartOf":{"@id":"https:\/\/culturaneuroactiva.com\/site\/#website"},"primaryImageOfPage":{"@id":"https:\/\/culturaneuroactiva.com\/site\/servicios-holisticos-ancestrales\/#primaryimage"},"image":{"@id":"https:\/\/culturaneuroactiva.com\/site\/servicios-holisticos-ancestrales\/#primaryimage"},"thumbnailUrl":"https:\/\/culturaneuroactiva.com\/site\/wp-content\/uploads\/2024\/06\/WhatsApp-Image-2024-06-09-at-3.20.31-AM-300x225.jpeg","datePublished":"2025-09-01T07:21:46+00:00","dateModified":"2026-03-14T07:21:19+00:00","breadcrumb":{"@id":"https:\/\/culturaneuroactiva.com\/site\/servicios-holisticos-ancestrales\/#breadcrumb"},"inLanguage":"es","potentialAction":[{"@type":"ReadAction","target":["https:\/\/culturaneuroactiva.com\/site\/servicios-holisticos-ancestrales\/"]}]},{"@type":"ImageObject","inLanguage":"es","@id":"https:\/\/culturaneuroactiva.com\/site\/servicios-holisticos-ancestrales\/#primaryimage","url":"https:\/\/culturaneuroactiva.com\/site\/wp-content\/uploads\/2024\/06\/WhatsApp-Image-2024-06-09-at-3.20.31-AM-scaled.jpeg","contentUrl":"https:\/\/culturaneuroactiva.com\/site\/wp-content\/uploads\/2024\/06\/WhatsApp-Image-2024-06-09-at-3.20.31-AM-scaled.jpeg","width":2560,"height":1920},{"@type":"BreadcrumbList","@id":"https:\/\/culturaneuroactiva.com\/site\/servicios-holisticos-ancestrales\/#breadcrumb","itemListElement":[{"@type":"ListItem","position":1,"name":"Portada","item":"https:\/\/culturaneuroactiva.com\/site\/"},{"@type":"ListItem","position":2,"name":"Servicios Hol\u00edsticos Ancestrales"}]},{"@type":"WebSite","@id":"https:\/\/culturaneuroactiva.com\/site\/#website","url":"https:\/\/culturaneuroactiva.com\/site\/","name":"Cultura Neuroactiva","description":"Gu\u00edas del Vivir Consciente","potentialAction":[{"@type":"SearchAction","target":{"@type":"EntryPoint","urlTemplate":"https:\/\/culturaneuroactiva.com\/site\/?s={search_term_string}"},"query-input":{"@type":"PropertyValueSpecification","valueRequired":true,"valueName":"search_term_string"}}],"inLanguage":"es"}]}},"_links":{"self":[{"href":"https:\/\/culturaneuroactiva.com\/site\/wp-json\/wp\/v2\/pages\/3579","targetHints":{"allow":["GET"]}}],"collection":[{"href":"https:\/\/culturaneuroactiva.com\/site\/wp-json\/wp\/v2\/pages"}],"about":[{"href":"https:\/\/culturaneuroactiva.com\/site\/wp-json\/wp\/v2\/types\/page"}],"author":[{"embeddable":true,"href":"https:\/\/culturaneuroactiva.com\/site\/wp-json\/wp\/v2\/users\/1"}],"replies":[{"embeddable":true,"href":"https:\/\/culturaneuroactiva.com\/site\/wp-json\/wp\/v2\/comments?post=3579"}],"version-history":[{"count":20,"href":"https:\/\/culturaneuroactiva.com\/site\/wp-json\/wp\/v2\/pages\/3579\/revisions"}],"predecessor-version":[{"id":3786,"href":"https:\/\/culturaneuroactiva.com\/site\/wp-json\/wp\/v2\/pages\/3579\/revisions\/3786"}],"wp:attachment":[{"href":"https:\/\/culturaneuroactiva.com\/site\/wp-json\/wp\/v2\/media?parent=3579"}],"curies":[{"name":"wp","href":"https:\/\/api.w.org\/{rel}","templated":true}]}}