{"id":3575,"date":"2025-09-01T06:01:55","date_gmt":"2025-09-01T06:01:55","guid":{"rendered":"https:\/\/culturaneuroactiva.com\/site\/?page_id=3575"},"modified":"2026-02-27T06:19:41","modified_gmt":"2026-02-27T06:19:41","slug":"servicios-de-salud-interior","status":"publish","type":"page","link":"https:\/\/culturaneuroactiva.com\/site\/servicios-de-salud-interior\/","title":{"rendered":"Servicios de Salud Interior"},"content":{"rendered":"<h4><span style=\"color: #008080;\">El arte del vivir consciente tiene un enfoque sist\u00e9mico del ser humano, lo que nos da una total claridad sobre la causa y la soluci\u00f3n de los principales defectos y problem\u00e1ticas, y esto nos permite ayudar a las personas a trav\u00e9s de nuestras consultas, terapias, acompa\u00f1amientos, y coaching espiritual.<\/span><\/h4>\n<h4><a href=\"https:\/\/culturaneuroactiva.com\/site\/wp-content\/uploads\/2022\/02\/Viajes-para-el-alma-3.jpg\"><br \/>\n<img loading=\"lazy\" decoding=\"async\" class=\" wp-image-3198 aligncenter\" src=\"https:\/\/culturaneuroactiva.com\/site\/wp-content\/uploads\/2022\/02\/Viajes-para-el-alma-3-300x129.jpg\" alt=\"\" width=\"649\" height=\"279\" srcset=\"https:\/\/culturaneuroactiva.com\/site\/wp-content\/uploads\/2022\/02\/Viajes-para-el-alma-3-300x129.jpg 300w, https:\/\/culturaneuroactiva.com\/site\/wp-content\/uploads\/2022\/02\/Viajes-para-el-alma-3-768x330.jpg 768w, https:\/\/culturaneuroactiva.com\/site\/wp-content\/uploads\/2022\/02\/Viajes-para-el-alma-3.jpg 960w\" sizes=\"auto, (max-width: 649px) 100vw, 649px\" \/><\/a><\/h4>\n<h4><\/h4>\n<p>&nbsp;<\/p>\n<h4><span style=\"color: #008080;\"><strong>CONSULTAS<\/strong><\/span><\/h4>\n<h5>Nuestras consultas ofrecen orientaci\u00f3n y acompa\u00f1amiento para sanar las patolog\u00edas psicoemocionales m\u00e1s comunes:<\/h5>\n<ul>\n<li>\n<h5><span style=\"color: #008080;\"><strong>Adicciones.<\/strong><\/span> Ayuda a recuperar el control de los impulsos, y a liberarse de obsesiones, de vicios o de h\u00e1bitos autodestructivos.<\/h5>\n<\/li>\n<li>\n<h5><span style=\"color: #008080;\"><strong>Depresi\u00f3n, Sinsentido, Distimia y Dolor.<\/strong><\/span> Ayuda a recuperar el prop\u00f3sito, el sentido de la vida, la motivaci\u00f3n y el disfrute, y ofrece t\u00e9cnicas para enfrentar la desgracia, y mantener alto el \u00e1nimo independiente de las circunstancias.<\/h5>\n<\/li>\n<li>\n<h5><strong><span style=\"color: #008080;\">Ansiedad, Preocupaci\u00f3n, Problemas, P\u00e1nico, Temores.<\/span> <\/strong>Ayuda a identificar los traumas, encontrar sus causas, y a cambiar la reacci\u00f3n instintiva negativa por una respuesta inteligente preelaborada.<\/h5>\n<\/li>\n<li>\n<h5><span style=\"color: #008080;\"><strong>Problemas de Pareja.<\/strong><\/span> Especial para solucionar problemas sentimentales, conflictos de convivencia, y sanar rupturas amorosas.<\/h5>\n<\/li>\n<li>\n<h5><span style=\"color: #008080;\"><strong>Frustraci\u00f3n, Impotencia, Fracaso.<\/strong> <\/span>Ayuda a reconocer el origen inconsciente del bloqueo mental, y a desatar el nudo para liberar el potencial, y as\u00ed alcanzar la realizaci\u00f3n personal.<strong>\u00a0<\/strong><\/h5>\n<\/li>\n<\/ul>\n<h5><\/h5>\n<p>&nbsp;<\/p>\n<h4><span style=\"color: #008080;\"><strong>TERAPIAS <\/strong><\/span><\/h4>\n<h5>Nuestras terapias est\u00e1n dirigidas a quienes buscan gu\u00eda y acompa\u00f1amiento para solucionar sus problem\u00e1ticas cotidianas, y para sanar sus defectos personales.<\/h5>\n<ul>\n<li>\n<h5><span style=\"color: #008080;\"><strong>Terapia de Parto Cristal.<\/strong> <\/span>Ayuda a personas en procesos de crisis espiritual y despertar de conciencia, ense\u00f1\u00e1ndoles a manejar el sistema desde afuera, aplicando las t\u00e9cnicas que practican todas las personas que han alcanzado la maestr\u00eda cristal, con el objetivo que solucionen los problemas que los atormentan, y que aprendan a sacarle provecho a su diferencia, a sus potenciales internos y sus habilidades mentales.<\/h5>\n<\/li>\n<li>\n<h5><span style=\"color: #008080;\"><strong>Terapia de Cambio de Personaje. <\/strong><\/span>Ayuda a personas en procesos de muerte-renacimiento para facilitar el cambio de vida y el cambio de personaje, e igualmente, ayuda a personas con problemas de disonancia cognitiva y procastinaci\u00f3n, con el objetivo de alcanzar el control de sus impulsos, y activar la disciplina y la capacidad de acci\u00f3n. Por eso esta terapia sirve para complementar diversos procesos terap\u00e9uticos, como por ejemplo: rehabilitaci\u00f3n de adicciones, cambio de conciencia, enfrentar la desgracia, cumplir los objetivos, y realizar los sue\u00f1os.<\/h5>\n<\/li>\n<li>\n<h5><span style=\"color: #008080;\"><strong>Terapia de Sanaci\u00f3n Cu\u00e1ntica con Biodescodificaci\u00f3n.<\/strong><\/span> Ayuda a sanar las enfermedades del cuerpo, encontrando la causa emocional y mental del s\u00edntoma, para guiar un proceso de desintoxicaci\u00f3n integral, que permita eliminar la enfermedad de ra\u00edz. Sirve para sanar todo tipo de enfermedades, desde patolog\u00edas comunes hasta enfermedades cr\u00f3nicas y terminales.<\/h5>\n<\/li>\n<li>\n<h5><span style=\"color: #008080;\"><strong>Terapia para Personas Neurodivergentes.<\/strong><\/span> Especial para conocer el propio nivel de conciencia (\u00edndigo, cristal y arco\u00edris), para aprender a manejar las diferencias con el mundo, para aprender a manejar las habilidades mentales, para transformar las desventajas en oportunidades, y para aprender a manejar el sistema desde afuera.<\/h5>\n<\/li>\n<li>\n<h5><span style=\"color: #008080;\"><strong>Terapia de Registros Ac\u00e1shicos.<\/strong> <\/span>Especial para solucionar problemas, bloqueos, traumas y defectos, y para ayudar en el desarrollo de proyectos, y en la realizaci\u00f3n de sue\u00f1os e ideales.<\/h5>\n<\/li>\n<li>\n<h5><span style=\"color: #008080;\"><strong>Combo Terap\u00e9utico con Sound Healing.<\/strong> <\/span>Son tres horas de la terapia que escoja, y se finaliza con una hora de meditaci\u00f3n profunda con Sound Healing.<\/h5>\n<\/li>\n<\/ul>\n<p>&nbsp;<\/p>\n<h4><span style=\"color: #008080;\"><strong>ACOMPA\u00d1AMIENTOS Y GU\u00cdAS<\/strong><\/span><\/h4>\n<h5>Las siguientes consejer\u00edas son una orientaci\u00f3n especializada, para que la persona pueda vivir el proceso que le permita alcanzar grandes metas en cualquier aspecto de su vida.<\/h5>\n<ul>\n<li>\n<h5><span style=\"color: #008080;\"><strong>Gu\u00eda del Proyecto de Vida Nagual.<\/strong>\u00a0<\/span>Este acompa\u00f1amiento terap\u00e9utico le ayuda a dise\u00f1ar una empresa exitosa a partir de sus talentos y habilidades mentales. El objetivo es guiarlo en el proceso para que pueda construir su proyecto de vida y su marca personal, hasta que logre profesionalizar el hobby y que le paguen por hacer lo que m\u00e1s le guste. Est\u00e1 dirigida a personas que ya tienen uno o varios dones, pero que a\u00fan no saben c\u00f3mo capitalizarlos o c\u00f3mo trabajar con ellos.<\/h5>\n<\/li>\n<\/ul>\n<ul>\n<li>\n<h5><strong><span style=\"color: #008080;\">Gu\u00eda del Vivir Estrat\u00e9gico y la Toma de Decisiones.<\/span><\/strong> Esta gu\u00eda ofrece una orientaci\u00f3n especializada para tener una vida con prop\u00f3sito, para realizar estrategias que permitan alcanzar objetivos grandes en la vida, y para tomar decisiones importantes sobre las cuales no se tenga seguridad.<\/h5>\n<\/li>\n<li>\n<h5><span style=\"color: #008080;\"><strong>Gu\u00eda de Independencia Econ\u00f3mica.<\/strong>\u00a0<\/span><span style=\"color: #008080;\"><span style=\"color: #000000;\">Esta gu\u00eda le ayuda a ubicar<\/span><\/span> sus bloqueos econ\u00f3micos y sus saboteadores mentales, hasta que logre salirse de la escasez, y alcanzar una buena relaci\u00f3n con el dinero, de forma fluida y estable.<\/h5>\n<\/li>\n<li>\n<h5><span style=\"color: #008080;\"><strong>Gu\u00eda para Salir de la Matrix.<\/strong><\/span> Para las personas que sienten que no encajan con el sistema, y que no se aguantan m\u00e1s la frecuencia del mundo, esta gu\u00eda les ofrece un acompa\u00f1amiento especializado, que les ense\u00f1a a vivir por fuera del sistema, sin aislarse del mundo y sin evadir las responsabilidades.<\/h5>\n<\/li>\n<\/ul>\n<ul>\n<li>\n<h5><span style=\"color: #008080;\"><strong>Acompa\u00f1amiento en Desintoxicaci\u00f3n Integral.<\/strong>\u00a0<\/span>Esta gu\u00eda ayuda a identificar los defectos y las problem\u00e1ticas, y ense\u00f1a las t\u00e9cnicas para liberarse de todos los saboteadores internos, hasta lograr recuperar la soberan\u00eda en cada aspecto de la vida.<\/h5>\n<\/li>\n<\/ul>\n<p>&nbsp;<\/p>\n<h4><span style=\"color: #008080;\"><strong>COACHING ESPIRITUAL<\/strong><\/span><\/h4>\n<h5>Este Coaching Espiritual ofrece una gu\u00eda especializada que ense\u00f1a a manejar los aspectos principales del proceso interior y del mundo espiritual, con un enfoque integral que abarca desde la Neurociencia y la F\u00edsica Cu\u00e1ntica, hasta el misticismo y la sabidur\u00eda de las culturas ancestrales.<\/h5>\n<ul>\n<li>\n<h5><span style=\"color: #008080;\"><strong>Gu\u00eda del Despertar Espiritual.<\/strong>\u00a0<\/span>Esta gu\u00eda ofrece una orientaci\u00f3n integral en el proceso de despertar de conciencia, y ense\u00f1a los conceptos b\u00e1sicos sobre: proceso interior consciente, conexi\u00f3n trascendente, habilidades mentales, y c\u00f3mo vivir por fuera de la Matrix.<\/h5>\n<\/li>\n<li>\n<h5><span style=\"color: #008080;\"><strong>Gu\u00eda de Meditaci\u00f3n y Canalizaci\u00f3n.<\/strong>\u00a0<\/span>Aprenda a manejar la conexi\u00f3n consciente con el mundo espiritual, a trav\u00e9s de la pr\u00e1ctica constante de la meditaci\u00f3n profunda, y aprenda a usar las canalizaciones de forma aplicada a la vida cotidiana, con el objetivo de ser mejor persona y mejorar su calidad de vida.<\/h5>\n<\/li>\n<li>\n<h5><strong><span style=\"color: #008080;\">Gu\u00eda del Cambio de Conciencia.<\/span>\u00a0<\/strong>Aprenda las claves para realizar el proceso de cambio de personaje, con dos objetivos: soltar el viejo personaje que vibra en bajas frecuencias y que se resiste a morir, e integrar las creencias y los h\u00e1bitos de la mejor versi\u00f3n de s\u00ed mismo, que vibra en altas frecuencias y que lucha por nacer, hasta que finalmente se d\u00e9 el cambio de vida y el cambio de realidad.<\/h5>\n<\/li>\n<li>\n<h5><span style=\"color: #008080;\"><strong>Activaci\u00f3n y Manejo de Habilidades Mentales.<\/strong>\u00a0<\/span>Descubra o reconozca cuales son sus habilidades mentales, y aprenda a manejarlas con profesionalismo, hasta transformarlas en un producto o servicio, con el que pueda desarrollar su proyecto de vida, servirle al mundo y derivar su sustento.<\/h5>\n<\/li>\n<li>\n<h5><strong><span style=\"color: #008080;\">Gu\u00eda de Misticismo y Metodolog\u00edas Psicoespirituales.<\/span>\u00a0\u00c9<\/strong>sta es una gu\u00eda personalizada para ayudarle a encontar su t\u00e9cnica para conectarse con lo sagrado, con el objetivo de vivir el misticismo de una forma directa, sanarse, y obtener instrucci\u00f3n de sus esp\u00edritus gu\u00eda.<\/h5>\n<\/li>\n<\/ul>\n<p>&nbsp;<\/p>\n<p>&#8212;<\/p>\n<h5><\/h5>\n<h4><span style=\"color: #008080;\"><strong>DURACI\u00d3N Y VALOR <\/strong><\/span><\/h4>\n<ul>\n<li>\n<h5><span style=\"color: #008080;\"><strong>Una hora:<\/strong><\/span> $120.000<\/h5>\n<\/li>\n<li>\n<h5><span style=\"color: #008080;\"><strong>Dos horas:<\/strong><\/span> $200.000<\/h5>\n<\/li>\n<li>\n<h5><span style=\"color: #008080;\"><strong>Cuatro horas:<\/strong><\/span> $350.000\u00a0 Combo terap\u00e9utico.<\/h5>\n<\/li>\n<li>\n<h5><span style=\"color: #008080;\"><strong>Plan mensual de ocho horas:<\/strong> <\/span>$600.000\u00a0 Cuatro terapias de dos horas.<\/h5>\n<\/li>\n<li>\n<h5><span style=\"color: #008080;\"><strong>Plan mensual de diez horas: <\/strong><\/span>$800.000\u00a0 Tres terapias de dos horas, e inicia con combo terap\u00e9utico de cuatro horas.<\/h5>\n<\/li>\n<\/ul>\n<h5><\/h5>\n<p>&nbsp;<\/p>\n<h4><span style=\"color: #008080;\"><strong>TARIFA INTERNACIONAL<\/strong><\/span><\/h4>\n<ul>\n<li>\n<h5><span style=\"color: #008080;\"><strong>Una hora:<\/strong> <\/span>50 USD<\/h5>\n<\/li>\n<li>\n<h5><span style=\"color: #008080;\"><strong>Dos horas:<\/strong><\/span> 90 USD<\/h5>\n<\/li>\n<li>\n<h5><span style=\"color: #008080;\"><strong>Cuatro horas:<\/strong><\/span> 160 USD<\/h5>\n<\/li>\n<li>\n<h5><span style=\"color: #008080;\"><strong>Plan mensual de 8 horas:<\/strong> <\/span>265 USD<\/h5>\n<\/li>\n<li>\n<h5><span style=\"color: #008080;\"><strong>Plan mensual de 10 horas:<\/strong> <\/span>360 USD<\/h5>\n<\/li>\n<\/ul>\n<h5><strong>\u00a0<\/strong><\/h5>\n<h4><span style=\"color: #008080;\"><strong>FACILITADOR<\/strong><\/span><\/h4>\n<ul>\n<li>\n<h5><span style=\"color: #008080;\"><strong>Juan David Silva Aguirre.<\/strong> <\/span>Director de Cultura Neuroactiva, con 25 a\u00f1os de experiencia en los Servicios de Salud Interior y la Escuela del Vivir Consciente.<\/h5>\n<\/li>\n<\/ul>\n<h5><\/h5>\n<h5><span style=\"color: #008080;\">FORMATOS:<\/span> Presencial y virtual.<\/h5>\n<h5><strong><span style=\"color: #008080;\">INFORMES Y RESERVAS:<\/span> <\/strong>WhatsApp: +57 3127994357<\/h5>\n<h5><span style=\"color: #008080;\"><strong>SEDE DE CULTURA NEUROACTIVA: <\/strong><\/span>Cll. 41 B sur #31 B \u2013 13\u00a0 (Envigado).<\/h5>\n<h6><\/h6>\n<p>&nbsp;<\/p>\n<h5><strong><a href=\"http:\/\/www.culturaneuroactiva.com\/\">www.culturaneuroactiva.com<\/a><\/strong><\/h5>\n","protected":false},"excerpt":{"rendered":"<p>El arte del vivir consciente tiene un enfoque sist\u00e9mico del ser humano, lo que nos da una total claridad sobre<\/p>\n","protected":false},"author":1,"featured_media":0,"parent":0,"menu_order":0,"comment_status":"closed","ping_status":"closed","template":"","meta":{"colormag_page_layout":"default_layout","footnotes":""},"class_list":["post-3575","page","type-page","status-publish","hentry"],"yoast_head":"<!-- This site is optimized with the Yoast SEO plugin v25.6 - https:\/\/yoast.com\/wordpress\/plugins\/seo\/ -->\n<title>Servicios de Salud Interior - Cultura Neuroactiva<\/title>\n<meta name=\"robots\" content=\"index, follow, max-snippet:-1, max-image-preview:large, max-video-preview:-1\" \/>\n<link rel=\"canonical\" href=\"https:\/\/culturaneuroactiva.com\/site\/servicios-de-salud-interior\/\" \/>\n<meta property=\"og:locale\" content=\"es_ES\" \/>\n<meta property=\"og:type\" content=\"article\" \/>\n<meta property=\"og:title\" content=\"Servicios de Salud Interior - Cultura Neuroactiva\" \/>\n<meta property=\"og:description\" content=\"El arte del vivir consciente tiene un enfoque sist\u00e9mico del ser humano, lo que nos da una total claridad sobre\" \/>\n<meta property=\"og:url\" content=\"https:\/\/culturaneuroactiva.com\/site\/servicios-de-salud-interior\/\" \/>\n<meta property=\"og:site_name\" content=\"Cultura Neuroactiva\" \/>\n<meta property=\"article:publisher\" content=\"https:\/\/www.facebook.com\/cultura.neuroactiva\" \/>\n<meta property=\"article:modified_time\" content=\"2026-02-27T06:19:41+00:00\" \/>\n<meta property=\"og:image\" content=\"https:\/\/culturaneuroactiva.com\/site\/wp-content\/uploads\/2022\/02\/Viajes-para-el-alma-3.jpg\" \/>\n\t<meta property=\"og:image:width\" content=\"960\" \/>\n\t<meta property=\"og:image:height\" content=\"412\" \/>\n\t<meta property=\"og:image:type\" content=\"image\/jpeg\" \/>\n<meta name=\"twitter:card\" content=\"summary_large_image\" \/>\n<meta name=\"twitter:label1\" content=\"Tiempo de lectura\" \/>\n\t<meta name=\"twitter:data1\" content=\"6 minutos\" \/>\n<script type=\"application\/ld+json\" class=\"yoast-schema-graph\">{\"@context\":\"https:\/\/schema.org\",\"@graph\":[{\"@type\":\"WebPage\",\"@id\":\"https:\/\/culturaneuroactiva.com\/site\/servicios-de-salud-interior\/\",\"url\":\"https:\/\/culturaneuroactiva.com\/site\/servicios-de-salud-interior\/\",\"name\":\"Servicios de Salud Interior - Cultura Neuroactiva\",\"isPartOf\":{\"@id\":\"https:\/\/culturaneuroactiva.com\/site\/#website\"},\"primaryImageOfPage\":{\"@id\":\"https:\/\/culturaneuroactiva.com\/site\/servicios-de-salud-interior\/#primaryimage\"},\"image\":{\"@id\":\"https:\/\/culturaneuroactiva.com\/site\/servicios-de-salud-interior\/#primaryimage\"},\"thumbnailUrl\":\"https:\/\/culturaneuroactiva.com\/site\/wp-content\/uploads\/2022\/02\/Viajes-para-el-alma-3-300x129.jpg\",\"datePublished\":\"2025-09-01T06:01:55+00:00\",\"dateModified\":\"2026-02-27T06:19:41+00:00\",\"breadcrumb\":{\"@id\":\"https:\/\/culturaneuroactiva.com\/site\/servicios-de-salud-interior\/#breadcrumb\"},\"inLanguage\":\"es\",\"potentialAction\":[{\"@type\":\"ReadAction\",\"target\":[\"https:\/\/culturaneuroactiva.com\/site\/servicios-de-salud-interior\/\"]}]},{\"@type\":\"ImageObject\",\"inLanguage\":\"es\",\"@id\":\"https:\/\/culturaneuroactiva.com\/site\/servicios-de-salud-interior\/#primaryimage\",\"url\":\"https:\/\/culturaneuroactiva.com\/site\/wp-content\/uploads\/2022\/02\/Viajes-para-el-alma-3.jpg\",\"contentUrl\":\"https:\/\/culturaneuroactiva.com\/site\/wp-content\/uploads\/2022\/02\/Viajes-para-el-alma-3.jpg\",\"width\":960,\"height\":412},{\"@type\":\"BreadcrumbList\",\"@id\":\"https:\/\/culturaneuroactiva.com\/site\/servicios-de-salud-interior\/#breadcrumb\",\"itemListElement\":[{\"@type\":\"ListItem\",\"position\":1,\"name\":\"Portada\",\"item\":\"https:\/\/culturaneuroactiva.com\/site\/\"},{\"@type\":\"ListItem\",\"position\":2,\"name\":\"Servicios de Salud Interior\"}]},{\"@type\":\"WebSite\",\"@id\":\"https:\/\/culturaneuroactiva.com\/site\/#website\",\"url\":\"https:\/\/culturaneuroactiva.com\/site\/\",\"name\":\"Cultura Neuroactiva\",\"description\":\"Gu\u00edas del Vivir Consciente\",\"potentialAction\":[{\"@type\":\"SearchAction\",\"target\":{\"@type\":\"EntryPoint\",\"urlTemplate\":\"https:\/\/culturaneuroactiva.com\/site\/?s={search_term_string}\"},\"query-input\":{\"@type\":\"PropertyValueSpecification\",\"valueRequired\":true,\"valueName\":\"search_term_string\"}}],\"inLanguage\":\"es\"}]}<\/script>\n<!-- \/ Yoast SEO plugin. -->","yoast_head_json":{"title":"Servicios de Salud Interior - Cultura Neuroactiva","robots":{"index":"index","follow":"follow","max-snippet":"max-snippet:-1","max-image-preview":"max-image-preview:large","max-video-preview":"max-video-preview:-1"},"canonical":"https:\/\/culturaneuroactiva.com\/site\/servicios-de-salud-interior\/","og_locale":"es_ES","og_type":"article","og_title":"Servicios de Salud Interior - Cultura Neuroactiva","og_description":"El arte del vivir consciente tiene un enfoque sist\u00e9mico del ser humano, lo que nos da una total claridad sobre","og_url":"https:\/\/culturaneuroactiva.com\/site\/servicios-de-salud-interior\/","og_site_name":"Cultura Neuroactiva","article_publisher":"https:\/\/www.facebook.com\/cultura.neuroactiva","article_modified_time":"2026-02-27T06:19:41+00:00","og_image":[{"width":960,"height":412,"url":"https:\/\/culturaneuroactiva.com\/site\/wp-content\/uploads\/2022\/02\/Viajes-para-el-alma-3.jpg","type":"image\/jpeg"}],"twitter_card":"summary_large_image","twitter_misc":{"Tiempo de lectura":"6 minutos"},"schema":{"@context":"https:\/\/schema.org","@graph":[{"@type":"WebPage","@id":"https:\/\/culturaneuroactiva.com\/site\/servicios-de-salud-interior\/","url":"https:\/\/culturaneuroactiva.com\/site\/servicios-de-salud-interior\/","name":"Servicios de Salud Interior - Cultura Neuroactiva","isPartOf":{"@id":"https:\/\/culturaneuroactiva.com\/site\/#website"},"primaryImageOfPage":{"@id":"https:\/\/culturaneuroactiva.com\/site\/servicios-de-salud-interior\/#primaryimage"},"image":{"@id":"https:\/\/culturaneuroactiva.com\/site\/servicios-de-salud-interior\/#primaryimage"},"thumbnailUrl":"https:\/\/culturaneuroactiva.com\/site\/wp-content\/uploads\/2022\/02\/Viajes-para-el-alma-3-300x129.jpg","datePublished":"2025-09-01T06:01:55+00:00","dateModified":"2026-02-27T06:19:41+00:00","breadcrumb":{"@id":"https:\/\/culturaneuroactiva.com\/site\/servicios-de-salud-interior\/#breadcrumb"},"inLanguage":"es","potentialAction":[{"@type":"ReadAction","target":["https:\/\/culturaneuroactiva.com\/site\/servicios-de-salud-interior\/"]}]},{"@type":"ImageObject","inLanguage":"es","@id":"https:\/\/culturaneuroactiva.com\/site\/servicios-de-salud-interior\/#primaryimage","url":"https:\/\/culturaneuroactiva.com\/site\/wp-content\/uploads\/2022\/02\/Viajes-para-el-alma-3.jpg","contentUrl":"https:\/\/culturaneuroactiva.com\/site\/wp-content\/uploads\/2022\/02\/Viajes-para-el-alma-3.jpg","width":960,"height":412},{"@type":"BreadcrumbList","@id":"https:\/\/culturaneuroactiva.com\/site\/servicios-de-salud-interior\/#breadcrumb","itemListElement":[{"@type":"ListItem","position":1,"name":"Portada","item":"https:\/\/culturaneuroactiva.com\/site\/"},{"@type":"ListItem","position":2,"name":"Servicios de Salud Interior"}]},{"@type":"WebSite","@id":"https:\/\/culturaneuroactiva.com\/site\/#website","url":"https:\/\/culturaneuroactiva.com\/site\/","name":"Cultura Neuroactiva","description":"Gu\u00edas del Vivir Consciente","potentialAction":[{"@type":"SearchAction","target":{"@type":"EntryPoint","urlTemplate":"https:\/\/culturaneuroactiva.com\/site\/?s={search_term_string}"},"query-input":{"@type":"PropertyValueSpecification","valueRequired":true,"valueName":"search_term_string"}}],"inLanguage":"es"}]}},"_links":{"self":[{"href":"https:\/\/culturaneuroactiva.com\/site\/wp-json\/wp\/v2\/pages\/3575","targetHints":{"allow":["GET"]}}],"collection":[{"href":"https:\/\/culturaneuroactiva.com\/site\/wp-json\/wp\/v2\/pages"}],"about":[{"href":"https:\/\/culturaneuroactiva.com\/site\/wp-json\/wp\/v2\/types\/page"}],"author":[{"embeddable":true,"href":"https:\/\/culturaneuroactiva.com\/site\/wp-json\/wp\/v2\/users\/1"}],"replies":[{"embeddable":true,"href":"https:\/\/culturaneuroactiva.com\/site\/wp-json\/wp\/v2\/comments?post=3575"}],"version-history":[{"count":33,"href":"https:\/\/culturaneuroactiva.com\/site\/wp-json\/wp\/v2\/pages\/3575\/revisions"}],"predecessor-version":[{"id":3751,"href":"https:\/\/culturaneuroactiva.com\/site\/wp-json\/wp\/v2\/pages\/3575\/revisions\/3751"}],"wp:attachment":[{"href":"https:\/\/culturaneuroactiva.com\/site\/wp-json\/wp\/v2\/media?parent=3575"}],"curies":[{"name":"wp","href":"https:\/\/api.w.org\/{rel}","templated":true}]}}