{"id":3573,"date":"2025-09-01T04:38:09","date_gmt":"2025-09-01T04:38:09","guid":{"rendered":"https:\/\/culturaneuroactiva.com\/site\/?page_id=3573"},"modified":"2026-02-27T06:35:23","modified_gmt":"2026-02-27T06:35:23","slug":"escuela-del-vivir-consciente","status":"publish","type":"page","link":"https:\/\/culturaneuroactiva.com\/site\/escuela-del-vivir-consciente\/","title":{"rendered":"Escuela del Vivir Consciente"},"content":{"rendered":"<h4><span style=\"color: #008080;\">Ense\u00f1amos los aspectos principales del vivir consciente, a trav\u00e9s de nuestros cursos y formaciones.<\/span><\/h4>\n<p><strong> <a href=\"https:\/\/culturaneuroactiva.com\/site\/wp-content\/uploads\/2022\/02\/Viajes-para-el-alma-4.jpg\"><img loading=\"lazy\" decoding=\"async\" class=\" wp-image-3201 aligncenter\" src=\"https:\/\/culturaneuroactiva.com\/site\/wp-content\/uploads\/2022\/02\/Viajes-para-el-alma-4-300x129.jpg\" alt=\"\" width=\"688\" height=\"296\" srcset=\"https:\/\/culturaneuroactiva.com\/site\/wp-content\/uploads\/2022\/02\/Viajes-para-el-alma-4-300x129.jpg 300w, https:\/\/culturaneuroactiva.com\/site\/wp-content\/uploads\/2022\/02\/Viajes-para-el-alma-4-768x330.jpg 768w, https:\/\/culturaneuroactiva.com\/site\/wp-content\/uploads\/2022\/02\/Viajes-para-el-alma-4.jpg 960w\" sizes=\"auto, (max-width: 688px) 100vw, 688px\" \/><\/a><\/strong><\/p>\n<p>&nbsp;<\/p>\n<h4><span style=\"color: #008080;\"><strong>CURSOS<\/strong><\/span><\/h4>\n<h5>Los siguientes cursos\u00a0 sirven para aprender a cerca de los temas m\u00e1s importantes que aporta el arte del vivir consciente en el campo espiritual y terap\u00e9utico.<\/h5>\n<ul>\n<li>\n<h5><span style=\"color: #008080;\"><strong>Personas Neurodivergentes y Niveles de Conciencia.<\/strong><\/span> Conozca en qu\u00e9 etapa evolutiva se encuentra, y aprenda el arte de vivir el proceso interior consciente.<\/h5>\n<\/li>\n<li>\n<h5><strong><span style=\"color: #008080;\">El Arte de Manifestar, Curso de Milagros<\/span>.<\/strong> Aprenda a manifestar los sue\u00f1os, y a cocrear la realidad de forma positiva y consciente, con el objetivo de salirse de la mala suerte y del mundo de las cosas dif\u00edciles, e ingresar en la buena suerte y el mundo de las cosas f\u00e1ciles, hasta lograr construir su vida ideal.<\/h5>\n<\/li>\n<li>\n<h5><span style=\"color: #008080;\"><strong>Camino del Guerrero Impecable.<\/strong> <\/span>Aprenda a vivir por fuera de la Matrix, y a aplicar los principios de la impecabilidad como h\u00e1bito de vida.<\/h5>\n<\/li>\n<li>\n<h5><span style=\"color: #008080;\"><strong>Camino del Mago Cristal.<\/strong><\/span> Aprenda a hacer el cambio de conciencia, y a manejar los modos de vida del nuevo paradigma, para que pueda saltar de la supervivencia al lado m\u00e1gico de la vida.<strong style=\"font-size: 16px;\">\u00a0<\/strong><\/h5>\n<\/li>\n<\/ul>\n<p>&nbsp;<\/p>\n<h4><span style=\"color: #008080;\"><strong>FORMACIONES<\/strong><\/span><\/h4>\n<h5>Nuestras formaciones son el equivalente a carreras, pero como educaci\u00f3n no formal.\u00a0 Ofrecen preparaci\u00f3n especializada, que complementa y mejora el desempe\u00f1o en diversos oficios terap\u00e9uticos, pedag\u00f3gicos y profesionales.<\/h5>\n<ul>\n<li>\n<h5><strong><span style=\"color: #008080;\">Formaci\u00f3n en Sound Healing.<\/span> <\/strong><span style=\"color: #000000;\">Aprenda a manejar varios instrumentos ind\u00edgenas, y diversas voces ancestrales, con el objetivo de construir su propia propuesta de sanaci\u00f3n sonora, hasta que pueda ofrecerla como presentaci\u00f3n, meditaci\u00f3n o terapia.<\/span><\/h5>\n<\/li>\n<li>\n<h5><span style=\"color: #008080;\"><strong>Formaci\u00f3n en Derecho Hol\u00edstico y Justicia Restaurativa.<\/strong> <\/span><span style=\"color: #000000;\">Adquiera las herramientas para manejar los conflictos desde la perspectiva de la nueva paz y el vivir consciente, en donde se retoman elementos del misticismo, la sabidur\u00eda ancestral y la F\u00edsica Cu\u00e1ntica.<\/span><\/h5>\n<\/li>\n<li>\n<h5><span style=\"color: #008080;\"><strong>Formaci\u00f3n en Neuroecolog\u00eda y Ecoinserci\u00f3n.<\/strong><\/span> <span style=\"color: #000000;\">Conozca el origen de los principales problemas ecol\u00f3gicos, y adquiera las herramientas para hacer un proceso de cambio de paradigma con respecto a los animales, la naturaleza, la Tierra, y lo ancestral, y de esta manera transformar su estilo de vida, en donde se manifieste verdaderamente su conexi\u00f3n y su amor por la naturaleza.<\/span><\/h5>\n<\/li>\n<\/ul>\n<p>&nbsp;<\/p>\n<p>&#8212;-<\/p>\n<h5><\/h5>\n<h4><span style=\"color: #008080;\"><strong>DURACI\u00d3N Y VALOR <\/strong><\/span><\/h4>\n<ul>\n<li>\n<h5><span style=\"color: #008080;\"><strong>16 horas:<\/strong><\/span> $860.000 \u00a0Una clase semanal de 2 horas por 2 meses.<\/h5>\n<\/li>\n<li>\n<h5><span style=\"color: #008080;\"><strong>32 horas:<\/strong> <\/span>$1\u00b4700.000 \u00a0Una clase semanal de 2 horas por 4 meses.<\/h5>\n<\/li>\n<li>\n<h5><span style=\"color: #008080;\"><strong>64 horas:<\/strong> <\/span>$3\u00b4400.000 Dos clases semanales de 2 horas por 4 meses.<\/h5>\n<\/li>\n<\/ul>\n<h5><\/h5>\n<p>&nbsp;<\/p>\n<h4><span style=\"color: #008080;\"><strong>TARIFA INTERNACIONAL<\/strong><\/span><\/h4>\n<ul>\n<li>\n<h5><span style=\"color: #008080;\"><strong>16 horas:<\/strong><\/span> 385 USD. Una clase semanal de 2 horas por 2 meses.<\/h5>\n<\/li>\n<li>\n<h5><span style=\"color: #008080;\"><strong>32 horas:<\/strong> <\/span>770 USD. Una clase semanal de 2 horas por 4 meses.<\/h5>\n<\/li>\n<li>\n<h5><span style=\"color: #008080;\"><strong>64 horas:<\/strong><\/span> 1540 USD. Dos clases semanales de 2 horas por 4 meses.<\/h5>\n<\/li>\n<\/ul>\n<h5><strong>\u00a0<\/strong><strong style=\"font-size: 16px;\">\u00a0<\/strong><\/h5>\n<h4><span style=\"color: #008080;\"><strong>FACILITADOR<\/strong><\/span><\/h4>\n<ul>\n<li>\n<h5><span style=\"color: #008080;\"><strong>Juan David Silva Aguirre.<\/strong><\/span> Director de Cultura Neuroactiva, con 25 a\u00f1os de experiencia en los Servicios de Salud Interior y la Escuela del Vivir Consciente.<\/h5>\n<\/li>\n<\/ul>\n<p>&nbsp;<\/p>\n<h5><strong><span style=\"color: #008080;\">FORMATOS:<\/span><\/strong> Presencial y virtual.<\/h5>\n<h5><strong><span style=\"color: #008080;\">INFORMES Y RESERVAS:<\/span>\u00a0<\/strong><span style=\"color: #000000;\">WhatsApp: +57 3127994357\u00a0\u00a0<\/span><\/h5>\n<h5><strong><span style=\"color: #008080;\">SEDE DE CULTURA NEUROACTIVA:<\/span>\u00a0<\/strong><span style=\"color: #000000;\">Cll. 41 B sur #31 B \u2013 13 (Envigado).<\/span><\/h5>\n<p>&nbsp;<\/p>\n<h5><strong><a href=\"http:\/\/www.culturaneuroactiva.com\/\">www.culturaneuroactiva.com<\/a><\/strong><\/h5>\n","protected":false},"excerpt":{"rendered":"<p>Ense\u00f1amos los aspectos principales del vivir consciente, a trav\u00e9s de nuestros cursos y formaciones. &nbsp; CURSOS Los siguientes cursos\u00a0 sirven<\/p>\n","protected":false},"author":1,"featured_media":0,"parent":0,"menu_order":0,"comment_status":"closed","ping_status":"closed","template":"","meta":{"colormag_page_layout":"default_layout","footnotes":""},"class_list":["post-3573","page","type-page","status-publish","hentry"],"yoast_head":"<!-- This site is optimized with the Yoast SEO plugin v25.6 - https:\/\/yoast.com\/wordpress\/plugins\/seo\/ -->\n<title>Escuela del Vivir Consciente - Cultura Neuroactiva<\/title>\n<meta name=\"robots\" content=\"index, follow, max-snippet:-1, max-image-preview:large, max-video-preview:-1\" \/>\n<link rel=\"canonical\" href=\"https:\/\/culturaneuroactiva.com\/site\/escuela-del-vivir-consciente\/\" \/>\n<meta property=\"og:locale\" content=\"es_ES\" \/>\n<meta property=\"og:type\" content=\"article\" \/>\n<meta property=\"og:title\" content=\"Escuela del Vivir Consciente - Cultura Neuroactiva\" \/>\n<meta property=\"og:description\" content=\"Ense\u00f1amos los aspectos principales del vivir consciente, a trav\u00e9s de nuestros cursos y formaciones. &nbsp; CURSOS Los siguientes cursos\u00a0 sirven\" \/>\n<meta property=\"og:url\" content=\"https:\/\/culturaneuroactiva.com\/site\/escuela-del-vivir-consciente\/\" \/>\n<meta property=\"og:site_name\" content=\"Cultura Neuroactiva\" \/>\n<meta property=\"article:publisher\" content=\"https:\/\/www.facebook.com\/cultura.neuroactiva\" \/>\n<meta property=\"article:modified_time\" content=\"2026-02-27T06:35:23+00:00\" \/>\n<meta property=\"og:image\" content=\"https:\/\/culturaneuroactiva.com\/site\/wp-content\/uploads\/2022\/02\/Viajes-para-el-alma-4.jpg\" \/>\n\t<meta property=\"og:image:width\" content=\"960\" \/>\n\t<meta property=\"og:image:height\" content=\"412\" \/>\n\t<meta property=\"og:image:type\" content=\"image\/jpeg\" \/>\n<meta name=\"twitter:card\" content=\"summary_large_image\" \/>\n<meta name=\"twitter:label1\" content=\"Tiempo de lectura\" \/>\n\t<meta name=\"twitter:data1\" content=\"3 minutos\" \/>\n<script type=\"application\/ld+json\" class=\"yoast-schema-graph\">{\"@context\":\"https:\/\/schema.org\",\"@graph\":[{\"@type\":\"WebPage\",\"@id\":\"https:\/\/culturaneuroactiva.com\/site\/escuela-del-vivir-consciente\/\",\"url\":\"https:\/\/culturaneuroactiva.com\/site\/escuela-del-vivir-consciente\/\",\"name\":\"Escuela del Vivir Consciente - Cultura Neuroactiva\",\"isPartOf\":{\"@id\":\"https:\/\/culturaneuroactiva.com\/site\/#website\"},\"primaryImageOfPage\":{\"@id\":\"https:\/\/culturaneuroactiva.com\/site\/escuela-del-vivir-consciente\/#primaryimage\"},\"image\":{\"@id\":\"https:\/\/culturaneuroactiva.com\/site\/escuela-del-vivir-consciente\/#primaryimage\"},\"thumbnailUrl\":\"https:\/\/culturaneuroactiva.com\/site\/wp-content\/uploads\/2022\/02\/Viajes-para-el-alma-4-300x129.jpg\",\"datePublished\":\"2025-09-01T04:38:09+00:00\",\"dateModified\":\"2026-02-27T06:35:23+00:00\",\"breadcrumb\":{\"@id\":\"https:\/\/culturaneuroactiva.com\/site\/escuela-del-vivir-consciente\/#breadcrumb\"},\"inLanguage\":\"es\",\"potentialAction\":[{\"@type\":\"ReadAction\",\"target\":[\"https:\/\/culturaneuroactiva.com\/site\/escuela-del-vivir-consciente\/\"]}]},{\"@type\":\"ImageObject\",\"inLanguage\":\"es\",\"@id\":\"https:\/\/culturaneuroactiva.com\/site\/escuela-del-vivir-consciente\/#primaryimage\",\"url\":\"https:\/\/culturaneuroactiva.com\/site\/wp-content\/uploads\/2022\/02\/Viajes-para-el-alma-4.jpg\",\"contentUrl\":\"https:\/\/culturaneuroactiva.com\/site\/wp-content\/uploads\/2022\/02\/Viajes-para-el-alma-4.jpg\",\"width\":960,\"height\":412},{\"@type\":\"BreadcrumbList\",\"@id\":\"https:\/\/culturaneuroactiva.com\/site\/escuela-del-vivir-consciente\/#breadcrumb\",\"itemListElement\":[{\"@type\":\"ListItem\",\"position\":1,\"name\":\"Portada\",\"item\":\"https:\/\/culturaneuroactiva.com\/site\/\"},{\"@type\":\"ListItem\",\"position\":2,\"name\":\"Escuela del Vivir Consciente\"}]},{\"@type\":\"WebSite\",\"@id\":\"https:\/\/culturaneuroactiva.com\/site\/#website\",\"url\":\"https:\/\/culturaneuroactiva.com\/site\/\",\"name\":\"Cultura Neuroactiva\",\"description\":\"Gu\u00edas del Vivir Consciente\",\"potentialAction\":[{\"@type\":\"SearchAction\",\"target\":{\"@type\":\"EntryPoint\",\"urlTemplate\":\"https:\/\/culturaneuroactiva.com\/site\/?s={search_term_string}\"},\"query-input\":{\"@type\":\"PropertyValueSpecification\",\"valueRequired\":true,\"valueName\":\"search_term_string\"}}],\"inLanguage\":\"es\"}]}<\/script>\n<!-- \/ Yoast SEO plugin. -->","yoast_head_json":{"title":"Escuela del Vivir Consciente - Cultura Neuroactiva","robots":{"index":"index","follow":"follow","max-snippet":"max-snippet:-1","max-image-preview":"max-image-preview:large","max-video-preview":"max-video-preview:-1"},"canonical":"https:\/\/culturaneuroactiva.com\/site\/escuela-del-vivir-consciente\/","og_locale":"es_ES","og_type":"article","og_title":"Escuela del Vivir Consciente - Cultura Neuroactiva","og_description":"Ense\u00f1amos los aspectos principales del vivir consciente, a trav\u00e9s de nuestros cursos y formaciones. &nbsp; CURSOS Los siguientes cursos\u00a0 sirven","og_url":"https:\/\/culturaneuroactiva.com\/site\/escuela-del-vivir-consciente\/","og_site_name":"Cultura Neuroactiva","article_publisher":"https:\/\/www.facebook.com\/cultura.neuroactiva","article_modified_time":"2026-02-27T06:35:23+00:00","og_image":[{"width":960,"height":412,"url":"https:\/\/culturaneuroactiva.com\/site\/wp-content\/uploads\/2022\/02\/Viajes-para-el-alma-4.jpg","type":"image\/jpeg"}],"twitter_card":"summary_large_image","twitter_misc":{"Tiempo de lectura":"3 minutos"},"schema":{"@context":"https:\/\/schema.org","@graph":[{"@type":"WebPage","@id":"https:\/\/culturaneuroactiva.com\/site\/escuela-del-vivir-consciente\/","url":"https:\/\/culturaneuroactiva.com\/site\/escuela-del-vivir-consciente\/","name":"Escuela del Vivir Consciente - Cultura Neuroactiva","isPartOf":{"@id":"https:\/\/culturaneuroactiva.com\/site\/#website"},"primaryImageOfPage":{"@id":"https:\/\/culturaneuroactiva.com\/site\/escuela-del-vivir-consciente\/#primaryimage"},"image":{"@id":"https:\/\/culturaneuroactiva.com\/site\/escuela-del-vivir-consciente\/#primaryimage"},"thumbnailUrl":"https:\/\/culturaneuroactiva.com\/site\/wp-content\/uploads\/2022\/02\/Viajes-para-el-alma-4-300x129.jpg","datePublished":"2025-09-01T04:38:09+00:00","dateModified":"2026-02-27T06:35:23+00:00","breadcrumb":{"@id":"https:\/\/culturaneuroactiva.com\/site\/escuela-del-vivir-consciente\/#breadcrumb"},"inLanguage":"es","potentialAction":[{"@type":"ReadAction","target":["https:\/\/culturaneuroactiva.com\/site\/escuela-del-vivir-consciente\/"]}]},{"@type":"ImageObject","inLanguage":"es","@id":"https:\/\/culturaneuroactiva.com\/site\/escuela-del-vivir-consciente\/#primaryimage","url":"https:\/\/culturaneuroactiva.com\/site\/wp-content\/uploads\/2022\/02\/Viajes-para-el-alma-4.jpg","contentUrl":"https:\/\/culturaneuroactiva.com\/site\/wp-content\/uploads\/2022\/02\/Viajes-para-el-alma-4.jpg","width":960,"height":412},{"@type":"BreadcrumbList","@id":"https:\/\/culturaneuroactiva.com\/site\/escuela-del-vivir-consciente\/#breadcrumb","itemListElement":[{"@type":"ListItem","position":1,"name":"Portada","item":"https:\/\/culturaneuroactiva.com\/site\/"},{"@type":"ListItem","position":2,"name":"Escuela del Vivir Consciente"}]},{"@type":"WebSite","@id":"https:\/\/culturaneuroactiva.com\/site\/#website","url":"https:\/\/culturaneuroactiva.com\/site\/","name":"Cultura Neuroactiva","description":"Gu\u00edas del Vivir Consciente","potentialAction":[{"@type":"SearchAction","target":{"@type":"EntryPoint","urlTemplate":"https:\/\/culturaneuroactiva.com\/site\/?s={search_term_string}"},"query-input":{"@type":"PropertyValueSpecification","valueRequired":true,"valueName":"search_term_string"}}],"inLanguage":"es"}]}},"_links":{"self":[{"href":"https:\/\/culturaneuroactiva.com\/site\/wp-json\/wp\/v2\/pages\/3573","targetHints":{"allow":["GET"]}}],"collection":[{"href":"https:\/\/culturaneuroactiva.com\/site\/wp-json\/wp\/v2\/pages"}],"about":[{"href":"https:\/\/culturaneuroactiva.com\/site\/wp-json\/wp\/v2\/types\/page"}],"author":[{"embeddable":true,"href":"https:\/\/culturaneuroactiva.com\/site\/wp-json\/wp\/v2\/users\/1"}],"replies":[{"embeddable":true,"href":"https:\/\/culturaneuroactiva.com\/site\/wp-json\/wp\/v2\/comments?post=3573"}],"version-history":[{"count":27,"href":"https:\/\/culturaneuroactiva.com\/site\/wp-json\/wp\/v2\/pages\/3573\/revisions"}],"predecessor-version":[{"id":3753,"href":"https:\/\/culturaneuroactiva.com\/site\/wp-json\/wp\/v2\/pages\/3573\/revisions\/3753"}],"wp:attachment":[{"href":"https:\/\/culturaneuroactiva.com\/site\/wp-json\/wp\/v2\/media?parent=3573"}],"curies":[{"name":"wp","href":"https:\/\/api.w.org\/{rel}","templated":true}]}}