{"id":3488,"date":"2023-09-01T20:26:26","date_gmt":"2023-09-01T20:26:26","guid":{"rendered":"https:\/\/culturaneuroactiva.com\/site\/?page_id=3488"},"modified":"2025-09-01T09:35:33","modified_gmt":"2025-09-01T09:35:33","slug":"guia-de-personas-neurodivergentes","status":"publish","type":"page","link":"https:\/\/culturaneuroactiva.com\/site\/guia-de-personas-neurodivergentes\/","title":{"rendered":"Gu\u00eda de Personas Neurodivergentes"},"content":{"rendered":"<p><iframe loading=\"lazy\" title=\"Guia de Personas Altamente Sensibles\" width=\"800\" height=\"450\" src=\"https:\/\/www.youtube.com\/embed\/H2k-AS8KU-c?feature=oembed\" frameborder=\"0\" allow=\"accelerometer; autoplay; clipboard-write; encrypted-media; gyroscope; picture-in-picture; web-share\" referrerpolicy=\"strict-origin-when-cross-origin\" allowfullscreen><\/iframe><\/p>\n<h5><span style=\"color: #008080;\">Sab\u00edas que las Personas Neurodivergentes o Altamente Sensibles son genios en potencia, y que su \u00e9xito o fracaso depende de que superen el reto de adaptarse al sistema, por eso son personas borderline, porque bordean los l\u00edmites de la realidad, tanto por el lado del \u00e9xito, lo positivo, las virtudes y la genialidad, como por el lado del fracaso, lo negativo, los defectos y los trastornos mentales.<\/span><\/h5>\n<p>&nbsp;<\/p>\n<h6>Estos\u00a0 personajes son conocidos por la psicolog\u00eda como Personas Altamente Sensibles, personas m\u00e1gicas, enigm\u00e1ticas, temidas, envidiadas, amadas y odiadas. Seres diferentes e intensos, en los que se esconde el misterio de la evoluci\u00f3n del ser humano, y a quienes corresponde liderar el proceso del cambio planetario, que conduce a una nueva humanidad.<\/h6>\n<h6><\/h6>\n<h6>Si encuentran la forma de adaptarse al sistema pueden convertirse hasta en Asperger o Savans, o sea, genios en alg\u00fan campo, que se destacan en medio de la poblaci\u00f3n, como artistas, creativos, empresarios, l\u00edderes, innovadores o precursores; pero si no se adaptan al sistema pueden terminar marginados del mundo, convertidos en autistas, drogadictos, fracasados, mantenidos, con problemas mentales, bipolares, esquizofr\u00e9nicos, depresivos y hasta suicidas.<\/h6>\n<h6><\/h6>\n<h6>La Gu\u00eda de Personas Altamente Sensibles es la primera campa\u00f1a de la Productora de Contenidos de Cultura Neuroactiva, en donde analizaremos este tipo de personas, los innumerables retos que tienen, y las formas de conectarse con el mundo y salir adelante, teniendo esta personalidad tan enigm\u00e1tica.<\/h6>\n<h6><strong>\u00a0<\/strong><\/h6>\n<h6><strong>\u00a0<\/strong><\/h6>\n<h5><span style=\"color: #008080;\"><strong>Qu\u00e9 Son las Personas Altamente Sensibles o PAS<\/strong><\/span><\/h5>\n<h6><strong>Son aquellas a quienes se les empieza a activar el modo cognitivo espiritual, y el potencial cerebral\u00a0que no utilizamos, por lo que entran en un \u201cproceso de cambio de vida\u201d en el que\u00a0van transformando su ser, sus creencias, gustos, h\u00e1bitos y sus modos de vida, quedando cada vez m\u00e1s diferentes con respecto a las personas normales.<\/strong><\/h6>\n<h6><\/h6>\n<h6>El t\u00e9rmino PAS surgi\u00f3 en la d\u00e9cada de los 90, con las investigaciones de la doctora Elaine Aron junto a su marido Arthur Aron, de las que pudieron concluir que las PAS tienen su <strong>sistema nervioso m\u00e1s fino, por lo que reciben<\/strong> relativamente mucha m\u00e1s informaci\u00f3n sensorial que alguien con una mediana sensibilidad.<\/h6>\n<h6><strong>\u00a0<\/strong><\/h6>\n<h5><strong>\u00a0<\/strong><\/h5>\n<h5><span style=\"color: #008080;\"><strong>Neuroactivaci\u00f3n y Sistema Evolutivo Humano<\/strong><\/span><\/h5>\n<h6>Este fen\u00f3meno humano de las PAS <strong>se llama t\u00e9cnicamente \u201cneuroactivaci\u00f3n\u201d<\/strong>, ya que corresponde al <strong>aumento en la actividad cognitiva y a la activaci\u00f3n del potencial cerebral<\/strong>, generado por el cambio de paradigma mental, por el cambio en nuestro ADN, y por la evoluci\u00f3n de la conciencia a lo largo del sistema evolutivo humano.<\/h6>\n<h6><\/h6>\n<h6>El sistema evolutivo humano es como una pir\u00e1mide dividida en cuatro niveles, que corresponden las cuatro etapas de la evoluci\u00f3n de la conciencia: Etapa Neuronormal, Etapa \u00cdndigo, Etapa Cristal y Etapa Arco\u00edris, as\u00ed es que las PAS son el polo opuesto de las personas neuronormales.<\/h6>\n<h6><strong>\u00a0<\/strong><\/h6>\n<h6><strong>\u00a0<\/strong><\/h6>\n<h5><span style=\"color: #008080;\"><strong>C\u00f3mo Reconocer en Qu\u00e9 Etapa de PAS se Encuentra cada Persona <\/strong><\/span><\/h5>\n<h6>Las Personas Altamente Sensibles se dividen en tres niveles de conciencia: \u00cdndigo, Cristal y Arco\u00edris, las personas \u00cdndigo sobresalen por ser l\u00edderes, raras, rebeldes, aut\u00e9nticas e intensas, las personas Cristal son sensibles, solitarias, m\u00e1gicas, calladas, profundas y m\u00edsticas, y las personas Arco\u00edris son visionarias, precursoras y profetas.<\/h6>\n<h6><\/h6>\n<h6>En nuestra p\u00e1gina web culturaneuroactiva.com, en el men\u00fa pueden encontrar el Test de PAS y el Test Niveles de Sensibilidad, en donde cualquier persona puede enterarse s\u00ed es PAS o no, y en cu\u00e1l etapa se encuentra.<\/h6>\n<h6><strong>\u00a0<\/strong><\/h6>\n<h6><strong>\u00a0<\/strong><\/h6>\n<h5><span style=\"color: #008080;\"><strong>Sin\u00f3nimos de PAS<\/strong><\/span><\/h5>\n<h6>Es importante entender que la neuroactivaci\u00f3n abarca manifestaciones sociales y teor\u00edas que la ciencia a\u00fan no ha relacionado, pero que son partes del mismo fen\u00f3meno, los nombres de estas teor\u00edas son los siguientes: personas altamente sensibles, personas neuroactivas, personas \u00edndigo, personas cristal, personas arco\u00edris, cultura emergente, y semillas estelares, cambio de conciencia, cambio planetario, cambio de paradigma, y nueva humanidad.<\/h6>\n<h6><strong>\u00a0<\/strong><\/h6>\n<h6><strong>\u00a0<\/strong><\/h6>\n<h5><span style=\"color: #008080;\"><strong>Riesgos de Ser una Persona Altamente Sensible<\/strong><\/span><\/h5>\n<h6>Cuando no se saben enfrentar con t\u00e9cnicas las diversas caracter\u00edsticas y retos de ser PAS, puede que se presente alguna de las siguientes problem\u00e1ticas:<\/h6>\n<ul>\n<li>\n<h6>Tener problemas de conexi\u00f3n con el mundo, sentir que no se pertenece a este mundo, sentir que la vida le qued\u00f3 grande, ser un marginado social.<\/h6>\n<\/li>\n<li>\n<h6>Ser un l\u00edder negativo, ser insoportable, meterse con la ilegalidad, delincuencia y malas amistades.<\/h6>\n<\/li>\n<li>\n<h6>Tener problemas mentales como: autismo, crisis nerviosas, adicciones, hiperactividad, irritabilidad, bipolaridad, d\u00e9ficit de atenci\u00f3n, problemas de aprendizaje, depresi\u00f3n, sinsentido, tendencias suicidas, esquizofrenia.<\/h6>\n<\/li>\n<li>\n<h6>Ser un rebelde o un inadaptado social.<\/h6>\n<\/li>\n<li>\n<h6>Pasar por per\u00edodos de profunda soledad, hasta sentir angustia y desolaci\u00f3n, sentirse incomprendido, no tener con quien hablar.<\/h6>\n<\/li>\n<li>\n<h6>Tener problemas de independencia, autonom\u00eda y autosostenimiento.<\/h6>\n<\/li>\n<li>\n<h6>Tener pruebas de vida de forma constante, las cuales exigen y preparan al ser para que aprenda y evolucione en el camino del proceso interior.<\/h6>\n<\/li>\n<li>\n<h6>Tener habilidades mentales que al principio no se saben manejar, y hacen da\u00f1o en lugar de beneficiar, como por ejemplo esquizofrenia, pesadillas, premoniciones catastr\u00f3ficas.<\/h6>\n<\/li>\n<li>\n<h6>Tener ataques de oscuridad de forma peri\u00f3dica, ser atormentado por los propios demonios.<\/h6>\n<\/li>\n<\/ul>\n<h6><strong>\u00a0<\/strong><\/h6>\n<h6><strong>\u00a0<\/strong><\/h6>\n<h5><span style=\"color: #008080;\"><strong>Ventajas de Ser PAS<\/strong><\/span><\/h5>\n<h6>\u00b7\u00a0\u00a0\u00a0\u00a0\u00a0\u00a0\u00a0 Descubrir que\u00a0<strong>usted no es la \u00fanica persona que siente y le pasan ese tipo de situaciones,<\/strong>\u00a0sino que esto es un fen\u00f3meno neuropsicol\u00f3gico que vive un porcentaje de la poblaci\u00f3n.<\/h6>\n<h6>\u00b7\u00a0\u00a0\u00a0\u00a0\u00a0\u00a0\u00a0 Tener claro que esta condici\u00f3n especial del ser humano\u00a0<strong>no es una enfermedad en s\u00ed misma,<\/strong>\u00a0sino que lo patol\u00f3gico est\u00e1 determinado por el tipo de manejo que se le da a dicha condici\u00f3n, el cual puede ser estructurado o desestructurado.<\/h6>\n<h6>\u00b7\u00a0\u00a0\u00a0\u00a0\u00a0\u00a0\u00a0 Entender que todas las dificultades son pruebas arquet\u00edpicas, y que cada prueba <strong>tienen t\u00e9cnicas para ser superada correctamente<\/strong><strong>.<\/strong><\/h6>\n<h6>\u00b7\u00a0\u00a0\u00a0\u00a0\u00a0\u00a0\u00a0 Saber que cuando se alcanza la maestr\u00eda en el manejo de la situaci\u00f3n, todas las dificultades se transforman en talentos.<\/h6>\n<ul>\n<li>\n<h6>Tener activas las habilidades mentales, ser m\u00e1s intuitivo, creativo y sensible.<\/h6>\n<\/li>\n<li>\n<h6>Ser capaz de manejar la realidad espiritual a voluntad, e interactuar con esp\u00edritus y entidades espirituales.<\/h6>\n<\/li>\n<\/ul>\n<h6><strong>\u00a0<\/strong><\/h6>\n<h6><strong>\u00a0<\/strong><\/h6>\n<h5><span style=\"color: #008080;\"><strong>Historia y Destino de las PAS<\/strong><\/span><\/h5>\n<h6>La historia de las Personas Altamente Sensibles empieza a partir de los a\u00f1os 60 y 70, en donde surge la primera oleada de PAS que corresponde al movimiento hippie, pero\u00a0en los \u00faltimos 30 a\u00f1os se convirti\u00f3 en tendencia social,\u00a0la cual se nota en fen\u00f3menos positivos como el vegetarianismo, la permacultura, el activismo social y el retorno a la Tierra; o en fen\u00f3menos negativos como drogadicci\u00f3n, hiperactividad, bipolaridad y d\u00e9ficit de atenci\u00f3n, \u00e9stos son un problema debido al desconocimiento que la propia persona tiene de su condici\u00f3n,\u00a0es por esto que cuando llega a la maestr\u00eda, dejan de ser patolog\u00edas y se convierten en virtudes y habilidades.<\/h6>\n<h6><\/h6>\n<h6>Las Personas Neuroactivas o PAS son la base de la cultura emergente y las\u00a0gestoras del cambio planetario, al ser las primeras que pasan por la crisis de activaci\u00f3n del modo cognitivo espiritual, y en esa medida son las llamadas a\u00a0realizar la construcci\u00f3n de la nueva humanidad.<\/h6>\n<h6><strong>\u00a0<\/strong><\/h6>\n<h6><strong>\u00a0<\/strong><\/h6>\n<h5><span style=\"color: #008080;\"><strong>Proceso de Adaptaci\u00f3n al Mundo<\/strong><\/span><\/h5>\n<h6>Al inicio del proceso interior, en su problema de adaptaci\u00f3n al mundo, las PAS est\u00e1n viviendo el drama de plantearse cosas como\u00a0\u201cpor qu\u00e9 soy diferente, por qu\u00e9 no encajo en\u00a0ciertos contextos sociales\u201d, y como el mundo les molesta mucho entonces se van autoaislando, lo cual es riesgoso porque pierden la conexi\u00f3n con el mundo y eso incrementa las patolog\u00edas, pero tambi\u00e9n es bueno porque protege su fragilidad y su diferencia.<\/h6>\n<h6><\/h6>\n<h6>Ser Persona Altamente Sensible\u00a0es un proceso\u00a0de ir conociendo una nueva frecuencia mental y energ\u00e9tica,\u00a0es como aprender un nuevo idioma, o sea que al principio se parece a andar en una jungla, pero poco a poco se va aclimatando y encontrando el propio camino.<\/h6>\n<h6><\/h6>\n<h6>Es un proceso muy\u00a0lindo pero confuso, y como se corre el riesgo de perderse en el camino por eso la importancia de\u00a0tener una buena gu\u00eda, para\u00a0escoger siempre lo m\u00e1s sano y de esta forma poder vivir la belleza de este proceso.<\/h6>\n<h6><strong>\u00a0<\/strong><\/h6>\n<h6><strong>\u00a0<\/strong><\/h6>\n<h5><span style=\"color: #008080;\"><strong>Importancia de Contar con una Gu\u00eda de PAS<\/strong><\/span><\/h5>\n<h6>Esta gu\u00eda nos informa y nos previene de los diversos riesgos que ofrece ser Altamente Sensible, y nos da herramientas para manejar sus diferencias con el mundo, y manejar sus problem\u00e1ticas y defectos hasta convertirlos en virtudes o dones.<\/h6>\n<h6><\/h6>\n<h6>Ser PAS no es un problema s\u00ed mismo, el problema radica que en nuestra sociedad no existe un punto de referencia que sirva de gu\u00eda para estas personas que inician con el despertar de la conciencia y todo el proceso de transformaci\u00f3n de sus seres y sus vidas, por eso es que Cultura Neuroactiva tiene como objetivo convertirse en esa Gu\u00eda especializada.<\/h6>\n<h6><strong>\u00a0<\/strong><\/h6>\n<h6><strong>\u00a0<\/strong><\/h6>\n<h5><span style=\"color: #008080;\"><strong>Si Usted es una PAS, Tenga en Cuenta las Siguientes Recomendaciones:<\/strong><\/span><\/h5>\n<ul>\n<li>\n<h6>Investigue m\u00e1s sobre las PAS.<\/h6>\n<\/li>\n<li>\n<h6>Trate de relacionarse con personas similares, para poder compartir las tem\u00e1ticas que m\u00e1s le interesen.<\/h6>\n<\/li>\n<li>\n<h6>No pelee con el mundo por m\u00e1s diferencias que tenga con \u00e9l, trate de enfocar su oscuridad y problem\u00e1ticas, como oportunidades para aplicar mis talentos y desarrollar mi misi\u00f3n.<\/h6>\n<\/li>\n<li>\n<h6>En sus problem\u00e1ticas, pase r\u00e1pido del por qu\u00e9 al para qu\u00e9, para que se salga r\u00e1pido de la condici\u00f3n de v\u00edctima, y aprenda a sacar provecho de las malas experiencias.<\/h6>\n<\/li>\n<li>\n<h6>Medite m\u00e1s y realice m\u00e1s actividades que alimenten el alma.<\/h6>\n<\/li>\n<li>\n<h6>Sepa que hay una manera de vivir por fuera del sistema, basada en seguir el camino con coraz\u00f3n, y en crear un proyecto de vida a la medida.<\/h6>\n<\/li>\n<li>\n<h6>Tenga muy clara cu\u00e1l es su identidad y su prop\u00f3sito en la vida.<\/h6>\n<\/li>\n<li>\n<h6>Adquiera herramientas de defensa contra los ataques de oscuridad, y no se deje robar la motivaci\u00f3n y el buen \u00e1nimo.<\/h6>\n<\/li>\n<li>\n<h6>No te dejes llevar por los pensamientos y las emociones negativas, retorna siempre a la esencia de tu ser, trata de hacerle resistencia al mal, y ten el criterio para elegir siempre el bien.<\/h6>\n<\/li>\n<li>\n<h6>No se desboque en el camino de la pasi\u00f3n, y tenga siempre en cuenta el equilibrio entre los opuestos.<\/h6>\n<\/li>\n<li>\n<h6>Tenga en cuenta que el sentir no siempre es buen concejero, ya que puede ser presa f\u00e1cil del enga\u00f1o, las tentaciones y la fantas\u00eda.<\/h6>\n<\/li>\n<li>\n<h6>Desempolve el v\u00ednculo con el esp\u00edritu, active su conexi\u00f3n con la fuente, y afiance su buena relaci\u00f3n con Dios.<\/h6>\n<\/li>\n<li>\n<h6>Trate de conservar un manejo equilibrado entre la realidad f\u00edsica y la realidad espiritual.<\/h6>\n<\/li>\n<li>\n<h6>Cuando se le presente un problema, busque cu\u00e1l aspecto toca de su vida y s\u00e1nelo trabajando el opuesto.<\/h6>\n<\/li>\n<li>\n<h6>No deposite la culpa de lo malo en nada externo, y h\u00e1gase responsable de la cocreaci\u00f3n de su realidad.<\/h6>\n<\/li>\n<li>\n<h6>Navega en nuestra p\u00e1gina web culturaneuroactiva.com, realiza los test, y ent\u00e9rate del universo de las Personas Altamente Sensibles.<\/h6>\n<\/li>\n<\/ul>\n<h6><strong>\u00a0<\/strong><\/h6>\n<p>&nbsp;<\/p>\n<h5><span style=\"color: #008080;\"><strong>TERAPIAS PRESENCIALES Y EN L\u00cdNEA<\/strong><\/span><\/h5>\n<ul>\n<li>\n<h6>Carta Neuroevolutiva.<\/h6>\n<\/li>\n<li>\n<h6>Terapias para Personas Altamente Sensibles.<\/h6>\n<\/li>\n<li>\n<h6>Parto Cristal.<\/h6>\n<\/li>\n<\/ul>\n<h6><strong><span style=\"color: #008080;\">DURACI\u00d3N:<\/span>\u00a0<\/strong>Una hora, dos horas y cuatro horas.<\/h6>\n<h6><strong><span style=\"color: #008080;\">JUAN DAVID SILVA:<\/span>\u00a0<\/strong>Terapeuta Transpersonal, Director de Red PAS.<\/h6>\n<h6><strong><span style=\"color: #008080;\">CITA PREVIA:<\/span>\u00a0<\/strong>Llamar al\u00a0Cel.\u00a0+57 3127994357 \u00f3 escribir al correo culturaneuroactiva@gmail.com<\/h6>\n<h6><strong><span style=\"color: #008080;\">DIRECCI\u00d3N:<\/span>\u00a0<\/strong>Cll. 41 B sur #31 B \u2013 13 (Envigado, Gualandayes).<\/h6>\n","protected":false},"excerpt":{"rendered":"<p>Sab\u00edas que las Personas Neurodivergentes o Altamente Sensibles son genios en potencia, y que su \u00e9xito o fracaso depende de<\/p>\n","protected":false},"author":1,"featured_media":0,"parent":0,"menu_order":0,"comment_status":"closed","ping_status":"closed","template":"","meta":{"colormag_page_layout":"default_layout","footnotes":""},"class_list":["post-3488","page","type-page","status-publish","hentry"],"yoast_head":"<!-- This site is optimized with the Yoast SEO plugin v25.6 - https:\/\/yoast.com\/wordpress\/plugins\/seo\/ -->\n<title>Gu\u00eda de Personas Neurodivergentes - Cultura Neuroactiva<\/title>\n<meta name=\"robots\" content=\"index, follow, max-snippet:-1, max-image-preview:large, max-video-preview:-1\" \/>\n<link rel=\"canonical\" href=\"https:\/\/culturaneuroactiva.com\/site\/guia-de-personas-neurodivergentes\/\" \/>\n<meta property=\"og:locale\" content=\"es_ES\" \/>\n<meta property=\"og:type\" content=\"article\" \/>\n<meta property=\"og:title\" content=\"Gu\u00eda de Personas Neurodivergentes - Cultura Neuroactiva\" \/>\n<meta property=\"og:description\" content=\"Sab\u00edas que las Personas Neurodivergentes o Altamente Sensibles son genios en potencia, y que su \u00e9xito o fracaso depende de\" \/>\n<meta property=\"og:url\" content=\"https:\/\/culturaneuroactiva.com\/site\/guia-de-personas-neurodivergentes\/\" \/>\n<meta property=\"og:site_name\" content=\"Cultura Neuroactiva\" \/>\n<meta property=\"article:publisher\" content=\"https:\/\/www.facebook.com\/cultura.neuroactiva\" \/>\n<meta property=\"article:modified_time\" content=\"2025-09-01T09:35:33+00:00\" \/>\n<meta name=\"twitter:card\" content=\"summary_large_image\" \/>\n<meta name=\"twitter:label1\" content=\"Tiempo de lectura\" \/>\n\t<meta name=\"twitter:data1\" content=\"9 minutos\" \/>\n<script type=\"application\/ld+json\" class=\"yoast-schema-graph\">{\"@context\":\"https:\/\/schema.org\",\"@graph\":[{\"@type\":\"WebPage\",\"@id\":\"https:\/\/culturaneuroactiva.com\/site\/guia-de-personas-neurodivergentes\/\",\"url\":\"https:\/\/culturaneuroactiva.com\/site\/guia-de-personas-neurodivergentes\/\",\"name\":\"Gu\u00eda de Personas Neurodivergentes - Cultura Neuroactiva\",\"isPartOf\":{\"@id\":\"https:\/\/culturaneuroactiva.com\/site\/#website\"},\"datePublished\":\"2023-09-01T20:26:26+00:00\",\"dateModified\":\"2025-09-01T09:35:33+00:00\",\"breadcrumb\":{\"@id\":\"https:\/\/culturaneuroactiva.com\/site\/guia-de-personas-neurodivergentes\/#breadcrumb\"},\"inLanguage\":\"es\",\"potentialAction\":[{\"@type\":\"ReadAction\",\"target\":[\"https:\/\/culturaneuroactiva.com\/site\/guia-de-personas-neurodivergentes\/\"]}]},{\"@type\":\"BreadcrumbList\",\"@id\":\"https:\/\/culturaneuroactiva.com\/site\/guia-de-personas-neurodivergentes\/#breadcrumb\",\"itemListElement\":[{\"@type\":\"ListItem\",\"position\":1,\"name\":\"Portada\",\"item\":\"https:\/\/culturaneuroactiva.com\/site\/\"},{\"@type\":\"ListItem\",\"position\":2,\"name\":\"Gu\u00eda de Personas Neurodivergentes\"}]},{\"@type\":\"WebSite\",\"@id\":\"https:\/\/culturaneuroactiva.com\/site\/#website\",\"url\":\"https:\/\/culturaneuroactiva.com\/site\/\",\"name\":\"Cultura Neuroactiva\",\"description\":\"Gu\u00edas del Vivir Consciente\",\"potentialAction\":[{\"@type\":\"SearchAction\",\"target\":{\"@type\":\"EntryPoint\",\"urlTemplate\":\"https:\/\/culturaneuroactiva.com\/site\/?s={search_term_string}\"},\"query-input\":{\"@type\":\"PropertyValueSpecification\",\"valueRequired\":true,\"valueName\":\"search_term_string\"}}],\"inLanguage\":\"es\"}]}<\/script>\n<!-- \/ Yoast SEO plugin. -->","yoast_head_json":{"title":"Gu\u00eda de Personas Neurodivergentes - Cultura Neuroactiva","robots":{"index":"index","follow":"follow","max-snippet":"max-snippet:-1","max-image-preview":"max-image-preview:large","max-video-preview":"max-video-preview:-1"},"canonical":"https:\/\/culturaneuroactiva.com\/site\/guia-de-personas-neurodivergentes\/","og_locale":"es_ES","og_type":"article","og_title":"Gu\u00eda de Personas Neurodivergentes - Cultura Neuroactiva","og_description":"Sab\u00edas que las Personas Neurodivergentes o Altamente Sensibles son genios en potencia, y que su \u00e9xito o fracaso depende de","og_url":"https:\/\/culturaneuroactiva.com\/site\/guia-de-personas-neurodivergentes\/","og_site_name":"Cultura Neuroactiva","article_publisher":"https:\/\/www.facebook.com\/cultura.neuroactiva","article_modified_time":"2025-09-01T09:35:33+00:00","twitter_card":"summary_large_image","twitter_misc":{"Tiempo de lectura":"9 minutos"},"schema":{"@context":"https:\/\/schema.org","@graph":[{"@type":"WebPage","@id":"https:\/\/culturaneuroactiva.com\/site\/guia-de-personas-neurodivergentes\/","url":"https:\/\/culturaneuroactiva.com\/site\/guia-de-personas-neurodivergentes\/","name":"Gu\u00eda de Personas Neurodivergentes - Cultura Neuroactiva","isPartOf":{"@id":"https:\/\/culturaneuroactiva.com\/site\/#website"},"datePublished":"2023-09-01T20:26:26+00:00","dateModified":"2025-09-01T09:35:33+00:00","breadcrumb":{"@id":"https:\/\/culturaneuroactiva.com\/site\/guia-de-personas-neurodivergentes\/#breadcrumb"},"inLanguage":"es","potentialAction":[{"@type":"ReadAction","target":["https:\/\/culturaneuroactiva.com\/site\/guia-de-personas-neurodivergentes\/"]}]},{"@type":"BreadcrumbList","@id":"https:\/\/culturaneuroactiva.com\/site\/guia-de-personas-neurodivergentes\/#breadcrumb","itemListElement":[{"@type":"ListItem","position":1,"name":"Portada","item":"https:\/\/culturaneuroactiva.com\/site\/"},{"@type":"ListItem","position":2,"name":"Gu\u00eda de Personas Neurodivergentes"}]},{"@type":"WebSite","@id":"https:\/\/culturaneuroactiva.com\/site\/#website","url":"https:\/\/culturaneuroactiva.com\/site\/","name":"Cultura Neuroactiva","description":"Gu\u00edas del Vivir Consciente","potentialAction":[{"@type":"SearchAction","target":{"@type":"EntryPoint","urlTemplate":"https:\/\/culturaneuroactiva.com\/site\/?s={search_term_string}"},"query-input":{"@type":"PropertyValueSpecification","valueRequired":true,"valueName":"search_term_string"}}],"inLanguage":"es"}]}},"_links":{"self":[{"href":"https:\/\/culturaneuroactiva.com\/site\/wp-json\/wp\/v2\/pages\/3488","targetHints":{"allow":["GET"]}}],"collection":[{"href":"https:\/\/culturaneuroactiva.com\/site\/wp-json\/wp\/v2\/pages"}],"about":[{"href":"https:\/\/culturaneuroactiva.com\/site\/wp-json\/wp\/v2\/types\/page"}],"author":[{"embeddable":true,"href":"https:\/\/culturaneuroactiva.com\/site\/wp-json\/wp\/v2\/users\/1"}],"replies":[{"embeddable":true,"href":"https:\/\/culturaneuroactiva.com\/site\/wp-json\/wp\/v2\/comments?post=3488"}],"version-history":[{"count":14,"href":"https:\/\/culturaneuroactiva.com\/site\/wp-json\/wp\/v2\/pages\/3488\/revisions"}],"predecessor-version":[{"id":3618,"href":"https:\/\/culturaneuroactiva.com\/site\/wp-json\/wp\/v2\/pages\/3488\/revisions\/3618"}],"wp:attachment":[{"href":"https:\/\/culturaneuroactiva.com\/site\/wp-json\/wp\/v2\/media?parent=3488"}],"curies":[{"name":"wp","href":"https:\/\/api.w.org\/{rel}","templated":true}]}}