{"id":3397,"date":"2023-07-04T22:26:41","date_gmt":"2023-07-04T22:26:41","guid":{"rendered":"http:\/\/culturaneuroactiva.com\/site\/?page_id=3397"},"modified":"2023-07-05T00:09:07","modified_gmt":"2023-07-05T00:09:07","slug":"mapa-del-bien","status":"publish","type":"page","link":"https:\/\/culturaneuroactiva.com\/site\/mapa-del-bien\/","title":{"rendered":"Mapa del Bien"},"content":{"rendered":"<h6><span style=\"color: #008080;\"><strong>A qu\u00e9 Corresponde el Bien<\/strong><\/span><\/h6>\n<ul>\n<li>\n<h6>El bien corresponde al\u201cprincipio de favorecimiento\u201d, que se plasma en el Dios principal, los dioses luminosos (hijos del Dios principal), los \u00e1ngeles, el Gran Esp\u00edritu, la Divina Unidad, y el ser real. El ser real representa la verdadera naturaleza de la persona, sus potenciales, talentos, gustos, su misi\u00f3n en el mundo, sus virtudes,y sus principios y valores.<\/h6>\n<\/li>\n<\/ul>\n<h6><\/h6>\n<h6><span style=\"color: #008080;\"><strong>\u00a0<\/strong><strong>Las Dos Caras del Bien<\/strong><\/span><\/h6>\n<ul>\n<li>\n<h6>Si las dos caras del mal son \u201cel miedo y la fantas\u00eda\u201d, entonces las dos caras del bien corresponden \u201cal amor y a la verdad\u201d.<\/h6>\n<\/li>\n<\/ul>\n<h6><\/h6>\n<h6><span style=\"color: #008080;\"><strong>Estrategias de Intervenci\u00f3n<\/strong><\/span><\/h6>\n<ul>\n<li>\n<h6>La estrategia del bien es mandarnos oportunidades y ayudas, a trav\u00e9s de los pensamientos y las emociones, o de la realidad y las relaciones.<\/h6>\n<\/li>\n<li>\n<h6>El bien tambi\u00e9n nos manda retos y ense\u00f1anzas, por medio de los problemas y las adversidades, los cuales corresponden a la parte positiva del \u201cprincipio de oposici\u00f3n\u201d.<\/h6>\n<\/li>\n<li>\n<h6>El bien nos pone el camino con coraz\u00f3n que nos da esperanza, concentra nuestra energ\u00eda en algo bueno y constructivo, y nos da la posibilidad de alcanzar la realizaci\u00f3n personal y la felicidad.<\/h6>\n<\/li>\n<\/ul>\n<h6><\/h6>\n<h6><span style=\"color: #008080;\"><strong>Objetivos del Bien<\/strong><\/span><\/h6>\n<ul>\n<li>\n<h6>El objetivo del bien es conducir a la persona a liberarse del mal para que la conciencia se conecte de forma permanente y estable con el ser real, hasta que pueda seguir el camino con coraz\u00f3n, realizar sus sue\u00f1os y vivir en realizaci\u00f3n personal.<\/h6>\n<\/li>\n<li>\n<h6>La raz\u00f3n de ser del bien es lo procreativo, en donde todo es un medio para llegar a un fin productivo y constructivo, que sume verdaderamente para s\u00ed mismo y para otros.<\/h6>\n<\/li>\n<li>\n<h6>El objetivo que tiene el bien cuando nos ayuda y nos manda oportunidades, es captar nuestra atenci\u00f3n y nuestro inter\u00e9s, para as\u00ed poder llegar a todos los aspectos de nuestro ser y todos los \u00e1mbitos de nuestra vida, como el \u00e1nimo, los impulsos, los pensamientos, las emociones, los deseos, las decisiones, el tiempo presente, las acciones, los h\u00e1bitos, la personalidad y la c<\/h6>\n<\/li>\n<li>\n<h6>El objetivo que tiene el bien cuando nos manda ense\u00f1anzas y pruebas de vida, es permitir que nos demos cuenta de nuestras sombras, nuestros errores, nuestros vac\u00edos, nuestras heridas y nuestras debilidades, para que las asumamos, las sanemos, las integremos, las aprendamos a manejar, y las convirtamos en virtudes y herramientas de vida.<\/h6>\n<\/li>\n<\/ul>\n<h6><\/h6>\n<h6><span style=\"color: #008080;\"><strong>Alimentos del Bien <\/strong><\/span><\/h6>\n<ul>\n<li>\n<h6>Al bien lo alimentamos con emociones positivas y estados de alta frecuencia energ\u00e9tica.<\/h6>\n<\/li>\n<li>\n<h6>Al bien lo alimentamos con pensamientos y acciones sin importancia personal.<\/h6>\n<\/li>\n<li>\n<h6>Al bien lo alimentamos poni\u00e9ndole atenci\u00f3n y cuidado a las cosas esenciales de la vida.<\/h6>\n<\/li>\n<li>\n<h6>Al bien lo alimentamos con misticismo, espiritualidad, meditaci\u00f3n, magia, crecimiento interior y superaci\u00f3n personal.<\/h6>\n<\/li>\n<li>\n<h6>Realizando todo lo que nos genere sentido y que siga el camino con coraz\u00f3n.<\/h6>\n<\/li>\n<li>\n<h6>Acerc\u00e1ndonos a lo real y alej\u00e1ndonos de la fantas\u00eda.<\/h6>\n<\/li>\n<li>\n<h6>Pasando tiempo con los seres queridos y amigos.<\/h6>\n<\/li>\n<li>\n<h6>Desarrollando nuestro potencial interno y alcanzando la realizaci\u00f3n personal.<\/h6>\n<\/li>\n<\/ul>\n<h6><\/h6>\n<h6><strong>\u00a0<\/strong><span style=\"color: #008080;\"><strong>C\u00f3mo Ayuda el Bien al Ser Humano<\/strong><\/span><\/h6>\n<ul>\n<li>\n<h6>El bien nos ayuda mand\u00e1ndonos oportunidades y aprendizajes.<\/h6>\n<\/li>\n<li>\n<h6>El bien nos ayuda sin segundas intenciones, mostrando resultados eficaces y sostenibles.<\/h6>\n<\/li>\n<li>\n<h6>Poniendo \u00e1ngeles en nuestro camino, personas que traen las soluciones en los momentos m\u00e1s urgentes, y que nos ayudan a ver nuestras sombras y heridas para que las sanemos.<\/h6>\n<\/li>\n<li>\n<h6>Mandando al mundo profetas, iluminados, sanadores y personas de bien.<\/h6>\n<\/li>\n<li>\n<h6>Poni\u00e9ndonos dones, habilidades y talentos.<\/h6>\n<\/li>\n<li>\n<h6>A trav\u00e9s de canalizaciones e intuiciones, y conect\u00e1ndonos con la actitud precisa en los momentos cruciales.<\/h6>\n<\/li>\n<li>\n<h6>Mand\u00e1ndonos informaci\u00f3n \u00fatil y herramientas de vida a trav\u00e9s de m\u00faltiples medios: pel\u00edculas, canciones, libros, cursos, talleres, documentales y<\/h6>\n<\/li>\n<li>\n<h6>Cuando ocurren cosas como: milagros, buena suerte, coincidencias, sincronicidades y se\u00f1ales.<\/h6>\n<\/li>\n<li>\n<h6>Mand\u00e1ndonos sanaci\u00f3n a trav\u00e9s de las circunstancias de la vida.<\/h6>\n<\/li>\n<li>\n<h6>Limpi\u00e1ndonos de nuestros saboteadores internos y de nuestras malas energ\u00edas.<\/h6>\n<\/li>\n<li>\n<h6>Brind\u00e1ndonos los medios para trascender las cosas que hast\u00edan.<\/h6>\n<\/li>\n<li>\n<h6><span style=\"font-weight: normal !msorm;\">Mand\u00e1ndonos grandes pruebas o lecciones de vida, que nos permiten superarnos, aprender, crecer,<\/span><span style=\"font-weight: normal !msorm;\"> sacar nuestros potenciales al mundo, y ser mejores personas. <\/span>Teni\u00e9ndonos paciencia y d\u00e1ndonos infinitas oportunidades de aprender y mejorar.<\/h6>\n<\/li>\n<li>\n<h6><span style=\"font-weight: normal !msorm;\">Poni\u00e9ndono<\/span><span style=\"font-weight: normal !msorm;\">s consecuencias negativas para nuestras malas acciones, que a su vez funcionan como escuela de aprendizaje para liberar a la persona sac\u00e1ndola de la ignorancia.<\/span><\/h6>\n<\/li>\n<\/ul>\n<h6><\/h6>\n<h6><span style=\"color: #008080;\"><strong>Qu\u00e9 Consecuencias <\/strong><strong>Genera<\/strong><strong> el Bien<\/strong><\/span><\/h6>\n<ul>\n<li>\n<h6>El bien genera frecuencias energ\u00e9ticas altas y estables.<\/h6>\n<\/li>\n<li>\n<h6>El bien genera buenos resultados, resuelve el problema y lo sostiene en el tiempo.<\/h6>\n<\/li>\n<\/ul>\n<ul>\n<li>\n<h6>El bien genera toda clase de principios y valores: sentido, estructuraci\u00f3n, orden, estabilidad, coherencia, equilibrio, armon\u00eda, belleza, amor, verdad, plenitud, templanza, impecabilidad, altruismo, servicio, tranquilidad, confianza, autocuidado, humildad, pureza, conciencia, entendimiento, paz interior, empoderamiento, ecuanimidad y madurez emocional.<\/h6>\n<\/li>\n<li>\n<h6>El bien conduce al cuidado, a la sanaci\u00f3n y a la salud.<\/h6>\n<\/li>\n<li>\n<h6>El bien conduce a la persona a la conexi\u00f3n con Dios y con todo lo relacionado a lo sagrado.<\/h6>\n<\/li>\n<li>\n<h6>El bien conduce a frenar la acci\u00f3n del mal, ense\u00f1\u00e1ndole a la persona a manejar el \u201cpensamiento perfecto\u201d hasta alcanzar la \u201cradicalidad luminosa\u201d.<\/h6>\n<\/li>\n<li>\n<h6>Los resultados del bien son muy parecidos a los hijos de padres buenos y responsables, que salen con criterio y con principios y valores.<\/h6>\n<\/li>\n<\/ul>\n<h6><\/h6>\n<h6><span style=\"color: #008080;\"><strong>Cu\u00e1l es el Premio que se Lleva el Bien <\/strong><strong>C<\/strong><strong>uando<\/strong><strong> Gana<\/strong><\/span><\/h6>\n<ul>\n<li>\n<h6>El premio mayor del bien es que la persona logre destronar al ego y posicionar su ser real en el mando de su vida, y tambi\u00e9n que logre salir de la Matrix y de los programas sociales, para que as\u00ed deje de vivir una vida ajena y llegue a la verdadera vida.<\/h6>\n<\/li>\n<li>\n<h6>El premio es lograr alinear el bien con la conciencia, para posibilitar que la persona active su libre albedr\u00edo, se libere del mal, y con esto permita que lo positivo llegue a todos los aspectos de su ser.<\/h6>\n<\/li>\n<li>\n<h6>Que la persona se salga de pertenecer a un alma colectiva y empiece a tener un alma individual.<\/h6>\n<\/li>\n<li>\n<h6>Que la persona cocree conscientemente su propia realidad.<\/h6>\n<\/li>\n<li>\n<h6>Que la persona aprenda a integrar la oscuridad, para que deje de padecer el mal como v\u00edctima y lo empiece a vivir como principios de vida, y que as\u00ed pueda identificarlo y aplicar el protocolo de manejo adecuado cuando \u00e9ste se presente.<\/h6>\n<\/li>\n<li>\n<h6>Que la persona salga del oscurantismo y del estancamiento, para que evolucione por el sistema evolutivo humano.<\/h6>\n<\/li>\n<li>\n<h6>Que la persona logre unificar su personaje de adentro con su personaje de afuera, y se convierta en la mejor versi\u00f3n de s\u00ed misma, alcanzando as\u00ed a vivir en realizaci\u00f3n personal.<\/h6>\n<\/li>\n<\/ul>\n<h6><\/h6>\n<h6><span style=\"color: #008080;\"><strong>C\u00f3mo Afrontar el Bien <\/strong><\/span><\/h6>\n<ul>\n<li>\n<h6>Activando el libre albedr\u00edo y aprendiendo a elegir, para recuperar el manejo de los impulsos, y poder capitalizar todas las ayudas y oportunidades que le manda el bien al ser real.<\/h6>\n<\/li>\n<li>\n<h6>Tomando la decisi\u00f3n de liberarnos del mal y de casarnos con el bien, de forma radical y permanente.<\/h6>\n<\/li>\n<li>\n<h6>Siguiendo el camino con coraz\u00f3n y viviendo con impecabilidad.<\/h6>\n<\/li>\n<li>\n<h6>Aprendiendo a manejar la fuerza de la muerte y la fuerza del s<\/h6>\n<\/li>\n<li>\n<h6>No dej\u00e1ndonos enga\u00f1ar por las tentaciones del camino ancho, que conduce a la complacencia de las satisfacciones del ego, y al matrimonio con la oscuridad y sus posteriores efectos negativos, o en otras palabras, siguiendo el camino angosto que corresponde a la impecabilidad y al manejo de los impulsos, con la fe viva que al final conduce a la realizaci\u00f3n personal y a la felicidad.<\/h6>\n<\/li>\n<li>\n<h6>Alcanzando la ecuanimidad y la madurez emocional, para vivir con un \u00e1nimo positivo y alto, que no dependa de las circunstancias.<\/h6>\n<\/li>\n<li>\n<h6>Practicando el arte del vivir consciente, el cual nos ofrece el mapa del mal con las t\u00e9cnicas para no dejarnos intimidar ni enga\u00f1ar de la oscuridad, y tambi\u00e9n nos ofrece el mapa del bien, que nos permite identificar al ser real en medio de m\u00faltiples impulsos ajenos, y nos muestra c\u00f3mo alcanzar la realizaci\u00f3n personal.<\/h6>\n<\/li>\n<\/ul>\n<h6><\/h6>\n<h6><span style=\"color: #008080;\"><strong>Perjuicios del Bien Cuando se Malinterpreta<\/strong><\/span><\/h6>\n<ul>\n<li>\n<h6>Estar en el bien de forma desequilibrada y doctrinaria, o ser extremista en cualquier campo, conduce a perder el punto de referencia de lo correcto, y a terminar haciendo cosas negativas en nombre del bien, as\u00ed como ocurri\u00f3 en la inquisici\u00f3n en donde se hac\u00eda el mal en nombre de Dios.<\/h6>\n<\/li>\n<li>\n<h6>Hacer el bien sin criterio puede conducir al da\u00f1o, como ocurre en la par\u00e1bola del mico bondadoso: este mico ayudaba a todos los animales de la selva, y un d\u00eda cuando se estaba comiendo un banano, tir\u00f3 la cascara a un lago, y se dio cuenta que un animal se estaba ahogando, entonces se tir\u00f3 al lago y sac\u00f3 al animal del agua, sin percatarse que era un pescado.<\/h6>\n<\/li>\n<li>\n<h6>Estar siempre en el bien puede conducir a una especie de orgullo espiritual, o a perder de referencia el polo opuesto.<\/h6>\n<\/li>\n<li>\n<h6>Hay que estar muy atentos para que el bien no se convierta en una doctrina que genere divisi\u00f3n, o que no se convierta en una excusa para juzgar o condenar.<\/h6>\n<\/li>\n<li>\n<h6>Hay que estar muy atentos cuando el mal se disfraza de bien, pero s\u00f3lo como carnada para hacernos caer en su trampa, engancharnos,manipularnos y alimentarse de nuestra energ\u00eda.<\/h6>\n<\/li>\n<\/ul>\n<h6><\/h6>\n<h6><span style=\"color: #008080;\">culturaneuroactiva@gmail.com<\/span><\/h6>\n<h6><span style=\"color: #008080;\">www.culturaneuroactiva.com<\/span><\/h6>\n","protected":false},"excerpt":{"rendered":"<p>A qu\u00e9 Corresponde el Bien El bien corresponde al\u201cprincipio de favorecimiento\u201d, que se plasma en el Dios principal, los dioses<\/p>\n","protected":false},"author":1,"featured_media":0,"parent":0,"menu_order":0,"comment_status":"closed","ping_status":"closed","template":"","meta":{"colormag_page_layout":"no_sidebar_content_centered","footnotes":""},"class_list":["post-3397","page","type-page","status-publish","hentry"],"yoast_head":"<!-- This site is optimized with the Yoast SEO plugin v25.6 - https:\/\/yoast.com\/wordpress\/plugins\/seo\/ -->\n<title>Mapa del Bien - Cultura Neuroactiva<\/title>\n<meta name=\"robots\" content=\"index, follow, max-snippet:-1, max-image-preview:large, max-video-preview:-1\" \/>\n<link rel=\"canonical\" href=\"https:\/\/culturaneuroactiva.com\/site\/mapa-del-bien\/\" \/>\n<meta property=\"og:locale\" content=\"es_ES\" \/>\n<meta property=\"og:type\" content=\"article\" \/>\n<meta property=\"og:title\" content=\"Mapa del Bien - Cultura Neuroactiva\" \/>\n<meta property=\"og:description\" content=\"A qu\u00e9 Corresponde el Bien El bien corresponde al\u201cprincipio de favorecimiento\u201d, que se plasma en el Dios principal, los dioses\" \/>\n<meta property=\"og:url\" content=\"https:\/\/culturaneuroactiva.com\/site\/mapa-del-bien\/\" \/>\n<meta property=\"og:site_name\" content=\"Cultura Neuroactiva\" \/>\n<meta property=\"article:publisher\" content=\"https:\/\/www.facebook.com\/cultura.neuroactiva\" \/>\n<meta property=\"article:modified_time\" content=\"2023-07-05T00:09:07+00:00\" \/>\n<meta name=\"twitter:card\" content=\"summary_large_image\" \/>\n<meta name=\"twitter:label1\" content=\"Tiempo de lectura\" \/>\n\t<meta name=\"twitter:data1\" content=\"7 minutos\" \/>\n<script type=\"application\/ld+json\" class=\"yoast-schema-graph\">{\"@context\":\"https:\/\/schema.org\",\"@graph\":[{\"@type\":\"WebPage\",\"@id\":\"https:\/\/culturaneuroactiva.com\/site\/mapa-del-bien\/\",\"url\":\"https:\/\/culturaneuroactiva.com\/site\/mapa-del-bien\/\",\"name\":\"Mapa del Bien - Cultura Neuroactiva\",\"isPartOf\":{\"@id\":\"https:\/\/culturaneuroactiva.com\/site\/#website\"},\"datePublished\":\"2023-07-04T22:26:41+00:00\",\"dateModified\":\"2023-07-05T00:09:07+00:00\",\"breadcrumb\":{\"@id\":\"https:\/\/culturaneuroactiva.com\/site\/mapa-del-bien\/#breadcrumb\"},\"inLanguage\":\"es\",\"potentialAction\":[{\"@type\":\"ReadAction\",\"target\":[\"https:\/\/culturaneuroactiva.com\/site\/mapa-del-bien\/\"]}]},{\"@type\":\"BreadcrumbList\",\"@id\":\"https:\/\/culturaneuroactiva.com\/site\/mapa-del-bien\/#breadcrumb\",\"itemListElement\":[{\"@type\":\"ListItem\",\"position\":1,\"name\":\"Portada\",\"item\":\"https:\/\/culturaneuroactiva.com\/site\/\"},{\"@type\":\"ListItem\",\"position\":2,\"name\":\"Mapa del Bien\"}]},{\"@type\":\"WebSite\",\"@id\":\"https:\/\/culturaneuroactiva.com\/site\/#website\",\"url\":\"https:\/\/culturaneuroactiva.com\/site\/\",\"name\":\"Cultura Neuroactiva\",\"description\":\"Gu\u00edas del Vivir Consciente\",\"potentialAction\":[{\"@type\":\"SearchAction\",\"target\":{\"@type\":\"EntryPoint\",\"urlTemplate\":\"https:\/\/culturaneuroactiva.com\/site\/?s={search_term_string}\"},\"query-input\":{\"@type\":\"PropertyValueSpecification\",\"valueRequired\":true,\"valueName\":\"search_term_string\"}}],\"inLanguage\":\"es\"}]}<\/script>\n<!-- \/ Yoast SEO plugin. -->","yoast_head_json":{"title":"Mapa del Bien - Cultura Neuroactiva","robots":{"index":"index","follow":"follow","max-snippet":"max-snippet:-1","max-image-preview":"max-image-preview:large","max-video-preview":"max-video-preview:-1"},"canonical":"https:\/\/culturaneuroactiva.com\/site\/mapa-del-bien\/","og_locale":"es_ES","og_type":"article","og_title":"Mapa del Bien - Cultura Neuroactiva","og_description":"A qu\u00e9 Corresponde el Bien El bien corresponde al\u201cprincipio de favorecimiento\u201d, que se plasma en el Dios principal, los dioses","og_url":"https:\/\/culturaneuroactiva.com\/site\/mapa-del-bien\/","og_site_name":"Cultura Neuroactiva","article_publisher":"https:\/\/www.facebook.com\/cultura.neuroactiva","article_modified_time":"2023-07-05T00:09:07+00:00","twitter_card":"summary_large_image","twitter_misc":{"Tiempo de lectura":"7 minutos"},"schema":{"@context":"https:\/\/schema.org","@graph":[{"@type":"WebPage","@id":"https:\/\/culturaneuroactiva.com\/site\/mapa-del-bien\/","url":"https:\/\/culturaneuroactiva.com\/site\/mapa-del-bien\/","name":"Mapa del Bien - Cultura Neuroactiva","isPartOf":{"@id":"https:\/\/culturaneuroactiva.com\/site\/#website"},"datePublished":"2023-07-04T22:26:41+00:00","dateModified":"2023-07-05T00:09:07+00:00","breadcrumb":{"@id":"https:\/\/culturaneuroactiva.com\/site\/mapa-del-bien\/#breadcrumb"},"inLanguage":"es","potentialAction":[{"@type":"ReadAction","target":["https:\/\/culturaneuroactiva.com\/site\/mapa-del-bien\/"]}]},{"@type":"BreadcrumbList","@id":"https:\/\/culturaneuroactiva.com\/site\/mapa-del-bien\/#breadcrumb","itemListElement":[{"@type":"ListItem","position":1,"name":"Portada","item":"https:\/\/culturaneuroactiva.com\/site\/"},{"@type":"ListItem","position":2,"name":"Mapa del Bien"}]},{"@type":"WebSite","@id":"https:\/\/culturaneuroactiva.com\/site\/#website","url":"https:\/\/culturaneuroactiva.com\/site\/","name":"Cultura Neuroactiva","description":"Gu\u00edas del Vivir Consciente","potentialAction":[{"@type":"SearchAction","target":{"@type":"EntryPoint","urlTemplate":"https:\/\/culturaneuroactiva.com\/site\/?s={search_term_string}"},"query-input":{"@type":"PropertyValueSpecification","valueRequired":true,"valueName":"search_term_string"}}],"inLanguage":"es"}]}},"_links":{"self":[{"href":"https:\/\/culturaneuroactiva.com\/site\/wp-json\/wp\/v2\/pages\/3397","targetHints":{"allow":["GET"]}}],"collection":[{"href":"https:\/\/culturaneuroactiva.com\/site\/wp-json\/wp\/v2\/pages"}],"about":[{"href":"https:\/\/culturaneuroactiva.com\/site\/wp-json\/wp\/v2\/types\/page"}],"author":[{"embeddable":true,"href":"https:\/\/culturaneuroactiva.com\/site\/wp-json\/wp\/v2\/users\/1"}],"replies":[{"embeddable":true,"href":"https:\/\/culturaneuroactiva.com\/site\/wp-json\/wp\/v2\/comments?post=3397"}],"version-history":[{"count":4,"href":"https:\/\/culturaneuroactiva.com\/site\/wp-json\/wp\/v2\/pages\/3397\/revisions"}],"predecessor-version":[{"id":3419,"href":"https:\/\/culturaneuroactiva.com\/site\/wp-json\/wp\/v2\/pages\/3397\/revisions\/3419"}],"wp:attachment":[{"href":"https:\/\/culturaneuroactiva.com\/site\/wp-json\/wp\/v2\/media?parent=3397"}],"curies":[{"name":"wp","href":"https:\/\/api.w.org\/{rel}","templated":true}]}}