{"id":3394,"date":"2023-07-04T22:16:59","date_gmt":"2023-07-04T22:16:59","guid":{"rendered":"http:\/\/culturaneuroactiva.com\/site\/?page_id=3394"},"modified":"2023-07-05T00:04:15","modified_gmt":"2023-07-05T00:04:15","slug":"diferencias-entre-el-bien-y-el-mal","status":"publish","type":"page","link":"https:\/\/culturaneuroactiva.com\/site\/diferencias-entre-el-bien-y-el-mal\/","title":{"rendered":"Diferencias Entre el Bien y el Mal"},"content":{"rendered":"<h5><span style=\"color: #008080;\">Para nuestra cultura la diferencia entre bien y mal o entre positivo y negativo, est\u00e1 fundamentada en los 10 mandamientos, por eso son la base de la \u00e9tica y la moral, pero este modelo de comportamiento se queda corto en su papel de \u201cinstrucciones de la vida\u201d para guiar a una persona en medio de las complejidades del mundo actual, o sea que el bien y el mal si existen pero a\u00fan no los sabemos diferenciar.\u00a0<\/span><\/h5>\n<h6><\/h6>\n<h6>Hay que tener mucho cuidado con que estos mapas del bien y del mal no generen m\u00e1s divisi\u00f3n, clasificando a las personas o las acciones como buenas o malas, en realidad lo importante de estos mapas es que nos muestran la maldad que llevamos dentro, y nos dan la posibilidad de liberarnos de \u00e9sta, para que el bien reine en nuestras vidas y podamos tener una mente sana y una vida plena.<\/h6>\n<h6><\/h6>\n<h6>Mucho se ha hablado sobre la pregunta, \u00bfEl ser humano es bueno o malo por naturaleza?, seg\u00fan mis investigaciones el ser humano es bueno por naturaleza, y cuando hace el mal, no lo hace por maldad sino por desconocimiento, por los defectos personales,\u00a0por \u201cposesi\u00f3n perfecta\u201d del Usurpador, y principalmente por no saber cu\u00e1l es el punto de referencia para poder vivir de forma sana y sostenible.<\/h6>\n<h6><\/h6>\n<h6>Con respecto al bien y el mal, nunca ha existido un consenso en la historia de la humanidad, por eso para algunas culturas un acto es bueno y para otras es malo, o lo que es bueno en una \u00e9poca es malo en otra \u00e9poca, o algo que es bueno al principio y luego se convierte en malo, o viceversa, de ah\u00ed que surjan dos preguntas interesantes sobre este tema: \u00bfEs posible unificar en el mundo entero los criterios sobre el bien y el mal?, y \u00bfCu\u00e1les son las diferencias entre el bien y el mal?<\/h6>\n<h6><\/h6>\n<h6>La siguiente es una lista de las principales diferencias entre el bien y el mal, enfocada en los aspectos m\u00e1s profundos de este tema:<\/h6>\n<ul>\n<li>\n<h6><span style=\"color: #008080;\"><strong>A Qui\u00e9n Beneficia.<\/strong><\/span> El bien busca beneficiar al ser real, por eso su raz\u00f3n de ser es lo procreativo, o sea, seguir el camino con coraz\u00f3n que conduce a la realizaci\u00f3n personal, siempre es un medio para llegar a un fin productivo, que sume para s\u00ed mismo y para otros, en cambio el mal busca beneficiar al ego o importancia persona, por eso su raz\u00f3n de ser es la satisfacci\u00f3n pura, lo masturbatorio, lo que tiene el placer como fin, es el instinto del placer sin ning\u00fan l\u00edmite ni criterio.<\/h6>\n<\/li>\n<li>\n<h6><span style=\"color: #008080;\"><strong>Intensi\u00f3n.<\/strong><\/span> El bien siempre procura el bienestar, sumar, sanar, unir. El mal siempre hace el da\u00f1o consciente o inconscientemente, a corto, mediano o largo plazo, por eso es que resta, divide, confunde y desestructura.<\/h6>\n<\/li>\n<li>\n<h6><strong><span style=\"color: #008080;\">Objetivos.<\/span><\/strong> El objetivo del bien es acercarnos a lo real y alejarnos de la fantas\u00eda, y tambi\u00e9n es liberarnos del mal, para que activemos nuestro libre albedr\u00edo y recuperemos la soberan\u00eda del ser real, hasta que logremos desarrollar nuestros potenciales y alcanzar la realizaci\u00f3n personal. El objetivo del mal es alimentarse de nuestra energ\u00eda, utilizando el miedo para ello, tambi\u00e9n es alejarnos de la realidad y acercarnos a la fantas\u00eda para hacernos vulnerables, y por \u00faltimo satisfacer al ego y manipular los impulsos, para poder controlar nuestra mente y emociones, hasta convertirnos en esclavos.<\/h6>\n<\/li>\n<li>\n<h6><span style=\"color: #008080;\"><strong>Ego\u00edsmo.<\/strong> <\/span>El bien piensa en el otro y en el autocuidado. El mal s\u00f3lo piensa en la satisfacci\u00f3n personal, sin importarle nadie m\u00e1s, y cuando finge que el otro le importa lo hace s\u00f3lo por inter\u00e9s.<\/h6>\n<\/li>\n<li>\n<h6><span style=\"color: #008080;\"><strong>Frecuencia Energ\u00e9tica.<\/strong><\/span> El bien genera frecuencias energ\u00e9ticas altas y estables, y el mal genera frecuencias energ\u00e9ticas bajas e inestables. La luz corresponde a todos los equivalentes de las altas frecuencias: pureza, impecabilidad, humildad, tranquilidad, conciencia, empoderamiento, madurez emocional, soledad luminosa y felicidad. La oscuridad corresponde a todos los equivalentes de las bajas frecuencias: mentira, caos, confusi\u00f3n, enfermedad, miedo, emociones desbordadas, apegos, ansiedades, inseguridad.<\/h6>\n<\/li>\n<li>\n<h6><strong><span style=\"color: #008080;\">Efectos.<\/span><\/strong> El bien siembra causas buenas para cosechar efectos positivos y duraderos, a esto los orientales lo llaman dharma. El mal siembra causas defectuosas, malintencionadas, masturbatorias o ego\u00edstas, y por lo tanto cosecha efectos negativos, cabe aclarar que cuando cosecha efectos positivos son s\u00f3lo una ilusi\u00f3n, ya que duran poco y finalmente llegan los efectos negativos, esto es lo que se conoce como karma, pero en realidad no es un castigo sino una escuela que ense\u00f1a aquello que no se ha podido integrar o sanar. Cuando una persona hace el mal, no sabe el aprendizaje que le est\u00e1 proporcionando al otro a trav\u00e9s de ese da\u00f1o f\u00edsico, psicol\u00f3gico o emocional, y tampoco sabe el mal que se est\u00e1 haciendo a s\u00ed misma con el da\u00f1o que le hace al otro, o sea que donde los malos supieran esto, ser\u00edan buenos aunque sea por conveniencia. Esto significa que hacer el mal o ser un agresor, es una ecuaci\u00f3n que s\u00f3lo se termina, cuando la persona pase por la misma ecuaci\u00f3n pero en condici\u00f3n de v\u00edctima, con el objetivo que aprenda aquello que no sabe.<\/h6>\n<\/li>\n<li>\n<h6><strong><span style=\"color: #008080;\">Instintos.<\/span><\/strong> El bien busca que la persona tenga control de los impulsos y active su libre albedr\u00edo, en cambio el mal busca s\u00f3lo la complacencia de los instintos b\u00e1sicos, puro principio del placer desbocado y sin ninguna clase de criterio o censura.<\/h6>\n<\/li>\n<li>\n<h6><strong><span style=\"color: #008080;\">Resultados.<\/span><\/strong> El bien es asociado a la verdad y el mal es asociado a la mentira, la verdad resuelve el problema y lo sostiene en el tiempo, y la mentira promete pero no cumple o cumple pero no sostiene, como dice Jes\u00fas: por sus frutos lo conocer\u00e9is. El bien se parece a la verdad y a la coherencia, que se representa en el cerebro como una l\u00ednea recta entre la pregunta y la respuesta, en cambio el mal se parece a la mentira, que a nivel cerebral hace todo un laberinto de recorrido entre la pregunta y la respuesta, ya que debe tener en cuenta numerosas variables.<\/h6>\n<\/li>\n<li>\n<h6><strong><span style=\"color: #008080;\">Libertad.<\/span><\/strong> El bien aclara, unifica, libera y empodera. El mal confunde, divide, aprisiona y esclaviza, o sea que el mal se pone la libertad como bandera, pero s\u00f3lo es un enga\u00f1o para normalizar el libertinaje.<\/h6>\n<\/li>\n<li>\n<h6><strong><span style=\"color: #008080;\">Transparencia.<\/span><\/strong> El bien es directo y nunca tiene segundas intenciones, el mal distrae y siempre tiene segundas intenciones.<\/h6>\n<\/li>\n<li>\n<h6><strong><span style=\"color: #008080;\">Sentido.<\/span><\/strong> El Bien organiza, aclara y da sentido, y el mal desorganiza, confunde y genera desesperaci\u00f3n.<\/h6>\n<\/li>\n<li>\n<h6><strong><span style=\"color: #008080;\">Coherencia.<\/span><\/strong> El bien es coherente y est\u00e1 alineado en el pensar, decir, sentir y hacer. El mal lleva a que la persona responda s\u00f3lo a sus bajos instintos y prop\u00f3sitos, sin importarle que piense una cosa, diga otra cosa, sienta otra cosa y haga otra cosa.<\/h6>\n<\/li>\n<li>\n<h6><span style=\"color: #008080;\"><strong>Medios de Acci\u00f3n.<\/strong> <\/span>Las dos armas principales del bien son el amor y la verdad, y las dos armas principales del mal son el miedo y la fantas\u00eda.<\/h6>\n<\/li>\n<li>\n<h6><span style=\"color: #008080;\"><strong>Quien es Su Gu\u00eda<\/strong>.<\/span> El bien es guiado por la vida y por Dios, y el mal es guiado por el Usurpador, por el ego o importancia personal, y por el sistema o la Matrix.<\/h6>\n<\/li>\n<li>\n<h6><strong><span style=\"color: #008080;\">Medios de Enganche.<\/span><\/strong> Algunos objetivos del bien son los mismos que los objetivos del mal, o sea, dirigir nuestra atenci\u00f3n, impulsos y decisiones, s\u00f3lo que lo hacen implementando estrategias diferentes: el bien lo hace a trav\u00e9s de oportunidades y ayudas, y el mal lo hace a trav\u00e9s de pruebas y tentaciones.<\/h6>\n<\/li>\n<li>\n<h6><span style=\"color: #008080;\"><strong>Precio o Pagamento.<\/strong><\/span> El bien puede ser lo m\u00e1s costoso del mundo ya que es dif\u00edcil y t\u00e9cnico, y requiere de disciplina, constancia, valoraci\u00f3n y cuidado, por eso guarda relaci\u00f3n con \u201cel camino angosto\u201d que se vuelve ancho al final, y solamente deja de ser costoso en la medida del amor, la diversi\u00f3n y el aprendizaje. El mal puede ser lo m\u00e1s f\u00e1cil o regalado ya que la carnada es gratis, lo \u00fanico que les interesa es enganchar a la persona para poderle sacar provecho o hacerle da\u00f1o, s\u00f3lo requiere que \u00e9sta sea sobornable y que tenga precio, para tenderle la trampa y atraparla como mosca en telara\u00f1a, por eso corresponde \u201cal camino ancho\u201d que conduce finalmente al abismo.<\/h6>\n<\/li>\n<li>\n<h6><span style=\"color: #008080;\"><strong>Conexi\u00f3n con la Fuente.<\/strong> <\/span>El bien est\u00e1 conectado con Dios o el Esp\u00edritu, ya sea de forma consciente o inconsciente. El mal sufre de alejamiento de dios, de hecho filos\u00f3ficamente se define como una privaci\u00f3n, es la ausencia de luz o la ausencia de Dios, y por eso crea la ilusi\u00f3n de la importancia personal basada en la separaci\u00f3n, el control y el poder, ya que como no tiene temor de Dios, entonces no le cree a ninguna ley y s\u00f3lo obedece a lo que le dicten sus instintos b\u00e1sicos.<\/h6>\n<\/li>\n<li>\n<h6><strong><span style=\"color: #008080;\">Salud.<\/span> <\/strong>El bien conduce hacia la sanaci\u00f3n, la salud y el autocuidado, y elmal conduce hacia los excesos, la enfermedad y el descuido.<\/h6>\n<\/li>\n<li>\n<h6><strong><span style=\"color: #008080;\">Pureza.<\/span> <\/strong>El bien representa la pureza y el mal representa lo contaminado, por eso mientras m\u00e1s puro m\u00e1s bueno se es, y mientras menos puro m\u00e1s malo se es. La pureza consiste en no tener el sistema dentro de uno, y por lo tanto estar libre de sus t\u00f3xicos y enfermedades.<\/h6>\n<\/li>\n<li>\n<h6><strong><span style=\"color: #008080;\">Impecabilidad.<\/span><\/strong> El bien est\u00e1 fundamentado en el manejo responsable y \u00f3ptimo de la energ\u00eda, buscando conseguirla, ahorrarla y gastarla estrat\u00e9gicamente en las cosas esenciales de la vida, en cambio elmal est\u00e1 fundamentado en el p\u00e9simo manejo de la energ\u00eda, ya que toda est\u00e1 al servicio del ego o importancia personal, que es lo que m\u00e1s energ\u00eda consume, por eso cuando la persona se libera de \u00e9sta adquiere \u201cpoder personal\u201d, que se convierte en magnetismo, capaz de atraer lo que la persona necesita por el camino del no esfuerzo, lo cual en la cultura Tolteca se conoce como \u201cel arte del no hacer\u201d.<\/h6>\n<\/li>\n<li>\n<h6><strong><span style=\"color: #008080;\">Humildad.<\/span><\/strong> El bien se caracteriza por la humildad y la sobriedad, y el mal se caracteriza por la soberbia y la opulencia.<\/h6>\n<\/li>\n<li>\n<h6><span style=\"color: #008080;\"><strong>Paz y Tranquilidad.<\/strong> <\/span>El bien conduce a \u201cdormir tranquilo\u201d sin remordimientos ni culpas, y otorga esa paz interior que no tiene precio, en cambio el mal conduce finalmente a enredos, a conflictos, y a vivir estresado, ya que siempre tiene cuentas pendientes y deudas f\u00edsicas o energ\u00e9ticas.<\/h6>\n<\/li>\n<li>\n<h6><span style=\"color: #008080;\"><strong>Matrimonio Existencial.<\/strong><\/span> Cuando la persona se casa con el bien, \u00e9ste responde d\u00e1ndole inspiraci\u00f3n y dones, en cambio cuando se casa con el mal, lo que \u00e9ste hace es controlarla y vampirizarla, as\u00ed tenga la apariencia de que todo va bien.<\/h6>\n<\/li>\n<\/ul>\n<h6><\/h6>\n<h6><span style=\"color: #008080;\">culturaneuroactiva@gmail.com<\/span><\/h6>\n<h6><span style=\"color: #008080;\">www.culturaneuroactiva.com<\/span><\/h6>\n","protected":false},"excerpt":{"rendered":"<p>Para nuestra cultura la diferencia entre bien y mal o entre positivo y negativo, est\u00e1 fundamentada en los 10 mandamientos,<\/p>\n","protected":false},"author":1,"featured_media":0,"parent":0,"menu_order":0,"comment_status":"closed","ping_status":"closed","template":"","meta":{"colormag_page_layout":"no_sidebar_content_centered","footnotes":""},"class_list":["post-3394","page","type-page","status-publish","hentry"],"yoast_head":"<!-- This site is optimized with the Yoast SEO plugin v25.6 - https:\/\/yoast.com\/wordpress\/plugins\/seo\/ -->\n<title>Diferencias Entre el Bien y el Mal - Cultura Neuroactiva<\/title>\n<meta name=\"robots\" content=\"index, follow, max-snippet:-1, max-image-preview:large, max-video-preview:-1\" \/>\n<link rel=\"canonical\" href=\"https:\/\/culturaneuroactiva.com\/site\/diferencias-entre-el-bien-y-el-mal\/\" \/>\n<meta property=\"og:locale\" content=\"es_ES\" \/>\n<meta property=\"og:type\" content=\"article\" \/>\n<meta property=\"og:title\" content=\"Diferencias Entre el Bien y el Mal - Cultura Neuroactiva\" \/>\n<meta property=\"og:description\" content=\"Para nuestra cultura la diferencia entre bien y mal o entre positivo y negativo, est\u00e1 fundamentada en los 10 mandamientos,\" \/>\n<meta property=\"og:url\" content=\"https:\/\/culturaneuroactiva.com\/site\/diferencias-entre-el-bien-y-el-mal\/\" \/>\n<meta property=\"og:site_name\" content=\"Cultura Neuroactiva\" \/>\n<meta property=\"article:publisher\" content=\"https:\/\/www.facebook.com\/cultura.neuroactiva\" \/>\n<meta property=\"article:modified_time\" content=\"2023-07-05T00:04:15+00:00\" \/>\n<meta name=\"twitter:card\" content=\"summary_large_image\" \/>\n<meta name=\"twitter:label1\" content=\"Tiempo de lectura\" \/>\n\t<meta name=\"twitter:data1\" content=\"8 minutos\" \/>\n<script type=\"application\/ld+json\" class=\"yoast-schema-graph\">{\"@context\":\"https:\/\/schema.org\",\"@graph\":[{\"@type\":\"WebPage\",\"@id\":\"https:\/\/culturaneuroactiva.com\/site\/diferencias-entre-el-bien-y-el-mal\/\",\"url\":\"https:\/\/culturaneuroactiva.com\/site\/diferencias-entre-el-bien-y-el-mal\/\",\"name\":\"Diferencias Entre el Bien y el Mal - Cultura Neuroactiva\",\"isPartOf\":{\"@id\":\"https:\/\/culturaneuroactiva.com\/site\/#website\"},\"datePublished\":\"2023-07-04T22:16:59+00:00\",\"dateModified\":\"2023-07-05T00:04:15+00:00\",\"breadcrumb\":{\"@id\":\"https:\/\/culturaneuroactiva.com\/site\/diferencias-entre-el-bien-y-el-mal\/#breadcrumb\"},\"inLanguage\":\"es\",\"potentialAction\":[{\"@type\":\"ReadAction\",\"target\":[\"https:\/\/culturaneuroactiva.com\/site\/diferencias-entre-el-bien-y-el-mal\/\"]}]},{\"@type\":\"BreadcrumbList\",\"@id\":\"https:\/\/culturaneuroactiva.com\/site\/diferencias-entre-el-bien-y-el-mal\/#breadcrumb\",\"itemListElement\":[{\"@type\":\"ListItem\",\"position\":1,\"name\":\"Portada\",\"item\":\"https:\/\/culturaneuroactiva.com\/site\/\"},{\"@type\":\"ListItem\",\"position\":2,\"name\":\"Diferencias Entre el Bien y el Mal\"}]},{\"@type\":\"WebSite\",\"@id\":\"https:\/\/culturaneuroactiva.com\/site\/#website\",\"url\":\"https:\/\/culturaneuroactiva.com\/site\/\",\"name\":\"Cultura Neuroactiva\",\"description\":\"Gu\u00edas del Vivir Consciente\",\"potentialAction\":[{\"@type\":\"SearchAction\",\"target\":{\"@type\":\"EntryPoint\",\"urlTemplate\":\"https:\/\/culturaneuroactiva.com\/site\/?s={search_term_string}\"},\"query-input\":{\"@type\":\"PropertyValueSpecification\",\"valueRequired\":true,\"valueName\":\"search_term_string\"}}],\"inLanguage\":\"es\"}]}<\/script>\n<!-- \/ Yoast SEO plugin. -->","yoast_head_json":{"title":"Diferencias Entre el Bien y el Mal - Cultura Neuroactiva","robots":{"index":"index","follow":"follow","max-snippet":"max-snippet:-1","max-image-preview":"max-image-preview:large","max-video-preview":"max-video-preview:-1"},"canonical":"https:\/\/culturaneuroactiva.com\/site\/diferencias-entre-el-bien-y-el-mal\/","og_locale":"es_ES","og_type":"article","og_title":"Diferencias Entre el Bien y el Mal - Cultura Neuroactiva","og_description":"Para nuestra cultura la diferencia entre bien y mal o entre positivo y negativo, est\u00e1 fundamentada en los 10 mandamientos,","og_url":"https:\/\/culturaneuroactiva.com\/site\/diferencias-entre-el-bien-y-el-mal\/","og_site_name":"Cultura Neuroactiva","article_publisher":"https:\/\/www.facebook.com\/cultura.neuroactiva","article_modified_time":"2023-07-05T00:04:15+00:00","twitter_card":"summary_large_image","twitter_misc":{"Tiempo de lectura":"8 minutos"},"schema":{"@context":"https:\/\/schema.org","@graph":[{"@type":"WebPage","@id":"https:\/\/culturaneuroactiva.com\/site\/diferencias-entre-el-bien-y-el-mal\/","url":"https:\/\/culturaneuroactiva.com\/site\/diferencias-entre-el-bien-y-el-mal\/","name":"Diferencias Entre el Bien y el Mal - Cultura Neuroactiva","isPartOf":{"@id":"https:\/\/culturaneuroactiva.com\/site\/#website"},"datePublished":"2023-07-04T22:16:59+00:00","dateModified":"2023-07-05T00:04:15+00:00","breadcrumb":{"@id":"https:\/\/culturaneuroactiva.com\/site\/diferencias-entre-el-bien-y-el-mal\/#breadcrumb"},"inLanguage":"es","potentialAction":[{"@type":"ReadAction","target":["https:\/\/culturaneuroactiva.com\/site\/diferencias-entre-el-bien-y-el-mal\/"]}]},{"@type":"BreadcrumbList","@id":"https:\/\/culturaneuroactiva.com\/site\/diferencias-entre-el-bien-y-el-mal\/#breadcrumb","itemListElement":[{"@type":"ListItem","position":1,"name":"Portada","item":"https:\/\/culturaneuroactiva.com\/site\/"},{"@type":"ListItem","position":2,"name":"Diferencias Entre el Bien y el Mal"}]},{"@type":"WebSite","@id":"https:\/\/culturaneuroactiva.com\/site\/#website","url":"https:\/\/culturaneuroactiva.com\/site\/","name":"Cultura Neuroactiva","description":"Gu\u00edas del Vivir Consciente","potentialAction":[{"@type":"SearchAction","target":{"@type":"EntryPoint","urlTemplate":"https:\/\/culturaneuroactiva.com\/site\/?s={search_term_string}"},"query-input":{"@type":"PropertyValueSpecification","valueRequired":true,"valueName":"search_term_string"}}],"inLanguage":"es"}]}},"_links":{"self":[{"href":"https:\/\/culturaneuroactiva.com\/site\/wp-json\/wp\/v2\/pages\/3394","targetHints":{"allow":["GET"]}}],"collection":[{"href":"https:\/\/culturaneuroactiva.com\/site\/wp-json\/wp\/v2\/pages"}],"about":[{"href":"https:\/\/culturaneuroactiva.com\/site\/wp-json\/wp\/v2\/types\/page"}],"author":[{"embeddable":true,"href":"https:\/\/culturaneuroactiva.com\/site\/wp-json\/wp\/v2\/users\/1"}],"replies":[{"embeddable":true,"href":"https:\/\/culturaneuroactiva.com\/site\/wp-json\/wp\/v2\/comments?post=3394"}],"version-history":[{"count":4,"href":"https:\/\/culturaneuroactiva.com\/site\/wp-json\/wp\/v2\/pages\/3394\/revisions"}],"predecessor-version":[{"id":3416,"href":"https:\/\/culturaneuroactiva.com\/site\/wp-json\/wp\/v2\/pages\/3394\/revisions\/3416"}],"wp:attachment":[{"href":"https:\/\/culturaneuroactiva.com\/site\/wp-json\/wp\/v2\/media?parent=3394"}],"curies":[{"name":"wp","href":"https:\/\/api.w.org\/{rel}","templated":true}]}}