{"id":3392,"date":"2023-07-04T22:01:56","date_gmt":"2023-07-04T22:01:56","guid":{"rendered":"http:\/\/culturaneuroactiva.com\/site\/?page_id=3392"},"modified":"2023-07-05T00:27:04","modified_gmt":"2023-07-05T00:27:04","slug":"origen-del-bien-y-el-mal","status":"publish","type":"page","link":"https:\/\/culturaneuroactiva.com\/site\/origen-del-bien-y-el-mal\/","title":{"rendered":"Origen del Bien y el Mal"},"content":{"rendered":"<h5><span style=\"color: #008080;\">El bien va mucho m\u00e1s all\u00e1 de unas virtudes y valores, y el mal va mucho m\u00e1s all\u00e1 de un simple defecto o patolog\u00eda, ya que los dos tienen su origen en las profundidades del inconsciente y del cosmos, es por esto que para hablar de sus or\u00edgenes nos tenemos que remitir al argumento c\u00f3smico, el cual tiene muchas versiones, la versi\u00f3n que les voy a presentar es un rompecabezas que he armado, compuesto por an\u00e1lisis personales y otras piezas retomadas de diversas teor\u00edas, principalmente de la cosmovisi\u00f3n tolteca, el gnosticismo y las teor\u00edas de conspiraci\u00f3n.<\/span><\/h5>\n<h6><\/h6>\n<h6>El argumento c\u00f3smico inicia con la existencia de un Dios principal creador del universo en todos sus planos, este Dios principal tiene unos hijos, por lo que le adjudic\u00f3 a cada uno de ellos una parte del universo, el cual est\u00e1 dividido en una especie de parcelaciones, en las que cada hijo construy\u00f3 un mundo espec\u00edfico con una civilizaci\u00f3n que lo gobierna.<\/h6>\n<h6><\/h6>\n<h6>Este universo dividido en parcelaciones, tambi\u00e9n cuenta con unas carreteras que las comunican entre s\u00ed, las cuales se conocen como la zona de libre albedr\u00edo, en donde tambi\u00e9n se construyeron otros mundos como experimentos para unir a todas las civilizaciones, all\u00ed en esta zona es donde se encuentra nuestro planeta Tierra.<\/h6>\n<h6><\/h6>\n<h6>Resulta que en uno de los mundos construidos por alguno de los hijos del Dios principal, ocurri\u00f3 una cat\u00e1strofe en su civilizaci\u00f3n, ya que se pusieron a hacer experimentos gen\u00e9ticos para tratar de eliminar el instinto criminal de su especie, y como las cosas les salieron mal, entonces fueron condenados con su extinci\u00f3n, cort\u00e1ndoles la provisi\u00f3n vital de energ\u00eda desde la misma fuente.<\/h6>\n<h6><\/h6>\n<h6>La forma como respondieron ante su exterminio inminente, fue reunir sus sabios para buscar la manera de no morir, y encontraron que la \u00fanica posibilidad que ten\u00edan para ello, era desplazarse a los mundos de la zona de libre albedr\u00edo para alimentarse de la energ\u00eda de aquellas civilizaciones, y de esta manera prolongar sus vidas, as\u00ed fue que se convirtieron en personajes malignos o demonios. Parece que ya realizaron este plan con \u00e9xito, y que la Tierra es el \u00faltimo mundo de la zona de libre albedr\u00edo, antes de continuar consumiendo las civilizaciones de los mundos existentes en las diversas parcelaciones de los hijos del Dios principal, esto hizo reunir a todos los dioses luminosos para crear un plan con el objetivo de detener a esta civilizaci\u00f3n oscura, antes que empiece a acabar con sus jurisdicciones privadas.<\/h6>\n<h6><\/h6>\n<h6>Los demonios o extraterrestres oscuros est\u00e1n fortalecidos, ya que vienen de devorar todos los mundos en la zona del libre albedr\u00edo, y los \u00e1ngeles o dioses luminosos vienen con toda a defender sus mundos, y tienen toda la sabidur\u00eda y el respaldo del Dios principal. Esta confrontaci\u00f3n entre \u00e1ngeles y demonios es lo que conocemos popularmente como el Apocalipsis, lo que corresponde a la gran batalla de los dioses, y el escenario es justamente la Tierra y el coraz\u00f3n de cada ser humano, o sea que en t\u00e9rminos pr\u00e1cticos, los demonios corresponden a todos nuestros defectos, antivalores, patolog\u00edas, pecados, bloqueos y adicciones, y los \u00e1ngeles corresponden a todas nuestras virtudes, valores, buenas intenciones y potenciales luminosos.<\/h6>\n<h6><\/h6>\n<h6>A los demonios o extraterrestres oscuros, desde este enfoque los llamo \u201cel Usurpador\u201d, ya que de todas las caracter\u00edsticas que los definen, la m\u00e1s protag\u00f3nica es que son maestros del enga\u00f1o, que se especializan en usurpar la identidad de los dioses luminosos y hasta de cada ser humano, con el objetivo de alejarnos de lo real y acercarnos a lo irreal adentro y afuera, para as\u00ed hacernos vulnerable y podernos controlar. Estos seres son entidades interdimensionales, por eso son invisibles a nuestros ojos, ya que viven y act\u00faan desde el plano astral, pero sus efectos son m\u00e1s que evidentes en todos nuestros pensamientos y emociones de baja frecuencia.<\/h6>\n<h6><\/h6>\n<h6>Es importante tener en cuenta los diversos nombres con el que se conoce al Usurpador desde las diferentes cosmovisiones: para la religi\u00f3n cat\u00f3lica corresponde al mal, al demonio, al pecado, y se manifiesta en todos los antivalores del ser humano y en los actos y pensamientos de maldad, para la Psicolog\u00eda corresponde a las patolog\u00edas mentales, los traumas y los complejos, para las teor\u00edas de conspiraci\u00f3n corresponde los Grises, los Dracos y los Reptoides, y para el gnosticismo corresponde a los Arcontes, los Egregos y al Demiurgo, y as\u00ed mismo hay muchos otros autores que lo investigan y lo mencionan.<\/h6>\n<h6><\/h6>\n<h6>M\u00faltiples cosmovisiones afirman que el Usurpador est\u00e1 presente en nuestro planeta Tierra desde los inicios de la civilizaci\u00f3n humana, de hecho, ellos son el enemigo en com\u00fan que tiene la humanidad, ya que para cumplir sus objetivos trazaron una inteligente estrategia de guerra que les ha funcionado a la perfecci\u00f3n hasta la actualidad, esta estrategia consiste en tres puntos b\u00e1sicos:<\/h6>\n<ol>\n<li>\n<h6>Nos ocultaron las instrucciones de la vida, y nos metieron en un oscurantismo en donde no nos dejan ver las cosas m\u00e1s importantes de la vida, y a cambio nos pusieron un sistema de creencias irracionales (inconsciente colectivo) que se centra en todos los aspectos t\u00f3xicos y oxidantes, basados en el miedo, el ego\u00edsmo, la supervivencia, la fantas\u00eda, y el placer como medio para acceder a la felicidad.<\/h6>\n<\/li>\n<li>\n<h6>Adentro en nuestro interior, nos alejaron de nuestro ser real o yo verdadero, y a cambio nos pusieron el ego o falso yo, por medio de una t\u00e9cnica que en la cultura Tolteca llaman la \u201cinstalaci\u00f3n for\u00e1nea\u201d, la cual consiste en que bloquearon nuestro proyector de pensamientos y a cambio nos pusieron su proyector de pensamientos, para que se proyectaran en la pantalla de nuestra mente, y que as\u00ed asumi\u00e9ramos sus pensamientos como si fueran propios, o sea que como se lo dijo don Juan Matus a Carlos Castaneda: \u201cellos nos dieron su mente\u201d, una mente t\u00f3xica y aberrante, por eso es que los toltecas consideran al ego o importancia personal como su principal enemigo, ya que es lo que m\u00e1s energ\u00eda consume, es lo que sabotea nuestros buenos prop\u00f3sitos, y es lo que m\u00e1s nos hace sufrir, a tal punto que quien es capaz de vencerse a s\u00ed mismo y destronar a su ego, es porque recorre el camino del guerrero impecable y se convierte en h\u00e9roe.<\/h6>\n<\/li>\n<li>\n<h6>Afuera en el mundo exterior, nos alejaron del mundo real, y a cambio nos pusieron el sistema o Matrix, la cual es una realidad aumentada que corresponde al \u201csistema del viejo paradigma\u201d, y todo para crear un mecanismo permanente en el tiempo, que les permita alimentarse de la energ\u00eda de la humanidad entera sin que \u00e9sta se d\u00e9 cuenta. Por eso es que los orientales consideran que todo es Maya, una ilusi\u00f3n que empieza desde que abrimos los ojos.<\/h6>\n<\/li>\n<\/ol>\n<h6><\/h6>\n<h6>Toda la estrategia de guerra del Usurpador descrita anteriormente, es con el objetivo de realizar sus dos objetivos b\u00e1sicos: el primero es utilizar el miedo para generarnos pensamientos y emociones de baja frecuencia, como la tristeza, el enojo y la frustraci\u00f3n, con el objetivo de alimentarse de nuestra energ\u00eda, y el segundo es utilizar las tentaciones del placer y la fantas\u00eda, que conducen a las adicciones y al ego\u00edsmo, con el objetivo de convertirnos en sus esclavos controlando nuestra mente y nuestros impulsos, para que hagamos sus intereses a costa de nuestro da\u00f1o, del da\u00f1o de los dem\u00e1s y del da\u00f1o del planeta.<\/h6>\n<h6><\/h6>\n<h6>De esta forma fue que el ser humano se convirti\u00f3 en un prisionero y en un esclavo, que vive al servicio del Usurpador y que cumple sus \u00f3rdenes al pie de la letra. Esto quiere decir que en realidad no somos la especie dominante del planeta, sino el Usurpador, que nos controla y nos tiene como marionetas, nosotros s\u00f3lo hemos sido como un guante, pero la mano invisible que mueve las cosas y ha determinado nuestra historia, son los extraterrestres oscuros como especie invasora, por eso es que todo nuestro pasado ha estado te\u00f1ido de guerras, violencia, ambici\u00f3n y depredaci\u00f3n de la naturaleza, por eso es que no hemos sido unos buenos administradores del planeta, estoy seguro que donde la especie humana hubiera estado libre del dominio y de la influencia del mal, la historia ser\u00eda diferente, m\u00e1s justa, arm\u00f3nica y equilibrada.<\/h6>\n<h6><\/h6>\n<h6>Lo que el Usurpador hace con la especie humana se parece a lo que sucede en la naturaleza con los hongos Cordyceps, que invaden a cientos de especies de animales peque\u00f1os y de insectos, como por ejemplo las hormigas, en las que crecen desde adentro y les controlan su mente hasta que las matan, inclusive, estos hongos afectan a los instintos de la presa haciendo que se dirija justo a su predador, lo que favorece al mismo ciclo del hongo, logrando infectar a otras especies y hasta arrasar con hormigueros enteros.<\/h6>\n<h6><\/h6>\n<h6>As\u00ed como lo hacen los Cordyceps con las hormigas, el Usurpador hace lo mismo con la especie humana, y nos siembra larvas energ\u00e9ticas o entidades parasitarias, como por ejemplo defectos, adicciones y emociones de baja frecuencia, las cuales se van comiendo a cada persona hasta que nos logran robar la voluntad, el alma y la vida. Esto es el origen de todas las patolog\u00edas y antivalores, tanto en el individuo como en la sociedad, lo que tambi\u00e9n nos tiene actualmente pasando por las crisis y riesgos que amenazan a la humanidad y al planeta.<\/h6>\n<h6><\/h6>\n<h6>O sea que el Usurpador no s\u00f3lo afecta la psique, las emociones, los impulsos, las decisiones y el comportamiento de las personas, sino que tambi\u00e9n nos utiliza para realizar sus objetivos, convirti\u00e9ndonos en unos zombis o en idiotas \u00fatiles que controla a su antojo. Conozco el caso de pacientes que en sus meditaciones o visiones internas, han descrito que el mal les muestra c\u00f3mo se mete en la mente de las personas, y los hace pelear, beber, consumir drogas, ser promiscuos e infieles, deprimirse, ser violentos, sentir p\u00e1nico, y hasta que se suiciden.<\/h6>\n<h6><\/h6>\n<h6>Si esto ya es terrible, la lista ser\u00eda infinita si seguimos con todas las patolog\u00edas que hemos normalizado, o sea que debido a la hipnosis colectiva que vivimos, los siguientes aspectos, pese a que no sean sanos ya se ven como normales: trabajar en lo que no nos gusta, tener una pareja a la que no amamos, pasar demasiado tiempo en las redes sociales, tener mal genio a todas horas, vivir preocupados o con estr\u00e9s, no tener principios ni valores, vivir alejados de Dios, ser materialistas, ego\u00edstas, consumistas, vivir al servicio del ego, vivir obsesionados con la libertad de sentir placer sin l\u00edmites, y estar centrados en las cosas no esenciales de la vida.<\/h6>\n<h6><\/h6>\n<h6>La causa de las diversas crisis que vivimos como humanidad, de la infinidad de cat\u00e1strofes naturales que est\u00e1n ocurriendo, y de que el sistema actual est\u00e9 a punto de colapsar, es nuestro sistema de pensamiento basado en el ego y el poder, lo cual necesita cambiarse por un sistema de pensamiento nuevo, basado en el vivir consciente y en la libertad del Usurpador.<\/h6>\n<h6><\/h6>\n<h6>La manera m\u00e1s sint\u00e9tica de ver el juego de la vida, es que Dios o el Gran Esp\u00edritu Padre Madre, le manda a cada persona todo lo que necesita para que tenga una vida ideal, sana, estructurada y sostenible, pero lo que sucede, es que para llegar a esta vida ideal, primero tenemos que superar o trascender la acci\u00f3n del mal. La ecuaci\u00f3n es simple, cada aspecto ideal viene en forma de potencial o de sue\u00f1o por realizar, sue\u00f1o que casi nunca se cumple, porque el sue\u00f1o propio y sano es reemplazado por un h\u00e1bito ajeno y t\u00f3xico, que al \u00fanico que beneficia es al Usurpador, y de esta forma es que toda la atenci\u00f3n, la energ\u00eda, el impulso y la acci\u00f3n, son robados y redireccionandos, para darle vida a defectos y adicciones que alimentan los instintos b\u00e1sicos de forma desbocada, y dejan a la persona en un c\u00edrculo vicioso descendente compuesto por sobrevivir y pasar bueno (pan y circo), hasta que finalmente la persona es devorada por sus propios demonios de forma psicol\u00f3gica, emocional, energ\u00e9tica y f\u00edsica.<\/h6>\n<h6><\/h6>\n<h6>La buena noticia es que tambi\u00e9n existe la opci\u00f3n de vivir consciente, para lo cual primero hay que liberarse del mal y luego hay que casarse con el bien, con el objetivo de aprender a tener un buen gobierno del ser, y as\u00ed darle un buen uso a todas las posibilidades, y de esta forma poder reemplazar cada antivalor, bloqueo, defecto o adicci\u00f3n, por cada uno de los sue\u00f1os e ideales que se ten\u00edan frustrados, hasta lograr hacer la transici\u00f3n completa de persona normal a guerrer@ impecable, para poder vivir en plenitud y convertirse en la mejor versi\u00f3n de s\u00ed mism@.<\/h6>\n<h6><\/h6>\n<h6>El Usurpador nos quiere hacer creer que es invencible y que es m\u00e1s grande y poderoso que Dios, pero sencillamente no puede ser m\u00e1s grande que Dios, ya que s\u00f3lo es una parte de la totalidad, es Dios quien lo permite, por todo el sentido que tiene dentro del equilibrio perfecto. En realidad el Usurpador s\u00f3lo es la forma que toman los ciclos oscuros de la experiencia, pero es para darnos una mayor conciencia, y que de esta manera la luz salga en nosotros m\u00e1s renovada y fortalecida.<\/h6>\n<h6><\/h6>\n<h6>Para ver al Usurpador por encima del bien y del mal, hay que entender que \u00e9ste tiene una doble funci\u00f3n, por un lado es nuestro mayor enemigo, y por el otro lado es nuestro mayor maestro, o sea que en realidad los demonios son maestros oscuros, que nos est\u00e1n ayudando a sanar de patolog\u00edas y h\u00e1bitos negativos que nos est\u00e1n matando, por eso los demonios son mandados por Dios, porque la \u00fanica manera de sanarnos de un mal enquistado es mand\u00e1ndonos un mal mayor, como \u00faltima oportunidad de que no nos matemos con nuestros propios defectos, lo cual es una operaci\u00f3n muy dolorosa pero altamente efectiva.<\/h6>\n<h6><\/h6>\n<h6>Finalmente, es importante aclarar que la guerra de los Dioses que sucede en estos momentos, y que tiene a la humanidad como escenario, por el momento la va ganando el mal, con su estrategia de quitarnos las instrucciones de la vida, y ponernos la instalaci\u00f3n for\u00e1nea, el ego y la Matrix, pero existe una \u00faltima oportunidad de que gane el bien, con la estrategia que tienen los dioses luminosos de poner en el mundo nuevamente las instrucciones de la vida, visibilizar al ego para liberarnos de \u00e9l, y visibilizar la Matrix para salirnos de ella. Si ganan los demonios o extraterrestres oscuros este mundo se destruye, pero si ganan los \u00e1ngeles o dioses luminosos se salva nuestra especie y el planeta entero, ya que la humanidad se liberar\u00eda del mal y retornar\u00eda a la conciencia, al equilibrio, a la armon\u00eda, a la sostenibilidad y al buen gobierno.<\/h6>\n<h6><\/h6>\n<h6>Por supuesto que \u00e9sta versi\u00f3n del argumento c\u00f3smico y del apocalipsis, es s\u00f3lo una de tantas que pueden existir, mi inter\u00e9s no es que sea la m\u00e1s cierta o la m\u00e1s completa, ya que lo que verdaderamente importa es que nos muestre una panor\u00e1mica general, que nos permita extraer las herramientas pr\u00e1cticas para poder resolver los problemas que nos aquejan a nivel individual y colectivo, y as\u00ed encaminarnos de forma clara hacia modos de vida saludables y hacia la cultura del vivir consciente.<\/h6>\n<p>&nbsp;<\/p>\n<h6><span style=\"color: #008080;\">culturaneuroactiva@gmail.com<\/span><\/h6>\n<h6><span style=\"color: #008080;\">www.culturaneuroactiva.com<\/span><\/h6>\n","protected":false},"excerpt":{"rendered":"<p>El bien va mucho m\u00e1s all\u00e1 de unas virtudes y valores, y el mal va mucho m\u00e1s all\u00e1 de un<\/p>\n","protected":false},"author":1,"featured_media":0,"parent":0,"menu_order":0,"comment_status":"closed","ping_status":"closed","template":"","meta":{"colormag_page_layout":"no_sidebar_content_centered","footnotes":""},"class_list":["post-3392","page","type-page","status-publish","hentry"],"yoast_head":"<!-- This site is optimized with the Yoast SEO plugin v25.6 - https:\/\/yoast.com\/wordpress\/plugins\/seo\/ -->\n<title>Origen del Bien y el Mal - Cultura Neuroactiva<\/title>\n<meta name=\"robots\" content=\"index, follow, max-snippet:-1, max-image-preview:large, max-video-preview:-1\" \/>\n<link rel=\"canonical\" href=\"https:\/\/culturaneuroactiva.com\/site\/origen-del-bien-y-el-mal\/\" \/>\n<meta property=\"og:locale\" content=\"es_ES\" \/>\n<meta property=\"og:type\" content=\"article\" \/>\n<meta property=\"og:title\" content=\"Origen del Bien y el Mal - Cultura Neuroactiva\" \/>\n<meta property=\"og:description\" content=\"El bien va mucho m\u00e1s all\u00e1 de unas virtudes y valores, y el mal va mucho m\u00e1s all\u00e1 de un\" \/>\n<meta property=\"og:url\" content=\"https:\/\/culturaneuroactiva.com\/site\/origen-del-bien-y-el-mal\/\" \/>\n<meta property=\"og:site_name\" content=\"Cultura Neuroactiva\" \/>\n<meta property=\"article:publisher\" content=\"https:\/\/www.facebook.com\/cultura.neuroactiva\" \/>\n<meta property=\"article:modified_time\" content=\"2023-07-05T00:27:04+00:00\" \/>\n<meta name=\"twitter:card\" content=\"summary_large_image\" \/>\n<meta name=\"twitter:label1\" content=\"Tiempo de lectura\" \/>\n\t<meta name=\"twitter:data1\" content=\"12 minutos\" \/>\n<script type=\"application\/ld+json\" class=\"yoast-schema-graph\">{\"@context\":\"https:\/\/schema.org\",\"@graph\":[{\"@type\":\"WebPage\",\"@id\":\"https:\/\/culturaneuroactiva.com\/site\/origen-del-bien-y-el-mal\/\",\"url\":\"https:\/\/culturaneuroactiva.com\/site\/origen-del-bien-y-el-mal\/\",\"name\":\"Origen del Bien y el Mal - Cultura Neuroactiva\",\"isPartOf\":{\"@id\":\"https:\/\/culturaneuroactiva.com\/site\/#website\"},\"datePublished\":\"2023-07-04T22:01:56+00:00\",\"dateModified\":\"2023-07-05T00:27:04+00:00\",\"breadcrumb\":{\"@id\":\"https:\/\/culturaneuroactiva.com\/site\/origen-del-bien-y-el-mal\/#breadcrumb\"},\"inLanguage\":\"es\",\"potentialAction\":[{\"@type\":\"ReadAction\",\"target\":[\"https:\/\/culturaneuroactiva.com\/site\/origen-del-bien-y-el-mal\/\"]}]},{\"@type\":\"BreadcrumbList\",\"@id\":\"https:\/\/culturaneuroactiva.com\/site\/origen-del-bien-y-el-mal\/#breadcrumb\",\"itemListElement\":[{\"@type\":\"ListItem\",\"position\":1,\"name\":\"Portada\",\"item\":\"https:\/\/culturaneuroactiva.com\/site\/\"},{\"@type\":\"ListItem\",\"position\":2,\"name\":\"Origen del Bien y el Mal\"}]},{\"@type\":\"WebSite\",\"@id\":\"https:\/\/culturaneuroactiva.com\/site\/#website\",\"url\":\"https:\/\/culturaneuroactiva.com\/site\/\",\"name\":\"Cultura Neuroactiva\",\"description\":\"Gu\u00edas del Vivir Consciente\",\"potentialAction\":[{\"@type\":\"SearchAction\",\"target\":{\"@type\":\"EntryPoint\",\"urlTemplate\":\"https:\/\/culturaneuroactiva.com\/site\/?s={search_term_string}\"},\"query-input\":{\"@type\":\"PropertyValueSpecification\",\"valueRequired\":true,\"valueName\":\"search_term_string\"}}],\"inLanguage\":\"es\"}]}<\/script>\n<!-- \/ Yoast SEO plugin. -->","yoast_head_json":{"title":"Origen del Bien y el Mal - Cultura Neuroactiva","robots":{"index":"index","follow":"follow","max-snippet":"max-snippet:-1","max-image-preview":"max-image-preview:large","max-video-preview":"max-video-preview:-1"},"canonical":"https:\/\/culturaneuroactiva.com\/site\/origen-del-bien-y-el-mal\/","og_locale":"es_ES","og_type":"article","og_title":"Origen del Bien y el Mal - Cultura Neuroactiva","og_description":"El bien va mucho m\u00e1s all\u00e1 de unas virtudes y valores, y el mal va mucho m\u00e1s all\u00e1 de un","og_url":"https:\/\/culturaneuroactiva.com\/site\/origen-del-bien-y-el-mal\/","og_site_name":"Cultura Neuroactiva","article_publisher":"https:\/\/www.facebook.com\/cultura.neuroactiva","article_modified_time":"2023-07-05T00:27:04+00:00","twitter_card":"summary_large_image","twitter_misc":{"Tiempo de lectura":"12 minutos"},"schema":{"@context":"https:\/\/schema.org","@graph":[{"@type":"WebPage","@id":"https:\/\/culturaneuroactiva.com\/site\/origen-del-bien-y-el-mal\/","url":"https:\/\/culturaneuroactiva.com\/site\/origen-del-bien-y-el-mal\/","name":"Origen del Bien y el Mal - Cultura Neuroactiva","isPartOf":{"@id":"https:\/\/culturaneuroactiva.com\/site\/#website"},"datePublished":"2023-07-04T22:01:56+00:00","dateModified":"2023-07-05T00:27:04+00:00","breadcrumb":{"@id":"https:\/\/culturaneuroactiva.com\/site\/origen-del-bien-y-el-mal\/#breadcrumb"},"inLanguage":"es","potentialAction":[{"@type":"ReadAction","target":["https:\/\/culturaneuroactiva.com\/site\/origen-del-bien-y-el-mal\/"]}]},{"@type":"BreadcrumbList","@id":"https:\/\/culturaneuroactiva.com\/site\/origen-del-bien-y-el-mal\/#breadcrumb","itemListElement":[{"@type":"ListItem","position":1,"name":"Portada","item":"https:\/\/culturaneuroactiva.com\/site\/"},{"@type":"ListItem","position":2,"name":"Origen del Bien y el Mal"}]},{"@type":"WebSite","@id":"https:\/\/culturaneuroactiva.com\/site\/#website","url":"https:\/\/culturaneuroactiva.com\/site\/","name":"Cultura Neuroactiva","description":"Gu\u00edas del Vivir Consciente","potentialAction":[{"@type":"SearchAction","target":{"@type":"EntryPoint","urlTemplate":"https:\/\/culturaneuroactiva.com\/site\/?s={search_term_string}"},"query-input":{"@type":"PropertyValueSpecification","valueRequired":true,"valueName":"search_term_string"}}],"inLanguage":"es"}]}},"_links":{"self":[{"href":"https:\/\/culturaneuroactiva.com\/site\/wp-json\/wp\/v2\/pages\/3392","targetHints":{"allow":["GET"]}}],"collection":[{"href":"https:\/\/culturaneuroactiva.com\/site\/wp-json\/wp\/v2\/pages"}],"about":[{"href":"https:\/\/culturaneuroactiva.com\/site\/wp-json\/wp\/v2\/types\/page"}],"author":[{"embeddable":true,"href":"https:\/\/culturaneuroactiva.com\/site\/wp-json\/wp\/v2\/users\/1"}],"replies":[{"embeddable":true,"href":"https:\/\/culturaneuroactiva.com\/site\/wp-json\/wp\/v2\/comments?post=3392"}],"version-history":[{"count":3,"href":"https:\/\/culturaneuroactiva.com\/site\/wp-json\/wp\/v2\/pages\/3392\/revisions"}],"predecessor-version":[{"id":3428,"href":"https:\/\/culturaneuroactiva.com\/site\/wp-json\/wp\/v2\/pages\/3392\/revisions\/3428"}],"wp:attachment":[{"href":"https:\/\/culturaneuroactiva.com\/site\/wp-json\/wp\/v2\/media?parent=3392"}],"curies":[{"name":"wp","href":"https:\/\/api.w.org\/{rel}","templated":true}]}}