{"id":3266,"date":"2022-02-12T00:34:07","date_gmt":"2022-02-12T00:34:07","guid":{"rendered":"http:\/\/culturaneuroactiva.com\/site\/?page_id=3266"},"modified":"2025-03-15T21:36:48","modified_gmt":"2025-03-15T21:36:48","slug":"kit-antivirus","status":"publish","type":"page","link":"https:\/\/culturaneuroactiva.com\/site\/kit-antivirus\/","title":{"rendered":"Kit Antivirus"},"content":{"rendered":"<p><a href=\"http:\/\/culturaneuroactiva.com\/site\/wp-content\/uploads\/2022\/02\/Kit-Antivirus-e1644631240838.jpg\"><img loading=\"lazy\" decoding=\"async\" class=\" wp-image-3272 aligncenter\" src=\"http:\/\/culturaneuroactiva.com\/site\/wp-content\/uploads\/2022\/02\/Kit-Antivirus-e1644631240838-300x292.jpg\" alt=\"\" width=\"473\" height=\"460\" srcset=\"https:\/\/culturaneuroactiva.com\/site\/wp-content\/uploads\/2022\/02\/Kit-Antivirus-e1644631240838-300x292.jpg 300w, https:\/\/culturaneuroactiva.com\/site\/wp-content\/uploads\/2022\/02\/Kit-Antivirus-e1644631240838-768x748.jpg 768w, https:\/\/culturaneuroactiva.com\/site\/wp-content\/uploads\/2022\/02\/Kit-Antivirus-e1644631240838.jpg 815w\" sizes=\"auto, (max-width: 473px) 100vw, 473px\" \/><\/a><\/p>\n<h5><span style=\"color: #008080;\">No olvide tener en su botiqu\u00edn de primeros Auxilios el \u00abKit Antivirus\u00bb compuesto por Azul Frio y Rap\u00e9 Mentol, ya que su acci\u00f3n conjunta previene y combate de la manera m\u00e1s eficaz las enfermedades respiratorias y todos los s\u00edntomas de la gripa.<\/span><\/h5>\n<h6>Cuando sienta molestias en la garganta y las v\u00edas respiratorias, como dolores, carraspera, irritaci\u00f3n, dolor para tragar, congesti\u00f3n, e inclusive fiebre y debilidad, puede disminuir e inclusive eliminar todos estos s\u00edntomas con el correcto uso del \u00abKit Antivirus\u00bb.<\/h6>\n<h6>El Azul Fr\u00edo se usa echando 2 splash en la palma de las manos, fr\u00f3telas y aspire profundo. De esta forma el aroma le puede durar 5 minutos aproximadamente. Si quiere que le dure m\u00e1s, eche 5 splash en un pa\u00f1uelo, pomito o disco de algod\u00f3n, enr\u00f3llelo y apri\u00e9telo para distribuir bien el l\u00edquido, d\u00e9jelo secar antes de usarlo, p\u00f3ngalo sobre sus labios y aspire profundo por la boca. Si es para la Rinitis, puede enrollar el pomito de algod\u00f3n y meterlo directamente en el orificio nasal tapado. Sobre la tela o el algod\u00f3n el aroma le puede durar de 2 a 5 horas depende del uso, cuando se le vaya el aroma rec\u00e1rguelo nuevamente. Tenga cuidado de no tocarse los p\u00e1rpados ni los labios luego de usar Azul Fr\u00edo. Recuerde leer las precauciones en los <a href=\"http:\/\/culturaneuroactiva.com\/site\/modos-de-uso\/\" target=\"_blank\" rel=\"noopener\">Modos de Uso<\/a>.<\/h6>\n<h6>El Rap\u00e9 Mentol se usa aspirando una peque\u00f1a dosis (coger con la punta de los dedos o utilizando un aplicador o pitillo) cada vez que se sientan molestias o s\u00edntomas de la gripa. Luego de dos o tres minutos, es aconsejable sonarse para expulsar la flema y abrir las v\u00edas respiratorias, sentir\u00e1 un alivio inmediato. Repita este procedimiento cada hora hasta que los s\u00edntomas desaparezcan.<\/h6>\n<h6><\/h6>\n<p>&nbsp;<\/p>\n<h5><span style=\"color: #008080;\"><strong>COMPRAR<\/strong><\/span><\/h5>\n<ul>\n<li>\n<h6>Realiza el pedido llamando al WhatsApp +57 3127994357 o escribiendo al correo\u00a0<a href=\"mailto:culturaneuroactiva@gmail.com\">culturaneuroactiva@gmail.com<\/a><\/h6>\n<\/li>\n<li>\n<h6>Para m\u00e1s informaci\u00f3n comun\u00edquese al celular +57 3127994357.<\/h6>\n<\/li>\n<\/ul>\n","protected":false},"excerpt":{"rendered":"<p>No olvide tener en su botiqu\u00edn de primeros Auxilios el \u00abKit Antivirus\u00bb compuesto por Azul Frio y Rap\u00e9 Mentol, ya<\/p>\n","protected":false},"author":1,"featured_media":0,"parent":0,"menu_order":0,"comment_status":"closed","ping_status":"closed","template":"","meta":{"colormag_page_layout":"no_sidebar_content_centered","footnotes":""},"class_list":["post-3266","page","type-page","status-publish","hentry"],"yoast_head":"<!-- This site is optimized with the Yoast SEO plugin v25.6 - https:\/\/yoast.com\/wordpress\/plugins\/seo\/ -->\n<title>Kit Antivirus - Cultura Neuroactiva<\/title>\n<meta name=\"robots\" content=\"index, follow, max-snippet:-1, max-image-preview:large, max-video-preview:-1\" \/>\n<link rel=\"canonical\" href=\"https:\/\/culturaneuroactiva.com\/site\/kit-antivirus\/\" \/>\n<meta property=\"og:locale\" content=\"es_ES\" \/>\n<meta property=\"og:type\" content=\"article\" \/>\n<meta property=\"og:title\" content=\"Kit Antivirus - Cultura Neuroactiva\" \/>\n<meta property=\"og:description\" content=\"No olvide tener en su botiqu\u00edn de primeros Auxilios el \u00abKit Antivirus\u00bb compuesto por Azul Frio y Rap\u00e9 Mentol, ya\" \/>\n<meta property=\"og:url\" content=\"https:\/\/culturaneuroactiva.com\/site\/kit-antivirus\/\" \/>\n<meta property=\"og:site_name\" content=\"Cultura Neuroactiva\" \/>\n<meta property=\"article:publisher\" content=\"https:\/\/www.facebook.com\/cultura.neuroactiva\" \/>\n<meta property=\"article:modified_time\" content=\"2025-03-15T21:36:48+00:00\" \/>\n<meta property=\"og:image\" content=\"http:\/\/culturaneuroactiva.com\/site\/wp-content\/uploads\/2022\/02\/Kit-Antivirus-e1644631240838-300x292.jpg\" \/>\n<meta name=\"twitter:card\" content=\"summary_large_image\" \/>\n<meta name=\"twitter:label1\" content=\"Tiempo de lectura\" \/>\n\t<meta name=\"twitter:data1\" content=\"2 minutos\" \/>\n<script type=\"application\/ld+json\" class=\"yoast-schema-graph\">{\"@context\":\"https:\/\/schema.org\",\"@graph\":[{\"@type\":\"WebPage\",\"@id\":\"https:\/\/culturaneuroactiva.com\/site\/kit-antivirus\/\",\"url\":\"https:\/\/culturaneuroactiva.com\/site\/kit-antivirus\/\",\"name\":\"Kit Antivirus - Cultura Neuroactiva\",\"isPartOf\":{\"@id\":\"https:\/\/culturaneuroactiva.com\/site\/#website\"},\"primaryImageOfPage\":{\"@id\":\"https:\/\/culturaneuroactiva.com\/site\/kit-antivirus\/#primaryimage\"},\"image\":{\"@id\":\"https:\/\/culturaneuroactiva.com\/site\/kit-antivirus\/#primaryimage\"},\"thumbnailUrl\":\"http:\/\/culturaneuroactiva.com\/site\/wp-content\/uploads\/2022\/02\/Kit-Antivirus-e1644631240838-300x292.jpg\",\"datePublished\":\"2022-02-12T00:34:07+00:00\",\"dateModified\":\"2025-03-15T21:36:48+00:00\",\"breadcrumb\":{\"@id\":\"https:\/\/culturaneuroactiva.com\/site\/kit-antivirus\/#breadcrumb\"},\"inLanguage\":\"es\",\"potentialAction\":[{\"@type\":\"ReadAction\",\"target\":[\"https:\/\/culturaneuroactiva.com\/site\/kit-antivirus\/\"]}]},{\"@type\":\"ImageObject\",\"inLanguage\":\"es\",\"@id\":\"https:\/\/culturaneuroactiva.com\/site\/kit-antivirus\/#primaryimage\",\"url\":\"http:\/\/culturaneuroactiva.com\/site\/wp-content\/uploads\/2022\/02\/Kit-Antivirus-e1644631240838-300x292.jpg\",\"contentUrl\":\"http:\/\/culturaneuroactiva.com\/site\/wp-content\/uploads\/2022\/02\/Kit-Antivirus-e1644631240838-300x292.jpg\"},{\"@type\":\"BreadcrumbList\",\"@id\":\"https:\/\/culturaneuroactiva.com\/site\/kit-antivirus\/#breadcrumb\",\"itemListElement\":[{\"@type\":\"ListItem\",\"position\":1,\"name\":\"Portada\",\"item\":\"https:\/\/culturaneuroactiva.com\/site\/\"},{\"@type\":\"ListItem\",\"position\":2,\"name\":\"Kit Antivirus\"}]},{\"@type\":\"WebSite\",\"@id\":\"https:\/\/culturaneuroactiva.com\/site\/#website\",\"url\":\"https:\/\/culturaneuroactiva.com\/site\/\",\"name\":\"Cultura Neuroactiva\",\"description\":\"Gu\u00edas del Vivir Consciente\",\"potentialAction\":[{\"@type\":\"SearchAction\",\"target\":{\"@type\":\"EntryPoint\",\"urlTemplate\":\"https:\/\/culturaneuroactiva.com\/site\/?s={search_term_string}\"},\"query-input\":{\"@type\":\"PropertyValueSpecification\",\"valueRequired\":true,\"valueName\":\"search_term_string\"}}],\"inLanguage\":\"es\"}]}<\/script>\n<!-- \/ Yoast SEO plugin. -->","yoast_head_json":{"title":"Kit Antivirus - Cultura Neuroactiva","robots":{"index":"index","follow":"follow","max-snippet":"max-snippet:-1","max-image-preview":"max-image-preview:large","max-video-preview":"max-video-preview:-1"},"canonical":"https:\/\/culturaneuroactiva.com\/site\/kit-antivirus\/","og_locale":"es_ES","og_type":"article","og_title":"Kit Antivirus - Cultura Neuroactiva","og_description":"No olvide tener en su botiqu\u00edn de primeros Auxilios el \u00abKit Antivirus\u00bb compuesto por Azul Frio y Rap\u00e9 Mentol, ya","og_url":"https:\/\/culturaneuroactiva.com\/site\/kit-antivirus\/","og_site_name":"Cultura Neuroactiva","article_publisher":"https:\/\/www.facebook.com\/cultura.neuroactiva","article_modified_time":"2025-03-15T21:36:48+00:00","og_image":[{"url":"http:\/\/culturaneuroactiva.com\/site\/wp-content\/uploads\/2022\/02\/Kit-Antivirus-e1644631240838-300x292.jpg","type":"","width":"","height":""}],"twitter_card":"summary_large_image","twitter_misc":{"Tiempo de lectura":"2 minutos"},"schema":{"@context":"https:\/\/schema.org","@graph":[{"@type":"WebPage","@id":"https:\/\/culturaneuroactiva.com\/site\/kit-antivirus\/","url":"https:\/\/culturaneuroactiva.com\/site\/kit-antivirus\/","name":"Kit Antivirus - Cultura Neuroactiva","isPartOf":{"@id":"https:\/\/culturaneuroactiva.com\/site\/#website"},"primaryImageOfPage":{"@id":"https:\/\/culturaneuroactiva.com\/site\/kit-antivirus\/#primaryimage"},"image":{"@id":"https:\/\/culturaneuroactiva.com\/site\/kit-antivirus\/#primaryimage"},"thumbnailUrl":"http:\/\/culturaneuroactiva.com\/site\/wp-content\/uploads\/2022\/02\/Kit-Antivirus-e1644631240838-300x292.jpg","datePublished":"2022-02-12T00:34:07+00:00","dateModified":"2025-03-15T21:36:48+00:00","breadcrumb":{"@id":"https:\/\/culturaneuroactiva.com\/site\/kit-antivirus\/#breadcrumb"},"inLanguage":"es","potentialAction":[{"@type":"ReadAction","target":["https:\/\/culturaneuroactiva.com\/site\/kit-antivirus\/"]}]},{"@type":"ImageObject","inLanguage":"es","@id":"https:\/\/culturaneuroactiva.com\/site\/kit-antivirus\/#primaryimage","url":"http:\/\/culturaneuroactiva.com\/site\/wp-content\/uploads\/2022\/02\/Kit-Antivirus-e1644631240838-300x292.jpg","contentUrl":"http:\/\/culturaneuroactiva.com\/site\/wp-content\/uploads\/2022\/02\/Kit-Antivirus-e1644631240838-300x292.jpg"},{"@type":"BreadcrumbList","@id":"https:\/\/culturaneuroactiva.com\/site\/kit-antivirus\/#breadcrumb","itemListElement":[{"@type":"ListItem","position":1,"name":"Portada","item":"https:\/\/culturaneuroactiva.com\/site\/"},{"@type":"ListItem","position":2,"name":"Kit Antivirus"}]},{"@type":"WebSite","@id":"https:\/\/culturaneuroactiva.com\/site\/#website","url":"https:\/\/culturaneuroactiva.com\/site\/","name":"Cultura Neuroactiva","description":"Gu\u00edas del Vivir Consciente","potentialAction":[{"@type":"SearchAction","target":{"@type":"EntryPoint","urlTemplate":"https:\/\/culturaneuroactiva.com\/site\/?s={search_term_string}"},"query-input":{"@type":"PropertyValueSpecification","valueRequired":true,"valueName":"search_term_string"}}],"inLanguage":"es"}]}},"_links":{"self":[{"href":"https:\/\/culturaneuroactiva.com\/site\/wp-json\/wp\/v2\/pages\/3266","targetHints":{"allow":["GET"]}}],"collection":[{"href":"https:\/\/culturaneuroactiva.com\/site\/wp-json\/wp\/v2\/pages"}],"about":[{"href":"https:\/\/culturaneuroactiva.com\/site\/wp-json\/wp\/v2\/types\/page"}],"author":[{"embeddable":true,"href":"https:\/\/culturaneuroactiva.com\/site\/wp-json\/wp\/v2\/users\/1"}],"replies":[{"embeddable":true,"href":"https:\/\/culturaneuroactiva.com\/site\/wp-json\/wp\/v2\/comments?post=3266"}],"version-history":[{"count":6,"href":"https:\/\/culturaneuroactiva.com\/site\/wp-json\/wp\/v2\/pages\/3266\/revisions"}],"predecessor-version":[{"id":3542,"href":"https:\/\/culturaneuroactiva.com\/site\/wp-json\/wp\/v2\/pages\/3266\/revisions\/3542"}],"wp:attachment":[{"href":"https:\/\/culturaneuroactiva.com\/site\/wp-json\/wp\/v2\/media?parent=3266"}],"curies":[{"name":"wp","href":"https:\/\/api.w.org\/{rel}","templated":true}]}}