{"id":3080,"date":"2021-10-19T00:32:05","date_gmt":"2021-10-19T00:32:05","guid":{"rendered":"http:\/\/culturaneuroactiva.com\/site\/?page_id=3080"},"modified":"2022-02-11T23:45:38","modified_gmt":"2022-02-11T23:45:38","slug":"modos-de-uso","status":"publish","type":"page","link":"https:\/\/culturaneuroactiva.com\/site\/modos-de-uso\/","title":{"rendered":"Modos de Uso"},"content":{"rendered":"<p><a href=\"http:\/\/culturaneuroactiva.com\/site\/wp-content\/uploads\/2021\/10\/40-e1634603381813.jpg\"><img loading=\"lazy\" decoding=\"async\" class=\" wp-image-3081 aligncenter\" src=\"http:\/\/culturaneuroactiva.com\/site\/wp-content\/uploads\/2021\/10\/40-e1634603381813-300x156.jpg\" alt=\"\" width=\"661\" height=\"343\" srcset=\"https:\/\/culturaneuroactiva.com\/site\/wp-content\/uploads\/2021\/10\/40-e1634603381813-300x156.jpg 300w, https:\/\/culturaneuroactiva.com\/site\/wp-content\/uploads\/2021\/10\/40-e1634603381813-1024x532.jpg 1024w, https:\/\/culturaneuroactiva.com\/site\/wp-content\/uploads\/2021\/10\/40-e1634603381813-768x399.jpg 768w, https:\/\/culturaneuroactiva.com\/site\/wp-content\/uploads\/2021\/10\/40-e1634603381813-1536x799.jpg 1536w, https:\/\/culturaneuroactiva.com\/site\/wp-content\/uploads\/2021\/10\/40-e1634603381813.jpg 1600w\" sizes=\"auto, (max-width: 661px) 100vw, 661px\" \/><\/a><\/p>\n<h6><\/h6>\n<ol>\n<li>\n<h6><span style=\"color: #008080;\"><strong>Azul Fr\u00edo en las Manos.<\/strong><\/span> Eche 2 splash en la palma de las manos, fr\u00f3telas y aspire profundo. De esta forma el aroma le puede durar 5 minutos aproximadamente. Recuerde leer las Formas de Respirar y las Precauciones.<\/h6>\n<\/li>\n<li>\n<h6><span style=\"color: #008080;\"><strong>Azul Fr\u00edo en un Pomito de Algod\u00f3n. <\/strong><\/span>Eche 5 splash en un pa\u00f1uelo, pomito o disco de algod\u00f3n, enr\u00f3llelo y apri\u00e9telo para distribuir bien el l\u00edquido, d\u00e9jelo secar antes de usarlo, p\u00f3ngalo sobre sus labios y aspire profundo por la boca. De esta forma el aroma le puede durar de 2 a 5 horas depende del uso, cuando se le vaya el aroma rec\u00e1rguelo nuevamente, luego de tres recargas cambie el pomito de algod\u00f3n.\u00a0Recuerde leer las Formas de Respirar y las Precauciones.<\/h6>\n<\/li>\n<li>\n<h6><span style=\"color: #008080;\"><strong>Azul Fr\u00edo en el Tapabocas o Mascarilla. <\/strong><\/span>Echar 2 o 3 splash en la parte exterior de la mascarilla, a una distancia de 15 cm de \u00e9sta, ya que si queda muy fuerte se hace irrespirable. Otra forma es echar 1 o 2 splash de Azul Fr\u00edo en un pomito de algod\u00f3n, y luego cuando est\u00e9 seco p\u00f3ngalo dentro de la mascarilla.\u00a0Recuerde leer las Formas de Respirar y las Precauciones.<\/h6>\n<\/li>\n<li>\n<h6><span style=\"color: #008080;\"><strong>Azul Fr\u00edo como Ambientador. <\/strong><\/span>Para purificar el ambiente debe echar 3 splash en el aire. Recuerde leer las Precauciones.<\/h6>\n<\/li>\n<li>\n<h6><strong><span style=\"color: #008080;\">Azul Fr\u00edo sobre la Piel.<\/span> <\/strong>Aplique 2 o 3 splash en la zona que lo requiera, y esp\u00e1rzalo con los dedos. Recuerde leer las Precauciones.<\/h6>\n<\/li>\n<li>\n<h6><span style=\"color: #008080;\"><strong>Para el Dolor de Cabeza.<\/strong><\/span> Aplique de 5 a 10 splash en cada una de las sienes, y 3 splash en la nuca, esp\u00e1rzalo con los dedos cuidando que no caiga en los ojos, fr\u00f3tese las manos y huela profundo. Recuerde leer las Formas de Respirar y las Precauciones.<\/h6>\n<\/li>\n<li>\n<h6><span style=\"color: #008080;\"><strong>Para el Estr\u00e9s, el Calor, la Ebriedad, y la Resaca o Guayabo.<\/strong><\/span> Aplique 5 splash sobre la zona del cuello y la nuca, esp\u00e1rzalo con los dedos, fr\u00f3tese las manos y huela profundo. Recuerde leer las Precauciones.<\/h6>\n<\/li>\n<li>\n<h6><span style=\"color: #008080;\"><strong>Para el Insomnio.<\/strong><\/span> Aplique 3 o 4 splash en las plantas de los pies y entre los dedos de los pies, esp\u00e1rzalo con los dedos, fr\u00f3tese las manos y huela profundo. Recuerde leer las Precauciones. NOTA: No aplicar en los pies cuando tenga fr\u00edo.<\/h6>\n<\/li>\n<li>\n<h6><span style=\"color: #008080;\"><strong>Azul Fr\u00edo como Desinfectante. <\/strong><\/span>Aplique sobre la superficie que requiera desinfectar, desde una distancia de 30 cm. Recuerde leer las Precauciones.<\/h6>\n<\/li>\n<\/ol>\n<h6><\/h6>\n<h5><span style=\"color: #008080;\"><strong>FORMAS DE RESPIRAR<\/strong><\/span><\/h5>\n<ul>\n<li>\n<h6><span style=\"color: #008080;\"><strong>PARA USOS COTIDIANOS.<\/strong><\/span> Para refrescarse, estudiar, meditar, o por las noches antes de acostarse, se recomienda realizar el siguiente procedimiento: Despu\u00e9s de echar Azul Fr\u00edo en sus manos o en un pomito de algod\u00f3n, tome una respiraci\u00f3n de manera lenta y profunda por la nariz, ret\u00e9ngala 5 segundos y exhale por la boca, luego tome dos respiraciones de aire puro, repita esto 3 a 5 veces alternando entre Azul Fr\u00edo y aire.<\/h6>\n<\/li>\n<li>\n<h6><span style=\"color: #008080;\"><strong>COMO PREVENCI\u00d3N. <\/strong><\/span>Para prevenirse de las enfermedades respiratorias, y como parte del protocolo de desinfecci\u00f3n cada vez que est\u00e9 en la calle y regrese a su casa, se recomienda realizar el siguiente procedimiento: Despu\u00e9s de echar Azul Fr\u00edo en sus manos o en un pomito de algod\u00f3n, tome una respiraci\u00f3n de manera lenta y profunda por la nariz, ret\u00e9ngala 5 segundos y exhale por la boca, luego tome dos respiraciones de aire puro, repita esto de 3 a 5 veces alternando entre Azul Fr\u00edo y aire.<\/h6>\n<\/li>\n<li>\n<h6><span style=\"color: #008080;\"><strong>COMO TRATAMIENTO.<\/strong><\/span> En tratamientos de enfermedades respiratorias se recomienda realizar el siguiente procedimiento: Despu\u00e9s de echar Azul Fr\u00edo en sus manos o en un pomito de algod\u00f3n, tome una respiraci\u00f3n de manera lenta y profunda por la nariz, ret\u00e9ngala 5 segundos y exhale por la boca, luego tome dos respiraciones de aire puro, repita esto de 3 a 5 veces alternando entre Azul Fr\u00edo y aire. Tambi\u00e9n es recomendable aspirar por la boca as\u00ed como lo hizo por la nariz el mismo n\u00famero de veces. Si lo requiere repita estos dos procedimientos cada media hora hasta que las molestias hayan mermado o desaparecido.<\/h6>\n<\/li>\n<\/ul>\n<p>&nbsp;<\/p>\n<h5><strong><span style=\"color: #008080;\">PRECAUCIONES<\/span><\/strong><\/h5>\n<ul>\n<li>\n<h6>Siempre que sus manos tengan contacto de con el Azul Fr\u00edo, tenga cuidado de luego no tocarse los p\u00e1rpados ni los labios, y si lo prefiere refuerce con el lavado de manos. Si por descuido se rasca un ojo o se toca la boca, va a sentir una incomodidad en la piel que dura de 3 a 5 minutos aproximadamente, no es algo grave, l\u00e1vese la zona con agua y jab\u00f3n.<\/h6>\n<\/li>\n<li>\n<h6>No aplicar sobre heridas abiertas ni mucosas.<\/h6>\n<\/li>\n<li>\n<h6>No aplicar a ni\u00f1os menores de 5 a\u00f1os.<\/h6>\n<\/li>\n<li>\n<h6>No debe ser aplicado durante el embarazo.<\/h6>\n<\/li>\n<li>\n<h6>No aplicar sobre las zonas genitales.<\/h6>\n<\/li>\n<li>\n<h6>No ingerir.<\/h6>\n<\/li>\n<\/ul>\n<h6><strong>\u00a0<\/strong><\/h6>\n<h5><span style=\"color: #008080;\"><strong>ADVERTENCIA<\/strong><\/span><\/h5>\n<h6>Azul Fr\u00edo debido a su car\u00e1cter terap\u00e9utico y medicinal, debe utilizarse con responsabilidad siguiendo las indicaciones de uso. No exceder la dosificaci\u00f3n establecida.<\/h6>\n<p><strong>\u00a0<\/strong><\/p>\n<h5><span style=\"color: #008080;\"><strong>COMPRAR<\/strong><\/span><\/h5>\n<ul>\n<li>\n<h6><strong>Azul Fr\u00edo: <\/strong>$40.000<\/h6>\n<\/li>\n<li>\n<h6><strong>Kit Antivirus: <\/strong>$90.000<\/h6>\n<\/li>\n<li>\n<h6><strong>NOTA:<\/strong> Precio en Colombia. No incluye gastos de env\u00edo.<\/h6>\n<\/li>\n<li>\n<h6><strong>Realiza el pedido<\/strong> llamando al WhatsApp +<strong>57 3127994357<\/strong> o escribiendo al correo <a href=\"mailto:culturaneuroactiva@gmail.com\">culturaneuroactiva@gmail.com<\/a><\/h6>\n<\/li>\n<li>\n<h6><strong>Para m\u00e1s informaci\u00f3n<\/strong> comun\u00edquese al celular +<strong>57 3127994357<\/strong>.<\/h6>\n<\/li>\n<\/ul>\n","protected":false},"excerpt":{"rendered":"<p>Azul Fr\u00edo en las Manos. Eche 2 splash en la palma de las manos, fr\u00f3telas y aspire profundo. De esta<\/p>\n","protected":false},"author":1,"featured_media":0,"parent":0,"menu_order":0,"comment_status":"closed","ping_status":"closed","template":"","meta":{"colormag_page_layout":"no_sidebar_content_centered","footnotes":""},"class_list":["post-3080","page","type-page","status-publish","hentry"],"yoast_head":"<!-- This site is optimized with the Yoast SEO plugin v25.6 - https:\/\/yoast.com\/wordpress\/plugins\/seo\/ -->\n<title>Modos de Uso - Cultura Neuroactiva<\/title>\n<meta name=\"robots\" content=\"index, follow, max-snippet:-1, max-image-preview:large, max-video-preview:-1\" \/>\n<link rel=\"canonical\" href=\"https:\/\/culturaneuroactiva.com\/site\/modos-de-uso\/\" \/>\n<meta property=\"og:locale\" content=\"es_ES\" \/>\n<meta property=\"og:type\" content=\"article\" \/>\n<meta property=\"og:title\" content=\"Modos de Uso - Cultura Neuroactiva\" \/>\n<meta property=\"og:description\" content=\"Azul Fr\u00edo en las Manos. Eche 2 splash en la palma de las manos, fr\u00f3telas y aspire profundo. De esta\" \/>\n<meta property=\"og:url\" content=\"https:\/\/culturaneuroactiva.com\/site\/modos-de-uso\/\" \/>\n<meta property=\"og:site_name\" content=\"Cultura Neuroactiva\" \/>\n<meta property=\"article:publisher\" content=\"https:\/\/www.facebook.com\/cultura.neuroactiva\" \/>\n<meta property=\"article:modified_time\" content=\"2022-02-11T23:45:38+00:00\" \/>\n<meta property=\"og:image\" content=\"http:\/\/culturaneuroactiva.com\/site\/wp-content\/uploads\/2021\/10\/40-e1634603381813-300x156.jpg\" \/>\n<meta name=\"twitter:card\" content=\"summary_large_image\" \/>\n<meta name=\"twitter:label1\" content=\"Tiempo de lectura\" \/>\n\t<meta name=\"twitter:data1\" content=\"4 minutos\" \/>\n<script type=\"application\/ld+json\" class=\"yoast-schema-graph\">{\"@context\":\"https:\/\/schema.org\",\"@graph\":[{\"@type\":\"WebPage\",\"@id\":\"https:\/\/culturaneuroactiva.com\/site\/modos-de-uso\/\",\"url\":\"https:\/\/culturaneuroactiva.com\/site\/modos-de-uso\/\",\"name\":\"Modos de Uso - Cultura Neuroactiva\",\"isPartOf\":{\"@id\":\"https:\/\/culturaneuroactiva.com\/site\/#website\"},\"primaryImageOfPage\":{\"@id\":\"https:\/\/culturaneuroactiva.com\/site\/modos-de-uso\/#primaryimage\"},\"image\":{\"@id\":\"https:\/\/culturaneuroactiva.com\/site\/modos-de-uso\/#primaryimage\"},\"thumbnailUrl\":\"http:\/\/culturaneuroactiva.com\/site\/wp-content\/uploads\/2021\/10\/40-e1634603381813-300x156.jpg\",\"datePublished\":\"2021-10-19T00:32:05+00:00\",\"dateModified\":\"2022-02-11T23:45:38+00:00\",\"breadcrumb\":{\"@id\":\"https:\/\/culturaneuroactiva.com\/site\/modos-de-uso\/#breadcrumb\"},\"inLanguage\":\"es\",\"potentialAction\":[{\"@type\":\"ReadAction\",\"target\":[\"https:\/\/culturaneuroactiva.com\/site\/modos-de-uso\/\"]}]},{\"@type\":\"ImageObject\",\"inLanguage\":\"es\",\"@id\":\"https:\/\/culturaneuroactiva.com\/site\/modos-de-uso\/#primaryimage\",\"url\":\"http:\/\/culturaneuroactiva.com\/site\/wp-content\/uploads\/2021\/10\/40-e1634603381813-300x156.jpg\",\"contentUrl\":\"http:\/\/culturaneuroactiva.com\/site\/wp-content\/uploads\/2021\/10\/40-e1634603381813-300x156.jpg\"},{\"@type\":\"BreadcrumbList\",\"@id\":\"https:\/\/culturaneuroactiva.com\/site\/modos-de-uso\/#breadcrumb\",\"itemListElement\":[{\"@type\":\"ListItem\",\"position\":1,\"name\":\"Portada\",\"item\":\"https:\/\/culturaneuroactiva.com\/site\/\"},{\"@type\":\"ListItem\",\"position\":2,\"name\":\"Modos de Uso\"}]},{\"@type\":\"WebSite\",\"@id\":\"https:\/\/culturaneuroactiva.com\/site\/#website\",\"url\":\"https:\/\/culturaneuroactiva.com\/site\/\",\"name\":\"Cultura Neuroactiva\",\"description\":\"Gu\u00edas del Vivir Consciente\",\"potentialAction\":[{\"@type\":\"SearchAction\",\"target\":{\"@type\":\"EntryPoint\",\"urlTemplate\":\"https:\/\/culturaneuroactiva.com\/site\/?s={search_term_string}\"},\"query-input\":{\"@type\":\"PropertyValueSpecification\",\"valueRequired\":true,\"valueName\":\"search_term_string\"}}],\"inLanguage\":\"es\"}]}<\/script>\n<!-- \/ Yoast SEO plugin. -->","yoast_head_json":{"title":"Modos de Uso - Cultura Neuroactiva","robots":{"index":"index","follow":"follow","max-snippet":"max-snippet:-1","max-image-preview":"max-image-preview:large","max-video-preview":"max-video-preview:-1"},"canonical":"https:\/\/culturaneuroactiva.com\/site\/modos-de-uso\/","og_locale":"es_ES","og_type":"article","og_title":"Modos de Uso - Cultura Neuroactiva","og_description":"Azul Fr\u00edo en las Manos. Eche 2 splash en la palma de las manos, fr\u00f3telas y aspire profundo. De esta","og_url":"https:\/\/culturaneuroactiva.com\/site\/modos-de-uso\/","og_site_name":"Cultura Neuroactiva","article_publisher":"https:\/\/www.facebook.com\/cultura.neuroactiva","article_modified_time":"2022-02-11T23:45:38+00:00","og_image":[{"url":"http:\/\/culturaneuroactiva.com\/site\/wp-content\/uploads\/2021\/10\/40-e1634603381813-300x156.jpg","type":"","width":"","height":""}],"twitter_card":"summary_large_image","twitter_misc":{"Tiempo de lectura":"4 minutos"},"schema":{"@context":"https:\/\/schema.org","@graph":[{"@type":"WebPage","@id":"https:\/\/culturaneuroactiva.com\/site\/modos-de-uso\/","url":"https:\/\/culturaneuroactiva.com\/site\/modos-de-uso\/","name":"Modos de Uso - Cultura Neuroactiva","isPartOf":{"@id":"https:\/\/culturaneuroactiva.com\/site\/#website"},"primaryImageOfPage":{"@id":"https:\/\/culturaneuroactiva.com\/site\/modos-de-uso\/#primaryimage"},"image":{"@id":"https:\/\/culturaneuroactiva.com\/site\/modos-de-uso\/#primaryimage"},"thumbnailUrl":"http:\/\/culturaneuroactiva.com\/site\/wp-content\/uploads\/2021\/10\/40-e1634603381813-300x156.jpg","datePublished":"2021-10-19T00:32:05+00:00","dateModified":"2022-02-11T23:45:38+00:00","breadcrumb":{"@id":"https:\/\/culturaneuroactiva.com\/site\/modos-de-uso\/#breadcrumb"},"inLanguage":"es","potentialAction":[{"@type":"ReadAction","target":["https:\/\/culturaneuroactiva.com\/site\/modos-de-uso\/"]}]},{"@type":"ImageObject","inLanguage":"es","@id":"https:\/\/culturaneuroactiva.com\/site\/modos-de-uso\/#primaryimage","url":"http:\/\/culturaneuroactiva.com\/site\/wp-content\/uploads\/2021\/10\/40-e1634603381813-300x156.jpg","contentUrl":"http:\/\/culturaneuroactiva.com\/site\/wp-content\/uploads\/2021\/10\/40-e1634603381813-300x156.jpg"},{"@type":"BreadcrumbList","@id":"https:\/\/culturaneuroactiva.com\/site\/modos-de-uso\/#breadcrumb","itemListElement":[{"@type":"ListItem","position":1,"name":"Portada","item":"https:\/\/culturaneuroactiva.com\/site\/"},{"@type":"ListItem","position":2,"name":"Modos de Uso"}]},{"@type":"WebSite","@id":"https:\/\/culturaneuroactiva.com\/site\/#website","url":"https:\/\/culturaneuroactiva.com\/site\/","name":"Cultura Neuroactiva","description":"Gu\u00edas del Vivir Consciente","potentialAction":[{"@type":"SearchAction","target":{"@type":"EntryPoint","urlTemplate":"https:\/\/culturaneuroactiva.com\/site\/?s={search_term_string}"},"query-input":{"@type":"PropertyValueSpecification","valueRequired":true,"valueName":"search_term_string"}}],"inLanguage":"es"}]}},"_links":{"self":[{"href":"https:\/\/culturaneuroactiva.com\/site\/wp-json\/wp\/v2\/pages\/3080","targetHints":{"allow":["GET"]}}],"collection":[{"href":"https:\/\/culturaneuroactiva.com\/site\/wp-json\/wp\/v2\/pages"}],"about":[{"href":"https:\/\/culturaneuroactiva.com\/site\/wp-json\/wp\/v2\/types\/page"}],"author":[{"embeddable":true,"href":"https:\/\/culturaneuroactiva.com\/site\/wp-json\/wp\/v2\/users\/1"}],"replies":[{"embeddable":true,"href":"https:\/\/culturaneuroactiva.com\/site\/wp-json\/wp\/v2\/comments?post=3080"}],"version-history":[{"count":6,"href":"https:\/\/culturaneuroactiva.com\/site\/wp-json\/wp\/v2\/pages\/3080\/revisions"}],"predecessor-version":[{"id":3265,"href":"https:\/\/culturaneuroactiva.com\/site\/wp-json\/wp\/v2\/pages\/3080\/revisions\/3265"}],"wp:attachment":[{"href":"https:\/\/culturaneuroactiva.com\/site\/wp-json\/wp\/v2\/media?parent=3080"}],"curies":[{"name":"wp","href":"https:\/\/api.w.org\/{rel}","templated":true}]}}