{"id":3065,"date":"2021-10-18T08:03:07","date_gmt":"2021-10-18T08:03:07","guid":{"rendered":"http:\/\/culturaneuroactiva.com\/site\/?page_id=3065"},"modified":"2025-11-20T07:59:21","modified_gmt":"2025-11-20T07:59:21","slug":"azul-frio-para-el-covid","status":"publish","type":"page","link":"https:\/\/culturaneuroactiva.com\/site\/azul-frio-para-el-covid\/","title":{"rendered":"Azul Fr\u00edo para el Covid"},"content":{"rendered":"<h6><span style=\"color: #000000;\">En el siguiente texto, los n\u00fameros que hay al final de cada beneficio corresponden a sus \u201c<a href=\"http:\/\/culturaneuroactiva.com\/site\/modos-de-uso\/\" target=\"_blank\" rel=\"noopener\">Modos de Uso<\/a>\u201d<\/span>.<\/h6>\n<p><a href=\"http:\/\/culturaneuroactiva.com\/site\/wp-content\/uploads\/2021\/10\/1.jpg\"><img loading=\"lazy\" decoding=\"async\" class=\" wp-image-3066 aligncenter\" src=\"http:\/\/culturaneuroactiva.com\/site\/wp-content\/uploads\/2021\/10\/1-300x169.jpg\" alt=\"\" width=\"681\" height=\"384\" srcset=\"https:\/\/culturaneuroactiva.com\/site\/wp-content\/uploads\/2021\/10\/1-300x169.jpg 300w, https:\/\/culturaneuroactiva.com\/site\/wp-content\/uploads\/2021\/10\/1-1024x576.jpg 1024w, https:\/\/culturaneuroactiva.com\/site\/wp-content\/uploads\/2021\/10\/1-768x432.jpg 768w, https:\/\/culturaneuroactiva.com\/site\/wp-content\/uploads\/2021\/10\/1-1536x864.jpg 1536w, https:\/\/culturaneuroactiva.com\/site\/wp-content\/uploads\/2021\/10\/1.jpg 1600w\" sizes=\"auto, (max-width: 681px) 100vw, 681px\" \/><\/a><\/p>\n<p>&nbsp;<\/p>\n<h5><span style=\"color: #008080;\"><strong>Previene el Contagio<\/strong><\/span><\/h5>\n<ul>\n<li>\n<h6>Reduce la carga viral de las fosas nasales, garganta y pulmones <sup>1, 2<\/sup>.<\/h6>\n<\/li>\n<li>\n<h6>Inactiva r\u00e1pido y f\u00e1cil, todo virus con envoltura lipof\u00edlica &#8211; tal como el Covid 19 -, por lo que ayuda como preventivo y a evitar el contagio <sup>1, 2<\/sup>.<\/h6>\n<\/li>\n<li>\n<h6>Previene, contiene, reduce y elimina la infecci\u00f3n <sup>1-3<\/sup>.<\/h6>\n<\/li>\n<\/ul>\n<h5><span style=\"color: #008080;\"><strong>Trata y Alivia los S\u00edntomas<\/strong><\/span><\/h5>\n<ul>\n<li>\n<h6>A las personas contagiadas les ayuda a cuidarse para que no pasen a la Unidad de Cuidados Intensivos (UCI). Se recomienda usar el Kit Antivirus <sup>1-3<\/sup>.<\/h6>\n<\/li>\n<li>\n<h6>Sirve para abrir las v\u00edas respiratorias y facilitar el paso del aire y la respiraci\u00f3n <sup>1, 2<\/sup>.<\/h6>\n<\/li>\n<li>\n<h6>Descongestiona, desinflama, relaja, dilata, estimula, desinfecta y limpia las v\u00edas respiratorias: Nariz, garganta y pulmones <sup>1, 2<\/sup>.<\/h6>\n<\/li>\n<li>\n<h6>Combate el cansancio, el dolor, la fiebre y la fatiga <sup>1, 2, 7<\/sup>.<\/h6>\n<\/li>\n<li>\n<h6>Ayuda a calmar la ansiedad y el p\u00e1nico <sup>1, 2, 7<\/sup>.<strong style=\"font-size: 16px;\">\u00a0<\/strong><\/h6>\n<\/li>\n<\/ul>\n<h5><span style=\"color: #008080;\"><strong>Purifica y Desinfecta<\/strong><\/span><\/h5>\n<ul>\n<li>\n<h6>Sirve para echar en el tapabocas o mascarilla <sup>3<\/sup>.<\/h6>\n<\/li>\n<li>\n<h6>Purifica y desinfecta el aire en consultorios, veh\u00edculos y ba\u00f1os <sup>4<\/sup>.<\/h6>\n<\/li>\n<li>\n<h6>Sirve como desinfectante de las superficies no vivas para prevenir la propagaci\u00f3n de enfermedades <sup>9<\/sup>.<\/h6>\n<\/li>\n<\/ul>\n<p>&nbsp;<\/p>\n<p>&nbsp;<\/p>\n<h5 style=\"text-align: center;\"><span style=\"color: #008080;\"><strong>POR QU\u00c9 \u201cAZUL FR\u00cdO\u201d SIRVE PARA EL COVID 19<\/strong><\/span><\/h5>\n<h6><\/h6>\n<h6>El Azul Fr\u00edo sirve para \u00e9sta enfermedad <strong>debido a cuatro de sus propiedades: Antimicrobiana, antiviral, antis\u00e9ptica y desinfectante.<\/strong><\/h6>\n<h6><strong>La alta capacidad de contagio<\/strong> que tiene el virus del SARS-Cov-2, <strong>se da<\/strong> <strong>porque la carga viral (cantidad de virus) en las fosas nasales<\/strong> <strong>alcanza su valor m\u00e1s alto antes de los primeros s\u00edntomas y durante los primeros d\u00edas<\/strong> <sup>IV-VII<\/sup>, y tambi\u00e9n porque la carga viral es igual de alta aunque no haya s\u00edntomas o sean leves <sup>V<\/sup>.<\/h6>\n<h6>Por otro lado, <strong>el contagio tambi\u00e9n se da a trav\u00e9s de los aerosoles (gotitas de saliva muy peque\u00f1as)<\/strong> que pueden llegar directo hasta los pulmones debido a su tama\u00f1o. Por \u00faltimo, tambi\u00e9n se sabe que <strong>la alta carga viral est\u00e1 relacionada con los grados de severidad<\/strong> de la enfermedad <sup>VIII<\/sup>.<\/h6>\n<h6>Todo esto muestra <strong>lo importante que es reducir la carga viral <sup>VIII<\/sup>, LA CLAVE EST\u00c1 EN \u201cAPLICAR UN PROTOCOLO DE DESINFECCI\u00d3N NASAL Y V\u00cdAS RESPIRATORIAS, SOBRE TODO CUANDO NO HAY S\u00cdNTOMAS\u201d, <\/strong>o sea que <strong>esto previene el contagio, evita contagiar, y<\/strong> en las personas contagiadas <strong>detiene o reduce los s\u00edntomas<\/strong> <sup>VII, IX-X<\/sup>.<\/h6>\n<h6>Teniendo en cuenta esto, <strong>\u201cla desinfecci\u00f3n nasal y v\u00edas respiratorias\u201d se considera como estrategia clave para la prevenci\u00f3n y contenci\u00f3n<\/strong> de esta enfermedad<sup> VII, IX-XII<\/sup>. En este contexto <strong>los antis\u00e9pticos nasales a base alcohol,<\/strong> se han estudiado y propuesto como <strong>la mejor opci\u00f3n para la desinfecci\u00f3n de las v\u00edas respiratorias <\/strong><sup>VII, IX-XII<\/sup>.<\/h6>\n<h6><strong>Este virus es en realidad muy fr\u00e1gil, solo lo protege una envoltura lipof\u00edlica. <\/strong>Azul Frio es un antis\u00e9ptico nasal a base de alcohol, que a trav\u00e9s de su propiedad antiviral rompe r\u00e1pido y f\u00e1cil esa envoltura, desintegrando al virus <sup>VII, IX-X, XIII<\/sup>, o sea que <strong>al inhalarse su aroma desinfecta toda la v\u00eda respiratoria<\/strong> <sup>VII<\/sup>, lo cual <strong>nos da la seguridad de estar m\u00e1s protegidos f\u00edsicamente, y m\u00e1s tranquilos mental y emocionalmente<\/strong>.<\/h6>\n<h6><span style=\"color: #008080;\"><strong>NOTA:<\/strong><\/span> Los n\u00fameros ar\u00e1bicos que aparecen en este texto, corresponden a las <a href=\"http:\/\/culturaneuroactiva.com\/site\/referencias-bibliograficas\/\" target=\"_blank\" rel=\"noopener\">Referencias Bibliogr\u00e1ficas<\/a>.<\/h6>\n<h6><strong>\u00a0<\/strong><strong>\u00a0<\/strong><\/h6>\n<h5><span style=\"color: #008080;\"><strong>COMPRAR<\/strong><\/span><\/h5>\n<ul>\n<li>\n<h6><strong>Azul Fr\u00edo: <\/strong>$40.000<\/h6>\n<\/li>\n<li>\n<h6><strong>Kit Antivirus: <\/strong>$90.000<\/h6>\n<\/li>\n<li>\n<h6><strong>NOTA:<\/strong> Precio en Colombia. No incluye gastos de env\u00edo.<\/h6>\n<\/li>\n<li>\n<h6><strong>Realiza el pedido<\/strong> llamando al WhatsApp +<strong>57 3127994357<\/strong> o escribiendo al correo <a href=\"mailto:culturaneuroactiva@gmail.com\">culturaneuroactiva@gmail.com<\/a><\/h6>\n<\/li>\n<li>\n<h6><strong>Para m\u00e1s informaci\u00f3n<\/strong> comun\u00edquese al celular +<strong>57 3127994357<\/strong>.<\/h6>\n<\/li>\n<\/ul>\n","protected":false},"excerpt":{"rendered":"<p>En el siguiente texto, los n\u00fameros que hay al final de cada beneficio corresponden a sus \u201cModos de Uso\u201d. &nbsp;<\/p>\n","protected":false},"author":1,"featured_media":0,"parent":0,"menu_order":0,"comment_status":"closed","ping_status":"closed","template":"","meta":{"colormag_page_layout":"no_sidebar_content_centered","footnotes":""},"class_list":["post-3065","page","type-page","status-publish","hentry"],"yoast_head":"<!-- This site is optimized with the Yoast SEO plugin v25.6 - https:\/\/yoast.com\/wordpress\/plugins\/seo\/ -->\n<title>Azul Fr\u00edo para el Covid - Cultura Neuroactiva<\/title>\n<meta name=\"robots\" content=\"index, follow, max-snippet:-1, max-image-preview:large, max-video-preview:-1\" \/>\n<link rel=\"canonical\" href=\"https:\/\/culturaneuroactiva.com\/site\/azul-frio-para-el-covid\/\" \/>\n<meta property=\"og:locale\" content=\"es_ES\" \/>\n<meta property=\"og:type\" content=\"article\" \/>\n<meta property=\"og:title\" content=\"Azul Fr\u00edo para el Covid - Cultura Neuroactiva\" \/>\n<meta property=\"og:description\" content=\"En el siguiente texto, los n\u00fameros que hay al final de cada beneficio corresponden a sus \u201cModos de Uso\u201d. &nbsp;\" \/>\n<meta property=\"og:url\" content=\"https:\/\/culturaneuroactiva.com\/site\/azul-frio-para-el-covid\/\" \/>\n<meta property=\"og:site_name\" content=\"Cultura Neuroactiva\" \/>\n<meta property=\"article:publisher\" content=\"https:\/\/www.facebook.com\/cultura.neuroactiva\" \/>\n<meta property=\"article:modified_time\" content=\"2025-11-20T07:59:21+00:00\" \/>\n<meta property=\"og:image\" content=\"https:\/\/culturaneuroactiva.com\/site\/wp-content\/uploads\/2021\/10\/1.jpg\" \/>\n\t<meta property=\"og:image:width\" content=\"1600\" \/>\n\t<meta property=\"og:image:height\" content=\"900\" \/>\n\t<meta property=\"og:image:type\" content=\"image\/jpeg\" \/>\n<meta name=\"twitter:card\" content=\"summary_large_image\" \/>\n<meta name=\"twitter:label1\" content=\"Tiempo de lectura\" \/>\n\t<meta name=\"twitter:data1\" content=\"3 minutos\" \/>\n<script type=\"application\/ld+json\" class=\"yoast-schema-graph\">{\"@context\":\"https:\/\/schema.org\",\"@graph\":[{\"@type\":\"WebPage\",\"@id\":\"https:\/\/culturaneuroactiva.com\/site\/azul-frio-para-el-covid\/\",\"url\":\"https:\/\/culturaneuroactiva.com\/site\/azul-frio-para-el-covid\/\",\"name\":\"Azul Fr\u00edo para el Covid - Cultura Neuroactiva\",\"isPartOf\":{\"@id\":\"https:\/\/culturaneuroactiva.com\/site\/#website\"},\"primaryImageOfPage\":{\"@id\":\"https:\/\/culturaneuroactiva.com\/site\/azul-frio-para-el-covid\/#primaryimage\"},\"image\":{\"@id\":\"https:\/\/culturaneuroactiva.com\/site\/azul-frio-para-el-covid\/#primaryimage\"},\"thumbnailUrl\":\"http:\/\/culturaneuroactiva.com\/site\/wp-content\/uploads\/2021\/10\/1-300x169.jpg\",\"datePublished\":\"2021-10-18T08:03:07+00:00\",\"dateModified\":\"2025-11-20T07:59:21+00:00\",\"breadcrumb\":{\"@id\":\"https:\/\/culturaneuroactiva.com\/site\/azul-frio-para-el-covid\/#breadcrumb\"},\"inLanguage\":\"es\",\"potentialAction\":[{\"@type\":\"ReadAction\",\"target\":[\"https:\/\/culturaneuroactiva.com\/site\/azul-frio-para-el-covid\/\"]}]},{\"@type\":\"ImageObject\",\"inLanguage\":\"es\",\"@id\":\"https:\/\/culturaneuroactiva.com\/site\/azul-frio-para-el-covid\/#primaryimage\",\"url\":\"http:\/\/culturaneuroactiva.com\/site\/wp-content\/uploads\/2021\/10\/1-300x169.jpg\",\"contentUrl\":\"http:\/\/culturaneuroactiva.com\/site\/wp-content\/uploads\/2021\/10\/1-300x169.jpg\"},{\"@type\":\"BreadcrumbList\",\"@id\":\"https:\/\/culturaneuroactiva.com\/site\/azul-frio-para-el-covid\/#breadcrumb\",\"itemListElement\":[{\"@type\":\"ListItem\",\"position\":1,\"name\":\"Portada\",\"item\":\"https:\/\/culturaneuroactiva.com\/site\/\"},{\"@type\":\"ListItem\",\"position\":2,\"name\":\"Azul Fr\u00edo para el Covid\"}]},{\"@type\":\"WebSite\",\"@id\":\"https:\/\/culturaneuroactiva.com\/site\/#website\",\"url\":\"https:\/\/culturaneuroactiva.com\/site\/\",\"name\":\"Cultura Neuroactiva\",\"description\":\"Gu\u00edas del Vivir Consciente\",\"potentialAction\":[{\"@type\":\"SearchAction\",\"target\":{\"@type\":\"EntryPoint\",\"urlTemplate\":\"https:\/\/culturaneuroactiva.com\/site\/?s={search_term_string}\"},\"query-input\":{\"@type\":\"PropertyValueSpecification\",\"valueRequired\":true,\"valueName\":\"search_term_string\"}}],\"inLanguage\":\"es\"}]}<\/script>\n<!-- \/ Yoast SEO plugin. -->","yoast_head_json":{"title":"Azul Fr\u00edo para el Covid - Cultura Neuroactiva","robots":{"index":"index","follow":"follow","max-snippet":"max-snippet:-1","max-image-preview":"max-image-preview:large","max-video-preview":"max-video-preview:-1"},"canonical":"https:\/\/culturaneuroactiva.com\/site\/azul-frio-para-el-covid\/","og_locale":"es_ES","og_type":"article","og_title":"Azul Fr\u00edo para el Covid - Cultura Neuroactiva","og_description":"En el siguiente texto, los n\u00fameros que hay al final de cada beneficio corresponden a sus \u201cModos de Uso\u201d. &nbsp;","og_url":"https:\/\/culturaneuroactiva.com\/site\/azul-frio-para-el-covid\/","og_site_name":"Cultura Neuroactiva","article_publisher":"https:\/\/www.facebook.com\/cultura.neuroactiva","article_modified_time":"2025-11-20T07:59:21+00:00","og_image":[{"width":1600,"height":900,"url":"https:\/\/culturaneuroactiva.com\/site\/wp-content\/uploads\/2021\/10\/1.jpg","type":"image\/jpeg"}],"twitter_card":"summary_large_image","twitter_misc":{"Tiempo de lectura":"3 minutos"},"schema":{"@context":"https:\/\/schema.org","@graph":[{"@type":"WebPage","@id":"https:\/\/culturaneuroactiva.com\/site\/azul-frio-para-el-covid\/","url":"https:\/\/culturaneuroactiva.com\/site\/azul-frio-para-el-covid\/","name":"Azul Fr\u00edo para el Covid - Cultura Neuroactiva","isPartOf":{"@id":"https:\/\/culturaneuroactiva.com\/site\/#website"},"primaryImageOfPage":{"@id":"https:\/\/culturaneuroactiva.com\/site\/azul-frio-para-el-covid\/#primaryimage"},"image":{"@id":"https:\/\/culturaneuroactiva.com\/site\/azul-frio-para-el-covid\/#primaryimage"},"thumbnailUrl":"http:\/\/culturaneuroactiva.com\/site\/wp-content\/uploads\/2021\/10\/1-300x169.jpg","datePublished":"2021-10-18T08:03:07+00:00","dateModified":"2025-11-20T07:59:21+00:00","breadcrumb":{"@id":"https:\/\/culturaneuroactiva.com\/site\/azul-frio-para-el-covid\/#breadcrumb"},"inLanguage":"es","potentialAction":[{"@type":"ReadAction","target":["https:\/\/culturaneuroactiva.com\/site\/azul-frio-para-el-covid\/"]}]},{"@type":"ImageObject","inLanguage":"es","@id":"https:\/\/culturaneuroactiva.com\/site\/azul-frio-para-el-covid\/#primaryimage","url":"http:\/\/culturaneuroactiva.com\/site\/wp-content\/uploads\/2021\/10\/1-300x169.jpg","contentUrl":"http:\/\/culturaneuroactiva.com\/site\/wp-content\/uploads\/2021\/10\/1-300x169.jpg"},{"@type":"BreadcrumbList","@id":"https:\/\/culturaneuroactiva.com\/site\/azul-frio-para-el-covid\/#breadcrumb","itemListElement":[{"@type":"ListItem","position":1,"name":"Portada","item":"https:\/\/culturaneuroactiva.com\/site\/"},{"@type":"ListItem","position":2,"name":"Azul Fr\u00edo para el Covid"}]},{"@type":"WebSite","@id":"https:\/\/culturaneuroactiva.com\/site\/#website","url":"https:\/\/culturaneuroactiva.com\/site\/","name":"Cultura Neuroactiva","description":"Gu\u00edas del Vivir Consciente","potentialAction":[{"@type":"SearchAction","target":{"@type":"EntryPoint","urlTemplate":"https:\/\/culturaneuroactiva.com\/site\/?s={search_term_string}"},"query-input":{"@type":"PropertyValueSpecification","valueRequired":true,"valueName":"search_term_string"}}],"inLanguage":"es"}]}},"_links":{"self":[{"href":"https:\/\/culturaneuroactiva.com\/site\/wp-json\/wp\/v2\/pages\/3065","targetHints":{"allow":["GET"]}}],"collection":[{"href":"https:\/\/culturaneuroactiva.com\/site\/wp-json\/wp\/v2\/pages"}],"about":[{"href":"https:\/\/culturaneuroactiva.com\/site\/wp-json\/wp\/v2\/types\/page"}],"author":[{"embeddable":true,"href":"https:\/\/culturaneuroactiva.com\/site\/wp-json\/wp\/v2\/users\/1"}],"replies":[{"embeddable":true,"href":"https:\/\/culturaneuroactiva.com\/site\/wp-json\/wp\/v2\/comments?post=3065"}],"version-history":[{"count":12,"href":"https:\/\/culturaneuroactiva.com\/site\/wp-json\/wp\/v2\/pages\/3065\/revisions"}],"predecessor-version":[{"id":3694,"href":"https:\/\/culturaneuroactiva.com\/site\/wp-json\/wp\/v2\/pages\/3065\/revisions\/3694"}],"wp:attachment":[{"href":"https:\/\/culturaneuroactiva.com\/site\/wp-json\/wp\/v2\/media?parent=3065"}],"curies":[{"name":"wp","href":"https:\/\/api.w.org\/{rel}","templated":true}]}}