{"id":2962,"date":"2021-09-21T10:01:46","date_gmt":"2021-09-21T10:01:46","guid":{"rendered":"http:\/\/culturaneuroactiva.com\/site\/?page_id=2962"},"modified":"2025-03-15T21:43:24","modified_gmt":"2025-03-15T21:43:24","slug":"azul-frio","status":"publish","type":"page","link":"https:\/\/culturaneuroactiva.com\/site\/azul-frio\/","title":{"rendered":"Azul Fr\u00edo"},"content":{"rendered":"<h3><a href=\"http:\/\/culturaneuroactiva.com\/site\/wp-content\/uploads\/2021\/09\/Azul-Frio-1-2-rotated.jpg\"><img loading=\"lazy\" decoding=\"async\" class=\" wp-image-2972 aligncenter\" src=\"http:\/\/culturaneuroactiva.com\/site\/wp-content\/uploads\/2021\/09\/Azul-Frio-1-2-206x300.jpg\" alt=\"\" width=\"364\" height=\"530\" srcset=\"https:\/\/culturaneuroactiva.com\/site\/wp-content\/uploads\/2021\/09\/Azul-Frio-1-2-206x300.jpg 206w, https:\/\/culturaneuroactiva.com\/site\/wp-content\/uploads\/2021\/09\/Azul-Frio-1-2-702x1024.jpg 702w, https:\/\/culturaneuroactiva.com\/site\/wp-content\/uploads\/2021\/09\/Azul-Frio-1-2-768x1120.jpg 768w, https:\/\/culturaneuroactiva.com\/site\/wp-content\/uploads\/2021\/09\/Azul-Frio-1-2-rotated.jpg 1046w\" sizes=\"auto, (max-width: 364px) 100vw, 364px\" \/><\/a><\/h3>\n<h3 style=\"text-align: center;\"><span style=\"color: #008080;\"><strong>-FICHA T\u00c9CNICA-<\/strong><\/span><\/h3>\n<h6><span style=\"color: #008080;\">En estos tiempos en donde nos vemos expuestos a altas cargas virales provenientes de nuestros entornos cotidianos, es de vital importancia contar con mecanismos que protejan nuestra salud f\u00edsica, y que nos hagan sentir m\u00e1s tranquilos y seguros.<\/span><\/h6>\n<h6><strong>Azul Fr\u00edo es una aromaterapia medicinal<\/strong> de elaboraci\u00f3n artesanal, que tiene m\u00faltiples propiedades terap\u00e9uticas por su contenido de mentol y plantas medicinales, por lo que<strong> se utiliza en la prevenci\u00f3n y tratamiento de enfermedades respiratorias, y tambi\u00e9n<\/strong> para sanar m\u00faltiples dolencias f\u00edsicas y potenciar actividades cotidianas como estudio o meditaci\u00f3n, en total tiene m\u00e1s de 90 usos.<\/h6>\n<p>&nbsp;<\/p>\n<h5><span style=\"color: #008080;\"><strong>CONTENIDO<\/strong><\/span><\/h5>\n<ul>\n<li>\n<h6><a href=\"http:\/\/culturaneuroactiva.com\/site\/azul-frio-para-el-covid-19\/\" target=\"_blank\" rel=\"noopener\">Azul Fr\u00edo para el Covid 19.<\/a><\/h6>\n<\/li>\n<li>\n<h6><a href=\"https:\/\/culturaneuroactiva.com\/site\/usos-y-propiedades\/\" target=\"_blank\" rel=\"noopener\">Usos y Propiedades.<\/a><\/h6>\n<\/li>\n<li>\n<h6><a href=\"http:\/\/culturaneuroactiva.com\/site\/modos-de-uso\/\" target=\"_blank\" rel=\"noopener\">Modos de Uso.<\/a><\/h6>\n<\/li>\n<li>\n<h6><a href=\"http:\/\/culturaneuroactiva.com\/site\/detalles-de-compra\/\" target=\"_blank\" rel=\"noopener\">Detalles de Compra.<\/a><\/h6>\n<\/li>\n<li>\n<h6><a href=\"http:\/\/culturaneuroactiva.com\/site\/referencias-bibliograficas\/\" target=\"_blank\" rel=\"noopener\">Referencias Bibliogr\u00e1ficas.<\/a><\/h6>\n<\/li>\n<\/ul>\n<h6><\/h6>\n<h5><span style=\"color: #008080;\"><strong>PRECIO<\/strong><\/span><\/h5>\n<ul>\n<li>\n<h6><strong>Azul Fr\u00edo: <\/strong>$40.000<\/h6>\n<\/li>\n<li>\n<h6><strong>Kit Antivirus: <\/strong>$90.000<\/h6>\n<\/li>\n<li>\n<h6><strong>NOTA:<\/strong> Precio en Colombia. No incluye gastos de env\u00edo.<\/h6>\n<\/li>\n<\/ul>\n<h6><\/h6>\n<h5><span style=\"color: #008080;\"><strong>COMPRAR<\/strong><\/span><\/h5>\n<ul>\n<li>\n<h6>Realiza el pedido llamando o escribiendo al WhatsApp +57 3127994357.<\/h6>\n<\/li>\n<\/ul>\n<h6><\/h6>\n<p><a href=\"http:\/\/culturaneuroactiva.com\/site\/wp-content\/uploads\/2021\/10\/20.jpg\"><img loading=\"lazy\" decoding=\"async\" class=\" wp-image-3094 aligncenter\" src=\"http:\/\/culturaneuroactiva.com\/site\/wp-content\/uploads\/2021\/10\/20-300x169.jpg\" alt=\"\" width=\"660\" height=\"371\" srcset=\"https:\/\/culturaneuroactiva.com\/site\/wp-content\/uploads\/2021\/10\/20-300x169.jpg 300w, https:\/\/culturaneuroactiva.com\/site\/wp-content\/uploads\/2021\/10\/20-1024x576.jpg 1024w, https:\/\/culturaneuroactiva.com\/site\/wp-content\/uploads\/2021\/10\/20-768x432.jpg 768w, https:\/\/culturaneuroactiva.com\/site\/wp-content\/uploads\/2021\/10\/20-1536x864.jpg 1536w, https:\/\/culturaneuroactiva.com\/site\/wp-content\/uploads\/2021\/10\/20.jpg 1600w\" sizes=\"auto, (max-width: 660px) 100vw, 660px\" \/><\/a><\/p>\n<p>&nbsp;<\/p>\n<h6><strong><a href=\"http:\/\/www.culturaneuroactiva.com\">www.culturaneuroactiva.com<\/a><\/strong><\/h6>\n<h6><strong><a href=\"mailto:info@culturaneuroactiva.com\">servicios@culturaneuroactiva.com<\/a><\/strong><\/h6>\n<p>&nbsp;<\/p>\n<p>&nbsp;<\/p>\n","protected":false},"excerpt":{"rendered":"<p>-FICHA T\u00c9CNICA- En estos tiempos en donde nos vemos expuestos a altas cargas virales provenientes de nuestros entornos cotidianos, es<\/p>\n","protected":false},"author":1,"featured_media":0,"parent":0,"menu_order":0,"comment_status":"closed","ping_status":"closed","template":"","meta":{"colormag_page_layout":"no_sidebar_content_centered","footnotes":""},"class_list":["post-2962","page","type-page","status-publish","hentry"],"yoast_head":"<!-- This site is optimized with the Yoast SEO plugin v25.6 - https:\/\/yoast.com\/wordpress\/plugins\/seo\/ -->\n<title>Azul Fr\u00edo - Cultura Neuroactiva<\/title>\n<meta name=\"robots\" content=\"index, follow, max-snippet:-1, max-image-preview:large, max-video-preview:-1\" \/>\n<link rel=\"canonical\" href=\"https:\/\/culturaneuroactiva.com\/site\/azul-frio\/\" \/>\n<meta property=\"og:locale\" content=\"es_ES\" \/>\n<meta property=\"og:type\" content=\"article\" \/>\n<meta property=\"og:title\" content=\"Azul Fr\u00edo - Cultura Neuroactiva\" \/>\n<meta property=\"og:description\" content=\"-FICHA T\u00c9CNICA- En estos tiempos en donde nos vemos expuestos a altas cargas virales provenientes de nuestros entornos cotidianos, es\" \/>\n<meta property=\"og:url\" content=\"https:\/\/culturaneuroactiva.com\/site\/azul-frio\/\" \/>\n<meta property=\"og:site_name\" content=\"Cultura Neuroactiva\" \/>\n<meta property=\"article:publisher\" content=\"https:\/\/www.facebook.com\/cultura.neuroactiva\" \/>\n<meta property=\"article:modified_time\" content=\"2025-03-15T21:43:24+00:00\" \/>\n<meta property=\"og:image\" content=\"http:\/\/culturaneuroactiva.com\/site\/wp-content\/uploads\/2021\/09\/Azul-Frio-1-2-206x300.jpg\" \/>\n<meta name=\"twitter:card\" content=\"summary_large_image\" \/>\n<meta name=\"twitter:label1\" content=\"Tiempo de lectura\" \/>\n\t<meta name=\"twitter:data1\" content=\"2 minutos\" \/>\n<script type=\"application\/ld+json\" class=\"yoast-schema-graph\">{\"@context\":\"https:\/\/schema.org\",\"@graph\":[{\"@type\":\"WebPage\",\"@id\":\"https:\/\/culturaneuroactiva.com\/site\/azul-frio\/\",\"url\":\"https:\/\/culturaneuroactiva.com\/site\/azul-frio\/\",\"name\":\"Azul Fr\u00edo - Cultura Neuroactiva\",\"isPartOf\":{\"@id\":\"https:\/\/culturaneuroactiva.com\/site\/#website\"},\"primaryImageOfPage\":{\"@id\":\"https:\/\/culturaneuroactiva.com\/site\/azul-frio\/#primaryimage\"},\"image\":{\"@id\":\"https:\/\/culturaneuroactiva.com\/site\/azul-frio\/#primaryimage\"},\"thumbnailUrl\":\"http:\/\/culturaneuroactiva.com\/site\/wp-content\/uploads\/2021\/09\/Azul-Frio-1-2-206x300.jpg\",\"datePublished\":\"2021-09-21T10:01:46+00:00\",\"dateModified\":\"2025-03-15T21:43:24+00:00\",\"breadcrumb\":{\"@id\":\"https:\/\/culturaneuroactiva.com\/site\/azul-frio\/#breadcrumb\"},\"inLanguage\":\"es\",\"potentialAction\":[{\"@type\":\"ReadAction\",\"target\":[\"https:\/\/culturaneuroactiva.com\/site\/azul-frio\/\"]}]},{\"@type\":\"ImageObject\",\"inLanguage\":\"es\",\"@id\":\"https:\/\/culturaneuroactiva.com\/site\/azul-frio\/#primaryimage\",\"url\":\"http:\/\/culturaneuroactiva.com\/site\/wp-content\/uploads\/2021\/09\/Azul-Frio-1-2-206x300.jpg\",\"contentUrl\":\"http:\/\/culturaneuroactiva.com\/site\/wp-content\/uploads\/2021\/09\/Azul-Frio-1-2-206x300.jpg\"},{\"@type\":\"BreadcrumbList\",\"@id\":\"https:\/\/culturaneuroactiva.com\/site\/azul-frio\/#breadcrumb\",\"itemListElement\":[{\"@type\":\"ListItem\",\"position\":1,\"name\":\"Portada\",\"item\":\"https:\/\/culturaneuroactiva.com\/site\/\"},{\"@type\":\"ListItem\",\"position\":2,\"name\":\"Azul Fr\u00edo\"}]},{\"@type\":\"WebSite\",\"@id\":\"https:\/\/culturaneuroactiva.com\/site\/#website\",\"url\":\"https:\/\/culturaneuroactiva.com\/site\/\",\"name\":\"Cultura Neuroactiva\",\"description\":\"Gu\u00edas del Vivir Consciente\",\"potentialAction\":[{\"@type\":\"SearchAction\",\"target\":{\"@type\":\"EntryPoint\",\"urlTemplate\":\"https:\/\/culturaneuroactiva.com\/site\/?s={search_term_string}\"},\"query-input\":{\"@type\":\"PropertyValueSpecification\",\"valueRequired\":true,\"valueName\":\"search_term_string\"}}],\"inLanguage\":\"es\"}]}<\/script>\n<!-- \/ Yoast SEO plugin. -->","yoast_head_json":{"title":"Azul Fr\u00edo - Cultura Neuroactiva","robots":{"index":"index","follow":"follow","max-snippet":"max-snippet:-1","max-image-preview":"max-image-preview:large","max-video-preview":"max-video-preview:-1"},"canonical":"https:\/\/culturaneuroactiva.com\/site\/azul-frio\/","og_locale":"es_ES","og_type":"article","og_title":"Azul Fr\u00edo - Cultura Neuroactiva","og_description":"-FICHA T\u00c9CNICA- En estos tiempos en donde nos vemos expuestos a altas cargas virales provenientes de nuestros entornos cotidianos, es","og_url":"https:\/\/culturaneuroactiva.com\/site\/azul-frio\/","og_site_name":"Cultura Neuroactiva","article_publisher":"https:\/\/www.facebook.com\/cultura.neuroactiva","article_modified_time":"2025-03-15T21:43:24+00:00","og_image":[{"url":"http:\/\/culturaneuroactiva.com\/site\/wp-content\/uploads\/2021\/09\/Azul-Frio-1-2-206x300.jpg","type":"","width":"","height":""}],"twitter_card":"summary_large_image","twitter_misc":{"Tiempo de lectura":"2 minutos"},"schema":{"@context":"https:\/\/schema.org","@graph":[{"@type":"WebPage","@id":"https:\/\/culturaneuroactiva.com\/site\/azul-frio\/","url":"https:\/\/culturaneuroactiva.com\/site\/azul-frio\/","name":"Azul Fr\u00edo - Cultura Neuroactiva","isPartOf":{"@id":"https:\/\/culturaneuroactiva.com\/site\/#website"},"primaryImageOfPage":{"@id":"https:\/\/culturaneuroactiva.com\/site\/azul-frio\/#primaryimage"},"image":{"@id":"https:\/\/culturaneuroactiva.com\/site\/azul-frio\/#primaryimage"},"thumbnailUrl":"http:\/\/culturaneuroactiva.com\/site\/wp-content\/uploads\/2021\/09\/Azul-Frio-1-2-206x300.jpg","datePublished":"2021-09-21T10:01:46+00:00","dateModified":"2025-03-15T21:43:24+00:00","breadcrumb":{"@id":"https:\/\/culturaneuroactiva.com\/site\/azul-frio\/#breadcrumb"},"inLanguage":"es","potentialAction":[{"@type":"ReadAction","target":["https:\/\/culturaneuroactiva.com\/site\/azul-frio\/"]}]},{"@type":"ImageObject","inLanguage":"es","@id":"https:\/\/culturaneuroactiva.com\/site\/azul-frio\/#primaryimage","url":"http:\/\/culturaneuroactiva.com\/site\/wp-content\/uploads\/2021\/09\/Azul-Frio-1-2-206x300.jpg","contentUrl":"http:\/\/culturaneuroactiva.com\/site\/wp-content\/uploads\/2021\/09\/Azul-Frio-1-2-206x300.jpg"},{"@type":"BreadcrumbList","@id":"https:\/\/culturaneuroactiva.com\/site\/azul-frio\/#breadcrumb","itemListElement":[{"@type":"ListItem","position":1,"name":"Portada","item":"https:\/\/culturaneuroactiva.com\/site\/"},{"@type":"ListItem","position":2,"name":"Azul Fr\u00edo"}]},{"@type":"WebSite","@id":"https:\/\/culturaneuroactiva.com\/site\/#website","url":"https:\/\/culturaneuroactiva.com\/site\/","name":"Cultura Neuroactiva","description":"Gu\u00edas del Vivir Consciente","potentialAction":[{"@type":"SearchAction","target":{"@type":"EntryPoint","urlTemplate":"https:\/\/culturaneuroactiva.com\/site\/?s={search_term_string}"},"query-input":{"@type":"PropertyValueSpecification","valueRequired":true,"valueName":"search_term_string"}}],"inLanguage":"es"}]}},"_links":{"self":[{"href":"https:\/\/culturaneuroactiva.com\/site\/wp-json\/wp\/v2\/pages\/2962","targetHints":{"allow":["GET"]}}],"collection":[{"href":"https:\/\/culturaneuroactiva.com\/site\/wp-json\/wp\/v2\/pages"}],"about":[{"href":"https:\/\/culturaneuroactiva.com\/site\/wp-json\/wp\/v2\/types\/page"}],"author":[{"embeddable":true,"href":"https:\/\/culturaneuroactiva.com\/site\/wp-json\/wp\/v2\/users\/1"}],"replies":[{"embeddable":true,"href":"https:\/\/culturaneuroactiva.com\/site\/wp-json\/wp\/v2\/comments?post=2962"}],"version-history":[{"count":15,"href":"https:\/\/culturaneuroactiva.com\/site\/wp-json\/wp\/v2\/pages\/2962\/revisions"}],"predecessor-version":[{"id":3543,"href":"https:\/\/culturaneuroactiva.com\/site\/wp-json\/wp\/v2\/pages\/2962\/revisions\/3543"}],"wp:attachment":[{"href":"https:\/\/culturaneuroactiva.com\/site\/wp-json\/wp\/v2\/media?parent=2962"}],"curies":[{"name":"wp","href":"https:\/\/api.w.org\/{rel}","templated":true}]}}