{"id":2905,"date":"2021-09-21T03:34:46","date_gmt":"2021-09-21T03:34:46","guid":{"rendered":"http:\/\/culturaneuroactiva.com\/site\/?page_id=2905"},"modified":"2021-10-06T05:04:52","modified_gmt":"2021-10-06T05:04:52","slug":"comunidad-virtual","status":"publish","type":"page","link":"https:\/\/culturaneuroactiva.com\/site\/comunidad-virtual\/","title":{"rendered":"Comunidad Virtual"},"content":{"rendered":"<h5><\/h5>\n<h5><span style=\"color: #008080;\"><strong>Los Grupos Virtuales en los que puede inscribirse, son los siguientes:<\/strong><\/span><\/h5>\n<p>&nbsp;<\/p>\n<h5><span style=\"color: #008080;\"><strong>Cultura Neuroactiva (en Instagram y Facebook)<\/strong><\/span><\/h5>\n<ul>\n<li>\n<h6>Ingrese a nuestra comunidad para que se entere sobre el universo de las Personas Altamente Sensibles, y reciba semanalmente toda la informaci\u00f3n de nuestras actividades, eventos en l\u00ednea, campa\u00f1as y proyectos. Conozca personas similares, y participe en la conformaci\u00f3n de Grupos PAS. Comp\u00e1rtanos sus ideas, comentarios y aportes.<\/h6>\n<\/li>\n<li>\n<h6>Para inscribirse, h\u00e1galo directamente a trav\u00e9s de Instagram o de Facebook.<\/h6>\n<\/li>\n<\/ul>\n<h5><strong><span style=\"color: #008080;\">Cultura Neuroactiva (en WhatsApp)<\/span><\/strong><\/h5>\n<ul>\n<li>\n<h6>Reciba todos los d\u00edas la mejor selecci\u00f3n de contenidos, sobre PAS, salud interior y vivir consciente, junto con toda la informaci\u00f3n de nuestros eventos.<\/h6>\n<\/li>\n<li>\n<h6>Para inscribirse, env\u00edenos al correo <a href=\"mailto:info@culturaneuroactiva.com\">info@culturaneuroactiva.com<\/a>, su nombre y apellido, el nombre del proyecto en el que quiere participar (Grupo de Cultura Neuroactiva), junto con su n\u00famero de WhatsApp, cuidad y pa\u00eds.<\/h6>\n<\/li>\n<\/ul>\n<h5><strong><span style=\"color: #008080;\">\u00a0Conversatorios Virtuales<\/span><\/strong><\/h5>\n<ul>\n<li>\n<h6>Los Conversatorios Virtuales son las actividades principales de los \u201cGrupos PAS\u201d, cada Grupo tiene su propio Conversatorio. Participe en la construcci\u00f3n de estos conversatorios que sirven para conocer otras Personas Altamente Sensibles, aportar, divertirse y aprender sobre temas de inter\u00e9s.<\/h6>\n<\/li>\n<li>\n<h6>Cada conversatorio se notificar\u00e1 una semana antes a trav\u00e9s de nuestra P\u00e1gina, de los Grupos Virtuales, y de nuestras redes sociales.<\/h6>\n<\/li>\n<li>\n<h6>Para mayor informaci\u00f3n comun\u00edquese al WhatsApp +57 3127994357.<\/h6>\n<\/li>\n<\/ul>\n<h6><\/h6>\n<p>&nbsp;<\/p>\n<h5><span style=\"color: #008080;\"><strong>TERAPIAS PAS<\/strong><\/span><\/h5>\n<h6><strong>CITA PREVIA:\u00a0<\/strong>Cel.\u00a0+57 3127994357 \u00f3\u00a0culturaneuroactiva@gmail.com<\/h6>\n<h6><strong>DIRECCI\u00d3N:\u00a0<\/strong>Cll. 41 B sur #31 B \u2013 13 Apto.404 (Envigado, Gualandayes).<\/h6>\n<p>&nbsp;<\/p>\n<h6><strong><a href=\"http:\/\/www.culturaneuroactiva.com\">www.culturaneuroactiva.com<\/a><\/strong><\/h6>\n","protected":false},"excerpt":{"rendered":"<p>Los Grupos Virtuales en los que puede inscribirse, son los siguientes: &nbsp; Cultura Neuroactiva (en Instagram y Facebook) Ingrese a<\/p>\n","protected":false},"author":1,"featured_media":0,"parent":0,"menu_order":0,"comment_status":"closed","ping_status":"closed","template":"","meta":{"colormag_page_layout":"no_sidebar_content_centered","footnotes":""},"class_list":["post-2905","page","type-page","status-publish","hentry"],"yoast_head":"<!-- This site is optimized with the Yoast SEO plugin v25.6 - https:\/\/yoast.com\/wordpress\/plugins\/seo\/ -->\n<title>Comunidad Virtual - Cultura Neuroactiva<\/title>\n<meta name=\"robots\" content=\"index, follow, max-snippet:-1, max-image-preview:large, max-video-preview:-1\" \/>\n<link rel=\"canonical\" href=\"https:\/\/culturaneuroactiva.com\/site\/comunidad-virtual\/\" \/>\n<meta property=\"og:locale\" content=\"es_ES\" \/>\n<meta property=\"og:type\" content=\"article\" \/>\n<meta property=\"og:title\" content=\"Comunidad Virtual - Cultura Neuroactiva\" \/>\n<meta property=\"og:description\" content=\"Los Grupos Virtuales en los que puede inscribirse, son los siguientes: &nbsp; Cultura Neuroactiva (en Instagram y Facebook) Ingrese a\" \/>\n<meta property=\"og:url\" content=\"https:\/\/culturaneuroactiva.com\/site\/comunidad-virtual\/\" \/>\n<meta property=\"og:site_name\" content=\"Cultura Neuroactiva\" \/>\n<meta property=\"article:publisher\" content=\"https:\/\/www.facebook.com\/cultura.neuroactiva\" \/>\n<meta property=\"article:modified_time\" content=\"2021-10-06T05:04:52+00:00\" \/>\n<meta name=\"twitter:card\" content=\"summary_large_image\" \/>\n<meta name=\"twitter:label1\" content=\"Tiempo de lectura\" \/>\n\t<meta name=\"twitter:data1\" content=\"1 minuto\" \/>\n<script type=\"application\/ld+json\" class=\"yoast-schema-graph\">{\"@context\":\"https:\/\/schema.org\",\"@graph\":[{\"@type\":\"WebPage\",\"@id\":\"https:\/\/culturaneuroactiva.com\/site\/comunidad-virtual\/\",\"url\":\"https:\/\/culturaneuroactiva.com\/site\/comunidad-virtual\/\",\"name\":\"Comunidad Virtual - Cultura Neuroactiva\",\"isPartOf\":{\"@id\":\"https:\/\/culturaneuroactiva.com\/site\/#website\"},\"datePublished\":\"2021-09-21T03:34:46+00:00\",\"dateModified\":\"2021-10-06T05:04:52+00:00\",\"breadcrumb\":{\"@id\":\"https:\/\/culturaneuroactiva.com\/site\/comunidad-virtual\/#breadcrumb\"},\"inLanguage\":\"es\",\"potentialAction\":[{\"@type\":\"ReadAction\",\"target\":[\"https:\/\/culturaneuroactiva.com\/site\/comunidad-virtual\/\"]}]},{\"@type\":\"BreadcrumbList\",\"@id\":\"https:\/\/culturaneuroactiva.com\/site\/comunidad-virtual\/#breadcrumb\",\"itemListElement\":[{\"@type\":\"ListItem\",\"position\":1,\"name\":\"Portada\",\"item\":\"https:\/\/culturaneuroactiva.com\/site\/\"},{\"@type\":\"ListItem\",\"position\":2,\"name\":\"Comunidad Virtual\"}]},{\"@type\":\"WebSite\",\"@id\":\"https:\/\/culturaneuroactiva.com\/site\/#website\",\"url\":\"https:\/\/culturaneuroactiva.com\/site\/\",\"name\":\"Cultura Neuroactiva\",\"description\":\"Gu\u00edas del Vivir Consciente\",\"potentialAction\":[{\"@type\":\"SearchAction\",\"target\":{\"@type\":\"EntryPoint\",\"urlTemplate\":\"https:\/\/culturaneuroactiva.com\/site\/?s={search_term_string}\"},\"query-input\":{\"@type\":\"PropertyValueSpecification\",\"valueRequired\":true,\"valueName\":\"search_term_string\"}}],\"inLanguage\":\"es\"}]}<\/script>\n<!-- \/ Yoast SEO plugin. -->","yoast_head_json":{"title":"Comunidad Virtual - Cultura Neuroactiva","robots":{"index":"index","follow":"follow","max-snippet":"max-snippet:-1","max-image-preview":"max-image-preview:large","max-video-preview":"max-video-preview:-1"},"canonical":"https:\/\/culturaneuroactiva.com\/site\/comunidad-virtual\/","og_locale":"es_ES","og_type":"article","og_title":"Comunidad Virtual - Cultura Neuroactiva","og_description":"Los Grupos Virtuales en los que puede inscribirse, son los siguientes: &nbsp; Cultura Neuroactiva (en Instagram y Facebook) Ingrese a","og_url":"https:\/\/culturaneuroactiva.com\/site\/comunidad-virtual\/","og_site_name":"Cultura Neuroactiva","article_publisher":"https:\/\/www.facebook.com\/cultura.neuroactiva","article_modified_time":"2021-10-06T05:04:52+00:00","twitter_card":"summary_large_image","twitter_misc":{"Tiempo de lectura":"1 minuto"},"schema":{"@context":"https:\/\/schema.org","@graph":[{"@type":"WebPage","@id":"https:\/\/culturaneuroactiva.com\/site\/comunidad-virtual\/","url":"https:\/\/culturaneuroactiva.com\/site\/comunidad-virtual\/","name":"Comunidad Virtual - Cultura Neuroactiva","isPartOf":{"@id":"https:\/\/culturaneuroactiva.com\/site\/#website"},"datePublished":"2021-09-21T03:34:46+00:00","dateModified":"2021-10-06T05:04:52+00:00","breadcrumb":{"@id":"https:\/\/culturaneuroactiva.com\/site\/comunidad-virtual\/#breadcrumb"},"inLanguage":"es","potentialAction":[{"@type":"ReadAction","target":["https:\/\/culturaneuroactiva.com\/site\/comunidad-virtual\/"]}]},{"@type":"BreadcrumbList","@id":"https:\/\/culturaneuroactiva.com\/site\/comunidad-virtual\/#breadcrumb","itemListElement":[{"@type":"ListItem","position":1,"name":"Portada","item":"https:\/\/culturaneuroactiva.com\/site\/"},{"@type":"ListItem","position":2,"name":"Comunidad Virtual"}]},{"@type":"WebSite","@id":"https:\/\/culturaneuroactiva.com\/site\/#website","url":"https:\/\/culturaneuroactiva.com\/site\/","name":"Cultura Neuroactiva","description":"Gu\u00edas del Vivir Consciente","potentialAction":[{"@type":"SearchAction","target":{"@type":"EntryPoint","urlTemplate":"https:\/\/culturaneuroactiva.com\/site\/?s={search_term_string}"},"query-input":{"@type":"PropertyValueSpecification","valueRequired":true,"valueName":"search_term_string"}}],"inLanguage":"es"}]}},"_links":{"self":[{"href":"https:\/\/culturaneuroactiva.com\/site\/wp-json\/wp\/v2\/pages\/2905","targetHints":{"allow":["GET"]}}],"collection":[{"href":"https:\/\/culturaneuroactiva.com\/site\/wp-json\/wp\/v2\/pages"}],"about":[{"href":"https:\/\/culturaneuroactiva.com\/site\/wp-json\/wp\/v2\/types\/page"}],"author":[{"embeddable":true,"href":"https:\/\/culturaneuroactiva.com\/site\/wp-json\/wp\/v2\/users\/1"}],"replies":[{"embeddable":true,"href":"https:\/\/culturaneuroactiva.com\/site\/wp-json\/wp\/v2\/comments?post=2905"}],"version-history":[{"count":11,"href":"https:\/\/culturaneuroactiva.com\/site\/wp-json\/wp\/v2\/pages\/2905\/revisions"}],"predecessor-version":[{"id":3061,"href":"https:\/\/culturaneuroactiva.com\/site\/wp-json\/wp\/v2\/pages\/2905\/revisions\/3061"}],"wp:attachment":[{"href":"https:\/\/culturaneuroactiva.com\/site\/wp-json\/wp\/v2\/media?parent=2905"}],"curies":[{"name":"wp","href":"https:\/\/api.w.org\/{rel}","templated":true}]}}