{"id":2848,"date":"2021-09-17T19:57:30","date_gmt":"2021-09-17T19:57:30","guid":{"rendered":"http:\/\/culturaneuroactiva.com\/site\/?page_id=2848"},"modified":"2021-10-20T04:55:59","modified_gmt":"2021-10-20T04:55:59","slug":"autoterapia-cristal","status":"publish","type":"page","link":"https:\/\/culturaneuroactiva.com\/site\/autoterapia-cristal\/","title":{"rendered":"Autoterapia Cristal"},"content":{"rendered":"<h5><span style=\"color: #008080;\">La Alta Sensibilidad o Neuroactivaci\u00f3n no implica tener problemas ni enfermedades psicoemocionales, estas patolog\u00edas se originan debido al desconocimiento que la misma persona tiene sobre las PAS, lo cual hace que viva la etapa y afronte las pruebas de forma desestructurada, y estos malos manejos es lo que origina las enfermedades, m\u00e1s no lo es su Alta Sensibilidad.<\/span><\/h5>\n<p>&nbsp;<\/p>\n<h6><a href=\"http:\/\/culturaneuroactiva.com\/site\/wp-content\/uploads\/2021\/09\/RED-PAS-8.jpg\"><img loading=\"lazy\" decoding=\"async\" class=\" wp-image-2849 aligncenter\" src=\"http:\/\/culturaneuroactiva.com\/site\/wp-content\/uploads\/2021\/09\/RED-PAS-8-300x130.jpg\" alt=\"\" width=\"672\" height=\"292\" srcset=\"https:\/\/culturaneuroactiva.com\/site\/wp-content\/uploads\/2021\/09\/RED-PAS-8-300x130.jpg 300w, https:\/\/culturaneuroactiva.com\/site\/wp-content\/uploads\/2021\/09\/RED-PAS-8-768x333.jpg 768w, https:\/\/culturaneuroactiva.com\/site\/wp-content\/uploads\/2021\/09\/RED-PAS-8.jpg 960w\" sizes=\"auto, (max-width: 672px) 100vw, 672px\" \/><\/a><\/h6>\n<h6>Saber cu\u00e1l es la causa estructural de cada s\u00edntoma o patolog\u00eda nos permite conocer su l\u00ednea de tratamiento, por eso en esta Autoterapia primero vamos a ver las necesidades de cada etapa, luego veremos las causas de las enfermedades, que corresponden a las tres clases de satisfactores malos con los que alimentamos estas necesidades, y por \u00faltimo estudiaremos sus soluciones, que corresponden a los satisfactores saludables con los que se pasa del pecado a la virtud.<\/h6>\n<h6>Dicho en otras palabras, frente a las necesidades de cada etapa, existen seis alternativas: 1. Darles satisfactores o alimentos t\u00f3xicos. 2. Darle satisfactores saludables. 3. No darles ning\u00fan alimento. 4. Alimentarlas en su justa medida. 5. Sobrealimentarlas. 6. Quitar el exceso de alimento.<\/h6>\n<h6>A continuaci\u00f3n veremos estos seis puntos aplicados a las problem\u00e1ticas que viven las Personas Cristal, con el objetivo de ofrecer las herramientas para que cada quien pueda hacer su propia Autoterapia.<\/h6>\n<h6><strong>\u00a0<\/strong><\/h6>\n<h5><span style=\"color: #008080;\"><strong>Necesidades Cristal<\/strong><\/span><\/h5>\n<ul>\n<li>\n<h6>Alcanzar la maestr\u00eda en el manejo de la Realidad Espiritual, lo que corresponde al total desarrollo de las capacidades del Modo Cognitivo Espiritual (hemisferio derecho). Aprender a manejar el mundo f\u00edsico desde el mundo espiritual. Aprender a activar y a manejar las habilidades mentales.<\/h6>\n<\/li>\n<li>\n<h6>Encontrar la conexi\u00f3n trascendente o activar la conexi\u00f3n interior de forma voluntaria, lo cual se alcanza logrando el manejo de alguna de las metodolog\u00edas psicoespirituales que posibilitan la conexi\u00f3n consciente con el mundo espiritual, como por ejemplo la meditaci\u00f3n, el yoga o los rituales ancestrales.<\/h6>\n<\/li>\n<li>\n<h6>Cambiar el manejo de la realidad. Aprender a soltar el control, ya que en este nivel de conciencia las cosas no se mueven por disciplina y esfuerzo, sino por frecuencia y correspondencia, por lo tanto a la persona le toca dar el salto del ego a la no importancia personal, y del hacer con esfuerzo al hacer sin esfuerzo o no hacer, lo cual implica ser impecable para ahorrar energ\u00eda y activar el magnetismo personal, y tambi\u00e9n implica aprender a canalizar para recibir instrucciones y dirigir las acciones en la vida cotidiana.<\/h6>\n<\/li>\n<li>\n<h6>Seguir el camino con coraz\u00f3n, profesionalizar el hobbie y que le paguen por hacer lo que m\u00e1s le guste. Encontrar y desarrollar los talentos espirituales, y construir con ellos productos o servicios en los que se centre la persona y se base el proyecto de vida.<\/h6>\n<\/li>\n<li>\n<h6>Desconectarse del sistema pero conservar un buen polo a tierra, esto implica salirse del estudio o del trabajo y vivir medio aislado debido a la condici\u00f3n semi-autista por la que se atraviesa, pero sin descuidar las obligaciones del mundo, lo cual plantea todo un reto por resolver.<\/h6>\n<\/li>\n<li>\n<h6>Trabajar la sombra personal, o sea, enfrentar y sanar los defectos.<\/h6>\n<\/li>\n<li>\n<h6>Aprender t\u00e9cnicas para defenderse de los ataques de la oscuridad.<\/h6>\n<\/li>\n<\/ul>\n<h5><span style=\"color: #008080;\"><strong>\u00a0<\/strong><strong>Patolog\u00edas por Satisfactores T\u00f3xicos<\/strong><\/span><\/h5>\n<ul>\n<li>\n<h6>Vivir desfasado de la realidad presente y del contexto hist\u00f3rico-social, tener necesidades que no encuentren satisfactores en el mundo externo.<\/h6>\n<\/li>\n<li>\n<h6>Trastornos mentales, que los l\u00edmites que separan lo real de lo irreal empiecen a verse difusos o poco claros.<\/h6>\n<\/li>\n<li>\n<h6>Locura m\u00edstica.<\/h6>\n<\/li>\n<li>\n<h6>Toda clase de adicciones: drogadicci\u00f3n, alcoholismo, ludopat\u00eda, anorexia.<\/h6>\n<\/li>\n<li>\n<h6>Dualidad psicol\u00f3gica, personalidad m\u00faltiple, psicosis, esquizofrenia.<\/h6>\n<\/li>\n<li>\n<h6>Desadaptaci\u00f3n social y problemas relaciones.<\/h6>\n<\/li>\n<\/ul>\n<h5><span style=\"color: #008080;\"><em>\u00a0<\/em><strong>SOLUCIONES (por Satisfactores T\u00f3xicos)<\/strong><\/span><\/h5>\n<ul>\n<li>\n<h6>Trabajarle a la integraci\u00f3n de los yoes multidimensionales negativos.<\/h6>\n<\/li>\n<li>\n<h6>Conseguir y manejar los diversos implementos para el misticismo personal: sahumerios, velas, vestuario ritual, objetos de poder, m\u00fasicas sagradas, instrumentos ind\u00edgenas, etc.<\/h6>\n<\/li>\n<li>\n<h6>Tratar siempre de ser una mejor persona, trabajarle a la depuraci\u00f3n del yo a trav\u00e9s del manejo de las emociones, los instintos b\u00e1sicos y la importancia personal.<\/h6>\n<\/li>\n<li>\n<h6>Aprender mecanismos de activaci\u00f3n del Modo Cognitivo Espiritual.<\/h6>\n<\/li>\n<li>\n<h6>Los rituales ind\u00edgenas de sanaci\u00f3n: limpias, purgas, b\u00fasqueda de visi\u00f3n, toma de plantas de poder.<\/h6>\n<\/li>\n<li>\n<h6>Las adicciones y las tendencias suicidas son ocasionadas, debido a que la Neuroactivaci\u00f3n conduce a que la persona sienta una creciente necesidad de entrar en contacto con el mundo espiritual, y al no contar a\u00fan con la forma para realizarlo, esta necesidad se ve frustrada y se transforma en un sinsentido cada vez mayor; a esto se le suma que la persona neuroactiva tiene una frecuencia diferente a la del mundo, debido a lo cual debe afrontar sola m\u00faltiples desventajas.<\/h6>\n<\/li>\n<li>\n<h6>Resolver el yo integrando los yoes multidimensionales no trabajados, esforzarse por ser una persona humilde, ecu\u00e1nime e impecable. Trabajarle al manejo de las emociones, los instintos b\u00e1sicos, la sombra y la importancia personal.<\/h6>\n<\/li>\n<\/ul>\n<h5><span style=\"color: #008080;\"><strong>\u00a0<\/strong><strong>Patolog\u00edas por Falta de Satisfactores<\/strong><\/span><\/h5>\n<ul>\n<li>\n<h6>Perder el amor a s\u00ed mismo, indiferencia, distanciamiento, letargo.<\/h6>\n<\/li>\n<li>\n<h6>Emociones desbordadas, irritabilidad, baja tolerancia ante la frustraci\u00f3n, llanto espont\u00e1neo, nerviosismo, crisis de p\u00e1nico, reacciones explosivas, rabia contra el mundo.<\/h6>\n<\/li>\n<li>\n<h6>Depresi\u00f3n, desmotivaci\u00f3n, crisis existenciales, ataques de sinsentido, trastorno bipolar.<\/h6>\n<\/li>\n<\/ul>\n<h5><span style=\"color: #008080;\"><em>\u00a0<\/em><strong>SOLUCIONES (por Falta de Satisfactores)<\/strong><\/span><\/h5>\n<ul>\n<li>\n<h6>Reconectarse con el yo interno (la voz de la consciencia).<\/h6>\n<\/li>\n<li>\n<h6>Volverse amigo de la soledad, el aquietamiento y el silencio interno.<\/h6>\n<\/li>\n<li>\n<h6>Buscar la trascendencia y encaminarse hacia la libertad.<\/h6>\n<\/li>\n<li>\n<h6>Guiarse m\u00e1s por el sentir que por lo racional, pero sin perder el equilibrio.<\/h6>\n<\/li>\n<li>\n<h6>Alejarse parcialmente del mundo (estudio o trabajo) para dedicarse al estudio del ser interno y al desarrollo de las habilidades mentales. El adulto cristal necesita que lo cubran en los aspectos del mundo que le son imposible de abarcar, ya que toda su energ\u00eda, su esfuerzo y su tiempo, los tiene depositados en asuntos relacionados con el trabajo interior (de tem\u00e1tica mental o espiritual), esto hace que casi todos los aspectos externos entren en crisis, como por ejemplo la supervivencia, el trabajo, el estudio, la familia, las relaciones, etc.<\/h6>\n<\/li>\n<li>\n<h6>Tambi\u00e9n resulta de gran ayuda: tranquilizarse, soltarse, creer en el destino, recuperar la fe, confiar en que la vida sabe c\u00f3mo hace las cosas, aceptar las ense\u00f1anzas o las pruebas que lleguen, aprender a fluir con las circunstancias, ser humilde, tolerante y adaptativo.<\/h6>\n<\/li>\n<li>\n<h6>Lo m\u00e1s importante es no perder la esperanza, ni dejar de seguir los sue\u00f1os, ni de creer en el propio talento, buscando siempre el sentido y la pasi\u00f3n.<\/h6>\n<\/li>\n<li>\n<h6>Ser realista y asumir la diferencia con respecto al mundo, ayuda a salir del estado de v\u00edctima, para enfrentar las circunstancias con una nueva estrategia; dejarse de quejar favorece mucho el proceso ya que cambia la Programaci\u00f3n Neuroling\u00fc\u00edstica.<\/h6>\n<\/li>\n<\/ul>\n<h5><span style=\"color: #008080;\"><strong>Patolog\u00edas por Exceso de Satisfactores<\/strong><\/span><\/h5>\n<ul>\n<li>\n<h6>D\u00e9ficit de atenci\u00f3n, problemas de aprendizaje.<\/h6>\n<\/li>\n<li>\n<h6>Introversi\u00f3n, vivir en profunda soledad, no tener amigos.<\/h6>\n<\/li>\n<li>\n<h6>Semiautismo, aislamiento, sentirse ajeno a los asuntos del mundo, sentirse fuera de contexto, problemas para salir a la calle, sentirse rid\u00edculo e inc\u00f3modo en las reuniones sociales.<\/h6>\n<\/li>\n<li>\n<h6>Dificultad para enfocar la atenci\u00f3n en las cosas del mundo, ser elevado o despistado, p\u00e9rdida de la memoria, desubicaci\u00f3n temporal, sentir que las circunstancias se salen de las manos, perder el control en el manejo de la realidad.<\/h6>\n<\/li>\n<li>\n<h6>Problemas de comunicaci\u00f3n y en el manejo del lenguaje, dificultad para relacionarse, no tener con qui\u00e9n hablar, imposibilidad para sostener conversaciones mundanas, imposibilidad de retroalimentar la experiencia.<\/h6>\n<\/li>\n<li>\n<h6>Ser incomprendido, marginado, sentirse juzgado por ser diferente, necesidad de ser acogido y pertenecer, no sentirse amado, ni valorado.<\/h6>\n<\/li>\n<li>\n<h6>No aceptarse ni valorarse tal cual se es.<\/h6>\n<\/li>\n<li>\n<h6>Renunciar a los ideales, dejar de creer en la capacidad para alcanzar los sue\u00f1os.<\/h6>\n<\/li>\n<li>\n<h6>Dependencia econ\u00f3mica, tener bloqueada la capacidad de producci\u00f3n, dificultad para plasmar la genialidad en el afuera, producir excelentes ideas pero no lograr capitalizarlas por tener grandes impedimentos.<\/h6>\n<\/li>\n<li>\n<h6>Ser incapaz de hacer cualquier cosa que no se sienta.<\/h6>\n<\/li>\n<li>\n<h6>Surgimiento espont\u00e1neo de dones o habilidades que al inicio no se saben manejar.<\/h6>\n<\/li>\n<li>\n<h6>S\u00edntomas f\u00edsicos: migra\u00f1a, mareos, nauseas, sue\u00f1o excesivo, desenfoque de la visi\u00f3n, zumbido en los o\u00eddos.<\/h6>\n<\/li>\n<li>\n<h6>P\u00e9rdida del sentido temporal, desaparece el concepto de d\u00edas de la semana e incluso el de horas del d\u00eda.<\/h6>\n<\/li>\n<li>\n<h6>Pasar por dolorosos aprendizajes, grandes adversidades, estados de humillaci\u00f3n, fracasar luego de muchos intentos, sentirse impotente y abatido.<\/h6>\n<\/li>\n<li>\n<h6>A nivel arquet\u00edpico, en la etapa cristal se atraviesa por una de las pruebas m\u00e1s fuertes, que han llamado \u201cla noche oscura o la noche del alma, tambi\u00e9n conocida como la enfermedad cham\u00e1nica\u201d.<\/h6>\n<\/li>\n<li>\n<h6>Ser totalmente neutral ante las emociones, hasta el punto de eclipsar el sentir.<\/h6>\n<\/li>\n<li>\n<h6>Ausentismo y deserci\u00f3n escolar y laboral.<\/h6>\n<\/li>\n<li>\n<h6>Tendencias suicidas, intentos de suicidio, autodestrucci\u00f3n, perder el instinto de conservaci\u00f3n ya sea por dolor o por frustraci\u00f3n.<\/h6>\n<\/li>\n<\/ul>\n<h5><span style=\"color: #008080;\"><strong>SOLUCIONES (por Exceso de Satisfactores)<\/strong><\/span><\/h5>\n<ul>\n<li>\n<h6>Adecuar el sitio donde se habite, ya sea la habitaci\u00f3n, la casa o el sitio de trabajo, con dise\u00f1o contemplativo, decoraci\u00f3n eco-r\u00fastica, espacios tem\u00e1ticos, iluminaci\u00f3n tenue y fen shui. Habitar espacios con energ\u00eda positiva, que generen paz y tranquilidad.<\/h6>\n<\/li>\n<li>\n<h6>Incrementar el contacto con la naturaleza, el campo, las caminatas ecol\u00f3gicas, el ecoturismo, la pesca y la sensibilizaci\u00f3n natural.<\/h6>\n<\/li>\n<li>\n<h6>Cultivar plantas ornamentales, jardines y bons\u00e1is.<\/h6>\n<\/li>\n<li>\n<h6>Conseguir mascota, practicar la terapia con animales.<\/h6>\n<\/li>\n<li>\n<h6>Escuchar y hacer meditaciones con m\u00fasica contemplativa, m\u00edstica, cham\u00e1nica, tribal y \u00e9tnica.<\/h6>\n<\/li>\n<li>\n<h6>Aunque lo ideal es poder construir los sue\u00f1os y al mismo cumplir tiempo con las obligaciones del mundo, lo cierto es que en muchos casos este equilibrio con el mundo se pierde, mientras se logra agarrar bien la parte de los sue\u00f1os, el sentido y el sentir.<\/h6>\n<\/li>\n<li>\n<h6>Entender que la escasez, la impotencia y la presi\u00f3n, no son m\u00e1s que los maestros que ense\u00f1an la humildad, la valoraci\u00f3n y la compasi\u00f3n.<\/h6>\n<\/li>\n<li>\n<h6>Buscar asesor\u00eda para aprender a utilizar las facultades mentales que se despiertan.<\/h6>\n<\/li>\n<li>\n<h6>Concentrarse en un linaje espiritual y en recorrer su camino impecablemente.<\/h6>\n<\/li>\n<li>\n<h6>Saber que es natural atravesar por esta etapa semiautista, caracterizada por grandes pruebas psicol\u00f3gicas y aislamiento social, y que es natural sentirse a gusto y a salvo en el mundo del hemisferio derecho, dejando muchas veces de lado el mundo externo.<\/h6>\n<\/li>\n<li>\n<h6>No dejarse abrumar por todo lo que trae la vida o por todos los asuntos pendientes, se debe aprender a priorizar, a simplificar, a centrar la atenci\u00f3n (no hacer 20 cosas a la vez), a ser ecu\u00e1nime y disciplinado.<\/h6>\n<\/li>\n<li>\n<h6>Conseguir una pareja estable, lo cual concentra las energ\u00edas emocionales y sexuales, y permite trascender el instinto para llegar al sentido y al amor.<\/h6>\n<\/li>\n<li>\n<h6>Encontrar otras personas cristal, para as\u00ed tratar de no estar tan solo, ya que en este estado la soledad puede conducir al desgaste emocional, y hasta generar locura.<\/h6>\n<\/li>\n<li>\n<h6>En casos extremos es recomendable la Terapia Psicol\u00f3gica Transpersonal y la Programaci\u00f3n Neuro-Ling\u00fc\u00edstica.<\/h6>\n<\/li>\n<li>\n<h6>Orientaci\u00f3n y asesor\u00eda especializada para enfrentar los riesgos y las pruebas de la Neuroactivaci\u00f3n. Aprender conceptos b\u00e1sicos sobre estructura y manejo de este cambio neuropsicol\u00f3gico, para as\u00ed conocer muy bien qu\u00e9 se tiene y c\u00f3mo proceder de la mejor manera ante cualquier situaci\u00f3n por dif\u00edcil que sea.<\/h6>\n<\/li>\n<li>\n<h6>Los eventos dolorosos son para propiciar ciertos aprendizajes que se requieren, por lo general las grandes iniciaciones est\u00e1n marcadas por dif\u00edciles pruebas en la vida, que generan profundas transformaciones y traen consigo importantes dones; el dolor hace que el ser tenga que moverse y esforzarse para salir al mundo luciendo su nueva identidad. Si la persona se resiste al dolor y a la incomodidad, lo \u00fanico que logra es hacerse m\u00e1s da\u00f1o, ya que como se trata de un proceso psicol\u00f3gico y existencial, entonces pasar por esas circunstancias adversas es inminente, es algo que no se puede evadir, precisamente por tratarse de experiencias purificadoras y formativas.<\/h6>\n<\/li>\n<li>\n<h6>Rodearse de personas buenas, sinceras, espont\u00e1neas, positivas, originales y profundas, ubicar los nichos de inter\u00e9s, tener con quien retroalimentar la experiencia, y aliarse con personas afines para hacer grupos de estudio o proyectos en conjunto.<\/h6>\n<\/li>\n<li>\n<h6>Maestr\u00eda en el manejo del mundo interior.<\/h6>\n<\/li>\n<li>\n<h6>Total desarrollo de las capacidades del Modo Cognitivo Espiritual (hemisferio derecho). Desarrollo de las habilidades mentales.<\/h6>\n<\/li>\n<li>\n<h6>Conexi\u00f3n con la Realidad Espiritual, cambio voluntario de modo cognitivo (entrada), manejo y entrega del T\u00f3tem o hacer espiritual.<\/h6>\n<\/li>\n<li>\n<h6>Manejar muy bien la dimensi\u00f3n del no desear (no ser) y del no hacer (fluir en el instante presente).<\/h6>\n<\/li>\n<\/ul>\n<h6><strong>\u00a0<\/strong><\/h6>\n<h5><span style=\"color: #008080;\"><strong>TERAPIA CRISTAL<\/strong><\/span><\/h5>\n<ul>\n<li>\n<h6>Esta terapia se especializa en sanar las principales problem\u00e1ticas de las Personas Cristal, acompa\u00f1ar el proceso de cambio de conciencia, y ense\u00f1ar a manejar los modos de vida del nuevo paradigma, a quienes ya est\u00e1n en la nueva frecuencia pero que desconocen las t\u00e9cnicas para manejarla.<\/h6>\n<\/li>\n<li>\n<h6><strong>Citas o mayor informaci\u00f3n<\/strong>, comun\u00edquese al Celular +57 3127994357 o escriba al correo\u00a0<a href=\"mailto:culturaneuroactiva@gmail.com\">culturaneuroactiva@gmail.com<\/a><\/h6>\n<\/li>\n<\/ul>\n<h6><\/h6>\n<h6><strong><a href=\"http:\/\/www.culturaneuroactiva.com\/\">www.culturaneuroactiva.com<\/a><\/strong><\/h6>\n","protected":false},"excerpt":{"rendered":"<p>La Alta Sensibilidad o Neuroactivaci\u00f3n no implica tener problemas ni enfermedades psicoemocionales, estas patolog\u00edas se originan debido al desconocimiento que<\/p>\n","protected":false},"author":1,"featured_media":0,"parent":0,"menu_order":0,"comment_status":"closed","ping_status":"closed","template":"","meta":{"colormag_page_layout":"no_sidebar_content_centered","footnotes":""},"class_list":["post-2848","page","type-page","status-publish","hentry"],"yoast_head":"<!-- This site is optimized with the Yoast SEO plugin v25.6 - https:\/\/yoast.com\/wordpress\/plugins\/seo\/ -->\n<title>Autoterapia Cristal - Cultura Neuroactiva<\/title>\n<meta name=\"robots\" content=\"index, follow, max-snippet:-1, max-image-preview:large, max-video-preview:-1\" \/>\n<link rel=\"canonical\" href=\"https:\/\/culturaneuroactiva.com\/site\/autoterapia-cristal\/\" \/>\n<meta property=\"og:locale\" content=\"es_ES\" \/>\n<meta property=\"og:type\" content=\"article\" \/>\n<meta property=\"og:title\" content=\"Autoterapia Cristal - Cultura Neuroactiva\" \/>\n<meta property=\"og:description\" content=\"La Alta Sensibilidad o Neuroactivaci\u00f3n no implica tener problemas ni enfermedades psicoemocionales, estas patolog\u00edas se originan debido al desconocimiento que\" \/>\n<meta property=\"og:url\" content=\"https:\/\/culturaneuroactiva.com\/site\/autoterapia-cristal\/\" \/>\n<meta property=\"og:site_name\" content=\"Cultura Neuroactiva\" \/>\n<meta property=\"article:publisher\" content=\"https:\/\/www.facebook.com\/cultura.neuroactiva\" \/>\n<meta property=\"article:modified_time\" content=\"2021-10-20T04:55:59+00:00\" \/>\n<meta property=\"og:image\" content=\"http:\/\/culturaneuroactiva.com\/site\/wp-content\/uploads\/2021\/09\/RED-PAS-8-300x130.jpg\" \/>\n<meta name=\"twitter:card\" content=\"summary_large_image\" \/>\n<meta name=\"twitter:label1\" content=\"Tiempo de lectura\" \/>\n\t<meta name=\"twitter:data1\" content=\"10 minutos\" \/>\n<script type=\"application\/ld+json\" class=\"yoast-schema-graph\">{\"@context\":\"https:\/\/schema.org\",\"@graph\":[{\"@type\":\"WebPage\",\"@id\":\"https:\/\/culturaneuroactiva.com\/site\/autoterapia-cristal\/\",\"url\":\"https:\/\/culturaneuroactiva.com\/site\/autoterapia-cristal\/\",\"name\":\"Autoterapia Cristal - Cultura Neuroactiva\",\"isPartOf\":{\"@id\":\"https:\/\/culturaneuroactiva.com\/site\/#website\"},\"primaryImageOfPage\":{\"@id\":\"https:\/\/culturaneuroactiva.com\/site\/autoterapia-cristal\/#primaryimage\"},\"image\":{\"@id\":\"https:\/\/culturaneuroactiva.com\/site\/autoterapia-cristal\/#primaryimage\"},\"thumbnailUrl\":\"http:\/\/culturaneuroactiva.com\/site\/wp-content\/uploads\/2021\/09\/RED-PAS-8-300x130.jpg\",\"datePublished\":\"2021-09-17T19:57:30+00:00\",\"dateModified\":\"2021-10-20T04:55:59+00:00\",\"breadcrumb\":{\"@id\":\"https:\/\/culturaneuroactiva.com\/site\/autoterapia-cristal\/#breadcrumb\"},\"inLanguage\":\"es\",\"potentialAction\":[{\"@type\":\"ReadAction\",\"target\":[\"https:\/\/culturaneuroactiva.com\/site\/autoterapia-cristal\/\"]}]},{\"@type\":\"ImageObject\",\"inLanguage\":\"es\",\"@id\":\"https:\/\/culturaneuroactiva.com\/site\/autoterapia-cristal\/#primaryimage\",\"url\":\"http:\/\/culturaneuroactiva.com\/site\/wp-content\/uploads\/2021\/09\/RED-PAS-8-300x130.jpg\",\"contentUrl\":\"http:\/\/culturaneuroactiva.com\/site\/wp-content\/uploads\/2021\/09\/RED-PAS-8-300x130.jpg\"},{\"@type\":\"BreadcrumbList\",\"@id\":\"https:\/\/culturaneuroactiva.com\/site\/autoterapia-cristal\/#breadcrumb\",\"itemListElement\":[{\"@type\":\"ListItem\",\"position\":1,\"name\":\"Portada\",\"item\":\"https:\/\/culturaneuroactiva.com\/site\/\"},{\"@type\":\"ListItem\",\"position\":2,\"name\":\"Autoterapia Cristal\"}]},{\"@type\":\"WebSite\",\"@id\":\"https:\/\/culturaneuroactiva.com\/site\/#website\",\"url\":\"https:\/\/culturaneuroactiva.com\/site\/\",\"name\":\"Cultura Neuroactiva\",\"description\":\"Gu\u00edas del Vivir Consciente\",\"potentialAction\":[{\"@type\":\"SearchAction\",\"target\":{\"@type\":\"EntryPoint\",\"urlTemplate\":\"https:\/\/culturaneuroactiva.com\/site\/?s={search_term_string}\"},\"query-input\":{\"@type\":\"PropertyValueSpecification\",\"valueRequired\":true,\"valueName\":\"search_term_string\"}}],\"inLanguage\":\"es\"}]}<\/script>\n<!-- \/ Yoast SEO plugin. -->","yoast_head_json":{"title":"Autoterapia Cristal - Cultura Neuroactiva","robots":{"index":"index","follow":"follow","max-snippet":"max-snippet:-1","max-image-preview":"max-image-preview:large","max-video-preview":"max-video-preview:-1"},"canonical":"https:\/\/culturaneuroactiva.com\/site\/autoterapia-cristal\/","og_locale":"es_ES","og_type":"article","og_title":"Autoterapia Cristal - Cultura Neuroactiva","og_description":"La Alta Sensibilidad o Neuroactivaci\u00f3n no implica tener problemas ni enfermedades psicoemocionales, estas patolog\u00edas se originan debido al desconocimiento que","og_url":"https:\/\/culturaneuroactiva.com\/site\/autoterapia-cristal\/","og_site_name":"Cultura Neuroactiva","article_publisher":"https:\/\/www.facebook.com\/cultura.neuroactiva","article_modified_time":"2021-10-20T04:55:59+00:00","og_image":[{"url":"http:\/\/culturaneuroactiva.com\/site\/wp-content\/uploads\/2021\/09\/RED-PAS-8-300x130.jpg","type":"","width":"","height":""}],"twitter_card":"summary_large_image","twitter_misc":{"Tiempo de lectura":"10 minutos"},"schema":{"@context":"https:\/\/schema.org","@graph":[{"@type":"WebPage","@id":"https:\/\/culturaneuroactiva.com\/site\/autoterapia-cristal\/","url":"https:\/\/culturaneuroactiva.com\/site\/autoterapia-cristal\/","name":"Autoterapia Cristal - Cultura Neuroactiva","isPartOf":{"@id":"https:\/\/culturaneuroactiva.com\/site\/#website"},"primaryImageOfPage":{"@id":"https:\/\/culturaneuroactiva.com\/site\/autoterapia-cristal\/#primaryimage"},"image":{"@id":"https:\/\/culturaneuroactiva.com\/site\/autoterapia-cristal\/#primaryimage"},"thumbnailUrl":"http:\/\/culturaneuroactiva.com\/site\/wp-content\/uploads\/2021\/09\/RED-PAS-8-300x130.jpg","datePublished":"2021-09-17T19:57:30+00:00","dateModified":"2021-10-20T04:55:59+00:00","breadcrumb":{"@id":"https:\/\/culturaneuroactiva.com\/site\/autoterapia-cristal\/#breadcrumb"},"inLanguage":"es","potentialAction":[{"@type":"ReadAction","target":["https:\/\/culturaneuroactiva.com\/site\/autoterapia-cristal\/"]}]},{"@type":"ImageObject","inLanguage":"es","@id":"https:\/\/culturaneuroactiva.com\/site\/autoterapia-cristal\/#primaryimage","url":"http:\/\/culturaneuroactiva.com\/site\/wp-content\/uploads\/2021\/09\/RED-PAS-8-300x130.jpg","contentUrl":"http:\/\/culturaneuroactiva.com\/site\/wp-content\/uploads\/2021\/09\/RED-PAS-8-300x130.jpg"},{"@type":"BreadcrumbList","@id":"https:\/\/culturaneuroactiva.com\/site\/autoterapia-cristal\/#breadcrumb","itemListElement":[{"@type":"ListItem","position":1,"name":"Portada","item":"https:\/\/culturaneuroactiva.com\/site\/"},{"@type":"ListItem","position":2,"name":"Autoterapia Cristal"}]},{"@type":"WebSite","@id":"https:\/\/culturaneuroactiva.com\/site\/#website","url":"https:\/\/culturaneuroactiva.com\/site\/","name":"Cultura Neuroactiva","description":"Gu\u00edas del Vivir Consciente","potentialAction":[{"@type":"SearchAction","target":{"@type":"EntryPoint","urlTemplate":"https:\/\/culturaneuroactiva.com\/site\/?s={search_term_string}"},"query-input":{"@type":"PropertyValueSpecification","valueRequired":true,"valueName":"search_term_string"}}],"inLanguage":"es"}]}},"_links":{"self":[{"href":"https:\/\/culturaneuroactiva.com\/site\/wp-json\/wp\/v2\/pages\/2848","targetHints":{"allow":["GET"]}}],"collection":[{"href":"https:\/\/culturaneuroactiva.com\/site\/wp-json\/wp\/v2\/pages"}],"about":[{"href":"https:\/\/culturaneuroactiva.com\/site\/wp-json\/wp\/v2\/types\/page"}],"author":[{"embeddable":true,"href":"https:\/\/culturaneuroactiva.com\/site\/wp-json\/wp\/v2\/users\/1"}],"replies":[{"embeddable":true,"href":"https:\/\/culturaneuroactiva.com\/site\/wp-json\/wp\/v2\/comments?post=2848"}],"version-history":[{"count":8,"href":"https:\/\/culturaneuroactiva.com\/site\/wp-json\/wp\/v2\/pages\/2848\/revisions"}],"predecessor-version":[{"id":3139,"href":"https:\/\/culturaneuroactiva.com\/site\/wp-json\/wp\/v2\/pages\/2848\/revisions\/3139"}],"wp:attachment":[{"href":"https:\/\/culturaneuroactiva.com\/site\/wp-json\/wp\/v2\/media?parent=2848"}],"curies":[{"name":"wp","href":"https:\/\/api.w.org\/{rel}","templated":true}]}}