{"id":2844,"date":"2021-09-17T19:50:57","date_gmt":"2021-09-17T19:50:57","guid":{"rendered":"http:\/\/culturaneuroactiva.com\/site\/?page_id=2844"},"modified":"2021-10-20T05:07:34","modified_gmt":"2021-10-20T05:07:34","slug":"caracteristicas-cristal","status":"publish","type":"page","link":"https:\/\/culturaneuroactiva.com\/site\/caracteristicas-cristal\/","title":{"rendered":"Caracter\u00edsticas Cristal"},"content":{"rendered":"<h6><a href=\"http:\/\/culturaneuroactiva.com\/site\/wp-content\/uploads\/2021\/09\/RED-PAS-5.jpg\"><img loading=\"lazy\" decoding=\"async\" class=\" wp-image-2845 aligncenter\" src=\"http:\/\/culturaneuroactiva.com\/site\/wp-content\/uploads\/2021\/09\/RED-PAS-5-300x130.jpg\" alt=\"\" width=\"672\" height=\"291\" srcset=\"https:\/\/culturaneuroactiva.com\/site\/wp-content\/uploads\/2021\/09\/RED-PAS-5-300x130.jpg 300w, https:\/\/culturaneuroactiva.com\/site\/wp-content\/uploads\/2021\/09\/RED-PAS-5-768x333.jpg 768w, https:\/\/culturaneuroactiva.com\/site\/wp-content\/uploads\/2021\/09\/RED-PAS-5.jpg 960w\" sizes=\"auto, (max-width: 672px) 100vw, 672px\" \/><\/a><\/h6>\n<h5><span style=\"color: #008080;\"><strong>Perfil B\u00e1sico<\/strong><\/span><\/h5>\n<ul>\n<li>\n<h6>Son personas regidas por el sentir, por eso el aprendizaje lo realizan adentro, por canalizaci\u00f3n, en esa medida pasan por un retraimiento (opacamiento) del mundo, que les da caracter\u00edsticas semiautistas.<\/h6>\n<\/li>\n<li>\n<h6>Son personas muy sabias, sensibles, amorosas y bondadosas.<\/h6>\n<\/li>\n<li>\n<h6>Ven y sienten la realidad de otra manera, m\u00e1s integral y totalitaria.<\/h6>\n<\/li>\n<li>\n<h6>Se especializan de manera espont\u00e1nea en el manejo de un sistema espec\u00edfico, ya que se les despiertan grandes dotes art\u00edsticas, humanitarias, paranormales, de sanaci\u00f3n, inteligencia o intuici\u00f3n.<\/h6>\n<\/li>\n<li>\n<h6>Poseen una gran sensibilidad por la naturaleza, desarrollan una profunda inclinaci\u00f3n hacia los temas ecol\u00f3gicos, tribales, art\u00edsticos, espirituales, psicol\u00f3gicos y humanitarios.<\/h6>\n<\/li>\n<li>\n<h6>Se internan en el universo de alg\u00fan tema, y no hay poder humano que los desv\u00ede o saque.<\/h6>\n<\/li>\n<li>\n<h6>Se da un fuerte resurgimiento de los valores, la moral, la \u00e9tica, las buenas costumbres, el altruismo, el servicio, el cuidado del medio ambiente, etc.<\/h6>\n<\/li>\n<li>\n<h6>Persiguen sus sue\u00f1os a toda costa, as\u00ed les toque quedarse solos, o caminar en contra de la corriente, o hacer cosas arriesgadas o incoherentes.<\/h6>\n<\/li>\n<li>\n<h6>Tienen una gran conexi\u00f3n de tipo espiritual, y por ello se dedican a la vida contemplativa, a la oraci\u00f3n, a los rituales m\u00edsticos, a la sanaci\u00f3n, etc.<\/h6>\n<\/li>\n<li>\n<h6>En estas personas se activa totalmente el Modo Cognitivo Espiritual, lo cual trae consecuencias tanto positivas como negativas.<\/h6>\n<\/li>\n<li>\n<h6>Son hipersensibles visual, auditiva y kinest\u00e9sicamente.<\/h6>\n<\/li>\n<li>\n<h6>Les nace un gusto por la organizaci\u00f3n, la limpieza, y la decoraci\u00f3n evocativa de los espacios que habita.<\/h6>\n<\/li>\n<li>\n<h6>Se conectan con la otra dimensi\u00f3n, pudiendo ser videntes o simplemente percibir una realidad que otros no ven ni sienten.<\/h6>\n<\/li>\n<li>\n<h6>Pueden acceder voluntariamente a otros estados de consciencia.<\/h6>\n<\/li>\n<li>\n<h6>Se les agudiza la percepci\u00f3n extrasensorial y se les despiertan poderes paranormales.<\/h6>\n<\/li>\n<li>\n<h6>Se les detona la genialidad en alg\u00fan campo, al que se dedican de tiempo completo.<\/h6>\n<\/li>\n<li>\n<h6>Al poseer habilidades y manejo de las facultades del hemisferio derecho, buscan que el resto de la humanidad tambi\u00e9n despierte estas facultades.<\/h6>\n<\/li>\n<li>\n<h6>Su objetivo no es adaptarse, es mostrar donde se requieren los cambios.<\/h6>\n<\/li>\n<li>\n<h6>A\u00fan hay confusi\u00f3n, pero ya se tiene mayor claridad sobre lo que est\u00e1 pasando.<\/h6>\n<\/li>\n<\/ul>\n<h5><span style=\"color: #008080;\"><strong>Principios Cristal<\/strong><\/span><\/h5>\n<ul>\n<li>\n<h6><strong>Seguir los Dictados del Esp\u00edritu.<\/strong> Seguir las se\u00f1ales de la vida, seguirse a s\u00ed mismo a cada instante, actuar por canalizaci\u00f3n.<\/h6>\n<\/li>\n<li>\n<h6><strong>Enfocarse en lo Aplicado.<\/strong> No dispersarse en \u201cel parque de diversiones psicod\u00e9lico\u201d, sino concentrarse en proyectos productivos que sigan el camino con coraz\u00f3n.<\/h6>\n<\/li>\n<li>\n<h6><strong>Aprender a Manejar el Hacer sin Esfuerzo.<\/strong> Dar el salto del ser al no ser y del hacer al no hacer. No tratar de empujar el r\u00edo de la cotidianidad. Moverse en el mundo utilizando la impecabilidad, la canalizaci\u00f3n, la vibraci\u00f3n y la correspondencia. Aprender a surfear la ola de la realidad cotidiana parado en la tabla de la realidad espiritual.<\/h6>\n<\/li>\n<li>\n<h6><strong>Vivir el Proceso Interior Consciente. <\/strong>Tener claro que si uno es una persona nagual, ante todo en la vida primero es el proceso.<\/h6>\n<\/li>\n<li>\n<h6><strong>Integrar la Oscuridad.<\/strong> Salirse de la divisi\u00f3n, la polarizaci\u00f3n y la esquizofrenia humana, trabajarle a los defectos y a la depuraci\u00f3n del yo.<\/h6>\n<\/li>\n<li>\n<h6><strong>Trabajarle al Equilibrio entre las dos Realidades.<\/strong> Tratar de guardar la justa medida para cada cosa: Polo a tierra y conexi\u00f3n interior. No descuidar la realidad cotidiana ni la realidad espiritual.<\/h6>\n<\/li>\n<li>\n<h6><strong>Estar Conectado con la Fuente.<\/strong> Tener fe viva, empoderarse de la certeza para afrontar con estrategias la duda y el miedo. Aprender a interpretar el lenguaje simb\u00f3lico de la realidad.<\/h6>\n<\/li>\n<li>\n<h6><strong>Seguir los Principios y Valores del Nuevo Paradigma.<\/strong> Diferenciar las cosas esenciales de la vida, conocer las herramientas para protegerse de los riesgos de acontecer cotidiano, y vivir de forma consciente, saludable, impecable y sostenible.<\/h6>\n<\/li>\n<li>\n<h6><strong>Programar, Apuntar y Ordenar.<\/strong> Aprender a vivir sin que le digan qu\u00e9 hacer. Manejar el tiempo, tener todo al orden del d\u00eda. Tener criterio para gobernar el ser y manejar la vida.<\/h6>\n<\/li>\n<\/ul>\n<h5><span style=\"color: #008080;\"><strong>\u00a0<\/strong><strong>Contexto Social<\/strong><\/span><\/h5>\n<ul>\n<li>\n<h6>Socialmente corresponden a la persona rara, callada, aislada, que no tiene habilidades sociales y que no sale, por eso corresponde al arquetipo de la cris\u00e1lida.<\/h6>\n<\/li>\n<li>\n<h6>Corresponde al arquetipo del monje, del m\u00edstico, del ermita\u00f1o, del iluminado.<\/h6>\n<\/li>\n<\/ul>\n<h5><span style=\"color: #008080;\"><strong>\u00a0<\/strong><strong>Manejo de la Realidad F\u00edsica<\/strong><\/span><\/h5>\n<ul>\n<li>\n<h6>Tiene un manejo de la Realidad F\u00edsica p\u00e9simo, hasta el punto de ausentarse, desligarse o distanciarse de m\u00faltiples maneras del mundo externo, lo que le causa constantes fricciones.<\/h6>\n<\/li>\n<li>\n<h6>Aunque hay personas que en esta etapa no tienen grandes problemas con la realidad externa ni se les dificulta la supervivencia, pero la constante es que la actividad y la relaci\u00f3n con el mundo se merman, ya que el individuo vuelca su atenci\u00f3n casi por completo a la Realidad Interior.<\/h6>\n<\/li>\n<\/ul>\n<h5><span style=\"color: #008080;\"><strong>\u00a0<\/strong><strong>Manejo de la Realidad Espiritual<\/strong><\/span><\/h5>\n<ul>\n<li>\n<h6>Tiene un nivel de manejo alto de la Realidad Espiritual, pero a\u00fan no llega a la maestr\u00eda.<\/h6>\n<\/li>\n<li>\n<h6>En esta etapa la persona ya maneja la capacidad de cambiar de modo cognitivo a voluntad, hasta el punto de alcanzar los m\u00e1ximos niveles y de empezar a adquirir habilidades especiales.<\/h6>\n<\/li>\n<\/ul>\n<h5><span style=\"color: #008080;\"><strong>Maestr\u00eda <\/strong><\/span><\/h5>\n<ul>\n<li>\n<h6>Maestr\u00eda en el manejo del mundo interior.<\/h6>\n<\/li>\n<li>\n<h6>Total desarrollo de las capacidades del Modo Cognitivo Espiritual (hemisferio derecho).<\/h6>\n<\/li>\n<li>\n<h6>Desarrollo de las habilidades mentales.<\/h6>\n<\/li>\n<li>\n<h6>Conexi\u00f3n con la Realidad Espiritual, cambio voluntario de modo cognitivo (entrada), manejo y entrega del T\u00f3tem o hacer espiritual.<\/h6>\n<\/li>\n<li>\n<h6>Manejar muy bien la dimensi\u00f3n del no desear (no ser) y del no hacer (fluir en el instante presente).<\/h6>\n<\/li>\n<\/ul>\n<h6><\/h6>\n<h6><strong>\u00a0<\/strong><\/h6>\n<h6><strong>Si quiere consultar temas relacionados, puede hacerlo en los siguientes enlaces\u2026.<\/strong><\/h6>\n<ul>\n<li>\n<h6><a href=\"http:\/\/culturaneuroactiva.com\/site\/etapa-precristal\/\" target=\"_blank\" rel=\"noopener\">Etapa Precristal.<\/a><\/h6>\n<\/li>\n<li>\n<h6><a href=\"http:\/\/culturaneuroactiva.com\/site\/etapa-prearcoiris\/\" target=\"_blank\" rel=\"noopener\">Etapa Prearco\u00edris.<\/a><\/h6>\n<\/li>\n<li>\n<h6><a href=\"http:\/\/culturaneuroactiva.com\/site\/sistema-evolutivo-humano\/\" target=\"_blank\" rel=\"noopener\">Mapa completo del Sistema Evolutivo Humano.<\/a><\/h6>\n<\/li>\n<\/ul>\n<p>&nbsp;<\/p>\n<h5><span style=\"color: #008080;\"><strong>CONSULTAS Y TERAPIAS<\/strong><\/span><\/h5>\n<ul>\n<li>\n<h6><strong>Si desea tratamiento<\/strong>\u00a0personalizado o virtual,\u00a0<strong>ingrese en \u201c<a href=\"http:\/\/culturaneuroactiva.com\/site\/terapias-pas\/\" target=\"_blank\" rel=\"noopener\">Terapias PAS<\/a>\u201d<\/strong>\u00a0para que seleccione el servicio que responda a sus necesidades, en el cual podr\u00e1 recibir orientaci\u00f3n especializada y\u00a0<strong>aprender t\u00e9cnicas para solucionar los diversos s\u00edntomas y patolog\u00edas\u00a0<\/strong>que viven las Personas \u00cdndigo, Cristal y Arco\u00edris.<\/h6>\n<\/li>\n<li>\n<h6><strong>Citas o mayor informaci\u00f3n<\/strong>, comun\u00edquese al Celular +57 3127994357 o escriba al correo\u00a0<a href=\"mailto:culturaneuroactiva@gmail.com\">culturaneuroactiva@gmail.com<\/a><\/h6>\n<\/li>\n<\/ul>\n<h6><\/h6>\n<h6><strong><a href=\"http:\/\/www.culturaneuroactiva.com\/\">www.culturaneuroactiva.com<\/a><\/strong><\/h6>\n","protected":false},"excerpt":{"rendered":"<p>Perfil B\u00e1sico Son personas regidas por el sentir, por eso el aprendizaje lo realizan adentro, por canalizaci\u00f3n, en esa medida<\/p>\n","protected":false},"author":1,"featured_media":0,"parent":0,"menu_order":0,"comment_status":"closed","ping_status":"closed","template":"","meta":{"colormag_page_layout":"no_sidebar_content_centered","footnotes":""},"class_list":["post-2844","page","type-page","status-publish","hentry"],"yoast_head":"<!-- This site is optimized with the Yoast SEO plugin v25.6 - https:\/\/yoast.com\/wordpress\/plugins\/seo\/ -->\n<title>Caracter\u00edsticas Cristal - Cultura Neuroactiva<\/title>\n<meta name=\"robots\" content=\"index, follow, max-snippet:-1, max-image-preview:large, max-video-preview:-1\" \/>\n<link rel=\"canonical\" href=\"https:\/\/culturaneuroactiva.com\/site\/caracteristicas-cristal\/\" \/>\n<meta property=\"og:locale\" content=\"es_ES\" \/>\n<meta property=\"og:type\" content=\"article\" \/>\n<meta property=\"og:title\" content=\"Caracter\u00edsticas Cristal - Cultura Neuroactiva\" \/>\n<meta property=\"og:description\" content=\"Perfil B\u00e1sico Son personas regidas por el sentir, por eso el aprendizaje lo realizan adentro, por canalizaci\u00f3n, en esa medida\" \/>\n<meta property=\"og:url\" content=\"https:\/\/culturaneuroactiva.com\/site\/caracteristicas-cristal\/\" \/>\n<meta property=\"og:site_name\" content=\"Cultura Neuroactiva\" \/>\n<meta property=\"article:publisher\" content=\"https:\/\/www.facebook.com\/cultura.neuroactiva\" \/>\n<meta property=\"article:modified_time\" content=\"2021-10-20T05:07:34+00:00\" \/>\n<meta property=\"og:image\" content=\"http:\/\/culturaneuroactiva.com\/site\/wp-content\/uploads\/2021\/09\/RED-PAS-5-300x130.jpg\" \/>\n<meta name=\"twitter:card\" content=\"summary_large_image\" \/>\n<meta name=\"twitter:label1\" content=\"Tiempo de lectura\" \/>\n\t<meta name=\"twitter:data1\" content=\"5 minutos\" \/>\n<script type=\"application\/ld+json\" class=\"yoast-schema-graph\">{\"@context\":\"https:\/\/schema.org\",\"@graph\":[{\"@type\":\"WebPage\",\"@id\":\"https:\/\/culturaneuroactiva.com\/site\/caracteristicas-cristal\/\",\"url\":\"https:\/\/culturaneuroactiva.com\/site\/caracteristicas-cristal\/\",\"name\":\"Caracter\u00edsticas Cristal - Cultura Neuroactiva\",\"isPartOf\":{\"@id\":\"https:\/\/culturaneuroactiva.com\/site\/#website\"},\"primaryImageOfPage\":{\"@id\":\"https:\/\/culturaneuroactiva.com\/site\/caracteristicas-cristal\/#primaryimage\"},\"image\":{\"@id\":\"https:\/\/culturaneuroactiva.com\/site\/caracteristicas-cristal\/#primaryimage\"},\"thumbnailUrl\":\"http:\/\/culturaneuroactiva.com\/site\/wp-content\/uploads\/2021\/09\/RED-PAS-5-300x130.jpg\",\"datePublished\":\"2021-09-17T19:50:57+00:00\",\"dateModified\":\"2021-10-20T05:07:34+00:00\",\"breadcrumb\":{\"@id\":\"https:\/\/culturaneuroactiva.com\/site\/caracteristicas-cristal\/#breadcrumb\"},\"inLanguage\":\"es\",\"potentialAction\":[{\"@type\":\"ReadAction\",\"target\":[\"https:\/\/culturaneuroactiva.com\/site\/caracteristicas-cristal\/\"]}]},{\"@type\":\"ImageObject\",\"inLanguage\":\"es\",\"@id\":\"https:\/\/culturaneuroactiva.com\/site\/caracteristicas-cristal\/#primaryimage\",\"url\":\"http:\/\/culturaneuroactiva.com\/site\/wp-content\/uploads\/2021\/09\/RED-PAS-5-300x130.jpg\",\"contentUrl\":\"http:\/\/culturaneuroactiva.com\/site\/wp-content\/uploads\/2021\/09\/RED-PAS-5-300x130.jpg\"},{\"@type\":\"BreadcrumbList\",\"@id\":\"https:\/\/culturaneuroactiva.com\/site\/caracteristicas-cristal\/#breadcrumb\",\"itemListElement\":[{\"@type\":\"ListItem\",\"position\":1,\"name\":\"Portada\",\"item\":\"https:\/\/culturaneuroactiva.com\/site\/\"},{\"@type\":\"ListItem\",\"position\":2,\"name\":\"Caracter\u00edsticas Cristal\"}]},{\"@type\":\"WebSite\",\"@id\":\"https:\/\/culturaneuroactiva.com\/site\/#website\",\"url\":\"https:\/\/culturaneuroactiva.com\/site\/\",\"name\":\"Cultura Neuroactiva\",\"description\":\"Gu\u00edas del Vivir Consciente\",\"potentialAction\":[{\"@type\":\"SearchAction\",\"target\":{\"@type\":\"EntryPoint\",\"urlTemplate\":\"https:\/\/culturaneuroactiva.com\/site\/?s={search_term_string}\"},\"query-input\":{\"@type\":\"PropertyValueSpecification\",\"valueRequired\":true,\"valueName\":\"search_term_string\"}}],\"inLanguage\":\"es\"}]}<\/script>\n<!-- \/ Yoast SEO plugin. -->","yoast_head_json":{"title":"Caracter\u00edsticas Cristal - Cultura Neuroactiva","robots":{"index":"index","follow":"follow","max-snippet":"max-snippet:-1","max-image-preview":"max-image-preview:large","max-video-preview":"max-video-preview:-1"},"canonical":"https:\/\/culturaneuroactiva.com\/site\/caracteristicas-cristal\/","og_locale":"es_ES","og_type":"article","og_title":"Caracter\u00edsticas Cristal - Cultura Neuroactiva","og_description":"Perfil B\u00e1sico Son personas regidas por el sentir, por eso el aprendizaje lo realizan adentro, por canalizaci\u00f3n, en esa medida","og_url":"https:\/\/culturaneuroactiva.com\/site\/caracteristicas-cristal\/","og_site_name":"Cultura Neuroactiva","article_publisher":"https:\/\/www.facebook.com\/cultura.neuroactiva","article_modified_time":"2021-10-20T05:07:34+00:00","og_image":[{"url":"http:\/\/culturaneuroactiva.com\/site\/wp-content\/uploads\/2021\/09\/RED-PAS-5-300x130.jpg","type":"","width":"","height":""}],"twitter_card":"summary_large_image","twitter_misc":{"Tiempo de lectura":"5 minutos"},"schema":{"@context":"https:\/\/schema.org","@graph":[{"@type":"WebPage","@id":"https:\/\/culturaneuroactiva.com\/site\/caracteristicas-cristal\/","url":"https:\/\/culturaneuroactiva.com\/site\/caracteristicas-cristal\/","name":"Caracter\u00edsticas Cristal - Cultura Neuroactiva","isPartOf":{"@id":"https:\/\/culturaneuroactiva.com\/site\/#website"},"primaryImageOfPage":{"@id":"https:\/\/culturaneuroactiva.com\/site\/caracteristicas-cristal\/#primaryimage"},"image":{"@id":"https:\/\/culturaneuroactiva.com\/site\/caracteristicas-cristal\/#primaryimage"},"thumbnailUrl":"http:\/\/culturaneuroactiva.com\/site\/wp-content\/uploads\/2021\/09\/RED-PAS-5-300x130.jpg","datePublished":"2021-09-17T19:50:57+00:00","dateModified":"2021-10-20T05:07:34+00:00","breadcrumb":{"@id":"https:\/\/culturaneuroactiva.com\/site\/caracteristicas-cristal\/#breadcrumb"},"inLanguage":"es","potentialAction":[{"@type":"ReadAction","target":["https:\/\/culturaneuroactiva.com\/site\/caracteristicas-cristal\/"]}]},{"@type":"ImageObject","inLanguage":"es","@id":"https:\/\/culturaneuroactiva.com\/site\/caracteristicas-cristal\/#primaryimage","url":"http:\/\/culturaneuroactiva.com\/site\/wp-content\/uploads\/2021\/09\/RED-PAS-5-300x130.jpg","contentUrl":"http:\/\/culturaneuroactiva.com\/site\/wp-content\/uploads\/2021\/09\/RED-PAS-5-300x130.jpg"},{"@type":"BreadcrumbList","@id":"https:\/\/culturaneuroactiva.com\/site\/caracteristicas-cristal\/#breadcrumb","itemListElement":[{"@type":"ListItem","position":1,"name":"Portada","item":"https:\/\/culturaneuroactiva.com\/site\/"},{"@type":"ListItem","position":2,"name":"Caracter\u00edsticas Cristal"}]},{"@type":"WebSite","@id":"https:\/\/culturaneuroactiva.com\/site\/#website","url":"https:\/\/culturaneuroactiva.com\/site\/","name":"Cultura Neuroactiva","description":"Gu\u00edas del Vivir Consciente","potentialAction":[{"@type":"SearchAction","target":{"@type":"EntryPoint","urlTemplate":"https:\/\/culturaneuroactiva.com\/site\/?s={search_term_string}"},"query-input":{"@type":"PropertyValueSpecification","valueRequired":true,"valueName":"search_term_string"}}],"inLanguage":"es"}]}},"_links":{"self":[{"href":"https:\/\/culturaneuroactiva.com\/site\/wp-json\/wp\/v2\/pages\/2844","targetHints":{"allow":["GET"]}}],"collection":[{"href":"https:\/\/culturaneuroactiva.com\/site\/wp-json\/wp\/v2\/pages"}],"about":[{"href":"https:\/\/culturaneuroactiva.com\/site\/wp-json\/wp\/v2\/types\/page"}],"author":[{"embeddable":true,"href":"https:\/\/culturaneuroactiva.com\/site\/wp-json\/wp\/v2\/users\/1"}],"replies":[{"embeddable":true,"href":"https:\/\/culturaneuroactiva.com\/site\/wp-json\/wp\/v2\/comments?post=2844"}],"version-history":[{"count":5,"href":"https:\/\/culturaneuroactiva.com\/site\/wp-json\/wp\/v2\/pages\/2844\/revisions"}],"predecessor-version":[{"id":3142,"href":"https:\/\/culturaneuroactiva.com\/site\/wp-json\/wp\/v2\/pages\/2844\/revisions\/3142"}],"wp:attachment":[{"href":"https:\/\/culturaneuroactiva.com\/site\/wp-json\/wp\/v2\/media?parent=2844"}],"curies":[{"name":"wp","href":"https:\/\/api.w.org\/{rel}","templated":true}]}}