{"id":2818,"date":"2021-09-17T07:33:56","date_gmt":"2021-09-17T07:33:56","guid":{"rendered":"http:\/\/culturaneuroactiva.com\/site\/?page_id=2818"},"modified":"2021-10-20T05:03:50","modified_gmt":"2021-10-20T05:03:50","slug":"caracteristicas-indigo","status":"publish","type":"page","link":"https:\/\/culturaneuroactiva.com\/site\/caracteristicas-indigo\/","title":{"rendered":"Caracter\u00edsticas \u00cdndigo"},"content":{"rendered":"<h5><a href=\"http:\/\/culturaneuroactiva.com\/site\/wp-content\/uploads\/2021\/09\/RED-PAS-4.jpg\"><img loading=\"lazy\" decoding=\"async\" class=\" wp-image-2819 aligncenter\" src=\"http:\/\/culturaneuroactiva.com\/site\/wp-content\/uploads\/2021\/09\/RED-PAS-4-300x130.jpg\" alt=\"\" width=\"652\" height=\"282\" srcset=\"https:\/\/culturaneuroactiva.com\/site\/wp-content\/uploads\/2021\/09\/RED-PAS-4-300x130.jpg 300w, https:\/\/culturaneuroactiva.com\/site\/wp-content\/uploads\/2021\/09\/RED-PAS-4-768x333.jpg 768w, https:\/\/culturaneuroactiva.com\/site\/wp-content\/uploads\/2021\/09\/RED-PAS-4.jpg 960w\" sizes=\"auto, (max-width: 652px) 100vw, 652px\" \/><\/a><\/h5>\n<h5><span style=\"color: #008080;\"><strong>Perfil B\u00e1sico<\/strong><\/span><\/h5>\n<ul>\n<li>\n<h6>Son personas regidas por la raz\u00f3n profunda, manifestada en estados de consciencia acrecentada, la cual les da una brillantez que los hace sobresalir entre los dem\u00e1s, por eso sus cualidades de genialidad, liderazgo, inteligencia, carisma, elocuencia, magnetismo, fuerza, apasionamiento, empoderamiento, creatividad, autenticidad, intensidad.<\/h6>\n<\/li>\n<li>\n<h6>El aprendizaje lo realizan afuera, por investigaci\u00f3n, es por esto que manejan el no temor y la osad\u00eda en el hacer.<\/h6>\n<\/li>\n<li>\n<h6>Son personas muy en\u00e9rgicas y carism\u00e1ticas que y tienen grandes dones y cualidades.<\/h6>\n<\/li>\n<li>\n<h6>Tienen una concepci\u00f3n diferente de la vida y de las cosas, que por lo general manifiestan abiertamente.<\/h6>\n<\/li>\n<li>\n<h6>Sienten que vinieron al mundo para algo especial.<\/h6>\n<\/li>\n<li>\n<h6>Les gusta generar cambios.<\/h6>\n<\/li>\n<li>\n<h6>Son personas que quieren marcar la diferencia y que se salen de lo com\u00fan, de hecho necesitan diferenciarse del resto del mundo, y por ello adoptan estereotipos muy singulares que los hace distinguirse donde vayan, y llevar una vida no convencional.<\/h6>\n<\/li>\n<li>\n<h6>Son amantes de la libertad.<\/h6>\n<\/li>\n<li>\n<h6>Viven su vida intensamente, con una pasi\u00f3n desbordante, y generalmente asumiendo riesgos que a alguien normal ni se le ocurrir\u00edan.<\/h6>\n<\/li>\n<li>\n<h6>Les gusta todo lo extremo, lo raro, lo desconocido y las emociones fuertes.<\/h6>\n<\/li>\n<li>\n<h6>Son muy profundos en sus an\u00e1lisis y opiniones, tienen su propio criterio.<\/h6>\n<\/li>\n<li>\n<h6>Tiene una manera particular de aprender m\u00e1s reflexiva, no repetitiva.<\/h6>\n<\/li>\n<li>\n<h6>Son modelo para otras personas.<\/h6>\n<\/li>\n<li>\n<h6>Algunos son seres muy afectuosos, muy sociables, que emanan amor y comprensi\u00f3n.<\/h6>\n<\/li>\n<li>\n<h6>Aman la naturaleza y la defienden.<\/h6>\n<\/li>\n<li>\n<h6>Muchas veces tienen conocimientos o una sabidur\u00eda que trasciende su experiencia inmediata y su edad cronol\u00f3gica.<\/h6>\n<\/li>\n<li>\n<h6>Les desagrada la mentira y la falsedad, tienen un marcado sentido de justicia.<\/h6>\n<\/li>\n<li>\n<h6>Son buenos en muchos campos al mismo tiempo.<\/h6>\n<\/li>\n<li>\n<h6>Su agilidad mental les sirve para captar las cosas muy r\u00e1pido, y para dar un buen rendimiento sin la necesidad de esforzarse demasiado.<\/h6>\n<\/li>\n<li>\n<h6>Su vocaci\u00f3n es generar cambios en la sociedad, empezando por su propia familia.<\/h6>\n<\/li>\n<li>\n<h6>Buscan grandes respuestas, como el significado de la vida, la estructura de la realidad, y la comprensi\u00f3n del mundo. Frente al s\u00ed mismo las preguntas que prevalecen son: \u00bfQui\u00e9n soy? \u00bfPara donde voy? \u00bfCu\u00e1l es mi misi\u00f3n en el mundo?&#8230;<\/h6>\n<\/li>\n<\/ul>\n<h6><\/h6>\n<h5><span style=\"color: #008080;\"><strong>Principios \u00cdndigo<\/strong><\/span><\/h5>\n<ul>\n<li>\n<h6><strong>Tener Definida la Identidad y el Prop\u00f3sito.<\/strong> Tener claros los talentos personales y la misi\u00f3n en el mundo. Seguir el camino con coraz\u00f3n. Hacer los actos con pasi\u00f3n y entrega. Saber qui\u00e9n se es y cu\u00e1l es el puesto en el mundo.<\/h6>\n<\/li>\n<li>\n<h6><strong>Ser asertivo, Transparente y Aut\u00e9ntico.<\/strong> Ser fiel a s\u00ed mismo a cada instante. Tener criterio, decisi\u00f3n y firmeza. Cumplirse a s\u00ed mismo, tener palabra, tener al d\u00eda los pendientes, ser responsable. Buscar adentro la verdad, la felicidad y el culpable.<\/h6>\n<\/li>\n<li>\n<h6><strong>Enfocarse en las Cosas Esenciales de la Vida.<\/strong> Tener buenas relaciones, el autocuidado, sanar los defectos, ser impecable, sacar afuera el potencial que llevamos dentro para hacer los sue\u00f1os realidad y poder ser la mejor versi\u00f3n de s\u00ed mismo.<\/h6>\n<\/li>\n<li>\n<h6><strong>No Dejarse Bajar la Frecuencia Energ\u00e9tica.<\/strong> Ser positivo, mantener el entusiasmo, ahorrar energ\u00eda, repararse r\u00e1pido del da\u00f1o. Neutralizar la acci\u00f3n de los saboteadores internos. Integrar la radicalidad luminosa o el pensamiento perfecto. Practicar la econom\u00eda energ\u00e9tica.<\/h6>\n<\/li>\n<li>\n<h6><strong>Sanar los Defectos y Ser Impecable.<\/strong> Estar Comprometido con Sanar los Defectos y Ser Mejor Persona. Asumir la propia oscuridad para sanarla. Trabajarle a la salud mental y a la depuraci\u00f3n del yo consciente. Alumbrar la sombra. Trabajarle siempre a la erradicaci\u00f3n de la importancia personal, y tener definido el matrimonio con la luz.<\/h6>\n<\/li>\n<li>\n<h6><strong>Superar el Ego\u00edsmo y Procurar el Bien Com\u00fan.<\/strong> Combatir la importancia personal, pensar en el otro. No buscar s\u00f3lo el beneficio personal sino algo equitativo. Siempre sumar en todo sentido. Integrar la humildad y la compasi\u00f3n. Ayudar a alguien necesitado en medio de la cuarentena.<\/h6>\n<\/li>\n<li>\n<h6><strong>Aprender a Temer y a Desear.<\/strong> Reaccionar de forma estructurada frente al temor y al deseo, danzar la muerte, integrar la oscuridad y los procesos de muerte-renacimiento. No temerle a nada. Alinear el deseo con la necesidad. Estar libre de la fantas\u00eda.<\/h6>\n<\/li>\n<li>\n<h6><strong>Ser Positivo en Pensamiento, Palabra y Obra.<\/strong> Rezo sostenido, enfocarse en lo positivo. Pureza de intensi\u00f3n. Caminar por la belleza. Optimismo, entusiasmo. Neuroling\u00fc\u00edstica Positiva Permanente.<\/h6>\n<\/li>\n<li>\n<h6><strong>Tener Madurez Emocional. <\/strong>No permitir que las emociones se desboquen. No dejarse sacar del centro emocional por la sombra del mundo. Aprender a contener la reacci\u00f3n negativa y cambiarla por una respuesta inteligente. Ecuanimidad, parejura de \u00e1nimo independiente a las circunstancias. Observar y manejar los arquetipos o personajes internos.<\/h6>\n<\/li>\n<li>\n<h6><strong>Vivir el Presente con Aceptaci\u00f3n y sin Preocupaci\u00f3n.<\/strong> Soltar el pasado y el futuro para enfocarse en el instante presente. No preocuparse sino ocuparse, y practicar la ideolog\u00eda del \u201cTodo me Sirve\u201d. No adelantarse a los hechos, estar unificado y centrado, no tener la meta en el final sino en disfrutar de cada paso, y tener fe viva para confiar en las leyes invisibles.<\/h6>\n<\/li>\n<\/ul>\n<h6><\/h6>\n<h5><span style=\"color: #008080;\"><strong>Contexto Social<\/strong><\/span><\/h5>\n<ul>\n<li>\n<h6>Son las personas ubicadas en la cima de la pir\u00e1mide social, se destacan por sus resultados y su \u00e9xito en lo que hacen.<\/h6>\n<\/li>\n<li>\n<h6>Por lo general son los emprendedores y personas que sacan adelante sus propias empresas.<\/h6>\n<\/li>\n<\/ul>\n<h6><strong>\u00a0<\/strong><\/h6>\n<h5><span style=\"color: #008080;\"><strong>Manejo de la Realidad F\u00edsica<\/strong><\/span><\/h5>\n<ul>\n<li>\n<h6>Tienen un manejo de la Realidad F\u00edsica sobresaliente.<\/h6>\n<\/li>\n<\/ul>\n<h6><\/h6>\n<h5><span style=\"color: #008080;\"><strong>Manejo de la Realidad Espiritual<\/strong><\/span><\/h5>\n<ul>\n<li>\n<h6>Su nivel de manejo de la Realidad Espiritual es b\u00e1sico, pero no es consciente y por eso se centra en el instinto puro.<\/h6>\n<\/li>\n<li>\n<h6>Corresponde a la ubicaci\u00f3n del propio linaje espiritual, o al surgimiento del misticismo personal.<\/h6>\n<\/li>\n<\/ul>\n<h6><\/h6>\n<h5><span style=\"color: #008080;\"><strong>Maestr\u00eda <\/strong><\/span><\/h5>\n<ul>\n<li>\n<h6>Maestr\u00eda en el manejo del mundo exterior, lograr manejar la Realidad F\u00edsica de manera controlada y consciente.<\/h6>\n<\/li>\n<li>\n<h6>Manejar muy bien la dimensi\u00f3n del querer (ser, expectativa, gusto) y del poder (hacer, voluntad, prop\u00f3sito).<\/h6>\n<\/li>\n<\/ul>\n<h6><\/h6>\n<p>&nbsp;<\/p>\n<h6><span style=\"color: #000000;\"><strong>Si quiere consultar temas relacionados, puede hacerlo en los siguientes enlaces\u2026.<\/strong><\/span><\/h6>\n<ul>\n<li>\n<h6><a href=\"http:\/\/culturaneuroactiva.com\/site\/etapa-preindigo\/\" target=\"_blank\" rel=\"noopener\">Etapa Pre\u00edndigo.<\/a><\/h6>\n<\/li>\n<li>\n<h6><a href=\"http:\/\/culturaneuroactiva.com\/site\/etapa-precristal\/\" target=\"_blank\" rel=\"noopener\">Etapa Precristal.<\/a><\/h6>\n<\/li>\n<li>\n<h6><a href=\"http:\/\/culturaneuroactiva.com\/site\/sistema-evolutivo-humano\/\" target=\"_blank\" rel=\"noopener\">Mapa completo del Sistema Evolutivo Humano.<\/a><\/h6>\n<\/li>\n<\/ul>\n<h6><\/h6>\n<p>&nbsp;<\/p>\n<h5><span style=\"color: #008080;\"><strong>CONSULTAS Y TERAPIAS<\/strong><\/span><\/h5>\n<ul>\n<li>\n<h6><strong>Si desea tratamiento<\/strong>\u00a0personalizado o virtual,\u00a0<strong>ingrese en \u201c<a href=\"http:\/\/culturaneuroactiva.com\/site\/terapias-pas\/\" target=\"_blank\" rel=\"noopener\">Terapias PAS<\/a>\u201d<\/strong>\u00a0para que seleccione el servicio que responda a sus necesidades, en el cual podr\u00e1 recibir orientaci\u00f3n especializada y\u00a0<strong>aprender t\u00e9cnicas para solucionar los diversos s\u00edntomas y patolog\u00edas\u00a0<\/strong>que viven las Personas \u00cdndigo, Cristal y Arco\u00edris.<\/h6>\n<\/li>\n<li>\n<h6><strong>Citas o mayor informaci\u00f3n<\/strong>, comun\u00edquese al Celular +57 3127994357 o escriba al correo\u00a0<a href=\"mailto:culturaneuroactiva@gmail.com\">culturaneuroactiva@gmail.com<\/a><\/h6>\n<\/li>\n<\/ul>\n<h6><\/h6>\n<h6><strong><a href=\"http:\/\/www.culturaneuroactiva.com\/\">www.culturaneuroactiva.com<\/a><\/strong><\/h6>\n","protected":false},"excerpt":{"rendered":"<p>Perfil B\u00e1sico Son personas regidas por la raz\u00f3n profunda, manifestada en estados de consciencia acrecentada, la cual les da una<\/p>\n","protected":false},"author":1,"featured_media":0,"parent":0,"menu_order":0,"comment_status":"closed","ping_status":"closed","template":"","meta":{"colormag_page_layout":"no_sidebar_content_centered","footnotes":""},"class_list":["post-2818","page","type-page","status-publish","hentry"],"yoast_head":"<!-- This site is optimized with the Yoast SEO plugin v25.6 - https:\/\/yoast.com\/wordpress\/plugins\/seo\/ -->\n<title>Caracter\u00edsticas \u00cdndigo - Cultura Neuroactiva<\/title>\n<meta name=\"robots\" content=\"index, follow, max-snippet:-1, max-image-preview:large, max-video-preview:-1\" \/>\n<link rel=\"canonical\" href=\"https:\/\/culturaneuroactiva.com\/site\/caracteristicas-indigo\/\" \/>\n<meta property=\"og:locale\" content=\"es_ES\" \/>\n<meta property=\"og:type\" content=\"article\" \/>\n<meta property=\"og:title\" content=\"Caracter\u00edsticas \u00cdndigo - Cultura Neuroactiva\" \/>\n<meta property=\"og:description\" content=\"Perfil B\u00e1sico Son personas regidas por la raz\u00f3n profunda, manifestada en estados de consciencia acrecentada, la cual les da una\" \/>\n<meta property=\"og:url\" content=\"https:\/\/culturaneuroactiva.com\/site\/caracteristicas-indigo\/\" \/>\n<meta property=\"og:site_name\" content=\"Cultura Neuroactiva\" \/>\n<meta property=\"article:publisher\" content=\"https:\/\/www.facebook.com\/cultura.neuroactiva\" \/>\n<meta property=\"article:modified_time\" content=\"2021-10-20T05:03:50+00:00\" \/>\n<meta property=\"og:image\" content=\"http:\/\/culturaneuroactiva.com\/site\/wp-content\/uploads\/2021\/09\/RED-PAS-4-300x130.jpg\" \/>\n<meta name=\"twitter:card\" content=\"summary_large_image\" \/>\n<meta name=\"twitter:label1\" content=\"Tiempo de lectura\" \/>\n\t<meta name=\"twitter:data1\" content=\"5 minutos\" \/>\n<script type=\"application\/ld+json\" class=\"yoast-schema-graph\">{\"@context\":\"https:\/\/schema.org\",\"@graph\":[{\"@type\":\"WebPage\",\"@id\":\"https:\/\/culturaneuroactiva.com\/site\/caracteristicas-indigo\/\",\"url\":\"https:\/\/culturaneuroactiva.com\/site\/caracteristicas-indigo\/\",\"name\":\"Caracter\u00edsticas \u00cdndigo - Cultura Neuroactiva\",\"isPartOf\":{\"@id\":\"https:\/\/culturaneuroactiva.com\/site\/#website\"},\"primaryImageOfPage\":{\"@id\":\"https:\/\/culturaneuroactiva.com\/site\/caracteristicas-indigo\/#primaryimage\"},\"image\":{\"@id\":\"https:\/\/culturaneuroactiva.com\/site\/caracteristicas-indigo\/#primaryimage\"},\"thumbnailUrl\":\"http:\/\/culturaneuroactiva.com\/site\/wp-content\/uploads\/2021\/09\/RED-PAS-4-300x130.jpg\",\"datePublished\":\"2021-09-17T07:33:56+00:00\",\"dateModified\":\"2021-10-20T05:03:50+00:00\",\"breadcrumb\":{\"@id\":\"https:\/\/culturaneuroactiva.com\/site\/caracteristicas-indigo\/#breadcrumb\"},\"inLanguage\":\"es\",\"potentialAction\":[{\"@type\":\"ReadAction\",\"target\":[\"https:\/\/culturaneuroactiva.com\/site\/caracteristicas-indigo\/\"]}]},{\"@type\":\"ImageObject\",\"inLanguage\":\"es\",\"@id\":\"https:\/\/culturaneuroactiva.com\/site\/caracteristicas-indigo\/#primaryimage\",\"url\":\"http:\/\/culturaneuroactiva.com\/site\/wp-content\/uploads\/2021\/09\/RED-PAS-4-300x130.jpg\",\"contentUrl\":\"http:\/\/culturaneuroactiva.com\/site\/wp-content\/uploads\/2021\/09\/RED-PAS-4-300x130.jpg\"},{\"@type\":\"BreadcrumbList\",\"@id\":\"https:\/\/culturaneuroactiva.com\/site\/caracteristicas-indigo\/#breadcrumb\",\"itemListElement\":[{\"@type\":\"ListItem\",\"position\":1,\"name\":\"Portada\",\"item\":\"https:\/\/culturaneuroactiva.com\/site\/\"},{\"@type\":\"ListItem\",\"position\":2,\"name\":\"Caracter\u00edsticas \u00cdndigo\"}]},{\"@type\":\"WebSite\",\"@id\":\"https:\/\/culturaneuroactiva.com\/site\/#website\",\"url\":\"https:\/\/culturaneuroactiva.com\/site\/\",\"name\":\"Cultura Neuroactiva\",\"description\":\"Gu\u00edas del Vivir Consciente\",\"potentialAction\":[{\"@type\":\"SearchAction\",\"target\":{\"@type\":\"EntryPoint\",\"urlTemplate\":\"https:\/\/culturaneuroactiva.com\/site\/?s={search_term_string}\"},\"query-input\":{\"@type\":\"PropertyValueSpecification\",\"valueRequired\":true,\"valueName\":\"search_term_string\"}}],\"inLanguage\":\"es\"}]}<\/script>\n<!-- \/ Yoast SEO plugin. -->","yoast_head_json":{"title":"Caracter\u00edsticas \u00cdndigo - Cultura Neuroactiva","robots":{"index":"index","follow":"follow","max-snippet":"max-snippet:-1","max-image-preview":"max-image-preview:large","max-video-preview":"max-video-preview:-1"},"canonical":"https:\/\/culturaneuroactiva.com\/site\/caracteristicas-indigo\/","og_locale":"es_ES","og_type":"article","og_title":"Caracter\u00edsticas \u00cdndigo - Cultura Neuroactiva","og_description":"Perfil B\u00e1sico Son personas regidas por la raz\u00f3n profunda, manifestada en estados de consciencia acrecentada, la cual les da una","og_url":"https:\/\/culturaneuroactiva.com\/site\/caracteristicas-indigo\/","og_site_name":"Cultura Neuroactiva","article_publisher":"https:\/\/www.facebook.com\/cultura.neuroactiva","article_modified_time":"2021-10-20T05:03:50+00:00","og_image":[{"url":"http:\/\/culturaneuroactiva.com\/site\/wp-content\/uploads\/2021\/09\/RED-PAS-4-300x130.jpg","type":"","width":"","height":""}],"twitter_card":"summary_large_image","twitter_misc":{"Tiempo de lectura":"5 minutos"},"schema":{"@context":"https:\/\/schema.org","@graph":[{"@type":"WebPage","@id":"https:\/\/culturaneuroactiva.com\/site\/caracteristicas-indigo\/","url":"https:\/\/culturaneuroactiva.com\/site\/caracteristicas-indigo\/","name":"Caracter\u00edsticas \u00cdndigo - Cultura Neuroactiva","isPartOf":{"@id":"https:\/\/culturaneuroactiva.com\/site\/#website"},"primaryImageOfPage":{"@id":"https:\/\/culturaneuroactiva.com\/site\/caracteristicas-indigo\/#primaryimage"},"image":{"@id":"https:\/\/culturaneuroactiva.com\/site\/caracteristicas-indigo\/#primaryimage"},"thumbnailUrl":"http:\/\/culturaneuroactiva.com\/site\/wp-content\/uploads\/2021\/09\/RED-PAS-4-300x130.jpg","datePublished":"2021-09-17T07:33:56+00:00","dateModified":"2021-10-20T05:03:50+00:00","breadcrumb":{"@id":"https:\/\/culturaneuroactiva.com\/site\/caracteristicas-indigo\/#breadcrumb"},"inLanguage":"es","potentialAction":[{"@type":"ReadAction","target":["https:\/\/culturaneuroactiva.com\/site\/caracteristicas-indigo\/"]}]},{"@type":"ImageObject","inLanguage":"es","@id":"https:\/\/culturaneuroactiva.com\/site\/caracteristicas-indigo\/#primaryimage","url":"http:\/\/culturaneuroactiva.com\/site\/wp-content\/uploads\/2021\/09\/RED-PAS-4-300x130.jpg","contentUrl":"http:\/\/culturaneuroactiva.com\/site\/wp-content\/uploads\/2021\/09\/RED-PAS-4-300x130.jpg"},{"@type":"BreadcrumbList","@id":"https:\/\/culturaneuroactiva.com\/site\/caracteristicas-indigo\/#breadcrumb","itemListElement":[{"@type":"ListItem","position":1,"name":"Portada","item":"https:\/\/culturaneuroactiva.com\/site\/"},{"@type":"ListItem","position":2,"name":"Caracter\u00edsticas \u00cdndigo"}]},{"@type":"WebSite","@id":"https:\/\/culturaneuroactiva.com\/site\/#website","url":"https:\/\/culturaneuroactiva.com\/site\/","name":"Cultura Neuroactiva","description":"Gu\u00edas del Vivir Consciente","potentialAction":[{"@type":"SearchAction","target":{"@type":"EntryPoint","urlTemplate":"https:\/\/culturaneuroactiva.com\/site\/?s={search_term_string}"},"query-input":{"@type":"PropertyValueSpecification","valueRequired":true,"valueName":"search_term_string"}}],"inLanguage":"es"}]}},"_links":{"self":[{"href":"https:\/\/culturaneuroactiva.com\/site\/wp-json\/wp\/v2\/pages\/2818","targetHints":{"allow":["GET"]}}],"collection":[{"href":"https:\/\/culturaneuroactiva.com\/site\/wp-json\/wp\/v2\/pages"}],"about":[{"href":"https:\/\/culturaneuroactiva.com\/site\/wp-json\/wp\/v2\/types\/page"}],"author":[{"embeddable":true,"href":"https:\/\/culturaneuroactiva.com\/site\/wp-json\/wp\/v2\/users\/1"}],"replies":[{"embeddable":true,"href":"https:\/\/culturaneuroactiva.com\/site\/wp-json\/wp\/v2\/comments?post=2818"}],"version-history":[{"count":5,"href":"https:\/\/culturaneuroactiva.com\/site\/wp-json\/wp\/v2\/pages\/2818\/revisions"}],"predecessor-version":[{"id":3141,"href":"https:\/\/culturaneuroactiva.com\/site\/wp-json\/wp\/v2\/pages\/2818\/revisions\/3141"}],"wp:attachment":[{"href":"https:\/\/culturaneuroactiva.com\/site\/wp-json\/wp\/v2\/media?parent=2818"}],"curies":[{"name":"wp","href":"https:\/\/api.w.org\/{rel}","templated":true}]}}