{"id":2814,"date":"2021-09-17T06:37:09","date_gmt":"2021-09-17T06:37:09","guid":{"rendered":"http:\/\/culturaneuroactiva.com\/site\/?page_id=2814"},"modified":"2025-09-01T09:27:25","modified_gmt":"2025-09-01T09:27:25","slug":"personas-indigo","status":"publish","type":"page","link":"https:\/\/culturaneuroactiva.com\/site\/personas-indigo\/","title":{"rendered":"Personas \u00cdndigo"},"content":{"rendered":"<h5><\/h5>\n<h5><span style=\"color: #008080;\">Las Personas \u00cdndigo sobresalen por ser l\u00edderes, diferentes, aut\u00e9nticas e intensas. El alma \u00cdndigo es salvajemente pura, para tragarse el mundo buscando conocerse a s\u00ed misma. Pasi\u00f3n y rebeld\u00eda con la que transita por un camino que bordea abismos, y que finalmente conduce al encuentro con lo sagrado.<\/span><\/h5>\n<p>&nbsp;<\/p>\n<h5 class=\"entry-header\"><strong><span style=\"color: #008080;\">Modo de Uso<\/span><\/strong><\/h5>\n<div class=\"entry-content clearfix\">\n<h6>Si no ha hecho el \u201c<a href=\"http:\/\/culturaneuroactiva.com\/site\/test-niveles-de-sensibilidad\/\" target=\"_blank\" rel=\"noopener\">Test Niveles de Sensibilidad<\/a>\u201d le recomendamos que lo haga, para que tenga seguro cu\u00e1l es su grupo de PAS (\u00cdndigo, Cristal o Arco\u00edris), esto le dar\u00e1 m\u00e1s enfoque y prop\u00f3sito al recorrer esta p\u00e1gina.<\/h6>\n<h6>A trav\u00e9s de esta Red usted podr\u00e1 conocerse, sanarse, encontrar su prop\u00f3sito, conocer amigos, aprender, divertirse, y muchas cosas m\u00e1s, desc\u00fabralo explorando nuestro contenido:<\/h6>\n<ul>\n<li>\n<h6><a href=\"http:\/\/culturaneuroactiva.com\/site\/caracteristicas-indigo\/\" target=\"_blank\" rel=\"noopener\">Caracter\u00edsticas \u00edndigo<\/a>.<\/h6>\n<\/li>\n<li>\n<h6><a href=\"http:\/\/culturaneuroactiva.com\/site\/autoterapia-indigo\/\" target=\"_blank\" rel=\"noopener\">Autoterapia \u00cdndigo<\/a>.<\/h6>\n<\/li>\n<\/ul>\n<\/div>\n<h6><\/h6>\n<p>&nbsp;<\/p>\n<h6><strong><a href=\"http:\/\/www.culturaneuroactiva.com\">www.culturaneuroactiva.com<\/a><\/strong><\/h6>\n<h6><strong><a href=\"mailto:info@culturaneuroactiva.com\">info@culturaneuroactiva.com<\/a><\/strong><\/h6>\n","protected":false},"excerpt":{"rendered":"<p>Las Personas \u00cdndigo sobresalen por ser l\u00edderes, diferentes, aut\u00e9nticas e intensas. El alma \u00cdndigo es salvajemente pura, para tragarse el<\/p>\n","protected":false},"author":1,"featured_media":0,"parent":0,"menu_order":0,"comment_status":"closed","ping_status":"closed","template":"","meta":{"colormag_page_layout":"no_sidebar_content_centered","footnotes":""},"class_list":["post-2814","page","type-page","status-publish","hentry"],"yoast_head":"<!-- This site is optimized with the Yoast SEO plugin v25.6 - https:\/\/yoast.com\/wordpress\/plugins\/seo\/ -->\n<title>Personas \u00cdndigo - Cultura Neuroactiva<\/title>\n<meta name=\"robots\" content=\"index, follow, max-snippet:-1, max-image-preview:large, max-video-preview:-1\" \/>\n<link rel=\"canonical\" href=\"https:\/\/culturaneuroactiva.com\/site\/personas-indigo\/\" \/>\n<meta property=\"og:locale\" content=\"es_ES\" \/>\n<meta property=\"og:type\" content=\"article\" \/>\n<meta property=\"og:title\" content=\"Personas \u00cdndigo - Cultura Neuroactiva\" \/>\n<meta property=\"og:description\" content=\"Las Personas \u00cdndigo sobresalen por ser l\u00edderes, diferentes, aut\u00e9nticas e intensas. El alma \u00cdndigo es salvajemente pura, para tragarse el\" \/>\n<meta property=\"og:url\" content=\"https:\/\/culturaneuroactiva.com\/site\/personas-indigo\/\" \/>\n<meta property=\"og:site_name\" content=\"Cultura Neuroactiva\" \/>\n<meta property=\"article:publisher\" content=\"https:\/\/www.facebook.com\/cultura.neuroactiva\" \/>\n<meta property=\"article:modified_time\" content=\"2025-09-01T09:27:25+00:00\" \/>\n<meta name=\"twitter:card\" content=\"summary_large_image\" \/>\n<meta name=\"twitter:label1\" content=\"Tiempo de lectura\" \/>\n\t<meta name=\"twitter:data1\" content=\"1 minuto\" \/>\n<script type=\"application\/ld+json\" class=\"yoast-schema-graph\">{\"@context\":\"https:\/\/schema.org\",\"@graph\":[{\"@type\":\"WebPage\",\"@id\":\"https:\/\/culturaneuroactiva.com\/site\/personas-indigo\/\",\"url\":\"https:\/\/culturaneuroactiva.com\/site\/personas-indigo\/\",\"name\":\"Personas \u00cdndigo - Cultura Neuroactiva\",\"isPartOf\":{\"@id\":\"https:\/\/culturaneuroactiva.com\/site\/#website\"},\"datePublished\":\"2021-09-17T06:37:09+00:00\",\"dateModified\":\"2025-09-01T09:27:25+00:00\",\"breadcrumb\":{\"@id\":\"https:\/\/culturaneuroactiva.com\/site\/personas-indigo\/#breadcrumb\"},\"inLanguage\":\"es\",\"potentialAction\":[{\"@type\":\"ReadAction\",\"target\":[\"https:\/\/culturaneuroactiva.com\/site\/personas-indigo\/\"]}]},{\"@type\":\"BreadcrumbList\",\"@id\":\"https:\/\/culturaneuroactiva.com\/site\/personas-indigo\/#breadcrumb\",\"itemListElement\":[{\"@type\":\"ListItem\",\"position\":1,\"name\":\"Portada\",\"item\":\"https:\/\/culturaneuroactiva.com\/site\/\"},{\"@type\":\"ListItem\",\"position\":2,\"name\":\"Personas \u00cdndigo\"}]},{\"@type\":\"WebSite\",\"@id\":\"https:\/\/culturaneuroactiva.com\/site\/#website\",\"url\":\"https:\/\/culturaneuroactiva.com\/site\/\",\"name\":\"Cultura Neuroactiva\",\"description\":\"Gu\u00edas del Vivir Consciente\",\"potentialAction\":[{\"@type\":\"SearchAction\",\"target\":{\"@type\":\"EntryPoint\",\"urlTemplate\":\"https:\/\/culturaneuroactiva.com\/site\/?s={search_term_string}\"},\"query-input\":{\"@type\":\"PropertyValueSpecification\",\"valueRequired\":true,\"valueName\":\"search_term_string\"}}],\"inLanguage\":\"es\"}]}<\/script>\n<!-- \/ Yoast SEO plugin. -->","yoast_head_json":{"title":"Personas \u00cdndigo - Cultura Neuroactiva","robots":{"index":"index","follow":"follow","max-snippet":"max-snippet:-1","max-image-preview":"max-image-preview:large","max-video-preview":"max-video-preview:-1"},"canonical":"https:\/\/culturaneuroactiva.com\/site\/personas-indigo\/","og_locale":"es_ES","og_type":"article","og_title":"Personas \u00cdndigo - Cultura Neuroactiva","og_description":"Las Personas \u00cdndigo sobresalen por ser l\u00edderes, diferentes, aut\u00e9nticas e intensas. El alma \u00cdndigo es salvajemente pura, para tragarse el","og_url":"https:\/\/culturaneuroactiva.com\/site\/personas-indigo\/","og_site_name":"Cultura Neuroactiva","article_publisher":"https:\/\/www.facebook.com\/cultura.neuroactiva","article_modified_time":"2025-09-01T09:27:25+00:00","twitter_card":"summary_large_image","twitter_misc":{"Tiempo de lectura":"1 minuto"},"schema":{"@context":"https:\/\/schema.org","@graph":[{"@type":"WebPage","@id":"https:\/\/culturaneuroactiva.com\/site\/personas-indigo\/","url":"https:\/\/culturaneuroactiva.com\/site\/personas-indigo\/","name":"Personas \u00cdndigo - Cultura Neuroactiva","isPartOf":{"@id":"https:\/\/culturaneuroactiva.com\/site\/#website"},"datePublished":"2021-09-17T06:37:09+00:00","dateModified":"2025-09-01T09:27:25+00:00","breadcrumb":{"@id":"https:\/\/culturaneuroactiva.com\/site\/personas-indigo\/#breadcrumb"},"inLanguage":"es","potentialAction":[{"@type":"ReadAction","target":["https:\/\/culturaneuroactiva.com\/site\/personas-indigo\/"]}]},{"@type":"BreadcrumbList","@id":"https:\/\/culturaneuroactiva.com\/site\/personas-indigo\/#breadcrumb","itemListElement":[{"@type":"ListItem","position":1,"name":"Portada","item":"https:\/\/culturaneuroactiva.com\/site\/"},{"@type":"ListItem","position":2,"name":"Personas \u00cdndigo"}]},{"@type":"WebSite","@id":"https:\/\/culturaneuroactiva.com\/site\/#website","url":"https:\/\/culturaneuroactiva.com\/site\/","name":"Cultura Neuroactiva","description":"Gu\u00edas del Vivir Consciente","potentialAction":[{"@type":"SearchAction","target":{"@type":"EntryPoint","urlTemplate":"https:\/\/culturaneuroactiva.com\/site\/?s={search_term_string}"},"query-input":{"@type":"PropertyValueSpecification","valueRequired":true,"valueName":"search_term_string"}}],"inLanguage":"es"}]}},"_links":{"self":[{"href":"https:\/\/culturaneuroactiva.com\/site\/wp-json\/wp\/v2\/pages\/2814","targetHints":{"allow":["GET"]}}],"collection":[{"href":"https:\/\/culturaneuroactiva.com\/site\/wp-json\/wp\/v2\/pages"}],"about":[{"href":"https:\/\/culturaneuroactiva.com\/site\/wp-json\/wp\/v2\/types\/page"}],"author":[{"embeddable":true,"href":"https:\/\/culturaneuroactiva.com\/site\/wp-json\/wp\/v2\/users\/1"}],"replies":[{"embeddable":true,"href":"https:\/\/culturaneuroactiva.com\/site\/wp-json\/wp\/v2\/comments?post=2814"}],"version-history":[{"count":21,"href":"https:\/\/culturaneuroactiva.com\/site\/wp-json\/wp\/v2\/pages\/2814\/revisions"}],"predecessor-version":[{"id":3615,"href":"https:\/\/culturaneuroactiva.com\/site\/wp-json\/wp\/v2\/pages\/2814\/revisions\/3615"}],"wp:attachment":[{"href":"https:\/\/culturaneuroactiva.com\/site\/wp-json\/wp\/v2\/media?parent=2814"}],"curies":[{"name":"wp","href":"https:\/\/api.w.org\/{rel}","templated":true}]}}