{"id":2789,"date":"2021-09-16T04:19:08","date_gmt":"2021-09-16T04:19:08","guid":{"rendered":"http:\/\/culturaneuroactiva.com\/site\/?page_id=2789"},"modified":"2023-03-02T16:18:56","modified_gmt":"2023-03-02T16:18:56","slug":"tes-de-pas","status":"publish","type":"page","link":"https:\/\/culturaneuroactiva.com\/site\/tes-de-pas\/","title":{"rendered":"Test de PAS"},"content":{"rendered":"<h5><span style=\"color: #008080;\">La poblaci\u00f3n se divide en dos tipos de personas seg\u00fan el nivel de sensibilidad y el nivel de conciencia, las Personas Normales y las \u201cPersonas Altamente Sensibles (PAS)\u201d, el Test de PAS ayuda a que cada quien descubra en cu\u00e1l de estos dos grupos poblacionales se encuentra.<\/span><\/h5>\n<p>&nbsp;<\/p>\n<h5><span style=\"color: #008080;\"><strong>MODO DE USO <\/strong><\/span><\/h5>\n<ul>\n<li>\n<h6>Responda lo m\u00e1s sincero posible, ya que de la veracidad de sus respuestas depende la efectividad del test.<\/h6>\n<\/li>\n<li>\n<h6>La respuesta no es sobre los momentos anteriores de su vida, sino que debe ser basada en su situaci\u00f3n actual.<\/h6>\n<\/li>\n<li>\n<h6>En cada pregunta debe marcar una sola respuesta entre SI o NO.<\/h6>\n<\/li>\n<li>\n<h6>Lea los \u201cResultados del Test\u201d que siguen luego de las preguntas, para que descubra si es o no es una Persona Altamente Sensible.<\/h6>\n<\/li>\n<\/ul>\n<h6><\/h6>\n<h5><span style=\"color: #008080;\"><strong>PREGUNTAS<\/strong><\/span><\/h5>\n<ol>\n<li>\n<h6>\u00bfL@ consideran o clasifican como una persona rara o diferente?<\/h6>\n<\/li>\n<\/ol>\n<h6>SI\u00a0\u00a0 &#8211;\u00a0\u00a0 NO<\/h6>\n<ol start=\"2\">\n<li>\n<h6>\u00bfSiente que vino al mundo a algo especial, as\u00ed todav\u00eda no sepa a qu\u00e9?<\/h6>\n<\/li>\n<\/ol>\n<h6>SI\u00a0\u00a0 &#8211;\u00a0\u00a0 NO<\/h6>\n<ol start=\"3\">\n<li>\n<h6>\u00bfLe gustan mucho las reuniones sociales y se siente c\u00f3mod@ en los sitios con aglomeraciones?<\/h6>\n<\/li>\n<\/ol>\n<h6>SI\u00a0\u00a0 &#8211;\u00a0\u00a0 NO<\/h6>\n<ol start=\"4\">\n<li>\n<h6>\u00bfLe gusta seguir la norma establecida y cumplir con las obligaciones?<\/h6>\n<\/li>\n<\/ol>\n<h6>SI\u00a0\u00a0 &#8211;\u00a0\u00a0 NO<\/h6>\n<ol start=\"5\">\n<li>\n<h6>\u00bfTiene alg\u00fan tipo de habilidad mental?<\/h6>\n<\/li>\n<\/ol>\n<h6>SI\u00a0\u00a0 &#8211;\u00a0\u00a0 NO<\/h6>\n<ol start=\"6\">\n<li>\n<h6>\u00bfSiente que no encaja en este mundo, como si no perteneciera a \u00e9l?<\/h6>\n<\/li>\n<\/ol>\n<h6>SI\u00a0\u00a0 &#8211;\u00a0\u00a0 NO<\/h6>\n<ol start=\"7\">\n<li>\n<h6>\u00bfLas mascotas y las plantas le son indiferentes?<\/h6>\n<\/li>\n<\/ol>\n<h6>SI\u00a0\u00a0 &#8211;\u00a0\u00a0 NO<\/h6>\n<ol start=\"8\">\n<li>\n<h6>\u00bfSus an\u00e1lisis y sus palabras se destacan por ser aportes profundos?<\/h6>\n<\/li>\n<\/ol>\n<h6>SI\u00a0\u00a0 &#8211;\u00a0\u00a0 NO<\/h6>\n<ol start=\"9\">\n<li>\n<h6>\u00bfPractica o le apasiona alg\u00fan arte?<\/h6>\n<\/li>\n<\/ol>\n<h6>SI\u00a0\u00a0 &#8211;\u00a0\u00a0 NO<\/h6>\n<ol start=\"10\">\n<li>\n<h6>\u00bfVive una vida normal en donde casi nunca pasa nada fuera de lo com\u00fan?<\/h6>\n<\/li>\n<\/ol>\n<h6>SI\u00a0\u00a0 &#8211;\u00a0\u00a0 NO<\/h6>\n<p>&nbsp;<\/p>\n<h5><span style=\"color: #008080;\"><strong>RESULTADOS DEL TEST DE PAS<\/strong><\/span><\/h5>\n<ul>\n<li>\n<h6>Para ser una Persona Altamente Sensible debe tener correctas m\u00e1s de siete respuestas, compar\u00e1ndolas con el siguiente listado\u2026.<\/h6>\n<\/li>\n<\/ul>\n<h6>1:SI, 2:SI, 3:NO, 4:NO, 5:SI, 6:SI, 7:NO, 8:SI, 9:SI, 10:NO.<\/h6>\n<p>&nbsp;<\/p>\n<h6><strong><a href=\"http:\/\/www.culturaneuroactiva.com\/\">www.culturaneuroactiva.com<\/a><\/strong><\/h6>\n<h6><\/h6>\n","protected":false},"excerpt":{"rendered":"<p>La poblaci\u00f3n se divide en dos tipos de personas seg\u00fan el nivel de sensibilidad y el nivel de conciencia, las<\/p>\n","protected":false},"author":1,"featured_media":0,"parent":0,"menu_order":0,"comment_status":"closed","ping_status":"closed","template":"","meta":{"colormag_page_layout":"no_sidebar_content_centered","footnotes":""},"class_list":["post-2789","page","type-page","status-publish","hentry"],"yoast_head":"<!-- This site is optimized with the Yoast SEO plugin v25.6 - https:\/\/yoast.com\/wordpress\/plugins\/seo\/ -->\n<title>Test de PAS - Cultura Neuroactiva<\/title>\n<meta name=\"robots\" content=\"index, follow, max-snippet:-1, max-image-preview:large, max-video-preview:-1\" \/>\n<link rel=\"canonical\" href=\"https:\/\/culturaneuroactiva.com\/site\/tes-de-pas\/\" \/>\n<meta property=\"og:locale\" content=\"es_ES\" \/>\n<meta property=\"og:type\" content=\"article\" \/>\n<meta property=\"og:title\" content=\"Test de PAS - Cultura Neuroactiva\" \/>\n<meta property=\"og:description\" content=\"La poblaci\u00f3n se divide en dos tipos de personas seg\u00fan el nivel de sensibilidad y el nivel de conciencia, las\" \/>\n<meta property=\"og:url\" content=\"https:\/\/culturaneuroactiva.com\/site\/tes-de-pas\/\" \/>\n<meta property=\"og:site_name\" content=\"Cultura Neuroactiva\" \/>\n<meta property=\"article:publisher\" content=\"https:\/\/www.facebook.com\/cultura.neuroactiva\" \/>\n<meta property=\"article:modified_time\" content=\"2023-03-02T16:18:56+00:00\" \/>\n<meta name=\"twitter:card\" content=\"summary_large_image\" \/>\n<meta name=\"twitter:label1\" content=\"Tiempo de lectura\" \/>\n\t<meta name=\"twitter:data1\" content=\"2 minutos\" \/>\n<script type=\"application\/ld+json\" class=\"yoast-schema-graph\">{\"@context\":\"https:\/\/schema.org\",\"@graph\":[{\"@type\":\"WebPage\",\"@id\":\"https:\/\/culturaneuroactiva.com\/site\/tes-de-pas\/\",\"url\":\"https:\/\/culturaneuroactiva.com\/site\/tes-de-pas\/\",\"name\":\"Test de PAS - Cultura Neuroactiva\",\"isPartOf\":{\"@id\":\"https:\/\/culturaneuroactiva.com\/site\/#website\"},\"datePublished\":\"2021-09-16T04:19:08+00:00\",\"dateModified\":\"2023-03-02T16:18:56+00:00\",\"breadcrumb\":{\"@id\":\"https:\/\/culturaneuroactiva.com\/site\/tes-de-pas\/#breadcrumb\"},\"inLanguage\":\"es\",\"potentialAction\":[{\"@type\":\"ReadAction\",\"target\":[\"https:\/\/culturaneuroactiva.com\/site\/tes-de-pas\/\"]}]},{\"@type\":\"BreadcrumbList\",\"@id\":\"https:\/\/culturaneuroactiva.com\/site\/tes-de-pas\/#breadcrumb\",\"itemListElement\":[{\"@type\":\"ListItem\",\"position\":1,\"name\":\"Portada\",\"item\":\"https:\/\/culturaneuroactiva.com\/site\/\"},{\"@type\":\"ListItem\",\"position\":2,\"name\":\"Test de PAS\"}]},{\"@type\":\"WebSite\",\"@id\":\"https:\/\/culturaneuroactiva.com\/site\/#website\",\"url\":\"https:\/\/culturaneuroactiva.com\/site\/\",\"name\":\"Cultura Neuroactiva\",\"description\":\"Gu\u00edas del Vivir Consciente\",\"potentialAction\":[{\"@type\":\"SearchAction\",\"target\":{\"@type\":\"EntryPoint\",\"urlTemplate\":\"https:\/\/culturaneuroactiva.com\/site\/?s={search_term_string}\"},\"query-input\":{\"@type\":\"PropertyValueSpecification\",\"valueRequired\":true,\"valueName\":\"search_term_string\"}}],\"inLanguage\":\"es\"}]}<\/script>\n<!-- \/ Yoast SEO plugin. -->","yoast_head_json":{"title":"Test de PAS - Cultura Neuroactiva","robots":{"index":"index","follow":"follow","max-snippet":"max-snippet:-1","max-image-preview":"max-image-preview:large","max-video-preview":"max-video-preview:-1"},"canonical":"https:\/\/culturaneuroactiva.com\/site\/tes-de-pas\/","og_locale":"es_ES","og_type":"article","og_title":"Test de PAS - Cultura Neuroactiva","og_description":"La poblaci\u00f3n se divide en dos tipos de personas seg\u00fan el nivel de sensibilidad y el nivel de conciencia, las","og_url":"https:\/\/culturaneuroactiva.com\/site\/tes-de-pas\/","og_site_name":"Cultura Neuroactiva","article_publisher":"https:\/\/www.facebook.com\/cultura.neuroactiva","article_modified_time":"2023-03-02T16:18:56+00:00","twitter_card":"summary_large_image","twitter_misc":{"Tiempo de lectura":"2 minutos"},"schema":{"@context":"https:\/\/schema.org","@graph":[{"@type":"WebPage","@id":"https:\/\/culturaneuroactiva.com\/site\/tes-de-pas\/","url":"https:\/\/culturaneuroactiva.com\/site\/tes-de-pas\/","name":"Test de PAS - Cultura Neuroactiva","isPartOf":{"@id":"https:\/\/culturaneuroactiva.com\/site\/#website"},"datePublished":"2021-09-16T04:19:08+00:00","dateModified":"2023-03-02T16:18:56+00:00","breadcrumb":{"@id":"https:\/\/culturaneuroactiva.com\/site\/tes-de-pas\/#breadcrumb"},"inLanguage":"es","potentialAction":[{"@type":"ReadAction","target":["https:\/\/culturaneuroactiva.com\/site\/tes-de-pas\/"]}]},{"@type":"BreadcrumbList","@id":"https:\/\/culturaneuroactiva.com\/site\/tes-de-pas\/#breadcrumb","itemListElement":[{"@type":"ListItem","position":1,"name":"Portada","item":"https:\/\/culturaneuroactiva.com\/site\/"},{"@type":"ListItem","position":2,"name":"Test de PAS"}]},{"@type":"WebSite","@id":"https:\/\/culturaneuroactiva.com\/site\/#website","url":"https:\/\/culturaneuroactiva.com\/site\/","name":"Cultura Neuroactiva","description":"Gu\u00edas del Vivir Consciente","potentialAction":[{"@type":"SearchAction","target":{"@type":"EntryPoint","urlTemplate":"https:\/\/culturaneuroactiva.com\/site\/?s={search_term_string}"},"query-input":{"@type":"PropertyValueSpecification","valueRequired":true,"valueName":"search_term_string"}}],"inLanguage":"es"}]}},"_links":{"self":[{"href":"https:\/\/culturaneuroactiva.com\/site\/wp-json\/wp\/v2\/pages\/2789","targetHints":{"allow":["GET"]}}],"collection":[{"href":"https:\/\/culturaneuroactiva.com\/site\/wp-json\/wp\/v2\/pages"}],"about":[{"href":"https:\/\/culturaneuroactiva.com\/site\/wp-json\/wp\/v2\/types\/page"}],"author":[{"embeddable":true,"href":"https:\/\/culturaneuroactiva.com\/site\/wp-json\/wp\/v2\/users\/1"}],"replies":[{"embeddable":true,"href":"https:\/\/culturaneuroactiva.com\/site\/wp-json\/wp\/v2\/comments?post=2789"}],"version-history":[{"count":10,"href":"https:\/\/culturaneuroactiva.com\/site\/wp-json\/wp\/v2\/pages\/2789\/revisions"}],"predecessor-version":[{"id":3331,"href":"https:\/\/culturaneuroactiva.com\/site\/wp-json\/wp\/v2\/pages\/2789\/revisions\/3331"}],"wp:attachment":[{"href":"https:\/\/culturaneuroactiva.com\/site\/wp-json\/wp\/v2\/media?parent=2789"}],"curies":[{"name":"wp","href":"https:\/\/api.w.org\/{rel}","templated":true}]}}