{"id":2786,"date":"2021-09-16T03:20:19","date_gmt":"2021-09-16T03:20:19","guid":{"rendered":"http:\/\/culturaneuroactiva.com\/site\/?page_id=2786"},"modified":"2025-09-01T08:09:47","modified_gmt":"2025-09-01T08:09:47","slug":"neurodivergentes","status":"publish","type":"page","link":"https:\/\/culturaneuroactiva.com\/site\/neurodivergentes\/","title":{"rendered":"Neurodivergentes"},"content":{"rendered":"<h5><span style=\"color: #008080;\">Somos un Centro de Referencia en \u00abPersonas Altamente Sensibles (PAS)\u00bb, cuyo objetivo es sanar las problem\u00e1ticas, y satisfacer las necesidades y gustos de este grupo poblacional, para lo cual ofrecemos esta \u201cgaler\u00eda virtual\u201d de informaci\u00f3n, proyectos, talleres, terapias, eventos, productos y servicios.<\/span><\/h5>\n<h5><span style=\"color: #008080;\">\u00a0<\/span><a href=\"http:\/\/culturaneuroactiva.com\/site\/wp-content\/uploads\/2021\/09\/RED-PAS-11.jpg\"><img loading=\"lazy\" decoding=\"async\" class=\"wp-image-2787 aligncenter\" src=\"http:\/\/culturaneuroactiva.com\/site\/wp-content\/uploads\/2021\/09\/RED-PAS-11-300x130.jpg\" alt=\"\" width=\"756\" height=\"328\" srcset=\"https:\/\/culturaneuroactiva.com\/site\/wp-content\/uploads\/2021\/09\/RED-PAS-11-300x130.jpg 300w, https:\/\/culturaneuroactiva.com\/site\/wp-content\/uploads\/2021\/09\/RED-PAS-11-768x333.jpg 768w, https:\/\/culturaneuroactiva.com\/site\/wp-content\/uploads\/2021\/09\/RED-PAS-11.jpg 960w\" sizes=\"auto, (max-width: 756px) 100vw, 756px\" \/><\/a><\/h5>\n<h6>Si usted a\u00fan no sabe si es PAS o a cual grupo corresponde, siga las siguientes indicaciones:<\/h6>\n<ul>\n<li>\n<h6>Resuelva primero el <a href=\"http:\/\/culturaneuroactiva.com\/site\/test-de-pas\/\" target=\"_blank\" rel=\"noopener\">Test de PAS<\/a>.<\/h6>\n<\/li>\n<li>\n<h6>Luego resuelva el <a href=\"http:\/\/culturaneuroactiva.com\/site\/test-niveles-de-sensibilidad\/\" target=\"_blank\" rel=\"noopener\">Test Niveles de Sensibilidad<\/a>.<\/h6>\n<\/li>\n<li>\n<h6>Ya conociendo al grupo de PAS al que usted pertenece, dir\u00edjase al men\u00fa de nuestra p\u00e1gina e ingrese en su grupo espec\u00edfico: <a href=\"http:\/\/culturaneuroactiva.com\/site\/personas-indigo\/\" target=\"_blank\" rel=\"noopener\">Personas \u00cdndigo<\/a>, <a href=\"http:\/\/culturaneuroactiva.com\/site\/personas-cristal\/\" target=\"_blank\" rel=\"noopener\">Personas Cristal<\/a> o <a href=\"http:\/\/culturaneuroactiva.com\/site\/personas-arcoiris\/\" target=\"_blank\" rel=\"noopener\">Personas Arco\u00edris<\/a>, para que acceda a los m\u00faltiples usos y beneficios.<\/h6>\n<\/li>\n<li>\n<h6>Por \u00faltimo, cu\u00e9ntenos sus opiniones sobre la experiencia vivida en \u201cRed PAS\u201d, envi\u00e1ndolas al correo\u00a0<a href=\"mailto:culturaneuroactiva@gmail.com\">culturaneuroactiva@gmail.com<\/a><\/h6>\n<\/li>\n<\/ul>\n<p>&nbsp;<\/p>\n<h6><a href=\"http:\/\/www.culturaneuroactiva.com\">www.culturaneuroactiva.com<\/a><\/h6>\n","protected":false},"excerpt":{"rendered":"<p>Somos un Centro de Referencia en \u00abPersonas Altamente Sensibles (PAS)\u00bb, cuyo objetivo es sanar las problem\u00e1ticas, y satisfacer las necesidades<\/p>\n","protected":false},"author":1,"featured_media":0,"parent":0,"menu_order":0,"comment_status":"closed","ping_status":"closed","template":"","meta":{"colormag_page_layout":"no_sidebar_content_centered","footnotes":""},"class_list":["post-2786","page","type-page","status-publish","hentry"],"yoast_head":"<!-- This site is optimized with the Yoast SEO plugin v25.6 - https:\/\/yoast.com\/wordpress\/plugins\/seo\/ -->\n<title>Neurodivergentes - Cultura Neuroactiva<\/title>\n<meta name=\"robots\" content=\"index, follow, max-snippet:-1, max-image-preview:large, max-video-preview:-1\" \/>\n<link rel=\"canonical\" href=\"https:\/\/culturaneuroactiva.com\/site\/neurodivergentes\/\" \/>\n<meta property=\"og:locale\" content=\"es_ES\" \/>\n<meta property=\"og:type\" content=\"article\" \/>\n<meta property=\"og:title\" content=\"Neurodivergentes - Cultura Neuroactiva\" \/>\n<meta property=\"og:description\" content=\"Somos un Centro de Referencia en \u00abPersonas Altamente Sensibles (PAS)\u00bb, cuyo objetivo es sanar las problem\u00e1ticas, y satisfacer las necesidades\" \/>\n<meta property=\"og:url\" content=\"https:\/\/culturaneuroactiva.com\/site\/neurodivergentes\/\" \/>\n<meta property=\"og:site_name\" content=\"Cultura Neuroactiva\" \/>\n<meta property=\"article:publisher\" content=\"https:\/\/www.facebook.com\/cultura.neuroactiva\" \/>\n<meta property=\"article:modified_time\" content=\"2025-09-01T08:09:47+00:00\" \/>\n<meta property=\"og:image\" content=\"https:\/\/culturaneuroactiva.com\/site\/wp-content\/uploads\/2021\/09\/RED-PAS-11.jpg\" \/>\n\t<meta property=\"og:image:width\" content=\"960\" \/>\n\t<meta property=\"og:image:height\" content=\"416\" \/>\n\t<meta property=\"og:image:type\" content=\"image\/jpeg\" \/>\n<meta name=\"twitter:card\" content=\"summary_large_image\" \/>\n<meta name=\"twitter:label1\" content=\"Tiempo de lectura\" \/>\n\t<meta name=\"twitter:data1\" content=\"1 minuto\" \/>\n<script type=\"application\/ld+json\" class=\"yoast-schema-graph\">{\"@context\":\"https:\/\/schema.org\",\"@graph\":[{\"@type\":\"WebPage\",\"@id\":\"https:\/\/culturaneuroactiva.com\/site\/neurodivergentes\/\",\"url\":\"https:\/\/culturaneuroactiva.com\/site\/neurodivergentes\/\",\"name\":\"Neurodivergentes - Cultura Neuroactiva\",\"isPartOf\":{\"@id\":\"https:\/\/culturaneuroactiva.com\/site\/#website\"},\"primaryImageOfPage\":{\"@id\":\"https:\/\/culturaneuroactiva.com\/site\/neurodivergentes\/#primaryimage\"},\"image\":{\"@id\":\"https:\/\/culturaneuroactiva.com\/site\/neurodivergentes\/#primaryimage\"},\"thumbnailUrl\":\"http:\/\/culturaneuroactiva.com\/site\/wp-content\/uploads\/2021\/09\/RED-PAS-11-300x130.jpg\",\"datePublished\":\"2021-09-16T03:20:19+00:00\",\"dateModified\":\"2025-09-01T08:09:47+00:00\",\"breadcrumb\":{\"@id\":\"https:\/\/culturaneuroactiva.com\/site\/neurodivergentes\/#breadcrumb\"},\"inLanguage\":\"es\",\"potentialAction\":[{\"@type\":\"ReadAction\",\"target\":[\"https:\/\/culturaneuroactiva.com\/site\/neurodivergentes\/\"]}]},{\"@type\":\"ImageObject\",\"inLanguage\":\"es\",\"@id\":\"https:\/\/culturaneuroactiva.com\/site\/neurodivergentes\/#primaryimage\",\"url\":\"http:\/\/culturaneuroactiva.com\/site\/wp-content\/uploads\/2021\/09\/RED-PAS-11-300x130.jpg\",\"contentUrl\":\"http:\/\/culturaneuroactiva.com\/site\/wp-content\/uploads\/2021\/09\/RED-PAS-11-300x130.jpg\"},{\"@type\":\"BreadcrumbList\",\"@id\":\"https:\/\/culturaneuroactiva.com\/site\/neurodivergentes\/#breadcrumb\",\"itemListElement\":[{\"@type\":\"ListItem\",\"position\":1,\"name\":\"Portada\",\"item\":\"https:\/\/culturaneuroactiva.com\/site\/\"},{\"@type\":\"ListItem\",\"position\":2,\"name\":\"Neurodivergentes\"}]},{\"@type\":\"WebSite\",\"@id\":\"https:\/\/culturaneuroactiva.com\/site\/#website\",\"url\":\"https:\/\/culturaneuroactiva.com\/site\/\",\"name\":\"Cultura Neuroactiva\",\"description\":\"Gu\u00edas del Vivir Consciente\",\"potentialAction\":[{\"@type\":\"SearchAction\",\"target\":{\"@type\":\"EntryPoint\",\"urlTemplate\":\"https:\/\/culturaneuroactiva.com\/site\/?s={search_term_string}\"},\"query-input\":{\"@type\":\"PropertyValueSpecification\",\"valueRequired\":true,\"valueName\":\"search_term_string\"}}],\"inLanguage\":\"es\"}]}<\/script>\n<!-- \/ Yoast SEO plugin. -->","yoast_head_json":{"title":"Neurodivergentes - Cultura Neuroactiva","robots":{"index":"index","follow":"follow","max-snippet":"max-snippet:-1","max-image-preview":"max-image-preview:large","max-video-preview":"max-video-preview:-1"},"canonical":"https:\/\/culturaneuroactiva.com\/site\/neurodivergentes\/","og_locale":"es_ES","og_type":"article","og_title":"Neurodivergentes - Cultura Neuroactiva","og_description":"Somos un Centro de Referencia en \u00abPersonas Altamente Sensibles (PAS)\u00bb, cuyo objetivo es sanar las problem\u00e1ticas, y satisfacer las necesidades","og_url":"https:\/\/culturaneuroactiva.com\/site\/neurodivergentes\/","og_site_name":"Cultura Neuroactiva","article_publisher":"https:\/\/www.facebook.com\/cultura.neuroactiva","article_modified_time":"2025-09-01T08:09:47+00:00","og_image":[{"width":960,"height":416,"url":"https:\/\/culturaneuroactiva.com\/site\/wp-content\/uploads\/2021\/09\/RED-PAS-11.jpg","type":"image\/jpeg"}],"twitter_card":"summary_large_image","twitter_misc":{"Tiempo de lectura":"1 minuto"},"schema":{"@context":"https:\/\/schema.org","@graph":[{"@type":"WebPage","@id":"https:\/\/culturaneuroactiva.com\/site\/neurodivergentes\/","url":"https:\/\/culturaneuroactiva.com\/site\/neurodivergentes\/","name":"Neurodivergentes - Cultura Neuroactiva","isPartOf":{"@id":"https:\/\/culturaneuroactiva.com\/site\/#website"},"primaryImageOfPage":{"@id":"https:\/\/culturaneuroactiva.com\/site\/neurodivergentes\/#primaryimage"},"image":{"@id":"https:\/\/culturaneuroactiva.com\/site\/neurodivergentes\/#primaryimage"},"thumbnailUrl":"http:\/\/culturaneuroactiva.com\/site\/wp-content\/uploads\/2021\/09\/RED-PAS-11-300x130.jpg","datePublished":"2021-09-16T03:20:19+00:00","dateModified":"2025-09-01T08:09:47+00:00","breadcrumb":{"@id":"https:\/\/culturaneuroactiva.com\/site\/neurodivergentes\/#breadcrumb"},"inLanguage":"es","potentialAction":[{"@type":"ReadAction","target":["https:\/\/culturaneuroactiva.com\/site\/neurodivergentes\/"]}]},{"@type":"ImageObject","inLanguage":"es","@id":"https:\/\/culturaneuroactiva.com\/site\/neurodivergentes\/#primaryimage","url":"http:\/\/culturaneuroactiva.com\/site\/wp-content\/uploads\/2021\/09\/RED-PAS-11-300x130.jpg","contentUrl":"http:\/\/culturaneuroactiva.com\/site\/wp-content\/uploads\/2021\/09\/RED-PAS-11-300x130.jpg"},{"@type":"BreadcrumbList","@id":"https:\/\/culturaneuroactiva.com\/site\/neurodivergentes\/#breadcrumb","itemListElement":[{"@type":"ListItem","position":1,"name":"Portada","item":"https:\/\/culturaneuroactiva.com\/site\/"},{"@type":"ListItem","position":2,"name":"Neurodivergentes"}]},{"@type":"WebSite","@id":"https:\/\/culturaneuroactiva.com\/site\/#website","url":"https:\/\/culturaneuroactiva.com\/site\/","name":"Cultura Neuroactiva","description":"Gu\u00edas del Vivir Consciente","potentialAction":[{"@type":"SearchAction","target":{"@type":"EntryPoint","urlTemplate":"https:\/\/culturaneuroactiva.com\/site\/?s={search_term_string}"},"query-input":{"@type":"PropertyValueSpecification","valueRequired":true,"valueName":"search_term_string"}}],"inLanguage":"es"}]}},"_links":{"self":[{"href":"https:\/\/culturaneuroactiva.com\/site\/wp-json\/wp\/v2\/pages\/2786","targetHints":{"allow":["GET"]}}],"collection":[{"href":"https:\/\/culturaneuroactiva.com\/site\/wp-json\/wp\/v2\/pages"}],"about":[{"href":"https:\/\/culturaneuroactiva.com\/site\/wp-json\/wp\/v2\/types\/page"}],"author":[{"embeddable":true,"href":"https:\/\/culturaneuroactiva.com\/site\/wp-json\/wp\/v2\/users\/1"}],"replies":[{"embeddable":true,"href":"https:\/\/culturaneuroactiva.com\/site\/wp-json\/wp\/v2\/comments?post=2786"}],"version-history":[{"count":22,"href":"https:\/\/culturaneuroactiva.com\/site\/wp-json\/wp\/v2\/pages\/2786\/revisions"}],"predecessor-version":[{"id":3587,"href":"https:\/\/culturaneuroactiva.com\/site\/wp-json\/wp\/v2\/pages\/2786\/revisions\/3587"}],"wp:attachment":[{"href":"https:\/\/culturaneuroactiva.com\/site\/wp-json\/wp\/v2\/media?parent=2786"}],"curies":[{"name":"wp","href":"https:\/\/api.w.org\/{rel}","templated":true}]}}