{"id":2373,"date":"2021-04-27T00:27:16","date_gmt":"2021-04-27T00:27:16","guid":{"rendered":"http:\/\/culturaneuroactiva.com\/site\/?page_id=2373"},"modified":"2021-04-27T00:35:44","modified_gmt":"2021-04-27T00:35:44","slug":"sintomas","status":"publish","type":"page","link":"https:\/\/culturaneuroactiva.com\/site\/sintomas\/","title":{"rendered":"S\u00edntomas"},"content":{"rendered":"<h5><span style=\"color: #008080;\"><strong>S\u00cdNTOMAS F\u00cdSICOS<\/strong><\/span><\/h5>\n<ul>\n<li>\n<h6>Mucho cansancio, descompensaci\u00f3n f\u00edsica y energ\u00e9tica. Sensaci\u00f3n de estar agotado, de querer parar y no hacer nada.<\/h6>\n<\/li>\n<li>\n<h6>S\u00f3lo ganas de dormir. Se duerme en todo momento, y hasta se dejan de hacer cosas habituales por dormir. No quererse levantar, ni ba\u00f1ar ni salir.<\/h6>\n<\/li>\n<li>\n<h6>Sensaci\u00f3n de mareo y embotamiento.<\/h6>\n<\/li>\n<li>\n<h6>Bipolaridad alimenticia. En unos momentos se siente inapetencia, y en otros momentos se siente ansiedad por comer.<\/h6>\n<\/li>\n<li>\n<h6>Se incrementan las enfermedades y las dolencias, esto se presenta de dos formas, se tienen varios padecimientos al mismo tiempo.<\/h6>\n<\/li>\n<li>\n<h6>Se siente un fr\u00edo inusual principalmente en la noche, que entra por las manos o los pies y llega hasta los huesos, el cual si no se cuida adecuadamente puede llegar hasta hipotermia.<\/h6>\n<\/li>\n<li>\n<h6>Sensaci\u00f3n de nudo en la cabeza. Esta sensaci\u00f3n se puede describir como un globo flotando en el cerebro o como un zumbido en la cabeza que marea o debilita.<\/h6>\n<\/li>\n<li>\n<h6>Dermatitis o Ros\u00e1cea generada por las preocupaciones y el estr\u00e9s.<\/h6>\n<\/li>\n<li>\n<h6>Palpitaciones o dolores del m\u00fasculo cardiaco.<\/h6>\n<\/li>\n<li>\n<h6>Enfermedades inusuales, como por ejemplo dolor intenso en la parte media del cuerpo muy parecido al dolor menstrual pero en los hombres, vibraciones en el cerebro que marean, espasmos, sensaci\u00f3n de estar mojado en alguna parte del cuerpo, rasqui\u00f1as, neuralgias, y punzadas, por lo general son s\u00edntomas que cuando se hacen chequeos m\u00e9dicos le salen bien a la persona.<\/h6>\n<\/li>\n<\/ul>\n<h5><\/h5>\n<h5><span style=\"color: #008080;\"><strong>S\u00cdNTOMAS PSICOL\u00d3GICOS<\/strong><\/span><\/h5>\n<ul>\n<li>\n<h6>Se siente que se est\u00e1 de cuerpo presente pero con la mente embotada. Se siente metido en un loop, en un bucle sin sentido, como flotando en una burbuja en donde no pasa el tiempo.<\/h6>\n<\/li>\n<li>\n<h6>Se baja la producci\u00f3n pero tambi\u00e9n se baja la ansiedad, lo cual es algo at\u00edpico.<\/h6>\n<\/li>\n<li>\n<h6>Desgano, desaliento, pereza, ganas de nada, falta de voluntad o energ\u00eda para hacer algo o para moverse. Hacer los asuntos del trabajo y hasta las tareas cotidianas requiere de mucho esfuerzo. El d\u00eda no rinde, se hacen dos o tres cosas y se queda muy cansado. Par\u00e1lisis por an\u00e1lisis, hay mucho que hacer pero no hay quien haga, se siente como si algo frenara o bloqueara la realizaci\u00f3n de los deberes y obligaciones, por encima de la necesidad, del deseo o de la voluntad. Procastinaci\u00f3n. Se dejan las cosas empezadas, se postergan cosas simples de hacer, y las cosas complejas se ven imposibles.<\/h6>\n<\/li>\n<li>\n<h6>Activaci\u00f3n o incremento de las adicciones, como mecanismos de defensa ante una realidad t\u00f3xica y pesada, por eso el tiempo se pasa en actividades evasivas y de reparaci\u00f3n f\u00edsica o mental.<\/h6>\n<\/li>\n<li>\n<h6>Decaimiento, bajonazos an\u00edmicos, falta de motivaci\u00f3n, desesperanza. Se tienen los mismos s\u00edntomas de un agotamiento pero se caracteriza por el desinter\u00e9s hacia las actividades cotidianas.<\/h6>\n<\/li>\n<li>\n<h6>Despersonalizaci\u00f3n. Confusi\u00f3n de identidad, desconocerse a s\u00ed mismo, p\u00e9rdida de sentido, de inter\u00e9s, de magia, se van los rasgos predominantes de la personalidad. Lo que normalmente importaba tanto ya no importa. Se tienen pensamientos raros, es algo inexplicable, no se le encuentra sentido a la existencia normal, no se sabe qu\u00e9 hacer ni qu\u00e9 pensar, lo que normalmente funcionaba ya no funciona.<\/h6>\n<\/li>\n<li>\n<h6>Fallas en la comunicaci\u00f3n y dificultad para expresar lo que se siente. Al principio no es claro establecer la causa.<\/h6>\n<\/li>\n<li>\n<h6>Conflicto interior. Se genera una pelea consigo mismo debido a la divisi\u00f3n interna, como una parte quiere hacer las cosas pero la otra no las hace, se pierde control en el manejo de la realidad, y esto puede generar mucha frustraci\u00f3n y culpa. Se siente como si fuera un ataque de los saboteadores internos, o un incremento de los defectos personales.<\/h6>\n<\/li>\n<li>\n<h6>Sensaci\u00f3n que se va a enloquecer. Saturaci\u00f3n de tantas noticias y est\u00edmulos tan intensos, duda de todo, incredulidad, desespero, confusi\u00f3n, revolc\u00f3n interior, nerviosismo y ansiedad frente a todo lo que est\u00e1 pasando.<\/h6>\n<\/li>\n<li>\n<h6>Falta de empat\u00eda con el mundo. Salir al mundo produce hast\u00edo y repulsa, se evita el contacto debido a sentir pereza de la gente y de la humanidad.<\/h6>\n<\/li>\n<\/ul>\n<p>&nbsp;<\/p>\n<h5 class=\"entry-header\"><span style=\"color: #008080;\"><strong>S\u00cdNTOMAS SOCIALES<\/strong><\/span><\/h5>\n<div class=\"entry-content clearfix\">\n<ul>\n<li>\n<h6><strong>Preocupaci\u00f3n, estr\u00e9s, des\u00e1nimo, depresi\u00f3n, angustia, desesperanza.<\/strong>\u00a0Las emociones han sido las primeras afectadas con todo el caos que estamos viviendo, esto es normal y es saludable vivirlo intensamente, pero no es saludable quedarse ah\u00ed eternamente, por eso hay que estar muy atentos que esto no se convierta en pesimismo o pensamientos catastr\u00f3ficos.<\/h6>\n<\/li>\n<li>\n<h6><strong>Tener mucho miedo frente al Covid, o no temerle a la situaci\u00f3n.\u00a0<\/strong>El miedo por el contagio a trav\u00e9s de las interacciones cotidianas, en el trabajo o con la familia o los amigos, hace que una gran parte de la poblaci\u00f3n est\u00e9 evitando el contacto social al m\u00e1ximo, y practicando todas las normas de bioseguridad en todo momento, lo cual contrasta con otra gran parte de la poblaci\u00f3n que est\u00e1n aburridos con la situaci\u00f3n y esto los hace ser muy optimistas o simplemente no creen o se relajan, por lo que no aplican las normas de bioseguridad con su familia y amigos.<\/h6>\n<\/li>\n<li>\n<h6><strong>Incertidumbre econ\u00f3mica.\u00a0<\/strong>Ante el cambio de realidad que nos trajo la pandemia, a muchas personas que perdieron su trabajo no les ha quedado f\u00e1cil reinventarse, y como las obligaciones y deberes de adulto no paran, pues est\u00e1n atravesando por infiernos f\u00edsicos y psicol\u00f3gicos que los tiene al borde del desespero o del colapso.<\/h6>\n<\/li>\n<li>\n<h6><strong>Adicciones y actividades evasivas.<\/strong>\u00a0Los cambios, enfrentarse a lo desconocido, el aumento en las presiones cotidianas, la ansiedad y el estr\u00e9s, son factores que hacen que se generen m\u00faltiples actividades evasivas y adicciones, en las cuales las persona encuentran descanso y reparaci\u00f3n, del desgaste psicol\u00f3gico y emocional que producen la realidad tan pesada y t\u00f3xica que estamos viviendo.<\/h6>\n<\/li>\n<li>\n<h6><strong>Polarizaci\u00f3n.<\/strong>\u00a0Estamos en una \u00e9poca caracterizada por la profunda divisi\u00f3n y polarizaci\u00f3n en la que est\u00e1 sumida la humanidad, gracias a temas tan delicados como los acuerdos de paz, el aborto, la legalizaci\u00f3n, el matrimonio igualitario, la pol\u00edtica, el vandalismo como protesta social, o el manejo de la protecci\u00f3n frente al Covid. Esta divisi\u00f3n casi por mitades iguales se refleja en todos los \u00e1mbitos de la vida social, a veces la crisis se torna tan candente que se ve el odio claramente de ambos lados, esto es algo muy preocupante ya que pueden ser los inicios de una guerra civil o hasta de una guerra mundial.<\/h6>\n<\/li>\n<li>\n<h6><strong>Emociones desbordadas e irritabilidad.\u00a0<\/strong>El mal manejo de la diferencia genera enojo, que cuando se mezcla con incultura e impulsividad se convierte en agresividad y violencia. El incremento de esta emocionalidad t\u00f3xica se ve en asuntos tan cotidianos como en el tr\u00e1fico vehicular, en las relaciones personales o en las parejas, lo cual tambi\u00e9n es la causa principal del aumento en la violencia urbana y la violencia intrafamiliar.<\/h6>\n<\/li>\n<li>\n<h6><strong>Malentendidos.<\/strong>\u00a0El lenguaje est\u00e1 perdiendo la capacidad de comunicar, se da mucho el caso de algo espec\u00edfico que es visto de formas diferentes por ambas partes, o cuando se expresa un mensaje de forma clara, y la otra persona entiende otra cosa o muchas veces entiende lo contrario.<\/h6>\n<\/li>\n<li>\n<h6><strong>Trastornos mentales.\u00a0<\/strong>Que nos saquen de la zona de confort, enfrentar la incertidumbre, el cambio en la frecuencia energ\u00e9tica del planeta, y el aumento en la monoton\u00eda y en la presi\u00f3n, todos estos factores han conducido a muchas personas a experimentar s\u00edntomas de diversos trastornos mentales, como por ejemplo: Semiautismo, drogadicci\u00f3n, esquizofrenia, ansiedad, p\u00e1nico, sinsentido, tendencias suicidas y locura.<\/h6>\n<\/li>\n<li>\n<h6><strong>La desconfianza hacia las instituciones sociales.<\/strong>\u00a0Una mezcla de factores como la mentira, la corrupci\u00f3n, las malas administraciones, el abuso de poder y la falta de oportunidades, ha generado que se pierda la credibilidad y la confianza en todas las instituciones sociales, como por ejemplo: La pol\u00edtica, el gobierno, la religi\u00f3n, los medios de comunicaci\u00f3n, las fuerzas armadas, y las instituciones de salud.<\/h6>\n<\/li>\n<li>\n<h6><strong>Activaci\u00f3n de habilidades mentales inmaduras.\u00a0<\/strong>Una habilidad mental mientras que se aprende a manejar presenta m\u00e1s desventajas que ventajas, ya que es como si a alguien que no sabe nada de sistemas le regalaran un computador de alta gama pero sin instrucciones de uso. Cuando se activa el mundo espiritual, es tarea de cada persona aprender a protegerse de sus riesgos, y manejar las t\u00e9cnicas para llegar a sus beneficios.<\/h6>\n<\/li>\n<\/ul>\n<\/div>\n<p>&nbsp;<\/p>\n<h5 class=\"entry-header\"><span style=\"color: #008080;\"><strong>S\u00cdNTOMAS POSITIVOS<\/strong><\/span><\/h5>\n<div class=\"entry-content clearfix\">\n<ul>\n<li>\n<h6>Todo f\u00edsicamente est\u00e1 ideal, hay abundancia y las cosas fluyen (el problema es que no hay quien haga).<\/h6>\n<\/li>\n<li>\n<h6>Se acelera lo cu\u00e1ntico. La velocidad entre el pensamiento y los acontecimientos es mucho mayor.<\/h6>\n<\/li>\n<li>\n<h6>Activaci\u00f3n de las habilidades mentales.<\/h6>\n<\/li>\n<li>\n<h6>Se deja la saturaci\u00f3n laboral y se aprende a hacer las cosas al propio ritmo, se llega a lo simple en el trabajo.<\/h6>\n<\/li>\n<li>\n<h6>Aumento en la sincronicidad, la intuici\u00f3n, las premoniciones, la espiritualidad y la magia.<\/h6>\n<\/li>\n<li>\n<h6>Conexi\u00f3n con lo m\u00edstico, con el cosmos.<\/h6>\n<\/li>\n<li>\n<h6>Cuestionarse m\u00e1s de lo normal o preguntarse cosas diferentes, se siente que la mente est\u00e1 m\u00e1s activa que nunca. Se entiende todo mejor que antes, se tiene una \u00f3ptica m\u00e1s profunda o completa de las cosas, uno ve que antes estaba perdido con respecto a la realidad de ciertos aspectos de la vida.<\/h6>\n<\/li>\n<li>\n<h6>Muchas personas no se han dejado bajar el \u00e1nimo en los momentos m\u00e1s dif\u00edciles.<\/h6>\n<\/li>\n<li>\n<h6>Se vive una reinvenci\u00f3n del aspecto laboral.<\/h6>\n<\/li>\n<\/ul>\n<h6><\/h6>\n<h6>Autor: Juan David Silva Aguirre.<\/h6>\n<h6><\/h6>\n<h6><span style=\"color: #008080;\">\u00a0Terapias para el Cambio<\/span><\/h6>\n<h6><span style=\"color: #008080;\">Cita Previa: 312 799 4357 \u2013 culturaneuroactiva@gmail.com<\/span><\/h6>\n<h6><span style=\"color: #008080;\">www.culturaneuroactiva.com<\/span><\/h6>\n<\/div>\n","protected":false},"excerpt":{"rendered":"<p>S\u00cdNTOMAS F\u00cdSICOS Mucho cansancio, descompensaci\u00f3n f\u00edsica y energ\u00e9tica. Sensaci\u00f3n de estar agotado, de querer parar y no hacer nada. S\u00f3lo<\/p>\n","protected":false},"author":1,"featured_media":0,"parent":0,"menu_order":0,"comment_status":"closed","ping_status":"closed","template":"","meta":{"colormag_page_layout":"no_sidebar_content_centered","footnotes":""},"class_list":["post-2373","page","type-page","status-publish","hentry"],"yoast_head":"<!-- This site is optimized with the Yoast SEO plugin v25.6 - https:\/\/yoast.com\/wordpress\/plugins\/seo\/ -->\n<title>S\u00edntomas - Cultura Neuroactiva<\/title>\n<meta name=\"robots\" content=\"index, follow, max-snippet:-1, max-image-preview:large, max-video-preview:-1\" \/>\n<link rel=\"canonical\" href=\"https:\/\/culturaneuroactiva.com\/site\/sintomas\/\" \/>\n<meta property=\"og:locale\" content=\"es_ES\" \/>\n<meta property=\"og:type\" content=\"article\" \/>\n<meta property=\"og:title\" content=\"S\u00edntomas - Cultura Neuroactiva\" \/>\n<meta property=\"og:description\" content=\"S\u00cdNTOMAS F\u00cdSICOS Mucho cansancio, descompensaci\u00f3n f\u00edsica y energ\u00e9tica. Sensaci\u00f3n de estar agotado, de querer parar y no hacer nada. S\u00f3lo\" \/>\n<meta property=\"og:url\" content=\"https:\/\/culturaneuroactiva.com\/site\/sintomas\/\" \/>\n<meta property=\"og:site_name\" content=\"Cultura Neuroactiva\" \/>\n<meta property=\"article:publisher\" content=\"https:\/\/www.facebook.com\/cultura.neuroactiva\" \/>\n<meta property=\"article:modified_time\" content=\"2021-04-27T00:35:44+00:00\" \/>\n<meta name=\"twitter:card\" content=\"summary_large_image\" \/>\n<meta name=\"twitter:label1\" content=\"Tiempo de lectura\" \/>\n\t<meta name=\"twitter:data1\" content=\"8 minutos\" \/>\n<script type=\"application\/ld+json\" class=\"yoast-schema-graph\">{\"@context\":\"https:\/\/schema.org\",\"@graph\":[{\"@type\":\"WebPage\",\"@id\":\"https:\/\/culturaneuroactiva.com\/site\/sintomas\/\",\"url\":\"https:\/\/culturaneuroactiva.com\/site\/sintomas\/\",\"name\":\"S\u00edntomas - Cultura Neuroactiva\",\"isPartOf\":{\"@id\":\"https:\/\/culturaneuroactiva.com\/site\/#website\"},\"datePublished\":\"2021-04-27T00:27:16+00:00\",\"dateModified\":\"2021-04-27T00:35:44+00:00\",\"breadcrumb\":{\"@id\":\"https:\/\/culturaneuroactiva.com\/site\/sintomas\/#breadcrumb\"},\"inLanguage\":\"es\",\"potentialAction\":[{\"@type\":\"ReadAction\",\"target\":[\"https:\/\/culturaneuroactiva.com\/site\/sintomas\/\"]}]},{\"@type\":\"BreadcrumbList\",\"@id\":\"https:\/\/culturaneuroactiva.com\/site\/sintomas\/#breadcrumb\",\"itemListElement\":[{\"@type\":\"ListItem\",\"position\":1,\"name\":\"Portada\",\"item\":\"https:\/\/culturaneuroactiva.com\/site\/\"},{\"@type\":\"ListItem\",\"position\":2,\"name\":\"S\u00edntomas\"}]},{\"@type\":\"WebSite\",\"@id\":\"https:\/\/culturaneuroactiva.com\/site\/#website\",\"url\":\"https:\/\/culturaneuroactiva.com\/site\/\",\"name\":\"Cultura Neuroactiva\",\"description\":\"Gu\u00edas del Vivir Consciente\",\"potentialAction\":[{\"@type\":\"SearchAction\",\"target\":{\"@type\":\"EntryPoint\",\"urlTemplate\":\"https:\/\/culturaneuroactiva.com\/site\/?s={search_term_string}\"},\"query-input\":{\"@type\":\"PropertyValueSpecification\",\"valueRequired\":true,\"valueName\":\"search_term_string\"}}],\"inLanguage\":\"es\"}]}<\/script>\n<!-- \/ Yoast SEO plugin. -->","yoast_head_json":{"title":"S\u00edntomas - Cultura Neuroactiva","robots":{"index":"index","follow":"follow","max-snippet":"max-snippet:-1","max-image-preview":"max-image-preview:large","max-video-preview":"max-video-preview:-1"},"canonical":"https:\/\/culturaneuroactiva.com\/site\/sintomas\/","og_locale":"es_ES","og_type":"article","og_title":"S\u00edntomas - Cultura Neuroactiva","og_description":"S\u00cdNTOMAS F\u00cdSICOS Mucho cansancio, descompensaci\u00f3n f\u00edsica y energ\u00e9tica. Sensaci\u00f3n de estar agotado, de querer parar y no hacer nada. S\u00f3lo","og_url":"https:\/\/culturaneuroactiva.com\/site\/sintomas\/","og_site_name":"Cultura Neuroactiva","article_publisher":"https:\/\/www.facebook.com\/cultura.neuroactiva","article_modified_time":"2021-04-27T00:35:44+00:00","twitter_card":"summary_large_image","twitter_misc":{"Tiempo de lectura":"8 minutos"},"schema":{"@context":"https:\/\/schema.org","@graph":[{"@type":"WebPage","@id":"https:\/\/culturaneuroactiva.com\/site\/sintomas\/","url":"https:\/\/culturaneuroactiva.com\/site\/sintomas\/","name":"S\u00edntomas - Cultura Neuroactiva","isPartOf":{"@id":"https:\/\/culturaneuroactiva.com\/site\/#website"},"datePublished":"2021-04-27T00:27:16+00:00","dateModified":"2021-04-27T00:35:44+00:00","breadcrumb":{"@id":"https:\/\/culturaneuroactiva.com\/site\/sintomas\/#breadcrumb"},"inLanguage":"es","potentialAction":[{"@type":"ReadAction","target":["https:\/\/culturaneuroactiva.com\/site\/sintomas\/"]}]},{"@type":"BreadcrumbList","@id":"https:\/\/culturaneuroactiva.com\/site\/sintomas\/#breadcrumb","itemListElement":[{"@type":"ListItem","position":1,"name":"Portada","item":"https:\/\/culturaneuroactiva.com\/site\/"},{"@type":"ListItem","position":2,"name":"S\u00edntomas"}]},{"@type":"WebSite","@id":"https:\/\/culturaneuroactiva.com\/site\/#website","url":"https:\/\/culturaneuroactiva.com\/site\/","name":"Cultura Neuroactiva","description":"Gu\u00edas del Vivir Consciente","potentialAction":[{"@type":"SearchAction","target":{"@type":"EntryPoint","urlTemplate":"https:\/\/culturaneuroactiva.com\/site\/?s={search_term_string}"},"query-input":{"@type":"PropertyValueSpecification","valueRequired":true,"valueName":"search_term_string"}}],"inLanguage":"es"}]}},"_links":{"self":[{"href":"https:\/\/culturaneuroactiva.com\/site\/wp-json\/wp\/v2\/pages\/2373","targetHints":{"allow":["GET"]}}],"collection":[{"href":"https:\/\/culturaneuroactiva.com\/site\/wp-json\/wp\/v2\/pages"}],"about":[{"href":"https:\/\/culturaneuroactiva.com\/site\/wp-json\/wp\/v2\/types\/page"}],"author":[{"embeddable":true,"href":"https:\/\/culturaneuroactiva.com\/site\/wp-json\/wp\/v2\/users\/1"}],"replies":[{"embeddable":true,"href":"https:\/\/culturaneuroactiva.com\/site\/wp-json\/wp\/v2\/comments?post=2373"}],"version-history":[{"count":6,"href":"https:\/\/culturaneuroactiva.com\/site\/wp-json\/wp\/v2\/pages\/2373\/revisions"}],"predecessor-version":[{"id":2380,"href":"https:\/\/culturaneuroactiva.com\/site\/wp-json\/wp\/v2\/pages\/2373\/revisions\/2380"}],"wp:attachment":[{"href":"https:\/\/culturaneuroactiva.com\/site\/wp-json\/wp\/v2\/media?parent=2373"}],"curies":[{"name":"wp","href":"https:\/\/api.w.org\/{rel}","templated":true}]}}