{"id":2273,"date":"2020-11-27T08:35:14","date_gmt":"2020-11-27T08:35:14","guid":{"rendered":"http:\/\/culturaneuroactiva.com\/site\/?page_id=2273"},"modified":"2020-11-27T09:01:11","modified_gmt":"2020-11-27T09:01:11","slug":"causas-posibles","status":"publish","type":"page","link":"https:\/\/culturaneuroactiva.com\/site\/causas-posibles\/","title":{"rendered":"Causas Posibles"},"content":{"rendered":"<h6>El cambio de realidad es un fen\u00f3meno complejo y desconocido, en el que se observan las siguientes causas:<\/h6>\n<ul>\n<li>\n<h6>La pandemia y la cuarentena trajeron consigo el alejamiento de la realidad conocida y esto nos oblig\u00f3 a enfrentarnos con una parte desconocida de nosotros mismos, igualmente a muchas personas se les incrementaron las actividades, las dificultades, la presi\u00f3n, el estr\u00e9s, e inclusive hasta perdieron los espacios personales para estar en soledad. La suma de factores nos genera una enfermedad psicosocial nueva en donde se juntan varias descripciones.<\/h6>\n<\/li>\n<li>\n<h6>Hay tanta confusi\u00f3n, que se est\u00e1 empezando a ver el mal como bien y el bien como mal, y a tomar la verdad como ficci\u00f3n y la ficci\u00f3n como realidad.<\/h6>\n<\/li>\n<li>\n<h6>El origen del cambio de conciencia o cambio de paradigma mental, corresponde al cambio de polaridad magn\u00e9tica de la Tierra y al cambio en nuestro ADN, que traen consigo la activaci\u00f3n del modo cognitivo espiritual, lo cual es el motor que gesta el cambio de realidad que estamos viviendo.<\/h6>\n<\/li>\n<li>\n<h6>Lo que estamos viviendo corresponde a la tercera guerra mundial, que es una guerra entre el bien y el mal por la conciencia humana, y esto nos hace entrar en una especie de examen final, en donde todas las sombras humanas se activan y a cada persona le toca enfrentar justo sus mayores debilidades o sus temores.<\/h6>\n<\/li>\n<li>\n<h6>La energ\u00eda planetaria est\u00e1 en aumento, y esto hace que todo lo flojo se caiga y que emerja todo lo oculto. Como esto nos hace soltarnos de los viejos patrones de comportamiento, por eso es que llegan sentimientos de culpa, frustraci\u00f3n, confusi\u00f3n, ansiedad, o estar en el vac\u00edo.<\/h6>\n<\/li>\n<li>\n<h6>Este cambio de frecuencia que genera el cambio de realidad, se puede describir como un gran tsunami que le llega a la humanidad, pero no de agua sino de frecuencia energ\u00e9tica o de realidad espiritual, el cual se caracteriza porque se tienen los mismos s\u00edntomas que un trance de yag\u00e9, pero sin consumir sustancias, de una forma muy sutil y de manera permanente, por lo tanto las personas que no sepan manejar de forma calmada y productiva esta nueva frecuencia energ\u00e9tica y mental, que corresponde al inconsciente profundo, es muy factible que caigan en las diversas patolog\u00edas provenientes de no saber manejar los estados del trance profundo, algunos ejemplos de estas patolog\u00edas son los siguientes: Ansiedad, p\u00e1nico, adicciones, semiautismo, depresi\u00f3n, suicidio, emociones explosivas y todo tipo de trastornos mentales.<\/h6>\n<\/li>\n<li>\n<h6>La profec\u00eda de los Mayas con respecto al cambio de frecuencia y cambio de realidad, es como una recalibraci\u00f3n energ\u00e9tica que genera un cambio colectivo de paradigma mental y un cambio estructural en la realidad conocida, ya que cuando cambia la frecuencia energ\u00e9tica luego tambi\u00e9n cambia la correspondencia f\u00edsica o la manifestaci\u00f3n en la realidad cotidiana, por eso es que desde un plano espiritual, esta crisis generada por el cambio de realidad se parece a una operaci\u00f3n energ\u00e9tica colectiva del planeta entero, lo cual afecta desde el c\u00f3digo gen\u00e9tico hasta todas las instancias de la psique, de la vida y de la sociedad, por eso es que las personas m\u00e1s sensibles son los primeros en sentir los s\u00edntomas.<\/h6>\n<\/li>\n<li>\n<h6>Existe una gran duda sobre si las causas de este cambio de realidad son de origen humano o son de origen natural, evolutivo o c\u00f3smico, pero las causas humanas quedan descartadas de entrada (como por ejemplo una conspiraci\u00f3n del nuevo orden mundial), ya que no tiene sentido que un objetivo como adormecer y controlar a la poblaci\u00f3n, sea la causa de una crisis mundial que est\u00e1 contribuyendo en que la humanidad se sensibilice y se despierte.<\/h6>\n<\/li>\n<\/ul>\n<h6>NOTA: Lo m\u00e1s importante de la crisis del cambio de realidad, no es saber qu\u00e9 lo causa sino tener claro c\u00f3mo se reacciona frente a cada uno de sus s\u00edntomas y problem\u00e1ticas.<\/h6>\n<h6><\/h6>\n<h6>Autor: Juan David Silva Aguirre.<\/h6>\n<h6><\/h6>\n<h6><span style=\"color: #008080;\">Terapias para el Cambio<\/span><\/h6>\n<h6><span style=\"color: #008080;\">Cita Previa: 312 799 4357 \u2013 culturaneuroactiva@gmail.com<\/span><\/h6>\n<h6><span style=\"color: #008080;\">www.culturaneuroactiva.com<\/span><\/h6>\n","protected":false},"excerpt":{"rendered":"<p>El cambio de realidad es un fen\u00f3meno complejo y desconocido, en el que se observan las siguientes causas: La pandemia<\/p>\n","protected":false},"author":1,"featured_media":0,"parent":0,"menu_order":0,"comment_status":"closed","ping_status":"closed","template":"","meta":{"colormag_page_layout":"no_sidebar_content_centered","footnotes":""},"class_list":["post-2273","page","type-page","status-publish","hentry"],"yoast_head":"<!-- This site is optimized with the Yoast SEO plugin v25.6 - https:\/\/yoast.com\/wordpress\/plugins\/seo\/ -->\n<title>Causas Posibles - Cultura Neuroactiva<\/title>\n<meta name=\"robots\" content=\"index, follow, max-snippet:-1, max-image-preview:large, max-video-preview:-1\" \/>\n<link rel=\"canonical\" href=\"https:\/\/culturaneuroactiva.com\/site\/causas-posibles\/\" \/>\n<meta property=\"og:locale\" content=\"es_ES\" \/>\n<meta property=\"og:type\" content=\"article\" \/>\n<meta property=\"og:title\" content=\"Causas Posibles - Cultura Neuroactiva\" \/>\n<meta property=\"og:description\" content=\"El cambio de realidad es un fen\u00f3meno complejo y desconocido, en el que se observan las siguientes causas: La pandemia\" \/>\n<meta property=\"og:url\" content=\"https:\/\/culturaneuroactiva.com\/site\/causas-posibles\/\" \/>\n<meta property=\"og:site_name\" content=\"Cultura Neuroactiva\" \/>\n<meta property=\"article:publisher\" content=\"https:\/\/www.facebook.com\/cultura.neuroactiva\" \/>\n<meta property=\"article:modified_time\" content=\"2020-11-27T09:01:11+00:00\" \/>\n<meta name=\"twitter:card\" content=\"summary_large_image\" \/>\n<meta name=\"twitter:label1\" content=\"Tiempo de lectura\" \/>\n\t<meta name=\"twitter:data1\" content=\"3 minutos\" \/>\n<script type=\"application\/ld+json\" class=\"yoast-schema-graph\">{\"@context\":\"https:\/\/schema.org\",\"@graph\":[{\"@type\":\"WebPage\",\"@id\":\"https:\/\/culturaneuroactiva.com\/site\/causas-posibles\/\",\"url\":\"https:\/\/culturaneuroactiva.com\/site\/causas-posibles\/\",\"name\":\"Causas Posibles - Cultura Neuroactiva\",\"isPartOf\":{\"@id\":\"https:\/\/culturaneuroactiva.com\/site\/#website\"},\"datePublished\":\"2020-11-27T08:35:14+00:00\",\"dateModified\":\"2020-11-27T09:01:11+00:00\",\"breadcrumb\":{\"@id\":\"https:\/\/culturaneuroactiva.com\/site\/causas-posibles\/#breadcrumb\"},\"inLanguage\":\"es\",\"potentialAction\":[{\"@type\":\"ReadAction\",\"target\":[\"https:\/\/culturaneuroactiva.com\/site\/causas-posibles\/\"]}]},{\"@type\":\"BreadcrumbList\",\"@id\":\"https:\/\/culturaneuroactiva.com\/site\/causas-posibles\/#breadcrumb\",\"itemListElement\":[{\"@type\":\"ListItem\",\"position\":1,\"name\":\"Portada\",\"item\":\"https:\/\/culturaneuroactiva.com\/site\/\"},{\"@type\":\"ListItem\",\"position\":2,\"name\":\"Causas Posibles\"}]},{\"@type\":\"WebSite\",\"@id\":\"https:\/\/culturaneuroactiva.com\/site\/#website\",\"url\":\"https:\/\/culturaneuroactiva.com\/site\/\",\"name\":\"Cultura Neuroactiva\",\"description\":\"Gu\u00edas del Vivir Consciente\",\"potentialAction\":[{\"@type\":\"SearchAction\",\"target\":{\"@type\":\"EntryPoint\",\"urlTemplate\":\"https:\/\/culturaneuroactiva.com\/site\/?s={search_term_string}\"},\"query-input\":{\"@type\":\"PropertyValueSpecification\",\"valueRequired\":true,\"valueName\":\"search_term_string\"}}],\"inLanguage\":\"es\"}]}<\/script>\n<!-- \/ Yoast SEO plugin. -->","yoast_head_json":{"title":"Causas Posibles - Cultura Neuroactiva","robots":{"index":"index","follow":"follow","max-snippet":"max-snippet:-1","max-image-preview":"max-image-preview:large","max-video-preview":"max-video-preview:-1"},"canonical":"https:\/\/culturaneuroactiva.com\/site\/causas-posibles\/","og_locale":"es_ES","og_type":"article","og_title":"Causas Posibles - Cultura Neuroactiva","og_description":"El cambio de realidad es un fen\u00f3meno complejo y desconocido, en el que se observan las siguientes causas: La pandemia","og_url":"https:\/\/culturaneuroactiva.com\/site\/causas-posibles\/","og_site_name":"Cultura Neuroactiva","article_publisher":"https:\/\/www.facebook.com\/cultura.neuroactiva","article_modified_time":"2020-11-27T09:01:11+00:00","twitter_card":"summary_large_image","twitter_misc":{"Tiempo de lectura":"3 minutos"},"schema":{"@context":"https:\/\/schema.org","@graph":[{"@type":"WebPage","@id":"https:\/\/culturaneuroactiva.com\/site\/causas-posibles\/","url":"https:\/\/culturaneuroactiva.com\/site\/causas-posibles\/","name":"Causas Posibles - Cultura Neuroactiva","isPartOf":{"@id":"https:\/\/culturaneuroactiva.com\/site\/#website"},"datePublished":"2020-11-27T08:35:14+00:00","dateModified":"2020-11-27T09:01:11+00:00","breadcrumb":{"@id":"https:\/\/culturaneuroactiva.com\/site\/causas-posibles\/#breadcrumb"},"inLanguage":"es","potentialAction":[{"@type":"ReadAction","target":["https:\/\/culturaneuroactiva.com\/site\/causas-posibles\/"]}]},{"@type":"BreadcrumbList","@id":"https:\/\/culturaneuroactiva.com\/site\/causas-posibles\/#breadcrumb","itemListElement":[{"@type":"ListItem","position":1,"name":"Portada","item":"https:\/\/culturaneuroactiva.com\/site\/"},{"@type":"ListItem","position":2,"name":"Causas Posibles"}]},{"@type":"WebSite","@id":"https:\/\/culturaneuroactiva.com\/site\/#website","url":"https:\/\/culturaneuroactiva.com\/site\/","name":"Cultura Neuroactiva","description":"Gu\u00edas del Vivir Consciente","potentialAction":[{"@type":"SearchAction","target":{"@type":"EntryPoint","urlTemplate":"https:\/\/culturaneuroactiva.com\/site\/?s={search_term_string}"},"query-input":{"@type":"PropertyValueSpecification","valueRequired":true,"valueName":"search_term_string"}}],"inLanguage":"es"}]}},"_links":{"self":[{"href":"https:\/\/culturaneuroactiva.com\/site\/wp-json\/wp\/v2\/pages\/2273","targetHints":{"allow":["GET"]}}],"collection":[{"href":"https:\/\/culturaneuroactiva.com\/site\/wp-json\/wp\/v2\/pages"}],"about":[{"href":"https:\/\/culturaneuroactiva.com\/site\/wp-json\/wp\/v2\/types\/page"}],"author":[{"embeddable":true,"href":"https:\/\/culturaneuroactiva.com\/site\/wp-json\/wp\/v2\/users\/1"}],"replies":[{"embeddable":true,"href":"https:\/\/culturaneuroactiva.com\/site\/wp-json\/wp\/v2\/comments?post=2273"}],"version-history":[{"count":2,"href":"https:\/\/culturaneuroactiva.com\/site\/wp-json\/wp\/v2\/pages\/2273\/revisions"}],"predecessor-version":[{"id":2294,"href":"https:\/\/culturaneuroactiva.com\/site\/wp-json\/wp\/v2\/pages\/2273\/revisions\/2294"}],"wp:attachment":[{"href":"https:\/\/culturaneuroactiva.com\/site\/wp-json\/wp\/v2\/media?parent=2273"}],"curies":[{"name":"wp","href":"https:\/\/api.w.org\/{rel}","templated":true}]}}