{"id":2206,"date":"2020-08-09T12:23:39","date_gmt":"2020-08-09T12:23:39","guid":{"rendered":"http:\/\/culturaneuroactiva.com\/site\/?page_id=2206"},"modified":"2020-08-09T12:28:25","modified_gmt":"2020-08-09T12:28:25","slug":"metodologias-psicoespirituales","status":"publish","type":"page","link":"https:\/\/culturaneuroactiva.com\/site\/metodologias-psicoespirituales\/","title":{"rendered":"Metodolog\u00edas Psicoespirituales"},"content":{"rendered":"<h5><span style=\"color: #008080;\">Existen m\u00faltiples maneras para activar el Modo Cognitivo Espiritual y entrar en contacto directo con la realidad espiritual, pero por m\u00e1s que var\u00eden en sus formas, todas est\u00e1n basadas en la disminuci\u00f3n de la velocidad de procesamiento cerebral, para lo cual hay m\u00e9todos voluntarios, involuntarios, individuales, colectivos, naturales y artificiales.<\/span><\/h5>\n<h6>Es muy importante aclarar que estas metodolog\u00edas para activar el Modo Cognitivo Espiritual, no son \u00fanicamente los elementos que las componen sino tambi\u00e9n la manera de utilizarlos, el ejemplo m\u00e1s claro sobre esto ocurre con las plantas sagradas, que de acuerdo a c\u00f3mo se empleen pueden ser droga o medicina, son droga cuando se consumen por fuera del contexto ritual, sin ning\u00fan protocolo o respeto, y sin m\u00e1s prop\u00f3sito que desaburrirse o huir de los problemas (enajenarse), y son medicina cuando se utilizan en un contexto m\u00edstico-ritual, para conocerse a s\u00ed mismo y buscar claridad o instrucci\u00f3n. Estos m\u00e9todos son tan poderosos, que el mismo medio que conecta a la persona con lo sagrado y con la autosanaci\u00f3n, si no se utiliza de la manera adecuada, puede conducirla al infierno del desequilibrio mental, la drogadicci\u00f3n y la destrucci\u00f3n de su tranquilidad.<\/h6>\n<h6>Hay dos cosas b\u00e1sicas para saber a cerca de la Realidad Espiritual, la primera es que tiene much\u00edsimos niveles de profundidad, y la segunda es que cada nivel cuenta con numerosas direcciones o localizaciones (Universos Paralelos) que pueden ser visitadas y manejadas, es algo as\u00ed como una escalera con much\u00edsimos escalones de arriba hasta abajo, y cada escal\u00f3n cuenta con un arco iris con todas las tonalidades, desde la m\u00e1s clara hasta la m\u00e1s oscura.<\/h6>\n<h6>Teniendo en cuenta que todos los m\u00e9todos de acceso a la Realidad Espiritual son dise\u00f1os con estructuras diferentes, en ese sentido cada m\u00e9todo es un camino especializado para conectar con un nivel de profundidad espec\u00edfico, y con una tonalidad espec\u00edfica de ese nivel; de hecho todas las culturas que se han relacionado con el otro lado de la Realidad, han tenido que desarrollar mecanismos de conexi\u00f3n\u00a0 especializados para consolidar esta relaci\u00f3n. El Ser Humano lleva en promedio 5.000 a\u00f1os desarrollando estos mecanismos, por lo tanto las culturas antiguas son las que m\u00e1s tiempo y dedicaci\u00f3n han invertido en la creaci\u00f3n de tales dise\u00f1os de conexi\u00f3n interdimensional. Por eso casi todos los m\u00e9todos de acceso a la Realidad Espiritual son t\u00e9cnicas antiguas y abor\u00edgenes clasificadas como Metodolog\u00edas Psicoespirituales, o tambi\u00e9n conocidas como Tecnolog\u00edas de lo Sagrado, dentro de las cuales se encuentran las siguientes:<\/h6>\n<ul>\n<li>\n<h6><strong>Pr\u00e1cticas Espirituales:\u00a0<\/strong>Meditaci\u00f3n, yoga, ejercicios Zen, pr\u00e1cticas t\u00e1rtricas, Kundalini Yoga, oraci\u00f3n m\u00edstica, tai chi, rituales sagrados, festivales y fiestas religiosas,<\/h6>\n<\/li>\n<li>\n<h6><strong>Rituales cham\u00e1nicos:<\/strong>\u00a0Caminatas de poder, b\u00fasquedas de visi\u00f3n, ritos de paso, ejercicios de recapitulaci\u00f3n, enterrarse en la tierra, ejercicios de \u201cno hacer\u201d, el arte de enso\u00f1ar.<\/h6>\n<\/li>\n<li>\n<h6><strong>Plantas Sagradas o Ente\u00f3genos:<\/strong>\u00a0Peyote, Hongos (Teonanacatl, Psilocybe, Amanita Muscaria), Yag\u00e9 (Ayahuasca), Cannabis, San Pedro, Iboga, Tabaco.<\/h6>\n<\/li>\n<li>\n<h6><strong>Animales Psicod\u00e9licos:<\/strong>\u00a0Las secreciones de la piel del sapo Bufo Alvarius, el pez del pac\u00edfico Kyphosus Fuscus.<\/h6>\n<\/li>\n<li>\n<h6><strong>T\u00e9cnicas de Respiraci\u00f3n:<\/strong>\u00a0Pranayama, Respiraci\u00f3n Holotr\u00f3pica (hiperventilaci\u00f3n), Respiraci\u00f3n Suf\u00ed, Oxigenoterapia.<\/h6>\n<\/li>\n<li>\n<h6><strong>Danza y movimiento:<\/strong>\u00a0Los giros de los derviches, Tai chi, la meditaci\u00f3n din\u00e1mica de Osho, la biodanza, la danza de los lamas, la danza del fuego, las danzas tribales y ancestrales..<\/h6>\n<\/li>\n<li>\n<h6><strong>Tecnolog\u00edas Sonoras:\u00a0<\/strong>M\u00fasicas m\u00edsticas del mundo, m\u00fasicas tribales y abor\u00edgenes, sonidos atmosf\u00e9ricos, sonidos de la naturaleza (animales, mar, cascada, riachuelo, viento), cantos ancestrales y arrullos ind\u00edgenas, mantrams, canto gregoriano, m\u00fasica Zen, instrumentos \u00e9tnicos e ind\u00edgenas, didjerid\u00fa australiano, cascabeles, sonajeros, campanas, gongs, cuencos tibetanos, los ritmos hipn\u00f3ticos con percusi\u00f3n cham\u00e1nica y toque de tambores, y en general todas las m\u00fasicas m\u00edsticas del mundo.<\/h6>\n<\/li>\n<li>\n<h6><strong>Privaci\u00f3n Sensorial y Aislamiento:<\/strong>\u00a0Privaci\u00f3n de descanso, privaci\u00f3n de sue\u00f1o, retiro en el desierto, retiro en cuevas, en la cima de monta\u00f1as y en lugares nevados.<\/h6>\n<\/li>\n<li>\n<h6><strong>Medios Fisiol\u00f3gicos:<\/strong>\u00a0Fotosensibilidad (Estroboscopio), ayuno, privaci\u00f3n del sue\u00f1o, sobrecarga sensorial, actividad f\u00edsica sostenida, purgas o laxantes, temperaturas extremas (Ceremonia del Sudor), aromas sagrados, procedimientos extremadamente dolorosos como: La danza del sol, la circuncisi\u00f3n, las escariaciones, la limadura de dientes, los tatuajes, la marca de fuego.<\/h6>\n<\/li>\n<li>\n<h6><strong>Arquitectura Sagrada:\u00a0<\/strong>Monasterios, templos, catedrales, mezquitas, jardines zen.<\/h6>\n<\/li>\n<li>\n<h6><strong>Decoraci\u00f3n Contemplativa:<\/strong>\u00a0Mandalas y fractales, decoraci\u00f3n m\u00edstica, decoraci\u00f3n eco-r\u00fastica, iconograf\u00eda y geometr\u00eda sagrada, im\u00e1genes de dioses y deidades, vestidos ceremoniales, arte \u00e9tnico y tribal, objetos de poder: b\u00e1culos, instrumentos, altares.<\/h6>\n<\/li>\n<li>\n<h6><strong>Terapias Vivenciales:<\/strong>\u00a0Neuroarte o Neuroestimulaci\u00f3n Contemplativa, Experimentos de la consciencia, Terapia Perceptual Afectiva, Musicoterapia GIM, programas virtuales de imagen y sonido, estimulaci\u00f3n sensorial de alto impacto.<\/h6>\n<\/li>\n<li>\n<h6><strong>Por Generaci\u00f3n Espont\u00e1nea:\u00a0<\/strong>Estigmas, crisis de emergencia espiritual, desdoblarse o salir en astral, desestructuraci\u00f3n del yo, casos espont\u00e1neos de esquizofrenia y psicosis, casos de iluminaci\u00f3n espont\u00e1nea, canalizaciones involuntarias, al realizar alguna actividad relacionada al t\u00f3tem personal.<\/h6>\n<\/li>\n<li>\n<h6><strong>Situaciones Peligrosas o Negativas:\u00a0<\/strong>Situaciones de alta carga emocional negativa, crisis psicoespirituales, circunstancias muy desfavorables y amenazadoras, intenso sufrimiento emocional o f\u00edsico, accidentes, enfermedades y dolor, cuando la integridad o supervivencia se ven amenazadas, depresiones profundas, tendencias suicidas, estr\u00e9s cr\u00f3nico, exceso de trabajo, crisis muy agudas o crisis vitales, rupturas o p\u00e9rdidas emocionales, experiencias cercanas a la muerte, heridas y operaciones peligrosas, la muerte de un ser querido, enfermedades terminales.<\/h6>\n<\/li>\n<li>\n<h6><strong>Situaciones Cotidianas:\u00a0<\/strong>Situaciones de alta carga emocional positiva (ganarse la loter\u00eda, recibir un regalo anhelado), la naturaleza, interactuar con animales, todas las artes (m\u00fasica, baile, poes\u00eda, cine, pintura), m\u00fasica electr\u00f3nica y m\u00fasica goad, deportes extremos y actividades atl\u00e9ticas, la belleza del cuerpo y la cara, estar enamorado, placer sexual, embarazo y parto, parques de diversiones, rumbas electr\u00f3nicas (Raves), juegos pirot\u00e9cnicos, rumba y licor, realidad virtual, juegos de video, juegos de Rol.<\/h6>\n<\/li>\n<\/ul>\n<p>&nbsp;<\/p>\n<h6>Art\u00edculo extra\u00eddo del libro Mec\u00e1nica Psicobioespiritual.<\/h6>\n<h6>Autor: Juan David Silva Aguirre.<\/h6>\n<p><img loading=\"lazy\" decoding=\"async\" class=\"alignnone wp-image-637\" src=\"http:\/\/culturaneuroactiva.com\/site\/wp-content\/uploads\/2016\/03\/creative-comons-300x105.png\" sizes=\"auto, (max-width: 97px) 100vw, 97px\" srcset=\"http:\/\/culturaneuroactiva.com\/site\/wp-content\/uploads\/2016\/03\/creative-comons-300x105.png 300w, http:\/\/culturaneuroactiva.com\/site\/wp-content\/uploads\/2016\/03\/creative-comons-392x141.png 392w, http:\/\/culturaneuroactiva.com\/site\/wp-content\/uploads\/2016\/03\/creative-comons-390x141.png 390w, http:\/\/culturaneuroactiva.com\/site\/wp-content\/uploads\/2016\/03\/creative-comons.png 403w\" alt=\"creative comons\" width=\"97\" height=\"34\" \/><\/p>\n<h6><\/h6>\n<h6>SERVICIOS<\/h6>\n<h6>Sanaci\u00f3n Sonora, Concierto para el Alma, Fiesta Electro M\u00edstica.<\/h6>\n<h6>CITA PREVIA:<\/h6>\n<h6>culturaneuroactiva@gmail.com (Cel.3127994357) Medell\u00edn \u2013 Colombia<\/h6>\n","protected":false},"excerpt":{"rendered":"<p>Existen m\u00faltiples maneras para activar el Modo Cognitivo Espiritual y entrar en contacto directo con la realidad espiritual, pero por<\/p>\n","protected":false},"author":1,"featured_media":0,"parent":0,"menu_order":0,"comment_status":"closed","ping_status":"closed","template":"","meta":{"colormag_page_layout":"no_sidebar_content_centered","footnotes":""},"class_list":["post-2206","page","type-page","status-publish","hentry"],"yoast_head":"<!-- This site is optimized with the Yoast SEO plugin v25.6 - https:\/\/yoast.com\/wordpress\/plugins\/seo\/ -->\n<title>Metodolog\u00edas Psicoespirituales - Cultura Neuroactiva<\/title>\n<meta name=\"robots\" content=\"index, follow, max-snippet:-1, max-image-preview:large, max-video-preview:-1\" \/>\n<link rel=\"canonical\" href=\"https:\/\/culturaneuroactiva.com\/site\/metodologias-psicoespirituales\/\" \/>\n<meta property=\"og:locale\" content=\"es_ES\" \/>\n<meta property=\"og:type\" content=\"article\" \/>\n<meta property=\"og:title\" content=\"Metodolog\u00edas Psicoespirituales - Cultura Neuroactiva\" \/>\n<meta property=\"og:description\" content=\"Existen m\u00faltiples maneras para activar el Modo Cognitivo Espiritual y entrar en contacto directo con la realidad espiritual, pero por\" \/>\n<meta property=\"og:url\" content=\"https:\/\/culturaneuroactiva.com\/site\/metodologias-psicoespirituales\/\" \/>\n<meta property=\"og:site_name\" content=\"Cultura Neuroactiva\" \/>\n<meta property=\"article:publisher\" content=\"https:\/\/www.facebook.com\/cultura.neuroactiva\" \/>\n<meta property=\"article:modified_time\" content=\"2020-08-09T12:28:25+00:00\" \/>\n<meta property=\"og:image\" content=\"http:\/\/culturaneuroactiva.com\/site\/wp-content\/uploads\/2016\/03\/creative-comons-300x105.png\" \/>\n<meta name=\"twitter:card\" content=\"summary_large_image\" \/>\n<meta name=\"twitter:label1\" content=\"Tiempo de lectura\" \/>\n\t<meta name=\"twitter:data1\" content=\"5 minutos\" \/>\n<script type=\"application\/ld+json\" class=\"yoast-schema-graph\">{\"@context\":\"https:\/\/schema.org\",\"@graph\":[{\"@type\":\"WebPage\",\"@id\":\"https:\/\/culturaneuroactiva.com\/site\/metodologias-psicoespirituales\/\",\"url\":\"https:\/\/culturaneuroactiva.com\/site\/metodologias-psicoespirituales\/\",\"name\":\"Metodolog\u00edas Psicoespirituales - Cultura Neuroactiva\",\"isPartOf\":{\"@id\":\"https:\/\/culturaneuroactiva.com\/site\/#website\"},\"primaryImageOfPage\":{\"@id\":\"https:\/\/culturaneuroactiva.com\/site\/metodologias-psicoespirituales\/#primaryimage\"},\"image\":{\"@id\":\"https:\/\/culturaneuroactiva.com\/site\/metodologias-psicoespirituales\/#primaryimage\"},\"thumbnailUrl\":\"http:\/\/culturaneuroactiva.com\/site\/wp-content\/uploads\/2016\/03\/creative-comons-300x105.png\",\"datePublished\":\"2020-08-09T12:23:39+00:00\",\"dateModified\":\"2020-08-09T12:28:25+00:00\",\"breadcrumb\":{\"@id\":\"https:\/\/culturaneuroactiva.com\/site\/metodologias-psicoespirituales\/#breadcrumb\"},\"inLanguage\":\"es\",\"potentialAction\":[{\"@type\":\"ReadAction\",\"target\":[\"https:\/\/culturaneuroactiva.com\/site\/metodologias-psicoespirituales\/\"]}]},{\"@type\":\"ImageObject\",\"inLanguage\":\"es\",\"@id\":\"https:\/\/culturaneuroactiva.com\/site\/metodologias-psicoespirituales\/#primaryimage\",\"url\":\"http:\/\/culturaneuroactiva.com\/site\/wp-content\/uploads\/2016\/03\/creative-comons-300x105.png\",\"contentUrl\":\"http:\/\/culturaneuroactiva.com\/site\/wp-content\/uploads\/2016\/03\/creative-comons-300x105.png\"},{\"@type\":\"BreadcrumbList\",\"@id\":\"https:\/\/culturaneuroactiva.com\/site\/metodologias-psicoespirituales\/#breadcrumb\",\"itemListElement\":[{\"@type\":\"ListItem\",\"position\":1,\"name\":\"Portada\",\"item\":\"https:\/\/culturaneuroactiva.com\/site\/\"},{\"@type\":\"ListItem\",\"position\":2,\"name\":\"Metodolog\u00edas Psicoespirituales\"}]},{\"@type\":\"WebSite\",\"@id\":\"https:\/\/culturaneuroactiva.com\/site\/#website\",\"url\":\"https:\/\/culturaneuroactiva.com\/site\/\",\"name\":\"Cultura Neuroactiva\",\"description\":\"Gu\u00edas del Vivir Consciente\",\"potentialAction\":[{\"@type\":\"SearchAction\",\"target\":{\"@type\":\"EntryPoint\",\"urlTemplate\":\"https:\/\/culturaneuroactiva.com\/site\/?s={search_term_string}\"},\"query-input\":{\"@type\":\"PropertyValueSpecification\",\"valueRequired\":true,\"valueName\":\"search_term_string\"}}],\"inLanguage\":\"es\"}]}<\/script>\n<!-- \/ Yoast SEO plugin. -->","yoast_head_json":{"title":"Metodolog\u00edas Psicoespirituales - Cultura Neuroactiva","robots":{"index":"index","follow":"follow","max-snippet":"max-snippet:-1","max-image-preview":"max-image-preview:large","max-video-preview":"max-video-preview:-1"},"canonical":"https:\/\/culturaneuroactiva.com\/site\/metodologias-psicoespirituales\/","og_locale":"es_ES","og_type":"article","og_title":"Metodolog\u00edas Psicoespirituales - Cultura Neuroactiva","og_description":"Existen m\u00faltiples maneras para activar el Modo Cognitivo Espiritual y entrar en contacto directo con la realidad espiritual, pero por","og_url":"https:\/\/culturaneuroactiva.com\/site\/metodologias-psicoespirituales\/","og_site_name":"Cultura Neuroactiva","article_publisher":"https:\/\/www.facebook.com\/cultura.neuroactiva","article_modified_time":"2020-08-09T12:28:25+00:00","og_image":[{"url":"http:\/\/culturaneuroactiva.com\/site\/wp-content\/uploads\/2016\/03\/creative-comons-300x105.png","type":"","width":"","height":""}],"twitter_card":"summary_large_image","twitter_misc":{"Tiempo de lectura":"5 minutos"},"schema":{"@context":"https:\/\/schema.org","@graph":[{"@type":"WebPage","@id":"https:\/\/culturaneuroactiva.com\/site\/metodologias-psicoespirituales\/","url":"https:\/\/culturaneuroactiva.com\/site\/metodologias-psicoespirituales\/","name":"Metodolog\u00edas Psicoespirituales - Cultura Neuroactiva","isPartOf":{"@id":"https:\/\/culturaneuroactiva.com\/site\/#website"},"primaryImageOfPage":{"@id":"https:\/\/culturaneuroactiva.com\/site\/metodologias-psicoespirituales\/#primaryimage"},"image":{"@id":"https:\/\/culturaneuroactiva.com\/site\/metodologias-psicoespirituales\/#primaryimage"},"thumbnailUrl":"http:\/\/culturaneuroactiva.com\/site\/wp-content\/uploads\/2016\/03\/creative-comons-300x105.png","datePublished":"2020-08-09T12:23:39+00:00","dateModified":"2020-08-09T12:28:25+00:00","breadcrumb":{"@id":"https:\/\/culturaneuroactiva.com\/site\/metodologias-psicoespirituales\/#breadcrumb"},"inLanguage":"es","potentialAction":[{"@type":"ReadAction","target":["https:\/\/culturaneuroactiva.com\/site\/metodologias-psicoespirituales\/"]}]},{"@type":"ImageObject","inLanguage":"es","@id":"https:\/\/culturaneuroactiva.com\/site\/metodologias-psicoespirituales\/#primaryimage","url":"http:\/\/culturaneuroactiva.com\/site\/wp-content\/uploads\/2016\/03\/creative-comons-300x105.png","contentUrl":"http:\/\/culturaneuroactiva.com\/site\/wp-content\/uploads\/2016\/03\/creative-comons-300x105.png"},{"@type":"BreadcrumbList","@id":"https:\/\/culturaneuroactiva.com\/site\/metodologias-psicoespirituales\/#breadcrumb","itemListElement":[{"@type":"ListItem","position":1,"name":"Portada","item":"https:\/\/culturaneuroactiva.com\/site\/"},{"@type":"ListItem","position":2,"name":"Metodolog\u00edas Psicoespirituales"}]},{"@type":"WebSite","@id":"https:\/\/culturaneuroactiva.com\/site\/#website","url":"https:\/\/culturaneuroactiva.com\/site\/","name":"Cultura Neuroactiva","description":"Gu\u00edas del Vivir Consciente","potentialAction":[{"@type":"SearchAction","target":{"@type":"EntryPoint","urlTemplate":"https:\/\/culturaneuroactiva.com\/site\/?s={search_term_string}"},"query-input":{"@type":"PropertyValueSpecification","valueRequired":true,"valueName":"search_term_string"}}],"inLanguage":"es"}]}},"_links":{"self":[{"href":"https:\/\/culturaneuroactiva.com\/site\/wp-json\/wp\/v2\/pages\/2206","targetHints":{"allow":["GET"]}}],"collection":[{"href":"https:\/\/culturaneuroactiva.com\/site\/wp-json\/wp\/v2\/pages"}],"about":[{"href":"https:\/\/culturaneuroactiva.com\/site\/wp-json\/wp\/v2\/types\/page"}],"author":[{"embeddable":true,"href":"https:\/\/culturaneuroactiva.com\/site\/wp-json\/wp\/v2\/users\/1"}],"replies":[{"embeddable":true,"href":"https:\/\/culturaneuroactiva.com\/site\/wp-json\/wp\/v2\/comments?post=2206"}],"version-history":[{"count":2,"href":"https:\/\/culturaneuroactiva.com\/site\/wp-json\/wp\/v2\/pages\/2206\/revisions"}],"predecessor-version":[{"id":2209,"href":"https:\/\/culturaneuroactiva.com\/site\/wp-json\/wp\/v2\/pages\/2206\/revisions\/2209"}],"wp:attachment":[{"href":"https:\/\/culturaneuroactiva.com\/site\/wp-json\/wp\/v2\/media?parent=2206"}],"curies":[{"name":"wp","href":"https:\/\/api.w.org\/{rel}","templated":true}]}}