{"id":1833,"date":"2018-04-15T20:22:57","date_gmt":"2018-04-15T20:22:57","guid":{"rendered":"http:\/\/culturaneuroactiva.com\/site\/?page_id=1833"},"modified":"2018-05-10T15:42:08","modified_gmt":"2018-05-10T15:42:08","slug":"pedagogia-virtual","status":"publish","type":"page","link":"https:\/\/culturaneuroactiva.com\/site\/pedagogia-virtual\/","title":{"rendered":"Pedagog\u00eda Virtual"},"content":{"rendered":"<h6><span style=\"color: #39a5b8;\">Participe completamente gratis en el programa de pedagog\u00eda virtual, en donde ofreceremos el contenido b\u00e1sico de nuestros talleres, iniciando con el taller \u201cEstilos de Vida Consciente\u00bb, por medio de tres l\u00edneas de participaci\u00f3n:<\/span><\/h6>\n<p>&nbsp;<\/p>\n<h6><span style=\"color: #39a5b8;\"><strong>Redes Sociales<\/strong><\/span><\/h6>\n<p>Siga los talleres virtuales en nuestras redes sociales: Facebook, Instagram, Twiter.<\/p>\n<p>&nbsp;<\/p>\n<h6><span style=\"color: #39a5b8;\"><strong>Taller en Whatsapp<\/strong> <\/span><\/h6>\n<p>Inscr\u00edbase en nuestro \u201cTaller en Whatsapp\u201d, que incluye textos, audios y videos. El taller virtual \u201cEstilos de Vida Consciente\u201d inicia el lunes 23 de abril, son cuatro temas cada semana hasta completar 31 temas. Puede inscribirse hasta el domingo 22 de abril, mandando sus datos personales (nombre, celular, facebook) al correo <a href=\"mailto:culturaneuroactiva@gmail.com\">culturaneuroactiva@gmail.com<\/a>, sin importar la ciudad o el pa\u00eds en donde se encuentre ya que el medio de conexi\u00f3n es whatsapp.<\/p>\n<p>&nbsp;<\/p>\n<p>Para mayor informaci\u00f3n escr\u00edbanos al correo <a href=\"mailto:culturaneuroactiva@gmail.com\">culturaneuroactiva@gmail.com<\/a> o ll\u00e1menos al tel\u00e9fono 6063881.<\/p>\n","protected":false},"excerpt":{"rendered":"<p>Participe completamente gratis en el programa de pedagog\u00eda virtual, en donde ofreceremos el contenido b\u00e1sico de nuestros talleres, iniciando con<\/p>\n","protected":false},"author":1,"featured_media":0,"parent":0,"menu_order":0,"comment_status":"closed","ping_status":"closed","template":"","meta":{"colormag_page_layout":"default_layout","footnotes":""},"class_list":["post-1833","page","type-page","status-publish","hentry"],"yoast_head":"<!-- This site is optimized with the Yoast SEO plugin v25.6 - https:\/\/yoast.com\/wordpress\/plugins\/seo\/ -->\n<title>Pedagog\u00eda Virtual - Cultura Neuroactiva<\/title>\n<meta name=\"robots\" content=\"index, follow, max-snippet:-1, max-image-preview:large, max-video-preview:-1\" \/>\n<link rel=\"canonical\" href=\"https:\/\/culturaneuroactiva.com\/site\/pedagogia-virtual\/\" \/>\n<meta property=\"og:locale\" content=\"es_ES\" \/>\n<meta property=\"og:type\" content=\"article\" \/>\n<meta property=\"og:title\" content=\"Pedagog\u00eda Virtual - Cultura Neuroactiva\" \/>\n<meta property=\"og:description\" content=\"Participe completamente gratis en el programa de pedagog\u00eda virtual, en donde ofreceremos el contenido b\u00e1sico de nuestros talleres, iniciando con\" \/>\n<meta property=\"og:url\" content=\"https:\/\/culturaneuroactiva.com\/site\/pedagogia-virtual\/\" \/>\n<meta property=\"og:site_name\" content=\"Cultura Neuroactiva\" \/>\n<meta property=\"article:publisher\" content=\"https:\/\/www.facebook.com\/cultura.neuroactiva\" \/>\n<meta property=\"article:modified_time\" content=\"2018-05-10T15:42:08+00:00\" \/>\n<meta name=\"twitter:card\" content=\"summary_large_image\" \/>\n<meta name=\"twitter:label1\" content=\"Tiempo de lectura\" \/>\n\t<meta name=\"twitter:data1\" content=\"1 minuto\" \/>\n<script type=\"application\/ld+json\" class=\"yoast-schema-graph\">{\"@context\":\"https:\/\/schema.org\",\"@graph\":[{\"@type\":\"WebPage\",\"@id\":\"https:\/\/culturaneuroactiva.com\/site\/pedagogia-virtual\/\",\"url\":\"https:\/\/culturaneuroactiva.com\/site\/pedagogia-virtual\/\",\"name\":\"Pedagog\u00eda Virtual - Cultura Neuroactiva\",\"isPartOf\":{\"@id\":\"https:\/\/culturaneuroactiva.com\/site\/#website\"},\"datePublished\":\"2018-04-15T20:22:57+00:00\",\"dateModified\":\"2018-05-10T15:42:08+00:00\",\"breadcrumb\":{\"@id\":\"https:\/\/culturaneuroactiva.com\/site\/pedagogia-virtual\/#breadcrumb\"},\"inLanguage\":\"es\",\"potentialAction\":[{\"@type\":\"ReadAction\",\"target\":[\"https:\/\/culturaneuroactiva.com\/site\/pedagogia-virtual\/\"]}]},{\"@type\":\"BreadcrumbList\",\"@id\":\"https:\/\/culturaneuroactiva.com\/site\/pedagogia-virtual\/#breadcrumb\",\"itemListElement\":[{\"@type\":\"ListItem\",\"position\":1,\"name\":\"Portada\",\"item\":\"https:\/\/culturaneuroactiva.com\/site\/\"},{\"@type\":\"ListItem\",\"position\":2,\"name\":\"Pedagog\u00eda Virtual\"}]},{\"@type\":\"WebSite\",\"@id\":\"https:\/\/culturaneuroactiva.com\/site\/#website\",\"url\":\"https:\/\/culturaneuroactiva.com\/site\/\",\"name\":\"Cultura Neuroactiva\",\"description\":\"Gu\u00edas del Vivir Consciente\",\"potentialAction\":[{\"@type\":\"SearchAction\",\"target\":{\"@type\":\"EntryPoint\",\"urlTemplate\":\"https:\/\/culturaneuroactiva.com\/site\/?s={search_term_string}\"},\"query-input\":{\"@type\":\"PropertyValueSpecification\",\"valueRequired\":true,\"valueName\":\"search_term_string\"}}],\"inLanguage\":\"es\"}]}<\/script>\n<!-- \/ Yoast SEO plugin. -->","yoast_head_json":{"title":"Pedagog\u00eda Virtual - Cultura Neuroactiva","robots":{"index":"index","follow":"follow","max-snippet":"max-snippet:-1","max-image-preview":"max-image-preview:large","max-video-preview":"max-video-preview:-1"},"canonical":"https:\/\/culturaneuroactiva.com\/site\/pedagogia-virtual\/","og_locale":"es_ES","og_type":"article","og_title":"Pedagog\u00eda Virtual - Cultura Neuroactiva","og_description":"Participe completamente gratis en el programa de pedagog\u00eda virtual, en donde ofreceremos el contenido b\u00e1sico de nuestros talleres, iniciando con","og_url":"https:\/\/culturaneuroactiva.com\/site\/pedagogia-virtual\/","og_site_name":"Cultura Neuroactiva","article_publisher":"https:\/\/www.facebook.com\/cultura.neuroactiva","article_modified_time":"2018-05-10T15:42:08+00:00","twitter_card":"summary_large_image","twitter_misc":{"Tiempo de lectura":"1 minuto"},"schema":{"@context":"https:\/\/schema.org","@graph":[{"@type":"WebPage","@id":"https:\/\/culturaneuroactiva.com\/site\/pedagogia-virtual\/","url":"https:\/\/culturaneuroactiva.com\/site\/pedagogia-virtual\/","name":"Pedagog\u00eda Virtual - Cultura Neuroactiva","isPartOf":{"@id":"https:\/\/culturaneuroactiva.com\/site\/#website"},"datePublished":"2018-04-15T20:22:57+00:00","dateModified":"2018-05-10T15:42:08+00:00","breadcrumb":{"@id":"https:\/\/culturaneuroactiva.com\/site\/pedagogia-virtual\/#breadcrumb"},"inLanguage":"es","potentialAction":[{"@type":"ReadAction","target":["https:\/\/culturaneuroactiva.com\/site\/pedagogia-virtual\/"]}]},{"@type":"BreadcrumbList","@id":"https:\/\/culturaneuroactiva.com\/site\/pedagogia-virtual\/#breadcrumb","itemListElement":[{"@type":"ListItem","position":1,"name":"Portada","item":"https:\/\/culturaneuroactiva.com\/site\/"},{"@type":"ListItem","position":2,"name":"Pedagog\u00eda Virtual"}]},{"@type":"WebSite","@id":"https:\/\/culturaneuroactiva.com\/site\/#website","url":"https:\/\/culturaneuroactiva.com\/site\/","name":"Cultura Neuroactiva","description":"Gu\u00edas del Vivir Consciente","potentialAction":[{"@type":"SearchAction","target":{"@type":"EntryPoint","urlTemplate":"https:\/\/culturaneuroactiva.com\/site\/?s={search_term_string}"},"query-input":{"@type":"PropertyValueSpecification","valueRequired":true,"valueName":"search_term_string"}}],"inLanguage":"es"}]}},"_links":{"self":[{"href":"https:\/\/culturaneuroactiva.com\/site\/wp-json\/wp\/v2\/pages\/1833","targetHints":{"allow":["GET"]}}],"collection":[{"href":"https:\/\/culturaneuroactiva.com\/site\/wp-json\/wp\/v2\/pages"}],"about":[{"href":"https:\/\/culturaneuroactiva.com\/site\/wp-json\/wp\/v2\/types\/page"}],"author":[{"embeddable":true,"href":"https:\/\/culturaneuroactiva.com\/site\/wp-json\/wp\/v2\/users\/1"}],"replies":[{"embeddable":true,"href":"https:\/\/culturaneuroactiva.com\/site\/wp-json\/wp\/v2\/comments?post=1833"}],"version-history":[{"count":12,"href":"https:\/\/culturaneuroactiva.com\/site\/wp-json\/wp\/v2\/pages\/1833\/revisions"}],"predecessor-version":[{"id":1929,"href":"https:\/\/culturaneuroactiva.com\/site\/wp-json\/wp\/v2\/pages\/1833\/revisions\/1929"}],"wp:attachment":[{"href":"https:\/\/culturaneuroactiva.com\/site\/wp-json\/wp\/v2\/media?parent=1833"}],"curies":[{"name":"wp","href":"https:\/\/api.w.org\/{rel}","templated":true}]}}