{"id":1753,"date":"2017-08-31T17:28:50","date_gmt":"2017-08-31T17:28:50","guid":{"rendered":"http:\/\/culturaneuroactiva.com\/site\/?page_id=1753"},"modified":"2025-08-28T00:48:26","modified_gmt":"2025-08-28T00:48:26","slug":"quienes-somos","status":"publish","type":"page","link":"https:\/\/culturaneuroactiva.com\/site\/quienes-somos\/","title":{"rendered":"Quienes Somos"},"content":{"rendered":"<h4><span style=\"color: #008080;\">Cultura Neuroactiva es un centro para el desarrollo de la conciencia y la sanaci\u00f3n personal, en donde se trabaja y se promueve el arte del vivir consciente, con el objetivo de servir de gu\u00edas a las personas neurodivergentes y al mundo en general, en el proceso de cambio hacia un nuevo ser, una nueva sociedad y una nueva humanidad.<\/span><\/h4>\n<p><a href=\"http:\/\/culturaneuroactiva.com\/site\/wp-content\/uploads\/2021\/09\/RED-PAS-10.jpg\"><img loading=\"lazy\" decoding=\"async\" class=\" wp-image-2732 aligncenter\" src=\"http:\/\/culturaneuroactiva.com\/site\/wp-content\/uploads\/2021\/09\/RED-PAS-10-300x130.jpg\" alt=\"\" width=\"754\" height=\"327\" srcset=\"https:\/\/culturaneuroactiva.com\/site\/wp-content\/uploads\/2021\/09\/RED-PAS-10-300x130.jpg 300w, https:\/\/culturaneuroactiva.com\/site\/wp-content\/uploads\/2021\/09\/RED-PAS-10-768x333.jpg 768w, https:\/\/culturaneuroactiva.com\/site\/wp-content\/uploads\/2021\/09\/RED-PAS-10.jpg 960w\" sizes=\"auto, (max-width: 754px) 100vw, 754px\" \/><\/a><\/p>\n<h4><span style=\"color: #008080;\"><strong>Misi\u00f3n<\/strong><\/span><\/h4>\n<h5>Nuestra misi\u00f3n es desarrollar un proyecto de pedagog\u00eda social por medio de nuestra marca personal en las redes sociales, e igualmente, ofrecer al mundo las diversas aplicaciones del vivir consciente, a trav\u00e9s de nuestros servicios, campa\u00f1as, eventos y productos.<\/h5>\n<p>&nbsp;<\/p>\n<h4><strong><span style=\"color: #008080;\">Visi\u00f3n<\/span><\/strong><\/h4>\n<h5>Nuestra visi\u00f3n es convertirnos en un centro de referencia sobre el cambio de frecuencia planetario a partir de la ense\u00f1anza de la desintoxicaci\u00f3n integral. Igualmente, ofrecer soluciones a patolog\u00edas mentales que actualmente son problemas de salud p\u00fablica, y por \u00faltimo, sembrar las semillas y los estilos de vida del nuevo paradigma.<\/h5>\n<p>&nbsp;<\/p>\n<h4><span style=\"color: #008080;\"><strong>L\u00edneas de Acci\u00f3n<\/strong><\/span><\/h4>\n<ul>\n<li>\n<h5>P\u00e1gina Web.<\/h5>\n<\/li>\n<li>\n<h5>Productora de Contenidos o Marca Personal.<\/h5>\n<\/li>\n<li>\n<h5>Comunidad.<\/h5>\n<\/li>\n<li>\n<h5>L\u00edneas de Servicios.<\/h5>\n<\/li>\n<li>\n<h5>Productos.<\/h5>\n<\/li>\n<li>\n<h5>Eventos.<\/h5>\n<\/li>\n<\/ul>\n<p>&nbsp;<\/p>\n<h5><strong><a href=\"mailto:culturaneuroactiva@gmail.com\">culturaneuroactiva@gmail.com<\/a><\/strong><\/h5>\n<h5><strong><a href=\"http:\/\/www.culturaneuroactiva.com\/\">www.culturaneuroactiva.com<\/a><\/strong><\/h5>\n","protected":false},"excerpt":{"rendered":"<p>Cultura Neuroactiva es un centro para el desarrollo de la conciencia y la sanaci\u00f3n personal, en donde se trabaja y<\/p>\n","protected":false},"author":1,"featured_media":0,"parent":0,"menu_order":0,"comment_status":"closed","ping_status":"closed","template":"","meta":{"colormag_page_layout":"no_sidebar_content_centered","footnotes":""},"class_list":["post-1753","page","type-page","status-publish","hentry"],"yoast_head":"<!-- This site is optimized with the Yoast SEO plugin v25.6 - https:\/\/yoast.com\/wordpress\/plugins\/seo\/ -->\n<title>Quienes Somos - Cultura Neuroactiva<\/title>\n<meta name=\"robots\" content=\"index, follow, max-snippet:-1, max-image-preview:large, max-video-preview:-1\" \/>\n<link rel=\"canonical\" href=\"https:\/\/culturaneuroactiva.com\/site\/quienes-somos\/\" \/>\n<meta property=\"og:locale\" content=\"es_ES\" \/>\n<meta property=\"og:type\" content=\"article\" \/>\n<meta property=\"og:title\" content=\"Quienes Somos - Cultura Neuroactiva\" \/>\n<meta property=\"og:description\" content=\"Cultura Neuroactiva es un centro para el desarrollo de la conciencia y la sanaci\u00f3n personal, en donde se trabaja y\" \/>\n<meta property=\"og:url\" content=\"https:\/\/culturaneuroactiva.com\/site\/quienes-somos\/\" \/>\n<meta property=\"og:site_name\" content=\"Cultura Neuroactiva\" \/>\n<meta property=\"article:publisher\" content=\"https:\/\/www.facebook.com\/cultura.neuroactiva\" \/>\n<meta property=\"article:modified_time\" content=\"2025-08-28T00:48:26+00:00\" \/>\n<meta property=\"og:image\" content=\"https:\/\/culturaneuroactiva.com\/site\/wp-content\/uploads\/2021\/09\/RED-PAS-10.jpg\" \/>\n\t<meta property=\"og:image:width\" content=\"960\" \/>\n\t<meta property=\"og:image:height\" content=\"416\" \/>\n\t<meta property=\"og:image:type\" content=\"image\/jpeg\" \/>\n<meta name=\"twitter:card\" content=\"summary_large_image\" \/>\n<meta name=\"twitter:label1\" content=\"Tiempo de lectura\" \/>\n\t<meta name=\"twitter:data1\" content=\"1 minuto\" \/>\n<script type=\"application\/ld+json\" class=\"yoast-schema-graph\">{\"@context\":\"https:\/\/schema.org\",\"@graph\":[{\"@type\":\"WebPage\",\"@id\":\"https:\/\/culturaneuroactiva.com\/site\/quienes-somos\/\",\"url\":\"https:\/\/culturaneuroactiva.com\/site\/quienes-somos\/\",\"name\":\"Quienes Somos - Cultura Neuroactiva\",\"isPartOf\":{\"@id\":\"https:\/\/culturaneuroactiva.com\/site\/#website\"},\"primaryImageOfPage\":{\"@id\":\"https:\/\/culturaneuroactiva.com\/site\/quienes-somos\/#primaryimage\"},\"image\":{\"@id\":\"https:\/\/culturaneuroactiva.com\/site\/quienes-somos\/#primaryimage\"},\"thumbnailUrl\":\"http:\/\/culturaneuroactiva.com\/site\/wp-content\/uploads\/2021\/09\/RED-PAS-10-300x130.jpg\",\"datePublished\":\"2017-08-31T17:28:50+00:00\",\"dateModified\":\"2025-08-28T00:48:26+00:00\",\"breadcrumb\":{\"@id\":\"https:\/\/culturaneuroactiva.com\/site\/quienes-somos\/#breadcrumb\"},\"inLanguage\":\"es\",\"potentialAction\":[{\"@type\":\"ReadAction\",\"target\":[\"https:\/\/culturaneuroactiva.com\/site\/quienes-somos\/\"]}]},{\"@type\":\"ImageObject\",\"inLanguage\":\"es\",\"@id\":\"https:\/\/culturaneuroactiva.com\/site\/quienes-somos\/#primaryimage\",\"url\":\"http:\/\/culturaneuroactiva.com\/site\/wp-content\/uploads\/2021\/09\/RED-PAS-10-300x130.jpg\",\"contentUrl\":\"http:\/\/culturaneuroactiva.com\/site\/wp-content\/uploads\/2021\/09\/RED-PAS-10-300x130.jpg\"},{\"@type\":\"BreadcrumbList\",\"@id\":\"https:\/\/culturaneuroactiva.com\/site\/quienes-somos\/#breadcrumb\",\"itemListElement\":[{\"@type\":\"ListItem\",\"position\":1,\"name\":\"Portada\",\"item\":\"https:\/\/culturaneuroactiva.com\/site\/\"},{\"@type\":\"ListItem\",\"position\":2,\"name\":\"Quienes Somos\"}]},{\"@type\":\"WebSite\",\"@id\":\"https:\/\/culturaneuroactiva.com\/site\/#website\",\"url\":\"https:\/\/culturaneuroactiva.com\/site\/\",\"name\":\"Cultura Neuroactiva\",\"description\":\"Gu\u00edas del Vivir Consciente\",\"potentialAction\":[{\"@type\":\"SearchAction\",\"target\":{\"@type\":\"EntryPoint\",\"urlTemplate\":\"https:\/\/culturaneuroactiva.com\/site\/?s={search_term_string}\"},\"query-input\":{\"@type\":\"PropertyValueSpecification\",\"valueRequired\":true,\"valueName\":\"search_term_string\"}}],\"inLanguage\":\"es\"}]}<\/script>\n<!-- \/ Yoast SEO plugin. -->","yoast_head_json":{"title":"Quienes Somos - Cultura Neuroactiva","robots":{"index":"index","follow":"follow","max-snippet":"max-snippet:-1","max-image-preview":"max-image-preview:large","max-video-preview":"max-video-preview:-1"},"canonical":"https:\/\/culturaneuroactiva.com\/site\/quienes-somos\/","og_locale":"es_ES","og_type":"article","og_title":"Quienes Somos - Cultura Neuroactiva","og_description":"Cultura Neuroactiva es un centro para el desarrollo de la conciencia y la sanaci\u00f3n personal, en donde se trabaja y","og_url":"https:\/\/culturaneuroactiva.com\/site\/quienes-somos\/","og_site_name":"Cultura Neuroactiva","article_publisher":"https:\/\/www.facebook.com\/cultura.neuroactiva","article_modified_time":"2025-08-28T00:48:26+00:00","og_image":[{"width":960,"height":416,"url":"https:\/\/culturaneuroactiva.com\/site\/wp-content\/uploads\/2021\/09\/RED-PAS-10.jpg","type":"image\/jpeg"}],"twitter_card":"summary_large_image","twitter_misc":{"Tiempo de lectura":"1 minuto"},"schema":{"@context":"https:\/\/schema.org","@graph":[{"@type":"WebPage","@id":"https:\/\/culturaneuroactiva.com\/site\/quienes-somos\/","url":"https:\/\/culturaneuroactiva.com\/site\/quienes-somos\/","name":"Quienes Somos - Cultura Neuroactiva","isPartOf":{"@id":"https:\/\/culturaneuroactiva.com\/site\/#website"},"primaryImageOfPage":{"@id":"https:\/\/culturaneuroactiva.com\/site\/quienes-somos\/#primaryimage"},"image":{"@id":"https:\/\/culturaneuroactiva.com\/site\/quienes-somos\/#primaryimage"},"thumbnailUrl":"http:\/\/culturaneuroactiva.com\/site\/wp-content\/uploads\/2021\/09\/RED-PAS-10-300x130.jpg","datePublished":"2017-08-31T17:28:50+00:00","dateModified":"2025-08-28T00:48:26+00:00","breadcrumb":{"@id":"https:\/\/culturaneuroactiva.com\/site\/quienes-somos\/#breadcrumb"},"inLanguage":"es","potentialAction":[{"@type":"ReadAction","target":["https:\/\/culturaneuroactiva.com\/site\/quienes-somos\/"]}]},{"@type":"ImageObject","inLanguage":"es","@id":"https:\/\/culturaneuroactiva.com\/site\/quienes-somos\/#primaryimage","url":"http:\/\/culturaneuroactiva.com\/site\/wp-content\/uploads\/2021\/09\/RED-PAS-10-300x130.jpg","contentUrl":"http:\/\/culturaneuroactiva.com\/site\/wp-content\/uploads\/2021\/09\/RED-PAS-10-300x130.jpg"},{"@type":"BreadcrumbList","@id":"https:\/\/culturaneuroactiva.com\/site\/quienes-somos\/#breadcrumb","itemListElement":[{"@type":"ListItem","position":1,"name":"Portada","item":"https:\/\/culturaneuroactiva.com\/site\/"},{"@type":"ListItem","position":2,"name":"Quienes Somos"}]},{"@type":"WebSite","@id":"https:\/\/culturaneuroactiva.com\/site\/#website","url":"https:\/\/culturaneuroactiva.com\/site\/","name":"Cultura Neuroactiva","description":"Gu\u00edas del Vivir Consciente","potentialAction":[{"@type":"SearchAction","target":{"@type":"EntryPoint","urlTemplate":"https:\/\/culturaneuroactiva.com\/site\/?s={search_term_string}"},"query-input":{"@type":"PropertyValueSpecification","valueRequired":true,"valueName":"search_term_string"}}],"inLanguage":"es"}]}},"_links":{"self":[{"href":"https:\/\/culturaneuroactiva.com\/site\/wp-json\/wp\/v2\/pages\/1753","targetHints":{"allow":["GET"]}}],"collection":[{"href":"https:\/\/culturaneuroactiva.com\/site\/wp-json\/wp\/v2\/pages"}],"about":[{"href":"https:\/\/culturaneuroactiva.com\/site\/wp-json\/wp\/v2\/types\/page"}],"author":[{"embeddable":true,"href":"https:\/\/culturaneuroactiva.com\/site\/wp-json\/wp\/v2\/users\/1"}],"replies":[{"embeddable":true,"href":"https:\/\/culturaneuroactiva.com\/site\/wp-json\/wp\/v2\/comments?post=1753"}],"version-history":[{"count":28,"href":"https:\/\/culturaneuroactiva.com\/site\/wp-json\/wp\/v2\/pages\/1753\/revisions"}],"predecessor-version":[{"id":3565,"href":"https:\/\/culturaneuroactiva.com\/site\/wp-json\/wp\/v2\/pages\/1753\/revisions\/3565"}],"wp:attachment":[{"href":"https:\/\/culturaneuroactiva.com\/site\/wp-json\/wp\/v2\/media?parent=1753"}],"curies":[{"name":"wp","href":"https:\/\/api.w.org\/{rel}","templated":true}]}}