{"id":13,"date":"2015-08-31T00:04:12","date_gmt":"2015-08-31T00:04:12","guid":{"rendered":"http:\/\/culturaneuroactiva.com\/site\/?page_id=13"},"modified":"2025-09-01T08:38:13","modified_gmt":"2025-09-01T08:38:13","slug":"contactenos","status":"publish","type":"page","link":"https:\/\/culturaneuroactiva.com\/site\/contactenos\/","title":{"rendered":"Cont\u00e1ctenos"},"content":{"rendered":"<h5><span style=\"color: #2b949e;\">Si requiere m\u00e1s informaci\u00f3n sobre alguno de nuestros temas, o para reservar el servicio que necesite, puede comunicarse con nosotros a trav\u00e9s de los siguientes medios:<\/span><\/h5>\n<ul>\n<li>\n<h6><span style=\"color: #000000;\"><span style=\"color: #008080;\"><strong>WhatsApp:<\/strong><\/span>\u00a0+57\u00a0<\/span>3127994357<\/h6>\n<\/li>\n<li>\n<h6><span style=\"color: #000000;\"><span style=\"color: #008080;\"><strong>Correo Electr\u00f3nico: <\/strong><\/span>culturaneuroactiva@gmail.com<\/span><\/h6>\n<\/li>\n<li>\n<h6><span style=\"color: #008080;\"><strong>Sede de Cultura Neuroactiva:<\/strong><\/span> Calle 41 B sur # 31 B &#8211; 13 (Envigado, Medell\u00edn, Colombia).<\/h6>\n<\/li>\n<\/ul>\n","protected":false},"excerpt":{"rendered":"<p>Si requiere m\u00e1s informaci\u00f3n sobre alguno de nuestros temas, o para reservar el servicio que necesite, puede comunicarse con nosotros<\/p>\n","protected":false},"author":1,"featured_media":0,"parent":0,"menu_order":0,"comment_status":"closed","ping_status":"closed","template":"","meta":{"colormag_page_layout":"no_sidebar_content_centered","footnotes":""},"class_list":["post-13","page","type-page","status-publish","hentry"],"yoast_head":"<!-- This site is optimized with the Yoast SEO plugin v25.6 - https:\/\/yoast.com\/wordpress\/plugins\/seo\/ -->\n<title>Cont\u00e1ctenos - Cultura Neuroactiva<\/title>\n<meta name=\"robots\" content=\"index, follow, max-snippet:-1, max-image-preview:large, max-video-preview:-1\" \/>\n<link rel=\"canonical\" href=\"https:\/\/culturaneuroactiva.com\/site\/contactenos\/\" \/>\n<meta property=\"og:locale\" content=\"es_ES\" \/>\n<meta property=\"og:type\" content=\"article\" \/>\n<meta property=\"og:title\" content=\"Cont\u00e1ctenos - Cultura Neuroactiva\" \/>\n<meta property=\"og:description\" content=\"Si requiere m\u00e1s informaci\u00f3n sobre alguno de nuestros temas, o para reservar el servicio que necesite, puede comunicarse con nosotros\" \/>\n<meta property=\"og:url\" content=\"https:\/\/culturaneuroactiva.com\/site\/contactenos\/\" \/>\n<meta property=\"og:site_name\" content=\"Cultura Neuroactiva\" \/>\n<meta property=\"article:publisher\" content=\"https:\/\/www.facebook.com\/cultura.neuroactiva\" \/>\n<meta property=\"article:modified_time\" content=\"2025-09-01T08:38:13+00:00\" \/>\n<meta name=\"twitter:card\" content=\"summary_large_image\" \/>\n<meta name=\"twitter:label1\" content=\"Tiempo de lectura\" \/>\n\t<meta name=\"twitter:data1\" content=\"1 minuto\" \/>\n<script type=\"application\/ld+json\" class=\"yoast-schema-graph\">{\"@context\":\"https:\/\/schema.org\",\"@graph\":[{\"@type\":\"WebPage\",\"@id\":\"https:\/\/culturaneuroactiva.com\/site\/contactenos\/\",\"url\":\"https:\/\/culturaneuroactiva.com\/site\/contactenos\/\",\"name\":\"Cont\u00e1ctenos - Cultura Neuroactiva\",\"isPartOf\":{\"@id\":\"https:\/\/culturaneuroactiva.com\/site\/#website\"},\"datePublished\":\"2015-08-31T00:04:12+00:00\",\"dateModified\":\"2025-09-01T08:38:13+00:00\",\"breadcrumb\":{\"@id\":\"https:\/\/culturaneuroactiva.com\/site\/contactenos\/#breadcrumb\"},\"inLanguage\":\"es\",\"potentialAction\":[{\"@type\":\"ReadAction\",\"target\":[\"https:\/\/culturaneuroactiva.com\/site\/contactenos\/\"]}]},{\"@type\":\"BreadcrumbList\",\"@id\":\"https:\/\/culturaneuroactiva.com\/site\/contactenos\/#breadcrumb\",\"itemListElement\":[{\"@type\":\"ListItem\",\"position\":1,\"name\":\"Portada\",\"item\":\"https:\/\/culturaneuroactiva.com\/site\/\"},{\"@type\":\"ListItem\",\"position\":2,\"name\":\"Cont\u00e1ctenos\"}]},{\"@type\":\"WebSite\",\"@id\":\"https:\/\/culturaneuroactiva.com\/site\/#website\",\"url\":\"https:\/\/culturaneuroactiva.com\/site\/\",\"name\":\"Cultura Neuroactiva\",\"description\":\"Gu\u00edas del Vivir Consciente\",\"potentialAction\":[{\"@type\":\"SearchAction\",\"target\":{\"@type\":\"EntryPoint\",\"urlTemplate\":\"https:\/\/culturaneuroactiva.com\/site\/?s={search_term_string}\"},\"query-input\":{\"@type\":\"PropertyValueSpecification\",\"valueRequired\":true,\"valueName\":\"search_term_string\"}}],\"inLanguage\":\"es\"}]}<\/script>\n<!-- \/ Yoast SEO plugin. -->","yoast_head_json":{"title":"Cont\u00e1ctenos - Cultura Neuroactiva","robots":{"index":"index","follow":"follow","max-snippet":"max-snippet:-1","max-image-preview":"max-image-preview:large","max-video-preview":"max-video-preview:-1"},"canonical":"https:\/\/culturaneuroactiva.com\/site\/contactenos\/","og_locale":"es_ES","og_type":"article","og_title":"Cont\u00e1ctenos - Cultura Neuroactiva","og_description":"Si requiere m\u00e1s informaci\u00f3n sobre alguno de nuestros temas, o para reservar el servicio que necesite, puede comunicarse con nosotros","og_url":"https:\/\/culturaneuroactiva.com\/site\/contactenos\/","og_site_name":"Cultura Neuroactiva","article_publisher":"https:\/\/www.facebook.com\/cultura.neuroactiva","article_modified_time":"2025-09-01T08:38:13+00:00","twitter_card":"summary_large_image","twitter_misc":{"Tiempo de lectura":"1 minuto"},"schema":{"@context":"https:\/\/schema.org","@graph":[{"@type":"WebPage","@id":"https:\/\/culturaneuroactiva.com\/site\/contactenos\/","url":"https:\/\/culturaneuroactiva.com\/site\/contactenos\/","name":"Cont\u00e1ctenos - Cultura Neuroactiva","isPartOf":{"@id":"https:\/\/culturaneuroactiva.com\/site\/#website"},"datePublished":"2015-08-31T00:04:12+00:00","dateModified":"2025-09-01T08:38:13+00:00","breadcrumb":{"@id":"https:\/\/culturaneuroactiva.com\/site\/contactenos\/#breadcrumb"},"inLanguage":"es","potentialAction":[{"@type":"ReadAction","target":["https:\/\/culturaneuroactiva.com\/site\/contactenos\/"]}]},{"@type":"BreadcrumbList","@id":"https:\/\/culturaneuroactiva.com\/site\/contactenos\/#breadcrumb","itemListElement":[{"@type":"ListItem","position":1,"name":"Portada","item":"https:\/\/culturaneuroactiva.com\/site\/"},{"@type":"ListItem","position":2,"name":"Cont\u00e1ctenos"}]},{"@type":"WebSite","@id":"https:\/\/culturaneuroactiva.com\/site\/#website","url":"https:\/\/culturaneuroactiva.com\/site\/","name":"Cultura Neuroactiva","description":"Gu\u00edas del Vivir Consciente","potentialAction":[{"@type":"SearchAction","target":{"@type":"EntryPoint","urlTemplate":"https:\/\/culturaneuroactiva.com\/site\/?s={search_term_string}"},"query-input":{"@type":"PropertyValueSpecification","valueRequired":true,"valueName":"search_term_string"}}],"inLanguage":"es"}]}},"_links":{"self":[{"href":"https:\/\/culturaneuroactiva.com\/site\/wp-json\/wp\/v2\/pages\/13","targetHints":{"allow":["GET"]}}],"collection":[{"href":"https:\/\/culturaneuroactiva.com\/site\/wp-json\/wp\/v2\/pages"}],"about":[{"href":"https:\/\/culturaneuroactiva.com\/site\/wp-json\/wp\/v2\/types\/page"}],"author":[{"embeddable":true,"href":"https:\/\/culturaneuroactiva.com\/site\/wp-json\/wp\/v2\/users\/1"}],"replies":[{"embeddable":true,"href":"https:\/\/culturaneuroactiva.com\/site\/wp-json\/wp\/v2\/comments?post=13"}],"version-history":[{"count":16,"href":"https:\/\/culturaneuroactiva.com\/site\/wp-json\/wp\/v2\/pages\/13\/revisions"}],"predecessor-version":[{"id":3589,"href":"https:\/\/culturaneuroactiva.com\/site\/wp-json\/wp\/v2\/pages\/13\/revisions\/3589"}],"wp:attachment":[{"href":"https:\/\/culturaneuroactiva.com\/site\/wp-json\/wp\/v2\/media?parent=13"}],"curies":[{"name":"wp","href":"https:\/\/api.w.org\/{rel}","templated":true}]}}