{"id":103,"date":"2016-01-19T06:59:03","date_gmt":"2016-01-19T06:59:03","guid":{"rendered":"http:\/\/culturaneuroactiva.com\/site\/?page_id=103"},"modified":"2025-09-01T07:26:55","modified_gmt":"2025-09-01T07:26:55","slug":"director","status":"publish","type":"page","link":"https:\/\/culturaneuroactiva.com\/site\/director\/","title":{"rendered":"Director"},"content":{"rendered":"<h5><a href=\"https:\/\/culturaneuroactiva.com\/site\/wp-content\/uploads\/2016\/01\/Foto-Juan-David-Silva-e1504200954546.jpg\"><img loading=\"lazy\" decoding=\"async\" class=\" wp-image-296 aligncenter\" src=\"https:\/\/culturaneuroactiva.com\/site\/wp-content\/uploads\/2016\/01\/Foto-Juan-David-Silva-e1504200954546-300x273.jpg\" alt=\"\" width=\"626\" height=\"570\" srcset=\"https:\/\/culturaneuroactiva.com\/site\/wp-content\/uploads\/2016\/01\/Foto-Juan-David-Silva-e1504200954546-300x273.jpg 300w, https:\/\/culturaneuroactiva.com\/site\/wp-content\/uploads\/2016\/01\/Foto-Juan-David-Silva-e1504200954546-1024x931.jpg 1024w, https:\/\/culturaneuroactiva.com\/site\/wp-content\/uploads\/2016\/01\/Foto-Juan-David-Silva-e1504200954546-768x698.jpg 768w, https:\/\/culturaneuroactiva.com\/site\/wp-content\/uploads\/2016\/01\/Foto-Juan-David-Silva-e1504200954546-600x545.jpg 600w, https:\/\/culturaneuroactiva.com\/site\/wp-content\/uploads\/2016\/01\/Foto-Juan-David-Silva-e1504200954546.jpg 1067w\" sizes=\"auto, (max-width: 626px) 100vw, 626px\" \/><\/a><\/h5>\n<h5><span style=\"color: #008080;\"><strong>JUAN DAVID SILVA AGUIRRE<\/strong><\/span><\/h5>\n<h4><span style=\"color: #008080;\">Soy Juan David, terapeuta transpersonal, investigador, escritor, tallerista, sanador, coach y m\u00fasico.<\/span><\/h4>\n<h5>Llevo 20 a\u00f1os con el grupo de m\u00fasica ancestral Nagu\u00e1lica, y hace dos a\u00f1os estoy incursionado en la m\u00fasica techno ancestral.<\/h5>\n<h5><\/h5>\n<h5>He escrito m\u00e1s de diez libros sobre mis investigaciones principales: personas neurodivergentes, el arte del vivir consciente, cambio de frecuencia planetario, terapias de salud interior, terapias de desintoxicaci\u00f3n integral, Sound Healing, espiritualidad cient\u00edfica, Psicon\u00e1utica y conexi\u00f3n trascendente.<\/h5>\n<h5><\/h5>\n<h5>Los servicios que ofrezco abarcan diversas \u00e1reas: eventos, talleres, conciertos, consultas, mentor\u00edas y terapias. Actualmente dirijo la p\u00e1gina web de Cultura Neuroactiva, la Escuela del Vivir Consciente, y desarrollo la productora de contenidos por medio de las redes sociales.<\/h5>\n","protected":false},"excerpt":{"rendered":"<p>JUAN DAVID SILVA AGUIRRE Soy Juan David, terapeuta transpersonal, investigador, escritor, tallerista, sanador, coach y m\u00fasico. Llevo 20 a\u00f1os con<\/p>\n","protected":false},"author":1,"featured_media":0,"parent":0,"menu_order":0,"comment_status":"closed","ping_status":"closed","template":"","meta":{"colormag_page_layout":"default_layout","footnotes":""},"class_list":["post-103","page","type-page","status-publish","hentry"],"yoast_head":"<!-- This site is optimized with the Yoast SEO plugin v25.6 - https:\/\/yoast.com\/wordpress\/plugins\/seo\/ -->\n<title>Director - Cultura Neuroactiva<\/title>\n<meta name=\"robots\" content=\"index, follow, max-snippet:-1, max-image-preview:large, max-video-preview:-1\" \/>\n<link rel=\"canonical\" href=\"https:\/\/culturaneuroactiva.com\/site\/director\/\" \/>\n<meta property=\"og:locale\" content=\"es_ES\" \/>\n<meta property=\"og:type\" content=\"article\" \/>\n<meta property=\"og:title\" content=\"Director - Cultura Neuroactiva\" \/>\n<meta property=\"og:description\" content=\"JUAN DAVID SILVA AGUIRRE Soy Juan David, terapeuta transpersonal, investigador, escritor, tallerista, sanador, coach y m\u00fasico. Llevo 20 a\u00f1os con\" \/>\n<meta property=\"og:url\" content=\"https:\/\/culturaneuroactiva.com\/site\/director\/\" \/>\n<meta property=\"og:site_name\" content=\"Cultura Neuroactiva\" \/>\n<meta property=\"article:publisher\" content=\"https:\/\/www.facebook.com\/cultura.neuroactiva\" \/>\n<meta property=\"article:modified_time\" content=\"2025-09-01T07:26:55+00:00\" \/>\n<meta property=\"og:image\" content=\"https:\/\/culturaneuroactiva.com\/site\/wp-content\/uploads\/2016\/01\/Foto-Juan-David-Silva-e1504200954546.jpg\" \/>\n\t<meta property=\"og:image:width\" content=\"1067\" \/>\n\t<meta property=\"og:image:height\" content=\"970\" \/>\n\t<meta property=\"og:image:type\" content=\"image\/jpeg\" \/>\n<meta name=\"twitter:card\" content=\"summary_large_image\" \/>\n<meta name=\"twitter:label1\" content=\"Tiempo de lectura\" \/>\n\t<meta name=\"twitter:data1\" content=\"1 minuto\" \/>\n<script type=\"application\/ld+json\" class=\"yoast-schema-graph\">{\"@context\":\"https:\/\/schema.org\",\"@graph\":[{\"@type\":\"WebPage\",\"@id\":\"https:\/\/culturaneuroactiva.com\/site\/director\/\",\"url\":\"https:\/\/culturaneuroactiva.com\/site\/director\/\",\"name\":\"Director - Cultura Neuroactiva\",\"isPartOf\":{\"@id\":\"https:\/\/culturaneuroactiva.com\/site\/#website\"},\"primaryImageOfPage\":{\"@id\":\"https:\/\/culturaneuroactiva.com\/site\/director\/#primaryimage\"},\"image\":{\"@id\":\"https:\/\/culturaneuroactiva.com\/site\/director\/#primaryimage\"},\"thumbnailUrl\":\"https:\/\/culturaneuroactiva.com\/site\/wp-content\/uploads\/2016\/01\/Foto-Juan-David-Silva-e1504200954546-300x273.jpg\",\"datePublished\":\"2016-01-19T06:59:03+00:00\",\"dateModified\":\"2025-09-01T07:26:55+00:00\",\"breadcrumb\":{\"@id\":\"https:\/\/culturaneuroactiva.com\/site\/director\/#breadcrumb\"},\"inLanguage\":\"es\",\"potentialAction\":[{\"@type\":\"ReadAction\",\"target\":[\"https:\/\/culturaneuroactiva.com\/site\/director\/\"]}]},{\"@type\":\"ImageObject\",\"inLanguage\":\"es\",\"@id\":\"https:\/\/culturaneuroactiva.com\/site\/director\/#primaryimage\",\"url\":\"https:\/\/culturaneuroactiva.com\/site\/wp-content\/uploads\/2016\/01\/Foto-Juan-David-Silva-e1504200954546.jpg\",\"contentUrl\":\"https:\/\/culturaneuroactiva.com\/site\/wp-content\/uploads\/2016\/01\/Foto-Juan-David-Silva-e1504200954546.jpg\",\"width\":1067,\"height\":970},{\"@type\":\"BreadcrumbList\",\"@id\":\"https:\/\/culturaneuroactiva.com\/site\/director\/#breadcrumb\",\"itemListElement\":[{\"@type\":\"ListItem\",\"position\":1,\"name\":\"Portada\",\"item\":\"https:\/\/culturaneuroactiva.com\/site\/\"},{\"@type\":\"ListItem\",\"position\":2,\"name\":\"Director\"}]},{\"@type\":\"WebSite\",\"@id\":\"https:\/\/culturaneuroactiva.com\/site\/#website\",\"url\":\"https:\/\/culturaneuroactiva.com\/site\/\",\"name\":\"Cultura Neuroactiva\",\"description\":\"Gu\u00edas del Vivir Consciente\",\"potentialAction\":[{\"@type\":\"SearchAction\",\"target\":{\"@type\":\"EntryPoint\",\"urlTemplate\":\"https:\/\/culturaneuroactiva.com\/site\/?s={search_term_string}\"},\"query-input\":{\"@type\":\"PropertyValueSpecification\",\"valueRequired\":true,\"valueName\":\"search_term_string\"}}],\"inLanguage\":\"es\"}]}<\/script>\n<!-- \/ Yoast SEO plugin. -->","yoast_head_json":{"title":"Director - Cultura Neuroactiva","robots":{"index":"index","follow":"follow","max-snippet":"max-snippet:-1","max-image-preview":"max-image-preview:large","max-video-preview":"max-video-preview:-1"},"canonical":"https:\/\/culturaneuroactiva.com\/site\/director\/","og_locale":"es_ES","og_type":"article","og_title":"Director - Cultura Neuroactiva","og_description":"JUAN DAVID SILVA AGUIRRE Soy Juan David, terapeuta transpersonal, investigador, escritor, tallerista, sanador, coach y m\u00fasico. Llevo 20 a\u00f1os con","og_url":"https:\/\/culturaneuroactiva.com\/site\/director\/","og_site_name":"Cultura Neuroactiva","article_publisher":"https:\/\/www.facebook.com\/cultura.neuroactiva","article_modified_time":"2025-09-01T07:26:55+00:00","og_image":[{"width":1067,"height":970,"url":"https:\/\/culturaneuroactiva.com\/site\/wp-content\/uploads\/2016\/01\/Foto-Juan-David-Silva-e1504200954546.jpg","type":"image\/jpeg"}],"twitter_card":"summary_large_image","twitter_misc":{"Tiempo de lectura":"1 minuto"},"schema":{"@context":"https:\/\/schema.org","@graph":[{"@type":"WebPage","@id":"https:\/\/culturaneuroactiva.com\/site\/director\/","url":"https:\/\/culturaneuroactiva.com\/site\/director\/","name":"Director - Cultura Neuroactiva","isPartOf":{"@id":"https:\/\/culturaneuroactiva.com\/site\/#website"},"primaryImageOfPage":{"@id":"https:\/\/culturaneuroactiva.com\/site\/director\/#primaryimage"},"image":{"@id":"https:\/\/culturaneuroactiva.com\/site\/director\/#primaryimage"},"thumbnailUrl":"https:\/\/culturaneuroactiva.com\/site\/wp-content\/uploads\/2016\/01\/Foto-Juan-David-Silva-e1504200954546-300x273.jpg","datePublished":"2016-01-19T06:59:03+00:00","dateModified":"2025-09-01T07:26:55+00:00","breadcrumb":{"@id":"https:\/\/culturaneuroactiva.com\/site\/director\/#breadcrumb"},"inLanguage":"es","potentialAction":[{"@type":"ReadAction","target":["https:\/\/culturaneuroactiva.com\/site\/director\/"]}]},{"@type":"ImageObject","inLanguage":"es","@id":"https:\/\/culturaneuroactiva.com\/site\/director\/#primaryimage","url":"https:\/\/culturaneuroactiva.com\/site\/wp-content\/uploads\/2016\/01\/Foto-Juan-David-Silva-e1504200954546.jpg","contentUrl":"https:\/\/culturaneuroactiva.com\/site\/wp-content\/uploads\/2016\/01\/Foto-Juan-David-Silva-e1504200954546.jpg","width":1067,"height":970},{"@type":"BreadcrumbList","@id":"https:\/\/culturaneuroactiva.com\/site\/director\/#breadcrumb","itemListElement":[{"@type":"ListItem","position":1,"name":"Portada","item":"https:\/\/culturaneuroactiva.com\/site\/"},{"@type":"ListItem","position":2,"name":"Director"}]},{"@type":"WebSite","@id":"https:\/\/culturaneuroactiva.com\/site\/#website","url":"https:\/\/culturaneuroactiva.com\/site\/","name":"Cultura Neuroactiva","description":"Gu\u00edas del Vivir Consciente","potentialAction":[{"@type":"SearchAction","target":{"@type":"EntryPoint","urlTemplate":"https:\/\/culturaneuroactiva.com\/site\/?s={search_term_string}"},"query-input":{"@type":"PropertyValueSpecification","valueRequired":true,"valueName":"search_term_string"}}],"inLanguage":"es"}]}},"_links":{"self":[{"href":"https:\/\/culturaneuroactiva.com\/site\/wp-json\/wp\/v2\/pages\/103","targetHints":{"allow":["GET"]}}],"collection":[{"href":"https:\/\/culturaneuroactiva.com\/site\/wp-json\/wp\/v2\/pages"}],"about":[{"href":"https:\/\/culturaneuroactiva.com\/site\/wp-json\/wp\/v2\/types\/page"}],"author":[{"embeddable":true,"href":"https:\/\/culturaneuroactiva.com\/site\/wp-json\/wp\/v2\/users\/1"}],"replies":[{"embeddable":true,"href":"https:\/\/culturaneuroactiva.com\/site\/wp-json\/wp\/v2\/comments?post=103"}],"version-history":[{"count":22,"href":"https:\/\/culturaneuroactiva.com\/site\/wp-json\/wp\/v2\/pages\/103\/revisions"}],"predecessor-version":[{"id":3581,"href":"https:\/\/culturaneuroactiva.com\/site\/wp-json\/wp\/v2\/pages\/103\/revisions\/3581"}],"wp:attachment":[{"href":"https:\/\/culturaneuroactiva.com\/site\/wp-json\/wp\/v2\/media?parent=103"}],"curies":[{"name":"wp","href":"https:\/\/api.w.org\/{rel}","templated":true}]}}