{"id":65,"date":"2017-03-10T19:49:57","date_gmt":"2017-03-10T19:49:57","guid":{"rendered":"http:\/\/culturaneuroactiva.com\/site\/redpaz\/?page_id=65"},"modified":"2019-01-15T03:56:53","modified_gmt":"2019-01-15T03:56:53","slug":"autoterapia-para-victimas","status":"publish","type":"page","link":"https:\/\/culturaneuroactiva.com\/site\/guiadepaz\/autoterapia-para-victimas\/","title":{"rendered":"Autoterapia para V\u00edctimas"},"content":{"rendered":"<h4>\u00a0<span style=\"color: #268e91;\"><strong>\u00a0<\/strong><\/span><\/h4>\n<h6><span style=\"color: #333399;\"><strong>Modo de Uso<\/strong><\/span><\/h6>\n<h6><span style=\"color: #000000;\">Responda la pregunta que est\u00e1 a continuaci\u00f3n de la forma m\u00e1s sincera posible, ya que el numeral de la respuesta que escoja determina el nivel de v\u00edctima en que se encuentre y el tratamiento que necesite. Debe escoger solo una respuesta, y luego estudiar este mismo numeral en las dos siguientes lecturas: <a href=\"http:\/\/culturaneuroactiva.com\/site\/guiadepaz\/niveles-de-ser-victima\/\" target=\"_blank\" rel=\"noopener noreferrer\">\u201cNiveles de ser victima\u201d<\/a>, y <a href=\"http:\/\/culturaneuroactiva.com\/site\/guiadepaz\/como-sanar-a-las-victimas\/\" target=\"_blank\" rel=\"noopener noreferrer\">\u201cC\u00f3mo\u00a0sanar a las v\u00edctimas\u201d<\/a>, hasta que logre convertir estas t\u00e9cnicas en h\u00e1bitos. Tambi\u00e9n se recomienda hacer la <a href=\"http:\/\/culturaneuroactiva.com\/site\/guiadepaz\/autoterapia-para-la-autoviolencia\/\" target=\"_blank\" rel=\"noopener noreferrer\">\u201cautoterapia para la autoviolencia\u201d<\/a>, y leer los otros numerales para encontrar informaci\u00f3n complementaria, y a quienes hayan sacados los numerales 5 o 6, por estar en situaci\u00f3n de alto riesgo como v\u00edctimas, se les recomienda buscar <a href=\"http:\/\/culturaneuroactiva.com\/site\/guiadepaz\/terapias-de-paz\/\" target=\"_blank\" rel=\"noopener noreferrer\">orientaci\u00f3n profesional<\/a> con el objetivo de superar el trauma y reparar los da\u00f1os.<\/span><\/h6>\n<p>&nbsp;<\/p>\n<p><span style=\"color: #333399;\"><strong>\u00bfCual es el m\u00e1ximo nivel de agresiones que usted ha recibido por parte de su pareja?<\/strong><\/span><\/p>\n<ol>\n<li>La agresi\u00f3n no es f\u00edsica sino psicol\u00f3gica con hechos simb\u00f3licos, muchas veces de forma inconsciente.<\/li>\n<li>Ofensas y actitudes hirientes que causan un dolor emocional intenso.<\/li>\n<li>Aparte de ofensas, es odio lo que se siente por parte del agresor.<\/li>\n<li>Gritos, insultos, amenazas e intimidaciones.<\/li>\n<li>Abusos y golpizas.<\/li>\n<li>Agresiones con armas contundentes a usted, a sus pertenencias o a sus seres queridos.<\/li>\n<\/ol>\n<p>&nbsp;<\/p>\n<h6><span style=\"color: #333399;\"><strong>Definici\u00f3n de V\u00edctima<\/strong><\/span><\/h6>\n<p>V\u00edctima es el nombre que se le da a toda persona que reciba una ofensa, agresi\u00f3n o da\u00f1o por parte de alg\u00fan agresor, que por lo general causa da\u00f1os f\u00edsicos que necesitan ser reparados, y traumas psico-emocionales que necesitan ser sanados.<\/p>\n<p><strong>\u00a0<\/strong><\/p>\n<h6><span style=\"color: #333399;\"><strong>Objetivos Terap\u00e9uticos<\/strong><\/span><\/h6>\n<p>Identificar el nivel de v\u00edctima en que se encuentra la persona seg\u00fan la agresi\u00f3n que recibi\u00f3, y adquirir herramientas para trasmutar el da\u00f1o, lo cual le muestra como aprender de la situaci\u00f3n y retornar a la normalidad, y tambi\u00e9n le da alternativas para redireccionar la energ\u00eda t\u00f3xica cuando sea objeto de una agresi\u00f3n nuevamente.<\/p>\n<h1 style=\"text-align: center;\"><\/h1>\n<h1 style=\"text-align: center;\"><\/h1>\n<p>&nbsp;<\/p>\n<p>&nbsp;<\/p>\n<p>&nbsp;<\/p>\n","protected":false},"excerpt":{"rendered":"<p>\u00a0\u00a0 Modo de Uso Responda la pregunta que est\u00e1 a continuaci\u00f3n de la forma m\u00e1s sincera posible, ya que el<\/p>\n","protected":false},"author":1,"featured_media":0,"parent":0,"menu_order":0,"comment_status":"closed","ping_status":"closed","template":"","meta":{"colormag_page_layout":"no_sidebar_content_centered","footnotes":""},"class_list":["post-65","page","type-page","status-publish","hentry"],"yoast_head":"<!-- This site is optimized with the Yoast SEO plugin v25.6 - https:\/\/yoast.com\/wordpress\/plugins\/seo\/ -->\n<title>Autoterapia para V\u00edctimas - Guia de Paz Personal<\/title>\n<meta name=\"robots\" content=\"index, follow, max-snippet:-1, max-image-preview:large, max-video-preview:-1\" \/>\n<link rel=\"canonical\" href=\"https:\/\/culturaneuroactiva.com\/site\/guiadepaz\/autoterapia-para-victimas\/\" \/>\n<meta property=\"og:locale\" content=\"es_ES\" \/>\n<meta property=\"og:type\" content=\"article\" \/>\n<meta property=\"og:title\" content=\"Autoterapia para V\u00edctimas - Guia de Paz Personal\" \/>\n<meta property=\"og:description\" content=\"\u00a0\u00a0 Modo de Uso Responda la pregunta que est\u00e1 a continuaci\u00f3n de la forma m\u00e1s sincera posible, ya que el\" \/>\n<meta property=\"og:url\" content=\"https:\/\/culturaneuroactiva.com\/site\/guiadepaz\/autoterapia-para-victimas\/\" \/>\n<meta property=\"og:site_name\" content=\"Guia de Paz Personal\" \/>\n<meta property=\"article:modified_time\" content=\"2019-01-15T03:56:53+00:00\" \/>\n<meta name=\"twitter:card\" content=\"summary_large_image\" \/>\n<meta name=\"twitter:label1\" content=\"Tiempo de lectura\" \/>\n\t<meta name=\"twitter:data1\" content=\"2 minutos\" \/>\n<script type=\"application\/ld+json\" class=\"yoast-schema-graph\">{\"@context\":\"https:\/\/schema.org\",\"@graph\":[{\"@type\":\"WebPage\",\"@id\":\"https:\/\/culturaneuroactiva.com\/site\/guiadepaz\/autoterapia-para-victimas\/\",\"url\":\"https:\/\/culturaneuroactiva.com\/site\/guiadepaz\/autoterapia-para-victimas\/\",\"name\":\"Autoterapia para V\u00edctimas - Guia de Paz Personal\",\"isPartOf\":{\"@id\":\"https:\/\/culturaneuroactiva.com\/site\/guiadepaz\/#website\"},\"datePublished\":\"2017-03-10T19:49:57+00:00\",\"dateModified\":\"2019-01-15T03:56:53+00:00\",\"breadcrumb\":{\"@id\":\"https:\/\/culturaneuroactiva.com\/site\/guiadepaz\/autoterapia-para-victimas\/#breadcrumb\"},\"inLanguage\":\"es\",\"potentialAction\":[{\"@type\":\"ReadAction\",\"target\":[\"https:\/\/culturaneuroactiva.com\/site\/guiadepaz\/autoterapia-para-victimas\/\"]}]},{\"@type\":\"BreadcrumbList\",\"@id\":\"https:\/\/culturaneuroactiva.com\/site\/guiadepaz\/autoterapia-para-victimas\/#breadcrumb\",\"itemListElement\":[{\"@type\":\"ListItem\",\"position\":1,\"name\":\"Portada\",\"item\":\"https:\/\/culturaneuroactiva.com\/site\/guiadepaz\/\"},{\"@type\":\"ListItem\",\"position\":2,\"name\":\"Autoterapia para V\u00edctimas\"}]},{\"@type\":\"WebSite\",\"@id\":\"https:\/\/culturaneuroactiva.com\/site\/guiadepaz\/#website\",\"url\":\"https:\/\/culturaneuroactiva.com\/site\/guiadepaz\/\",\"name\":\"Guia de Paz Personal\",\"description\":\"Pedagog\u00edas y Terapias de Paz\",\"publisher\":{\"@id\":\"https:\/\/culturaneuroactiva.com\/site\/guiadepaz\/#organization\"},\"potentialAction\":[{\"@type\":\"SearchAction\",\"target\":{\"@type\":\"EntryPoint\",\"urlTemplate\":\"https:\/\/culturaneuroactiva.com\/site\/guiadepaz\/?s={search_term_string}\"},\"query-input\":{\"@type\":\"PropertyValueSpecification\",\"valueRequired\":true,\"valueName\":\"search_term_string\"}}],\"inLanguage\":\"es\"},{\"@type\":\"Organization\",\"@id\":\"https:\/\/culturaneuroactiva.com\/site\/guiadepaz\/#organization\",\"name\":\"Guia de Paz Personal\",\"url\":\"https:\/\/culturaneuroactiva.com\/site\/guiadepaz\/\",\"logo\":{\"@type\":\"ImageObject\",\"inLanguage\":\"es\",\"@id\":\"https:\/\/culturaneuroactiva.com\/site\/guiadepaz\/#\/schema\/logo\/image\/\",\"url\":\"https:\/\/culturaneuroactiva.com\/site\/guiadepaz\/wp-content\/uploads\/sites\/5\/2017\/04\/map_128p.png\",\"contentUrl\":\"https:\/\/culturaneuroactiva.com\/site\/guiadepaz\/wp-content\/uploads\/sites\/5\/2017\/04\/map_128p.png\",\"width\":128,\"height\":128,\"caption\":\"Guia de Paz Personal\"},\"image\":{\"@id\":\"https:\/\/culturaneuroactiva.com\/site\/guiadepaz\/#\/schema\/logo\/image\/\"}}]}<\/script>\n<!-- \/ Yoast SEO plugin. -->","yoast_head_json":{"title":"Autoterapia para V\u00edctimas - Guia de Paz Personal","robots":{"index":"index","follow":"follow","max-snippet":"max-snippet:-1","max-image-preview":"max-image-preview:large","max-video-preview":"max-video-preview:-1"},"canonical":"https:\/\/culturaneuroactiva.com\/site\/guiadepaz\/autoterapia-para-victimas\/","og_locale":"es_ES","og_type":"article","og_title":"Autoterapia para V\u00edctimas - Guia de Paz Personal","og_description":"\u00a0\u00a0 Modo de Uso Responda la pregunta que est\u00e1 a continuaci\u00f3n de la forma m\u00e1s sincera posible, ya que el","og_url":"https:\/\/culturaneuroactiva.com\/site\/guiadepaz\/autoterapia-para-victimas\/","og_site_name":"Guia de Paz Personal","article_modified_time":"2019-01-15T03:56:53+00:00","twitter_card":"summary_large_image","twitter_misc":{"Tiempo de lectura":"2 minutos"},"schema":{"@context":"https:\/\/schema.org","@graph":[{"@type":"WebPage","@id":"https:\/\/culturaneuroactiva.com\/site\/guiadepaz\/autoterapia-para-victimas\/","url":"https:\/\/culturaneuroactiva.com\/site\/guiadepaz\/autoterapia-para-victimas\/","name":"Autoterapia para V\u00edctimas - Guia de Paz Personal","isPartOf":{"@id":"https:\/\/culturaneuroactiva.com\/site\/guiadepaz\/#website"},"datePublished":"2017-03-10T19:49:57+00:00","dateModified":"2019-01-15T03:56:53+00:00","breadcrumb":{"@id":"https:\/\/culturaneuroactiva.com\/site\/guiadepaz\/autoterapia-para-victimas\/#breadcrumb"},"inLanguage":"es","potentialAction":[{"@type":"ReadAction","target":["https:\/\/culturaneuroactiva.com\/site\/guiadepaz\/autoterapia-para-victimas\/"]}]},{"@type":"BreadcrumbList","@id":"https:\/\/culturaneuroactiva.com\/site\/guiadepaz\/autoterapia-para-victimas\/#breadcrumb","itemListElement":[{"@type":"ListItem","position":1,"name":"Portada","item":"https:\/\/culturaneuroactiva.com\/site\/guiadepaz\/"},{"@type":"ListItem","position":2,"name":"Autoterapia para V\u00edctimas"}]},{"@type":"WebSite","@id":"https:\/\/culturaneuroactiva.com\/site\/guiadepaz\/#website","url":"https:\/\/culturaneuroactiva.com\/site\/guiadepaz\/","name":"Guia de Paz Personal","description":"Pedagog\u00edas y Terapias de Paz","publisher":{"@id":"https:\/\/culturaneuroactiva.com\/site\/guiadepaz\/#organization"},"potentialAction":[{"@type":"SearchAction","target":{"@type":"EntryPoint","urlTemplate":"https:\/\/culturaneuroactiva.com\/site\/guiadepaz\/?s={search_term_string}"},"query-input":{"@type":"PropertyValueSpecification","valueRequired":true,"valueName":"search_term_string"}}],"inLanguage":"es"},{"@type":"Organization","@id":"https:\/\/culturaneuroactiva.com\/site\/guiadepaz\/#organization","name":"Guia de Paz Personal","url":"https:\/\/culturaneuroactiva.com\/site\/guiadepaz\/","logo":{"@type":"ImageObject","inLanguage":"es","@id":"https:\/\/culturaneuroactiva.com\/site\/guiadepaz\/#\/schema\/logo\/image\/","url":"https:\/\/culturaneuroactiva.com\/site\/guiadepaz\/wp-content\/uploads\/sites\/5\/2017\/04\/map_128p.png","contentUrl":"https:\/\/culturaneuroactiva.com\/site\/guiadepaz\/wp-content\/uploads\/sites\/5\/2017\/04\/map_128p.png","width":128,"height":128,"caption":"Guia de Paz Personal"},"image":{"@id":"https:\/\/culturaneuroactiva.com\/site\/guiadepaz\/#\/schema\/logo\/image\/"}}]}},"_links":{"self":[{"href":"https:\/\/culturaneuroactiva.com\/site\/guiadepaz\/wp-json\/wp\/v2\/pages\/65","targetHints":{"allow":["GET"]}}],"collection":[{"href":"https:\/\/culturaneuroactiva.com\/site\/guiadepaz\/wp-json\/wp\/v2\/pages"}],"about":[{"href":"https:\/\/culturaneuroactiva.com\/site\/guiadepaz\/wp-json\/wp\/v2\/types\/page"}],"author":[{"embeddable":true,"href":"https:\/\/culturaneuroactiva.com\/site\/guiadepaz\/wp-json\/wp\/v2\/users\/1"}],"replies":[{"embeddable":true,"href":"https:\/\/culturaneuroactiva.com\/site\/guiadepaz\/wp-json\/wp\/v2\/comments?post=65"}],"version-history":[{"count":13,"href":"https:\/\/culturaneuroactiva.com\/site\/guiadepaz\/wp-json\/wp\/v2\/pages\/65\/revisions"}],"predecessor-version":[{"id":751,"href":"https:\/\/culturaneuroactiva.com\/site\/guiadepaz\/wp-json\/wp\/v2\/pages\/65\/revisions\/751"}],"wp:attachment":[{"href":"https:\/\/culturaneuroactiva.com\/site\/guiadepaz\/wp-json\/wp\/v2\/media?parent=65"}],"curies":[{"name":"wp","href":"https:\/\/api.w.org\/{rel}","templated":true}]}}