{"id":542,"date":"2017-08-29T06:10:46","date_gmt":"2017-08-29T06:10:46","guid":{"rendered":"http:\/\/culturaneuroactiva.com\/site\/redpaz\/?page_id=542"},"modified":"2017-09-05T04:16:52","modified_gmt":"2017-09-05T04:16:52","slug":"marco-teorico","status":"publish","type":"page","link":"https:\/\/culturaneuroactiva.com\/site\/guiadepaz\/marco-teorico\/","title":{"rendered":"Marco Te\u00f3rico"},"content":{"rendered":"<h6><\/h6>\n<h6><span style=\"color: #333399;\"><strong>C\u00f3mo Entender la Violencia Actual y sus Soluciones<\/strong><\/span><\/h6>\n<p>La violencia tradicional que se relaciona con el conflicto armado, es lo que m\u00e1s muertes ha generado en los \u00faltimos 50 a\u00f1os en Colombia, pero parad\u00f3jicamente cuando se est\u00e1 encontrando la soluci\u00f3n para ese aspecto, ahora el problema de violencia se traslada a las ciudades, y lo m\u00e1s grave es que muchas personas vulnerables como mujeres y ni\u00f1os, se encuentran conviviendo con personas que llevan consigo m\u00faltiples factores generadores de violencia, por lo que est\u00e1n durmiendo con el enemigo y no se han dado cuenta, esto hace que las v\u00edctimas de violencia sean cada vez m\u00e1s, convirti\u00e9ndose en uno de los problemas de salud p\u00fablica m\u00e1s delicados que afrontamos en la actualidad.<\/p>\n<p><strong>\u00a0<\/strong><\/p>\n<p>Resulta f\u00e1cil entender que un delincuente o un criminal cometa actos de violencia, pero nos cuesta m\u00e1s dificultad entender que una persona buena sea violenta y peligrosa contra un ser querido, por eso la mejor analog\u00eda es comparar a esta clase de personas con un territorio que por encima se ve normal, pero bajo la superficie est\u00e1 sembrado de minas quiebra-patas, esto hace que los seres queridos que est\u00e1n m\u00e1s cerca sean los primeros en pisar y detonar estas minas que explotan en forma de agresividad y violencia. Desde esta perspectiva, se ve claro que la \u00fanica posibilidad que existe para eliminar los factores generadores de violencia del territorio interior de una persona, es que \u00e9sta primero los ubique con exactitud y luego los sane, para que as\u00ed sea inofensiva para cualquiera y pueda considerarse un territorio de paz, o sino ser\u00e1 simplemente un terreno con minas no visibles (agresivo potencial) o un terreno con minas visibles (agresivo manifiesto).<\/p>\n<p><strong>\u00a0<\/strong><\/p>\n<p>La respuesta que resuelve el problema de la agresividad, no es tan sencilla como decir: \u201cTodos tenemos un par de lobos en nuestro interior, alimenta al lobo bueno y no alimentes al lobo malo\u201d, o sea que la verdadera respuesta ser\u00eda algo tan complejo como decir: \u201cPara no ser violento, debes conocer tus lobos malos y alimentarlos de forma controlada para neutralizarlos, y as\u00ed permitir que el alimento pueda llegar a los lobos buenos y que \u00e9stos puedan gobernar, si no es as\u00ed los lobos malos no s\u00f3lo se comen el alimento de los lobos buenos sino que se convierten en los l\u00edderes del territorio interno de la persona\u201d.<\/p>\n<p><strong>\u00a0<\/strong><\/p>\n<h6><span style=\"color: #333399;\"><strong>Por qu\u00e9 es tan Dif\u00edcil Alcanzar la Paz Personal<\/strong><\/span><\/h6>\n<p>Desde siempre hemos sabido que no se debe agredir a otros, que los conflictos se deben arreglar por las buenas, y que para reaccionar sin violencia primero hay que alcanzar la paz interior, pero por m\u00e1s que sepamos eso y que nos lo repitan a cada momento en las diversas campa\u00f1as que hay sobre la paz, los hechos demuestran justamente lo contrario, ya que los \u00edndices de los problemas de violencia aumentan cada d\u00eda, como la violencia intrafamiliar, el bulling, las ri\u00f1as callejeras, y eso sin hablar de las patolog\u00edas violentas que ya tenemos institucionalizadas, como por ejemplo el machismo, la polarizaci\u00f3n que generan los temas pol\u00e9micos, las palabras de odio entre los opositores pol\u00edticos, o las linchadas callejeras que reciben los delincuentes cuando los cogen en flagrancia.<\/p>\n<p>&nbsp;<\/p>\n<p>No se ha logrado hacer nada con todas las medidas contra la violencia y el problema sigue avanzando, ya que es un instinto desestructurado con lo que se est\u00e1 luchando y el cual se encuentra en el interior de cada ser humano en mayor o menor proporci\u00f3n, por eso hay que cambiar el planteamiento del problema, que ya no consiste en la violencia que cometen los malos sino en la violencia que cometen los buenos, por eso est\u00e1 comprobado que el lugar m\u00e1s peligroso para las personas son sus propios hogares, y que los villanos que est\u00e1n generando las agresiones y los muertos, esta vez no son los delincuentes ni los pandilleros, sino que son los esposos, los novios, los exnovios, los padres de familia, y hasta los hijos, los hermanos y los amigos (hombres y mujeres en todos los casos).<\/p>\n<p><strong>\u00a0<\/strong><\/p>\n<p>El ant\u00eddoto para la violencia, cuando aparece la ofensa o el da\u00f1o y sale el instinto de defensa a reaccionar de forma desproporcionada, l\u00f3gicamente es que la persona tenga la capacidad de reconocer y alimentar a su parte buena y no a su parte mala, para que as\u00ed aparezca la compasi\u00f3n y el perd\u00f3n, en lugar de la violencia disfrazada de juicio y justicia privada, pero esto es casi imposible de realizar, porque como el problema es un instinto desestructurado, por eso cuando se detona pasa por encima de cualquier argumento de la l\u00f3gica, nublando la conciencia de la persona hasta hacerla sacar esa emoci\u00f3n t\u00f3xica como un rayo y descargarla en el mundo sin pensar en los riesgos o consecuencias. Llegar a la paz por este camino, es tan dif\u00edcil como decirle a alguien agresivo que para sanarse primero debe alcanzar la paz interior, o como decirle a un drogadicto que si quiere rehabilitarse primero debe de eliminar su deseo de drogarse, en ambos casos se trata de una paradoja imposible de realizar, sobretodo cuando no se tiene claro el c\u00f3mo.<\/p>\n<p>&nbsp;<\/p>\n<p>&nbsp;<\/p>\n<p><img loading=\"lazy\" decoding=\"async\" class=\"alignnone wp-image-637\" src=\"http:\/\/culturaneuroactiva.com\/site\/wp-content\/uploads\/2016\/03\/creative-comons-300x105.png\" sizes=\"auto, (max-width: 97px) 100vw, 97px\" srcset=\"http:\/\/culturaneuroactiva.com\/site\/wp-content\/uploads\/2016\/03\/creative-comons-300x105.png 300w, http:\/\/culturaneuroactiva.com\/site\/wp-content\/uploads\/2016\/03\/creative-comons-392x141.png 392w, http:\/\/culturaneuroactiva.com\/site\/wp-content\/uploads\/2016\/03\/creative-comons-390x141.png 390w, http:\/\/culturaneuroactiva.com\/site\/wp-content\/uploads\/2016\/03\/creative-comons.png 403w\" alt=\"creative comons\" width=\"97\" height=\"34\" \/><\/p>\n<p>Red de Paz Personal<\/p>\n<p>Juan David Silva Aguirre<\/p>\n<p>reddepazpersonal@gmail.com<\/p>\n<p>redpaz.culturaneuroactiva.com<\/p>\n","protected":false},"excerpt":{"rendered":"<p>C\u00f3mo Entender la Violencia Actual y sus Soluciones La violencia tradicional que se relaciona con el conflicto armado, es lo<\/p>\n","protected":false},"author":1,"featured_media":0,"parent":0,"menu_order":0,"comment_status":"closed","ping_status":"closed","template":"","meta":{"colormag_page_layout":"no_sidebar_content_centered","footnotes":""},"class_list":["post-542","page","type-page","status-publish","hentry"],"yoast_head":"<!-- This site is optimized with the Yoast SEO plugin v25.6 - https:\/\/yoast.com\/wordpress\/plugins\/seo\/ -->\n<title>Marco Te\u00f3rico - Guia de Paz Personal<\/title>\n<meta name=\"robots\" content=\"index, follow, max-snippet:-1, max-image-preview:large, max-video-preview:-1\" \/>\n<link rel=\"canonical\" href=\"https:\/\/culturaneuroactiva.com\/site\/guiadepaz\/marco-teorico\/\" \/>\n<meta property=\"og:locale\" content=\"es_ES\" \/>\n<meta property=\"og:type\" content=\"article\" \/>\n<meta property=\"og:title\" content=\"Marco Te\u00f3rico - Guia de Paz Personal\" \/>\n<meta property=\"og:description\" content=\"C\u00f3mo Entender la Violencia Actual y sus Soluciones La violencia tradicional que se relaciona con el conflicto armado, es lo\" \/>\n<meta property=\"og:url\" content=\"https:\/\/culturaneuroactiva.com\/site\/guiadepaz\/marco-teorico\/\" \/>\n<meta property=\"og:site_name\" content=\"Guia de Paz Personal\" \/>\n<meta property=\"article:modified_time\" content=\"2017-09-05T04:16:52+00:00\" \/>\n<meta property=\"og:image\" content=\"http:\/\/culturaneuroactiva.com\/site\/wp-content\/uploads\/2016\/03\/creative-comons-300x105.png\" \/>\n<meta name=\"twitter:card\" content=\"summary_large_image\" \/>\n<meta name=\"twitter:label1\" content=\"Tiempo de lectura\" \/>\n\t<meta name=\"twitter:data1\" content=\"5 minutos\" \/>\n<script type=\"application\/ld+json\" class=\"yoast-schema-graph\">{\"@context\":\"https:\/\/schema.org\",\"@graph\":[{\"@type\":\"WebPage\",\"@id\":\"https:\/\/culturaneuroactiva.com\/site\/guiadepaz\/marco-teorico\/\",\"url\":\"https:\/\/culturaneuroactiva.com\/site\/guiadepaz\/marco-teorico\/\",\"name\":\"Marco Te\u00f3rico - Guia de Paz Personal\",\"isPartOf\":{\"@id\":\"https:\/\/culturaneuroactiva.com\/site\/guiadepaz\/#website\"},\"primaryImageOfPage\":{\"@id\":\"https:\/\/culturaneuroactiva.com\/site\/guiadepaz\/marco-teorico\/#primaryimage\"},\"image\":{\"@id\":\"https:\/\/culturaneuroactiva.com\/site\/guiadepaz\/marco-teorico\/#primaryimage\"},\"thumbnailUrl\":\"http:\/\/culturaneuroactiva.com\/site\/wp-content\/uploads\/2016\/03\/creative-comons-300x105.png\",\"datePublished\":\"2017-08-29T06:10:46+00:00\",\"dateModified\":\"2017-09-05T04:16:52+00:00\",\"breadcrumb\":{\"@id\":\"https:\/\/culturaneuroactiva.com\/site\/guiadepaz\/marco-teorico\/#breadcrumb\"},\"inLanguage\":\"es\",\"potentialAction\":[{\"@type\":\"ReadAction\",\"target\":[\"https:\/\/culturaneuroactiva.com\/site\/guiadepaz\/marco-teorico\/\"]}]},{\"@type\":\"ImageObject\",\"inLanguage\":\"es\",\"@id\":\"https:\/\/culturaneuroactiva.com\/site\/guiadepaz\/marco-teorico\/#primaryimage\",\"url\":\"http:\/\/culturaneuroactiva.com\/site\/wp-content\/uploads\/2016\/03\/creative-comons-300x105.png\",\"contentUrl\":\"http:\/\/culturaneuroactiva.com\/site\/wp-content\/uploads\/2016\/03\/creative-comons-300x105.png\"},{\"@type\":\"BreadcrumbList\",\"@id\":\"https:\/\/culturaneuroactiva.com\/site\/guiadepaz\/marco-teorico\/#breadcrumb\",\"itemListElement\":[{\"@type\":\"ListItem\",\"position\":1,\"name\":\"Portada\",\"item\":\"https:\/\/culturaneuroactiva.com\/site\/guiadepaz\/\"},{\"@type\":\"ListItem\",\"position\":2,\"name\":\"Marco Te\u00f3rico\"}]},{\"@type\":\"WebSite\",\"@id\":\"https:\/\/culturaneuroactiva.com\/site\/guiadepaz\/#website\",\"url\":\"https:\/\/culturaneuroactiva.com\/site\/guiadepaz\/\",\"name\":\"Guia de Paz Personal\",\"description\":\"Pedagog\u00edas y Terapias de Paz\",\"publisher\":{\"@id\":\"https:\/\/culturaneuroactiva.com\/site\/guiadepaz\/#organization\"},\"potentialAction\":[{\"@type\":\"SearchAction\",\"target\":{\"@type\":\"EntryPoint\",\"urlTemplate\":\"https:\/\/culturaneuroactiva.com\/site\/guiadepaz\/?s={search_term_string}\"},\"query-input\":{\"@type\":\"PropertyValueSpecification\",\"valueRequired\":true,\"valueName\":\"search_term_string\"}}],\"inLanguage\":\"es\"},{\"@type\":\"Organization\",\"@id\":\"https:\/\/culturaneuroactiva.com\/site\/guiadepaz\/#organization\",\"name\":\"Guia de Paz Personal\",\"url\":\"https:\/\/culturaneuroactiva.com\/site\/guiadepaz\/\",\"logo\":{\"@type\":\"ImageObject\",\"inLanguage\":\"es\",\"@id\":\"https:\/\/culturaneuroactiva.com\/site\/guiadepaz\/#\/schema\/logo\/image\/\",\"url\":\"https:\/\/culturaneuroactiva.com\/site\/guiadepaz\/wp-content\/uploads\/sites\/5\/2017\/04\/map_128p.png\",\"contentUrl\":\"https:\/\/culturaneuroactiva.com\/site\/guiadepaz\/wp-content\/uploads\/sites\/5\/2017\/04\/map_128p.png\",\"width\":128,\"height\":128,\"caption\":\"Guia de Paz Personal\"},\"image\":{\"@id\":\"https:\/\/culturaneuroactiva.com\/site\/guiadepaz\/#\/schema\/logo\/image\/\"}}]}<\/script>\n<!-- \/ Yoast SEO plugin. -->","yoast_head_json":{"title":"Marco Te\u00f3rico - Guia de Paz Personal","robots":{"index":"index","follow":"follow","max-snippet":"max-snippet:-1","max-image-preview":"max-image-preview:large","max-video-preview":"max-video-preview:-1"},"canonical":"https:\/\/culturaneuroactiva.com\/site\/guiadepaz\/marco-teorico\/","og_locale":"es_ES","og_type":"article","og_title":"Marco Te\u00f3rico - Guia de Paz Personal","og_description":"C\u00f3mo Entender la Violencia Actual y sus Soluciones La violencia tradicional que se relaciona con el conflicto armado, es lo","og_url":"https:\/\/culturaneuroactiva.com\/site\/guiadepaz\/marco-teorico\/","og_site_name":"Guia de Paz Personal","article_modified_time":"2017-09-05T04:16:52+00:00","og_image":[{"url":"http:\/\/culturaneuroactiva.com\/site\/wp-content\/uploads\/2016\/03\/creative-comons-300x105.png","type":"","width":"","height":""}],"twitter_card":"summary_large_image","twitter_misc":{"Tiempo de lectura":"5 minutos"},"schema":{"@context":"https:\/\/schema.org","@graph":[{"@type":"WebPage","@id":"https:\/\/culturaneuroactiva.com\/site\/guiadepaz\/marco-teorico\/","url":"https:\/\/culturaneuroactiva.com\/site\/guiadepaz\/marco-teorico\/","name":"Marco Te\u00f3rico - Guia de Paz Personal","isPartOf":{"@id":"https:\/\/culturaneuroactiva.com\/site\/guiadepaz\/#website"},"primaryImageOfPage":{"@id":"https:\/\/culturaneuroactiva.com\/site\/guiadepaz\/marco-teorico\/#primaryimage"},"image":{"@id":"https:\/\/culturaneuroactiva.com\/site\/guiadepaz\/marco-teorico\/#primaryimage"},"thumbnailUrl":"http:\/\/culturaneuroactiva.com\/site\/wp-content\/uploads\/2016\/03\/creative-comons-300x105.png","datePublished":"2017-08-29T06:10:46+00:00","dateModified":"2017-09-05T04:16:52+00:00","breadcrumb":{"@id":"https:\/\/culturaneuroactiva.com\/site\/guiadepaz\/marco-teorico\/#breadcrumb"},"inLanguage":"es","potentialAction":[{"@type":"ReadAction","target":["https:\/\/culturaneuroactiva.com\/site\/guiadepaz\/marco-teorico\/"]}]},{"@type":"ImageObject","inLanguage":"es","@id":"https:\/\/culturaneuroactiva.com\/site\/guiadepaz\/marco-teorico\/#primaryimage","url":"http:\/\/culturaneuroactiva.com\/site\/wp-content\/uploads\/2016\/03\/creative-comons-300x105.png","contentUrl":"http:\/\/culturaneuroactiva.com\/site\/wp-content\/uploads\/2016\/03\/creative-comons-300x105.png"},{"@type":"BreadcrumbList","@id":"https:\/\/culturaneuroactiva.com\/site\/guiadepaz\/marco-teorico\/#breadcrumb","itemListElement":[{"@type":"ListItem","position":1,"name":"Portada","item":"https:\/\/culturaneuroactiva.com\/site\/guiadepaz\/"},{"@type":"ListItem","position":2,"name":"Marco Te\u00f3rico"}]},{"@type":"WebSite","@id":"https:\/\/culturaneuroactiva.com\/site\/guiadepaz\/#website","url":"https:\/\/culturaneuroactiva.com\/site\/guiadepaz\/","name":"Guia de Paz Personal","description":"Pedagog\u00edas y Terapias de Paz","publisher":{"@id":"https:\/\/culturaneuroactiva.com\/site\/guiadepaz\/#organization"},"potentialAction":[{"@type":"SearchAction","target":{"@type":"EntryPoint","urlTemplate":"https:\/\/culturaneuroactiva.com\/site\/guiadepaz\/?s={search_term_string}"},"query-input":{"@type":"PropertyValueSpecification","valueRequired":true,"valueName":"search_term_string"}}],"inLanguage":"es"},{"@type":"Organization","@id":"https:\/\/culturaneuroactiva.com\/site\/guiadepaz\/#organization","name":"Guia de Paz Personal","url":"https:\/\/culturaneuroactiva.com\/site\/guiadepaz\/","logo":{"@type":"ImageObject","inLanguage":"es","@id":"https:\/\/culturaneuroactiva.com\/site\/guiadepaz\/#\/schema\/logo\/image\/","url":"https:\/\/culturaneuroactiva.com\/site\/guiadepaz\/wp-content\/uploads\/sites\/5\/2017\/04\/map_128p.png","contentUrl":"https:\/\/culturaneuroactiva.com\/site\/guiadepaz\/wp-content\/uploads\/sites\/5\/2017\/04\/map_128p.png","width":128,"height":128,"caption":"Guia de Paz Personal"},"image":{"@id":"https:\/\/culturaneuroactiva.com\/site\/guiadepaz\/#\/schema\/logo\/image\/"}}]}},"_links":{"self":[{"href":"https:\/\/culturaneuroactiva.com\/site\/guiadepaz\/wp-json\/wp\/v2\/pages\/542","targetHints":{"allow":["GET"]}}],"collection":[{"href":"https:\/\/culturaneuroactiva.com\/site\/guiadepaz\/wp-json\/wp\/v2\/pages"}],"about":[{"href":"https:\/\/culturaneuroactiva.com\/site\/guiadepaz\/wp-json\/wp\/v2\/types\/page"}],"author":[{"embeddable":true,"href":"https:\/\/culturaneuroactiva.com\/site\/guiadepaz\/wp-json\/wp\/v2\/users\/1"}],"replies":[{"embeddable":true,"href":"https:\/\/culturaneuroactiva.com\/site\/guiadepaz\/wp-json\/wp\/v2\/comments?post=542"}],"version-history":[{"count":2,"href":"https:\/\/culturaneuroactiva.com\/site\/guiadepaz\/wp-json\/wp\/v2\/pages\/542\/revisions"}],"predecessor-version":[{"id":594,"href":"https:\/\/culturaneuroactiva.com\/site\/guiadepaz\/wp-json\/wp\/v2\/pages\/542\/revisions\/594"}],"wp:attachment":[{"href":"https:\/\/culturaneuroactiva.com\/site\/guiadepaz\/wp-json\/wp\/v2\/media?parent=542"}],"curies":[{"name":"wp","href":"https:\/\/api.w.org\/{rel}","templated":true}]}}