{"id":536,"date":"2017-08-29T05:54:59","date_gmt":"2017-08-29T05:54:59","guid":{"rendered":"http:\/\/culturaneuroactiva.com\/site\/redpaz\/?page_id=536"},"modified":"2019-01-20T21:53:26","modified_gmt":"2019-01-20T21:53:26","slug":"manual-de-uso","status":"publish","type":"page","link":"https:\/\/culturaneuroactiva.com\/site\/guiadepaz\/manual-de-uso\/","title":{"rendered":"Manual de Uso"},"content":{"rendered":"<h6><span style=\"color: #333399;\"><strong>\u201cParticipa en el desminado de los odios y la desmovilizaci\u00f3n de los factores que generan violencia, desarma tus palabras y tus actos, convi\u00e9rtete en un territorio de paz\u201d.<\/strong><\/span><\/h6>\n<p>&nbsp;<\/p>\n<h6><span style=\"color: #333399;\"><strong>Campa\u00f1a de Sanaci\u00f3n Social por la Paz<\/strong><\/span><\/h6>\n<p>Esta campa\u00f1a de la Red de Paz Personal se llama \u201cSoy un territorio de paz\u201d, con la que se busca hacer pedagog\u00eda ciudadana en el campo de prevenci\u00f3n y atenci\u00f3n en problemas de violencia, para que cada individuo tenga claro c\u00f3mo liberarse de la agresividad y c\u00f3mo alcanzar la paz personal.<\/p>\n<p>La campa\u00f1a es tem\u00e1tica porque est\u00e1 basada en un juego mental, que consiste en invitar a que cada persona se vea como si fuera un terreno, bueno en apariencia pero sembrado con varias minas quiebra-patas, que corresponden a todos los factores generadores de violencia que se llevan inconscientemente, y son detonados por los seres queridos con los que se convive, lo que genera situaciones de violencia de pareja, violencia intrafamiliar, maltrato y casos de homicidios, que aumentan cada vez m\u00e1s en la poblaci\u00f3n, por lo que se convierte en un problema de salud p\u00fablica.<\/p>\n<p>La sanaci\u00f3n social es un mecanismo terap\u00e9utico colectivo, que busca llevar a la poblaci\u00f3n la soluci\u00f3n de los problemas de violencia, por medio de un modelo autosostenible que se basa en una campa\u00f1a tem\u00e1tica, la cual recibe apoyo y retroalimentaci\u00f3n desde diversos proyectos de activismo por la paz, fundamentados en el voluntariado.<\/p>\n<p>&nbsp;<\/p>\n<h6><strong><span style=\"color: #333399;\">C\u00f3mo Participar en la Campa\u00f1a<\/span><\/strong><\/h6>\n<p>Si quieres participar de la campa\u00f1a \u201cSoy un territorio de paz\u201d que ense\u00f1a a identificar los factores generadores de violencia y los pasos para sanarlos, primero debes leer el manual de uso de la campa\u00f1a, luego leer los <a href=\"http:\/\/culturaneuroactiva.com\/site\/guiadepaz\/principios-de-la-paz\/\" target=\"_blank\" rel=\"noopener\">principios de paz personal<\/a> para que escojas con cuales te identificas, y los que elijas les das un clic para que te enlacen con la explicaci\u00f3n de cada principio, al final de la cual encontrar\u00e1s el enlace para la autoterapia que debes leer y practicar con el objetivo de sanar los factores generadores de violencia que llevas en tu interior, para as\u00ed alcanzar finalmente el gran objetivo de la paz personal, que al mismo tiempo se constituye en la base fundamental para construir la cultura de la paz.<\/p>\n<p>&nbsp;<\/p>\n<h4 style=\"text-align: center;\"><strong><span style=\"color: #333399;\">Pasos para Alcanzar la Paz Personal<\/span><\/strong><\/h4>\n<p>Quien decida participar en este juego, el reto es que descubra todas las minas de violencia que tiene sembradas en su terreno, para que las sane y pueda considerarse un territorio de paz. Este objetivo se alcanza en tres pasos:<\/p>\n<p>&nbsp;<\/p>\n<h6><span style=\"color: #333399;\"><strong>1. Reconocer cuales factores de violencia se tienen de forma inconsciente.<\/strong><\/span><\/h6>\n<p>Leer los <a href=\"http:\/\/culturaneuroactiva.com\/site\/guiadepaz\/principios-de-la-paz\/\" target=\"_blank\" rel=\"noopener\">principios de paz personal<\/a> que se encuentran a continuaci\u00f3n, y seleccionar aquellos que se necesiten introyectar para la propia salud psicoemocional, como base misma de la terapia para sanar cada uno de los factores generadores de violencia que se llevan de forma inconsciente.<\/p>\n<p><strong>\u00a0<\/strong><\/p>\n<h6><span style=\"color: #333399;\"><strong>2. Tener la necesidad de sanar los factores de violencia, para que pueda existir un compromiso sincero de resolverlos. <\/strong><\/span><\/h6>\n<p>En las categor\u00edas de nuestro portal web, en la campa\u00f1a \u201cSoy un territorio de paz\u201d, encontrar\u00e1 el desarrollo de cada principio de paz personal, el cual se explica en un art\u00edculo, que al final tiene un enlace que lleva a la autoterapia, en donde se encuentra orientaci\u00f3n para resolver o manejar cada uno de los factores generadores de violencia.<\/p>\n<p><strong>\u00a0<\/strong><\/p>\n<h6><span style=\"color: #333399;\"><strong>3. Realizar un plan terap\u00e9utico con t\u00e9cnicas y metas claras. <\/strong><\/span><\/h6>\n<p>Se sugiere que los <a href=\"http:\/\/culturaneuroactiva.com\/site\/guiadepaz\/principios-de-la-paz\/\" target=\"_blank\" rel=\"noopener\">principios de paz personal<\/a> se practiquen con dedicaci\u00f3n hasta que se conviertan en h\u00e1bitos, para lo cual no es pr\u00e1ctico tratar de introyectarlos todos al mismo tiempo, sino irlos trabajando en un proceso de tres niveles: B\u00e1sico, medio y alto, que corresponden a las tres etapas del proceso de sanaci\u00f3n de la violencia interior: Cambio de mentalidad, dominio del arte, y maestr\u00eda. Para que la persona sea considerada un territorio de paz, ya debe haber sacado todas las minas o sanado todos los factores generadores de violencia, la prueba de esto es que ya practique en su vida cotidiana cada uno de los principios de paz personal, para que sus seres queridos puedan caminar por todo su terreno sin el riesgo que les explote alguna mina de violencia.<\/p>\n<p>&nbsp;<\/p>\n<p>&nbsp;<\/p>\n<p><img loading=\"lazy\" decoding=\"async\" class=\"alignnone wp-image-637\" src=\"http:\/\/culturaneuroactiva.com\/site\/wp-content\/uploads\/2016\/03\/creative-comons-300x105.png\" sizes=\"auto, (max-width: 97px) 100vw, 97px\" srcset=\"http:\/\/culturaneuroactiva.com\/site\/wp-content\/uploads\/2016\/03\/creative-comons-300x105.png 300w, http:\/\/culturaneuroactiva.com\/site\/wp-content\/uploads\/2016\/03\/creative-comons-392x141.png 392w, http:\/\/culturaneuroactiva.com\/site\/wp-content\/uploads\/2016\/03\/creative-comons-390x141.png 390w, http:\/\/culturaneuroactiva.com\/site\/wp-content\/uploads\/2016\/03\/creative-comons.png 403w\" alt=\"creative comons\" width=\"97\" height=\"34\" \/><\/p>\n<p><span style=\"line-height: 1.5;\"><span style=\"line-height: 1.5;\">Red de Paz Personal<\/span><\/span><\/p>\n<p><span style=\"line-height: 1.5;\">Juan David Silva Aguirre<\/span><\/p>\n<p>reddepazpersonal@gmail.com<\/p>\n<p>redpaz.culturaneuroactiva.com<\/p>\n","protected":false},"excerpt":{"rendered":"<p>\u201cParticipa en el desminado de los odios y la desmovilizaci\u00f3n de los factores que generan violencia, desarma tus palabras y<\/p>\n","protected":false},"author":1,"featured_media":0,"parent":0,"menu_order":0,"comment_status":"closed","ping_status":"closed","template":"","meta":{"colormag_page_layout":"no_sidebar_content_centered","footnotes":""},"class_list":["post-536","page","type-page","status-publish","hentry"],"yoast_head":"<!-- This site is optimized with the Yoast SEO plugin v25.6 - https:\/\/yoast.com\/wordpress\/plugins\/seo\/ -->\n<title>Manual de Uso - Guia de Paz Personal<\/title>\n<meta name=\"robots\" content=\"index, follow, max-snippet:-1, max-image-preview:large, max-video-preview:-1\" \/>\n<link rel=\"canonical\" href=\"https:\/\/culturaneuroactiva.com\/site\/guiadepaz\/manual-de-uso\/\" \/>\n<meta property=\"og:locale\" content=\"es_ES\" \/>\n<meta property=\"og:type\" content=\"article\" \/>\n<meta property=\"og:title\" content=\"Manual de Uso - Guia de Paz Personal\" \/>\n<meta property=\"og:description\" content=\"\u201cParticipa en el desminado de los odios y la desmovilizaci\u00f3n de los factores que generan violencia, desarma tus palabras y\" \/>\n<meta property=\"og:url\" content=\"https:\/\/culturaneuroactiva.com\/site\/guiadepaz\/manual-de-uso\/\" \/>\n<meta property=\"og:site_name\" content=\"Guia de Paz Personal\" \/>\n<meta property=\"article:modified_time\" content=\"2019-01-20T21:53:26+00:00\" \/>\n<meta property=\"og:image\" content=\"http:\/\/culturaneuroactiva.com\/site\/wp-content\/uploads\/2016\/03\/creative-comons-300x105.png\" \/>\n<meta name=\"twitter:card\" content=\"summary_large_image\" \/>\n<meta name=\"twitter:label1\" content=\"Tiempo de lectura\" \/>\n\t<meta name=\"twitter:data1\" content=\"4 minutos\" \/>\n<script type=\"application\/ld+json\" class=\"yoast-schema-graph\">{\"@context\":\"https:\/\/schema.org\",\"@graph\":[{\"@type\":\"WebPage\",\"@id\":\"https:\/\/culturaneuroactiva.com\/site\/guiadepaz\/manual-de-uso\/\",\"url\":\"https:\/\/culturaneuroactiva.com\/site\/guiadepaz\/manual-de-uso\/\",\"name\":\"Manual de Uso - Guia de Paz Personal\",\"isPartOf\":{\"@id\":\"https:\/\/culturaneuroactiva.com\/site\/guiadepaz\/#website\"},\"primaryImageOfPage\":{\"@id\":\"https:\/\/culturaneuroactiva.com\/site\/guiadepaz\/manual-de-uso\/#primaryimage\"},\"image\":{\"@id\":\"https:\/\/culturaneuroactiva.com\/site\/guiadepaz\/manual-de-uso\/#primaryimage\"},\"thumbnailUrl\":\"http:\/\/culturaneuroactiva.com\/site\/wp-content\/uploads\/2016\/03\/creative-comons-300x105.png\",\"datePublished\":\"2017-08-29T05:54:59+00:00\",\"dateModified\":\"2019-01-20T21:53:26+00:00\",\"breadcrumb\":{\"@id\":\"https:\/\/culturaneuroactiva.com\/site\/guiadepaz\/manual-de-uso\/#breadcrumb\"},\"inLanguage\":\"es\",\"potentialAction\":[{\"@type\":\"ReadAction\",\"target\":[\"https:\/\/culturaneuroactiva.com\/site\/guiadepaz\/manual-de-uso\/\"]}]},{\"@type\":\"ImageObject\",\"inLanguage\":\"es\",\"@id\":\"https:\/\/culturaneuroactiva.com\/site\/guiadepaz\/manual-de-uso\/#primaryimage\",\"url\":\"http:\/\/culturaneuroactiva.com\/site\/wp-content\/uploads\/2016\/03\/creative-comons-300x105.png\",\"contentUrl\":\"http:\/\/culturaneuroactiva.com\/site\/wp-content\/uploads\/2016\/03\/creative-comons-300x105.png\"},{\"@type\":\"BreadcrumbList\",\"@id\":\"https:\/\/culturaneuroactiva.com\/site\/guiadepaz\/manual-de-uso\/#breadcrumb\",\"itemListElement\":[{\"@type\":\"ListItem\",\"position\":1,\"name\":\"Portada\",\"item\":\"https:\/\/culturaneuroactiva.com\/site\/guiadepaz\/\"},{\"@type\":\"ListItem\",\"position\":2,\"name\":\"Manual de Uso\"}]},{\"@type\":\"WebSite\",\"@id\":\"https:\/\/culturaneuroactiva.com\/site\/guiadepaz\/#website\",\"url\":\"https:\/\/culturaneuroactiva.com\/site\/guiadepaz\/\",\"name\":\"Guia de Paz Personal\",\"description\":\"Pedagog\u00edas y Terapias de Paz\",\"publisher\":{\"@id\":\"https:\/\/culturaneuroactiva.com\/site\/guiadepaz\/#organization\"},\"potentialAction\":[{\"@type\":\"SearchAction\",\"target\":{\"@type\":\"EntryPoint\",\"urlTemplate\":\"https:\/\/culturaneuroactiva.com\/site\/guiadepaz\/?s={search_term_string}\"},\"query-input\":{\"@type\":\"PropertyValueSpecification\",\"valueRequired\":true,\"valueName\":\"search_term_string\"}}],\"inLanguage\":\"es\"},{\"@type\":\"Organization\",\"@id\":\"https:\/\/culturaneuroactiva.com\/site\/guiadepaz\/#organization\",\"name\":\"Guia de Paz Personal\",\"url\":\"https:\/\/culturaneuroactiva.com\/site\/guiadepaz\/\",\"logo\":{\"@type\":\"ImageObject\",\"inLanguage\":\"es\",\"@id\":\"https:\/\/culturaneuroactiva.com\/site\/guiadepaz\/#\/schema\/logo\/image\/\",\"url\":\"https:\/\/culturaneuroactiva.com\/site\/guiadepaz\/wp-content\/uploads\/sites\/5\/2017\/04\/map_128p.png\",\"contentUrl\":\"https:\/\/culturaneuroactiva.com\/site\/guiadepaz\/wp-content\/uploads\/sites\/5\/2017\/04\/map_128p.png\",\"width\":128,\"height\":128,\"caption\":\"Guia de Paz Personal\"},\"image\":{\"@id\":\"https:\/\/culturaneuroactiva.com\/site\/guiadepaz\/#\/schema\/logo\/image\/\"}}]}<\/script>\n<!-- \/ Yoast SEO plugin. -->","yoast_head_json":{"title":"Manual de Uso - Guia de Paz Personal","robots":{"index":"index","follow":"follow","max-snippet":"max-snippet:-1","max-image-preview":"max-image-preview:large","max-video-preview":"max-video-preview:-1"},"canonical":"https:\/\/culturaneuroactiva.com\/site\/guiadepaz\/manual-de-uso\/","og_locale":"es_ES","og_type":"article","og_title":"Manual de Uso - Guia de Paz Personal","og_description":"\u201cParticipa en el desminado de los odios y la desmovilizaci\u00f3n de los factores que generan violencia, desarma tus palabras y","og_url":"https:\/\/culturaneuroactiva.com\/site\/guiadepaz\/manual-de-uso\/","og_site_name":"Guia de Paz Personal","article_modified_time":"2019-01-20T21:53:26+00:00","og_image":[{"url":"http:\/\/culturaneuroactiva.com\/site\/wp-content\/uploads\/2016\/03\/creative-comons-300x105.png","type":"","width":"","height":""}],"twitter_card":"summary_large_image","twitter_misc":{"Tiempo de lectura":"4 minutos"},"schema":{"@context":"https:\/\/schema.org","@graph":[{"@type":"WebPage","@id":"https:\/\/culturaneuroactiva.com\/site\/guiadepaz\/manual-de-uso\/","url":"https:\/\/culturaneuroactiva.com\/site\/guiadepaz\/manual-de-uso\/","name":"Manual de Uso - Guia de Paz Personal","isPartOf":{"@id":"https:\/\/culturaneuroactiva.com\/site\/guiadepaz\/#website"},"primaryImageOfPage":{"@id":"https:\/\/culturaneuroactiva.com\/site\/guiadepaz\/manual-de-uso\/#primaryimage"},"image":{"@id":"https:\/\/culturaneuroactiva.com\/site\/guiadepaz\/manual-de-uso\/#primaryimage"},"thumbnailUrl":"http:\/\/culturaneuroactiva.com\/site\/wp-content\/uploads\/2016\/03\/creative-comons-300x105.png","datePublished":"2017-08-29T05:54:59+00:00","dateModified":"2019-01-20T21:53:26+00:00","breadcrumb":{"@id":"https:\/\/culturaneuroactiva.com\/site\/guiadepaz\/manual-de-uso\/#breadcrumb"},"inLanguage":"es","potentialAction":[{"@type":"ReadAction","target":["https:\/\/culturaneuroactiva.com\/site\/guiadepaz\/manual-de-uso\/"]}]},{"@type":"ImageObject","inLanguage":"es","@id":"https:\/\/culturaneuroactiva.com\/site\/guiadepaz\/manual-de-uso\/#primaryimage","url":"http:\/\/culturaneuroactiva.com\/site\/wp-content\/uploads\/2016\/03\/creative-comons-300x105.png","contentUrl":"http:\/\/culturaneuroactiva.com\/site\/wp-content\/uploads\/2016\/03\/creative-comons-300x105.png"},{"@type":"BreadcrumbList","@id":"https:\/\/culturaneuroactiva.com\/site\/guiadepaz\/manual-de-uso\/#breadcrumb","itemListElement":[{"@type":"ListItem","position":1,"name":"Portada","item":"https:\/\/culturaneuroactiva.com\/site\/guiadepaz\/"},{"@type":"ListItem","position":2,"name":"Manual de Uso"}]},{"@type":"WebSite","@id":"https:\/\/culturaneuroactiva.com\/site\/guiadepaz\/#website","url":"https:\/\/culturaneuroactiva.com\/site\/guiadepaz\/","name":"Guia de Paz Personal","description":"Pedagog\u00edas y Terapias de Paz","publisher":{"@id":"https:\/\/culturaneuroactiva.com\/site\/guiadepaz\/#organization"},"potentialAction":[{"@type":"SearchAction","target":{"@type":"EntryPoint","urlTemplate":"https:\/\/culturaneuroactiva.com\/site\/guiadepaz\/?s={search_term_string}"},"query-input":{"@type":"PropertyValueSpecification","valueRequired":true,"valueName":"search_term_string"}}],"inLanguage":"es"},{"@type":"Organization","@id":"https:\/\/culturaneuroactiva.com\/site\/guiadepaz\/#organization","name":"Guia de Paz Personal","url":"https:\/\/culturaneuroactiva.com\/site\/guiadepaz\/","logo":{"@type":"ImageObject","inLanguage":"es","@id":"https:\/\/culturaneuroactiva.com\/site\/guiadepaz\/#\/schema\/logo\/image\/","url":"https:\/\/culturaneuroactiva.com\/site\/guiadepaz\/wp-content\/uploads\/sites\/5\/2017\/04\/map_128p.png","contentUrl":"https:\/\/culturaneuroactiva.com\/site\/guiadepaz\/wp-content\/uploads\/sites\/5\/2017\/04\/map_128p.png","width":128,"height":128,"caption":"Guia de Paz Personal"},"image":{"@id":"https:\/\/culturaneuroactiva.com\/site\/guiadepaz\/#\/schema\/logo\/image\/"}}]}},"_links":{"self":[{"href":"https:\/\/culturaneuroactiva.com\/site\/guiadepaz\/wp-json\/wp\/v2\/pages\/536","targetHints":{"allow":["GET"]}}],"collection":[{"href":"https:\/\/culturaneuroactiva.com\/site\/guiadepaz\/wp-json\/wp\/v2\/pages"}],"about":[{"href":"https:\/\/culturaneuroactiva.com\/site\/guiadepaz\/wp-json\/wp\/v2\/types\/page"}],"author":[{"embeddable":true,"href":"https:\/\/culturaneuroactiva.com\/site\/guiadepaz\/wp-json\/wp\/v2\/users\/1"}],"replies":[{"embeddable":true,"href":"https:\/\/culturaneuroactiva.com\/site\/guiadepaz\/wp-json\/wp\/v2\/comments?post=536"}],"version-history":[{"count":9,"href":"https:\/\/culturaneuroactiva.com\/site\/guiadepaz\/wp-json\/wp\/v2\/pages\/536\/revisions"}],"predecessor-version":[{"id":782,"href":"https:\/\/culturaneuroactiva.com\/site\/guiadepaz\/wp-json\/wp\/v2\/pages\/536\/revisions\/782"}],"wp:attachment":[{"href":"https:\/\/culturaneuroactiva.com\/site\/guiadepaz\/wp-json\/wp\/v2\/media?parent=536"}],"curies":[{"name":"wp","href":"https:\/\/api.w.org\/{rel}","templated":true}]}}