{"id":529,"date":"2017-08-29T05:20:26","date_gmt":"2017-08-29T05:20:26","guid":{"rendered":"http:\/\/culturaneuroactiva.com\/site\/redpaz\/?page_id=529"},"modified":"2019-01-15T18:35:24","modified_gmt":"2019-01-15T18:35:24","slug":"principios-de-la-paz","status":"publish","type":"page","link":"https:\/\/culturaneuroactiva.com\/site\/guiadepaz\/principios-de-la-paz\/","title":{"rendered":"Principios de la Paz"},"content":{"rendered":"<h6><span style=\"color: #333399;\">Para vivir alejados de todas las formas de conflicto, y superar las pruebas cotidianas que nos sacan la agresividad desde nuestro interior, se deben\u00a0eliminar cada uno de los factores generadores violencia que llevamos de forma inconsciente, para lo cual necesariamente hay que entender los siguientes principios de paz personal, y aplicarlos a la vida cotidiana hasta hacerlos parte de los h\u00e1bitos personales.\u00a0<\/span><\/h6>\n<p>&nbsp;<\/p>\n<h4><span style=\"color: #333399;\"><strong>Nivel B\u00e1sico<\/strong><\/span><\/h4>\n<ul>\n<li>\n<h6><a href=\"http:\/\/culturaneuroactiva.com\/site\/guiadepaz\/2017\/09\/13\/reconocer-la-agresividad-sanarla\/\" target=\"_blank\" rel=\"noopener\">Lo primero para alcanzar la paz personal es reconocer la agresividad y responsabilizarse de sanarla.<\/a><\/h6>\n<\/li>\n<li>\n<h6><a href=\"http:\/\/culturaneuroactiva.com\/site\/guiadepaz\/2017\/09\/13\/no-actuar-enojo-sino-hablarlo\/\" target=\"_blank\" rel=\"noopener\">Hablo calmado sobre mis emociones negativas en lugar de actuarlas de forma explosiva.<\/a><\/h6>\n<\/li>\n<li>\n<h6><a href=\"http:\/\/culturaneuroactiva.com\/site\/guiadepaz\/2017\/09\/13\/no-caer-las-socializaciones-la-violencia\/\" target=\"_blank\" rel=\"noopener\">Veo las socializaciones de la violencia y procuro no caer en ninguna de ellas.<\/a><\/h6>\n<\/li>\n<li>\n<h6><a href=\"http:\/\/culturaneuroactiva.com\/site\/guiadepaz\/2017\/09\/13\/tolerar-los-defectos-detallista\/\" target=\"_blank\" rel=\"noopener\">En mis relaciones, asumo el reto de tolerar los defectos de otros y cuidar mejor a quienes ya est\u00e1n.<\/a><\/h6>\n<\/li>\n<li>\n<h6><a href=\"http:\/\/culturaneuroactiva.com\/site\/guiadepaz\/2017\/09\/13\/no-suponer-evitar-malentendidos\/\" target=\"_blank\" rel=\"noopener\">No hago suposiciones para no alimentar malentendidos, siempre verifico antes de actuar.<\/a><\/h6>\n<\/li>\n<li>\n<h6><a href=\"http:\/\/culturaneuroactiva.com\/site\/guiadepaz\/2017\/09\/13\/conocer-los-detonantes-la-ira-la-division\/\" target=\"_blank\" rel=\"noopener\">Reconozco lo que detona mi ira y lo que me polariza la opini\u00f3n, para sanarlo y superar mi divisi\u00f3n.<\/a><\/h6>\n<\/li>\n<li>\n<h6><a href=\"http:\/\/culturaneuroactiva.com\/site\/guiadepaz\/2017\/09\/13\/soltar-problema-buscar-la-solucion\/\" target=\"_blank\" rel=\"noopener\">Nunca me quedo alimentando el problema, siempre lo suelto y me enfoco en la soluci\u00f3n.<\/a><\/h6>\n<\/li>\n<li>\n<h6><a href=\"http:\/\/culturaneuroactiva.com\/site\/guiadepaz\/2017\/09\/13\/elegir-dialogo-evitar-la-confrontacion\/\" target=\"_blank\" rel=\"noopener\">Entend\u00ed que para solucionar los conflictos, es m\u00e1s efectiva la diplomacia que la confrontaci\u00f3n.<\/a><\/h6>\n<\/li>\n<li>\n<h6><a href=\"http:\/\/culturaneuroactiva.com\/site\/guiadepaz\/2017\/09\/13\/no-tomar-decisiones-rabia\/\" target=\"_blank\" rel=\"noopener\">No tomo decisiones con rabia, para no correr el riesgo de equivocarme o arrepentirme.<\/a><\/h6>\n<\/li>\n<li>\n<h6><a href=\"http:\/\/culturaneuroactiva.com\/site\/guiadepaz\/2017\/09\/13\/evitar-la-venganza-buscar-la-reconciliacion\/\" target=\"_blank\" rel=\"noopener\">Entiendo que la venganza genera m\u00e1s violencia, y que para salir del conflicto hay que dar el primer paso.<\/a><\/h6>\n<\/li>\n<\/ul>\n<p>&nbsp;<\/p>\n<h4><span style=\"color: #333399;\"><strong>Nivel Medio<\/strong><\/span><\/h4>\n<ul>\n<li>\n<h6>Hay que ser conciente de los defectos propios para no molestar a los dem\u00e1s.<\/h6>\n<\/li>\n<li>\n<h6>Hay que ponerle l\u00edmites a las reacciones para as\u00ed madurar las emociones.<\/h6>\n<\/li>\n<li>\n<h6>Ante el enojo, siempre se tiene la opci\u00f3n de cambiar la reacci\u00f3n instintiva por una respuesta saludable.<\/h6>\n<\/li>\n<li>\n<h6>No hay que pelear con los instintos, sino aprender a vivirlos de forma saludable.<\/h6>\n<\/li>\n<li>\n<h6>La ira se debe sentir pero no actuarla frente al otro, sino liberarla en privado para no hacerle da\u00f1o a nadie.<\/h6>\n<\/li>\n<li>\n<h6>No se debe hablar con enojo, sino esperar a que se pase la rabia antes de expresar la diferencia.<\/h6>\n<\/li>\n<li>\n<h6>Como todo conflicto en un choque de egos, la humildad es la clave para salir de la guerra.<\/h6>\n<\/li>\n<li>\n<h6>No se deben tener conversaciones negativas, ni intervenir en temas que polaricen la opini\u00f3n.<\/h6>\n<\/li>\n<li>\n<h6>Hay que eliminar las palabras ofensivas para expresarse hacia el oponente, y as\u00ed salirse de la cultura del odio.<\/h6>\n<\/li>\n<li>\n<h6>En lugar de hablar mal de otro, hay que aprender a ponerse en los zapatos del otro para poderlo entender y perdonar.<\/h6>\n<\/li>\n<\/ul>\n<p>&nbsp;<\/p>\n<h4><strong><span style=\"color: #333399;\">Nivel Alto<\/span><\/strong><\/h4>\n<ul>\n<li>\n<h6>Si el oponente es un reflejo de los propios defectos, lo mejor es asumirlos y sanarlos para resolver el conflicto.<\/h6>\n<\/li>\n<li>\n<h6>Ante cualquier situaci\u00f3n ofensiva o dolorosa, siempre hay que concentrarse en lo positivo de la experiencia.<\/h6>\n<\/li>\n<li>\n<h6>Las agresiones del otro se deben manejar con entendimiento y humildad, para poder corregir el error con amor.<\/h6>\n<\/li>\n<li>\n<h6>No hay que retroalimentar la l\u00e1stima ni el dolor ajeno, sino mas bien exaltar lo bueno siempre.<\/h6>\n<\/li>\n<li>\n<h6>Cuando no se est\u00e1 encerrado en el ego\u00edsmo, se puede disfrutar de servir y cuidar a los dem\u00e1s.<\/h6>\n<\/li>\n<li>\n<h6>Hay que cambiar la psicorrigidez eg\u00f3ica por inteligencia adaptativa, para poder tolerar el defecto y el error.<\/h6>\n<\/li>\n<li>\n<h6>Cuando se trasciende la polarizaci\u00f3n se va el odio y llega la compasi\u00f3n.<\/h6>\n<\/li>\n<li>\n<h6>Hay que cambiar las quejas y el sufrimiento, por la aceptaci\u00f3n y la b\u00fasqueda de soluciones.<\/h6>\n<\/li>\n<li>\n<h6>No se debe satanizar la diferencia sino valorar el papel que cumple la oposici\u00f3n.<\/h6>\n<\/li>\n<li>\n<h6>Las afirmaciones son la cuota inicial del destino, por eso siempre se debe hablar positivamente.<\/h6>\n<\/li>\n<li>\n<h6>No se deben juzgar los defectos ajenos ni tratar mal a alguien cuando comete un error.<\/h6>\n<\/li>\n<li>\n<h6>Los conflictos se sanan con humildad y compasi\u00f3n, ya que la ra\u00edz de todo problema siempre es la soberbia y la falta de claridad.<\/h6>\n<\/li>\n<li>\n<h6>Si el nivel de ofensa corresponde al nivel del ego, entonces lo mejor es sanar al ego para que nada lo ofenda.<\/h6>\n<\/li>\n<li>\n<h6>Si odiando al enemigo se alimenta la guerra, de igual forma amando al agresor se sana el conflicto.<\/h6>\n<\/li>\n<li>\n<h6>Si expresar el enojo hace que el agresor tire sus t\u00f3xicos emocionales, contenerse es la mejor forma de cuidarse y quererse.<\/h6>\n<\/li>\n<\/ul>\n<p>&nbsp;<\/p>\n<p>&nbsp;<\/p>\n<p>&nbsp;<\/p>\n<p><img loading=\"lazy\" decoding=\"async\" class=\"alignnone wp-image-637\" src=\"http:\/\/culturaneuroactiva.com\/site\/wp-content\/uploads\/2016\/03\/creative-comons-300x105.png\" sizes=\"auto, (max-width: 97px) 100vw, 97px\" srcset=\"http:\/\/culturaneuroactiva.com\/site\/wp-content\/uploads\/2016\/03\/creative-comons-300x105.png 300w, http:\/\/culturaneuroactiva.com\/site\/wp-content\/uploads\/2016\/03\/creative-comons-392x141.png 392w, http:\/\/culturaneuroactiva.com\/site\/wp-content\/uploads\/2016\/03\/creative-comons-390x141.png 390w, http:\/\/culturaneuroactiva.com\/site\/wp-content\/uploads\/2016\/03\/creative-comons.png 403w\" alt=\"creative comons\" width=\"97\" height=\"34\" \/><\/p>\n<p>Red de Paz Personal<\/p>\n<p>Juan David Silva Aguirre<\/p>\n<p>culturaneuroactiva@gmail.com<\/p>\n<p>culturaneuroactiva.com<\/p>\n<p>&nbsp;<\/p>\n<p>&nbsp;<\/p>\n","protected":false},"excerpt":{"rendered":"<p>Para vivir alejados de todas las formas de conflicto, y superar las pruebas cotidianas que nos sacan la agresividad desde<\/p>\n","protected":false},"author":1,"featured_media":0,"parent":0,"menu_order":0,"comment_status":"closed","ping_status":"closed","template":"","meta":{"colormag_page_layout":"no_sidebar_content_centered","footnotes":""},"class_list":["post-529","page","type-page","status-publish","hentry"],"yoast_head":"<!-- This site is optimized with the Yoast SEO plugin v25.6 - https:\/\/yoast.com\/wordpress\/plugins\/seo\/ -->\n<title>Principios de la Paz - Guia de Paz Personal<\/title>\n<meta name=\"robots\" content=\"index, follow, max-snippet:-1, max-image-preview:large, max-video-preview:-1\" \/>\n<link rel=\"canonical\" href=\"https:\/\/culturaneuroactiva.com\/site\/guiadepaz\/principios-de-la-paz\/\" \/>\n<meta property=\"og:locale\" content=\"es_ES\" \/>\n<meta property=\"og:type\" content=\"article\" \/>\n<meta property=\"og:title\" content=\"Principios de la Paz - Guia de Paz Personal\" \/>\n<meta property=\"og:description\" content=\"Para vivir alejados de todas las formas de conflicto, y superar las pruebas cotidianas que nos sacan la agresividad desde\" \/>\n<meta property=\"og:url\" content=\"https:\/\/culturaneuroactiva.com\/site\/guiadepaz\/principios-de-la-paz\/\" \/>\n<meta property=\"og:site_name\" content=\"Guia de Paz Personal\" \/>\n<meta property=\"article:modified_time\" content=\"2019-01-15T18:35:24+00:00\" \/>\n<meta property=\"og:image\" content=\"http:\/\/culturaneuroactiva.com\/site\/wp-content\/uploads\/2016\/03\/creative-comons-300x105.png\" \/>\n<meta name=\"twitter:card\" content=\"summary_large_image\" \/>\n<meta name=\"twitter:label1\" content=\"Tiempo de lectura\" \/>\n\t<meta name=\"twitter:data1\" content=\"4 minutos\" \/>\n<script type=\"application\/ld+json\" class=\"yoast-schema-graph\">{\"@context\":\"https:\/\/schema.org\",\"@graph\":[{\"@type\":\"WebPage\",\"@id\":\"https:\/\/culturaneuroactiva.com\/site\/guiadepaz\/principios-de-la-paz\/\",\"url\":\"https:\/\/culturaneuroactiva.com\/site\/guiadepaz\/principios-de-la-paz\/\",\"name\":\"Principios de la Paz - Guia de Paz Personal\",\"isPartOf\":{\"@id\":\"https:\/\/culturaneuroactiva.com\/site\/guiadepaz\/#website\"},\"primaryImageOfPage\":{\"@id\":\"https:\/\/culturaneuroactiva.com\/site\/guiadepaz\/principios-de-la-paz\/#primaryimage\"},\"image\":{\"@id\":\"https:\/\/culturaneuroactiva.com\/site\/guiadepaz\/principios-de-la-paz\/#primaryimage\"},\"thumbnailUrl\":\"http:\/\/culturaneuroactiva.com\/site\/wp-content\/uploads\/2016\/03\/creative-comons-300x105.png\",\"datePublished\":\"2017-08-29T05:20:26+00:00\",\"dateModified\":\"2019-01-15T18:35:24+00:00\",\"breadcrumb\":{\"@id\":\"https:\/\/culturaneuroactiva.com\/site\/guiadepaz\/principios-de-la-paz\/#breadcrumb\"},\"inLanguage\":\"es\",\"potentialAction\":[{\"@type\":\"ReadAction\",\"target\":[\"https:\/\/culturaneuroactiva.com\/site\/guiadepaz\/principios-de-la-paz\/\"]}]},{\"@type\":\"ImageObject\",\"inLanguage\":\"es\",\"@id\":\"https:\/\/culturaneuroactiva.com\/site\/guiadepaz\/principios-de-la-paz\/#primaryimage\",\"url\":\"http:\/\/culturaneuroactiva.com\/site\/wp-content\/uploads\/2016\/03\/creative-comons-300x105.png\",\"contentUrl\":\"http:\/\/culturaneuroactiva.com\/site\/wp-content\/uploads\/2016\/03\/creative-comons-300x105.png\"},{\"@type\":\"BreadcrumbList\",\"@id\":\"https:\/\/culturaneuroactiva.com\/site\/guiadepaz\/principios-de-la-paz\/#breadcrumb\",\"itemListElement\":[{\"@type\":\"ListItem\",\"position\":1,\"name\":\"Portada\",\"item\":\"https:\/\/culturaneuroactiva.com\/site\/guiadepaz\/\"},{\"@type\":\"ListItem\",\"position\":2,\"name\":\"Principios de la Paz\"}]},{\"@type\":\"WebSite\",\"@id\":\"https:\/\/culturaneuroactiva.com\/site\/guiadepaz\/#website\",\"url\":\"https:\/\/culturaneuroactiva.com\/site\/guiadepaz\/\",\"name\":\"Guia de Paz Personal\",\"description\":\"Pedagog\u00edas y Terapias de Paz\",\"publisher\":{\"@id\":\"https:\/\/culturaneuroactiva.com\/site\/guiadepaz\/#organization\"},\"potentialAction\":[{\"@type\":\"SearchAction\",\"target\":{\"@type\":\"EntryPoint\",\"urlTemplate\":\"https:\/\/culturaneuroactiva.com\/site\/guiadepaz\/?s={search_term_string}\"},\"query-input\":{\"@type\":\"PropertyValueSpecification\",\"valueRequired\":true,\"valueName\":\"search_term_string\"}}],\"inLanguage\":\"es\"},{\"@type\":\"Organization\",\"@id\":\"https:\/\/culturaneuroactiva.com\/site\/guiadepaz\/#organization\",\"name\":\"Guia de Paz Personal\",\"url\":\"https:\/\/culturaneuroactiva.com\/site\/guiadepaz\/\",\"logo\":{\"@type\":\"ImageObject\",\"inLanguage\":\"es\",\"@id\":\"https:\/\/culturaneuroactiva.com\/site\/guiadepaz\/#\/schema\/logo\/image\/\",\"url\":\"https:\/\/culturaneuroactiva.com\/site\/guiadepaz\/wp-content\/uploads\/sites\/5\/2017\/04\/map_128p.png\",\"contentUrl\":\"https:\/\/culturaneuroactiva.com\/site\/guiadepaz\/wp-content\/uploads\/sites\/5\/2017\/04\/map_128p.png\",\"width\":128,\"height\":128,\"caption\":\"Guia de Paz Personal\"},\"image\":{\"@id\":\"https:\/\/culturaneuroactiva.com\/site\/guiadepaz\/#\/schema\/logo\/image\/\"}}]}<\/script>\n<!-- \/ Yoast SEO plugin. -->","yoast_head_json":{"title":"Principios de la Paz - Guia de Paz Personal","robots":{"index":"index","follow":"follow","max-snippet":"max-snippet:-1","max-image-preview":"max-image-preview:large","max-video-preview":"max-video-preview:-1"},"canonical":"https:\/\/culturaneuroactiva.com\/site\/guiadepaz\/principios-de-la-paz\/","og_locale":"es_ES","og_type":"article","og_title":"Principios de la Paz - Guia de Paz Personal","og_description":"Para vivir alejados de todas las formas de conflicto, y superar las pruebas cotidianas que nos sacan la agresividad desde","og_url":"https:\/\/culturaneuroactiva.com\/site\/guiadepaz\/principios-de-la-paz\/","og_site_name":"Guia de Paz Personal","article_modified_time":"2019-01-15T18:35:24+00:00","og_image":[{"url":"http:\/\/culturaneuroactiva.com\/site\/wp-content\/uploads\/2016\/03\/creative-comons-300x105.png","type":"","width":"","height":""}],"twitter_card":"summary_large_image","twitter_misc":{"Tiempo de lectura":"4 minutos"},"schema":{"@context":"https:\/\/schema.org","@graph":[{"@type":"WebPage","@id":"https:\/\/culturaneuroactiva.com\/site\/guiadepaz\/principios-de-la-paz\/","url":"https:\/\/culturaneuroactiva.com\/site\/guiadepaz\/principios-de-la-paz\/","name":"Principios de la Paz - Guia de Paz Personal","isPartOf":{"@id":"https:\/\/culturaneuroactiva.com\/site\/guiadepaz\/#website"},"primaryImageOfPage":{"@id":"https:\/\/culturaneuroactiva.com\/site\/guiadepaz\/principios-de-la-paz\/#primaryimage"},"image":{"@id":"https:\/\/culturaneuroactiva.com\/site\/guiadepaz\/principios-de-la-paz\/#primaryimage"},"thumbnailUrl":"http:\/\/culturaneuroactiva.com\/site\/wp-content\/uploads\/2016\/03\/creative-comons-300x105.png","datePublished":"2017-08-29T05:20:26+00:00","dateModified":"2019-01-15T18:35:24+00:00","breadcrumb":{"@id":"https:\/\/culturaneuroactiva.com\/site\/guiadepaz\/principios-de-la-paz\/#breadcrumb"},"inLanguage":"es","potentialAction":[{"@type":"ReadAction","target":["https:\/\/culturaneuroactiva.com\/site\/guiadepaz\/principios-de-la-paz\/"]}]},{"@type":"ImageObject","inLanguage":"es","@id":"https:\/\/culturaneuroactiva.com\/site\/guiadepaz\/principios-de-la-paz\/#primaryimage","url":"http:\/\/culturaneuroactiva.com\/site\/wp-content\/uploads\/2016\/03\/creative-comons-300x105.png","contentUrl":"http:\/\/culturaneuroactiva.com\/site\/wp-content\/uploads\/2016\/03\/creative-comons-300x105.png"},{"@type":"BreadcrumbList","@id":"https:\/\/culturaneuroactiva.com\/site\/guiadepaz\/principios-de-la-paz\/#breadcrumb","itemListElement":[{"@type":"ListItem","position":1,"name":"Portada","item":"https:\/\/culturaneuroactiva.com\/site\/guiadepaz\/"},{"@type":"ListItem","position":2,"name":"Principios de la Paz"}]},{"@type":"WebSite","@id":"https:\/\/culturaneuroactiva.com\/site\/guiadepaz\/#website","url":"https:\/\/culturaneuroactiva.com\/site\/guiadepaz\/","name":"Guia de Paz Personal","description":"Pedagog\u00edas y Terapias de Paz","publisher":{"@id":"https:\/\/culturaneuroactiva.com\/site\/guiadepaz\/#organization"},"potentialAction":[{"@type":"SearchAction","target":{"@type":"EntryPoint","urlTemplate":"https:\/\/culturaneuroactiva.com\/site\/guiadepaz\/?s={search_term_string}"},"query-input":{"@type":"PropertyValueSpecification","valueRequired":true,"valueName":"search_term_string"}}],"inLanguage":"es"},{"@type":"Organization","@id":"https:\/\/culturaneuroactiva.com\/site\/guiadepaz\/#organization","name":"Guia de Paz Personal","url":"https:\/\/culturaneuroactiva.com\/site\/guiadepaz\/","logo":{"@type":"ImageObject","inLanguage":"es","@id":"https:\/\/culturaneuroactiva.com\/site\/guiadepaz\/#\/schema\/logo\/image\/","url":"https:\/\/culturaneuroactiva.com\/site\/guiadepaz\/wp-content\/uploads\/sites\/5\/2017\/04\/map_128p.png","contentUrl":"https:\/\/culturaneuroactiva.com\/site\/guiadepaz\/wp-content\/uploads\/sites\/5\/2017\/04\/map_128p.png","width":128,"height":128,"caption":"Guia de Paz Personal"},"image":{"@id":"https:\/\/culturaneuroactiva.com\/site\/guiadepaz\/#\/schema\/logo\/image\/"}}]}},"_links":{"self":[{"href":"https:\/\/culturaneuroactiva.com\/site\/guiadepaz\/wp-json\/wp\/v2\/pages\/529","targetHints":{"allow":["GET"]}}],"collection":[{"href":"https:\/\/culturaneuroactiva.com\/site\/guiadepaz\/wp-json\/wp\/v2\/pages"}],"about":[{"href":"https:\/\/culturaneuroactiva.com\/site\/guiadepaz\/wp-json\/wp\/v2\/types\/page"}],"author":[{"embeddable":true,"href":"https:\/\/culturaneuroactiva.com\/site\/guiadepaz\/wp-json\/wp\/v2\/users\/1"}],"replies":[{"embeddable":true,"href":"https:\/\/culturaneuroactiva.com\/site\/guiadepaz\/wp-json\/wp\/v2\/comments?post=529"}],"version-history":[{"count":9,"href":"https:\/\/culturaneuroactiva.com\/site\/guiadepaz\/wp-json\/wp\/v2\/pages\/529\/revisions"}],"predecessor-version":[{"id":778,"href":"https:\/\/culturaneuroactiva.com\/site\/guiadepaz\/wp-json\/wp\/v2\/pages\/529\/revisions\/778"}],"wp:attachment":[{"href":"https:\/\/culturaneuroactiva.com\/site\/guiadepaz\/wp-json\/wp\/v2\/media?parent=529"}],"curies":[{"name":"wp","href":"https:\/\/api.w.org\/{rel}","templated":true}]}}