{"id":52,"date":"2017-03-10T17:44:50","date_gmt":"2017-03-10T17:44:50","guid":{"rendered":"http:\/\/culturaneuroactiva.com\/site\/redpaz\/?page_id=52"},"modified":"2019-01-15T04:09:57","modified_gmt":"2019-01-15T04:09:57","slug":"autoterapia-para-la-violencia-intrafamiliar","status":"publish","type":"page","link":"https:\/\/culturaneuroactiva.com\/site\/guiadepaz\/autoterapia-para-la-violencia-intrafamiliar\/","title":{"rendered":"Autoterapia para la Violencia Intrafamiliar"},"content":{"rendered":"<h6><\/h6>\n<h6><span style=\"color: #333399;\"><strong>Modo de Uso<\/strong><\/span><\/h6>\n<h6><span style=\"color: #000000;\">Las relaciones conflictivas pueden ser causadas por la violencia f\u00edsica (empujones, golpes, lesiones con armas) o por la violencia psicol\u00f3gica (culpas, reclamos, quejas, controles, mentiras, gritos, insultos y esc\u00e1ndalos), y se pueden vivir como agresor(a) o como v\u00edctima. Si en la relaci\u00f3n de pareja usted es el agresor(a), puede orientar su proceso de sanaci\u00f3n estudiando los <a href=\"http:\/\/culturaneuroactiva.com\/site\/guiadepaz\/aspectos-basicos-de-la-violencia-intrafamiliar\/\" target=\"_blank\" rel=\"noopener noreferrer\">\u201caspectos b\u00e1sicos de la violencia intrafamiliar\u201d<\/a> y las <a href=\"http:\/\/culturaneuroactiva.com\/site\/guiadepaz\/alternativas-frente-a-las-relaciones-conflictivas\/\" target=\"_blank\" rel=\"noopener noreferrer\">\u201calternativas frente a las relaciones conflictivas\u201d<\/a>, y haciendo la <a href=\"http:\/\/culturaneuroactiva.com\/site\/guiadepaz\/autoterapia-para-agresores\/\" target=\"_blank\" rel=\"noopener noreferrer\">\u201cautoterapia para agresores\u201d<\/a> y la <a href=\"http:\/\/culturaneuroactiva.com\/site\/guiadepaz\/autoterapia-para-los-niveles-de-violencia\/\" target=\"_blank\" rel=\"noopener noreferrer\">\u201cautoterapia para los niveles de violencia\u201d<\/a>. Si en la relaci\u00f3n de pareja usted es la v\u00edctima, puede orientar su proceso de sanaci\u00f3n haciendo las lecturas: <a href=\"http:\/\/culturaneuroactiva.com\/site\/guiadepaz\/aspectos-basicos-de-la-violencia-intrafamiliar\/\" target=\"_blank\" rel=\"noopener noreferrer\">\u201caspectos b\u00e1sicos de la violencia intrafamiliar\u201d<\/a>, <a href=\"http:\/\/culturaneuroactiva.com\/site\/guiadepaz\/alternativas-frente-a-las-relaciones-conflictivas\/\" target=\"_blank\" rel=\"noopener noreferrer\">\u201calternativas frente a las relaciones conflictivas\u201d<\/a>, y <a href=\"http:\/\/culturaneuroactiva.com\/site\/guiadepaz\/como-sanar-a-las-victimas-de-relaciones-conflictivas\/\" target=\"_blank\" rel=\"noopener noreferrer\">\u201cc\u00f3mo sanar a las v\u00edctimas de relaciones conflictivas\u201d<\/a>, y haciendo la <a href=\"http:\/\/culturaneuroactiva.com\/site\/guiadepaz\/autoterapia-para-victimas\/\" target=\"_blank\" rel=\"noopener noreferrer\">\u201cautoterapia para v\u00edctimas\u201d<\/a> y la <a href=\"http:\/\/culturaneuroactiva.com\/site\/guiadepaz\/autoterapia-para-la-inmadurez-emocional\/\" target=\"_blank\" rel=\"noopener noreferrer\">\u201cautoterapia para la inmadurez emocional\u201d<\/a>.<\/span><\/h6>\n<h4><\/h4>\n<p>&nbsp;<\/p>\n<h2 style=\"text-align: center;\"><\/h2>\n","protected":false},"excerpt":{"rendered":"<p>Modo de Uso Las relaciones conflictivas pueden ser causadas por la violencia f\u00edsica (empujones, golpes, lesiones con armas) o por<\/p>\n","protected":false},"author":1,"featured_media":0,"parent":0,"menu_order":0,"comment_status":"closed","ping_status":"closed","template":"","meta":{"colormag_page_layout":"no_sidebar_content_centered","footnotes":""},"class_list":["post-52","page","type-page","status-publish","hentry"],"yoast_head":"<!-- This site is optimized with the Yoast SEO plugin v25.6 - https:\/\/yoast.com\/wordpress\/plugins\/seo\/ -->\n<title>Autoterapia para la Violencia Intrafamiliar - Guia de Paz Personal<\/title>\n<meta name=\"robots\" content=\"index, follow, max-snippet:-1, max-image-preview:large, max-video-preview:-1\" \/>\n<link rel=\"canonical\" href=\"https:\/\/culturaneuroactiva.com\/site\/guiadepaz\/autoterapia-para-la-violencia-intrafamiliar\/\" \/>\n<meta property=\"og:locale\" content=\"es_ES\" \/>\n<meta property=\"og:type\" content=\"article\" \/>\n<meta property=\"og:title\" content=\"Autoterapia para la Violencia Intrafamiliar - Guia de Paz Personal\" \/>\n<meta property=\"og:description\" content=\"Modo de Uso Las relaciones conflictivas pueden ser causadas por la violencia f\u00edsica (empujones, golpes, lesiones con armas) o por\" \/>\n<meta property=\"og:url\" content=\"https:\/\/culturaneuroactiva.com\/site\/guiadepaz\/autoterapia-para-la-violencia-intrafamiliar\/\" \/>\n<meta property=\"og:site_name\" content=\"Guia de Paz Personal\" \/>\n<meta property=\"article:modified_time\" content=\"2019-01-15T04:09:57+00:00\" \/>\n<meta name=\"twitter:card\" content=\"summary_large_image\" \/>\n<meta name=\"twitter:label1\" content=\"Tiempo de lectura\" \/>\n\t<meta name=\"twitter:data1\" content=\"1 minuto\" \/>\n<script type=\"application\/ld+json\" class=\"yoast-schema-graph\">{\"@context\":\"https:\/\/schema.org\",\"@graph\":[{\"@type\":\"WebPage\",\"@id\":\"https:\/\/culturaneuroactiva.com\/site\/guiadepaz\/autoterapia-para-la-violencia-intrafamiliar\/\",\"url\":\"https:\/\/culturaneuroactiva.com\/site\/guiadepaz\/autoterapia-para-la-violencia-intrafamiliar\/\",\"name\":\"Autoterapia para la Violencia Intrafamiliar - Guia de Paz Personal\",\"isPartOf\":{\"@id\":\"https:\/\/culturaneuroactiva.com\/site\/guiadepaz\/#website\"},\"datePublished\":\"2017-03-10T17:44:50+00:00\",\"dateModified\":\"2019-01-15T04:09:57+00:00\",\"breadcrumb\":{\"@id\":\"https:\/\/culturaneuroactiva.com\/site\/guiadepaz\/autoterapia-para-la-violencia-intrafamiliar\/#breadcrumb\"},\"inLanguage\":\"es\",\"potentialAction\":[{\"@type\":\"ReadAction\",\"target\":[\"https:\/\/culturaneuroactiva.com\/site\/guiadepaz\/autoterapia-para-la-violencia-intrafamiliar\/\"]}]},{\"@type\":\"BreadcrumbList\",\"@id\":\"https:\/\/culturaneuroactiva.com\/site\/guiadepaz\/autoterapia-para-la-violencia-intrafamiliar\/#breadcrumb\",\"itemListElement\":[{\"@type\":\"ListItem\",\"position\":1,\"name\":\"Portada\",\"item\":\"https:\/\/culturaneuroactiva.com\/site\/guiadepaz\/\"},{\"@type\":\"ListItem\",\"position\":2,\"name\":\"Autoterapia para la Violencia Intrafamiliar\"}]},{\"@type\":\"WebSite\",\"@id\":\"https:\/\/culturaneuroactiva.com\/site\/guiadepaz\/#website\",\"url\":\"https:\/\/culturaneuroactiva.com\/site\/guiadepaz\/\",\"name\":\"Guia de Paz Personal\",\"description\":\"Pedagog\u00edas y Terapias de Paz\",\"publisher\":{\"@id\":\"https:\/\/culturaneuroactiva.com\/site\/guiadepaz\/#organization\"},\"potentialAction\":[{\"@type\":\"SearchAction\",\"target\":{\"@type\":\"EntryPoint\",\"urlTemplate\":\"https:\/\/culturaneuroactiva.com\/site\/guiadepaz\/?s={search_term_string}\"},\"query-input\":{\"@type\":\"PropertyValueSpecification\",\"valueRequired\":true,\"valueName\":\"search_term_string\"}}],\"inLanguage\":\"es\"},{\"@type\":\"Organization\",\"@id\":\"https:\/\/culturaneuroactiva.com\/site\/guiadepaz\/#organization\",\"name\":\"Guia de Paz Personal\",\"url\":\"https:\/\/culturaneuroactiva.com\/site\/guiadepaz\/\",\"logo\":{\"@type\":\"ImageObject\",\"inLanguage\":\"es\",\"@id\":\"https:\/\/culturaneuroactiva.com\/site\/guiadepaz\/#\/schema\/logo\/image\/\",\"url\":\"https:\/\/culturaneuroactiva.com\/site\/guiadepaz\/wp-content\/uploads\/sites\/5\/2017\/04\/map_128p.png\",\"contentUrl\":\"https:\/\/culturaneuroactiva.com\/site\/guiadepaz\/wp-content\/uploads\/sites\/5\/2017\/04\/map_128p.png\",\"width\":128,\"height\":128,\"caption\":\"Guia de Paz Personal\"},\"image\":{\"@id\":\"https:\/\/culturaneuroactiva.com\/site\/guiadepaz\/#\/schema\/logo\/image\/\"}}]}<\/script>\n<!-- \/ Yoast SEO plugin. -->","yoast_head_json":{"title":"Autoterapia para la Violencia Intrafamiliar - Guia de Paz Personal","robots":{"index":"index","follow":"follow","max-snippet":"max-snippet:-1","max-image-preview":"max-image-preview:large","max-video-preview":"max-video-preview:-1"},"canonical":"https:\/\/culturaneuroactiva.com\/site\/guiadepaz\/autoterapia-para-la-violencia-intrafamiliar\/","og_locale":"es_ES","og_type":"article","og_title":"Autoterapia para la Violencia Intrafamiliar - Guia de Paz Personal","og_description":"Modo de Uso Las relaciones conflictivas pueden ser causadas por la violencia f\u00edsica (empujones, golpes, lesiones con armas) o por","og_url":"https:\/\/culturaneuroactiva.com\/site\/guiadepaz\/autoterapia-para-la-violencia-intrafamiliar\/","og_site_name":"Guia de Paz Personal","article_modified_time":"2019-01-15T04:09:57+00:00","twitter_card":"summary_large_image","twitter_misc":{"Tiempo de lectura":"1 minuto"},"schema":{"@context":"https:\/\/schema.org","@graph":[{"@type":"WebPage","@id":"https:\/\/culturaneuroactiva.com\/site\/guiadepaz\/autoterapia-para-la-violencia-intrafamiliar\/","url":"https:\/\/culturaneuroactiva.com\/site\/guiadepaz\/autoterapia-para-la-violencia-intrafamiliar\/","name":"Autoterapia para la Violencia Intrafamiliar - Guia de Paz Personal","isPartOf":{"@id":"https:\/\/culturaneuroactiva.com\/site\/guiadepaz\/#website"},"datePublished":"2017-03-10T17:44:50+00:00","dateModified":"2019-01-15T04:09:57+00:00","breadcrumb":{"@id":"https:\/\/culturaneuroactiva.com\/site\/guiadepaz\/autoterapia-para-la-violencia-intrafamiliar\/#breadcrumb"},"inLanguage":"es","potentialAction":[{"@type":"ReadAction","target":["https:\/\/culturaneuroactiva.com\/site\/guiadepaz\/autoterapia-para-la-violencia-intrafamiliar\/"]}]},{"@type":"BreadcrumbList","@id":"https:\/\/culturaneuroactiva.com\/site\/guiadepaz\/autoterapia-para-la-violencia-intrafamiliar\/#breadcrumb","itemListElement":[{"@type":"ListItem","position":1,"name":"Portada","item":"https:\/\/culturaneuroactiva.com\/site\/guiadepaz\/"},{"@type":"ListItem","position":2,"name":"Autoterapia para la Violencia Intrafamiliar"}]},{"@type":"WebSite","@id":"https:\/\/culturaneuroactiva.com\/site\/guiadepaz\/#website","url":"https:\/\/culturaneuroactiva.com\/site\/guiadepaz\/","name":"Guia de Paz Personal","description":"Pedagog\u00edas y Terapias de Paz","publisher":{"@id":"https:\/\/culturaneuroactiva.com\/site\/guiadepaz\/#organization"},"potentialAction":[{"@type":"SearchAction","target":{"@type":"EntryPoint","urlTemplate":"https:\/\/culturaneuroactiva.com\/site\/guiadepaz\/?s={search_term_string}"},"query-input":{"@type":"PropertyValueSpecification","valueRequired":true,"valueName":"search_term_string"}}],"inLanguage":"es"},{"@type":"Organization","@id":"https:\/\/culturaneuroactiva.com\/site\/guiadepaz\/#organization","name":"Guia de Paz Personal","url":"https:\/\/culturaneuroactiva.com\/site\/guiadepaz\/","logo":{"@type":"ImageObject","inLanguage":"es","@id":"https:\/\/culturaneuroactiva.com\/site\/guiadepaz\/#\/schema\/logo\/image\/","url":"https:\/\/culturaneuroactiva.com\/site\/guiadepaz\/wp-content\/uploads\/sites\/5\/2017\/04\/map_128p.png","contentUrl":"https:\/\/culturaneuroactiva.com\/site\/guiadepaz\/wp-content\/uploads\/sites\/5\/2017\/04\/map_128p.png","width":128,"height":128,"caption":"Guia de Paz Personal"},"image":{"@id":"https:\/\/culturaneuroactiva.com\/site\/guiadepaz\/#\/schema\/logo\/image\/"}}]}},"_links":{"self":[{"href":"https:\/\/culturaneuroactiva.com\/site\/guiadepaz\/wp-json\/wp\/v2\/pages\/52","targetHints":{"allow":["GET"]}}],"collection":[{"href":"https:\/\/culturaneuroactiva.com\/site\/guiadepaz\/wp-json\/wp\/v2\/pages"}],"about":[{"href":"https:\/\/culturaneuroactiva.com\/site\/guiadepaz\/wp-json\/wp\/v2\/types\/page"}],"author":[{"embeddable":true,"href":"https:\/\/culturaneuroactiva.com\/site\/guiadepaz\/wp-json\/wp\/v2\/users\/1"}],"replies":[{"embeddable":true,"href":"https:\/\/culturaneuroactiva.com\/site\/guiadepaz\/wp-json\/wp\/v2\/comments?post=52"}],"version-history":[{"count":13,"href":"https:\/\/culturaneuroactiva.com\/site\/guiadepaz\/wp-json\/wp\/v2\/pages\/52\/revisions"}],"predecessor-version":[{"id":754,"href":"https:\/\/culturaneuroactiva.com\/site\/guiadepaz\/wp-json\/wp\/v2\/pages\/52\/revisions\/754"}],"wp:attachment":[{"href":"https:\/\/culturaneuroactiva.com\/site\/guiadepaz\/wp-json\/wp\/v2\/media?parent=52"}],"curies":[{"name":"wp","href":"https:\/\/api.w.org\/{rel}","templated":true}]}}