{"id":498,"date":"2017-06-21T03:16:28","date_gmt":"2017-06-21T03:16:28","guid":{"rendered":"http:\/\/culturaneuroactiva.com\/site\/redpaz\/?page_id=498"},"modified":"2017-09-03T00:27:44","modified_gmt":"2017-09-03T00:27:44","slug":"como-participar","status":"publish","type":"page","link":"https:\/\/culturaneuroactiva.com\/site\/guiadepaz\/como-participar\/","title":{"rendered":"C\u00f3mo Participar"},"content":{"rendered":"<h6><span style=\"color: #333399;\">Entrando al portal Red de Paz Personal, puedes aprender a manejar los factores generadores de violencia para convertirte en un \u201cterritorio de paz\u201d, o si quieres aportar en la construcci\u00f3n colectiva de la cultura de la paz, \u00a0puedes ayudarnos a promover los principios de paz personal, o participar en la realizaci\u00f3n de proyectos de sanaci\u00f3n social en problemas de violencia. Para estas posibilidades y muchas m\u00e1s, te invitamos a participar en nuestras actividades:<\/span><\/h6>\n<p>&nbsp;<\/p>\n<h6><span style=\"color: #333399;\"><strong>Bolet\u00edn de Noticias<\/strong><\/span><\/h6>\n<p>Suscr\u00edbase a nuestro bolet\u00edn de noticias y recibir\u00e1 semanalmente informaci\u00f3n especializada en todos los temas relacionados con paz personal y problemas de violencia, junto con notificaciones de nuestros eventos y talleres. Le enviaremos de regalo el libro digital: \u201cManual de Paz Urbana\u201d, que contiene los resultados de la investigaci\u00f3n en la que est\u00e1 basado este portal web.<\/p>\n<p><strong>\u00a0<\/strong><\/p>\n<h6><span style=\"color: #333399;\"><strong>Preguntas Terap\u00e9uticas<\/strong><\/span><\/h6>\n<p>Si quiere que su caso sirva de ejemplo terap\u00e9utico, puede mandarnos sus dudas o cuestionamientos sobre problemas de agresividad, violencia intrafamiliar, sanaci\u00f3n de v\u00edctimas, y soluci\u00f3n de conflictos, que mensualmente se resolver\u00e1 un caso para publicar en la categor\u00eda \u201cPreguntas Terap\u00e9uticas\u201d. M\u00e1ndenos su caso a nuestro correo reddepazpersonal@gmail.com<\/p>\n<p>&nbsp;<\/p>\n<h6><span style=\"color: #333399;\"><strong>Escriba Art\u00edculos<\/strong><\/span><\/h6>\n<p>M\u00e1ndenos art\u00edculos o an\u00edmese a escribir sus opiniones y vivencias sobre los problemas de violencia, o sobre sus experiencias con nuestras campa\u00f1as o con las autoterapias que aparecen en el men\u00fa. Puede enviar sus escritos, fotos o videos, a nuestro correo reddepazpersonal@gmail.com, que semanalmente se publicar\u00e1n art\u00edculos en las categor\u00edas Puntos de Vista y Vivencias Neuroactivas.<\/p>\n<p>&nbsp;<\/p>\n<h6><span style=\"color: #333399;\"><strong>Campa\u00f1a de<\/strong> <strong>Sanaci\u00f3n Social por la Paz<\/strong><\/span><\/h6>\n<p>Con la campa\u00f1a \u201cSoy un territorio de paz\u201d, se busca hacer pedagog\u00eda ciudadana en el campo de prevenci\u00f3n y atenci\u00f3n en problemas de violencia, para que cada individuo tenga claro c\u00f3mo liberarse de la agresividad y c\u00f3mo alcanzar la paz personal. Puede observar esta campa\u00f1a suscribi\u00e9ndose a nuestro bolet\u00edn de noticias, por medio de nuestras redes sociales, o entrando a las categor\u00edas y al men\u00fa de nuestro portal. Si quiere participar en esta campa\u00f1a lo puede hacer divulgando en sus redes sociales los art\u00edculos semanales, o si lo que desea es aplicarla en usted mismo y sanar los factores generadores de violencia, debe practicar los tres pasos que aparecen en el manual de uso de la campa\u00f1a, hasta lograr convertirse en un \u201cterritorio de paz\u201d.<\/p>\n<p>&nbsp;<\/p>\n<h6><span style=\"color: #333399;\"><strong>Proyectos de Activismo por la Paz<\/strong><\/span><\/h6>\n<p>Quienes quieran aportar en las m\u00faltiples labores que se necesitan realizar, para que otras personas y la sociedad misma se sane de los problemas de violencia, y as\u00ed ayudar en la construcci\u00f3n colectiva de la cultura de la paz, pueden unirse a nuestra labor de sanaci\u00f3n social por medio de los siguientes proyectos de activismo por la paz: Multiplicadores de paz, delegados de paz, voluntariado para brigadas de paz, voluntariado para meditaciones por la paz, voluntariado para dise\u00f1adores, red de empresas por la paz. La forma para inscribirse es comunicarse con la Red de Paz Personal (celular 3127994357, reddepazpersonal@gmail.com), para que nos cuente en cual proyecto quiere participar, el motivo por el que lo hace, sus datos personales (nombre, e-mail, celular), y a vuelta de correo recibir\u00e1 el formulario de inscripci\u00f3n, junto con las indicaciones b\u00e1sicas para la realizaci\u00f3n del proyecto seleccionado.<\/p>\n<p><strong>\u00a0<\/strong><\/p>\n<h6><span style=\"color: #333399;\"><strong>Meditaciones por la Paz<\/strong><\/span><\/h6>\n<p>Asista a estas charlas en las que se ense\u00f1an a manejar las emociones, a conocer los principios de paz personal, y a sanar los factores que generan agresividad, para luego vivir un ejercicio de meditaci\u00f3n con sonidos sagrados, con lo que se busca que cada persona se convierta en un territorio de paz en el que la violencia no tenga entrada. La programaci\u00f3n de est\u00e1s meditaciones gratuitas se enviar\u00e1 a trav\u00e9s de nuestro Bolet\u00edn, se publicar\u00e1 por nuestras redes sociales, o tambi\u00e9n puede averiguar en el celular 3127994357.<\/p>\n<p>&nbsp;<\/p>\n<h6><span style=\"color: #333399;\"><strong>Contactos Estrat\u00e9gicos<\/strong><\/span><\/h6>\n<p>Cont\u00e1ctenos con instituciones que necesiten de nuestros servicios, como colegios, empresas, fundaciones o casas de la cultura, y de esta manera permitir\u00e1 que cada vez m\u00e1s personas sean beneficiadas con estas t\u00e9cnicas que previenen y tratan los diversos problemas de violencia, como el bulling, la violencia intrafamiliar, el maltrato infantil, el victimismo y la agresividad. La forma para hacerlo es escribir a reddepazpersonal@gmail.com, con los datos de la instituci\u00f3n potencialmente interesada: Nombre, tel\u00e9fono, correo electr\u00f3nico, persona encargada y cargo que ocupa, o tambi\u00e9n puede darle nuestros datos (cont\u00e1ctenos) para que nos llame o nos visite.<\/p>\n<p>&nbsp;<\/p>\n<h6><span style=\"color: #333399;\"><strong>Sea un Profesional de la Paz<\/strong><\/span><\/h6>\n<p>Esta modalidad es para los profesores que quieran especializarse en pedagog\u00edas de paz, y para los terapeutas que quieran ofrecer servicios especializados en el tratamiento de la violencia, la sanaci\u00f3n de v\u00edctimas y la soluci\u00f3n de conflictos. Si este es su objetivo puede inscribirse en nuestros <a href=\"http:\/\/culturaneuroactiva.com\/site\/redpaz\/escuela-paz-personal\/\" target=\"_blank\" rel=\"noopener\">talleres y cursos<\/a>, llamando al celular 3127994357, o por medio del correo reddepazpersonal@gmail.com<\/p>\n<p><strong>\u00a0<\/strong><\/p>\n<h6><span style=\"color: #333399;\"><strong>Eventos y Servicios<\/strong><\/span><\/h6>\n<p>Suscr\u00edbase a nuestro Bolet\u00edn de Noticias y reciba informaci\u00f3n de todas nuestras actividades. Para acceder a nuestros <a href=\"http:\/\/culturaneuroactiva.com\/site\/redpaz\/servicios-empresariales\/\" target=\"_blank\" rel=\"noopener\">servicios<\/a>\u00a0y <a href=\"http:\/\/culturaneuroactiva.com\/site\/redpaz\/terapias-de-paz\/\" target=\"_blank\" rel=\"noopener\">terapias<\/a> comun\u00edquese al celular 3127994357 o escriba al correo electr\u00f3nico reddepazpersonal@gmail.com para darle informaci\u00f3n detallada sobre su tema de inter\u00e9s o reservarle el servicio que necesite.<\/p>\n<p>&nbsp;<\/p>\n<p>&nbsp;<\/p>\n<p>&nbsp;<\/p>\n<h3 style=\"text-align: center;\"><span style=\"color: #333399;\"><strong>Red de Empresas por la Paz<\/strong><\/span><\/h3>\n<p>&nbsp;<\/p>\n<p>Las instituciones tambi\u00e9n est\u00e1n invitadas a la construcci\u00f3n colectiva de la paz, uni\u00e9ndose a esta red de empresas que trabajan por la creaci\u00f3n de la cultura de la paz, por medio de cinco modalidades de participaci\u00f3n: Asistir a los talleres gratuitos, promocionar los principios de paz personal, realizar acciones empresariales de paz, apoyar al club de gestores de paz, contratar la brigada de la paz.<\/p>\n<p>&nbsp;<\/p>\n<h6><span style=\"color: #333399;\"><strong style=\"line-height: 1.5;\">Asistir a los Talleres Gratuitos<\/strong><\/span><\/h6>\n<p>En estos talleres podr\u00e1s conocer a otras personas y empresas que tienen los mismos intereses que tu empresa con respecto al tema de violencia y paz, responsabilidad corporativa y convivencia ciudadana, tambi\u00e9n podr\u00e1s recibir capacitaci\u00f3n sobre tem\u00e1ticas especializadas, como por ejemplo: Paz empresarial, estr\u00e9s laboral, calidad de vida, manejo de conflictos laborales, innovaci\u00f3n social en paz, principios de la paz personal, manejo de problemas de violencia, liderazgo y paz. Las convocatorias se har\u00e1n de forma permanente por las redes sociales, o tambi\u00e9n puede solicitar informaci\u00f3n sobre los pr\u00f3ximos talleres en reddepazpersonal@gmail.com, o en el celular 3127994357.<\/p>\n<p>&nbsp;<\/p>\n<h6><span style=\"color: #333399;\"><strong style=\"line-height: 1.5;\">Promocionar los Principios de Paz Personal<\/strong><\/span><\/h6>\n<p>Esta modalidad es para las empresas que quieran ayudar en la campa\u00f1a de sanaci\u00f3n social: \u201csoy un territorio de paz\u201d. La forma para vincularse es ingresar en en nuestro portal redpaz.culturaneuroactiva.com, leer los principios de paz personal, promocionar un principio diario entre los empleados de la empresa, y concentrarse en la aplicaci\u00f3n de tres principios cada mes, con el prop\u00f3sito de convertirlos en h\u00e1bitos. Para inscribirse env\u00edenos los resultados del primer mes, por medio de textos, fotos o videos, a nuestro correo reddepazpersonal@gmail.com, no olvide adjuntar los datos b\u00e1sicos como nombre de la empresa, actividad comercial, tel\u00e9fono, direcci\u00f3n, y nombre del representante.<\/p>\n<p>&nbsp;<\/p>\n<h6><span style=\"color: #333399;\"><strong style=\"line-height: 1.5;\">Realizar Acciones Empresariales de Paz<\/strong><\/span><\/h6>\n<p>Esta modalidad es para las empresas que quieran hacer un aporte concreto a la paz, documentarlo y publicarlo en nuestras redes sociales para ser un ejemplo vivo de c\u00f3mo se hace la paz. La forma para vincularse es ingresar en redpaz.culturaneuroactiva.com y leer las acciones empresariales por la paz, con el objetivo de seleccionar tres para aplicarlas en su empresa. Para inscribirse env\u00edenos los resultados de su experiencia, por medio de textos, fotos o videos, a nuestro correo reddepazpersonal@gmail.com, no olvide adjuntar los datos b\u00e1sicos como nombre de la empresa, actividad comercial, tel\u00e9fono, direcci\u00f3n, y nombre del representante.<\/p>\n<p>&nbsp;<\/p>\n<h6><span style=\"color: #333399;\"><strong style=\"line-height: 1.5;\">Apoyar al Club de Gestores de Paz<\/strong><\/span><\/h6>\n<p>Esta modalidad es para las empresas que quieran apoyar al Club de Gestores de Paz, ofreciendo descuentos del 10% o del 30% para todos sus miembros, quienes han participado activamente en la campa\u00f1a \u201cSoy un territorio de paz\u201d, o en los proyectos de activismo por la paz. Comun\u00edquese con nosotros al correo reddepazpersonal@gmail.com, o en el celular 3127994357, y cuentenos su intenci\u00f3n de apoyar al Club.<\/p>\n<p>&nbsp;<\/p>\n<h6><span style=\"color: #333399;\"><strong style=\"line-height: 1.5;\">Contratar la Brigada de la Paz<\/strong><\/span><\/h6>\n<p>Estos talleres terap\u00e9uticos para empresas, ense\u00f1an a identificar y prevenir la violencia que existe en el interior humano, y dan herramientas para sanar el odio y poder reaccionar sanamente ante las ofensas y el da\u00f1o, y para solucionar los conflictos y madurar las emociones buscando que cada persona se convierta en un territorio de paz. Incluye: Charla sobre paz personal, meditaci\u00f3n con sonidos sagrados, test de niveles de violencia, y autoterapia virtual para orientar a cada persona seg\u00fan los s\u00edntomas que tenga. Informes en reddepazpersonal@gmail.com, o en el celular 3127994357.<\/p>\n<p><strong>\u00a0<\/strong><\/p>\n","protected":false},"excerpt":{"rendered":"<p>Entrando al portal Red de Paz Personal, puedes aprender a manejar los factores generadores de violencia para convertirte en un<\/p>\n","protected":false},"author":1,"featured_media":0,"parent":0,"menu_order":0,"comment_status":"closed","ping_status":"closed","template":"","meta":{"colormag_page_layout":"no_sidebar_content_centered","footnotes":""},"class_list":["post-498","page","type-page","status-publish","hentry"],"yoast_head":"<!-- This site is optimized with the Yoast SEO plugin v25.6 - https:\/\/yoast.com\/wordpress\/plugins\/seo\/ -->\n<title>C\u00f3mo Participar - Guia de Paz Personal<\/title>\n<meta name=\"robots\" content=\"index, follow, max-snippet:-1, max-image-preview:large, max-video-preview:-1\" \/>\n<link rel=\"canonical\" href=\"https:\/\/culturaneuroactiva.com\/site\/guiadepaz\/como-participar\/\" \/>\n<meta property=\"og:locale\" content=\"es_ES\" \/>\n<meta property=\"og:type\" content=\"article\" \/>\n<meta property=\"og:title\" content=\"C\u00f3mo Participar - Guia de Paz Personal\" \/>\n<meta property=\"og:description\" content=\"Entrando al portal Red de Paz Personal, puedes aprender a manejar los factores generadores de violencia para convertirte en un\" \/>\n<meta property=\"og:url\" content=\"https:\/\/culturaneuroactiva.com\/site\/guiadepaz\/como-participar\/\" \/>\n<meta property=\"og:site_name\" content=\"Guia de Paz Personal\" \/>\n<meta property=\"article:modified_time\" content=\"2017-09-03T00:27:44+00:00\" \/>\n<meta name=\"twitter:card\" content=\"summary_large_image\" \/>\n<meta name=\"twitter:label1\" content=\"Tiempo de lectura\" \/>\n\t<meta name=\"twitter:data1\" content=\"8 minutos\" \/>\n<script type=\"application\/ld+json\" class=\"yoast-schema-graph\">{\"@context\":\"https:\/\/schema.org\",\"@graph\":[{\"@type\":\"WebPage\",\"@id\":\"https:\/\/culturaneuroactiva.com\/site\/guiadepaz\/como-participar\/\",\"url\":\"https:\/\/culturaneuroactiva.com\/site\/guiadepaz\/como-participar\/\",\"name\":\"C\u00f3mo Participar - Guia de Paz Personal\",\"isPartOf\":{\"@id\":\"https:\/\/culturaneuroactiva.com\/site\/guiadepaz\/#website\"},\"datePublished\":\"2017-06-21T03:16:28+00:00\",\"dateModified\":\"2017-09-03T00:27:44+00:00\",\"breadcrumb\":{\"@id\":\"https:\/\/culturaneuroactiva.com\/site\/guiadepaz\/como-participar\/#breadcrumb\"},\"inLanguage\":\"es\",\"potentialAction\":[{\"@type\":\"ReadAction\",\"target\":[\"https:\/\/culturaneuroactiva.com\/site\/guiadepaz\/como-participar\/\"]}]},{\"@type\":\"BreadcrumbList\",\"@id\":\"https:\/\/culturaneuroactiva.com\/site\/guiadepaz\/como-participar\/#breadcrumb\",\"itemListElement\":[{\"@type\":\"ListItem\",\"position\":1,\"name\":\"Portada\",\"item\":\"https:\/\/culturaneuroactiva.com\/site\/guiadepaz\/\"},{\"@type\":\"ListItem\",\"position\":2,\"name\":\"C\u00f3mo Participar\"}]},{\"@type\":\"WebSite\",\"@id\":\"https:\/\/culturaneuroactiva.com\/site\/guiadepaz\/#website\",\"url\":\"https:\/\/culturaneuroactiva.com\/site\/guiadepaz\/\",\"name\":\"Guia de Paz Personal\",\"description\":\"Pedagog\u00edas y Terapias de Paz\",\"publisher\":{\"@id\":\"https:\/\/culturaneuroactiva.com\/site\/guiadepaz\/#organization\"},\"potentialAction\":[{\"@type\":\"SearchAction\",\"target\":{\"@type\":\"EntryPoint\",\"urlTemplate\":\"https:\/\/culturaneuroactiva.com\/site\/guiadepaz\/?s={search_term_string}\"},\"query-input\":{\"@type\":\"PropertyValueSpecification\",\"valueRequired\":true,\"valueName\":\"search_term_string\"}}],\"inLanguage\":\"es\"},{\"@type\":\"Organization\",\"@id\":\"https:\/\/culturaneuroactiva.com\/site\/guiadepaz\/#organization\",\"name\":\"Guia de Paz Personal\",\"url\":\"https:\/\/culturaneuroactiva.com\/site\/guiadepaz\/\",\"logo\":{\"@type\":\"ImageObject\",\"inLanguage\":\"es\",\"@id\":\"https:\/\/culturaneuroactiva.com\/site\/guiadepaz\/#\/schema\/logo\/image\/\",\"url\":\"https:\/\/culturaneuroactiva.com\/site\/guiadepaz\/wp-content\/uploads\/sites\/5\/2017\/04\/map_128p.png\",\"contentUrl\":\"https:\/\/culturaneuroactiva.com\/site\/guiadepaz\/wp-content\/uploads\/sites\/5\/2017\/04\/map_128p.png\",\"width\":128,\"height\":128,\"caption\":\"Guia de Paz Personal\"},\"image\":{\"@id\":\"https:\/\/culturaneuroactiva.com\/site\/guiadepaz\/#\/schema\/logo\/image\/\"}}]}<\/script>\n<!-- \/ Yoast SEO plugin. -->","yoast_head_json":{"title":"C\u00f3mo Participar - Guia de Paz Personal","robots":{"index":"index","follow":"follow","max-snippet":"max-snippet:-1","max-image-preview":"max-image-preview:large","max-video-preview":"max-video-preview:-1"},"canonical":"https:\/\/culturaneuroactiva.com\/site\/guiadepaz\/como-participar\/","og_locale":"es_ES","og_type":"article","og_title":"C\u00f3mo Participar - Guia de Paz Personal","og_description":"Entrando al portal Red de Paz Personal, puedes aprender a manejar los factores generadores de violencia para convertirte en un","og_url":"https:\/\/culturaneuroactiva.com\/site\/guiadepaz\/como-participar\/","og_site_name":"Guia de Paz Personal","article_modified_time":"2017-09-03T00:27:44+00:00","twitter_card":"summary_large_image","twitter_misc":{"Tiempo de lectura":"8 minutos"},"schema":{"@context":"https:\/\/schema.org","@graph":[{"@type":"WebPage","@id":"https:\/\/culturaneuroactiva.com\/site\/guiadepaz\/como-participar\/","url":"https:\/\/culturaneuroactiva.com\/site\/guiadepaz\/como-participar\/","name":"C\u00f3mo Participar - Guia de Paz Personal","isPartOf":{"@id":"https:\/\/culturaneuroactiva.com\/site\/guiadepaz\/#website"},"datePublished":"2017-06-21T03:16:28+00:00","dateModified":"2017-09-03T00:27:44+00:00","breadcrumb":{"@id":"https:\/\/culturaneuroactiva.com\/site\/guiadepaz\/como-participar\/#breadcrumb"},"inLanguage":"es","potentialAction":[{"@type":"ReadAction","target":["https:\/\/culturaneuroactiva.com\/site\/guiadepaz\/como-participar\/"]}]},{"@type":"BreadcrumbList","@id":"https:\/\/culturaneuroactiva.com\/site\/guiadepaz\/como-participar\/#breadcrumb","itemListElement":[{"@type":"ListItem","position":1,"name":"Portada","item":"https:\/\/culturaneuroactiva.com\/site\/guiadepaz\/"},{"@type":"ListItem","position":2,"name":"C\u00f3mo Participar"}]},{"@type":"WebSite","@id":"https:\/\/culturaneuroactiva.com\/site\/guiadepaz\/#website","url":"https:\/\/culturaneuroactiva.com\/site\/guiadepaz\/","name":"Guia de Paz Personal","description":"Pedagog\u00edas y Terapias de Paz","publisher":{"@id":"https:\/\/culturaneuroactiva.com\/site\/guiadepaz\/#organization"},"potentialAction":[{"@type":"SearchAction","target":{"@type":"EntryPoint","urlTemplate":"https:\/\/culturaneuroactiva.com\/site\/guiadepaz\/?s={search_term_string}"},"query-input":{"@type":"PropertyValueSpecification","valueRequired":true,"valueName":"search_term_string"}}],"inLanguage":"es"},{"@type":"Organization","@id":"https:\/\/culturaneuroactiva.com\/site\/guiadepaz\/#organization","name":"Guia de Paz Personal","url":"https:\/\/culturaneuroactiva.com\/site\/guiadepaz\/","logo":{"@type":"ImageObject","inLanguage":"es","@id":"https:\/\/culturaneuroactiva.com\/site\/guiadepaz\/#\/schema\/logo\/image\/","url":"https:\/\/culturaneuroactiva.com\/site\/guiadepaz\/wp-content\/uploads\/sites\/5\/2017\/04\/map_128p.png","contentUrl":"https:\/\/culturaneuroactiva.com\/site\/guiadepaz\/wp-content\/uploads\/sites\/5\/2017\/04\/map_128p.png","width":128,"height":128,"caption":"Guia de Paz Personal"},"image":{"@id":"https:\/\/culturaneuroactiva.com\/site\/guiadepaz\/#\/schema\/logo\/image\/"}}]}},"_links":{"self":[{"href":"https:\/\/culturaneuroactiva.com\/site\/guiadepaz\/wp-json\/wp\/v2\/pages\/498","targetHints":{"allow":["GET"]}}],"collection":[{"href":"https:\/\/culturaneuroactiva.com\/site\/guiadepaz\/wp-json\/wp\/v2\/pages"}],"about":[{"href":"https:\/\/culturaneuroactiva.com\/site\/guiadepaz\/wp-json\/wp\/v2\/types\/page"}],"author":[{"embeddable":true,"href":"https:\/\/culturaneuroactiva.com\/site\/guiadepaz\/wp-json\/wp\/v2\/users\/1"}],"replies":[{"embeddable":true,"href":"https:\/\/culturaneuroactiva.com\/site\/guiadepaz\/wp-json\/wp\/v2\/comments?post=498"}],"version-history":[{"count":8,"href":"https:\/\/culturaneuroactiva.com\/site\/guiadepaz\/wp-json\/wp\/v2\/pages\/498\/revisions"}],"predecessor-version":[{"id":587,"href":"https:\/\/culturaneuroactiva.com\/site\/guiadepaz\/wp-json\/wp\/v2\/pages\/498\/revisions\/587"}],"wp:attachment":[{"href":"https:\/\/culturaneuroactiva.com\/site\/guiadepaz\/wp-json\/wp\/v2\/media?parent=498"}],"curies":[{"name":"wp","href":"https:\/\/api.w.org\/{rel}","templated":true}]}}