{"id":487,"date":"2017-05-27T05:42:03","date_gmt":"2017-05-27T05:42:03","guid":{"rendered":"http:\/\/culturaneuroactiva.com\/site\/redpaz\/?page_id=487"},"modified":"2017-09-05T05:43:53","modified_gmt":"2017-09-05T05:43:53","slug":"la-violencia-pandemia-social","status":"publish","type":"page","link":"https:\/\/culturaneuroactiva.com\/site\/guiadepaz\/la-violencia-pandemia-social\/","title":{"rendered":"La Violencia como Pandemia Social"},"content":{"rendered":"<h6 style=\"text-align: left;\"><span style=\"color: #333399;\">La polarizaci\u00f3n y la violencia han dejado de ser fen\u00f3menos aislados y se han convertido en unos de los problemas m\u00e1s graves de la humanidad actual, afectando por igual tanto a pa\u00edses desarrollados como en v\u00eda de desarrollo,\u00a0y tambi\u00e9n a familias, parejas, instituciones y personas. A continuaci\u00f3n veremos c\u00f3mo es que la violencia pasa de ser un problema de salud p\u00fablica\u00a0m\u00e1s , y se convierte en un fen\u00f3meno que toca todas las instancias sociales, llegando hasta amenazar la estabilidad del mundo entero.<\/span><\/h6>\n<p>&nbsp;<\/p>\n<h6><span style=\"color: #333399;\"><strong>Qu\u00e9 es la Violencia<\/strong><\/span><\/h6>\n<p>Una situaci\u00f3n de violencia es aquella en la que se ven vulnerados los derechos, y se ve amenazada la integridad f\u00edsica, psicol\u00f3gica o emocional de la v\u00edctima, debido a una reacci\u00f3n desproporcionada del agresor, que es pose\u00eddo por la ofensa y esto le genera una tensi\u00f3n psicol\u00f3gica que se descarga s\u00f3lo hasta el momento en el que se produce alg\u00fan tipo de da\u00f1o. La violencia junto con la delincuencia y la insurgencia, se constituyen en los tres temas principales sobre \u201cconflicto humano\u201d.<\/p>\n<p><strong>\u00a0<\/strong><\/p>\n<p>&nbsp;<\/p>\n<h6><span style=\"color: #333399;\"><strong>Clases de Violencia<\/strong><\/span><\/h6>\n<p>Seg\u00fan el Aspecto Agredido. Violencia f\u00edsica, violencia psicol\u00f3gica, violencia emocional, violencia econ\u00f3mica, violencia sexual, violencia simb\u00f3lica, violencia patrimonial.<\/p>\n<p>Seg\u00fan la V\u00edctima. Violencia contra la mujer o violencia de g\u00e9nero, violencia conyugal, violencia racial, maltrato infantil, violencia contra los animales.<\/p>\n<p>Seg\u00fan el Entorno donde se Presente. Violencia dom\u00e9stica o intrafamiliar, violencia laboral, violencia escolar o bulling, violencia institucional, violencia medi\u00e1tica, violencia pol\u00edtica, violencia delincuencial, barras bravas, ri\u00f1as callejeras.<\/p>\n<p><strong>\u00a0<\/strong><\/p>\n<p>&nbsp;<\/p>\n<h6><span style=\"color: #333399;\"><strong>Diferencias de la Violencia Actual<\/strong><\/span><\/h6>\n<p>La violencia tal cual la conoc\u00edamos eran una especie de eventos tr\u00e1gicos que se presentaban de manera espor\u00e1dica en la vida de algunas personas, pero la violencia que se vive actualmente tiene un comportamiento m\u00e1s parecido al de una pandemia, ya que es mucho m\u00e1s intensa, m\u00e1s generalizada, se presenta de manera m\u00e1s frecuente, se da principalmente en hombres pero afecta m\u00e1s que todo a las mujeres, los ni\u00f1os y los ancianos, como cada vez le sucede a m\u00e1s personas esto genera varios problemas de salud p\u00fablica, es una patolog\u00eda que no tiene cura o por lo menos la ciencia no ha encontrado la manera para resolver la agresividad y el instinto criminal, cada vez aumentan los niveles de gravedad en los da\u00f1os f\u00edsicos, y por \u00faltimo, ofrece peligro de muerte en un alto porcentaje, todos estos motivos convierten a la violencia actual en un fen\u00f3meno diferente al de la violencia que conoc\u00edamos, por lo tanto se tiene que entender desde una \u00f3ptica nueva, para poder darle un buen manejo y recuperar el control sobre \u00e9sta.<\/p>\n<p><strong>\u00a0<\/strong><\/p>\n<p>&nbsp;<\/p>\n<h6><span style=\"color: #333399;\"><strong>Violencia End\u00e9mica<\/strong><\/span><\/h6>\n<p>\u201cViolencia\u201d es todo acto que involucre alg\u00fan tipo de agresi\u00f3n o de da\u00f1o, y \u201cend\u00e9mica\u201d se refiere a todo hecho negativo que se repite frecuentemente y que se extiende cada vez m\u00e1s, pero esta definici\u00f3n de diccionario se queda corta para lo que es la violencia actual, por eso se le acu\u00f1a el t\u00e9rmino violencia end\u00e9mica, la cual tiene dos caracter\u00edsticas b\u00e1sicas: Es tan intensa que tiene el potencial de alcanzar las m\u00e1s altas manifestaciones de agresividad, y es tan generalizada que podr\u00eda declararse pandemia psicol\u00f3gica, ya que es evidente que cada vez se ven afectadas m\u00e1s personas, m\u00e1s relaciones de pareja, m\u00e1s familias, y en general todas las instancias sociales, lo cual se refleja en las estad\u00edsticas de v\u00edctimas y afectados por todos los tipos de violencia, y en que la violencia es una de las principales causas de muertes en muchos pa\u00edses del mundo, o sea que si una pandemia se caracteriza por ser una enfermedad mortal y de alto contagio, debido a que la mayor\u00eda de poblaci\u00f3n no tiene inmunidad contra el virus que la produce, la conclusi\u00f3n es que en el caso de la violencia end\u00e9mica sucede exactamente lo mismo, s\u00f3lo que como en este caso, el afectado o el muerto no es la persona misma despu\u00e9s de padecer una enfermedad visible, entonces es muy dif\u00edcil que se tome como enfermedad y que se declare pandemia, ya que aqu\u00ed todo sucede en un evento que surge aparentemente de la nada, y los afectados no s\u00f3lo personas, sino tambi\u00e9n hogares, amistades y proyectos que se terminan a causa de la violencia. Todas las personas tenemos un potencial de violencia que manifestamos en un porcentaje mayor o menor, pero lo que sucede con la violencia end\u00e9mica, es como si \u00e9sta hubiera crecido en tama\u00f1o y en intensidad, o sea que expandi\u00f3 su campo de acci\u00f3n, e intensifico sus niveles de peligrosidad y de da\u00f1o, esto causa que las personas sean m\u00e1s explosivas, con lo que se aumentan todas las manifestaciones de violencia, como ri\u00f1as los fines de semana, peleas entre vecinos, violencia intrafamiliar y todos los tipos de conflicto.<\/p>\n<p>&nbsp;<\/p>\n<p>&nbsp;<\/p>\n<h6><span style=\"color: #333399;\"><strong>Perfil de los Portadores de Violencia End\u00e9mica<\/strong><\/span><\/h6>\n<p>El perfil de quienes cometen actos de violencia, son personas con brillante desempe\u00f1o que manejan mucho poder econ\u00f3mico, social o espiritual, por lo general son l\u00edderes o personas carism\u00e1ticas, queridas y deseadas por todos, pero debido a su poca humildad fusionada con otros factores como intolerancia, inexperiencia, psicorrigidez y perfeccionismo, esto hace que cuando se sienten agredidos o cuando un ser querido les contradice o comete alg\u00fan error u ofensa, esto les detone una ira ciega que termina en un acto de violencia.<\/p>\n<p>&nbsp;<\/p>\n<p>&nbsp;<\/p>\n<p><span style=\"color: #333399;\"><strong>Soluciones Actuales a los Problemas de Violencia<\/strong><\/span><\/p>\n<p>Con respecto a los problemas de conflicto humano, una de las prioridades de todos los gobiernos del mundo es la seguridad de la poblaci\u00f3n, la cual se consigue destinando un presupuesto considerable para la polic\u00eda y las fuerzas militares, con el objetivo que atiendan todo lo relacionado a los problemas de violencia, delincuencia e insurgencia. Pese a todos los esfuerzos locales y a todas las ayudas internacionales destinadas a combatir la inseguridad, los principales s\u00edntomas del problema siguen creciendo en la poblaci\u00f3n, debido a que a\u00fan no se a encontrado la causa ni la soluci\u00f3n sobre instinto criminal, patolog\u00edas mentales o conflicto humano, y a que la materia prima del problema abunda, como lo es la sociedad de consumo, la desigualdad, la pobreza, la falta de oportunidades, el embarazo adolescente, la impunidad, el individualismo, el ego\u00edsmo, el acelere, el estr\u00e9s, la crisis social, y el reinado del materialismo y el capitalismo.<\/p>\n<p>La realidad es que hasta que no se conozca el origen del mal y la descomposici\u00f3n social, ser\u00e1 imposible tener la claridad para realizar procesos de reparaci\u00f3n de trastornos mentales y manejo de los instintos b\u00e1sicos, tanto a nivel personal como colectivo, por eso es que en los temas de\u00a0 justicia restaurativa y postconflicto estamos tan mal, a tal punto que solo basta ver lo que sucede en las c\u00e1rceles en el tema de resocializaci\u00f3n de presos, y que en estos di\u00e1logos de paz se habla que a las v\u00edctimas se les va a reparar solamente con el perd\u00f3n de los agresores y con un dinero simb\u00f3lico, lo cual est\u00e1\u00a0lejos de ser lo justo o lo apropiado.<\/p>\n<p>&nbsp;<\/p>\n<p>&nbsp;<\/p>\n<p>&nbsp;<\/p>\n<p>Art\u00edculo extra\u00eddo del libro:<\/p>\n<p>\u201cManual de Paz Personal\u201d.<\/p>\n<p>Autor: Juan David Silva Aguirre.<\/p>\n<p><img loading=\"lazy\" decoding=\"async\" class=\"alignnone wp-image-637\" src=\"http:\/\/culturaneuroactiva.com\/site\/wp-content\/uploads\/2016\/03\/creative-comons-300x105.png\" sizes=\"auto, (max-width: 97px) 100vw, 97px\" srcset=\"http:\/\/culturaneuroactiva.com\/site\/wp-content\/uploads\/2016\/03\/creative-comons-300x105.png 300w, http:\/\/culturaneuroactiva.com\/site\/wp-content\/uploads\/2016\/03\/creative-comons-392x141.png 392w, http:\/\/culturaneuroactiva.com\/site\/wp-content\/uploads\/2016\/03\/creative-comons-390x141.png 390w, http:\/\/culturaneuroactiva.com\/site\/wp-content\/uploads\/2016\/03\/creative-comons.png 403w\" alt=\"creative comons\" width=\"97\" height=\"34\" \/><\/p>\n<p>Red de Paz Personal: <a href=\"http:\/\/culturaneuroactiva.com\/site\/redpaz\/terapias-de-paz\/\">Terapias de Paz<\/a>.<\/p>\n<p>reddepazpersonal@gmail.com<\/p>\n<p>redpaz.culturaneuroactiva.com<\/p>\n<p>Medell\u00edn \u2013 Colombia<\/p>\n","protected":false},"excerpt":{"rendered":"<p>La polarizaci\u00f3n y la violencia han dejado de ser fen\u00f3menos aislados y se han convertido en unos de los problemas<\/p>\n","protected":false},"author":1,"featured_media":0,"parent":0,"menu_order":0,"comment_status":"closed","ping_status":"closed","template":"","meta":{"colormag_page_layout":"no_sidebar_content_centered","footnotes":""},"class_list":["post-487","page","type-page","status-publish","hentry"],"yoast_head":"<!-- This site is optimized with the Yoast SEO plugin v25.6 - https:\/\/yoast.com\/wordpress\/plugins\/seo\/ -->\n<title>La Violencia como Pandemia Social - Guia de Paz Personal<\/title>\n<meta name=\"robots\" content=\"index, follow, max-snippet:-1, max-image-preview:large, max-video-preview:-1\" \/>\n<link rel=\"canonical\" href=\"https:\/\/culturaneuroactiva.com\/site\/guiadepaz\/la-violencia-pandemia-social\/\" \/>\n<meta property=\"og:locale\" content=\"es_ES\" \/>\n<meta property=\"og:type\" content=\"article\" \/>\n<meta property=\"og:title\" content=\"La Violencia como Pandemia Social - Guia de Paz Personal\" \/>\n<meta property=\"og:description\" content=\"La polarizaci\u00f3n y la violencia han dejado de ser fen\u00f3menos aislados y se han convertido en unos de los problemas\" \/>\n<meta property=\"og:url\" content=\"https:\/\/culturaneuroactiva.com\/site\/guiadepaz\/la-violencia-pandemia-social\/\" \/>\n<meta property=\"og:site_name\" content=\"Guia de Paz Personal\" \/>\n<meta property=\"article:modified_time\" content=\"2017-09-05T05:43:53+00:00\" \/>\n<meta property=\"og:image\" content=\"http:\/\/culturaneuroactiva.com\/site\/wp-content\/uploads\/2016\/03\/creative-comons-300x105.png\" \/>\n<meta name=\"twitter:card\" content=\"summary_large_image\" \/>\n<meta name=\"twitter:label1\" content=\"Tiempo de lectura\" \/>\n\t<meta name=\"twitter:data1\" content=\"6 minutos\" \/>\n<script type=\"application\/ld+json\" class=\"yoast-schema-graph\">{\"@context\":\"https:\/\/schema.org\",\"@graph\":[{\"@type\":\"WebPage\",\"@id\":\"https:\/\/culturaneuroactiva.com\/site\/guiadepaz\/la-violencia-pandemia-social\/\",\"url\":\"https:\/\/culturaneuroactiva.com\/site\/guiadepaz\/la-violencia-pandemia-social\/\",\"name\":\"La Violencia como Pandemia Social - Guia de Paz Personal\",\"isPartOf\":{\"@id\":\"https:\/\/culturaneuroactiva.com\/site\/guiadepaz\/#website\"},\"primaryImageOfPage\":{\"@id\":\"https:\/\/culturaneuroactiva.com\/site\/guiadepaz\/la-violencia-pandemia-social\/#primaryimage\"},\"image\":{\"@id\":\"https:\/\/culturaneuroactiva.com\/site\/guiadepaz\/la-violencia-pandemia-social\/#primaryimage\"},\"thumbnailUrl\":\"http:\/\/culturaneuroactiva.com\/site\/wp-content\/uploads\/2016\/03\/creative-comons-300x105.png\",\"datePublished\":\"2017-05-27T05:42:03+00:00\",\"dateModified\":\"2017-09-05T05:43:53+00:00\",\"breadcrumb\":{\"@id\":\"https:\/\/culturaneuroactiva.com\/site\/guiadepaz\/la-violencia-pandemia-social\/#breadcrumb\"},\"inLanguage\":\"es\",\"potentialAction\":[{\"@type\":\"ReadAction\",\"target\":[\"https:\/\/culturaneuroactiva.com\/site\/guiadepaz\/la-violencia-pandemia-social\/\"]}]},{\"@type\":\"ImageObject\",\"inLanguage\":\"es\",\"@id\":\"https:\/\/culturaneuroactiva.com\/site\/guiadepaz\/la-violencia-pandemia-social\/#primaryimage\",\"url\":\"http:\/\/culturaneuroactiva.com\/site\/wp-content\/uploads\/2016\/03\/creative-comons-300x105.png\",\"contentUrl\":\"http:\/\/culturaneuroactiva.com\/site\/wp-content\/uploads\/2016\/03\/creative-comons-300x105.png\"},{\"@type\":\"BreadcrumbList\",\"@id\":\"https:\/\/culturaneuroactiva.com\/site\/guiadepaz\/la-violencia-pandemia-social\/#breadcrumb\",\"itemListElement\":[{\"@type\":\"ListItem\",\"position\":1,\"name\":\"Portada\",\"item\":\"https:\/\/culturaneuroactiva.com\/site\/guiadepaz\/\"},{\"@type\":\"ListItem\",\"position\":2,\"name\":\"La Violencia como Pandemia Social\"}]},{\"@type\":\"WebSite\",\"@id\":\"https:\/\/culturaneuroactiva.com\/site\/guiadepaz\/#website\",\"url\":\"https:\/\/culturaneuroactiva.com\/site\/guiadepaz\/\",\"name\":\"Guia de Paz Personal\",\"description\":\"Pedagog\u00edas y Terapias de Paz\",\"publisher\":{\"@id\":\"https:\/\/culturaneuroactiva.com\/site\/guiadepaz\/#organization\"},\"potentialAction\":[{\"@type\":\"SearchAction\",\"target\":{\"@type\":\"EntryPoint\",\"urlTemplate\":\"https:\/\/culturaneuroactiva.com\/site\/guiadepaz\/?s={search_term_string}\"},\"query-input\":{\"@type\":\"PropertyValueSpecification\",\"valueRequired\":true,\"valueName\":\"search_term_string\"}}],\"inLanguage\":\"es\"},{\"@type\":\"Organization\",\"@id\":\"https:\/\/culturaneuroactiva.com\/site\/guiadepaz\/#organization\",\"name\":\"Guia de Paz Personal\",\"url\":\"https:\/\/culturaneuroactiva.com\/site\/guiadepaz\/\",\"logo\":{\"@type\":\"ImageObject\",\"inLanguage\":\"es\",\"@id\":\"https:\/\/culturaneuroactiva.com\/site\/guiadepaz\/#\/schema\/logo\/image\/\",\"url\":\"https:\/\/culturaneuroactiva.com\/site\/guiadepaz\/wp-content\/uploads\/sites\/5\/2017\/04\/map_128p.png\",\"contentUrl\":\"https:\/\/culturaneuroactiva.com\/site\/guiadepaz\/wp-content\/uploads\/sites\/5\/2017\/04\/map_128p.png\",\"width\":128,\"height\":128,\"caption\":\"Guia de Paz Personal\"},\"image\":{\"@id\":\"https:\/\/culturaneuroactiva.com\/site\/guiadepaz\/#\/schema\/logo\/image\/\"}}]}<\/script>\n<!-- \/ Yoast SEO plugin. -->","yoast_head_json":{"title":"La Violencia como Pandemia Social - Guia de Paz Personal","robots":{"index":"index","follow":"follow","max-snippet":"max-snippet:-1","max-image-preview":"max-image-preview:large","max-video-preview":"max-video-preview:-1"},"canonical":"https:\/\/culturaneuroactiva.com\/site\/guiadepaz\/la-violencia-pandemia-social\/","og_locale":"es_ES","og_type":"article","og_title":"La Violencia como Pandemia Social - Guia de Paz Personal","og_description":"La polarizaci\u00f3n y la violencia han dejado de ser fen\u00f3menos aislados y se han convertido en unos de los problemas","og_url":"https:\/\/culturaneuroactiva.com\/site\/guiadepaz\/la-violencia-pandemia-social\/","og_site_name":"Guia de Paz Personal","article_modified_time":"2017-09-05T05:43:53+00:00","og_image":[{"url":"http:\/\/culturaneuroactiva.com\/site\/wp-content\/uploads\/2016\/03\/creative-comons-300x105.png","type":"","width":"","height":""}],"twitter_card":"summary_large_image","twitter_misc":{"Tiempo de lectura":"6 minutos"},"schema":{"@context":"https:\/\/schema.org","@graph":[{"@type":"WebPage","@id":"https:\/\/culturaneuroactiva.com\/site\/guiadepaz\/la-violencia-pandemia-social\/","url":"https:\/\/culturaneuroactiva.com\/site\/guiadepaz\/la-violencia-pandemia-social\/","name":"La Violencia como Pandemia Social - Guia de Paz Personal","isPartOf":{"@id":"https:\/\/culturaneuroactiva.com\/site\/guiadepaz\/#website"},"primaryImageOfPage":{"@id":"https:\/\/culturaneuroactiva.com\/site\/guiadepaz\/la-violencia-pandemia-social\/#primaryimage"},"image":{"@id":"https:\/\/culturaneuroactiva.com\/site\/guiadepaz\/la-violencia-pandemia-social\/#primaryimage"},"thumbnailUrl":"http:\/\/culturaneuroactiva.com\/site\/wp-content\/uploads\/2016\/03\/creative-comons-300x105.png","datePublished":"2017-05-27T05:42:03+00:00","dateModified":"2017-09-05T05:43:53+00:00","breadcrumb":{"@id":"https:\/\/culturaneuroactiva.com\/site\/guiadepaz\/la-violencia-pandemia-social\/#breadcrumb"},"inLanguage":"es","potentialAction":[{"@type":"ReadAction","target":["https:\/\/culturaneuroactiva.com\/site\/guiadepaz\/la-violencia-pandemia-social\/"]}]},{"@type":"ImageObject","inLanguage":"es","@id":"https:\/\/culturaneuroactiva.com\/site\/guiadepaz\/la-violencia-pandemia-social\/#primaryimage","url":"http:\/\/culturaneuroactiva.com\/site\/wp-content\/uploads\/2016\/03\/creative-comons-300x105.png","contentUrl":"http:\/\/culturaneuroactiva.com\/site\/wp-content\/uploads\/2016\/03\/creative-comons-300x105.png"},{"@type":"BreadcrumbList","@id":"https:\/\/culturaneuroactiva.com\/site\/guiadepaz\/la-violencia-pandemia-social\/#breadcrumb","itemListElement":[{"@type":"ListItem","position":1,"name":"Portada","item":"https:\/\/culturaneuroactiva.com\/site\/guiadepaz\/"},{"@type":"ListItem","position":2,"name":"La Violencia como Pandemia Social"}]},{"@type":"WebSite","@id":"https:\/\/culturaneuroactiva.com\/site\/guiadepaz\/#website","url":"https:\/\/culturaneuroactiva.com\/site\/guiadepaz\/","name":"Guia de Paz Personal","description":"Pedagog\u00edas y Terapias de Paz","publisher":{"@id":"https:\/\/culturaneuroactiva.com\/site\/guiadepaz\/#organization"},"potentialAction":[{"@type":"SearchAction","target":{"@type":"EntryPoint","urlTemplate":"https:\/\/culturaneuroactiva.com\/site\/guiadepaz\/?s={search_term_string}"},"query-input":{"@type":"PropertyValueSpecification","valueRequired":true,"valueName":"search_term_string"}}],"inLanguage":"es"},{"@type":"Organization","@id":"https:\/\/culturaneuroactiva.com\/site\/guiadepaz\/#organization","name":"Guia de Paz Personal","url":"https:\/\/culturaneuroactiva.com\/site\/guiadepaz\/","logo":{"@type":"ImageObject","inLanguage":"es","@id":"https:\/\/culturaneuroactiva.com\/site\/guiadepaz\/#\/schema\/logo\/image\/","url":"https:\/\/culturaneuroactiva.com\/site\/guiadepaz\/wp-content\/uploads\/sites\/5\/2017\/04\/map_128p.png","contentUrl":"https:\/\/culturaneuroactiva.com\/site\/guiadepaz\/wp-content\/uploads\/sites\/5\/2017\/04\/map_128p.png","width":128,"height":128,"caption":"Guia de Paz Personal"},"image":{"@id":"https:\/\/culturaneuroactiva.com\/site\/guiadepaz\/#\/schema\/logo\/image\/"}}]}},"_links":{"self":[{"href":"https:\/\/culturaneuroactiva.com\/site\/guiadepaz\/wp-json\/wp\/v2\/pages\/487","targetHints":{"allow":["GET"]}}],"collection":[{"href":"https:\/\/culturaneuroactiva.com\/site\/guiadepaz\/wp-json\/wp\/v2\/pages"}],"about":[{"href":"https:\/\/culturaneuroactiva.com\/site\/guiadepaz\/wp-json\/wp\/v2\/types\/page"}],"author":[{"embeddable":true,"href":"https:\/\/culturaneuroactiva.com\/site\/guiadepaz\/wp-json\/wp\/v2\/users\/1"}],"replies":[{"embeddable":true,"href":"https:\/\/culturaneuroactiva.com\/site\/guiadepaz\/wp-json\/wp\/v2\/comments?post=487"}],"version-history":[{"count":3,"href":"https:\/\/culturaneuroactiva.com\/site\/guiadepaz\/wp-json\/wp\/v2\/pages\/487\/revisions"}],"predecessor-version":[{"id":618,"href":"https:\/\/culturaneuroactiva.com\/site\/guiadepaz\/wp-json\/wp\/v2\/pages\/487\/revisions\/618"}],"wp:attachment":[{"href":"https:\/\/culturaneuroactiva.com\/site\/guiadepaz\/wp-json\/wp\/v2\/media?parent=487"}],"curies":[{"name":"wp","href":"https:\/\/api.w.org\/{rel}","templated":true}]}}