{"id":435,"date":"2017-05-18T07:15:30","date_gmt":"2017-05-18T07:15:30","guid":{"rendered":"http:\/\/culturaneuroactiva.com\/site\/redpaz\/?page_id=435"},"modified":"2017-05-18T07:15:30","modified_gmt":"2017-05-18T07:15:30","slug":"como-sanar-la-inmadurez-emocional","status":"publish","type":"page","link":"https:\/\/culturaneuroactiva.com\/site\/guiadepaz\/como-sanar-la-inmadurez-emocional\/","title":{"rendered":"C\u00f3mo Sanar la Inmadurez Emocional"},"content":{"rendered":"<p>&nbsp;<\/p>\n<h6><span style=\"color: #333399;\">Las emociones negativas que se producen como resultado de un malestar psicol\u00f3gico, la clave en estos dos casos es nunca reprimir el malestar ni esforzarse por hacerlo desaparecer, ya que esto generar\u00eda el efecto de olla a presi\u00f3n y luego explotar\u00eda causando estragos. Los t\u00f3xicos emocionales como el enojo, la agresividad y el instinto criminal siempre hay que sacarlos o expresarlos, la clave es no hacerlo directamente sobre la persona que los caus\u00f3, sino redireccionarlos para que salgan, se padezcan, se expresen y as\u00ed liberar el inconsciente, pero en un contexto en donde no se le haga da\u00f1o a nadie, en esto consiste la t\u00e9cnica de hacer catarsis. <\/span><\/h6>\n<p>La manera para madurar las emociones consiste en aceptar las cosas malucas que la vida trae, en observar y aprender de las explosiones de rabia que se tengan y de sus consecuencias negativas, y en responsabilizarse de cambiar las reacciones emocionales explosivas por respuestas conscientes y saludables hasta convertirlo en un h\u00e1bito. Cuando las emociones ya est\u00e1n maduras, frente a la adversidad, se cambia el sufrimiento y el enojo por aceptaci\u00f3n y adaptaci\u00f3n, frente a la diferencia, se cambia la no tolerancia por compasi\u00f3n y valoraci\u00f3n, y frente al error propio o ajeno, se cambia el juicio y el castigo por entendimiento y aprendizaje. O sea que la inmadurez emocional de ambas partes es el problema central en las relaciones de amor-odio, es por esto que el proceso individual de maduraci\u00f3n de las emociones, luego de terminar la relaci\u00f3n de amor-odio, se hace teniendo en cuenta los siguientes puntos:<\/p>\n<ul>\n<li><strong>Distinga las manifestaciones de inmadurez emocional.<\/strong> Primero que todo aprenda a diferenciar las diversas manifestaciones de inmadurez emocional, para poderlas corregir en la medida que salgan. Si las emociones son las reacciones que tenemos con lo que sucede, la inmadurez emocional se da cuando la persona no sabe poner l\u00edmite a sus reacciones, o sea que frente a las negaciones y adversidades de la vida reacciona sintiendo frustraci\u00f3n, quej\u00e1ndose y haciendo un esc\u00e1ndalo emocional, frente al \u00e9xito y la abundancia se desboca en alegr\u00eda pasajera, y frente a lo que desea es obsesiva, manipuladora y ego\u00edsta.<\/li>\n<li><strong>Aprenda a manejar las emociones.<\/strong> Las emociones negativas que se producen como resultado de un malestar psicol\u00f3gico, la clave en estos dos casos es nunca reprimir el malestar ni esforzarse por hacerlo desaparecer, ya que esto generar\u00eda el efecto de olla a presi\u00f3n y luego explotar\u00eda causando estragos. Los t\u00f3xicos emocionales como el enojo, la agresividad y el instinto criminal siempre hay que sacarlos o expresarlos, la clave es no hacerlo directamente sobre la persona que los caus\u00f3, sino redireccionarlos para que salgan, se padezcan, se expresen y as\u00ed liberar el inconsciente, pero en un contexto en donde no se le haga da\u00f1o a nadie, en esto consiste la t\u00e9cnica de hacer catarsis. La manera para madurar las emociones consiste en aceptar las cosas malucas que la vida trae, en observar y aprender de las explosiones de rabia que se tengan y de sus consecuencias negativas, y en responsabilizarse de cambiar las reacciones emocionales explosivas por respuestas conscientes y saludables hasta convertirlo en un h\u00e1bito. Cuando las emociones ya est\u00e1n maduras, frente a la adversidad, se cambia el sufrimiento y el enojo por aceptaci\u00f3n y adaptaci\u00f3n, frente a la diferencia, se cambia la no tolerancia por compasi\u00f3n y valoraci\u00f3n, y frente al error propio o ajeno, se cambia el juicio y el castigo por entendimiento y aprendizaje.<\/li>\n<li><strong>Aprenda a expresar el enojo de forma saludable.<\/strong> Expresar el enojo en hechos, en p\u00fablico, o en el momento mismo y con rabia, es como firmar una guerra sin darse cuenta, por eso la clave es esperar a que se pase el enojo, y luego si expresar la diferencia pero de una manera calmada y en privado. Cuando uno est\u00e1 enojado, lo primero que se debe hacer es parar la discusi\u00f3n, dejar de hablar con la persona e irse del sitio, lo segundo es dejar de pensar en el motivo del enojo, que por lo general es una frustraci\u00f3n, ofensa o agresi\u00f3n, para lo cual ayuda pensar en algo agradable o ponerse a hacer algo que genere calma y bienestar, ya sea comer algo rico, escuchar m\u00fasica, meditar, o desahogarse con un amigo. Hacer catarsis significa sublimar las emociones negativas a trav\u00e9s del arte o de una acci\u00f3n que no perjudique a nadie, para as\u00ed liberar el inconsciente de las energ\u00edas t\u00f3xicas y de los malos pensamientos.<\/li>\n<li><strong>Reconozca la madurez emocional. <\/strong>El s\u00edntoma es no generar ni tolerar situaciones de inmadurez emocional en las relaciones de pareja.<\/li>\n<\/ul>\n<p>&nbsp;<\/p>\n<p>&nbsp;<\/p>\n<p>Art\u00edculo extra\u00eddo del libro:<\/p>\n<p>\u201cManual de Paz y Posconflicto Urbano\u201d.<\/p>\n<p>Autor: Juan David Silva Aguirre.<\/p>\n<p><img loading=\"lazy\" decoding=\"async\" class=\"alignnone wp-image-637\" src=\"http:\/\/culturaneuroactiva.com\/site\/wp-content\/uploads\/2016\/03\/creative-comons-300x105.png\" sizes=\"auto, (max-width: 97px) 100vw, 97px\" srcset=\"http:\/\/culturaneuroactiva.com\/site\/wp-content\/uploads\/2016\/03\/creative-comons-300x105.png 300w, http:\/\/culturaneuroactiva.com\/site\/wp-content\/uploads\/2016\/03\/creative-comons-392x141.png 392w, http:\/\/culturaneuroactiva.com\/site\/wp-content\/uploads\/2016\/03\/creative-comons-390x141.png 390w, http:\/\/culturaneuroactiva.com\/site\/wp-content\/uploads\/2016\/03\/creative-comons.png 403w\" alt=\"creative comons\" width=\"97\" height=\"34\" \/><\/p>\n<p>Red de Aportes a la Paz: <a href=\"http:\/\/culturaneuroactiva.com\/site\/redpaz\/terapias-de-paz\/\">Terapias de Paz<\/a>.<\/p>\n<p>redpaz@culturaneuroactiva.com<\/p>\n<p>redpaz.culturaneuroactiva.com<\/p>\n<p>Medell\u00edn \u2013 Colombia<\/p>\n","protected":false},"excerpt":{"rendered":"<p>&nbsp; Las emociones negativas que se producen como resultado de un malestar psicol\u00f3gico, la clave en estos dos casos es<\/p>\n","protected":false},"author":1,"featured_media":0,"parent":0,"menu_order":0,"comment_status":"closed","ping_status":"closed","template":"","meta":{"colormag_page_layout":"default_layout","footnotes":""},"class_list":["post-435","page","type-page","status-publish","hentry"],"yoast_head":"<!-- This site is optimized with the Yoast SEO plugin v25.6 - https:\/\/yoast.com\/wordpress\/plugins\/seo\/ -->\n<title>C\u00f3mo Sanar la Inmadurez Emocional - Guia de Paz Personal<\/title>\n<meta name=\"robots\" content=\"index, follow, max-snippet:-1, max-image-preview:large, max-video-preview:-1\" \/>\n<link rel=\"canonical\" href=\"https:\/\/culturaneuroactiva.com\/site\/guiadepaz\/como-sanar-la-inmadurez-emocional\/\" \/>\n<meta property=\"og:locale\" content=\"es_ES\" \/>\n<meta property=\"og:type\" content=\"article\" \/>\n<meta property=\"og:title\" content=\"C\u00f3mo Sanar la Inmadurez Emocional - Guia de Paz Personal\" \/>\n<meta property=\"og:description\" content=\"&nbsp; Las emociones negativas que se producen como resultado de un malestar psicol\u00f3gico, la clave en estos dos casos es\" \/>\n<meta property=\"og:url\" content=\"https:\/\/culturaneuroactiva.com\/site\/guiadepaz\/como-sanar-la-inmadurez-emocional\/\" \/>\n<meta property=\"og:site_name\" content=\"Guia de Paz Personal\" \/>\n<meta property=\"og:image\" content=\"http:\/\/culturaneuroactiva.com\/site\/wp-content\/uploads\/2016\/03\/creative-comons-300x105.png\" \/>\n<meta name=\"twitter:card\" content=\"summary_large_image\" \/>\n<meta name=\"twitter:label1\" content=\"Tiempo de lectura\" \/>\n\t<meta name=\"twitter:data1\" content=\"4 minutos\" \/>\n<script type=\"application\/ld+json\" class=\"yoast-schema-graph\">{\"@context\":\"https:\/\/schema.org\",\"@graph\":[{\"@type\":\"WebPage\",\"@id\":\"https:\/\/culturaneuroactiva.com\/site\/guiadepaz\/como-sanar-la-inmadurez-emocional\/\",\"url\":\"https:\/\/culturaneuroactiva.com\/site\/guiadepaz\/como-sanar-la-inmadurez-emocional\/\",\"name\":\"C\u00f3mo Sanar la Inmadurez Emocional - Guia de Paz Personal\",\"isPartOf\":{\"@id\":\"https:\/\/culturaneuroactiva.com\/site\/guiadepaz\/#website\"},\"primaryImageOfPage\":{\"@id\":\"https:\/\/culturaneuroactiva.com\/site\/guiadepaz\/como-sanar-la-inmadurez-emocional\/#primaryimage\"},\"image\":{\"@id\":\"https:\/\/culturaneuroactiva.com\/site\/guiadepaz\/como-sanar-la-inmadurez-emocional\/#primaryimage\"},\"thumbnailUrl\":\"http:\/\/culturaneuroactiva.com\/site\/wp-content\/uploads\/2016\/03\/creative-comons-300x105.png\",\"datePublished\":\"2017-05-18T07:15:30+00:00\",\"breadcrumb\":{\"@id\":\"https:\/\/culturaneuroactiva.com\/site\/guiadepaz\/como-sanar-la-inmadurez-emocional\/#breadcrumb\"},\"inLanguage\":\"es\",\"potentialAction\":[{\"@type\":\"ReadAction\",\"target\":[\"https:\/\/culturaneuroactiva.com\/site\/guiadepaz\/como-sanar-la-inmadurez-emocional\/\"]}]},{\"@type\":\"ImageObject\",\"inLanguage\":\"es\",\"@id\":\"https:\/\/culturaneuroactiva.com\/site\/guiadepaz\/como-sanar-la-inmadurez-emocional\/#primaryimage\",\"url\":\"http:\/\/culturaneuroactiva.com\/site\/wp-content\/uploads\/2016\/03\/creative-comons-300x105.png\",\"contentUrl\":\"http:\/\/culturaneuroactiva.com\/site\/wp-content\/uploads\/2016\/03\/creative-comons-300x105.png\"},{\"@type\":\"BreadcrumbList\",\"@id\":\"https:\/\/culturaneuroactiva.com\/site\/guiadepaz\/como-sanar-la-inmadurez-emocional\/#breadcrumb\",\"itemListElement\":[{\"@type\":\"ListItem\",\"position\":1,\"name\":\"Portada\",\"item\":\"https:\/\/culturaneuroactiva.com\/site\/guiadepaz\/\"},{\"@type\":\"ListItem\",\"position\":2,\"name\":\"C\u00f3mo Sanar la Inmadurez Emocional\"}]},{\"@type\":\"WebSite\",\"@id\":\"https:\/\/culturaneuroactiva.com\/site\/guiadepaz\/#website\",\"url\":\"https:\/\/culturaneuroactiva.com\/site\/guiadepaz\/\",\"name\":\"Guia de Paz Personal\",\"description\":\"Pedagog\u00edas y Terapias de Paz\",\"publisher\":{\"@id\":\"https:\/\/culturaneuroactiva.com\/site\/guiadepaz\/#organization\"},\"potentialAction\":[{\"@type\":\"SearchAction\",\"target\":{\"@type\":\"EntryPoint\",\"urlTemplate\":\"https:\/\/culturaneuroactiva.com\/site\/guiadepaz\/?s={search_term_string}\"},\"query-input\":{\"@type\":\"PropertyValueSpecification\",\"valueRequired\":true,\"valueName\":\"search_term_string\"}}],\"inLanguage\":\"es\"},{\"@type\":\"Organization\",\"@id\":\"https:\/\/culturaneuroactiva.com\/site\/guiadepaz\/#organization\",\"name\":\"Guia de Paz Personal\",\"url\":\"https:\/\/culturaneuroactiva.com\/site\/guiadepaz\/\",\"logo\":{\"@type\":\"ImageObject\",\"inLanguage\":\"es\",\"@id\":\"https:\/\/culturaneuroactiva.com\/site\/guiadepaz\/#\/schema\/logo\/image\/\",\"url\":\"https:\/\/culturaneuroactiva.com\/site\/guiadepaz\/wp-content\/uploads\/sites\/5\/2017\/04\/map_128p.png\",\"contentUrl\":\"https:\/\/culturaneuroactiva.com\/site\/guiadepaz\/wp-content\/uploads\/sites\/5\/2017\/04\/map_128p.png\",\"width\":128,\"height\":128,\"caption\":\"Guia de Paz Personal\"},\"image\":{\"@id\":\"https:\/\/culturaneuroactiva.com\/site\/guiadepaz\/#\/schema\/logo\/image\/\"}}]}<\/script>\n<!-- \/ Yoast SEO plugin. -->","yoast_head_json":{"title":"C\u00f3mo Sanar la Inmadurez Emocional - Guia de Paz Personal","robots":{"index":"index","follow":"follow","max-snippet":"max-snippet:-1","max-image-preview":"max-image-preview:large","max-video-preview":"max-video-preview:-1"},"canonical":"https:\/\/culturaneuroactiva.com\/site\/guiadepaz\/como-sanar-la-inmadurez-emocional\/","og_locale":"es_ES","og_type":"article","og_title":"C\u00f3mo Sanar la Inmadurez Emocional - Guia de Paz Personal","og_description":"&nbsp; Las emociones negativas que se producen como resultado de un malestar psicol\u00f3gico, la clave en estos dos casos es","og_url":"https:\/\/culturaneuroactiva.com\/site\/guiadepaz\/como-sanar-la-inmadurez-emocional\/","og_site_name":"Guia de Paz Personal","og_image":[{"url":"http:\/\/culturaneuroactiva.com\/site\/wp-content\/uploads\/2016\/03\/creative-comons-300x105.png","type":"","width":"","height":""}],"twitter_card":"summary_large_image","twitter_misc":{"Tiempo de lectura":"4 minutos"},"schema":{"@context":"https:\/\/schema.org","@graph":[{"@type":"WebPage","@id":"https:\/\/culturaneuroactiva.com\/site\/guiadepaz\/como-sanar-la-inmadurez-emocional\/","url":"https:\/\/culturaneuroactiva.com\/site\/guiadepaz\/como-sanar-la-inmadurez-emocional\/","name":"C\u00f3mo Sanar la Inmadurez Emocional - Guia de Paz Personal","isPartOf":{"@id":"https:\/\/culturaneuroactiva.com\/site\/guiadepaz\/#website"},"primaryImageOfPage":{"@id":"https:\/\/culturaneuroactiva.com\/site\/guiadepaz\/como-sanar-la-inmadurez-emocional\/#primaryimage"},"image":{"@id":"https:\/\/culturaneuroactiva.com\/site\/guiadepaz\/como-sanar-la-inmadurez-emocional\/#primaryimage"},"thumbnailUrl":"http:\/\/culturaneuroactiva.com\/site\/wp-content\/uploads\/2016\/03\/creative-comons-300x105.png","datePublished":"2017-05-18T07:15:30+00:00","breadcrumb":{"@id":"https:\/\/culturaneuroactiva.com\/site\/guiadepaz\/como-sanar-la-inmadurez-emocional\/#breadcrumb"},"inLanguage":"es","potentialAction":[{"@type":"ReadAction","target":["https:\/\/culturaneuroactiva.com\/site\/guiadepaz\/como-sanar-la-inmadurez-emocional\/"]}]},{"@type":"ImageObject","inLanguage":"es","@id":"https:\/\/culturaneuroactiva.com\/site\/guiadepaz\/como-sanar-la-inmadurez-emocional\/#primaryimage","url":"http:\/\/culturaneuroactiva.com\/site\/wp-content\/uploads\/2016\/03\/creative-comons-300x105.png","contentUrl":"http:\/\/culturaneuroactiva.com\/site\/wp-content\/uploads\/2016\/03\/creative-comons-300x105.png"},{"@type":"BreadcrumbList","@id":"https:\/\/culturaneuroactiva.com\/site\/guiadepaz\/como-sanar-la-inmadurez-emocional\/#breadcrumb","itemListElement":[{"@type":"ListItem","position":1,"name":"Portada","item":"https:\/\/culturaneuroactiva.com\/site\/guiadepaz\/"},{"@type":"ListItem","position":2,"name":"C\u00f3mo Sanar la Inmadurez Emocional"}]},{"@type":"WebSite","@id":"https:\/\/culturaneuroactiva.com\/site\/guiadepaz\/#website","url":"https:\/\/culturaneuroactiva.com\/site\/guiadepaz\/","name":"Guia de Paz Personal","description":"Pedagog\u00edas y Terapias de Paz","publisher":{"@id":"https:\/\/culturaneuroactiva.com\/site\/guiadepaz\/#organization"},"potentialAction":[{"@type":"SearchAction","target":{"@type":"EntryPoint","urlTemplate":"https:\/\/culturaneuroactiva.com\/site\/guiadepaz\/?s={search_term_string}"},"query-input":{"@type":"PropertyValueSpecification","valueRequired":true,"valueName":"search_term_string"}}],"inLanguage":"es"},{"@type":"Organization","@id":"https:\/\/culturaneuroactiva.com\/site\/guiadepaz\/#organization","name":"Guia de Paz Personal","url":"https:\/\/culturaneuroactiva.com\/site\/guiadepaz\/","logo":{"@type":"ImageObject","inLanguage":"es","@id":"https:\/\/culturaneuroactiva.com\/site\/guiadepaz\/#\/schema\/logo\/image\/","url":"https:\/\/culturaneuroactiva.com\/site\/guiadepaz\/wp-content\/uploads\/sites\/5\/2017\/04\/map_128p.png","contentUrl":"https:\/\/culturaneuroactiva.com\/site\/guiadepaz\/wp-content\/uploads\/sites\/5\/2017\/04\/map_128p.png","width":128,"height":128,"caption":"Guia de Paz Personal"},"image":{"@id":"https:\/\/culturaneuroactiva.com\/site\/guiadepaz\/#\/schema\/logo\/image\/"}}]}},"_links":{"self":[{"href":"https:\/\/culturaneuroactiva.com\/site\/guiadepaz\/wp-json\/wp\/v2\/pages\/435","targetHints":{"allow":["GET"]}}],"collection":[{"href":"https:\/\/culturaneuroactiva.com\/site\/guiadepaz\/wp-json\/wp\/v2\/pages"}],"about":[{"href":"https:\/\/culturaneuroactiva.com\/site\/guiadepaz\/wp-json\/wp\/v2\/types\/page"}],"author":[{"embeddable":true,"href":"https:\/\/culturaneuroactiva.com\/site\/guiadepaz\/wp-json\/wp\/v2\/users\/1"}],"replies":[{"embeddable":true,"href":"https:\/\/culturaneuroactiva.com\/site\/guiadepaz\/wp-json\/wp\/v2\/comments?post=435"}],"version-history":[{"count":1,"href":"https:\/\/culturaneuroactiva.com\/site\/guiadepaz\/wp-json\/wp\/v2\/pages\/435\/revisions"}],"predecessor-version":[{"id":436,"href":"https:\/\/culturaneuroactiva.com\/site\/guiadepaz\/wp-json\/wp\/v2\/pages\/435\/revisions\/436"}],"wp:attachment":[{"href":"https:\/\/culturaneuroactiva.com\/site\/guiadepaz\/wp-json\/wp\/v2\/media?parent=435"}],"curies":[{"name":"wp","href":"https:\/\/api.w.org\/{rel}","templated":true}]}}