{"id":426,"date":"2017-05-18T06:50:24","date_gmt":"2017-05-18T06:50:24","guid":{"rendered":"http:\/\/culturaneuroactiva.com\/site\/redpaz\/?page_id=426"},"modified":"2017-05-18T06:50:24","modified_gmt":"2017-05-18T06:50:24","slug":"como-sanar-a-las-victimas-de-relaciones-conflictivas","status":"publish","type":"page","link":"https:\/\/culturaneuroactiva.com\/site\/guiadepaz\/como-sanar-a-las-victimas-de-relaciones-conflictivas\/","title":{"rendered":"C\u00f3mo Sanar a las V\u00edctimas de Relaciones Conflictivas"},"content":{"rendered":"<p>&nbsp;<\/p>\n<p><strong>V\u00edctimas de Violencia F\u00edsica <\/strong><\/p>\n<p>Los casos de violencia f\u00edsica en las relaciones de pareja son por lo general causados por los hombres y padecidos por las mujeres, pero tambi\u00e9n se encuentran casos en donde la mujer agrede con violencia f\u00edsica. La agresividad del hombre, lo que busca es someter a la mujer psicol\u00f3gica y energ\u00e9ticamente, si la mujer no tiene principios o demuestra sumisi\u00f3n como para tolerar tal actitud, entonces ya estar\u00e1 embarcada en una relaci\u00f3n de amor-odio con un macho facho, el cual tiene tanto de fascinante como de peligroso, lo delicado es que lo peligroso es invisible a los ojos de la mujer en un inicio, y cuando se alcanza a dar cuenta ya es demasiado tarde, y por esto la mujer ya como v\u00edctima, termina metida en un r\u00e9gimen del terror muy parecido a una jaula de oro, en donde aparentemente lo tiene todo, excepto la libertad, ya que este perfil de hombres no permiten que se les lleve la contraria, y son absolutamente controladores y celosos. Como es tan culpable el que pega como el que se deja pegar, aqu\u00ed est\u00e1 justamente el pecado de la mujer, ya que al permitir las actitudes enfermizas y las manifestaciones de inmadurez emocional del hombre, \u00e9sta es la que sostiene la relaci\u00f3n enfermiza sin darse cuenta, debido a su propia inmadurez emocional o a su falta de principios.<\/p>\n<p>Los casos m\u00e1s vistos socialmente sobre problemas de pareja y violencia intrafamiliar, corresponden a casos de agresividad masculina en donde la mujer es la v\u00edctima. As\u00ed est\u00e9n tan mencionados estos casos y las mujeres tan advertidas sobre los peligros de la violencia contra la mujer, este tipo de situaciones se incrementan m\u00e1s cada d\u00eda, y es precisamente porque es muy f\u00e1cil para cualquier mujer caer en este tipo de relaciones peligrosas, teniendo en cuenta que este perfil de hombres asesinos de mujeres, al principio cuando apenas se est\u00e1n conociendo son un verdadero encanto, y por eso se asumen muy r\u00e1pido como la pareja ideal, teniendo en cuenta su liderazgo, belleza y magnetismo, o sea que parecen tener todas las cualidades, pero como dicen por ah\u00ed: \u201cde eso tan bueno no dan tanto\u201d, o sea que todo en la vida tiene su lado opuesto para poderlo equilibrar, por eso siempre hay que tener el beneficio de la duda cuando se ve algo tan bueno, ya que su lado malo debe ser igual de intenso a eso que se ve a simple vista.<\/p>\n<p>&nbsp;<\/p>\n<p><strong>V\u00edctimas de Violencia Psicol\u00f3gica <\/strong><\/p>\n<p>Los casos de violencia psicol\u00f3gica en las relaciones de pareja son por lo general causados por las mujeres y padecidos por los hombres, pero tambi\u00e9n se encuentran casos en donde el hombre agrede con violencia psicol\u00f3gica. Con la violencia pasiva o psicol\u00f3gica, de manera inconsciente la mujer adquiere una actitud que propicia la violencia f\u00edsica del hombre, ya que lo mete en una especie de trastorno de ansiedad debido a los innumerables controles, peticiones, reclamos y culpas, lo cual no solo invade su privacidad sino que viene acompa\u00f1ado de mucho p\u00e1nico emocional, teniendo en cuenta que este perfil de mujeres no sabe hacer un reclamo normal y calmado, sino que siempre se les forma una tragedia que quieren resolver en medio de la ofuscaci\u00f3n, present\u00e1ndole al hombre miles de argumentos en los que \u00e9ste siempre sale culpable, y al verse inmerso en esc\u00e1ndalos y discusiones, esto termina afect\u00e1ndolo interiormente, teniendo en cuenta que la situaci\u00f3n se le sale de control, con lo que cae en un infierno silencioso que lo carcome mental y energ\u00e9ticamente.<\/p>\n<p>Cuando el hombre tiene algunos principios pero a\u00fan no tiene maduras su emociones, este acorralamiento emocional lo conduce al trastorno de ansiedad que le produce una tensi\u00f3n psicol\u00f3gica que busca descargarse, pero como sus principios le impiden hacer da\u00f1o afuera entonces la energ\u00eda implosiona, y ah\u00ed es cuando se genera una autoagresi\u00f3n f\u00edsica como golpearse la cabeza, morderse, ara\u00f1arse, o lacerarse, o sea que el rayo no sale al afuera sino que le pega a la misma persona.<\/p>\n<p>El caso contrario ocurre cuando el hombre no tiene principios ni est\u00e1 maduro emocionalmente, por lo que el p\u00e1nico emocional producido por la violencia pasiva de la mujer o por una simple contradicci\u00f3n de \u00e9sta, le genera una tensi\u00f3n energ\u00e9tica que busca descargarse y por eso se le detona el instinto de defensa, que como no tiene madurez emocional entonces se convierte en instinto criminal, y ah\u00ed es que esa energ\u00eda t\u00f3xica sale como un rayo directamente al afuera, convertida en violencia contra la mujer, causando agresiones f\u00edsicas que empiezan por gritos y golpes pero llegan hasta el feminicidio.<\/p>\n<p>Y en un \u00faltimo caso hipot\u00e9tico, cuando el hombre tiene principios y tiene maduras sus emociones, sencillamente no se mete en una relaci\u00f3n de amor-odio, ya que sus principios no solo le impiden reaccionar agresivo, sino que tambi\u00e9n le har\u00edan salirse de inmediato de una relaci\u00f3n de amor-odio, desde el mismo momento en el que se diera cuenta de los s\u00edntomas de inmadurez emocional en la mujer.<\/p>\n<p>&nbsp;<\/p>\n<p><strong>La Culpa de las V\u00edctimas<\/strong><\/p>\n<p>Pese a que en ambos casos la culpa inicial se encuentre en el agresor activo o pasivo, de todas maneras aqu\u00ed las v\u00edctimas tambi\u00e9n son c\u00f3mplices para que la situaci\u00f3n infernal se sostenga, o sea que en una relaci\u00f3n de amor-odio est\u00e1 tan enfermo el que pega como el que se deja pegar, y esa es la parte de la culpa que tiene la v\u00edctima, sostener una situaci\u00f3n insostenible, debido a que cuando aparece la manifestaci\u00f3n de violencia en el agresor, la v\u00edctima no tiene los principios que le permitan cortar la relaci\u00f3n t\u00f3xica en ese momento, ni tiene el valor para asumir la p\u00e9rdida de alguien tan valioso, y por eso es qui\u00e9n termina sosteniendo la relaci\u00f3n de amor-odio. Cuando la v\u00edctima, sea el hombre o sea la mujer, no logra cortar a tiempo la relaci\u00f3n para salirse del peligro, lo que sucede en esas relaciones es que el agresor termina sometiendo a la v\u00edctima para que esta viva seg\u00fan sus gustos y predilecciones, convirti\u00e9ndose en una especie de vampiro que se alimenta de la energ\u00eda y de la vida de la v\u00edctima, quien queda viviendo un infierno soportable.<\/p>\n<p><strong>\u00a0<\/strong><\/p>\n<p><strong>C\u00f3mo Identificar una Relaci\u00f3n Peligrosa<\/strong><\/p>\n<p>Ayudar a identificar una relaci\u00f3n potencialmente peligrosa, es la mejor herramienta contra la violencia intrafamiliar, el feminicidio y la violencia contra la mujer. Hay que empezar por diferenciar si el deterioro en la relaci\u00f3n es causado por la violencia f\u00edsica o por la violencia psicol\u00f3gica, y ubicar que tipo de violencia tiene cada persona, teniendo en cuenta que a simple vista las cosas suelen ser enga\u00f1osas, por eso para identificar una relaci\u00f3n potencialmente peligrosa, hay que conocer muy bien el perfil de la inmadurez emocional masculina que genera violencia f\u00edsica, y el perfil de la inmadurez emocional femenina que genera violencia psicol\u00f3gica, el desarrollo de este aspecto de las relaciones enfermizas se encuentra en la \u201cAutoterapia para la Inmadurez Emocional\u201d.<\/p>\n<p>Aunque el objetivo que se tiene al identificar una relaci\u00f3n peligrosa, es precisamente tratar de no elegir como pareja a personas que padezcan de inmadurez emocional o que est\u00e9n viviendo experiencias que a uno ya no le correspondan, este objetivo no es tan f\u00e1cil de cumplir, teniendo en cuenta que si la persona necesita pasar por vivencias dolorosas para aprender cosas de la vida que a\u00fan no sabe, as\u00ed se le advierta racionalmente, el instinto ganar\u00e1 esa batalla y la persona terminar\u00e1 eligiendo a la pareja potencialmente peligrosa, viviendo los placeres, los traumas y los riesgos de las relaciones enfermizas, ya que cuando la emoci\u00f3n est\u00e1 inmadura, \u00e9sta recorre un camino arquet\u00edpico de duros aprendizajes para madurar.<\/p>\n<p>&nbsp;<\/p>\n<p><strong>C\u00f3mo Convivir con un Ser Querido Violento <\/strong><\/p>\n<p>Una de las causas m\u00e1s fuertes del fen\u00f3meno de la violencia es que los seres humanos no sabemos reaccionar de forma saludable frente al error, el defecto o la diferencia, esto es lo que genera toda la desconexi\u00f3n y la divisi\u00f3n que caracteriza a la humanidad actual y que nos impide encontrar la unidad, esta es s\u00f3lo una de las razones por las que convivir con personas agresivas, es algo que pone a la v\u00edctima en peligro f\u00edsico y la derrumba interiormente, ya que pierde la libertad y empieza a vivir en un r\u00e9gimen del terror, en donde quedan prohibidos los aspectos de su vida que detonen la furia del\u00a0 agresor.<\/p>\n<p>Frente a un ser querido que de repente se pone agresivo y atenta en contra de la integridad f\u00edsica, psicol\u00f3gica o emocional, existen tres tipos de reacciones, las personas incultas pelean para defender sus intereses y hacerse respetar, las personas cultas lo mandan al exilio y lo sacan del coraz\u00f3n y de la vida para protegerse del riesgo que \u00e9ste representa, y quienes tienen madurez emocional encuentran una tercera v\u00eda que se explica a continuaci\u00f3n.<\/p>\n<p>Con la violencia intrafamiliar el problema no son los malos ni los violentos, ya que ellos son s\u00f3lo las primeras v\u00edctimas de este flagelo, o sea que el problema real es el mal y la violencia, que son enfermedades mentales y emocionales que le pueden dar a cualquier persona y que cada vez crecen m\u00e1s en la poblaci\u00f3n, por lo tanto es err\u00f3neo creer que el problema es algo externo y no interno, esto quiere decir que los defectos, adicciones y problemas mentales no son algo que est\u00e9 en los otros, sino que son algo que est\u00e1 en lo m\u00e1s profundo de la naturaleza humana, entonces la soluci\u00f3n no est\u00e1 en acabar con los malos, as\u00ed como ocurre por ejemplo en Filipinas, en donde el presidente apoyado por la mayor\u00eda de la poblaci\u00f3n, creen que para acabar con el problema de las drogas la soluci\u00f3n es matar a los drogadictos y a todo aquel relacionado con el narcotr\u00e1fico y la delincuencia, esto es algo tan irracional e irrisorio, como por ejemplo pensar que el problema de la corrupci\u00f3n se acaba haciendo una redada para coger a todos los pol\u00edticos corruptos y enviarlos a la c\u00e1rcel, o pensar que el problema de la pobreza se soluciona d\u00e1ndole a cada pobre cien millones de pesos, ya que cuando se trata de eliminar el efecto y no se elimina la causa, lo \u00fanico que se logra es podar el problema y hacer que este crezca m\u00e1s frondoso. Para eliminar una enfermedad personal o social, necesariamente hay que ir a la causa y cortar el problema de ra\u00edz, por lo tanto la represi\u00f3n nunca va a ser la soluci\u00f3n, porque esto lo \u00fanico que consigue es postergar la crisis y crear una bomba de tiempo que se manifiesta en m\u00faltiples problemas de salud p\u00fablica.<\/p>\n<p>Cuando se hace la pregunta de c\u00f3mo convivir con un ser querido que se pone violento, tambi\u00e9n se est\u00e1 haciendo referencia a varios temas que en el fondo son la misma pregunta \u00bfC\u00f3mo convivir con lo salvaje?, que corresponde a nuestros instintos desestructurados y mal manejados, que se convierten en los diversos aspectos negativos del ser humano, como por ejemplo errores, defectos, abusos, enfermedades, ofensas, agresiones, mentiras y robos. La respuesta es que si se puede convivir con lo salvaje, pero conoci\u00e9ndolo, respet\u00e1ndolo y manej\u00e1ndolo, o sea que para solucionar el problema de convivencia con un ser querido violento, hay que empezar por alejarse para tomar una posici\u00f3n intermedia, en donde no se quede tan lejos como para terminar el contacto, ni tampoco tan cerca como para compartir la intimidad, de esa manera cada parte accede a lo que le interesa y al mismo tiempo se protege, igualmente, desde este punto le queda m\u00e1s f\u00e1cil a la v\u00edctima respetar el libre desarrollo de la personalidad del agresor, y al mismo tiempo respetarse a s\u00ed misma no permitiendo que los abusos contin\u00faen. En este objetivo tambi\u00e9n es de gran ayuda cultivar una mentalidad realista, en donde se asuma que nadie es perfecto sino que todos tenemos defectos, s\u00f3lo de esta manera es posible aceptar los propios defectos y reaccionar bien frente a los defectos del otro, ya sin la ofensa y sin odio, con la claridad de que el da\u00f1o que ocasiona no es por mal intenci\u00f3n sino por desconocimiento o enfermedad. Cabe anotar que esta soluci\u00f3n funciona s\u00f3lo en los niveles de violencia bajos y medios, ya que para los niveles altos lo m\u00e1s recomendable es terminar la relaci\u00f3n de forma saludable.<\/p>\n<p>&nbsp;<\/p>\n<p>&nbsp;<\/p>\n<p>Art\u00edculo extra\u00eddo del libro:<\/p>\n<p>\u201cManual de Paz y Posconflicto Urbano\u201d.<\/p>\n<p>Autor: Juan David Silva Aguirre.<\/p>\n<p><img loading=\"lazy\" decoding=\"async\" class=\"alignnone wp-image-637\" src=\"http:\/\/culturaneuroactiva.com\/site\/wp-content\/uploads\/2016\/03\/creative-comons-300x105.png\" sizes=\"auto, (max-width: 97px) 100vw, 97px\" srcset=\"http:\/\/culturaneuroactiva.com\/site\/wp-content\/uploads\/2016\/03\/creative-comons-300x105.png 300w, http:\/\/culturaneuroactiva.com\/site\/wp-content\/uploads\/2016\/03\/creative-comons-392x141.png 392w, http:\/\/culturaneuroactiva.com\/site\/wp-content\/uploads\/2016\/03\/creative-comons-390x141.png 390w, http:\/\/culturaneuroactiva.com\/site\/wp-content\/uploads\/2016\/03\/creative-comons.png 403w\" alt=\"creative comons\" width=\"97\" height=\"34\" \/><\/p>\n<p>Red de Aportes a la Paz: <a href=\"http:\/\/culturaneuroactiva.com\/site\/redpaz\/terapias-de-paz\/\">Terapias de Paz<\/a>.<\/p>\n<p>redpaz@culturaneuroactiva.com<\/p>\n<p>redpaz.culturaneuroactiva.com<\/p>\n<p>Medell\u00edn \u2013 Colombia<\/p>\n","protected":false},"excerpt":{"rendered":"<p>&nbsp; V\u00edctimas de Violencia F\u00edsica Los casos de violencia f\u00edsica en las relaciones de pareja son por lo general causados<\/p>\n","protected":false},"author":1,"featured_media":0,"parent":0,"menu_order":0,"comment_status":"closed","ping_status":"closed","template":"","meta":{"colormag_page_layout":"default_layout","footnotes":""},"class_list":["post-426","page","type-page","status-publish","hentry"],"yoast_head":"<!-- This site is optimized with the Yoast SEO plugin v25.6 - https:\/\/yoast.com\/wordpress\/plugins\/seo\/ -->\n<title>C\u00f3mo Sanar a las V\u00edctimas de Relaciones Conflictivas - Guia de Paz Personal<\/title>\n<meta name=\"robots\" content=\"index, follow, max-snippet:-1, max-image-preview:large, max-video-preview:-1\" \/>\n<link rel=\"canonical\" href=\"https:\/\/culturaneuroactiva.com\/site\/guiadepaz\/como-sanar-a-las-victimas-de-relaciones-conflictivas\/\" \/>\n<meta property=\"og:locale\" content=\"es_ES\" \/>\n<meta property=\"og:type\" content=\"article\" \/>\n<meta property=\"og:title\" content=\"C\u00f3mo Sanar a las V\u00edctimas de Relaciones Conflictivas - Guia de Paz Personal\" \/>\n<meta property=\"og:description\" content=\"&nbsp; V\u00edctimas de Violencia F\u00edsica Los casos de violencia f\u00edsica en las relaciones de pareja son por lo general causados\" \/>\n<meta property=\"og:url\" content=\"https:\/\/culturaneuroactiva.com\/site\/guiadepaz\/como-sanar-a-las-victimas-de-relaciones-conflictivas\/\" \/>\n<meta property=\"og:site_name\" content=\"Guia de Paz Personal\" \/>\n<meta property=\"og:image\" content=\"http:\/\/culturaneuroactiva.com\/site\/wp-content\/uploads\/2016\/03\/creative-comons-300x105.png\" \/>\n<meta name=\"twitter:card\" content=\"summary_large_image\" \/>\n<meta name=\"twitter:label1\" content=\"Tiempo de lectura\" \/>\n\t<meta name=\"twitter:data1\" content=\"11 minutos\" \/>\n<script type=\"application\/ld+json\" class=\"yoast-schema-graph\">{\"@context\":\"https:\/\/schema.org\",\"@graph\":[{\"@type\":\"WebPage\",\"@id\":\"https:\/\/culturaneuroactiva.com\/site\/guiadepaz\/como-sanar-a-las-victimas-de-relaciones-conflictivas\/\",\"url\":\"https:\/\/culturaneuroactiva.com\/site\/guiadepaz\/como-sanar-a-las-victimas-de-relaciones-conflictivas\/\",\"name\":\"C\u00f3mo Sanar a las V\u00edctimas de Relaciones Conflictivas - Guia de Paz Personal\",\"isPartOf\":{\"@id\":\"https:\/\/culturaneuroactiva.com\/site\/guiadepaz\/#website\"},\"primaryImageOfPage\":{\"@id\":\"https:\/\/culturaneuroactiva.com\/site\/guiadepaz\/como-sanar-a-las-victimas-de-relaciones-conflictivas\/#primaryimage\"},\"image\":{\"@id\":\"https:\/\/culturaneuroactiva.com\/site\/guiadepaz\/como-sanar-a-las-victimas-de-relaciones-conflictivas\/#primaryimage\"},\"thumbnailUrl\":\"http:\/\/culturaneuroactiva.com\/site\/wp-content\/uploads\/2016\/03\/creative-comons-300x105.png\",\"datePublished\":\"2017-05-18T06:50:24+00:00\",\"breadcrumb\":{\"@id\":\"https:\/\/culturaneuroactiva.com\/site\/guiadepaz\/como-sanar-a-las-victimas-de-relaciones-conflictivas\/#breadcrumb\"},\"inLanguage\":\"es\",\"potentialAction\":[{\"@type\":\"ReadAction\",\"target\":[\"https:\/\/culturaneuroactiva.com\/site\/guiadepaz\/como-sanar-a-las-victimas-de-relaciones-conflictivas\/\"]}]},{\"@type\":\"ImageObject\",\"inLanguage\":\"es\",\"@id\":\"https:\/\/culturaneuroactiva.com\/site\/guiadepaz\/como-sanar-a-las-victimas-de-relaciones-conflictivas\/#primaryimage\",\"url\":\"http:\/\/culturaneuroactiva.com\/site\/wp-content\/uploads\/2016\/03\/creative-comons-300x105.png\",\"contentUrl\":\"http:\/\/culturaneuroactiva.com\/site\/wp-content\/uploads\/2016\/03\/creative-comons-300x105.png\"},{\"@type\":\"BreadcrumbList\",\"@id\":\"https:\/\/culturaneuroactiva.com\/site\/guiadepaz\/como-sanar-a-las-victimas-de-relaciones-conflictivas\/#breadcrumb\",\"itemListElement\":[{\"@type\":\"ListItem\",\"position\":1,\"name\":\"Portada\",\"item\":\"https:\/\/culturaneuroactiva.com\/site\/guiadepaz\/\"},{\"@type\":\"ListItem\",\"position\":2,\"name\":\"C\u00f3mo Sanar a las V\u00edctimas de Relaciones Conflictivas\"}]},{\"@type\":\"WebSite\",\"@id\":\"https:\/\/culturaneuroactiva.com\/site\/guiadepaz\/#website\",\"url\":\"https:\/\/culturaneuroactiva.com\/site\/guiadepaz\/\",\"name\":\"Guia de Paz Personal\",\"description\":\"Pedagog\u00edas y Terapias de Paz\",\"publisher\":{\"@id\":\"https:\/\/culturaneuroactiva.com\/site\/guiadepaz\/#organization\"},\"potentialAction\":[{\"@type\":\"SearchAction\",\"target\":{\"@type\":\"EntryPoint\",\"urlTemplate\":\"https:\/\/culturaneuroactiva.com\/site\/guiadepaz\/?s={search_term_string}\"},\"query-input\":{\"@type\":\"PropertyValueSpecification\",\"valueRequired\":true,\"valueName\":\"search_term_string\"}}],\"inLanguage\":\"es\"},{\"@type\":\"Organization\",\"@id\":\"https:\/\/culturaneuroactiva.com\/site\/guiadepaz\/#organization\",\"name\":\"Guia de Paz Personal\",\"url\":\"https:\/\/culturaneuroactiva.com\/site\/guiadepaz\/\",\"logo\":{\"@type\":\"ImageObject\",\"inLanguage\":\"es\",\"@id\":\"https:\/\/culturaneuroactiva.com\/site\/guiadepaz\/#\/schema\/logo\/image\/\",\"url\":\"https:\/\/culturaneuroactiva.com\/site\/guiadepaz\/wp-content\/uploads\/sites\/5\/2017\/04\/map_128p.png\",\"contentUrl\":\"https:\/\/culturaneuroactiva.com\/site\/guiadepaz\/wp-content\/uploads\/sites\/5\/2017\/04\/map_128p.png\",\"width\":128,\"height\":128,\"caption\":\"Guia de Paz Personal\"},\"image\":{\"@id\":\"https:\/\/culturaneuroactiva.com\/site\/guiadepaz\/#\/schema\/logo\/image\/\"}}]}<\/script>\n<!-- \/ Yoast SEO plugin. -->","yoast_head_json":{"title":"C\u00f3mo Sanar a las V\u00edctimas de Relaciones Conflictivas - Guia de Paz Personal","robots":{"index":"index","follow":"follow","max-snippet":"max-snippet:-1","max-image-preview":"max-image-preview:large","max-video-preview":"max-video-preview:-1"},"canonical":"https:\/\/culturaneuroactiva.com\/site\/guiadepaz\/como-sanar-a-las-victimas-de-relaciones-conflictivas\/","og_locale":"es_ES","og_type":"article","og_title":"C\u00f3mo Sanar a las V\u00edctimas de Relaciones Conflictivas - Guia de Paz Personal","og_description":"&nbsp; V\u00edctimas de Violencia F\u00edsica Los casos de violencia f\u00edsica en las relaciones de pareja son por lo general causados","og_url":"https:\/\/culturaneuroactiva.com\/site\/guiadepaz\/como-sanar-a-las-victimas-de-relaciones-conflictivas\/","og_site_name":"Guia de Paz Personal","og_image":[{"url":"http:\/\/culturaneuroactiva.com\/site\/wp-content\/uploads\/2016\/03\/creative-comons-300x105.png","type":"","width":"","height":""}],"twitter_card":"summary_large_image","twitter_misc":{"Tiempo de lectura":"11 minutos"},"schema":{"@context":"https:\/\/schema.org","@graph":[{"@type":"WebPage","@id":"https:\/\/culturaneuroactiva.com\/site\/guiadepaz\/como-sanar-a-las-victimas-de-relaciones-conflictivas\/","url":"https:\/\/culturaneuroactiva.com\/site\/guiadepaz\/como-sanar-a-las-victimas-de-relaciones-conflictivas\/","name":"C\u00f3mo Sanar a las V\u00edctimas de Relaciones Conflictivas - Guia de Paz Personal","isPartOf":{"@id":"https:\/\/culturaneuroactiva.com\/site\/guiadepaz\/#website"},"primaryImageOfPage":{"@id":"https:\/\/culturaneuroactiva.com\/site\/guiadepaz\/como-sanar-a-las-victimas-de-relaciones-conflictivas\/#primaryimage"},"image":{"@id":"https:\/\/culturaneuroactiva.com\/site\/guiadepaz\/como-sanar-a-las-victimas-de-relaciones-conflictivas\/#primaryimage"},"thumbnailUrl":"http:\/\/culturaneuroactiva.com\/site\/wp-content\/uploads\/2016\/03\/creative-comons-300x105.png","datePublished":"2017-05-18T06:50:24+00:00","breadcrumb":{"@id":"https:\/\/culturaneuroactiva.com\/site\/guiadepaz\/como-sanar-a-las-victimas-de-relaciones-conflictivas\/#breadcrumb"},"inLanguage":"es","potentialAction":[{"@type":"ReadAction","target":["https:\/\/culturaneuroactiva.com\/site\/guiadepaz\/como-sanar-a-las-victimas-de-relaciones-conflictivas\/"]}]},{"@type":"ImageObject","inLanguage":"es","@id":"https:\/\/culturaneuroactiva.com\/site\/guiadepaz\/como-sanar-a-las-victimas-de-relaciones-conflictivas\/#primaryimage","url":"http:\/\/culturaneuroactiva.com\/site\/wp-content\/uploads\/2016\/03\/creative-comons-300x105.png","contentUrl":"http:\/\/culturaneuroactiva.com\/site\/wp-content\/uploads\/2016\/03\/creative-comons-300x105.png"},{"@type":"BreadcrumbList","@id":"https:\/\/culturaneuroactiva.com\/site\/guiadepaz\/como-sanar-a-las-victimas-de-relaciones-conflictivas\/#breadcrumb","itemListElement":[{"@type":"ListItem","position":1,"name":"Portada","item":"https:\/\/culturaneuroactiva.com\/site\/guiadepaz\/"},{"@type":"ListItem","position":2,"name":"C\u00f3mo Sanar a las V\u00edctimas de Relaciones Conflictivas"}]},{"@type":"WebSite","@id":"https:\/\/culturaneuroactiva.com\/site\/guiadepaz\/#website","url":"https:\/\/culturaneuroactiva.com\/site\/guiadepaz\/","name":"Guia de Paz Personal","description":"Pedagog\u00edas y Terapias de Paz","publisher":{"@id":"https:\/\/culturaneuroactiva.com\/site\/guiadepaz\/#organization"},"potentialAction":[{"@type":"SearchAction","target":{"@type":"EntryPoint","urlTemplate":"https:\/\/culturaneuroactiva.com\/site\/guiadepaz\/?s={search_term_string}"},"query-input":{"@type":"PropertyValueSpecification","valueRequired":true,"valueName":"search_term_string"}}],"inLanguage":"es"},{"@type":"Organization","@id":"https:\/\/culturaneuroactiva.com\/site\/guiadepaz\/#organization","name":"Guia de Paz Personal","url":"https:\/\/culturaneuroactiva.com\/site\/guiadepaz\/","logo":{"@type":"ImageObject","inLanguage":"es","@id":"https:\/\/culturaneuroactiva.com\/site\/guiadepaz\/#\/schema\/logo\/image\/","url":"https:\/\/culturaneuroactiva.com\/site\/guiadepaz\/wp-content\/uploads\/sites\/5\/2017\/04\/map_128p.png","contentUrl":"https:\/\/culturaneuroactiva.com\/site\/guiadepaz\/wp-content\/uploads\/sites\/5\/2017\/04\/map_128p.png","width":128,"height":128,"caption":"Guia de Paz Personal"},"image":{"@id":"https:\/\/culturaneuroactiva.com\/site\/guiadepaz\/#\/schema\/logo\/image\/"}}]}},"_links":{"self":[{"href":"https:\/\/culturaneuroactiva.com\/site\/guiadepaz\/wp-json\/wp\/v2\/pages\/426","targetHints":{"allow":["GET"]}}],"collection":[{"href":"https:\/\/culturaneuroactiva.com\/site\/guiadepaz\/wp-json\/wp\/v2\/pages"}],"about":[{"href":"https:\/\/culturaneuroactiva.com\/site\/guiadepaz\/wp-json\/wp\/v2\/types\/page"}],"author":[{"embeddable":true,"href":"https:\/\/culturaneuroactiva.com\/site\/guiadepaz\/wp-json\/wp\/v2\/users\/1"}],"replies":[{"embeddable":true,"href":"https:\/\/culturaneuroactiva.com\/site\/guiadepaz\/wp-json\/wp\/v2\/comments?post=426"}],"version-history":[{"count":1,"href":"https:\/\/culturaneuroactiva.com\/site\/guiadepaz\/wp-json\/wp\/v2\/pages\/426\/revisions"}],"predecessor-version":[{"id":427,"href":"https:\/\/culturaneuroactiva.com\/site\/guiadepaz\/wp-json\/wp\/v2\/pages\/426\/revisions\/427"}],"wp:attachment":[{"href":"https:\/\/culturaneuroactiva.com\/site\/guiadepaz\/wp-json\/wp\/v2\/media?parent=426"}],"curies":[{"name":"wp","href":"https:\/\/api.w.org\/{rel}","templated":true}]}}