{"id":411,"date":"2017-05-18T05:50:47","date_gmt":"2017-05-18T05:50:47","guid":{"rendered":"http:\/\/culturaneuroactiva.com\/site\/redpaz\/?page_id=411"},"modified":"2017-05-18T05:50:47","modified_gmt":"2017-05-18T05:50:47","slug":"como-sanar-el-victimismo","status":"publish","type":"page","link":"https:\/\/culturaneuroactiva.com\/site\/guiadepaz\/como-sanar-el-victimismo\/","title":{"rendered":"C\u00f3mo Sanar el Victimismo"},"content":{"rendered":"<p>&nbsp;<\/p>\n<ol>\n<li>Enterarse qu\u00e9 es el victimismo, por qu\u00e9 es tan nocivo para la salud psicoemocional, y cuales son sus s\u00edntomas.<\/li>\n<\/ol>\n<p><strong>\u00a0<\/strong><\/p>\n<ol start=\"2\">\n<li>Estar cansado de todo el dolor que causa el victimismo cada vez que aparece.<\/li>\n<\/ol>\n<p>&nbsp;<\/p>\n<ol start=\"3\">\n<li>Aprender a reconocer la v\u00edctima interior, con el objetivo de poder observar sus h\u00e1bitos y entender su funcionamiento.<\/li>\n<\/ol>\n<p><strong>\u00a0<\/strong><\/p>\n<ol start=\"4\">\n<li>Como el victimismo es algo que no viene de afuera sino de adentro, entonces hay que ubicar qu\u00e9 lo detona, o sea, logar entender cu\u00e1l es el temor que lo hace aparecer, o ubicar cual es el depredador que acecha a la persona y la hacer sentirse como si fuera una presa.<\/li>\n<\/ol>\n<p><strong>\u00a0<\/strong><\/p>\n<ol start=\"5\">\n<li>Luego de reconocer cual es el elemento que tiene a la v\u00edctima sumida en estados de indefensi\u00f3n aprendida, se debe elaborar una estrategia para enfrentar lo que est\u00e9 generando la impotencia, hasta logar superar el obst\u00e1culo por m\u00e9rito propio, lo que libera a la persona de su v\u00edctima interior y hace que se empodere de su nuevo rol en el mundo.<\/li>\n<\/ol>\n<p>&nbsp;<\/p>\n<p>&nbsp;<\/p>\n<p>Art\u00edculo extra\u00eddo del libro:<\/p>\n<p>\u201cManual de Paz y Posconflicto Urbano\u201d.<\/p>\n<p>Autor: Juan David Silva Aguirre.<\/p>\n<p><img loading=\"lazy\" decoding=\"async\" class=\"alignnone wp-image-637\" src=\"http:\/\/culturaneuroactiva.com\/site\/wp-content\/uploads\/2016\/03\/creative-comons-300x105.png\" sizes=\"auto, (max-width: 97px) 100vw, 97px\" srcset=\"http:\/\/culturaneuroactiva.com\/site\/wp-content\/uploads\/2016\/03\/creative-comons-300x105.png 300w, http:\/\/culturaneuroactiva.com\/site\/wp-content\/uploads\/2016\/03\/creative-comons-392x141.png 392w, http:\/\/culturaneuroactiva.com\/site\/wp-content\/uploads\/2016\/03\/creative-comons-390x141.png 390w, http:\/\/culturaneuroactiva.com\/site\/wp-content\/uploads\/2016\/03\/creative-comons.png 403w\" alt=\"creative comons\" width=\"97\" height=\"34\" \/><\/p>\n<p>Red de Aportes a la Paz: <a href=\"http:\/\/culturaneuroactiva.com\/site\/redpaz\/terapias-de-paz\/\">Terapias de Paz<\/a>.<\/p>\n<p>redpaz@culturaneuroactiva.com<\/p>\n<p>redpaz.culturaneuroactiva.com<\/p>\n<p>Medell\u00edn \u2013 Colombia<\/p>\n","protected":false},"excerpt":{"rendered":"<p>&nbsp; Enterarse qu\u00e9 es el victimismo, por qu\u00e9 es tan nocivo para la salud psicoemocional, y cuales son sus s\u00edntomas.<\/p>\n","protected":false},"author":1,"featured_media":0,"parent":0,"menu_order":0,"comment_status":"closed","ping_status":"closed","template":"","meta":{"colormag_page_layout":"default_layout","footnotes":""},"class_list":["post-411","page","type-page","status-publish","hentry"],"yoast_head":"<!-- This site is optimized with the Yoast SEO plugin v25.6 - https:\/\/yoast.com\/wordpress\/plugins\/seo\/ -->\n<title>C\u00f3mo Sanar el Victimismo - Guia de Paz Personal<\/title>\n<meta name=\"robots\" content=\"index, follow, max-snippet:-1, max-image-preview:large, max-video-preview:-1\" \/>\n<link rel=\"canonical\" href=\"https:\/\/culturaneuroactiva.com\/site\/guiadepaz\/como-sanar-el-victimismo\/\" \/>\n<meta property=\"og:locale\" content=\"es_ES\" \/>\n<meta property=\"og:type\" content=\"article\" \/>\n<meta property=\"og:title\" content=\"C\u00f3mo Sanar el Victimismo - Guia de Paz Personal\" \/>\n<meta property=\"og:description\" content=\"&nbsp; Enterarse qu\u00e9 es el victimismo, por qu\u00e9 es tan nocivo para la salud psicoemocional, y cuales son sus s\u00edntomas.\" \/>\n<meta property=\"og:url\" content=\"https:\/\/culturaneuroactiva.com\/site\/guiadepaz\/como-sanar-el-victimismo\/\" \/>\n<meta property=\"og:site_name\" content=\"Guia de Paz Personal\" \/>\n<meta property=\"og:image\" content=\"http:\/\/culturaneuroactiva.com\/site\/wp-content\/uploads\/2016\/03\/creative-comons-300x105.png\" \/>\n<meta name=\"twitter:card\" content=\"summary_large_image\" \/>\n<meta name=\"twitter:label1\" content=\"Tiempo de lectura\" \/>\n\t<meta name=\"twitter:data1\" content=\"1 minuto\" \/>\n<script type=\"application\/ld+json\" class=\"yoast-schema-graph\">{\"@context\":\"https:\/\/schema.org\",\"@graph\":[{\"@type\":\"WebPage\",\"@id\":\"https:\/\/culturaneuroactiva.com\/site\/guiadepaz\/como-sanar-el-victimismo\/\",\"url\":\"https:\/\/culturaneuroactiva.com\/site\/guiadepaz\/como-sanar-el-victimismo\/\",\"name\":\"C\u00f3mo Sanar el Victimismo - Guia de Paz Personal\",\"isPartOf\":{\"@id\":\"https:\/\/culturaneuroactiva.com\/site\/guiadepaz\/#website\"},\"primaryImageOfPage\":{\"@id\":\"https:\/\/culturaneuroactiva.com\/site\/guiadepaz\/como-sanar-el-victimismo\/#primaryimage\"},\"image\":{\"@id\":\"https:\/\/culturaneuroactiva.com\/site\/guiadepaz\/como-sanar-el-victimismo\/#primaryimage\"},\"thumbnailUrl\":\"http:\/\/culturaneuroactiva.com\/site\/wp-content\/uploads\/2016\/03\/creative-comons-300x105.png\",\"datePublished\":\"2017-05-18T05:50:47+00:00\",\"breadcrumb\":{\"@id\":\"https:\/\/culturaneuroactiva.com\/site\/guiadepaz\/como-sanar-el-victimismo\/#breadcrumb\"},\"inLanguage\":\"es\",\"potentialAction\":[{\"@type\":\"ReadAction\",\"target\":[\"https:\/\/culturaneuroactiva.com\/site\/guiadepaz\/como-sanar-el-victimismo\/\"]}]},{\"@type\":\"ImageObject\",\"inLanguage\":\"es\",\"@id\":\"https:\/\/culturaneuroactiva.com\/site\/guiadepaz\/como-sanar-el-victimismo\/#primaryimage\",\"url\":\"http:\/\/culturaneuroactiva.com\/site\/wp-content\/uploads\/2016\/03\/creative-comons-300x105.png\",\"contentUrl\":\"http:\/\/culturaneuroactiva.com\/site\/wp-content\/uploads\/2016\/03\/creative-comons-300x105.png\"},{\"@type\":\"BreadcrumbList\",\"@id\":\"https:\/\/culturaneuroactiva.com\/site\/guiadepaz\/como-sanar-el-victimismo\/#breadcrumb\",\"itemListElement\":[{\"@type\":\"ListItem\",\"position\":1,\"name\":\"Portada\",\"item\":\"https:\/\/culturaneuroactiva.com\/site\/guiadepaz\/\"},{\"@type\":\"ListItem\",\"position\":2,\"name\":\"C\u00f3mo Sanar el Victimismo\"}]},{\"@type\":\"WebSite\",\"@id\":\"https:\/\/culturaneuroactiva.com\/site\/guiadepaz\/#website\",\"url\":\"https:\/\/culturaneuroactiva.com\/site\/guiadepaz\/\",\"name\":\"Guia de Paz Personal\",\"description\":\"Pedagog\u00edas y Terapias de Paz\",\"publisher\":{\"@id\":\"https:\/\/culturaneuroactiva.com\/site\/guiadepaz\/#organization\"},\"potentialAction\":[{\"@type\":\"SearchAction\",\"target\":{\"@type\":\"EntryPoint\",\"urlTemplate\":\"https:\/\/culturaneuroactiva.com\/site\/guiadepaz\/?s={search_term_string}\"},\"query-input\":{\"@type\":\"PropertyValueSpecification\",\"valueRequired\":true,\"valueName\":\"search_term_string\"}}],\"inLanguage\":\"es\"},{\"@type\":\"Organization\",\"@id\":\"https:\/\/culturaneuroactiva.com\/site\/guiadepaz\/#organization\",\"name\":\"Guia de Paz Personal\",\"url\":\"https:\/\/culturaneuroactiva.com\/site\/guiadepaz\/\",\"logo\":{\"@type\":\"ImageObject\",\"inLanguage\":\"es\",\"@id\":\"https:\/\/culturaneuroactiva.com\/site\/guiadepaz\/#\/schema\/logo\/image\/\",\"url\":\"https:\/\/culturaneuroactiva.com\/site\/guiadepaz\/wp-content\/uploads\/sites\/5\/2017\/04\/map_128p.png\",\"contentUrl\":\"https:\/\/culturaneuroactiva.com\/site\/guiadepaz\/wp-content\/uploads\/sites\/5\/2017\/04\/map_128p.png\",\"width\":128,\"height\":128,\"caption\":\"Guia de Paz Personal\"},\"image\":{\"@id\":\"https:\/\/culturaneuroactiva.com\/site\/guiadepaz\/#\/schema\/logo\/image\/\"}}]}<\/script>\n<!-- \/ Yoast SEO plugin. -->","yoast_head_json":{"title":"C\u00f3mo Sanar el Victimismo - Guia de Paz Personal","robots":{"index":"index","follow":"follow","max-snippet":"max-snippet:-1","max-image-preview":"max-image-preview:large","max-video-preview":"max-video-preview:-1"},"canonical":"https:\/\/culturaneuroactiva.com\/site\/guiadepaz\/como-sanar-el-victimismo\/","og_locale":"es_ES","og_type":"article","og_title":"C\u00f3mo Sanar el Victimismo - Guia de Paz Personal","og_description":"&nbsp; Enterarse qu\u00e9 es el victimismo, por qu\u00e9 es tan nocivo para la salud psicoemocional, y cuales son sus s\u00edntomas.","og_url":"https:\/\/culturaneuroactiva.com\/site\/guiadepaz\/como-sanar-el-victimismo\/","og_site_name":"Guia de Paz Personal","og_image":[{"url":"http:\/\/culturaneuroactiva.com\/site\/wp-content\/uploads\/2016\/03\/creative-comons-300x105.png","type":"","width":"","height":""}],"twitter_card":"summary_large_image","twitter_misc":{"Tiempo de lectura":"1 minuto"},"schema":{"@context":"https:\/\/schema.org","@graph":[{"@type":"WebPage","@id":"https:\/\/culturaneuroactiva.com\/site\/guiadepaz\/como-sanar-el-victimismo\/","url":"https:\/\/culturaneuroactiva.com\/site\/guiadepaz\/como-sanar-el-victimismo\/","name":"C\u00f3mo Sanar el Victimismo - Guia de Paz Personal","isPartOf":{"@id":"https:\/\/culturaneuroactiva.com\/site\/guiadepaz\/#website"},"primaryImageOfPage":{"@id":"https:\/\/culturaneuroactiva.com\/site\/guiadepaz\/como-sanar-el-victimismo\/#primaryimage"},"image":{"@id":"https:\/\/culturaneuroactiva.com\/site\/guiadepaz\/como-sanar-el-victimismo\/#primaryimage"},"thumbnailUrl":"http:\/\/culturaneuroactiva.com\/site\/wp-content\/uploads\/2016\/03\/creative-comons-300x105.png","datePublished":"2017-05-18T05:50:47+00:00","breadcrumb":{"@id":"https:\/\/culturaneuroactiva.com\/site\/guiadepaz\/como-sanar-el-victimismo\/#breadcrumb"},"inLanguage":"es","potentialAction":[{"@type":"ReadAction","target":["https:\/\/culturaneuroactiva.com\/site\/guiadepaz\/como-sanar-el-victimismo\/"]}]},{"@type":"ImageObject","inLanguage":"es","@id":"https:\/\/culturaneuroactiva.com\/site\/guiadepaz\/como-sanar-el-victimismo\/#primaryimage","url":"http:\/\/culturaneuroactiva.com\/site\/wp-content\/uploads\/2016\/03\/creative-comons-300x105.png","contentUrl":"http:\/\/culturaneuroactiva.com\/site\/wp-content\/uploads\/2016\/03\/creative-comons-300x105.png"},{"@type":"BreadcrumbList","@id":"https:\/\/culturaneuroactiva.com\/site\/guiadepaz\/como-sanar-el-victimismo\/#breadcrumb","itemListElement":[{"@type":"ListItem","position":1,"name":"Portada","item":"https:\/\/culturaneuroactiva.com\/site\/guiadepaz\/"},{"@type":"ListItem","position":2,"name":"C\u00f3mo Sanar el Victimismo"}]},{"@type":"WebSite","@id":"https:\/\/culturaneuroactiva.com\/site\/guiadepaz\/#website","url":"https:\/\/culturaneuroactiva.com\/site\/guiadepaz\/","name":"Guia de Paz Personal","description":"Pedagog\u00edas y Terapias de Paz","publisher":{"@id":"https:\/\/culturaneuroactiva.com\/site\/guiadepaz\/#organization"},"potentialAction":[{"@type":"SearchAction","target":{"@type":"EntryPoint","urlTemplate":"https:\/\/culturaneuroactiva.com\/site\/guiadepaz\/?s={search_term_string}"},"query-input":{"@type":"PropertyValueSpecification","valueRequired":true,"valueName":"search_term_string"}}],"inLanguage":"es"},{"@type":"Organization","@id":"https:\/\/culturaneuroactiva.com\/site\/guiadepaz\/#organization","name":"Guia de Paz Personal","url":"https:\/\/culturaneuroactiva.com\/site\/guiadepaz\/","logo":{"@type":"ImageObject","inLanguage":"es","@id":"https:\/\/culturaneuroactiva.com\/site\/guiadepaz\/#\/schema\/logo\/image\/","url":"https:\/\/culturaneuroactiva.com\/site\/guiadepaz\/wp-content\/uploads\/sites\/5\/2017\/04\/map_128p.png","contentUrl":"https:\/\/culturaneuroactiva.com\/site\/guiadepaz\/wp-content\/uploads\/sites\/5\/2017\/04\/map_128p.png","width":128,"height":128,"caption":"Guia de Paz Personal"},"image":{"@id":"https:\/\/culturaneuroactiva.com\/site\/guiadepaz\/#\/schema\/logo\/image\/"}}]}},"_links":{"self":[{"href":"https:\/\/culturaneuroactiva.com\/site\/guiadepaz\/wp-json\/wp\/v2\/pages\/411","targetHints":{"allow":["GET"]}}],"collection":[{"href":"https:\/\/culturaneuroactiva.com\/site\/guiadepaz\/wp-json\/wp\/v2\/pages"}],"about":[{"href":"https:\/\/culturaneuroactiva.com\/site\/guiadepaz\/wp-json\/wp\/v2\/types\/page"}],"author":[{"embeddable":true,"href":"https:\/\/culturaneuroactiva.com\/site\/guiadepaz\/wp-json\/wp\/v2\/users\/1"}],"replies":[{"embeddable":true,"href":"https:\/\/culturaneuroactiva.com\/site\/guiadepaz\/wp-json\/wp\/v2\/comments?post=411"}],"version-history":[{"count":1,"href":"https:\/\/culturaneuroactiva.com\/site\/guiadepaz\/wp-json\/wp\/v2\/pages\/411\/revisions"}],"predecessor-version":[{"id":412,"href":"https:\/\/culturaneuroactiva.com\/site\/guiadepaz\/wp-json\/wp\/v2\/pages\/411\/revisions\/412"}],"wp:attachment":[{"href":"https:\/\/culturaneuroactiva.com\/site\/guiadepaz\/wp-json\/wp\/v2\/media?parent=411"}],"curies":[{"name":"wp","href":"https:\/\/api.w.org\/{rel}","templated":true}]}}