{"id":406,"date":"2017-05-18T05:38:11","date_gmt":"2017-05-18T05:38:11","guid":{"rendered":"http:\/\/culturaneuroactiva.com\/site\/redpaz\/?page_id=406"},"modified":"2017-05-18T05:42:48","modified_gmt":"2017-05-18T05:42:48","slug":"niveles-de-autoviolencia-y-victimismo","status":"publish","type":"page","link":"https:\/\/culturaneuroactiva.com\/site\/guiadepaz\/niveles-de-autoviolencia-y-victimismo\/","title":{"rendered":"Niveles de Autoviolencia y Victimismo"},"content":{"rendered":"<p>&nbsp;<\/p>\n<h6><span style=\"color: #333399;\">Padece de victimismo quien se siente como v\u00edctima, aqu\u00ed la violencia no es hacia afuera sino que es con respecto a s\u00ed mismo, por eso tambi\u00e9n se le llama autoviolencia o v\u00edctima interior. La diferencia que tiene el victimismo con el hecho de ser una v\u00edctima, radica en que el victimismo no existe la figura del agresor, debido precisamente a que no es generado por algo que viene de la realidad externa, sino por algo que viene de un sentir o de una predisposici\u00f3n mental. El victimismo tiene los siguientes niveles de intensidad:<\/span><\/h6>\n<h6><span style=\"color: #666699;\"><strong>\u00a0<\/strong><\/span><\/h6>\n<p><strong>1. Baja Autoestima.<\/strong><\/p>\n<p>Se manifiesta en desagrado, incomodidad, frustraci\u00f3n, desadaptaci\u00f3n, tristeza, soledad y odio a s\u00ed mismo. Aqu\u00ed la persona se siente se\u00f1alada, excluida, rechazada y juzgada.<\/p>\n<p><strong>\u00a0<\/strong><\/p>\n<p><strong>2. Complejo de V\u00edctima e Indefensi\u00f3n Aprendida. <\/strong><\/p>\n<p>Se manifiesta en negatividad, impotencia, desesperanza, sinsentido, problemas de autoestima, no creer en uno mismo, es como una depresi\u00f3n m\u00e1s larga e intensa.<\/p>\n<p><strong>\u00a0<\/strong><\/p>\n<p><strong>3. Semiautismo.<\/strong><\/p>\n<p>Se manifiesta en un distanciamiento o desinter\u00e9s del mundo, en no lograr conectarse con nada, es un estado de no pertenencia, de desolaci\u00f3n, de desarraigo, es una sensaci\u00f3n de extra\u00f1eza.<\/p>\n<p><strong>\u00a0<\/strong><\/p>\n<p><strong>4. Crisis Nerviosa.<\/strong><\/p>\n<p>La crisis nerviosa se manifiesta en sensaciones de desespero, agon\u00eda, desasosiego, y sentir que se va a enloquecer, y f\u00edsicamente se siente mareo, maluquera, nauseas, y hasta puede llegar a autoagresiones como dejar de comer, golpearse, ara\u00f1arse, morderse, cortarse o arrancarse el pelo.<\/p>\n<p>&nbsp;<\/p>\n<p><strong>5. Tendencias Suicidas y Suicidio. <\/strong><\/p>\n<p>Las tendencias suicidas se manifiestan en el gusto por actividades peligrosas, fusionado con trastornos mentales como: No tener motivos para vivir, depresi\u00f3n, trastorno bipolar o sinsentido. Las tendencias suicidas son como suicidarse a plazos, lo cual hace que la persona sostenga h\u00e1bitos que niegan la vida, ya que atentan contra la propia integridad f\u00edsica o psicol\u00f3gica. El suicidio es la manifestaci\u00f3n m\u00e1s grave a la que puede conducir la enfermedad del victimismo, por lo que generalmente es un proceso degenerativo que muestra se\u00f1ales en sus diversas etapas, lo cual es fundamental en la terapia, ya que no s\u00f3lo se puede sanar sino tambi\u00e9n prevenir.<\/p>\n<p>&nbsp;<\/p>\n<p>&nbsp;<\/p>\n<p>Art\u00edculo extra\u00eddo del libro:<\/p>\n<p>\u201cManual de Paz y Posconflicto Urbano\u201d.<\/p>\n<p>Autor: Juan David Silva Aguirre.<\/p>\n<p><img loading=\"lazy\" decoding=\"async\" class=\"alignnone wp-image-637\" src=\"http:\/\/culturaneuroactiva.com\/site\/wp-content\/uploads\/2016\/03\/creative-comons-300x105.png\" sizes=\"auto, (max-width: 97px) 100vw, 97px\" srcset=\"http:\/\/culturaneuroactiva.com\/site\/wp-content\/uploads\/2016\/03\/creative-comons-300x105.png 300w, http:\/\/culturaneuroactiva.com\/site\/wp-content\/uploads\/2016\/03\/creative-comons-392x141.png 392w, http:\/\/culturaneuroactiva.com\/site\/wp-content\/uploads\/2016\/03\/creative-comons-390x141.png 390w, http:\/\/culturaneuroactiva.com\/site\/wp-content\/uploads\/2016\/03\/creative-comons.png 403w\" alt=\"creative comons\" width=\"97\" height=\"34\" \/><\/p>\n<p>Red de Aportes a la Paz: <a href=\"http:\/\/culturaneuroactiva.com\/site\/redpaz\/terapias-de-paz\/\">Terapias de Paz<\/a>.<\/p>\n<p>redpaz@culturaneuroactiva.com<\/p>\n<p>redpaz.culturaneuroactiva.com<\/p>\n<p>Medell\u00edn \u2013 Colombia<\/p>\n","protected":false},"excerpt":{"rendered":"<p>&nbsp; Padece de victimismo quien se siente como v\u00edctima, aqu\u00ed la violencia no es hacia afuera sino que es con<\/p>\n","protected":false},"author":1,"featured_media":0,"parent":0,"menu_order":0,"comment_status":"closed","ping_status":"closed","template":"","meta":{"colormag_page_layout":"default_layout","footnotes":""},"class_list":["post-406","page","type-page","status-publish","hentry"],"yoast_head":"<!-- This site is optimized with the Yoast SEO plugin v25.6 - https:\/\/yoast.com\/wordpress\/plugins\/seo\/ -->\n<title>Niveles de Autoviolencia y Victimismo - Guia de Paz Personal<\/title>\n<meta name=\"robots\" content=\"index, follow, max-snippet:-1, max-image-preview:large, max-video-preview:-1\" \/>\n<link rel=\"canonical\" href=\"https:\/\/culturaneuroactiva.com\/site\/guiadepaz\/niveles-de-autoviolencia-y-victimismo\/\" \/>\n<meta property=\"og:locale\" content=\"es_ES\" \/>\n<meta property=\"og:type\" content=\"article\" \/>\n<meta property=\"og:title\" content=\"Niveles de Autoviolencia y Victimismo - Guia de Paz Personal\" \/>\n<meta property=\"og:description\" content=\"&nbsp; Padece de victimismo quien se siente como v\u00edctima, aqu\u00ed la violencia no es hacia afuera sino que es con\" \/>\n<meta property=\"og:url\" content=\"https:\/\/culturaneuroactiva.com\/site\/guiadepaz\/niveles-de-autoviolencia-y-victimismo\/\" \/>\n<meta property=\"og:site_name\" content=\"Guia de Paz Personal\" \/>\n<meta property=\"article:modified_time\" content=\"2017-05-18T05:42:48+00:00\" \/>\n<meta property=\"og:image\" content=\"http:\/\/culturaneuroactiva.com\/site\/wp-content\/uploads\/2016\/03\/creative-comons-300x105.png\" \/>\n<meta name=\"twitter:card\" content=\"summary_large_image\" \/>\n<meta name=\"twitter:label1\" content=\"Tiempo de lectura\" \/>\n\t<meta name=\"twitter:data1\" content=\"2 minutos\" \/>\n<script type=\"application\/ld+json\" class=\"yoast-schema-graph\">{\"@context\":\"https:\/\/schema.org\",\"@graph\":[{\"@type\":\"WebPage\",\"@id\":\"https:\/\/culturaneuroactiva.com\/site\/guiadepaz\/niveles-de-autoviolencia-y-victimismo\/\",\"url\":\"https:\/\/culturaneuroactiva.com\/site\/guiadepaz\/niveles-de-autoviolencia-y-victimismo\/\",\"name\":\"Niveles de Autoviolencia y Victimismo - Guia de Paz Personal\",\"isPartOf\":{\"@id\":\"https:\/\/culturaneuroactiva.com\/site\/guiadepaz\/#website\"},\"primaryImageOfPage\":{\"@id\":\"https:\/\/culturaneuroactiva.com\/site\/guiadepaz\/niveles-de-autoviolencia-y-victimismo\/#primaryimage\"},\"image\":{\"@id\":\"https:\/\/culturaneuroactiva.com\/site\/guiadepaz\/niveles-de-autoviolencia-y-victimismo\/#primaryimage\"},\"thumbnailUrl\":\"http:\/\/culturaneuroactiva.com\/site\/wp-content\/uploads\/2016\/03\/creative-comons-300x105.png\",\"datePublished\":\"2017-05-18T05:38:11+00:00\",\"dateModified\":\"2017-05-18T05:42:48+00:00\",\"breadcrumb\":{\"@id\":\"https:\/\/culturaneuroactiva.com\/site\/guiadepaz\/niveles-de-autoviolencia-y-victimismo\/#breadcrumb\"},\"inLanguage\":\"es\",\"potentialAction\":[{\"@type\":\"ReadAction\",\"target\":[\"https:\/\/culturaneuroactiva.com\/site\/guiadepaz\/niveles-de-autoviolencia-y-victimismo\/\"]}]},{\"@type\":\"ImageObject\",\"inLanguage\":\"es\",\"@id\":\"https:\/\/culturaneuroactiva.com\/site\/guiadepaz\/niveles-de-autoviolencia-y-victimismo\/#primaryimage\",\"url\":\"http:\/\/culturaneuroactiva.com\/site\/wp-content\/uploads\/2016\/03\/creative-comons-300x105.png\",\"contentUrl\":\"http:\/\/culturaneuroactiva.com\/site\/wp-content\/uploads\/2016\/03\/creative-comons-300x105.png\"},{\"@type\":\"BreadcrumbList\",\"@id\":\"https:\/\/culturaneuroactiva.com\/site\/guiadepaz\/niveles-de-autoviolencia-y-victimismo\/#breadcrumb\",\"itemListElement\":[{\"@type\":\"ListItem\",\"position\":1,\"name\":\"Portada\",\"item\":\"https:\/\/culturaneuroactiva.com\/site\/guiadepaz\/\"},{\"@type\":\"ListItem\",\"position\":2,\"name\":\"Niveles de Autoviolencia y Victimismo\"}]},{\"@type\":\"WebSite\",\"@id\":\"https:\/\/culturaneuroactiva.com\/site\/guiadepaz\/#website\",\"url\":\"https:\/\/culturaneuroactiva.com\/site\/guiadepaz\/\",\"name\":\"Guia de Paz Personal\",\"description\":\"Pedagog\u00edas y Terapias de Paz\",\"publisher\":{\"@id\":\"https:\/\/culturaneuroactiva.com\/site\/guiadepaz\/#organization\"},\"potentialAction\":[{\"@type\":\"SearchAction\",\"target\":{\"@type\":\"EntryPoint\",\"urlTemplate\":\"https:\/\/culturaneuroactiva.com\/site\/guiadepaz\/?s={search_term_string}\"},\"query-input\":{\"@type\":\"PropertyValueSpecification\",\"valueRequired\":true,\"valueName\":\"search_term_string\"}}],\"inLanguage\":\"es\"},{\"@type\":\"Organization\",\"@id\":\"https:\/\/culturaneuroactiva.com\/site\/guiadepaz\/#organization\",\"name\":\"Guia de Paz Personal\",\"url\":\"https:\/\/culturaneuroactiva.com\/site\/guiadepaz\/\",\"logo\":{\"@type\":\"ImageObject\",\"inLanguage\":\"es\",\"@id\":\"https:\/\/culturaneuroactiva.com\/site\/guiadepaz\/#\/schema\/logo\/image\/\",\"url\":\"https:\/\/culturaneuroactiva.com\/site\/guiadepaz\/wp-content\/uploads\/sites\/5\/2017\/04\/map_128p.png\",\"contentUrl\":\"https:\/\/culturaneuroactiva.com\/site\/guiadepaz\/wp-content\/uploads\/sites\/5\/2017\/04\/map_128p.png\",\"width\":128,\"height\":128,\"caption\":\"Guia de Paz Personal\"},\"image\":{\"@id\":\"https:\/\/culturaneuroactiva.com\/site\/guiadepaz\/#\/schema\/logo\/image\/\"}}]}<\/script>\n<!-- \/ Yoast SEO plugin. -->","yoast_head_json":{"title":"Niveles de Autoviolencia y Victimismo - Guia de Paz Personal","robots":{"index":"index","follow":"follow","max-snippet":"max-snippet:-1","max-image-preview":"max-image-preview:large","max-video-preview":"max-video-preview:-1"},"canonical":"https:\/\/culturaneuroactiva.com\/site\/guiadepaz\/niveles-de-autoviolencia-y-victimismo\/","og_locale":"es_ES","og_type":"article","og_title":"Niveles de Autoviolencia y Victimismo - Guia de Paz Personal","og_description":"&nbsp; Padece de victimismo quien se siente como v\u00edctima, aqu\u00ed la violencia no es hacia afuera sino que es con","og_url":"https:\/\/culturaneuroactiva.com\/site\/guiadepaz\/niveles-de-autoviolencia-y-victimismo\/","og_site_name":"Guia de Paz Personal","article_modified_time":"2017-05-18T05:42:48+00:00","og_image":[{"url":"http:\/\/culturaneuroactiva.com\/site\/wp-content\/uploads\/2016\/03\/creative-comons-300x105.png","type":"","width":"","height":""}],"twitter_card":"summary_large_image","twitter_misc":{"Tiempo de lectura":"2 minutos"},"schema":{"@context":"https:\/\/schema.org","@graph":[{"@type":"WebPage","@id":"https:\/\/culturaneuroactiva.com\/site\/guiadepaz\/niveles-de-autoviolencia-y-victimismo\/","url":"https:\/\/culturaneuroactiva.com\/site\/guiadepaz\/niveles-de-autoviolencia-y-victimismo\/","name":"Niveles de Autoviolencia y Victimismo - Guia de Paz Personal","isPartOf":{"@id":"https:\/\/culturaneuroactiva.com\/site\/guiadepaz\/#website"},"primaryImageOfPage":{"@id":"https:\/\/culturaneuroactiva.com\/site\/guiadepaz\/niveles-de-autoviolencia-y-victimismo\/#primaryimage"},"image":{"@id":"https:\/\/culturaneuroactiva.com\/site\/guiadepaz\/niveles-de-autoviolencia-y-victimismo\/#primaryimage"},"thumbnailUrl":"http:\/\/culturaneuroactiva.com\/site\/wp-content\/uploads\/2016\/03\/creative-comons-300x105.png","datePublished":"2017-05-18T05:38:11+00:00","dateModified":"2017-05-18T05:42:48+00:00","breadcrumb":{"@id":"https:\/\/culturaneuroactiva.com\/site\/guiadepaz\/niveles-de-autoviolencia-y-victimismo\/#breadcrumb"},"inLanguage":"es","potentialAction":[{"@type":"ReadAction","target":["https:\/\/culturaneuroactiva.com\/site\/guiadepaz\/niveles-de-autoviolencia-y-victimismo\/"]}]},{"@type":"ImageObject","inLanguage":"es","@id":"https:\/\/culturaneuroactiva.com\/site\/guiadepaz\/niveles-de-autoviolencia-y-victimismo\/#primaryimage","url":"http:\/\/culturaneuroactiva.com\/site\/wp-content\/uploads\/2016\/03\/creative-comons-300x105.png","contentUrl":"http:\/\/culturaneuroactiva.com\/site\/wp-content\/uploads\/2016\/03\/creative-comons-300x105.png"},{"@type":"BreadcrumbList","@id":"https:\/\/culturaneuroactiva.com\/site\/guiadepaz\/niveles-de-autoviolencia-y-victimismo\/#breadcrumb","itemListElement":[{"@type":"ListItem","position":1,"name":"Portada","item":"https:\/\/culturaneuroactiva.com\/site\/guiadepaz\/"},{"@type":"ListItem","position":2,"name":"Niveles de Autoviolencia y Victimismo"}]},{"@type":"WebSite","@id":"https:\/\/culturaneuroactiva.com\/site\/guiadepaz\/#website","url":"https:\/\/culturaneuroactiva.com\/site\/guiadepaz\/","name":"Guia de Paz Personal","description":"Pedagog\u00edas y Terapias de Paz","publisher":{"@id":"https:\/\/culturaneuroactiva.com\/site\/guiadepaz\/#organization"},"potentialAction":[{"@type":"SearchAction","target":{"@type":"EntryPoint","urlTemplate":"https:\/\/culturaneuroactiva.com\/site\/guiadepaz\/?s={search_term_string}"},"query-input":{"@type":"PropertyValueSpecification","valueRequired":true,"valueName":"search_term_string"}}],"inLanguage":"es"},{"@type":"Organization","@id":"https:\/\/culturaneuroactiva.com\/site\/guiadepaz\/#organization","name":"Guia de Paz Personal","url":"https:\/\/culturaneuroactiva.com\/site\/guiadepaz\/","logo":{"@type":"ImageObject","inLanguage":"es","@id":"https:\/\/culturaneuroactiva.com\/site\/guiadepaz\/#\/schema\/logo\/image\/","url":"https:\/\/culturaneuroactiva.com\/site\/guiadepaz\/wp-content\/uploads\/sites\/5\/2017\/04\/map_128p.png","contentUrl":"https:\/\/culturaneuroactiva.com\/site\/guiadepaz\/wp-content\/uploads\/sites\/5\/2017\/04\/map_128p.png","width":128,"height":128,"caption":"Guia de Paz Personal"},"image":{"@id":"https:\/\/culturaneuroactiva.com\/site\/guiadepaz\/#\/schema\/logo\/image\/"}}]}},"_links":{"self":[{"href":"https:\/\/culturaneuroactiva.com\/site\/guiadepaz\/wp-json\/wp\/v2\/pages\/406","targetHints":{"allow":["GET"]}}],"collection":[{"href":"https:\/\/culturaneuroactiva.com\/site\/guiadepaz\/wp-json\/wp\/v2\/pages"}],"about":[{"href":"https:\/\/culturaneuroactiva.com\/site\/guiadepaz\/wp-json\/wp\/v2\/types\/page"}],"author":[{"embeddable":true,"href":"https:\/\/culturaneuroactiva.com\/site\/guiadepaz\/wp-json\/wp\/v2\/users\/1"}],"replies":[{"embeddable":true,"href":"https:\/\/culturaneuroactiva.com\/site\/guiadepaz\/wp-json\/wp\/v2\/comments?post=406"}],"version-history":[{"count":4,"href":"https:\/\/culturaneuroactiva.com\/site\/guiadepaz\/wp-json\/wp\/v2\/pages\/406\/revisions"}],"predecessor-version":[{"id":410,"href":"https:\/\/culturaneuroactiva.com\/site\/guiadepaz\/wp-json\/wp\/v2\/pages\/406\/revisions\/410"}],"wp:attachment":[{"href":"https:\/\/culturaneuroactiva.com\/site\/guiadepaz\/wp-json\/wp\/v2\/media?parent=406"}],"curies":[{"name":"wp","href":"https:\/\/api.w.org\/{rel}","templated":true}]}}