{"id":383,"date":"2017-05-18T04:44:32","date_gmt":"2017-05-18T04:44:32","guid":{"rendered":"http:\/\/culturaneuroactiva.com\/site\/redpaz\/?page_id=383"},"modified":"2017-09-05T05:49:47","modified_gmt":"2017-09-05T05:49:47","slug":"niveles-de-violencia","status":"publish","type":"page","link":"https:\/\/culturaneuroactiva.com\/site\/guiadepaz\/niveles-de-violencia\/","title":{"rendered":"Niveles de Violencia"},"content":{"rendered":"<h6><span style=\"color: #333399;\">La violencia no es una sola ya que tiene clases, campos y niveles, o sea que existen varias clases de violencia como f\u00edsica, psicol\u00f3gica, sexual, simb\u00f3lica, pol\u00edtica o prenatal, tambi\u00e9n existen varios destinatarios o campos de la violencia como por ejemplo violencia infantil, racial, de g\u00e9nero, delincuencia o insurgencia, y por \u00faltimo existen seis niveles de violencia que son: Intolerancia, enojo, odio, ira, agresividad y violencia asesina, por lo general los tres primeros se manifiestan de manera mental o verbal, pero los tres \u00faltimos implican manifestaciones f\u00edsicas.<\/span><\/h6>\n<p>&nbsp;<\/p>\n<ol>\n<li>\n<h6><span style=\"color: #333399;\"><strong> Intolerancia o Indiferencia<\/strong><\/span><\/h6>\n<\/li>\n<\/ol>\n<p>La intolerancia es un rechazo o fastidio que se da frente a la diferencia, frente al error y frente al fracaso, se produce cuando en una persona se juntan tres factores: psicorrigidez, importancia personal e inmadurez emocional. Tiene la capacidad de generar desde incomodidad hasta rabia. La indiferencia es una forma pasiva y camuflada de la misma intolerancia, ya que otra forma de eliminar aquello que desagrada es haciendo que esto deje de importar, con lo cual se borra del campo perceptual.<\/p>\n<p>&nbsp;<\/p>\n<ol start=\"2\">\n<li>\n<h6><span style=\"color: #333399;\"><strong> Enojo<\/strong><\/span><\/h6>\n<\/li>\n<\/ol>\n<p>El enojo es una emoci\u00f3n que surge de manera natural en personas con inmadurez emocional, cuando se les frustra el deseo en dos situaciones b\u00e1sicas, cuando un error de otro alcanza a afectarlos, y cuando las cosas no les salen como estaban planeadas. Una persona con la mente madura cuenta con tolerancia ante la frustraci\u00f3n, por eso cuando se enfrenta con la adversidad o con la diferencia, no reacciona sinti\u00e9ndose mal y poni\u00e9ndose agresiva, sino aceptando la situaci\u00f3n, sublimando la energ\u00eda t\u00f3xica, entendiendo al otro, y corrigiendo el error con amor.<\/p>\n<p>El enojo se puede expresar de tres formas b\u00e1sicas: De manera verbal con rabia, de manera verbal sin rabia, y de manera silenciosa o simb\u00f3lica, como por ejemplo quedarse callado en medio de la conversaci\u00f3n, dejarle de hablar a la otra persona, colgar el tel\u00e9fono, ser s\u00ednico, decir iron\u00edas, montar calumnias, modificar negativamente los h\u00e1bitos o el tono de la voz.<\/p>\n<p>Detr\u00e1s del enojo la persona est\u00e1 defendiendo principios o aspectos importantes, por eso \u00e9ste se caracteriza porque no pasa r\u00e1pido, a menos que haya una disculpa sincera o una reparaci\u00f3n del da\u00f1o. El enojo es una respuesta emocional condicionada, que se puede manejar para que pase r\u00e1pido, y tambi\u00e9n se puede prevenir para que no vuelva a dar. Cada enojo que sale es muy bueno en el fondo, ya que es la oportunidad de descubrir un temor o aspecto propio enfermo, para trabajarlo y sanarlo, con el objetivo que ya no moleste m\u00e1s.<\/p>\n<p><strong>\u00a0<\/strong><\/p>\n<ol start=\"3\">\n<li>\n<h6><span style=\"color: #333399;\"><strong> Odio<\/strong><\/span><\/h6>\n<\/li>\n<\/ol>\n<p>Casi todos los niveles de violencia tienen en com\u00fan que son una reacci\u00f3n frente a una frustraci\u00f3n o peligro que ocurre de forma espont\u00e1nea en tiempo presente, en cambio el odio y la intolerancia no se generan en el instante mismo, sino que tienen profundas ra\u00edces que tocan el pasado personal, y mueven un contenido acumulado de emociones negativas que se convierten en pasi\u00f3n invertida, al punto de generar una predisposici\u00f3n negativa permanente que se instaura en el sistema de creencias de la persona, y act\u00faa como motor de actos violentos premeditados y sostenidos en el tiempo, como se da por ejemplo en casos de venganza y de bulling.<\/p>\n<p>Seg\u00fan la intensidad y el tipo de manejo, el odio se divide en potencial y manifiesto, o sea que es casi normal que a una persona le disguste tanto algo que llegue hasta odiarlo, pero cuando esta energ\u00eda potencial es demasiado grande o cuando encuentra alg\u00fan elemento detonante entonces es liberada a trav\u00e9s de un acto violento que busca generar da\u00f1o f\u00edsico o psicoemocional.<\/p>\n<p><strong>\u00a0<\/strong><\/p>\n<ol start=\"4\">\n<li>\n<h6><span style=\"color: #333399;\"><strong> Ira<\/strong><\/span><\/h6>\n<\/li>\n<\/ol>\n<p>Cuando el enojo se deja desbocar o el odio sube a niveles muy altos entonces se convierten en ira, la cual es un disgusto muy fuerte que ciega a la persona y se expresa principalmente de forma verbal, a trav\u00e9s de alegatos, insultos, pataletas, gritos y palabras ofensivas.<\/p>\n<p>La ira se caracteriza porque es muy intensa, cambia la \u00f3ptica y la personalidad mientras dure, y por lo general pasa r\u00e1pido, o sea que no es una posici\u00f3n radical sino que es algo que se desvanece en el tiempo.<\/p>\n<p><strong>\u00a0<\/strong><\/p>\n<ol start=\"5\">\n<li>\n<h6><span style=\"color: #333399;\"><strong> Agresividad<\/strong><\/span><\/h6>\n<\/li>\n<\/ol>\n<p>Cuando la ira se deja desbocar se convierte en agresiones f\u00edsicas como golpes y peleas, las cuales se generan debido a no saber manejar el instinto de defensa, que sale como respuesta al sentirse irrespetado o atacado, pero por lo general sale en un contexto no adecuado, como en la pareja, la familia, el estudio o el trabajo, e igualmente sale de forma desproporcionada a la ofensa inicial, en una manifestaci\u00f3n violenta que busca hacer da\u00f1o y que se toma inconscientemente como una especie de justicia privada, la cual puede incluir mensajes agresivos, intimidaciones, abusos, golpizas, y amenazas verbales que van desde simples advertencias hasta amenazas de muerte.<\/p>\n<p>&nbsp;<\/p>\n<ol start=\"6\">\n<li>\n<h6><span style=\"color: #333399;\"><strong>Violencia Asesina<\/strong><\/span><\/h6>\n<\/li>\n<\/ol>\n<p>Cuando la agresividad se deja desbocar se convierte en violencia asesina, ya que cuando la ira crece de forma incontrolable llega hasta el punto en el que detona el instinto de defensa, que cuando no se sabe manejar se convierte en instinto criminal, y este es el origen de todas las golpizas brutales y de todos los homicidios que ocurren por fuera de la delincuencia y de la insurgencia, cometidos por personas del com\u00fan como cualquier novio, esposo, conductor, hincha, vecino o padre de familia.<\/p>\n<p>La violencia asesina se da en dos niveles, el primer nivel corresponde a las agresiones letales con armas peligrosas como palos, piedras, objetos corto-punzantes, armas de fuego, \u00e1cidos y venenos, y el segundo nivel corresponde a las venganzas y agresiones a las pertenencias o seres queridos del amenazado. Este tipo de violencia por lo general se desarrolla en contextos de intimidad con seres queridos, que agreden con o sin intenci\u00f3n los aspectos en donde el otro tiene depositados sus sentimientos.<\/p>\n<p>El perfil de quienes cometen actos de violencia asesina, son personas con brillante desempe\u00f1o que manejan mucho poder econ\u00f3mico o social, por lo general son l\u00edderes o personas carism\u00e1ticas, queridas y deseadas por todos, pero debido a su poca humildad fusionada con otros factores como intolerancia, inexperiencia, psicorrigidez y perfeccionismo, esto hace que cuando se sienten agredidos o cuando un ser querido les contradice o comete alg\u00fan error u ofensa, esto les detone una ira ciega que termina en un acto intenso de violencia.<\/p>\n<p>&nbsp;<\/p>\n<p>&nbsp;<\/p>\n<p>&nbsp;<\/p>\n<p>Art\u00edculo extra\u00eddo del libro:<\/p>\n<p>\u201cManual de Paz Personal\u201d.<\/p>\n<p>Autor: Juan David Silva Aguirre.<\/p>\n<p><img loading=\"lazy\" decoding=\"async\" class=\"alignnone wp-image-637\" src=\"http:\/\/culturaneuroactiva.com\/site\/wp-content\/uploads\/2016\/03\/creative-comons-300x105.png\" sizes=\"auto, (max-width: 97px) 100vw, 97px\" srcset=\"http:\/\/culturaneuroactiva.com\/site\/wp-content\/uploads\/2016\/03\/creative-comons-300x105.png 300w, http:\/\/culturaneuroactiva.com\/site\/wp-content\/uploads\/2016\/03\/creative-comons-392x141.png 392w, http:\/\/culturaneuroactiva.com\/site\/wp-content\/uploads\/2016\/03\/creative-comons-390x141.png 390w, http:\/\/culturaneuroactiva.com\/site\/wp-content\/uploads\/2016\/03\/creative-comons.png 403w\" alt=\"creative comons\" width=\"97\" height=\"34\" \/><\/p>\n<p>Red de Paz Personal: <a href=\"http:\/\/culturaneuroactiva.com\/site\/redpaz\/terapias-de-paz\/\">Terapias de Paz<\/a>.<\/p>\n<p>reddepazpersonal@gmail.com<\/p>\n<p>redpaz.culturaneuroactiva.com<\/p>\n<p>Medell\u00edn \u2013 Colombia<\/p>\n","protected":false},"excerpt":{"rendered":"<p>La violencia no es una sola ya que tiene clases, campos y niveles, o sea que existen varias clases de<\/p>\n","protected":false},"author":1,"featured_media":0,"parent":0,"menu_order":0,"comment_status":"closed","ping_status":"closed","template":"","meta":{"colormag_page_layout":"no_sidebar_content_centered","footnotes":""},"class_list":["post-383","page","type-page","status-publish","hentry"],"yoast_head":"<!-- This site is optimized with the Yoast SEO plugin v25.6 - https:\/\/yoast.com\/wordpress\/plugins\/seo\/ -->\n<title>Niveles de Violencia - Guia de Paz Personal<\/title>\n<meta name=\"robots\" content=\"index, follow, max-snippet:-1, max-image-preview:large, max-video-preview:-1\" \/>\n<link rel=\"canonical\" href=\"https:\/\/culturaneuroactiva.com\/site\/guiadepaz\/niveles-de-violencia\/\" \/>\n<meta property=\"og:locale\" content=\"es_ES\" \/>\n<meta property=\"og:type\" content=\"article\" \/>\n<meta property=\"og:title\" content=\"Niveles de Violencia - Guia de Paz Personal\" \/>\n<meta property=\"og:description\" content=\"La violencia no es una sola ya que tiene clases, campos y niveles, o sea que existen varias clases de\" \/>\n<meta property=\"og:url\" content=\"https:\/\/culturaneuroactiva.com\/site\/guiadepaz\/niveles-de-violencia\/\" \/>\n<meta property=\"og:site_name\" content=\"Guia de Paz Personal\" \/>\n<meta property=\"article:modified_time\" content=\"2017-09-05T05:49:47+00:00\" \/>\n<meta property=\"og:image\" content=\"http:\/\/culturaneuroactiva.com\/site\/wp-content\/uploads\/2016\/03\/creative-comons-300x105.png\" \/>\n<meta name=\"twitter:card\" content=\"summary_large_image\" \/>\n<meta name=\"twitter:label1\" content=\"Tiempo de lectura\" \/>\n\t<meta name=\"twitter:data1\" content=\"6 minutos\" \/>\n<script type=\"application\/ld+json\" class=\"yoast-schema-graph\">{\"@context\":\"https:\/\/schema.org\",\"@graph\":[{\"@type\":\"WebPage\",\"@id\":\"https:\/\/culturaneuroactiva.com\/site\/guiadepaz\/niveles-de-violencia\/\",\"url\":\"https:\/\/culturaneuroactiva.com\/site\/guiadepaz\/niveles-de-violencia\/\",\"name\":\"Niveles de Violencia - Guia de Paz Personal\",\"isPartOf\":{\"@id\":\"https:\/\/culturaneuroactiva.com\/site\/guiadepaz\/#website\"},\"primaryImageOfPage\":{\"@id\":\"https:\/\/culturaneuroactiva.com\/site\/guiadepaz\/niveles-de-violencia\/#primaryimage\"},\"image\":{\"@id\":\"https:\/\/culturaneuroactiva.com\/site\/guiadepaz\/niveles-de-violencia\/#primaryimage\"},\"thumbnailUrl\":\"http:\/\/culturaneuroactiva.com\/site\/wp-content\/uploads\/2016\/03\/creative-comons-300x105.png\",\"datePublished\":\"2017-05-18T04:44:32+00:00\",\"dateModified\":\"2017-09-05T05:49:47+00:00\",\"breadcrumb\":{\"@id\":\"https:\/\/culturaneuroactiva.com\/site\/guiadepaz\/niveles-de-violencia\/#breadcrumb\"},\"inLanguage\":\"es\",\"potentialAction\":[{\"@type\":\"ReadAction\",\"target\":[\"https:\/\/culturaneuroactiva.com\/site\/guiadepaz\/niveles-de-violencia\/\"]}]},{\"@type\":\"ImageObject\",\"inLanguage\":\"es\",\"@id\":\"https:\/\/culturaneuroactiva.com\/site\/guiadepaz\/niveles-de-violencia\/#primaryimage\",\"url\":\"http:\/\/culturaneuroactiva.com\/site\/wp-content\/uploads\/2016\/03\/creative-comons-300x105.png\",\"contentUrl\":\"http:\/\/culturaneuroactiva.com\/site\/wp-content\/uploads\/2016\/03\/creative-comons-300x105.png\"},{\"@type\":\"BreadcrumbList\",\"@id\":\"https:\/\/culturaneuroactiva.com\/site\/guiadepaz\/niveles-de-violencia\/#breadcrumb\",\"itemListElement\":[{\"@type\":\"ListItem\",\"position\":1,\"name\":\"Portada\",\"item\":\"https:\/\/culturaneuroactiva.com\/site\/guiadepaz\/\"},{\"@type\":\"ListItem\",\"position\":2,\"name\":\"Niveles de Violencia\"}]},{\"@type\":\"WebSite\",\"@id\":\"https:\/\/culturaneuroactiva.com\/site\/guiadepaz\/#website\",\"url\":\"https:\/\/culturaneuroactiva.com\/site\/guiadepaz\/\",\"name\":\"Guia de Paz Personal\",\"description\":\"Pedagog\u00edas y Terapias de Paz\",\"publisher\":{\"@id\":\"https:\/\/culturaneuroactiva.com\/site\/guiadepaz\/#organization\"},\"potentialAction\":[{\"@type\":\"SearchAction\",\"target\":{\"@type\":\"EntryPoint\",\"urlTemplate\":\"https:\/\/culturaneuroactiva.com\/site\/guiadepaz\/?s={search_term_string}\"},\"query-input\":{\"@type\":\"PropertyValueSpecification\",\"valueRequired\":true,\"valueName\":\"search_term_string\"}}],\"inLanguage\":\"es\"},{\"@type\":\"Organization\",\"@id\":\"https:\/\/culturaneuroactiva.com\/site\/guiadepaz\/#organization\",\"name\":\"Guia de Paz Personal\",\"url\":\"https:\/\/culturaneuroactiva.com\/site\/guiadepaz\/\",\"logo\":{\"@type\":\"ImageObject\",\"inLanguage\":\"es\",\"@id\":\"https:\/\/culturaneuroactiva.com\/site\/guiadepaz\/#\/schema\/logo\/image\/\",\"url\":\"https:\/\/culturaneuroactiva.com\/site\/guiadepaz\/wp-content\/uploads\/sites\/5\/2017\/04\/map_128p.png\",\"contentUrl\":\"https:\/\/culturaneuroactiva.com\/site\/guiadepaz\/wp-content\/uploads\/sites\/5\/2017\/04\/map_128p.png\",\"width\":128,\"height\":128,\"caption\":\"Guia de Paz Personal\"},\"image\":{\"@id\":\"https:\/\/culturaneuroactiva.com\/site\/guiadepaz\/#\/schema\/logo\/image\/\"}}]}<\/script>\n<!-- \/ Yoast SEO plugin. -->","yoast_head_json":{"title":"Niveles de Violencia - Guia de Paz Personal","robots":{"index":"index","follow":"follow","max-snippet":"max-snippet:-1","max-image-preview":"max-image-preview:large","max-video-preview":"max-video-preview:-1"},"canonical":"https:\/\/culturaneuroactiva.com\/site\/guiadepaz\/niveles-de-violencia\/","og_locale":"es_ES","og_type":"article","og_title":"Niveles de Violencia - Guia de Paz Personal","og_description":"La violencia no es una sola ya que tiene clases, campos y niveles, o sea que existen varias clases de","og_url":"https:\/\/culturaneuroactiva.com\/site\/guiadepaz\/niveles-de-violencia\/","og_site_name":"Guia de Paz Personal","article_modified_time":"2017-09-05T05:49:47+00:00","og_image":[{"url":"http:\/\/culturaneuroactiva.com\/site\/wp-content\/uploads\/2016\/03\/creative-comons-300x105.png","type":"","width":"","height":""}],"twitter_card":"summary_large_image","twitter_misc":{"Tiempo de lectura":"6 minutos"},"schema":{"@context":"https:\/\/schema.org","@graph":[{"@type":"WebPage","@id":"https:\/\/culturaneuroactiva.com\/site\/guiadepaz\/niveles-de-violencia\/","url":"https:\/\/culturaneuroactiva.com\/site\/guiadepaz\/niveles-de-violencia\/","name":"Niveles de Violencia - Guia de Paz Personal","isPartOf":{"@id":"https:\/\/culturaneuroactiva.com\/site\/guiadepaz\/#website"},"primaryImageOfPage":{"@id":"https:\/\/culturaneuroactiva.com\/site\/guiadepaz\/niveles-de-violencia\/#primaryimage"},"image":{"@id":"https:\/\/culturaneuroactiva.com\/site\/guiadepaz\/niveles-de-violencia\/#primaryimage"},"thumbnailUrl":"http:\/\/culturaneuroactiva.com\/site\/wp-content\/uploads\/2016\/03\/creative-comons-300x105.png","datePublished":"2017-05-18T04:44:32+00:00","dateModified":"2017-09-05T05:49:47+00:00","breadcrumb":{"@id":"https:\/\/culturaneuroactiva.com\/site\/guiadepaz\/niveles-de-violencia\/#breadcrumb"},"inLanguage":"es","potentialAction":[{"@type":"ReadAction","target":["https:\/\/culturaneuroactiva.com\/site\/guiadepaz\/niveles-de-violencia\/"]}]},{"@type":"ImageObject","inLanguage":"es","@id":"https:\/\/culturaneuroactiva.com\/site\/guiadepaz\/niveles-de-violencia\/#primaryimage","url":"http:\/\/culturaneuroactiva.com\/site\/wp-content\/uploads\/2016\/03\/creative-comons-300x105.png","contentUrl":"http:\/\/culturaneuroactiva.com\/site\/wp-content\/uploads\/2016\/03\/creative-comons-300x105.png"},{"@type":"BreadcrumbList","@id":"https:\/\/culturaneuroactiva.com\/site\/guiadepaz\/niveles-de-violencia\/#breadcrumb","itemListElement":[{"@type":"ListItem","position":1,"name":"Portada","item":"https:\/\/culturaneuroactiva.com\/site\/guiadepaz\/"},{"@type":"ListItem","position":2,"name":"Niveles de Violencia"}]},{"@type":"WebSite","@id":"https:\/\/culturaneuroactiva.com\/site\/guiadepaz\/#website","url":"https:\/\/culturaneuroactiva.com\/site\/guiadepaz\/","name":"Guia de Paz Personal","description":"Pedagog\u00edas y Terapias de Paz","publisher":{"@id":"https:\/\/culturaneuroactiva.com\/site\/guiadepaz\/#organization"},"potentialAction":[{"@type":"SearchAction","target":{"@type":"EntryPoint","urlTemplate":"https:\/\/culturaneuroactiva.com\/site\/guiadepaz\/?s={search_term_string}"},"query-input":{"@type":"PropertyValueSpecification","valueRequired":true,"valueName":"search_term_string"}}],"inLanguage":"es"},{"@type":"Organization","@id":"https:\/\/culturaneuroactiva.com\/site\/guiadepaz\/#organization","name":"Guia de Paz Personal","url":"https:\/\/culturaneuroactiva.com\/site\/guiadepaz\/","logo":{"@type":"ImageObject","inLanguage":"es","@id":"https:\/\/culturaneuroactiva.com\/site\/guiadepaz\/#\/schema\/logo\/image\/","url":"https:\/\/culturaneuroactiva.com\/site\/guiadepaz\/wp-content\/uploads\/sites\/5\/2017\/04\/map_128p.png","contentUrl":"https:\/\/culturaneuroactiva.com\/site\/guiadepaz\/wp-content\/uploads\/sites\/5\/2017\/04\/map_128p.png","width":128,"height":128,"caption":"Guia de Paz Personal"},"image":{"@id":"https:\/\/culturaneuroactiva.com\/site\/guiadepaz\/#\/schema\/logo\/image\/"}}]}},"_links":{"self":[{"href":"https:\/\/culturaneuroactiva.com\/site\/guiadepaz\/wp-json\/wp\/v2\/pages\/383","targetHints":{"allow":["GET"]}}],"collection":[{"href":"https:\/\/culturaneuroactiva.com\/site\/guiadepaz\/wp-json\/wp\/v2\/pages"}],"about":[{"href":"https:\/\/culturaneuroactiva.com\/site\/guiadepaz\/wp-json\/wp\/v2\/types\/page"}],"author":[{"embeddable":true,"href":"https:\/\/culturaneuroactiva.com\/site\/guiadepaz\/wp-json\/wp\/v2\/users\/1"}],"replies":[{"embeddable":true,"href":"https:\/\/culturaneuroactiva.com\/site\/guiadepaz\/wp-json\/wp\/v2\/comments?post=383"}],"version-history":[{"count":3,"href":"https:\/\/culturaneuroactiva.com\/site\/guiadepaz\/wp-json\/wp\/v2\/pages\/383\/revisions"}],"predecessor-version":[{"id":620,"href":"https:\/\/culturaneuroactiva.com\/site\/guiadepaz\/wp-json\/wp\/v2\/pages\/383\/revisions\/620"}],"wp:attachment":[{"href":"https:\/\/culturaneuroactiva.com\/site\/guiadepaz\/wp-json\/wp\/v2\/media?parent=383"}],"curies":[{"name":"wp","href":"https:\/\/api.w.org\/{rel}","templated":true}]}}