{"id":365,"date":"2017-05-17T19:01:50","date_gmt":"2017-05-17T19:01:50","guid":{"rendered":"http:\/\/culturaneuroactiva.com\/site\/redpaz\/?page_id=365"},"modified":"2017-09-26T01:00:35","modified_gmt":"2017-09-26T01:00:35","slug":"clases-de-agresores","status":"publish","type":"page","link":"https:\/\/culturaneuroactiva.com\/site\/guiadepaz\/clases-de-agresores\/","title":{"rendered":"Clases de Agresores"},"content":{"rendered":"<h6>\u00a0<img loading=\"lazy\" decoding=\"async\" class=\" wp-image-723 aligncenter\" src=\"http:\/\/culturaneuroactiva.com\/site\/redpaz\/wp-content\/uploads\/sites\/5\/2017\/05\/ira-300x169.jpg\" alt=\"\" width=\"505\" height=\"284\" srcset=\"https:\/\/culturaneuroactiva.com\/site\/guiadepaz\/wp-content\/uploads\/sites\/5\/2017\/05\/ira-300x169.jpg 300w, https:\/\/culturaneuroactiva.com\/site\/guiadepaz\/wp-content\/uploads\/sites\/5\/2017\/05\/ira-768x432.jpg 768w, https:\/\/culturaneuroactiva.com\/site\/guiadepaz\/wp-content\/uploads\/sites\/5\/2017\/05\/ira-600x338.jpg 600w, https:\/\/culturaneuroactiva.com\/site\/guiadepaz\/wp-content\/uploads\/sites\/5\/2017\/05\/ira.jpg 960w\" sizes=\"auto, (max-width: 505px) 100vw, 505px\" \/><\/h6>\n<h6><span style=\"color: #333399;\">Agresor es el nombre que se le da a toda persona que siendo movida por el enojo, no sea capaz de controlar sus impulsos agresivos y cometa un acto de violencia f\u00edsica o psicol\u00f3gica que busca hacer da\u00f1o a su oponente, como una especie de justicia privada para saldar la causa del enojo y de esta manera liberar la tenci\u00f3n, que al salir como energ\u00eda t\u00f3xica dirigida hacia el oponente, genera una cadena de violencia que por lo general termina en un conflicto, que puede ir desde alegatos, hasta llegar a peleas que pueden terminar en golpizas brutales y homicidios.\u00a0<\/span><\/h6>\n<p>Un agresor o victimario no es necesariamente una mala persona, inclusive muchos de los tipos de agresores son la mayor parte del tiempo unas buenas personas con virtudes y talentos, de hecho ser\u00eda atrevido juzgar a otro por ser agresor o hablar del agresor como algo externo, ya que la agresividad forma parte del sistema de defensa que lleva cada persona en su interior, como parte constitutiva de su equipaje necesario en su paso por la vida, pero el problema no es la herramienta sino con su modo de uso, ya que cuando las armas b\u00e9licas no se saben utilizar, dejan de usarse para defenderse y empiezan a usarse para agredir, lo que da como resultado todos los problemas de violencia.<\/p>\n<p>En el victimario o agresor se juntan varios factores: Exceso de confianza, con inmadurez psicoemocional, con complejo de justiciero, y muchas veces con la raz\u00f3n de su parte, pero esto es s\u00f3lo en t\u00e9rminos generales, ya que existen m\u00faltiples factores que determinan el tipo de agresor que sea cada persona de manera conciente o inconsciente.<\/p>\n<p>En este punto hay que identificar la clase o tipo de agresor al que se pertenezca, hay que tener en cuenta que puede ser un solo arquetipo o la fusi\u00f3n de varios, cabe aclarar que las clases de agresores son simplemente arquetipos humanos o perfiles de personas y por eso est\u00e1n antecedidos con el art\u00edculo \u201cel\u201d, en este caso el art\u00edculo no est\u00e1 refiri\u00e9ndose al g\u00e9nero masculino, ya que como se trata de perfiles o arquetipos entran mujeres y hombres por igual. Las clases o perfiles de agresores son los siguientes:<\/p>\n<p>&nbsp;<\/p>\n<h6><span style=\"color: #333399;\"><strong>El L\u00edder Negativo<\/strong><\/span><\/h6>\n<p>El l\u00edder negativo no se refiere a los l\u00edderes para asuntos delincuenciales o de antivalores, sino que es el l\u00edder que utiliza la violencia debido a exceso de confianza o abuso de poder, o debido a encarnar el arquetipo del \u201cmacho facho\u201d, que corresponde al l\u00edder insensible que se hace respetar a punta de temor y no por resolver problemas o por sus buenas gestiones.<\/p>\n<p>&nbsp;<\/p>\n<h6><span style=\"color: #333399;\"><strong style=\"line-height: 1.5;\">El Iracundo<\/strong><\/span><\/h6>\n<p>Utiliza la violencia debido a su mal genio y a su no manejo de las emociones, por lo general son personas que tienen una \u00f3ptica negativa de la realidad.<\/p>\n<p>&nbsp;<\/p>\n<h6><span style=\"color: #333399;\"><strong style=\"line-height: 1.5;\">El Ni\u00f1o Malcriado<\/strong><\/span><\/h6>\n<p>En casi todos los actos de violencia suele haber inmadurez emocional, pero este arquetipo espec\u00edfico utiliza violencia como complemento a su enojo, detonado por cualquier frustraci\u00f3n, ya que este perfil de personas no tienen tolerancia ante la frustraci\u00f3n y esto las hace muy explosivas emocionalmente cuando las contradicen o cuando las cosas no les salen seg\u00fan lo planeado.<\/p>\n<p>&nbsp;<\/p>\n<h6><span style=\"color: #333399;\"><strong style=\"line-height: 1.5;\">El Enamorado<\/strong><\/span><\/h6>\n<p>Aqu\u00ed entran las personas promiscuas que tengan muchas parejas, las cuales por lo general son muy atractivas al sexo opuesto, pero lo que tienen al principio de formales y coquetos puede transformarse en un ogro en un segundo, si a caso la pareja las contradice en algo o las agrede con alg\u00fan aspecto de su sombra, por lo general utilizan la violencia cegados por la ira o como instrumento de venganza.<\/p>\n<p>&nbsp;<\/p>\n<h6><span style=\"color: #333399;\"><strong style=\"line-height: 1.5;\">El Celoso<\/strong><\/span><\/h6>\n<p>Este arquetipo utiliza la violencia en situaciones de infidelidad, y se diferencia del enamorado porque lo que detona su agresividad no es que lo contradigan sino \u201cque le monten cachos con otra persona\u201d.<\/p>\n<p>&nbsp;<\/p>\n<h6><span style=\"color: #333399;\"><strong style=\"line-height: 1.5;\">El Exitoso<\/strong><\/span><\/h6>\n<p>Este arquetipo corresponde a personas de estrato alto que no conocen la derrota y la vida les sonr\u00ede en un per\u00edodo largo de tiempo, lo que ellos toman como algo permanente hasta alcanzar la sensaci\u00f3n de completa seguridad, pero alg\u00fan d\u00eda cuando la magia se acaba y la vida los frustra con algo, o si les toca perder, o cuando algo los saca de la zona de confort, o si alguna persona los contradice, entonces utilizan la violencia como indignaci\u00f3n suprema ante esta experiencia que los desborda y los hace salirse de control.<\/p>\n<p>&nbsp;<\/p>\n<h6><span style=\"color: #333399;\"><strong style=\"line-height: 1.5;\">El Genio Soberbio<\/strong><\/span><\/h6>\n<p>Son personas muy cultas, elocuentes y competitivas, acostumbrados a ganar y a que la gente los complazca, que utilizan la violencia como una especie de rabieta de ni\u00f1o, por cosas tan simples como que alguien los contradiga o no los complazca.<\/p>\n<p>&nbsp;<\/p>\n<h6><span style=\"color: #333399;\"><strong style=\"line-height: 1.5;\">El Resentido Social<\/strong><\/span><\/h6>\n<p>Utiliza la violencia como venganza, y como manifestaci\u00f3n de un odio alimentado por un complejo de inferioridad, fusionado con una visi\u00f3n cr\u00edtica de la realidad social.<\/p>\n<p>&nbsp;<\/p>\n<h6><span style=\"color: #333399;\"><strong style=\"line-height: 1.5;\">El Traumatizado<\/strong><\/span><\/h6>\n<p>Utiliza la violencia como consecuencia patol\u00f3gica de experiencias dif\u00edciles o traum\u00e1ticas, esta enfermedad es conocida como estr\u00e9s postraum\u00e1tico.<\/p>\n<p>&nbsp;<\/p>\n<h6><span style=\"color: #333399;\"><strong>El Psic\u00f3pata<\/strong><\/span><\/h6>\n<p>Utiliza la violencia como manifestaci\u00f3n de una enfermedad mental, como por ejemplo psicosis o esquizofrenia.<\/p>\n<p>&nbsp;<\/p>\n<h6><span style=\"color: #333399;\"><strong style=\"line-height: 1.5;\">El Malo por Naturaleza<\/strong><\/span><\/h6>\n<p>Hay personas enfermas que se alimentan del p\u00e1nico del otro, y utilizan la violencia sin que exista una aparente causa negativa que se las produzca, o algo que las vincule a la v\u00edctima, inclusive hasta parece que fueran guiados o pose\u00eddos por un esp\u00edritu que le interesa hacer el mal, crear intriga, confundir, hacer da\u00f1o, sembrar caos y destruir, por eso se podr\u00edan clasificar como personas de una naturaleza agresiva.<\/p>\n<p>&nbsp;<\/p>\n<h6><strong><span style=\"color: #333399;\">El Fan\u00e1tico-Extremista<\/span><\/strong><\/h6>\n<p>Son personas que utilizan la violencia como medio para defender alguna causa que puede ser ideol\u00f3gica o religiosa, ya que como tienen un grado tan alto de psicorrigidez entonces perciben el mundo en blanco y negro, y esto hace que quien no est\u00e9 con ellas est\u00e1 contra ellas.<\/p>\n<p>&nbsp;<\/p>\n<h6><span style=\"color: #333399;\"><strong style=\"line-height: 1.5;\">El Guerrero<\/strong><\/span><\/h6>\n<p>Utiliza la violencia para defender en cazo de peligro, a sus seres queridos, sus bienes, su territorio y a s\u00ed mismo.<\/p>\n<p>&nbsp;<\/p>\n<h6><span style=\"color: #333399;\"><strong style=\"line-height: 1.5;\">El Justiciero<\/strong><\/span><\/h6>\n<p>A estas personas todo lo desvalido que este en peligro o en desigualdad, les detona el instinto de protecci\u00f3n y por lo tanto utilizan la violencia para hacer justicia privada, aqu\u00ed entran los arquetipos de Robin Hood y de Batman, que es la persona que hace mal en nombre del bien.<\/p>\n<p>&nbsp;<\/p>\n<h6><span style=\"color: #333399;\"><strong style=\"line-height: 1.5;\">El Vengativo<\/strong><\/span><\/h6>\n<p>Utiliza la violencia debido a un odio o resentimiento que alimenta hacia alguien o hacia algo, por haber agredido alguna de sus seguridades ontol\u00f3gicas, y esto hace que planee y ejecute una venganza.<\/p>\n<p>&nbsp;<\/p>\n<h6><span style=\"color: #333399;\"><strong style=\"line-height: 1.5;\">El Rebelde<\/strong><\/span><\/h6>\n<p>Utiliza la violencia como herramienta en el prop\u00f3sito de rebelarse o liberarse de algo.<\/p>\n<p>&nbsp;<\/p>\n<h6><span style=\"color: #333399;\"><strong style=\"line-height: 1.5;\">El Acorralado<\/strong><\/span><\/h6>\n<p>Utiliza la violencia debido a estar en una situaci\u00f3n de peligro en varios aspectos de su vida, y por esto cuando se siente atacado reacciona de una manera impulsiva y agresiva.<\/p>\n<p>&nbsp;<\/p>\n<h6><span style=\"color: #333399;\"><strong style=\"line-height: 1.5;\">El Adicto<\/strong><\/span><\/h6>\n<p>Utiliza la violencia debido al s\u00edndrome de abstinencia que le genera no tener con qu\u00e9 alimentar su adicci\u00f3n, y por eso se pone extremadamente irascible y agresivo.<\/p>\n<p>&nbsp;<\/p>\n<h6><span style=\"color: #333399;\"><strong>El Autoagresor<\/strong><\/span><\/h6>\n<p>En este perfil de personas violentas entran quienes padecen de autismo, depresi\u00f3n severa o tendencias suicidas, por lo tanto como son tan buenos o tan desconectados del mundo entonces no son capaces de hacer da\u00f1o a otros, y cuando los posee el esp\u00edritu de la rabia, la agresividad no les sale sino que explotan para adentro y entonces la violencia se les convierte en autoagresi\u00f3n, ya que el da\u00f1o, que es lo que libera la tensi\u00f3n en la psique, no se dirige hacia otros sino hacia s\u00ed mismos, y por eso es que cuando les da rabia o cuando se ven acorralados, entonces se golpean, se muerden, se arrancan el pelo, o simplemente destruyen alg\u00fan objeto propio.<\/p>\n<p>&nbsp;<\/p>\n<h6><span style=\"color: #333399;\"><strong style=\"line-height: 1.5;\">El Violento por Necesidad<\/strong><\/span><\/h6>\n<p>Hay personas que utilizan la violencia, no porque sean malas o est\u00e9n enfermas sino porque la vida los puso en el contexto en el que les tocaba cometer alg\u00fan acto de violencia, aqu\u00ed la violencia es un acto circunstancial como el que roba por hambre o el que act\u00faa en defensa propia, o tambi\u00e9n puede tomarse como una expresi\u00f3n necesaria para moverse en un medio violento.<\/p>\n<p>&nbsp;<\/p>\n<h6><span style=\"color: #333399;\"><strong style=\"line-height: 1.5;\">El Violento Inocente<\/strong><\/span><\/h6>\n<p>Hay personas que utilizan la violencia sin que se den cuenta, este es un acto en el que no hay mal intenci\u00f3n sino que se produce como una especie de accidente, o por simple desconocimiento, como por ejemplo herir a alguien en un accidente de tr\u00e1nsito, o que una enfermera mate a un paciente porque se confunda d\u00e1ndole el medicamento de otro paciente.<\/p>\n<p>&nbsp;<\/p>\n<h6><span style=\"color: #333399;\"><strong style=\"line-height: 1.5;\">El Adrenalin\u00f3mano<\/strong><\/span><\/h6>\n<p>Hay personas que son adictas a todo lo que les genere emociones fuertes, ya que esto hace que tengan una inyecci\u00f3n de adrenalina con la que entran en una especie de trance, y esto es lo que hace que disfruten la violencia y se conviertan en adictas de \u00e9sta, lo cual hace que dejen de tener una vida normal y se metan en pandillas o en la delincuencia, o en grupos de izquierda, o en un grupo como los Hooligans (barras bravas).<\/p>\n<p>&nbsp;<\/p>\n<h6><span style=\"color: #333399;\"><strong style=\"line-height: 1.5;\">El Deportista-Artista<\/strong><\/span><\/h6>\n<p>Hay deportes o artes en donde se utiliza una violencia controlada y regulada por unas normas, y esto hace que\u00a0 actividades violentas se conviertan en un deporte, en un arte o en una disciplina de la cual se aprende y se crece interiormente, como por ejemplo el boxeo, la lucha libre, las artes marciales, la tauromaquia, las peleas de gallos o la caza de animales<strong>.<\/strong><\/p>\n<p>&nbsp;<\/p>\n<h6><span style=\"color: #333399;\"><strong style=\"line-height: 1.5;\">El Delincuente<\/strong><\/span><\/h6>\n<p>Utiliza la violencia como instrumento de trabajo, para poder realizar robos, o para defenderse de sus enemigos, o para cobrar deudas, o para hacerse respetar y sostenerse en el poder de las organizaciones delincuenciales.<\/p>\n<p>&nbsp;<\/p>\n<p>&nbsp;<\/p>\n<p>Art\u00edculo extra\u00eddo del libro:<\/p>\n<p>\u201cManual de Paz Personal\u201d.<\/p>\n<p>Autor: Juan David Silva Aguirre.<\/p>\n<p><img loading=\"lazy\" decoding=\"async\" class=\"alignnone wp-image-637\" src=\"http:\/\/culturaneuroactiva.com\/site\/wp-content\/uploads\/2016\/03\/creative-comons-300x105.png\" sizes=\"auto, (max-width: 97px) 100vw, 97px\" srcset=\"http:\/\/culturaneuroactiva.com\/site\/wp-content\/uploads\/2016\/03\/creative-comons-300x105.png 300w, http:\/\/culturaneuroactiva.com\/site\/wp-content\/uploads\/2016\/03\/creative-comons-392x141.png 392w, http:\/\/culturaneuroactiva.com\/site\/wp-content\/uploads\/2016\/03\/creative-comons-390x141.png 390w, http:\/\/culturaneuroactiva.com\/site\/wp-content\/uploads\/2016\/03\/creative-comons.png 403w\" alt=\"creative comons\" width=\"97\" height=\"34\" \/><\/p>\n<p>Red de Paz Personal: <a href=\"http:\/\/culturaneuroactiva.com\/site\/redpaz\/terapias-de-paz\/\">Terapias de Paz<\/a>.<\/p>\n<p>reddepazpersonal@gmail.com<\/p>\n<p>redpaz.culturaneuroactiva.com<\/p>\n<p>Medell\u00edn \u2013 Colombia<\/p>\n","protected":false},"excerpt":{"rendered":"<p>\u00a0 Agresor es el nombre que se le da a toda persona que siendo movida por el enojo, no sea<\/p>\n","protected":false},"author":1,"featured_media":723,"parent":0,"menu_order":0,"comment_status":"closed","ping_status":"closed","template":"","meta":{"colormag_page_layout":"no_sidebar_content_centered","footnotes":""},"class_list":["post-365","page","type-page","status-publish","has-post-thumbnail","hentry"],"yoast_head":"<!-- This site is optimized with the Yoast SEO plugin v25.6 - https:\/\/yoast.com\/wordpress\/plugins\/seo\/ -->\n<title>Clases de Agresores - Guia de Paz Personal<\/title>\n<meta name=\"robots\" content=\"index, follow, max-snippet:-1, max-image-preview:large, max-video-preview:-1\" \/>\n<link rel=\"canonical\" href=\"https:\/\/culturaneuroactiva.com\/site\/guiadepaz\/clases-de-agresores\/\" \/>\n<meta property=\"og:locale\" content=\"es_ES\" \/>\n<meta property=\"og:type\" content=\"article\" \/>\n<meta property=\"og:title\" content=\"Clases de Agresores - Guia de Paz Personal\" \/>\n<meta property=\"og:description\" content=\"\u00a0 Agresor es el nombre que se le da a toda persona que siendo movida por el enojo, no sea\" \/>\n<meta property=\"og:url\" content=\"https:\/\/culturaneuroactiva.com\/site\/guiadepaz\/clases-de-agresores\/\" \/>\n<meta property=\"og:site_name\" content=\"Guia de Paz Personal\" \/>\n<meta property=\"article:modified_time\" content=\"2017-09-26T01:00:35+00:00\" \/>\n<meta property=\"og:image\" content=\"https:\/\/culturaneuroactiva.com\/site\/guiadepaz\/wp-content\/uploads\/sites\/5\/2017\/05\/ira.jpg\" \/>\n\t<meta property=\"og:image:width\" content=\"960\" \/>\n\t<meta property=\"og:image:height\" content=\"540\" \/>\n\t<meta property=\"og:image:type\" content=\"image\/jpeg\" \/>\n<meta name=\"twitter:card\" content=\"summary_large_image\" \/>\n<meta name=\"twitter:label1\" content=\"Tiempo de lectura\" \/>\n\t<meta name=\"twitter:data1\" content=\"9 minutos\" \/>\n<script type=\"application\/ld+json\" class=\"yoast-schema-graph\">{\"@context\":\"https:\/\/schema.org\",\"@graph\":[{\"@type\":\"WebPage\",\"@id\":\"https:\/\/culturaneuroactiva.com\/site\/guiadepaz\/clases-de-agresores\/\",\"url\":\"https:\/\/culturaneuroactiva.com\/site\/guiadepaz\/clases-de-agresores\/\",\"name\":\"Clases de Agresores - Guia de Paz Personal\",\"isPartOf\":{\"@id\":\"https:\/\/culturaneuroactiva.com\/site\/guiadepaz\/#website\"},\"primaryImageOfPage\":{\"@id\":\"https:\/\/culturaneuroactiva.com\/site\/guiadepaz\/clases-de-agresores\/#primaryimage\"},\"image\":{\"@id\":\"https:\/\/culturaneuroactiva.com\/site\/guiadepaz\/clases-de-agresores\/#primaryimage\"},\"thumbnailUrl\":\"https:\/\/culturaneuroactiva.com\/site\/guiadepaz\/wp-content\/uploads\/sites\/5\/2017\/05\/ira.jpg\",\"datePublished\":\"2017-05-17T19:01:50+00:00\",\"dateModified\":\"2017-09-26T01:00:35+00:00\",\"breadcrumb\":{\"@id\":\"https:\/\/culturaneuroactiva.com\/site\/guiadepaz\/clases-de-agresores\/#breadcrumb\"},\"inLanguage\":\"es\",\"potentialAction\":[{\"@type\":\"ReadAction\",\"target\":[\"https:\/\/culturaneuroactiva.com\/site\/guiadepaz\/clases-de-agresores\/\"]}]},{\"@type\":\"ImageObject\",\"inLanguage\":\"es\",\"@id\":\"https:\/\/culturaneuroactiva.com\/site\/guiadepaz\/clases-de-agresores\/#primaryimage\",\"url\":\"https:\/\/culturaneuroactiva.com\/site\/guiadepaz\/wp-content\/uploads\/sites\/5\/2017\/05\/ira.jpg\",\"contentUrl\":\"https:\/\/culturaneuroactiva.com\/site\/guiadepaz\/wp-content\/uploads\/sites\/5\/2017\/05\/ira.jpg\",\"width\":960,\"height\":540},{\"@type\":\"BreadcrumbList\",\"@id\":\"https:\/\/culturaneuroactiva.com\/site\/guiadepaz\/clases-de-agresores\/#breadcrumb\",\"itemListElement\":[{\"@type\":\"ListItem\",\"position\":1,\"name\":\"Portada\",\"item\":\"https:\/\/culturaneuroactiva.com\/site\/guiadepaz\/\"},{\"@type\":\"ListItem\",\"position\":2,\"name\":\"Clases de Agresores\"}]},{\"@type\":\"WebSite\",\"@id\":\"https:\/\/culturaneuroactiva.com\/site\/guiadepaz\/#website\",\"url\":\"https:\/\/culturaneuroactiva.com\/site\/guiadepaz\/\",\"name\":\"Guia de Paz Personal\",\"description\":\"Pedagog\u00edas y Terapias de Paz\",\"publisher\":{\"@id\":\"https:\/\/culturaneuroactiva.com\/site\/guiadepaz\/#organization\"},\"potentialAction\":[{\"@type\":\"SearchAction\",\"target\":{\"@type\":\"EntryPoint\",\"urlTemplate\":\"https:\/\/culturaneuroactiva.com\/site\/guiadepaz\/?s={search_term_string}\"},\"query-input\":{\"@type\":\"PropertyValueSpecification\",\"valueRequired\":true,\"valueName\":\"search_term_string\"}}],\"inLanguage\":\"es\"},{\"@type\":\"Organization\",\"@id\":\"https:\/\/culturaneuroactiva.com\/site\/guiadepaz\/#organization\",\"name\":\"Guia de Paz Personal\",\"url\":\"https:\/\/culturaneuroactiva.com\/site\/guiadepaz\/\",\"logo\":{\"@type\":\"ImageObject\",\"inLanguage\":\"es\",\"@id\":\"https:\/\/culturaneuroactiva.com\/site\/guiadepaz\/#\/schema\/logo\/image\/\",\"url\":\"https:\/\/culturaneuroactiva.com\/site\/guiadepaz\/wp-content\/uploads\/sites\/5\/2017\/04\/map_128p.png\",\"contentUrl\":\"https:\/\/culturaneuroactiva.com\/site\/guiadepaz\/wp-content\/uploads\/sites\/5\/2017\/04\/map_128p.png\",\"width\":128,\"height\":128,\"caption\":\"Guia de Paz Personal\"},\"image\":{\"@id\":\"https:\/\/culturaneuroactiva.com\/site\/guiadepaz\/#\/schema\/logo\/image\/\"}}]}<\/script>\n<!-- \/ Yoast SEO plugin. -->","yoast_head_json":{"title":"Clases de Agresores - Guia de Paz Personal","robots":{"index":"index","follow":"follow","max-snippet":"max-snippet:-1","max-image-preview":"max-image-preview:large","max-video-preview":"max-video-preview:-1"},"canonical":"https:\/\/culturaneuroactiva.com\/site\/guiadepaz\/clases-de-agresores\/","og_locale":"es_ES","og_type":"article","og_title":"Clases de Agresores - Guia de Paz Personal","og_description":"\u00a0 Agresor es el nombre que se le da a toda persona que siendo movida por el enojo, no sea","og_url":"https:\/\/culturaneuroactiva.com\/site\/guiadepaz\/clases-de-agresores\/","og_site_name":"Guia de Paz Personal","article_modified_time":"2017-09-26T01:00:35+00:00","og_image":[{"width":960,"height":540,"url":"https:\/\/culturaneuroactiva.com\/site\/guiadepaz\/wp-content\/uploads\/sites\/5\/2017\/05\/ira.jpg","type":"image\/jpeg"}],"twitter_card":"summary_large_image","twitter_misc":{"Tiempo de lectura":"9 minutos"},"schema":{"@context":"https:\/\/schema.org","@graph":[{"@type":"WebPage","@id":"https:\/\/culturaneuroactiva.com\/site\/guiadepaz\/clases-de-agresores\/","url":"https:\/\/culturaneuroactiva.com\/site\/guiadepaz\/clases-de-agresores\/","name":"Clases de Agresores - Guia de Paz Personal","isPartOf":{"@id":"https:\/\/culturaneuroactiva.com\/site\/guiadepaz\/#website"},"primaryImageOfPage":{"@id":"https:\/\/culturaneuroactiva.com\/site\/guiadepaz\/clases-de-agresores\/#primaryimage"},"image":{"@id":"https:\/\/culturaneuroactiva.com\/site\/guiadepaz\/clases-de-agresores\/#primaryimage"},"thumbnailUrl":"https:\/\/culturaneuroactiva.com\/site\/guiadepaz\/wp-content\/uploads\/sites\/5\/2017\/05\/ira.jpg","datePublished":"2017-05-17T19:01:50+00:00","dateModified":"2017-09-26T01:00:35+00:00","breadcrumb":{"@id":"https:\/\/culturaneuroactiva.com\/site\/guiadepaz\/clases-de-agresores\/#breadcrumb"},"inLanguage":"es","potentialAction":[{"@type":"ReadAction","target":["https:\/\/culturaneuroactiva.com\/site\/guiadepaz\/clases-de-agresores\/"]}]},{"@type":"ImageObject","inLanguage":"es","@id":"https:\/\/culturaneuroactiva.com\/site\/guiadepaz\/clases-de-agresores\/#primaryimage","url":"https:\/\/culturaneuroactiva.com\/site\/guiadepaz\/wp-content\/uploads\/sites\/5\/2017\/05\/ira.jpg","contentUrl":"https:\/\/culturaneuroactiva.com\/site\/guiadepaz\/wp-content\/uploads\/sites\/5\/2017\/05\/ira.jpg","width":960,"height":540},{"@type":"BreadcrumbList","@id":"https:\/\/culturaneuroactiva.com\/site\/guiadepaz\/clases-de-agresores\/#breadcrumb","itemListElement":[{"@type":"ListItem","position":1,"name":"Portada","item":"https:\/\/culturaneuroactiva.com\/site\/guiadepaz\/"},{"@type":"ListItem","position":2,"name":"Clases de Agresores"}]},{"@type":"WebSite","@id":"https:\/\/culturaneuroactiva.com\/site\/guiadepaz\/#website","url":"https:\/\/culturaneuroactiva.com\/site\/guiadepaz\/","name":"Guia de Paz Personal","description":"Pedagog\u00edas y Terapias de Paz","publisher":{"@id":"https:\/\/culturaneuroactiva.com\/site\/guiadepaz\/#organization"},"potentialAction":[{"@type":"SearchAction","target":{"@type":"EntryPoint","urlTemplate":"https:\/\/culturaneuroactiva.com\/site\/guiadepaz\/?s={search_term_string}"},"query-input":{"@type":"PropertyValueSpecification","valueRequired":true,"valueName":"search_term_string"}}],"inLanguage":"es"},{"@type":"Organization","@id":"https:\/\/culturaneuroactiva.com\/site\/guiadepaz\/#organization","name":"Guia de Paz Personal","url":"https:\/\/culturaneuroactiva.com\/site\/guiadepaz\/","logo":{"@type":"ImageObject","inLanguage":"es","@id":"https:\/\/culturaneuroactiva.com\/site\/guiadepaz\/#\/schema\/logo\/image\/","url":"https:\/\/culturaneuroactiva.com\/site\/guiadepaz\/wp-content\/uploads\/sites\/5\/2017\/04\/map_128p.png","contentUrl":"https:\/\/culturaneuroactiva.com\/site\/guiadepaz\/wp-content\/uploads\/sites\/5\/2017\/04\/map_128p.png","width":128,"height":128,"caption":"Guia de Paz Personal"},"image":{"@id":"https:\/\/culturaneuroactiva.com\/site\/guiadepaz\/#\/schema\/logo\/image\/"}}]}},"_links":{"self":[{"href":"https:\/\/culturaneuroactiva.com\/site\/guiadepaz\/wp-json\/wp\/v2\/pages\/365","targetHints":{"allow":["GET"]}}],"collection":[{"href":"https:\/\/culturaneuroactiva.com\/site\/guiadepaz\/wp-json\/wp\/v2\/pages"}],"about":[{"href":"https:\/\/culturaneuroactiva.com\/site\/guiadepaz\/wp-json\/wp\/v2\/types\/page"}],"author":[{"embeddable":true,"href":"https:\/\/culturaneuroactiva.com\/site\/guiadepaz\/wp-json\/wp\/v2\/users\/1"}],"replies":[{"embeddable":true,"href":"https:\/\/culturaneuroactiva.com\/site\/guiadepaz\/wp-json\/wp\/v2\/comments?post=365"}],"version-history":[{"count":11,"href":"https:\/\/culturaneuroactiva.com\/site\/guiadepaz\/wp-json\/wp\/v2\/pages\/365\/revisions"}],"predecessor-version":[{"id":726,"href":"https:\/\/culturaneuroactiva.com\/site\/guiadepaz\/wp-json\/wp\/v2\/pages\/365\/revisions\/726"}],"wp:featuredmedia":[{"embeddable":true,"href":"https:\/\/culturaneuroactiva.com\/site\/guiadepaz\/wp-json\/wp\/v2\/media\/723"}],"wp:attachment":[{"href":"https:\/\/culturaneuroactiva.com\/site\/guiadepaz\/wp-json\/wp\/v2\/media?parent=365"}],"curies":[{"name":"wp","href":"https:\/\/api.w.org\/{rel}","templated":true}]}}